{"id":112118,"date":"2026-05-07T18:16:23","date_gmt":"2026-05-07T18:16:23","guid":{"rendered":"https:\/\/apgsolutions.com\/test-drivers-table\/"},"modified":"2026-05-07T18:36:01","modified_gmt":"2026-05-07T18:36:01","slug":"test-drivers-table","status":"publish","type":"page","link":"https:\/\/apgsolutions.com\/de\/test-drivers-table\/","title":{"rendered":"Testfahrer-Tabelle"},"content":{"rendered":"\t\t<div data-elementor-type=\"wp-page\" data-elementor-id=\"112118\" class=\"elementor elementor-112118 elementor-112033\" data-elementor-post-type=\"page\">\n\t\t\t\t\t\t<section class=\"elementor-section elementor-top-section elementor-element elementor-element-2d4823c4 elementor-section-boxed elementor-section-height-default elementor-section-height-default exad-glass-effect-no exad-sticky-section-no\" data-id=\"2d4823c4\" data-element_type=\"section\" data-e-type=\"section\">\n\t\t\t\t\t\t<div class=\"elementor-container elementor-column-gap-wider\">\n\t\t\t\t\t<div class=\"elementor-column elementor-col-100 elementor-top-column elementor-element elementor-element-3640a1ce exad-glass-effect-no exad-sticky-section-no\" data-id=\"3640a1ce\" data-element_type=\"column\" data-e-type=\"column\">\n\t\t\t<div class=\"elementor-widget-wrap elementor-element-populated\">\n\t\t\t\t\t\t<div class=\"elementor-element elementor-element-79531611 elementor-widget__width-auto exad-sticky-section-no exad-glass-effect-no elementor-widget elementor-widget-text-editor\" data-id=\"79531611\" data-element_type=\"widget\" data-e-type=\"widget\" data-widget_type=\"text-editor.default\">\n\t\t\t\t<div class=\"elementor-widget-container\">\n\t\t\t\t\t\t\t\t\t<div class=\"wp-block-group is-style-stripes\">\n<p><\/p>\n<figure class=\"wp-block-table is-style-stripes\">\n<table>\n<thead>\n<tr>\n<th>Merkmal<\/th>\n<th style=\"text-align: center;\">NetPRO\u00ae 470<\/th>\n<th style=\"text-align: center;\">NetPRO\u00ae 480A<\/th>\n<th style=\"text-align: center;\">NetPRO\u00ae 490A<\/th>\n<th style=\"text-align: center;\">ShareTill\u00ae<\/th>\n<\/tr>\n<\/thead>\n<tbody>\n<tr>\n<td>Schubladen-TCP-Ereignisse (\u00d6ffnet und Schlie\u00dft)<\/td>\n<td style=\"text-align: center;\">\u2713<\/td>\n<td style=\"text-align: center;\">\u2713<\/td>\n<td style=\"text-align: center;\">\u2713<\/td>\n<td style=\"text-align: center;\">\u2713<\/td>\n<\/tr>\n<tr>\n<td>UPD Announce (Schubladen\u00fcbertragung)<\/td>\n<td style=\"text-align: center;\">\u2713<\/td>\n<td style=\"text-align: center;\">\u2713<\/td>\n<td style=\"text-align: center;\">\u2713<\/td>\n<td style=\"text-align: center;\">\u2713<\/td>\n<\/tr>\n<tr>\n<td>Barcode-Unterst\u00fctzung f\u00fcr die Ann\u00e4herungspr\u00fcfung von Kassierern<\/td>\n<td style=\"text-align: center;\">\u2713<\/td>\n<td style=\"text-align: center;\">\u2713<\/td>\n<td style=\"text-align: center;\">\u2713<\/td>\n<td style=\"text-align: center;\">\u2713<\/td>\n<\/tr>\n<tr>\n<td>Vertrauensw\u00fcrdige IP-Liste (White-Listing von IP-Adressen)<\/td>\n<td style=\"text-align: center;\"> <\/td>\n<td style=\"text-align: center;\">\u2713<\/td>\n<td style=\"text-align: center;\">\u2713<\/td>\n<td style=\"text-align: center;\">\u2713<\/td>\n<\/tr>\n<tr>\n<td>Transaktions- und Konfigurationsprotokollierung<\/td>\n<td style=\"text-align: center;\"> <\/td>\n<td style=\"text-align: center;\">\u2713<\/td>\n<td style=\"text-align: center;\">\u2713<\/td>\n<td style=\"text-align: center;\">\u2713<\/td>\n<\/tr>\n<tr>\n<td>Akustisches Alter (beim \u00d6ffnen der Schublade oder bei der Dauer des \u00d6ffnens der Schublade)<\/td>\n<td style=\"text-align: center;\"> <\/td>\n<td style=\"text-align: center;\">\u2713<\/td>\n<td style=\"text-align: center;\">\u2713<\/td>\n<td style=\"text-align: center;\">\u2713<\/td>\n<\/tr>\n<tr>\n<td>On-Board-Uhr (f\u00fcr Log-Meldungen)<\/td>\n<td style=\"text-align: center;\"> <\/td>\n<td style=\"text-align: center;\">\u2713<\/td>\n<td style=\"text-align: center;\">\u2713<\/td>\n<td style=\"text-align: center;\">\u2713<\/td>\n<\/tr>\n<tr>\n<td>Batterie-Backup f\u00fcr Uhr<\/td>\n<td style=\"text-align: center;\"> <\/td>\n<td style=\"text-align: center;\">\u2713<\/td>\n<td style=\"text-align: center;\">\u2713<\/td>\n<td style=\"text-align: center;\">\u2713<\/td>\n<\/tr>\n<tr>\n<td>Externe Stromversorgung<\/td>\n<td style=\"text-align: center;\"> <\/td>\n<td style=\"text-align: center;\">\u2713<\/td>\n<td style=\"text-align: center;\"> <\/td>\n<td style=\"text-align: center;\">\u2713<\/td>\n<\/tr>\n<tr>\n<td>Strom \u00fcber Ethernet<\/td>\n<td style=\"text-align: center;\"> <\/td>\n<td style=\"text-align: center;\"> <\/td>\n<td style=\"text-align: center;\">\u2713<\/td>\n<td style=\"text-align: center;\">\u2713<\/td>\n<\/tr>\n<tr>\n<td>USB-betrieben<\/td>\n<td style=\"text-align: center;\"> <\/td>\n<td style=\"text-align: center;\"> <\/td>\n<td style=\"text-align: center;\"> <\/td>\n<td style=\"text-align: center;\">\u2713<\/td>\n<\/tr>\n<tr>\n<td>Schubladenprotokollierung von TCP- und UDP-Ereignissen (Log Messaging)<\/td>\n<td style=\"text-align: center;\"> <\/td>\n<td style=\"text-align: center;\">\u2713<\/td>\n<td style=\"text-align: center;\">\u2713<\/td>\n<td style=\"text-align: center;\">\u2713<\/td>\n<\/tr>\n<tr>\n<td>Drahtloses Ethernet<\/td>\n<td style=\"text-align: center;\"> <\/td>\n<td style=\"text-align: center;\"> <\/td>\n<td style=\"text-align: center;\"> <\/td>\n<td style=\"text-align: center;\">\u2713<\/td>\n<\/tr>\n<tr>\n<td>Transport Layer Security (TLS)<\/td>\n<td style=\"text-align: center;\"> <\/td>\n<td style=\"text-align: center;\"> <\/td>\n<td style=\"text-align: center;\"> <\/td>\n<td style=\"text-align: center;\">\u2713<\/td>\n<\/tr>\n<tr>\n<td>Bluetooth Low Energy (BLE) f\u00fcr die Wi-Fi-Bereitstellung<\/td>\n<td style=\"text-align: center;\"> <\/td>\n<td style=\"text-align: center;\"> <\/td>\n<td style=\"text-align: center;\"> <\/td>\n<td style=\"text-align: center;\">\u2713<\/td>\n<\/tr>\n<tr>\n<td>Bluetooth Low Energy (BLE) f\u00fcr Schubladensteuerung<\/td>\n<td style=\"text-align: center;\"> <\/td>\n<td style=\"text-align: center;\"> <\/td>\n<td style=\"text-align: center;\"> <\/td>\n<td style=\"text-align: center;\">\u2713<\/td>\n<\/tr>\n<tr>\n<td>Web Sockets Unterst\u00fctzung<\/td>\n<td style=\"text-align: center;\"> <\/td>\n<td style=\"text-align: center;\"> <\/td>\n<td style=\"text-align: center;\"> <\/td>\n<td style=\"text-align: center;\">\u2713<\/td>\n<\/tr>\n<tr>\n<td>Integrierter Webserver (Konfiguration und Steuerung der Schublade)<\/td>\n<td style=\"text-align: center;\"> <\/td>\n<td style=\"text-align: center;\"> <\/td>\n<td style=\"text-align: center;\"> <\/td>\n<td style=\"text-align: center;\">\u2713<\/td>\n<\/tr>\n<tr>\n<td>Over-the-Air (OTA) Firmware Updates<\/td>\n<td style=\"text-align: center;\"> <\/td>\n<td style=\"text-align: center;\"> <\/td>\n<td style=\"text-align: center;\"> <\/td>\n<td style=\"text-align: center;\">\u2713<\/td>\n<\/tr>\n<\/tbody>\n<\/table>\n<\/figure>\n<p><\/p>\n<\/div>\n<p><\/p>\n<p><\/p>\t\t\t\t\t\t\t\t<\/div>\n\t\t\t\t<\/div>\n\t\t\t\t\t<\/div>\n\t\t<\/div>\n\t\t\t\t\t<\/div>\n\t\t<\/section>\n\t\t\t\t<\/div>\n\t\t","protected":false},"excerpt":{"rendered":"<p>Merkmal NetPRO\u00ae 470 NetPRO\u00ae 480A NetPRO\u00ae 490A ShareTill\u00ae Schubladen-TCP-Ereignisse (\u00d6ffnet und Schlie\u00dft) \u2713 \u2713 \u2713 \u2713 UPD Announce (Schubladen\u00fcbertragung) \u2713 \u2713 \u2713 \u2713 Barcode-Unterst\u00fctzung f\u00fcr die Ann\u00e4herungspr\u00fcfung von Kassierern \u2713 \u2713 \u2713 \u2713 Vertrauensw\u00fcrdige IP-Liste (White-Listing von IP-Adressen) \u2713 \u2713 \u2713 Transaktions- und Konfigurationsprotokollierung \u2713 \u2713 \u2713 Akustisches Alter (beim \u00d6ffnen der Schublade oder bei [&hellip;]<\/p>\n","protected":false},"author":2920,"featured_media":0,"parent":0,"menu_order":0,"comment_status":"closed","ping_status":"closed","template":"","meta":{"_acf_changed":false,"content-type":"","footnotes":""},"class_list":["post-112118","page","type-page","status-publish"],"yoast_head":"<!-- This site is optimized with the Yoast SEO Premium plugin v23.5 (Yoast SEO v27.2) - https:\/\/yoast.com\/product\/yoast-seo-premium-wordpress\/ -->\n<title>Testfahrer-Tabelle<\/title>\n<meta name=\"robots\" content=\"index, follow, max-snippet:-1, max-image-preview:large, max-video-preview:-1\" \/>\n<link rel=\"canonical\" href=\"https:\/\/apgsolutions.com\/de\/test-drivers-table\/\" \/>\n<meta property=\"og:locale\" content=\"de_DE\" \/>\n<meta property=\"og:type\" content=\"article\" \/>\n<meta property=\"og:title\" content=\"Testfahrer-Tabelle\" \/>\n<meta property=\"og:description\" content=\"Merkmal NetPRO\u00ae 470 NetPRO\u00ae 480A NetPRO\u00ae 490A ShareTill\u00ae Schubladen-TCP-Ereignisse (\u00d6ffnet und Schlie\u00dft) \u2713 \u2713 \u2713 \u2713 UPD Announce (Schubladen\u00fcbertragung) \u2713 \u2713 \u2713 \u2713 Barcode-Unterst\u00fctzung f\u00fcr die Ann\u00e4herungspr\u00fcfung von Kassierern \u2713 \u2713 \u2713 \u2713 Vertrauensw\u00fcrdige IP-Liste (White-Listing von IP-Adressen) \u2713 \u2713 \u2713 Transaktions- und Konfigurationsprotokollierung \u2713 \u2713 \u2713 Akustisches Alter (beim \u00d6ffnen der Schublade oder bei [&hellip;]\" \/>\n<meta property=\"og:url\" content=\"https:\/\/apgsolutions.com\/de\/test-drivers-table\/\" \/>\n<meta property=\"og:site_name\" content=\"apg\u00ae Solutions\" \/>\n<meta property=\"article:publisher\" content=\"https:\/\/www.facebook.com\/apgglobalsolutions\" \/>\n<meta property=\"article:modified_time\" content=\"2026-05-07T18:36:01+00:00\" \/>\n<meta name=\"twitter:card\" content=\"summary_large_image\" \/>\n<meta name=\"twitter:site\" content=\"@apg_solutions\" \/>\n<meta name=\"twitter:label1\" content=\"Gesch\u00e4tzte Lesezeit\" \/>\n\t<meta name=\"twitter:data1\" content=\"1\u00a0Minute\" \/>\n<script type=\"application\/ld+json\" class=\"yoast-schema-graph\">{\"@context\":\"https:\/\/schema.org\",\"@graph\":[{\"@type\":\"WebPage\",\"@id\":\"https:\/\/apgsolutions.com\/de\/test-drivers-table\/\",\"url\":\"https:\/\/apgsolutions.com\/de\/test-drivers-table\/\",\"name\":\"Testfahrer-Tabelle\",\"isPartOf\":{\"@id\":\"https:\/\/apgsolutions.com\/de\/#website\"},\"datePublished\":\"2026-05-07T18:16:23+00:00\",\"dateModified\":\"2026-05-07T18:36:01+00:00\",\"inLanguage\":\"de\",\"potentialAction\":[{\"@type\":\"ReadAction\",\"target\":[\"https:\/\/apgsolutions.com\/de\/test-drivers-table\/\"]}]},{\"@type\":\"WebSite\",\"@id\":\"https:\/\/apgsolutions.com\/de\/#website\",\"url\":\"https:\/\/apgsolutions.com\/de\/\",\"name\":\"APG Solutions, LLC\",\"description\":\"Trust at every point.\",\"publisher\":{\"@id\":\"https:\/\/apgsolutions.com\/de\/#organization\"},\"potentialAction\":[{\"@type\":\"SearchAction\",\"target\":{\"@type\":\"EntryPoint\",\"urlTemplate\":\"https:\/\/apgsolutions.com\/de\/?s={search_term_string}\"},\"query-input\":{\"@type\":\"PropertyValueSpecification\",\"valueRequired\":true,\"valueName\":\"search_term_string\"}}],\"inLanguage\":\"de\"},{\"@type\":\"Organization\",\"@id\":\"https:\/\/apgsolutions.com\/de\/#organization\",\"name\":\"APG Solution, LLC\",\"url\":\"https:\/\/apgsolutions.com\/de\/\",\"logo\":{\"@type\":\"ImageObject\",\"inLanguage\":\"de\",\"@id\":\"https:\/\/apgsolutions.com\/de\/#\/schema\/logo\/image\/\",\"url\":\"https:\/\/apgsolutions.com\/wp-content\/uploads\/2023\/12\/logomark-color.svg\",\"contentUrl\":\"https:\/\/apgsolutions.com\/wp-content\/uploads\/2023\/12\/logomark-color.svg\",\"width\":141,\"height\":138,\"caption\":\"APG Solution, LLC\"},\"image\":{\"@id\":\"https:\/\/apgsolutions.com\/de\/#\/schema\/logo\/image\/\"},\"sameAs\":[\"https:\/\/www.facebook.com\/apgglobalsolutions\",\"https:\/\/x.com\/apg_solutions\",\"https:\/\/www.youtube.com\/c\/CashManagementGlobalSolutionsbyapg\",\"https:\/\/www.linkedin.com\/company\/apgglobalsolutions\/\",\"https:\/\/www.instagram.com\/apgglobalsolutions\/\",\"https:\/\/www.pinterest.com\/apgcashdrawer\/\"]}]}<\/script>\n<!-- \/ Yoast SEO Premium plugin. -->","yoast_head_json":{"title":"Testfahrer-Tabelle","robots":{"index":"index","follow":"follow","max-snippet":"max-snippet:-1","max-image-preview":"max-image-preview:large","max-video-preview":"max-video-preview:-1"},"canonical":"https:\/\/apgsolutions.com\/de\/test-drivers-table\/","og_locale":"de_DE","og_type":"article","og_title":"Testfahrer-Tabelle","og_description":"Merkmal NetPRO\u00ae 470 NetPRO\u00ae 480A NetPRO\u00ae 490A ShareTill\u00ae Schubladen-TCP-Ereignisse (\u00d6ffnet und Schlie\u00dft) \u2713 \u2713 \u2713 \u2713 UPD Announce (Schubladen\u00fcbertragung) \u2713 \u2713 \u2713 \u2713 Barcode-Unterst\u00fctzung f\u00fcr die Ann\u00e4herungspr\u00fcfung von Kassierern \u2713 \u2713 \u2713 \u2713 Vertrauensw\u00fcrdige IP-Liste (White-Listing von IP-Adressen) \u2713 \u2713 \u2713 Transaktions- und Konfigurationsprotokollierung \u2713 \u2713 \u2713 Akustisches Alter (beim \u00d6ffnen der Schublade oder bei [&hellip;]","og_url":"https:\/\/apgsolutions.com\/de\/test-drivers-table\/","og_site_name":"apg\u00ae Solutions","article_publisher":"https:\/\/www.facebook.com\/apgglobalsolutions","article_modified_time":"2026-05-07T18:36:01+00:00","twitter_card":"summary_large_image","twitter_site":"@apg_solutions","twitter_misc":{"Gesch\u00e4tzte Lesezeit":"1\u00a0Minute"},"schema":{"@context":"https:\/\/schema.org","@graph":[{"@type":"WebPage","@id":"https:\/\/apgsolutions.com\/de\/test-drivers-table\/","url":"https:\/\/apgsolutions.com\/de\/test-drivers-table\/","name":"Testfahrer-Tabelle","isPartOf":{"@id":"https:\/\/apgsolutions.com\/de\/#website"},"datePublished":"2026-05-07T18:16:23+00:00","dateModified":"2026-05-07T18:36:01+00:00","inLanguage":"de","potentialAction":[{"@type":"ReadAction","target":["https:\/\/apgsolutions.com\/de\/test-drivers-table\/"]}]},{"@type":"WebSite","@id":"https:\/\/apgsolutions.com\/de\/#website","url":"https:\/\/apgsolutions.com\/de\/","name":"APG Solutions, LLC","description":"Trust at every point.","publisher":{"@id":"https:\/\/apgsolutions.com\/de\/#organization"},"potentialAction":[{"@type":"SearchAction","target":{"@type":"EntryPoint","urlTemplate":"https:\/\/apgsolutions.com\/de\/?s={search_term_string}"},"query-input":{"@type":"PropertyValueSpecification","valueRequired":true,"valueName":"search_term_string"}}],"inLanguage":"de"},{"@type":"Organization","@id":"https:\/\/apgsolutions.com\/de\/#organization","name":"APG Solution, LLC","url":"https:\/\/apgsolutions.com\/de\/","logo":{"@type":"ImageObject","inLanguage":"de","@id":"https:\/\/apgsolutions.com\/de\/#\/schema\/logo\/image\/","url":"https:\/\/apgsolutions.com\/wp-content\/uploads\/2023\/12\/logomark-color.svg","contentUrl":"https:\/\/apgsolutions.com\/wp-content\/uploads\/2023\/12\/logomark-color.svg","width":141,"height":138,"caption":"APG Solution, LLC"},"image":{"@id":"https:\/\/apgsolutions.com\/de\/#\/schema\/logo\/image\/"},"sameAs":["https:\/\/www.facebook.com\/apgglobalsolutions","https:\/\/x.com\/apg_solutions","https:\/\/www.youtube.com\/c\/CashManagementGlobalSolutionsbyapg","https:\/\/www.linkedin.com\/company\/apgglobalsolutions\/","https:\/\/www.instagram.com\/apgglobalsolutions\/","https:\/\/www.pinterest.com\/apgcashdrawer\/"]}]}},"acf":[],"_links":{"self":[{"href":"https:\/\/apgsolutions.com\/de\/wp-json\/wp\/v2\/pages\/112118","targetHints":{"allow":["GET"]}}],"collection":[{"href":"https:\/\/apgsolutions.com\/de\/wp-json\/wp\/v2\/pages"}],"about":[{"href":"https:\/\/apgsolutions.com\/de\/wp-json\/wp\/v2\/types\/page"}],"author":[{"embeddable":true,"href":"https:\/\/apgsolutions.com\/de\/wp-json\/wp\/v2\/users\/2920"}],"replies":[{"embeddable":true,"href":"https:\/\/apgsolutions.com\/de\/wp-json\/wp\/v2\/comments?post=112118"}],"version-history":[{"count":4,"href":"https:\/\/apgsolutions.com\/de\/wp-json\/wp\/v2\/pages\/112118\/revisions"}],"predecessor-version":[{"id":112161,"href":"https:\/\/apgsolutions.com\/de\/wp-json\/wp\/v2\/pages\/112118\/revisions\/112161"}],"wp:attachment":[{"href":"https:\/\/apgsolutions.com\/de\/wp-json\/wp\/v2\/media?parent=112118"}],"curies":[{"name":"wp","href":"https:\/\/api.w.org\/{rel}","templated":true}]}}