{"id":64558,"date":"2023-06-15T15:10:27","date_gmt":"2023-06-15T15:10:27","guid":{"rendered":"https:\/\/apgsolutions.com\/firma\/"},"modified":"2025-07-22T09:04:18","modified_gmt":"2025-07-22T09:04:18","slug":"firma","status":"publish","type":"page","link":"https:\/\/apgsolutions.com\/de\/firma\/","title":{"rendered":"Firma"},"content":{"rendered":"<h1>Firma<\/h1>\n<h2>L\u00f6sungen f\u00fcr Bargeldmanagement<\/h2>\n<h2>Unser Unternehmen<\/h2>\n<p>apg<sup>\u00ae\ufe0f <\/sup>Solutions ist ein Hersteller von Cash-Management-L\u00f6sungen f\u00fcr eine Vielzahl von Kunden und Branchen. Durch unsere Initiative f\u00fcr best\u00e4ndige Verbesserung hat apg<sup>\u00ae\ufe0f<\/sup> eine weltweite Reputation als bevorzugter Anbieter von Cash-Management-L\u00f6sungen f\u00fcr den Einzelhandel, Lebensmittell\u00e4den, Nachbarschaftsl\u00e4den, Gastgewerbebetriebe und Schnellrestaurants erworben. Von unseren allgemeinen, ma\u00dfgefertigten und kundenspezifischen Anwendungen bis zu den intelligenten smarttill-Geldladen \u2013 unser Marke hebt sich ab, indem wir innovative Technologien bieten, die weltweit die Effizienz und Sicherheit am PoS verbessern.<\/p>\n<p><a href=\"https:\/\/apgsolutions.com\/de\/ueber-apg-cash-drawer\/\"><br \/>\n\u00dcber uns<br \/>\n<\/a><br \/>\n<img decoding=\"async\" title=\"company-photo\" src=\"https:\/\/apgsolutions.com\/wp-content\/uploads\/2023\/07\/company-photo.jpg\" alt=\"company-photo\" \/><\/p>\n<h2>Unsere Mitarbeiter<\/h2>\n<p>Wie sieht Ihr ideales Arbeitsumfeld und Ihre ideale Arbeitskultur aus? Die Mitarbeiter von apg\u00ae\ufe0f sind eine weltweite Gemeinschaft aus verschieden L\u00e4ndern und Kulturen, es sind engagierte Menschen, die mit Leidenschaft und unter Einsatz ihrer au\u00dfergew\u00f6hnlichen Talente fortw\u00e4hrend darum bem\u00fcht sind, die Erwartungen unserer Kunden zu erf\u00fcllen oder zu \u00fcbertreffen.<br \/>\n<a href=\"https:\/\/apgsolutions.com\/careers\"><br \/>\nWerden Sie Teil unseres Teams <\/a><\/p>\n<h2>Engagement f\u00fcr Spitzenleistung<\/h2>\n<p>apg<sup>\u00ae\ufe0f<\/sup> entwickelt L\u00f6sungen unter Verwendung der h\u00f6chsten Standards und Prozesse, um die Bed\u00fcrfnisse und Erwartungen der Kunden heute und in Zukunft zu erf\u00fcllen. Der Lebenszyklus unserer Produkte wird fortlaufend gepr\u00fcft, damit diese die hohen Gesch\u00e4ftsanforderungen \u00fcbertreffen. Erfahren Sie mehr \u00fcber unser Testlabor, die Richtlinie zur Umweltverantwortung in der Lieferkette und unsere ISO-Zertifizierung.<\/p>\n<p>Wir sind stolz auf die Anerkennung von verschiedenen Industrievereinigungen und Branchenorganisationen:<\/p>\n<h3>Retail CIO Outlook Top 10<\/h3>\n<p>APG Cash Drawer wurde im US Magazin &#8222;The Retail CIO Outlook&#8220; als einer der Top 10 POS-L\u00f6sungsanbieter f\u00fcr 2017 ausgew\u00e4hlt.<\/p>\n<h3>RSPA Vendor Awards of Excellence<\/h3>\n<p>Herausragender Hardware-Anbieter und -Hersteller. Silber: 2014, 2013, 2012, 2011, 2010, 2009, 2007 Bronze: 2017, 2015<\/p>\n<h3>Business Solutions Best Channel Vendor<\/h3>\n<p>Best Channel Vendor for Business Solutions: 2017, 2015, 2013, 2012, 2010, 2009<\/p>\n<h3>The Queen\u2019s Awards for Enterprise<\/h3>\n<p>The Queen&#8217;s Awards for Enterprise: Innovation 2016<\/p>\n<h3>Women in Business Awards<\/h3>\n<p>Sussex Women in Business Awards 2015<\/p>\n<h3>Retail Knowledge Retail Fraud Awards<\/h3>\n<p>2015 Most Innovative In-Store Product: Sehr empfohlen<\/p>\n<h3>Business Solutions Best Channel Product<\/h3>\n<p>Best Channel Product for Business Solutions: 2011, 2010, 2009<\/p>\n<h3>RSPA Member and Certified Vendor<\/h3>\n<p>Mitglied und zertifizierter Anbieter der Retail Solutions Providers Association seit 2011<br \/>\n<a href=\"https:\/\/apgsolutions.com\/de\/engagement-fuer-spitzenleistung\/\"><br \/>\nErfahren Sie mehr<br \/>\n<\/a><\/p>\n","protected":false},"excerpt":{"rendered":"<p>Firma L\u00f6sungen f\u00fcr Bargeldmanagement Unser Unternehmen apg\u00ae\ufe0f Solutions ist ein Hersteller von Cash-Management-L\u00f6sungen f\u00fcr eine Vielzahl von Kunden und Branchen. Durch unsere Initiative f\u00fcr best\u00e4ndige Verbesserung hat apg\u00ae\ufe0f eine weltweite Reputation als bevorzugter Anbieter von Cash-Management-L\u00f6sungen f\u00fcr den Einzelhandel, Lebensmittell\u00e4den, Nachbarschaftsl\u00e4den, Gastgewerbebetriebe und Schnellrestaurants erworben. Von unseren allgemeinen, ma\u00dfgefertigten und kundenspezifischen Anwendungen bis zu den [&hellip;]<\/p>\n","protected":false},"author":4,"featured_media":0,"parent":0,"menu_order":0,"comment_status":"closed","ping_status":"closed","template":"","meta":{"_acf_changed":false,"content-type":"","footnotes":""},"class_list":["post-64558","page","type-page","status-publish"],"yoast_head":"<!-- This site is optimized with the Yoast SEO Premium plugin v23.5 (Yoast SEO v27.2) - https:\/\/yoast.com\/product\/yoast-seo-premium-wordpress\/ -->\n<title>Firma<\/title>\n<meta name=\"robots\" content=\"index, follow, max-snippet:-1, max-image-preview:large, max-video-preview:-1\" \/>\n<link rel=\"canonical\" href=\"https:\/\/apgsolutions.com\/de\/firma\/\" \/>\n<meta property=\"og:locale\" content=\"de_DE\" \/>\n<meta property=\"og:type\" content=\"article\" \/>\n<meta property=\"og:title\" content=\"Firma\" \/>\n<meta property=\"og:description\" content=\"Firma L\u00f6sungen f\u00fcr Bargeldmanagement Unser Unternehmen apg\u00ae\ufe0f Solutions ist ein Hersteller von Cash-Management-L\u00f6sungen f\u00fcr eine Vielzahl von Kunden und Branchen. Durch unsere Initiative f\u00fcr best\u00e4ndige Verbesserung hat apg\u00ae\ufe0f eine weltweite Reputation als bevorzugter Anbieter von Cash-Management-L\u00f6sungen f\u00fcr den Einzelhandel, Lebensmittell\u00e4den, Nachbarschaftsl\u00e4den, Gastgewerbebetriebe und Schnellrestaurants erworben. Von unseren allgemeinen, ma\u00dfgefertigten und kundenspezifischen Anwendungen bis zu den [&hellip;]\" \/>\n<meta property=\"og:url\" content=\"https:\/\/apgsolutions.com\/de\/firma\/\" \/>\n<meta property=\"og:site_name\" content=\"apg\u00ae Solutions\" \/>\n<meta property=\"article:publisher\" content=\"https:\/\/www.facebook.com\/apgglobalsolutions\" \/>\n<meta property=\"article:modified_time\" content=\"2025-07-22T09:04:18+00:00\" \/>\n<meta property=\"og:image\" content=\"https:\/\/apgsolutions.com\/wp-content\/uploads\/2023\/07\/company-photo.jpg\" \/>\n<meta name=\"twitter:card\" content=\"summary_large_image\" \/>\n<meta name=\"twitter:site\" content=\"@apg_solutions\" \/>\n<meta name=\"twitter:label1\" content=\"Gesch\u00e4tzte Lesezeit\" \/>\n\t<meta name=\"twitter:data1\" content=\"2\u00a0Minuten\" \/>\n<script type=\"application\/ld+json\" class=\"yoast-schema-graph\">{\"@context\":\"https:\/\/schema.org\",\"@graph\":[{\"@type\":\"WebPage\",\"@id\":\"https:\/\/apgsolutions.com\/de\/firma\/\",\"url\":\"https:\/\/apgsolutions.com\/de\/firma\/\",\"name\":\"Firma\",\"isPartOf\":{\"@id\":\"https:\/\/apgsolutions.com\/de\/#website\"},\"primaryImageOfPage\":{\"@id\":\"https:\/\/apgsolutions.com\/de\/firma\/#primaryimage\"},\"image\":{\"@id\":\"https:\/\/apgsolutions.com\/de\/firma\/#primaryimage\"},\"thumbnailUrl\":\"https:\/\/apgsolutions.com\/wp-content\/uploads\/2023\/07\/company-photo.jpg\",\"datePublished\":\"2023-06-15T15:10:27+00:00\",\"dateModified\":\"2025-07-22T09:04:18+00:00\",\"inLanguage\":\"de\",\"potentialAction\":[{\"@type\":\"ReadAction\",\"target\":[\"https:\/\/apgsolutions.com\/de\/firma\/\"]}]},{\"@type\":\"ImageObject\",\"inLanguage\":\"de\",\"@id\":\"https:\/\/apgsolutions.com\/de\/firma\/#primaryimage\",\"url\":\"https:\/\/apgsolutions.com\/wp-content\/uploads\/2023\/07\/company-photo.jpg\",\"contentUrl\":\"https:\/\/apgsolutions.com\/wp-content\/uploads\/2023\/07\/company-photo.jpg\"},{\"@type\":\"WebSite\",\"@id\":\"https:\/\/apgsolutions.com\/de\/#website\",\"url\":\"https:\/\/apgsolutions.com\/de\/\",\"name\":\"APG Solutions, LLC\",\"description\":\"Trust at every point.\",\"publisher\":{\"@id\":\"https:\/\/apgsolutions.com\/de\/#organization\"},\"potentialAction\":[{\"@type\":\"SearchAction\",\"target\":{\"@type\":\"EntryPoint\",\"urlTemplate\":\"https:\/\/apgsolutions.com\/de\/?s={search_term_string}\"},\"query-input\":{\"@type\":\"PropertyValueSpecification\",\"valueRequired\":true,\"valueName\":\"search_term_string\"}}],\"inLanguage\":\"de\"},{\"@type\":\"Organization\",\"@id\":\"https:\/\/apgsolutions.com\/de\/#organization\",\"name\":\"APG Solution, LLC\",\"url\":\"https:\/\/apgsolutions.com\/de\/\",\"logo\":{\"@type\":\"ImageObject\",\"inLanguage\":\"de\",\"@id\":\"https:\/\/apgsolutions.com\/de\/#\/schema\/logo\/image\/\",\"url\":\"https:\/\/apgsolutions.com\/wp-content\/uploads\/2023\/12\/logomark-color.svg\",\"contentUrl\":\"https:\/\/apgsolutions.com\/wp-content\/uploads\/2023\/12\/logomark-color.svg\",\"width\":141,\"height\":138,\"caption\":\"APG Solution, LLC\"},\"image\":{\"@id\":\"https:\/\/apgsolutions.com\/de\/#\/schema\/logo\/image\/\"},\"sameAs\":[\"https:\/\/www.facebook.com\/apgglobalsolutions\",\"https:\/\/x.com\/apg_solutions\",\"https:\/\/www.youtube.com\/c\/CashManagementGlobalSolutionsbyapg\",\"https:\/\/www.linkedin.com\/company\/apgglobalsolutions\/\",\"https:\/\/www.instagram.com\/apgglobalsolutions\/\",\"https:\/\/www.pinterest.com\/apgcashdrawer\/\"]}]}<\/script>\n<!-- \/ Yoast SEO Premium plugin. -->","yoast_head_json":{"title":"Firma","robots":{"index":"index","follow":"follow","max-snippet":"max-snippet:-1","max-image-preview":"max-image-preview:large","max-video-preview":"max-video-preview:-1"},"canonical":"https:\/\/apgsolutions.com\/de\/firma\/","og_locale":"de_DE","og_type":"article","og_title":"Firma","og_description":"Firma L\u00f6sungen f\u00fcr Bargeldmanagement Unser Unternehmen apg\u00ae\ufe0f Solutions ist ein Hersteller von Cash-Management-L\u00f6sungen f\u00fcr eine Vielzahl von Kunden und Branchen. Durch unsere Initiative f\u00fcr best\u00e4ndige Verbesserung hat apg\u00ae\ufe0f eine weltweite Reputation als bevorzugter Anbieter von Cash-Management-L\u00f6sungen f\u00fcr den Einzelhandel, Lebensmittell\u00e4den, Nachbarschaftsl\u00e4den, Gastgewerbebetriebe und Schnellrestaurants erworben. Von unseren allgemeinen, ma\u00dfgefertigten und kundenspezifischen Anwendungen bis zu den [&hellip;]","og_url":"https:\/\/apgsolutions.com\/de\/firma\/","og_site_name":"apg\u00ae Solutions","article_publisher":"https:\/\/www.facebook.com\/apgglobalsolutions","article_modified_time":"2025-07-22T09:04:18+00:00","og_image":[{"url":"https:\/\/apgsolutions.com\/wp-content\/uploads\/2023\/07\/company-photo.jpg","type":"","width":"","height":""}],"twitter_card":"summary_large_image","twitter_site":"@apg_solutions","twitter_misc":{"Gesch\u00e4tzte Lesezeit":"2\u00a0Minuten"},"schema":{"@context":"https:\/\/schema.org","@graph":[{"@type":"WebPage","@id":"https:\/\/apgsolutions.com\/de\/firma\/","url":"https:\/\/apgsolutions.com\/de\/firma\/","name":"Firma","isPartOf":{"@id":"https:\/\/apgsolutions.com\/de\/#website"},"primaryImageOfPage":{"@id":"https:\/\/apgsolutions.com\/de\/firma\/#primaryimage"},"image":{"@id":"https:\/\/apgsolutions.com\/de\/firma\/#primaryimage"},"thumbnailUrl":"https:\/\/apgsolutions.com\/wp-content\/uploads\/2023\/07\/company-photo.jpg","datePublished":"2023-06-15T15:10:27+00:00","dateModified":"2025-07-22T09:04:18+00:00","inLanguage":"de","potentialAction":[{"@type":"ReadAction","target":["https:\/\/apgsolutions.com\/de\/firma\/"]}]},{"@type":"ImageObject","inLanguage":"de","@id":"https:\/\/apgsolutions.com\/de\/firma\/#primaryimage","url":"https:\/\/apgsolutions.com\/wp-content\/uploads\/2023\/07\/company-photo.jpg","contentUrl":"https:\/\/apgsolutions.com\/wp-content\/uploads\/2023\/07\/company-photo.jpg"},{"@type":"WebSite","@id":"https:\/\/apgsolutions.com\/de\/#website","url":"https:\/\/apgsolutions.com\/de\/","name":"APG Solutions, LLC","description":"Trust at every point.","publisher":{"@id":"https:\/\/apgsolutions.com\/de\/#organization"},"potentialAction":[{"@type":"SearchAction","target":{"@type":"EntryPoint","urlTemplate":"https:\/\/apgsolutions.com\/de\/?s={search_term_string}"},"query-input":{"@type":"PropertyValueSpecification","valueRequired":true,"valueName":"search_term_string"}}],"inLanguage":"de"},{"@type":"Organization","@id":"https:\/\/apgsolutions.com\/de\/#organization","name":"APG Solution, LLC","url":"https:\/\/apgsolutions.com\/de\/","logo":{"@type":"ImageObject","inLanguage":"de","@id":"https:\/\/apgsolutions.com\/de\/#\/schema\/logo\/image\/","url":"https:\/\/apgsolutions.com\/wp-content\/uploads\/2023\/12\/logomark-color.svg","contentUrl":"https:\/\/apgsolutions.com\/wp-content\/uploads\/2023\/12\/logomark-color.svg","width":141,"height":138,"caption":"APG Solution, LLC"},"image":{"@id":"https:\/\/apgsolutions.com\/de\/#\/schema\/logo\/image\/"},"sameAs":["https:\/\/www.facebook.com\/apgglobalsolutions","https:\/\/x.com\/apg_solutions","https:\/\/www.youtube.com\/c\/CashManagementGlobalSolutionsbyapg","https:\/\/www.linkedin.com\/company\/apgglobalsolutions\/","https:\/\/www.instagram.com\/apgglobalsolutions\/","https:\/\/www.pinterest.com\/apgcashdrawer\/"]}]}},"acf":[],"_links":{"self":[{"href":"https:\/\/apgsolutions.com\/de\/wp-json\/wp\/v2\/pages\/64558","targetHints":{"allow":["GET"]}}],"collection":[{"href":"https:\/\/apgsolutions.com\/de\/wp-json\/wp\/v2\/pages"}],"about":[{"href":"https:\/\/apgsolutions.com\/de\/wp-json\/wp\/v2\/types\/page"}],"author":[{"embeddable":true,"href":"https:\/\/apgsolutions.com\/de\/wp-json\/wp\/v2\/users\/4"}],"replies":[{"embeddable":true,"href":"https:\/\/apgsolutions.com\/de\/wp-json\/wp\/v2\/comments?post=64558"}],"version-history":[{"count":11,"href":"https:\/\/apgsolutions.com\/de\/wp-json\/wp\/v2\/pages\/64558\/revisions"}],"predecessor-version":[{"id":91271,"href":"https:\/\/apgsolutions.com\/de\/wp-json\/wp\/v2\/pages\/64558\/revisions\/91271"}],"wp:attachment":[{"href":"https:\/\/apgsolutions.com\/de\/wp-json\/wp\/v2\/media?parent=64558"}],"curies":[{"name":"wp","href":"https:\/\/api.w.org\/{rel}","templated":true}]}}