{"id":64565,"date":"2023-06-15T16:14:07","date_gmt":"2023-06-15T16:14:07","guid":{"rendered":"https:\/\/apgsolutions.com\/distributoren\/"},"modified":"2026-01-22T14:42:05","modified_gmt":"2026-01-22T14:42:05","slug":"distributoren","status":"publish","type":"page","link":"https:\/\/apgsolutions.com\/de\/distributoren\/","title":{"rendered":"distributoren"},"content":{"rendered":"<div class=\"section_page-header \">\n    <img decoding=\"async\" class=\"header-image\" src=\"https:\/\/apgsolutions.com\/wp-content\/uploads\/2023\/04\/Distribution-Header_optimized-1.jpg\" alt=\"Distribution-Header_optimized-1\" title=\"Distribution-Header_optimized-1\">\n            <div class=\"header-content\">\n            <h1>distributoren<\/h1>\n        <\/div>\n    <\/div>\n\n\n<div data-block-name=\"woocommerce\/filter-wrapper\" data-filter-type=\"active-filters\" data-heading=\"Active filters\" class=\"wp-block-woocommerce-filter-wrapper\">\n<h2 class=\"has-text-align-center wp-block-heading\" id=\"h-finden-sie-einen-vertriebspartner-von-apg-cash-drawer\">Finden Sie einen Vertriebspartner von APG Cash Drawer<\/h2>\n<\/div>\n\n\n\n<p class=\"has-text-align-center\">APG Cash Drawer stellt ein branchenf\u00fchrendes Portfolio an leistungsstarken Geldladen her, das unseren Vertriebspartnern und Value-Added-Reseller-Partnern h\u00f6here Ums\u00e4tze und Marktanteile erm\u00f6glicht. Wir bieten verl\u00e4ssliche und preislich wettbewerbsf\u00e4hige L\u00f6sungen sowie eine hohe Vertriebskanalintegrit\u00e4t und Reaktionsf\u00e4higkeit, die unseren Partnern das Vertrauen gibt, die sich ver\u00e4ndernden Bed\u00fcrfnisse ihrer Kunden besser erf\u00fcllen zu k\u00f6nnen. <em>&#8211;<\/em><\/p>\n\n\n\n<h2 class=\"has-text-align-center wp-block-heading\">Distributors Around the World<\/h2>\n","protected":false},"excerpt":{"rendered":"<p>APG Cash Drawer stellt ein branchenf\u00fchrendes Portfolio an leistungsstarken Geldladen her, das unseren Vertriebspartnern und Value-Added-Reseller-Partnern h\u00f6here Ums\u00e4tze und Marktanteile erm\u00f6glicht. Wir bieten verl\u00e4ssliche und preislich wettbewerbsf\u00e4hige L\u00f6sungen sowie eine hohe Vertriebskanalintegrit\u00e4t und Reaktionsf\u00e4higkeit, die unseren Partnern das Vertrauen gibt, die sich ver\u00e4ndernden Bed\u00fcrfnisse ihrer Kunden besser erf\u00fcllen zu k\u00f6nnen. &#8211; Distributors Around the World<\/p>\n","protected":false},"author":4,"featured_media":0,"parent":0,"menu_order":0,"comment_status":"closed","ping_status":"closed","template":"page-distributors.php","meta":{"_acf_changed":false,"content-type":"","footnotes":""},"class_list":["post-64565","page","type-page","status-publish"],"yoast_head":"<!-- This site is optimized with the Yoast SEO Premium plugin v23.5 (Yoast SEO v27.2) - https:\/\/yoast.com\/product\/yoast-seo-premium-wordpress\/ -->\n<title>Vertriebspartner | apg\u00ae L\u00f6sungen<\/title>\n<meta name=\"description\" content=\"Finden Sie Ihre APG Vertriebspartner. Sie k\u00f6nnen nach L\u00e4ndern suchen, um den n\u00e4chstgelegenen Distributor in Ihrer N\u00e4he zu finden, der Ihre Gesch\u00e4ftsanforderungen besser erf\u00fcllen kann.\" \/>\n<meta name=\"robots\" content=\"index, follow, max-snippet:-1, max-image-preview:large, max-video-preview:-1\" \/>\n<link rel=\"canonical\" href=\"https:\/\/apgsolutions.com\/de\/distributoren\/\" \/>\n<meta property=\"og:locale\" content=\"de_DE\" \/>\n<meta property=\"og:type\" content=\"article\" \/>\n<meta property=\"og:title\" content=\"Vertriebspartner | apg\u00ae L\u00f6sungen\" \/>\n<meta property=\"og:description\" content=\"Finden Sie Ihre APG Vertriebspartner. Sie k\u00f6nnen nach L\u00e4ndern suchen, um den n\u00e4chstgelegenen Distributor in Ihrer N\u00e4he zu finden, der Ihre Gesch\u00e4ftsanforderungen besser erf\u00fcllen kann.\" \/>\n<meta property=\"og:url\" content=\"https:\/\/apgsolutions.com\/de\/distributoren\/\" \/>\n<meta property=\"og:site_name\" content=\"apg\u00ae Solutions\" \/>\n<meta property=\"article:publisher\" content=\"https:\/\/www.facebook.com\/apgglobalsolutions\" \/>\n<meta property=\"article:modified_time\" content=\"2026-01-22T14:42:05+00:00\" \/>\n<meta name=\"twitter:card\" content=\"summary_large_image\" \/>\n<meta name=\"twitter:site\" content=\"@apg_solutions\" \/>\n<meta name=\"twitter:label1\" content=\"Gesch\u00e4tzte Lesezeit\" \/>\n\t<meta name=\"twitter:data1\" content=\"1\u00a0Minute\" \/>\n<script type=\"application\/ld+json\" class=\"yoast-schema-graph\">{\"@context\":\"https:\/\/schema.org\",\"@graph\":[{\"@type\":\"WebPage\",\"@id\":\"https:\/\/apgsolutions.com\/de\/distributoren\/\",\"url\":\"https:\/\/apgsolutions.com\/de\/distributoren\/\",\"name\":\"Vertriebspartner | apg\u00ae L\u00f6sungen\",\"isPartOf\":{\"@id\":\"https:\/\/apgsolutions.com\/de\/#website\"},\"datePublished\":\"2023-06-15T16:14:07+00:00\",\"dateModified\":\"2026-01-22T14:42:05+00:00\",\"description\":\"Finden Sie Ihre APG Vertriebspartner. Sie k\u00f6nnen nach L\u00e4ndern suchen, um den n\u00e4chstgelegenen Distributor in Ihrer N\u00e4he zu finden, der Ihre Gesch\u00e4ftsanforderungen besser erf\u00fcllen kann.\",\"inLanguage\":\"de\",\"potentialAction\":[{\"@type\":\"ReadAction\",\"target\":[\"https:\/\/apgsolutions.com\/de\/distributoren\/\"]}]},{\"@type\":\"WebSite\",\"@id\":\"https:\/\/apgsolutions.com\/de\/#website\",\"url\":\"https:\/\/apgsolutions.com\/de\/\",\"name\":\"APG Solutions, LLC\",\"description\":\"Trust at every point.\",\"publisher\":{\"@id\":\"https:\/\/apgsolutions.com\/de\/#organization\"},\"potentialAction\":[{\"@type\":\"SearchAction\",\"target\":{\"@type\":\"EntryPoint\",\"urlTemplate\":\"https:\/\/apgsolutions.com\/de\/?s={search_term_string}\"},\"query-input\":{\"@type\":\"PropertyValueSpecification\",\"valueRequired\":true,\"valueName\":\"search_term_string\"}}],\"inLanguage\":\"de\"},{\"@type\":\"Organization\",\"@id\":\"https:\/\/apgsolutions.com\/de\/#organization\",\"name\":\"APG Solution, LLC\",\"url\":\"https:\/\/apgsolutions.com\/de\/\",\"logo\":{\"@type\":\"ImageObject\",\"inLanguage\":\"de\",\"@id\":\"https:\/\/apgsolutions.com\/de\/#\/schema\/logo\/image\/\",\"url\":\"https:\/\/apgsolutions.com\/wp-content\/uploads\/2023\/12\/logomark-color.svg\",\"contentUrl\":\"https:\/\/apgsolutions.com\/wp-content\/uploads\/2023\/12\/logomark-color.svg\",\"width\":141,\"height\":138,\"caption\":\"APG Solution, LLC\"},\"image\":{\"@id\":\"https:\/\/apgsolutions.com\/de\/#\/schema\/logo\/image\/\"},\"sameAs\":[\"https:\/\/www.facebook.com\/apgglobalsolutions\",\"https:\/\/x.com\/apg_solutions\",\"https:\/\/www.youtube.com\/c\/CashManagementGlobalSolutionsbyapg\",\"https:\/\/www.linkedin.com\/company\/apgglobalsolutions\/\",\"https:\/\/www.instagram.com\/apgglobalsolutions\/\",\"https:\/\/www.pinterest.com\/apgcashdrawer\/\"]}]}<\/script>\n<!-- \/ Yoast SEO Premium plugin. -->","yoast_head_json":{"title":"Vertriebspartner | apg\u00ae L\u00f6sungen","description":"Finden Sie Ihre APG Vertriebspartner. Sie k\u00f6nnen nach L\u00e4ndern suchen, um den n\u00e4chstgelegenen Distributor in Ihrer N\u00e4he zu finden, der Ihre Gesch\u00e4ftsanforderungen besser erf\u00fcllen kann.","robots":{"index":"index","follow":"follow","max-snippet":"max-snippet:-1","max-image-preview":"max-image-preview:large","max-video-preview":"max-video-preview:-1"},"canonical":"https:\/\/apgsolutions.com\/de\/distributoren\/","og_locale":"de_DE","og_type":"article","og_title":"Vertriebspartner | apg\u00ae L\u00f6sungen","og_description":"Finden Sie Ihre APG Vertriebspartner. Sie k\u00f6nnen nach L\u00e4ndern suchen, um den n\u00e4chstgelegenen Distributor in Ihrer N\u00e4he zu finden, der Ihre Gesch\u00e4ftsanforderungen besser erf\u00fcllen kann.","og_url":"https:\/\/apgsolutions.com\/de\/distributoren\/","og_site_name":"apg\u00ae Solutions","article_publisher":"https:\/\/www.facebook.com\/apgglobalsolutions","article_modified_time":"2026-01-22T14:42:05+00:00","twitter_card":"summary_large_image","twitter_site":"@apg_solutions","twitter_misc":{"Gesch\u00e4tzte Lesezeit":"1\u00a0Minute"},"schema":{"@context":"https:\/\/schema.org","@graph":[{"@type":"WebPage","@id":"https:\/\/apgsolutions.com\/de\/distributoren\/","url":"https:\/\/apgsolutions.com\/de\/distributoren\/","name":"Vertriebspartner | apg\u00ae L\u00f6sungen","isPartOf":{"@id":"https:\/\/apgsolutions.com\/de\/#website"},"datePublished":"2023-06-15T16:14:07+00:00","dateModified":"2026-01-22T14:42:05+00:00","description":"Finden Sie Ihre APG Vertriebspartner. Sie k\u00f6nnen nach L\u00e4ndern suchen, um den n\u00e4chstgelegenen Distributor in Ihrer N\u00e4he zu finden, der Ihre Gesch\u00e4ftsanforderungen besser erf\u00fcllen kann.","inLanguage":"de","potentialAction":[{"@type":"ReadAction","target":["https:\/\/apgsolutions.com\/de\/distributoren\/"]}]},{"@type":"WebSite","@id":"https:\/\/apgsolutions.com\/de\/#website","url":"https:\/\/apgsolutions.com\/de\/","name":"APG Solutions, LLC","description":"Trust at every point.","publisher":{"@id":"https:\/\/apgsolutions.com\/de\/#organization"},"potentialAction":[{"@type":"SearchAction","target":{"@type":"EntryPoint","urlTemplate":"https:\/\/apgsolutions.com\/de\/?s={search_term_string}"},"query-input":{"@type":"PropertyValueSpecification","valueRequired":true,"valueName":"search_term_string"}}],"inLanguage":"de"},{"@type":"Organization","@id":"https:\/\/apgsolutions.com\/de\/#organization","name":"APG Solution, LLC","url":"https:\/\/apgsolutions.com\/de\/","logo":{"@type":"ImageObject","inLanguage":"de","@id":"https:\/\/apgsolutions.com\/de\/#\/schema\/logo\/image\/","url":"https:\/\/apgsolutions.com\/wp-content\/uploads\/2023\/12\/logomark-color.svg","contentUrl":"https:\/\/apgsolutions.com\/wp-content\/uploads\/2023\/12\/logomark-color.svg","width":141,"height":138,"caption":"APG Solution, LLC"},"image":{"@id":"https:\/\/apgsolutions.com\/de\/#\/schema\/logo\/image\/"},"sameAs":["https:\/\/www.facebook.com\/apgglobalsolutions","https:\/\/x.com\/apg_solutions","https:\/\/www.youtube.com\/c\/CashManagementGlobalSolutionsbyapg","https:\/\/www.linkedin.com\/company\/apgglobalsolutions\/","https:\/\/www.instagram.com\/apgglobalsolutions\/","https:\/\/www.pinterest.com\/apgcashdrawer\/"]}]}},"acf":[],"_links":{"self":[{"href":"https:\/\/apgsolutions.com\/de\/wp-json\/wp\/v2\/pages\/64565","targetHints":{"allow":["GET"]}}],"collection":[{"href":"https:\/\/apgsolutions.com\/de\/wp-json\/wp\/v2\/pages"}],"about":[{"href":"https:\/\/apgsolutions.com\/de\/wp-json\/wp\/v2\/types\/page"}],"author":[{"embeddable":true,"href":"https:\/\/apgsolutions.com\/de\/wp-json\/wp\/v2\/users\/4"}],"replies":[{"embeddable":true,"href":"https:\/\/apgsolutions.com\/de\/wp-json\/wp\/v2\/comments?post=64565"}],"version-history":[{"count":1,"href":"https:\/\/apgsolutions.com\/de\/wp-json\/wp\/v2\/pages\/64565\/revisions"}],"predecessor-version":[{"id":98373,"href":"https:\/\/apgsolutions.com\/de\/wp-json\/wp\/v2\/pages\/64565\/revisions\/98373"}],"wp:attachment":[{"href":"https:\/\/apgsolutions.com\/de\/wp-json\/wp\/v2\/media?parent=64565"}],"curies":[{"name":"wp","href":"https:\/\/api.w.org\/{rel}","templated":true}]}}