{"id":64577,"date":"2023-06-15T18:29:40","date_gmt":"2023-06-15T18:29:40","guid":{"rendered":"https:\/\/apgsolutions.com\/garantie\/"},"modified":"2026-03-12T11:44:47","modified_gmt":"2026-03-12T11:44:47","slug":"garantie","status":"publish","type":"page","link":"https:\/\/apgsolutions.com\/de\/garantie\/","title":{"rendered":"garantie"},"content":{"rendered":"<div class=\"section_page-header \">\n    <img decoding=\"async\" class=\"header-image\" src=\"https:\/\/apgsolutions.com\/wp-content\/uploads\/2023\/05\/MICROS-matrix-header.jpg\" alt=\"MICROS-matrix-header\" title=\"MICROS-matrix-header\">\n            <div class=\"header-content\">\n            <h1>garantie<\/h1>\n        <\/div>\n    <\/div>\n<h2 class=\"wp-block-heading has-text-align-center has-large-font-size\" id=\"h-view-our-warranty-statement-below-and-register-your-pos-products\">Sehen Sie sich unsere Garantieerkl\u00e4rung unten an und registrieren Sie Ihre POS-Produkte.<\/h2>\n\n<p>apg\u00ae bietet eine 1, 3, 5 oder eine <strong>begrenzte lebenslange<\/strong> Garantie f\u00fcr seine Nicht-OEM-Produkte <a href=\"https:\/\/apgsolutions.com\/de\/produkte\/#cash-drawers\">f\u00fcr Kassenschubladen<\/a> und <a href=\"https:\/\/apg.apgsolutions.com\/smarttill-solution-suite\">Cash Management<\/a>.<\/p>\n\n<p>Unten finden Sie die entsprechende Garantie f\u00fcr jede Produktlinie, und f\u00fcllen Sie das Formular unten auf dieser Seite aus, um sich zu registrieren. Wenden Sie sich f\u00fcr weitere Informationen an Ihren Vertriebsmitarbeiter.<\/p>\n\n<div class=\"wp-block-buttons is-content-justification-center is-layout-flex wp-container-core-buttons-is-layout-28206b41 wp-block-buttons-is-layout-flex\"><\/div>\n\n<h2 class=\"wp-block-heading\" id=\"h-non-oem-product-warranty\">Nicht-OEM-Produkt-Garantie<\/h2>\n\n<p>apg\u00ae bietet 1, 3, 5 oder eine begrenzte lebenslange Garantie f\u00fcr seine Nicht-OEM-Kassenladenprodukte. Siehe unten f\u00fcr die entsprechende Garantie f\u00fcr jede Produktlinie. Wenden Sie sich f\u00fcr weitere Informationen an Ihren Vertriebsmitarbeiter.<\/p>\n\n<h2 class=\"wp-block-heading\" id=\"h-1-year-limited\">1 Jahr begrenzt<\/h2>\n\n<p>Gilt f\u00fcr die Economical Entry Level Cash Drawer (ECD), Minota Cash Drawer und Arlo Cash Drawer.<\/p>\n\n<h2 class=\"wp-block-heading\" id=\"h-3-year-limited-warranty\">3 Jahre beschr\u00e4nkte Garantie<\/h2>\n\n<p>Gilt f\u00fcr die Standard, General Application (GA) Produkte: Vasario, Serie 1150, Serie 1517, Stratis\u2122 Serie, MICRO, 460MOD03, STD2000, E3000 und Flip-Top Kassenschubladen Produktlinien. Dies gilt f\u00fcr Seriennummern, die ab M\u00e4rz 2019 datiert sind.<\/p>\n\n<h2 class=\"wp-block-heading\" id=\"h-5-year-limited-warranty\">Eingeschr\u00e4nkte 5-Jahres-Garantie<\/h2>\n\n<p>Die Produktlinien Series 100 und Series 4000 Cash Drawer Performance haben eine 5-Jahres-Garantie (g\u00fcltig ab M\u00e4rz 2019).<\/p>\n\n<h2 class=\"wp-block-heading\" id=\"h-limited-lifetime-warranty\">Eingeschr\u00e4nkte lebenslange Garantie<\/h2>\n\n<p>F\u00fcr die Kassenschublade der Serie 4000 erhalten Sie eine begrenzte lebenslange Garantie, wenn Sie sich <a href=\"https:\/\/share.hsforms.com\/1Uxrj08iASHemvyI3rcnR2w1zj23\">hier<\/a> registrieren. Das Produkt muss innerhalb von 30 Tagen nach dem Kauf registriert werden, um die erweiterte Garantie zu erhalten. Ohne Registrierung erhalten Sie eine 5-j\u00e4hrige Garantie. This Limited Lifetime warranty does not cover damage caused by normal wear and tear.<\/p>\n\n<h2 class=\"wp-block-heading\" id=\"h-oem-amp-bespoke-product-warranty\">OEM &amp; Ma\u00dfgeschneiderte Produktgarantie<\/h2>\n\n<p>apg\u00ae bietet eine 1-Jahres-Garantie f\u00fcr seine OEM- und Bespoke-Kassenschubladenprodukte. Wenden Sie sich f\u00fcr weitere Informationen an Ihren Vertriebsmitarbeiter.<\/p>\n\n<h2 class=\"wp-block-heading\" id=\"h-cash-management-product-warranty\">Cash Management Produktgarantie<\/h2>\n\n<p>apg\u00ae bietet eine 1-Jahres-Garantie f\u00fcr seine smarttill\u00ae Solution-Produkte. smarttill\u00ae Solution-Garantieerweiterungen sind k\u00e4uflich zu erwerben.  Wenden Sie sich f\u00fcr weitere Informationen an Ihren Vertriebsmitarbeiter.<\/p>\n\n<h2 class=\"wp-block-heading\" id=\"h-warranty-statement\">Garantieerkl\u00e4rung<\/h2>\n\n<p>Wenden Sie sich an die Kundendienstabteilung von apg\u00ae, um Hilfe bei der Bestimmung der Garantieabdeckung zu erhalten. Senden Sie keine Materialien zur\u00fcck <strong>, bevor<\/strong> die Garantieabdeckung festgestellt wurde. Diese Garantie bietet spezifische gesetzliche Rechte und andere anwendbare Rechte in einigen Staaten.<\/p>\n\n<p>apg\u00ae garantiert, dass seine Produkte bei normalem Gebrauch und normaler Wartung f\u00fcr die angegebene Garantiezeit ab dem Herstellungsdatum frei von Material- und Verarbeitungsfehlern sind. Diese eingeschr\u00e4nkte Garantie gilt f\u00fcr den Erstk\u00e4ufer und erstreckt sich nicht auf missbr\u00e4uchlich verwendete, ver\u00e4nderte, vernachl\u00e4ssigte, unsorgf\u00e4ltig behandelte Produkte oder Produkte, die f\u00fcr einen nicht vorgesehenen Zweck verwendet werden.<\/p>\n\n<p>apg\u00ae repariert oder ersetzt nach eigenem Ermessen jedes Produkt, das w\u00e4hrend der Garantiezeit defekt ist. Garantiereparaturen werden ohne Kosten f\u00fcr Teile oder Arbeit durchgef\u00fchrt. Sie sind f\u00fcr die Kosten f\u00fcr den Versand des Produkts zur und von der apg\u00ae-Einrichtung verantwortlich. Die einzige Verpflichtung von apg\u00ae beschr\u00e4nkt sich auf die Reparatur oder den Ersatz des defekten Produkts oder der Komponenten. <\/p>\n\n<p>apg\u00ae haftet nicht f\u00fcr zuf\u00e4llige Sch\u00e4den oder Folgesch\u00e4den oder andere Kosten, die durch den Kauf oder die Verwendung dieses Produkts entstehen k\u00f6nnen. Andere Garantien (einschlie\u00dflich der Marktg\u00e4ngigkeit und Eignung f\u00fcr einen bestimmten Zweck) werden weder ausdr\u00fccklich noch stillschweigend gew\u00e4hrt. Some states do not allow limitations or exclusions on implied warranties, and in those states, the above limitations of an implied warrant may not apply.<\/p>\n\n<h2 class=\"wp-block-heading\" id=\"h-warranty-registration-form\">Registrierungsformular f\u00fcr die Garantie<\/h2>\n<p><script charset=\"utf-8\" type=\"text\/javascript\" src=\"\/\/js.hsforms.net\/forms\/embed\/v2.js\"><\/script><br \/>\n<script>\n  hbspt.forms.create({\n    region: \"na1\",\n    portalId: \"3337275\",\n    formId: \"531ae3d3-c880-4877-a6bf-2237adc9d1db\",\n    sfdcCampaignId: \"7011L000000H6sFQAS\"\n  });\n<\/script><\/p>\n","protected":false},"excerpt":{"rendered":"<p>Sehen Sie sich unsere Garantieerkl\u00e4rung unten an und registrieren Sie Ihre POS-Produkte. apg\u00ae bietet eine 1, 3, 5 oder eine begrenzte lebenslange Garantie f\u00fcr seine Nicht-OEM-Produkte f\u00fcr Kassenschubladen und Cash Management. Unten finden Sie die entsprechende Garantie f\u00fcr jede Produktlinie, und f\u00fcllen Sie das Formular unten auf dieser Seite aus, um sich zu registrieren. Wenden [&hellip;]<\/p>\n","protected":false},"author":4,"featured_media":0,"parent":0,"menu_order":0,"comment_status":"closed","ping_status":"closed","template":"","meta":{"_acf_changed":false,"content-type":"","footnotes":""},"class_list":["post-64577","page","type-page","status-publish"],"yoast_head":"<!-- This site is optimized with the Yoast SEO Premium plugin v23.5 (Yoast SEO v27.2) - https:\/\/yoast.com\/product\/yoast-seo-premium-wordpress\/ -->\n<title>Produktgarantieerkl\u00e4rung und Registrierung | apg\u00ae<\/title>\n<meta name=\"description\" content=\"APG Cash Drawer bietet eine 1, 3, 5 oder eine begrenzte lebenslange Garantie f\u00fcr seine Nicht-OEM Cash Management und Guardiant Produkte.\" \/>\n<meta name=\"robots\" content=\"index, follow, max-snippet:-1, max-image-preview:large, max-video-preview:-1\" \/>\n<link rel=\"canonical\" href=\"https:\/\/apgsolutions.com\/de\/garantie\/\" \/>\n<meta property=\"og:locale\" content=\"de_DE\" \/>\n<meta property=\"og:type\" content=\"article\" \/>\n<meta property=\"og:title\" content=\"Produktgarantieerkl\u00e4rung und Registrierung | apg\u00ae\" \/>\n<meta property=\"og:description\" content=\"APG Cash Drawer bietet eine 1, 3, 5 oder eine begrenzte lebenslange Garantie f\u00fcr seine Nicht-OEM Cash Management und Guardiant Produkte.\" \/>\n<meta property=\"og:url\" content=\"https:\/\/apgsolutions.com\/de\/garantie\/\" \/>\n<meta property=\"og:site_name\" content=\"apg\u00ae Solutions\" \/>\n<meta property=\"article:publisher\" content=\"https:\/\/www.facebook.com\/apgglobalsolutions\" \/>\n<meta property=\"article:modified_time\" content=\"2026-03-12T11:44:47+00:00\" \/>\n<meta name=\"twitter:card\" content=\"summary_large_image\" \/>\n<meta name=\"twitter:site\" content=\"@apg_solutions\" \/>\n<meta name=\"twitter:label1\" content=\"Gesch\u00e4tzte Lesezeit\" \/>\n\t<meta name=\"twitter:data1\" content=\"1\u00a0Minute\" \/>\n<script type=\"application\/ld+json\" class=\"yoast-schema-graph\">{\"@context\":\"https:\/\/schema.org\",\"@graph\":[{\"@type\":\"WebPage\",\"@id\":\"https:\/\/apgsolutions.com\/de\/garantie\/\",\"url\":\"https:\/\/apgsolutions.com\/de\/garantie\/\",\"name\":\"Produktgarantieerkl\u00e4rung und Registrierung | apg\u00ae\",\"isPartOf\":{\"@id\":\"https:\/\/apgsolutions.com\/de\/#website\"},\"datePublished\":\"2023-06-15T18:29:40+00:00\",\"dateModified\":\"2026-03-12T11:44:47+00:00\",\"description\":\"APG Cash Drawer bietet eine 1, 3, 5 oder eine begrenzte lebenslange Garantie f\u00fcr seine Nicht-OEM Cash Management und Guardiant Produkte.\",\"inLanguage\":\"de\",\"potentialAction\":[{\"@type\":\"ReadAction\",\"target\":[\"https:\/\/apgsolutions.com\/de\/garantie\/\"]}]},{\"@type\":\"WebSite\",\"@id\":\"https:\/\/apgsolutions.com\/de\/#website\",\"url\":\"https:\/\/apgsolutions.com\/de\/\",\"name\":\"APG Solutions, LLC\",\"description\":\"Trust at every point.\",\"publisher\":{\"@id\":\"https:\/\/apgsolutions.com\/de\/#organization\"},\"potentialAction\":[{\"@type\":\"SearchAction\",\"target\":{\"@type\":\"EntryPoint\",\"urlTemplate\":\"https:\/\/apgsolutions.com\/de\/?s={search_term_string}\"},\"query-input\":{\"@type\":\"PropertyValueSpecification\",\"valueRequired\":true,\"valueName\":\"search_term_string\"}}],\"inLanguage\":\"de\"},{\"@type\":\"Organization\",\"@id\":\"https:\/\/apgsolutions.com\/de\/#organization\",\"name\":\"APG Solution, LLC\",\"url\":\"https:\/\/apgsolutions.com\/de\/\",\"logo\":{\"@type\":\"ImageObject\",\"inLanguage\":\"de\",\"@id\":\"https:\/\/apgsolutions.com\/de\/#\/schema\/logo\/image\/\",\"url\":\"https:\/\/apgsolutions.com\/wp-content\/uploads\/2023\/12\/logomark-color.svg\",\"contentUrl\":\"https:\/\/apgsolutions.com\/wp-content\/uploads\/2023\/12\/logomark-color.svg\",\"width\":141,\"height\":138,\"caption\":\"APG Solution, LLC\"},\"image\":{\"@id\":\"https:\/\/apgsolutions.com\/de\/#\/schema\/logo\/image\/\"},\"sameAs\":[\"https:\/\/www.facebook.com\/apgglobalsolutions\",\"https:\/\/x.com\/apg_solutions\",\"https:\/\/www.youtube.com\/c\/CashManagementGlobalSolutionsbyapg\",\"https:\/\/www.linkedin.com\/company\/apgglobalsolutions\/\",\"https:\/\/www.instagram.com\/apgglobalsolutions\/\",\"https:\/\/www.pinterest.com\/apgcashdrawer\/\"]}]}<\/script>\n<!-- \/ Yoast SEO Premium plugin. -->","yoast_head_json":{"title":"Produktgarantieerkl\u00e4rung und Registrierung | apg\u00ae","description":"APG Cash Drawer bietet eine 1, 3, 5 oder eine begrenzte lebenslange Garantie f\u00fcr seine Nicht-OEM Cash Management und Guardiant Produkte.","robots":{"index":"index","follow":"follow","max-snippet":"max-snippet:-1","max-image-preview":"max-image-preview:large","max-video-preview":"max-video-preview:-1"},"canonical":"https:\/\/apgsolutions.com\/de\/garantie\/","og_locale":"de_DE","og_type":"article","og_title":"Produktgarantieerkl\u00e4rung und Registrierung | apg\u00ae","og_description":"APG Cash Drawer bietet eine 1, 3, 5 oder eine begrenzte lebenslange Garantie f\u00fcr seine Nicht-OEM Cash Management und Guardiant Produkte.","og_url":"https:\/\/apgsolutions.com\/de\/garantie\/","og_site_name":"apg\u00ae Solutions","article_publisher":"https:\/\/www.facebook.com\/apgglobalsolutions","article_modified_time":"2026-03-12T11:44:47+00:00","twitter_card":"summary_large_image","twitter_site":"@apg_solutions","twitter_misc":{"Gesch\u00e4tzte Lesezeit":"1\u00a0Minute"},"schema":{"@context":"https:\/\/schema.org","@graph":[{"@type":"WebPage","@id":"https:\/\/apgsolutions.com\/de\/garantie\/","url":"https:\/\/apgsolutions.com\/de\/garantie\/","name":"Produktgarantieerkl\u00e4rung und Registrierung | apg\u00ae","isPartOf":{"@id":"https:\/\/apgsolutions.com\/de\/#website"},"datePublished":"2023-06-15T18:29:40+00:00","dateModified":"2026-03-12T11:44:47+00:00","description":"APG Cash Drawer bietet eine 1, 3, 5 oder eine begrenzte lebenslange Garantie f\u00fcr seine Nicht-OEM Cash Management und Guardiant Produkte.","inLanguage":"de","potentialAction":[{"@type":"ReadAction","target":["https:\/\/apgsolutions.com\/de\/garantie\/"]}]},{"@type":"WebSite","@id":"https:\/\/apgsolutions.com\/de\/#website","url":"https:\/\/apgsolutions.com\/de\/","name":"APG Solutions, LLC","description":"Trust at every point.","publisher":{"@id":"https:\/\/apgsolutions.com\/de\/#organization"},"potentialAction":[{"@type":"SearchAction","target":{"@type":"EntryPoint","urlTemplate":"https:\/\/apgsolutions.com\/de\/?s={search_term_string}"},"query-input":{"@type":"PropertyValueSpecification","valueRequired":true,"valueName":"search_term_string"}}],"inLanguage":"de"},{"@type":"Organization","@id":"https:\/\/apgsolutions.com\/de\/#organization","name":"APG Solution, LLC","url":"https:\/\/apgsolutions.com\/de\/","logo":{"@type":"ImageObject","inLanguage":"de","@id":"https:\/\/apgsolutions.com\/de\/#\/schema\/logo\/image\/","url":"https:\/\/apgsolutions.com\/wp-content\/uploads\/2023\/12\/logomark-color.svg","contentUrl":"https:\/\/apgsolutions.com\/wp-content\/uploads\/2023\/12\/logomark-color.svg","width":141,"height":138,"caption":"APG Solution, LLC"},"image":{"@id":"https:\/\/apgsolutions.com\/de\/#\/schema\/logo\/image\/"},"sameAs":["https:\/\/www.facebook.com\/apgglobalsolutions","https:\/\/x.com\/apg_solutions","https:\/\/www.youtube.com\/c\/CashManagementGlobalSolutionsbyapg","https:\/\/www.linkedin.com\/company\/apgglobalsolutions\/","https:\/\/www.instagram.com\/apgglobalsolutions\/","https:\/\/www.pinterest.com\/apgcashdrawer\/"]}]}},"acf":[],"_links":{"self":[{"href":"https:\/\/apgsolutions.com\/de\/wp-json\/wp\/v2\/pages\/64577","targetHints":{"allow":["GET"]}}],"collection":[{"href":"https:\/\/apgsolutions.com\/de\/wp-json\/wp\/v2\/pages"}],"about":[{"href":"https:\/\/apgsolutions.com\/de\/wp-json\/wp\/v2\/types\/page"}],"author":[{"embeddable":true,"href":"https:\/\/apgsolutions.com\/de\/wp-json\/wp\/v2\/users\/4"}],"replies":[{"embeddable":true,"href":"https:\/\/apgsolutions.com\/de\/wp-json\/wp\/v2\/comments?post=64577"}],"version-history":[{"count":7,"href":"https:\/\/apgsolutions.com\/de\/wp-json\/wp\/v2\/pages\/64577\/revisions"}],"predecessor-version":[{"id":105303,"href":"https:\/\/apgsolutions.com\/de\/wp-json\/wp\/v2\/pages\/64577\/revisions\/105303"}],"wp:attachment":[{"href":"https:\/\/apgsolutions.com\/de\/wp-json\/wp\/v2\/media?parent=64577"}],"curies":[{"name":"wp","href":"https:\/\/api.w.org\/{rel}","templated":true}]}}