{"id":64583,"date":"2023-06-15T18:38:53","date_gmt":"2023-06-15T18:38:53","guid":{"rendered":"https:\/\/apgsolutions.com\/globale-partner\/"},"modified":"2026-01-22T14:42:23","modified_gmt":"2026-01-22T14:42:23","slug":"globale-partner","status":"publish","type":"page","link":"https:\/\/apgsolutions.com\/de\/globale-partner\/","title":{"rendered":"Globale Partner"},"content":{"rendered":"\t\t<div data-elementor-type=\"wp-page\" data-elementor-id=\"64583\" class=\"elementor elementor-64583 elementor-519\" data-elementor-post-type=\"page\">\n\t\t\t\t\t\t<section class=\"elementor-section elementor-top-section elementor-element elementor-element-22a86102 elementor-section-boxed elementor-section-height-default elementor-section-height-default exad-glass-effect-no exad-sticky-section-no\" data-id=\"22a86102\" data-element_type=\"section\" data-e-type=\"section\">\n\t\t\t\t\t\t<div class=\"elementor-container elementor-column-gap-default\">\n\t\t\t\t\t<div class=\"elementor-column elementor-col-100 elementor-top-column elementor-element elementor-element-51d56950 exad-glass-effect-no exad-sticky-section-no\" data-id=\"51d56950\" data-element_type=\"column\" data-e-type=\"column\">\n\t\t\t<div class=\"elementor-widget-wrap elementor-element-populated\">\n\t\t\t\t\t\t<div class=\"elementor-element elementor-element-7c3ee8bb exad-sticky-section-no exad-glass-effect-no elementor-widget elementor-widget-text-editor\" data-id=\"7c3ee8bb\" data-element_type=\"widget\" data-e-type=\"widget\" data-widget_type=\"text-editor.default\">\n\t\t\t\t<div class=\"elementor-widget-container\">\n\t\t\t\t\t\t\t\t\t<p> <\/p><h1 id=\"h-apg-s-valued-partnerships-and-strategic-alliances\" class=\"wp-block-heading has-large-font-size\">apg&#8217;s gesch\u00e4tzte Partnerschaften und strategische Allianzen<\/h1><p>apg\u00ae Solutions ist Partnerschaften mit branchenf\u00fchrenden Software- und Hardwareunternehmen eingegangen, um unseren Kunden das ultimative Kundenerlebnis zu bieten. Arbeiten Sie mit apg\u00ae w\u00e4hrend des gesamten Lebenszyklus der Partnerschaft zusammen, von Schulung und Integration bis hin zu Vertrieb und Support. <\/p><p>View our list of certified partners located throughout the world. Die Sortierkategorien wurden nach Land oder Partnertyp unterteilt.<\/p><div class=\"wp-block-group apg-margin-5 graybox box-image\"><h2 class=\"wp-block-heading has-text-align-center\">Sind Sie daran interessiert, Partner zu werden?<\/h2><p>Our partners help us to design solutions using the highest standards and processes in order to meet customers&#8216; needs and expectations today and in the future. Finden Sie die richtige Partnerschaft f\u00fcr Ihr Unternehmen.<\/p><div class=\"wp-block-spacer\" style=\"height: 0px;\" aria-hidden=\"true\"> <\/div><div class=\"wp-block-buttons\"><div class=\"wp-block-button\"><a class=\"wp-block-button__link wp-element-button\" href=\"https:\/\/share.hsforms.com\/1lsm-9ZBvSSGeYxGELVIH6w1zj23\" target=\"_blank\" rel=\"noreferrer noopener\">smarttill\u00ae Solution Zertifizierter Partner<\/a><\/div><div class=\"wp-block-button\"><a class=\"wp-block-button__link wp-element-button\" href=\"https:\/\/apgsolutions.com\/compass-reseller-program\/\" target=\"_blank\" rel=\"noreferrer noopener\">Compass Wiederverk\u00e4ufer-Programm<\/a><\/div><\/div><\/div>\t\t\t\t\t\t\t\t<\/div>\n\t\t\t\t<\/div>\n\t\t\t\t\t<\/div>\n\t\t<\/div>\n\t\t\t\t\t<\/div>\n\t\t<\/section>\n\t\t\t\t<\/div>\n\t\t","protected":false},"excerpt":{"rendered":"<p>apg&#8217;s gesch\u00e4tzte Partnerschaften und strategische Allianzen apg\u00ae Solutions ist Partnerschaften mit branchenf\u00fchrenden Software- und Hardwareunternehmen eingegangen, um unseren Kunden das ultimative Kundenerlebnis zu bieten. Arbeiten Sie mit apg\u00ae w\u00e4hrend des gesamten Lebenszyklus der Partnerschaft zusammen, von Schulung und Integration bis hin zu Vertrieb und Support. View our list of certified partners located throughout the world. [&hellip;]<\/p>\n","protected":false},"author":4,"featured_media":0,"parent":0,"menu_order":0,"comment_status":"closed","ping_status":"closed","template":"page-partners.php","meta":{"_acf_changed":false,"content-type":"","footnotes":""},"class_list":["post-64583","page","type-page","status-publish"],"yoast_head":"<!-- This site is optimized with the Yoast SEO Premium plugin v23.5 (Yoast SEO v27.2) - https:\/\/yoast.com\/product\/yoast-seo-premium-wordpress\/ -->\n<title>Globale Partner und strategische Allianzen | apg\u00ae<\/title>\n<meta name=\"description\" content=\"APG hat sich mit branchenf\u00fchrenden Software- und Hardwareunternehmen zusammengeschlossen, um die ultimativen L\u00f6sungen f\u00fcr die Bed\u00fcrfnisse der Kunden zu liefern.\" \/>\n<meta name=\"robots\" content=\"index, follow, max-snippet:-1, max-image-preview:large, max-video-preview:-1\" \/>\n<link rel=\"canonical\" href=\"https:\/\/apgsolutions.com\/de\/globale-partner\/\" \/>\n<meta property=\"og:locale\" content=\"de_DE\" \/>\n<meta property=\"og:type\" content=\"article\" \/>\n<meta property=\"og:title\" content=\"Globale Partner und strategische Allianzen | apg\u00ae\" \/>\n<meta property=\"og:description\" content=\"APG hat sich mit branchenf\u00fchrenden Software- und Hardwareunternehmen zusammengeschlossen, um die ultimativen L\u00f6sungen f\u00fcr die Bed\u00fcrfnisse der Kunden zu liefern.\" \/>\n<meta property=\"og:url\" content=\"https:\/\/apgsolutions.com\/de\/globale-partner\/\" \/>\n<meta property=\"og:site_name\" content=\"apg\u00ae Solutions\" \/>\n<meta property=\"article:publisher\" content=\"https:\/\/www.facebook.com\/apgglobalsolutions\" \/>\n<meta property=\"article:modified_time\" content=\"2026-01-22T14:42:23+00:00\" \/>\n<meta name=\"twitter:card\" content=\"summary_large_image\" \/>\n<meta name=\"twitter:site\" content=\"@apg_solutions\" \/>\n<meta name=\"twitter:label1\" content=\"Gesch\u00e4tzte Lesezeit\" \/>\n\t<meta name=\"twitter:data1\" content=\"1\u00a0Minute\" \/>\n<script type=\"application\/ld+json\" class=\"yoast-schema-graph\">{\"@context\":\"https:\/\/schema.org\",\"@graph\":[{\"@type\":\"WebPage\",\"@id\":\"https:\/\/apgsolutions.com\/de\/globale-partner\/\",\"url\":\"https:\/\/apgsolutions.com\/de\/globale-partner\/\",\"name\":\"Globale Partner und strategische Allianzen | apg\u00ae\",\"isPartOf\":{\"@id\":\"https:\/\/apgsolutions.com\/de\/#website\"},\"datePublished\":\"2023-06-15T18:38:53+00:00\",\"dateModified\":\"2026-01-22T14:42:23+00:00\",\"description\":\"APG hat sich mit branchenf\u00fchrenden Software- und Hardwareunternehmen zusammengeschlossen, um die ultimativen L\u00f6sungen f\u00fcr die Bed\u00fcrfnisse der Kunden zu liefern.\",\"inLanguage\":\"de\",\"potentialAction\":[{\"@type\":\"ReadAction\",\"target\":[\"https:\/\/apgsolutions.com\/de\/globale-partner\/\"]}]},{\"@type\":\"WebSite\",\"@id\":\"https:\/\/apgsolutions.com\/de\/#website\",\"url\":\"https:\/\/apgsolutions.com\/de\/\",\"name\":\"APG Solutions, LLC\",\"description\":\"Trust at every point.\",\"publisher\":{\"@id\":\"https:\/\/apgsolutions.com\/de\/#organization\"},\"potentialAction\":[{\"@type\":\"SearchAction\",\"target\":{\"@type\":\"EntryPoint\",\"urlTemplate\":\"https:\/\/apgsolutions.com\/de\/?s={search_term_string}\"},\"query-input\":{\"@type\":\"PropertyValueSpecification\",\"valueRequired\":true,\"valueName\":\"search_term_string\"}}],\"inLanguage\":\"de\"},{\"@type\":\"Organization\",\"@id\":\"https:\/\/apgsolutions.com\/de\/#organization\",\"name\":\"APG Solution, LLC\",\"url\":\"https:\/\/apgsolutions.com\/de\/\",\"logo\":{\"@type\":\"ImageObject\",\"inLanguage\":\"de\",\"@id\":\"https:\/\/apgsolutions.com\/de\/#\/schema\/logo\/image\/\",\"url\":\"https:\/\/apgsolutions.com\/wp-content\/uploads\/2023\/12\/logomark-color.svg\",\"contentUrl\":\"https:\/\/apgsolutions.com\/wp-content\/uploads\/2023\/12\/logomark-color.svg\",\"width\":141,\"height\":138,\"caption\":\"APG Solution, LLC\"},\"image\":{\"@id\":\"https:\/\/apgsolutions.com\/de\/#\/schema\/logo\/image\/\"},\"sameAs\":[\"https:\/\/www.facebook.com\/apgglobalsolutions\",\"https:\/\/x.com\/apg_solutions\",\"https:\/\/www.youtube.com\/c\/CashManagementGlobalSolutionsbyapg\",\"https:\/\/www.linkedin.com\/company\/apgglobalsolutions\/\",\"https:\/\/www.instagram.com\/apgglobalsolutions\/\",\"https:\/\/www.pinterest.com\/apgcashdrawer\/\"]}]}<\/script>\n<!-- \/ Yoast SEO Premium plugin. -->","yoast_head_json":{"title":"Globale Partner und strategische Allianzen | apg\u00ae","description":"APG hat sich mit branchenf\u00fchrenden Software- und Hardwareunternehmen zusammengeschlossen, um die ultimativen L\u00f6sungen f\u00fcr die Bed\u00fcrfnisse der Kunden zu liefern.","robots":{"index":"index","follow":"follow","max-snippet":"max-snippet:-1","max-image-preview":"max-image-preview:large","max-video-preview":"max-video-preview:-1"},"canonical":"https:\/\/apgsolutions.com\/de\/globale-partner\/","og_locale":"de_DE","og_type":"article","og_title":"Globale Partner und strategische Allianzen | apg\u00ae","og_description":"APG hat sich mit branchenf\u00fchrenden Software- und Hardwareunternehmen zusammengeschlossen, um die ultimativen L\u00f6sungen f\u00fcr die Bed\u00fcrfnisse der Kunden zu liefern.","og_url":"https:\/\/apgsolutions.com\/de\/globale-partner\/","og_site_name":"apg\u00ae Solutions","article_publisher":"https:\/\/www.facebook.com\/apgglobalsolutions","article_modified_time":"2026-01-22T14:42:23+00:00","twitter_card":"summary_large_image","twitter_site":"@apg_solutions","twitter_misc":{"Gesch\u00e4tzte Lesezeit":"1\u00a0Minute"},"schema":{"@context":"https:\/\/schema.org","@graph":[{"@type":"WebPage","@id":"https:\/\/apgsolutions.com\/de\/globale-partner\/","url":"https:\/\/apgsolutions.com\/de\/globale-partner\/","name":"Globale Partner und strategische Allianzen | apg\u00ae","isPartOf":{"@id":"https:\/\/apgsolutions.com\/de\/#website"},"datePublished":"2023-06-15T18:38:53+00:00","dateModified":"2026-01-22T14:42:23+00:00","description":"APG hat sich mit branchenf\u00fchrenden Software- und Hardwareunternehmen zusammengeschlossen, um die ultimativen L\u00f6sungen f\u00fcr die Bed\u00fcrfnisse der Kunden zu liefern.","inLanguage":"de","potentialAction":[{"@type":"ReadAction","target":["https:\/\/apgsolutions.com\/de\/globale-partner\/"]}]},{"@type":"WebSite","@id":"https:\/\/apgsolutions.com\/de\/#website","url":"https:\/\/apgsolutions.com\/de\/","name":"APG Solutions, LLC","description":"Trust at every point.","publisher":{"@id":"https:\/\/apgsolutions.com\/de\/#organization"},"potentialAction":[{"@type":"SearchAction","target":{"@type":"EntryPoint","urlTemplate":"https:\/\/apgsolutions.com\/de\/?s={search_term_string}"},"query-input":{"@type":"PropertyValueSpecification","valueRequired":true,"valueName":"search_term_string"}}],"inLanguage":"de"},{"@type":"Organization","@id":"https:\/\/apgsolutions.com\/de\/#organization","name":"APG Solution, LLC","url":"https:\/\/apgsolutions.com\/de\/","logo":{"@type":"ImageObject","inLanguage":"de","@id":"https:\/\/apgsolutions.com\/de\/#\/schema\/logo\/image\/","url":"https:\/\/apgsolutions.com\/wp-content\/uploads\/2023\/12\/logomark-color.svg","contentUrl":"https:\/\/apgsolutions.com\/wp-content\/uploads\/2023\/12\/logomark-color.svg","width":141,"height":138,"caption":"APG Solution, LLC"},"image":{"@id":"https:\/\/apgsolutions.com\/de\/#\/schema\/logo\/image\/"},"sameAs":["https:\/\/www.facebook.com\/apgglobalsolutions","https:\/\/x.com\/apg_solutions","https:\/\/www.youtube.com\/c\/CashManagementGlobalSolutionsbyapg","https:\/\/www.linkedin.com\/company\/apgglobalsolutions\/","https:\/\/www.instagram.com\/apgglobalsolutions\/","https:\/\/www.pinterest.com\/apgcashdrawer\/"]}]}},"acf":[],"_links":{"self":[{"href":"https:\/\/apgsolutions.com\/de\/wp-json\/wp\/v2\/pages\/64583","targetHints":{"allow":["GET"]}}],"collection":[{"href":"https:\/\/apgsolutions.com\/de\/wp-json\/wp\/v2\/pages"}],"about":[{"href":"https:\/\/apgsolutions.com\/de\/wp-json\/wp\/v2\/types\/page"}],"author":[{"embeddable":true,"href":"https:\/\/apgsolutions.com\/de\/wp-json\/wp\/v2\/users\/4"}],"replies":[{"embeddable":true,"href":"https:\/\/apgsolutions.com\/de\/wp-json\/wp\/v2\/comments?post=64583"}],"version-history":[{"count":3,"href":"https:\/\/apgsolutions.com\/de\/wp-json\/wp\/v2\/pages\/64583\/revisions"}],"predecessor-version":[{"id":98387,"href":"https:\/\/apgsolutions.com\/de\/wp-json\/wp\/v2\/pages\/64583\/revisions\/98387"}],"wp:attachment":[{"href":"https:\/\/apgsolutions.com\/de\/wp-json\/wp\/v2\/media?parent=64583"}],"curies":[{"name":"wp","href":"https:\/\/api.w.org\/{rel}","templated":true}]}}