{"id":64588,"date":"2023-06-15T19:01:27","date_gmt":"2023-06-15T19:01:27","guid":{"rendered":"https:\/\/apgsolutions.com\/usb-treiber\/"},"modified":"2026-01-22T18:03:17","modified_gmt":"2026-01-22T18:03:17","slug":"usb-treiber","status":"publish","type":"page","link":"https:\/\/apgsolutions.com\/de\/usb-treiber\/","title":{"rendered":"USB-Treiber"},"content":{"rendered":"<div class=\"section_page-header \">\n    <img decoding=\"async\" class=\"header-image\" src=\"https:\/\/apgsolutions.com\/wp-content\/uploads\/2023\/05\/European-USB-Drivers.jpg\" alt=\"European-USB-Drivers\" title=\"European-USB-Drivers\">\n            <div class=\"header-content\">\n            <h1>USB-Treiber<\/h1>\n        <\/div>\n    <\/div>\n\n\n<h2 class=\"wp-block-heading\" id=\"h-usb-treiber-und-testprogramm\">USB-Treiber und Testprogramm<\/h2>\n\n\n\n<p>Die folgenden Downloads enthalten das Cash Bases USB-Testprogramm f\u00fcr Geldladen (nur Windows) mit internem USB und UMI auf USB-Module, eine dazugeh\u00f6rige Konfigurationsdatei, USB-Treiber f\u00fcr Windows und eine Anleitung. Das Dienstprogramm dient zum Testen von Geldladen, die mittels USB verbunden sind, und erm\u00f6glicht das \u00d6ffnen der Lade sowie die \u00dcberwachung, ob diese offen oder geschlossen ist. Bitte w\u00e4hlen Sie den f\u00fcr Ihren Ger\u00e4tetyp zutreffenden Download aus:<\/p>\n\n\n\n<p><a href=\"\/wp-content\/uploads\/2023\/05\/PROG0077.zip\">Internal USB<\/a><br><a href=\"https:\/\/apgsolutions.com\/wp-content\/uploads\/2023\/05\/PROG0061.zip\">UMI &#8211; USB<\/a><\/p>\n\n\n\n<h2 class=\"wp-block-heading\" id=\"h-opos-treiber-und-testprogramm\">OPOS-Treiber und Testprogramm<\/h2>\n\n\n\n<p>Die folgenden Downloads enthalten die Cash Bases OPOS-Treiber und das Testprogramm f\u00fcr Kassenschubladen (nur Windows) mit internem USB und UMI auf USB-Module, die erforderlichen OPOS CCO und eine Anleitung. Diese Treiber erm\u00f6glichen das \u00d6ffnen der Geldlade und die \u00dcberwachung, ob diese offen oder geschlossen ist, mithilfe des OPOS-Standards. Das mitgelieferte Dienstprogramm dient dem Testen der Treiber. Bitte w\u00e4hlen Sie den f\u00fcr Ihren Ger\u00e4tetyp zutreffenden Download aus:<\/p>\n\n\n\n<p><a href=\"\/wp-content\/uploads\/2023\/05\/PROG0121-rev-A-USB-OPOS-Driver-for-Windows.zip\">Internal USB OPOS Driver <\/a><br><a href=\"https:\/\/apgsolutions.com\/wp-content\/uploads\/2023\/05\/PROG0078-rev-B-UMI-OPOS-Driver-for-Windows.zip\">UMI &#8211; USB OPOS Driver<\/a><\/p>\n\n\n\n<hr class=\"wp-block-separator has-alpha-channel-opacity\"\/>\n\n\n\n<p>Geldladen-USB-Treiber f\u00fcr andere Betriebssysteme sind hier verf\u00fcgbar: <a href=\"http:\/\/www.ftdichip.com\/FTDrivers.htm\" target=\"_blank\" rel=\"noreferrer noopener\">http:\/\/www.ftdichip.com\/FTDrivers.htm<\/a><\/p>\n\n\n\n<p>Bitte wenden Sie sich f\u00fcr technischen Support an: <a href=\"mailto:sales.na@apgsolutions.com\">sales.na@apgsolutions.com<\/a> und <a href=\"mailto:sales.eu@apgsolutions.com\">sales.eu@apgsolutions.com<\/a><\/p>\n","protected":false},"excerpt":{"rendered":"<p>USB-Treiber und Testprogramm Die folgenden Downloads enthalten das Cash Bases USB-Testprogramm f\u00fcr Geldladen (nur Windows) mit internem USB und UMI auf USB-Module, eine dazugeh\u00f6rige Konfigurationsdatei, USB-Treiber f\u00fcr Windows und eine Anleitung. Das Dienstprogramm dient zum Testen von Geldladen, die mittels USB verbunden sind, und erm\u00f6glicht das \u00d6ffnen der Lade sowie die \u00dcberwachung, ob diese offen [&hellip;]<\/p>\n","protected":false},"author":4,"featured_media":0,"parent":0,"menu_order":0,"comment_status":"closed","ping_status":"closed","template":"","meta":{"_acf_changed":false,"content-type":"","footnotes":""},"class_list":["post-64588","page","type-page","status-publish"],"yoast_head":"<!-- This site is optimized with the Yoast SEO Premium plugin v23.5 (Yoast SEO v27.2) - https:\/\/yoast.com\/product\/yoast-seo-premium-wordpress\/ -->\n<title>Europ\u00e4ische USB-Treiber | apg\u00ae L\u00f6sungen<\/title>\n<meta name=\"description\" content=\"Cash Bases USB-Kassenschubladen-Testprogramm (nur Windows) f\u00fcr interne USB-Schubladen und UMI-zu-USB-Module und andere.\" \/>\n<meta name=\"robots\" content=\"index, follow, max-snippet:-1, max-image-preview:large, max-video-preview:-1\" \/>\n<link rel=\"canonical\" href=\"https:\/\/apgsolutions.com\/de\/usb-treiber\/\" \/>\n<meta property=\"og:locale\" content=\"de_DE\" \/>\n<meta property=\"og:type\" content=\"article\" \/>\n<meta property=\"og:title\" content=\"Europ\u00e4ische USB-Treiber | apg\u00ae L\u00f6sungen\" \/>\n<meta property=\"og:description\" content=\"Cash Bases USB-Kassenschubladen-Testprogramm (nur Windows) f\u00fcr interne USB-Schubladen und UMI-zu-USB-Module und andere.\" \/>\n<meta property=\"og:url\" content=\"https:\/\/apgsolutions.com\/de\/usb-treiber\/\" \/>\n<meta property=\"og:site_name\" content=\"apg\u00ae Solutions\" \/>\n<meta property=\"article:publisher\" content=\"https:\/\/www.facebook.com\/apgglobalsolutions\" \/>\n<meta property=\"article:modified_time\" content=\"2026-01-22T18:03:17+00:00\" \/>\n<meta name=\"twitter:card\" content=\"summary_large_image\" \/>\n<meta name=\"twitter:site\" content=\"@apg_solutions\" \/>\n<meta name=\"twitter:label1\" content=\"Gesch\u00e4tzte Lesezeit\" \/>\n\t<meta name=\"twitter:data1\" content=\"1\u00a0Minute\" \/>\n<script type=\"application\/ld+json\" class=\"yoast-schema-graph\">{\"@context\":\"https:\/\/schema.org\",\"@graph\":[{\"@type\":\"WebPage\",\"@id\":\"https:\/\/apgsolutions.com\/de\/usb-treiber\/\",\"url\":\"https:\/\/apgsolutions.com\/de\/usb-treiber\/\",\"name\":\"Europ\u00e4ische USB-Treiber | apg\u00ae L\u00f6sungen\",\"isPartOf\":{\"@id\":\"https:\/\/apgsolutions.com\/de\/#website\"},\"datePublished\":\"2023-06-15T19:01:27+00:00\",\"dateModified\":\"2026-01-22T18:03:17+00:00\",\"description\":\"Cash Bases USB-Kassenschubladen-Testprogramm (nur Windows) f\u00fcr interne USB-Schubladen und UMI-zu-USB-Module und andere.\",\"inLanguage\":\"de\",\"potentialAction\":[{\"@type\":\"ReadAction\",\"target\":[\"https:\/\/apgsolutions.com\/de\/usb-treiber\/\"]}]},{\"@type\":\"WebSite\",\"@id\":\"https:\/\/apgsolutions.com\/de\/#website\",\"url\":\"https:\/\/apgsolutions.com\/de\/\",\"name\":\"APG Solutions, LLC\",\"description\":\"Trust at every point.\",\"publisher\":{\"@id\":\"https:\/\/apgsolutions.com\/de\/#organization\"},\"potentialAction\":[{\"@type\":\"SearchAction\",\"target\":{\"@type\":\"EntryPoint\",\"urlTemplate\":\"https:\/\/apgsolutions.com\/de\/?s={search_term_string}\"},\"query-input\":{\"@type\":\"PropertyValueSpecification\",\"valueRequired\":true,\"valueName\":\"search_term_string\"}}],\"inLanguage\":\"de\"},{\"@type\":\"Organization\",\"@id\":\"https:\/\/apgsolutions.com\/de\/#organization\",\"name\":\"APG Solution, LLC\",\"url\":\"https:\/\/apgsolutions.com\/de\/\",\"logo\":{\"@type\":\"ImageObject\",\"inLanguage\":\"de\",\"@id\":\"https:\/\/apgsolutions.com\/de\/#\/schema\/logo\/image\/\",\"url\":\"https:\/\/apgsolutions.com\/wp-content\/uploads\/2023\/12\/logomark-color.svg\",\"contentUrl\":\"https:\/\/apgsolutions.com\/wp-content\/uploads\/2023\/12\/logomark-color.svg\",\"width\":141,\"height\":138,\"caption\":\"APG Solution, LLC\"},\"image\":{\"@id\":\"https:\/\/apgsolutions.com\/de\/#\/schema\/logo\/image\/\"},\"sameAs\":[\"https:\/\/www.facebook.com\/apgglobalsolutions\",\"https:\/\/x.com\/apg_solutions\",\"https:\/\/www.youtube.com\/c\/CashManagementGlobalSolutionsbyapg\",\"https:\/\/www.linkedin.com\/company\/apgglobalsolutions\/\",\"https:\/\/www.instagram.com\/apgglobalsolutions\/\",\"https:\/\/www.pinterest.com\/apgcashdrawer\/\"]}]}<\/script>\n<!-- \/ Yoast SEO Premium plugin. -->","yoast_head_json":{"title":"Europ\u00e4ische USB-Treiber | apg\u00ae L\u00f6sungen","description":"Cash Bases USB-Kassenschubladen-Testprogramm (nur Windows) f\u00fcr interne USB-Schubladen und UMI-zu-USB-Module und andere.","robots":{"index":"index","follow":"follow","max-snippet":"max-snippet:-1","max-image-preview":"max-image-preview:large","max-video-preview":"max-video-preview:-1"},"canonical":"https:\/\/apgsolutions.com\/de\/usb-treiber\/","og_locale":"de_DE","og_type":"article","og_title":"Europ\u00e4ische USB-Treiber | apg\u00ae L\u00f6sungen","og_description":"Cash Bases USB-Kassenschubladen-Testprogramm (nur Windows) f\u00fcr interne USB-Schubladen und UMI-zu-USB-Module und andere.","og_url":"https:\/\/apgsolutions.com\/de\/usb-treiber\/","og_site_name":"apg\u00ae Solutions","article_publisher":"https:\/\/www.facebook.com\/apgglobalsolutions","article_modified_time":"2026-01-22T18:03:17+00:00","twitter_card":"summary_large_image","twitter_site":"@apg_solutions","twitter_misc":{"Gesch\u00e4tzte Lesezeit":"1\u00a0Minute"},"schema":{"@context":"https:\/\/schema.org","@graph":[{"@type":"WebPage","@id":"https:\/\/apgsolutions.com\/de\/usb-treiber\/","url":"https:\/\/apgsolutions.com\/de\/usb-treiber\/","name":"Europ\u00e4ische USB-Treiber | apg\u00ae L\u00f6sungen","isPartOf":{"@id":"https:\/\/apgsolutions.com\/de\/#website"},"datePublished":"2023-06-15T19:01:27+00:00","dateModified":"2026-01-22T18:03:17+00:00","description":"Cash Bases USB-Kassenschubladen-Testprogramm (nur Windows) f\u00fcr interne USB-Schubladen und UMI-zu-USB-Module und andere.","inLanguage":"de","potentialAction":[{"@type":"ReadAction","target":["https:\/\/apgsolutions.com\/de\/usb-treiber\/"]}]},{"@type":"WebSite","@id":"https:\/\/apgsolutions.com\/de\/#website","url":"https:\/\/apgsolutions.com\/de\/","name":"APG Solutions, LLC","description":"Trust at every point.","publisher":{"@id":"https:\/\/apgsolutions.com\/de\/#organization"},"potentialAction":[{"@type":"SearchAction","target":{"@type":"EntryPoint","urlTemplate":"https:\/\/apgsolutions.com\/de\/?s={search_term_string}"},"query-input":{"@type":"PropertyValueSpecification","valueRequired":true,"valueName":"search_term_string"}}],"inLanguage":"de"},{"@type":"Organization","@id":"https:\/\/apgsolutions.com\/de\/#organization","name":"APG Solution, LLC","url":"https:\/\/apgsolutions.com\/de\/","logo":{"@type":"ImageObject","inLanguage":"de","@id":"https:\/\/apgsolutions.com\/de\/#\/schema\/logo\/image\/","url":"https:\/\/apgsolutions.com\/wp-content\/uploads\/2023\/12\/logomark-color.svg","contentUrl":"https:\/\/apgsolutions.com\/wp-content\/uploads\/2023\/12\/logomark-color.svg","width":141,"height":138,"caption":"APG Solution, LLC"},"image":{"@id":"https:\/\/apgsolutions.com\/de\/#\/schema\/logo\/image\/"},"sameAs":["https:\/\/www.facebook.com\/apgglobalsolutions","https:\/\/x.com\/apg_solutions","https:\/\/www.youtube.com\/c\/CashManagementGlobalSolutionsbyapg","https:\/\/www.linkedin.com\/company\/apgglobalsolutions\/","https:\/\/www.instagram.com\/apgglobalsolutions\/","https:\/\/www.pinterest.com\/apgcashdrawer\/"]}]}},"acf":[],"_links":{"self":[{"href":"https:\/\/apgsolutions.com\/de\/wp-json\/wp\/v2\/pages\/64588","targetHints":{"allow":["GET"]}}],"collection":[{"href":"https:\/\/apgsolutions.com\/de\/wp-json\/wp\/v2\/pages"}],"about":[{"href":"https:\/\/apgsolutions.com\/de\/wp-json\/wp\/v2\/types\/page"}],"author":[{"embeddable":true,"href":"https:\/\/apgsolutions.com\/de\/wp-json\/wp\/v2\/users\/4"}],"replies":[{"embeddable":true,"href":"https:\/\/apgsolutions.com\/de\/wp-json\/wp\/v2\/comments?post=64588"}],"version-history":[{"count":1,"href":"https:\/\/apgsolutions.com\/de\/wp-json\/wp\/v2\/pages\/64588\/revisions"}],"predecessor-version":[{"id":99074,"href":"https:\/\/apgsolutions.com\/de\/wp-json\/wp\/v2\/pages\/64588\/revisions\/99074"}],"wp:attachment":[{"href":"https:\/\/apgsolutions.com\/de\/wp-json\/wp\/v2\/media?parent=64588"}],"curies":[{"name":"wp","href":"https:\/\/api.w.org\/{rel}","templated":true}]}}