{"id":64607,"date":"2023-06-15T19:49:33","date_gmt":"2023-06-15T19:49:33","guid":{"rendered":"https:\/\/apgsolutions.com\/cookie-richtlinien\/"},"modified":"2025-10-14T04:24:25","modified_gmt":"2025-10-14T04:24:25","slug":"cookie-richtlinien","status":"publish","type":"page","link":"https:\/\/apgsolutions.com\/de\/cookie-richtlinien\/","title":{"rendered":"Cookie-Richtlinien"},"content":{"rendered":"<div class=\"section_page-header \">\n    <img decoding=\"async\" class=\"header-image\" src=\"https:\/\/apgsolutions.com\/wp-content\/uploads\/2023\/04\/dark-blue-rotated.jpg\" alt=\"dark-blue\" title=\"dark-blue\">\n            <div class=\"header-content\">\n            <h1>Cookies <br>Policy<\/h1>\n        <\/div>\n    <\/div>\n<p>We want you, as a valued apg\u00ae website user, to fully understand your privacy, how cookies affect you and to be entirely comfortable with your apg\u00ae website experience. If you\u2019d also like more information about apg\u2019s privacy policy please visit our <a href=\"https:\/\/apgsolutions.com\/de\/datenschutzrichtlinien\/\">privacy policy<\/a> page.<\/p>\n\n<h2 class=\"wp-block-heading\" id=\"h-what-are-cookies\"><strong>What are cookies?<\/strong><\/h2>\n\n<p>Ein Cookie ist eine kleine Datei, die oft um Erlaubnis bittet, auf der Festplatte Ihres Computers gespeichert zu werden. Sobald Sie sich einverstanden erkl\u00e4ren, wird diese Datei gespeichert und der Cookie hilft bei der Analyse des Online-Datenverkehrs. Cookies k\u00f6nnen beispielsweise nachverfolgen, wann Sie sich auf einer Website angemeldet haben, bestimmte Seiten besucht haben oder bestimmte Call-to-Action-Schaltfl\u00e4chen angeklickt haben.<\/p>\n\n<p>Ein Cookie gibt uns, abgesehen von den Daten, die Sie uns freiwillig zur Verf\u00fcgung stellen, in keiner Weise Zugriff auf Ihren Computer oder andere Informationen \u00fcber Sie. Sie k\u00f6nnen Cookies akzeptieren oder ablehnen. Die meisten Webbrowser akzeptieren Cookies automatisch, aber Sie k\u00f6nnen Ihre Browsereinstellungen so \u00e4ndern, dass Cookies abgelehnt werden.<\/p>\n\n<h2 class=\"wp-block-heading\"><strong>What do we use cookies for?<\/strong><\/h2>\n\n<ul class=\"wp-block-list\">\n<li><em>Google Analytics<\/em>\n<ul class=\"wp-block-list\">\n<li>Google Analytics-Tracking-Codes helfen uns zu verstehen, wie die Website genutzt wird, um die Benutzerfreundlichkeit zu verbessern.<\/li>\n\n\n\n<li>Alle Benutzerdaten sind anonym. Erfahren Sie mehr \u00fcber <a href=\"https:\/\/support.google.com\/analytics\/answer\/6004245\" target=\"_blank\" rel=\"noreferrer noopener\">Googles Position zum Datenschutz<\/a> als Analysedienst und die <a href=\"https:\/\/developers.google.com\/analytics\/devguides\/collection\/analyticsjs\/cookie-usage\" target=\"_blank\" rel=\"noreferrer noopener\">Verwendung von Cookies auf Websites<\/a><\/li>\n<\/ul>\n<\/li>\n\n\n\n<li><em>HubSpot<\/em>\n<ul class=\"wp-block-list\">\n<li>HubSpot-Tracking-Codes helfen uns, den Erfolg unserer Marketingkampagnen und die Leistung unserer Website zu verfolgen. <a href=\"https:\/\/knowledge.hubspot.com\/privacy-and-consent\/what-cookies-does-hubspot-set-in-a-visitor-s-browser\" target=\"_blank\" rel=\"noreferrer noopener\">Erfahren Sie mehr<\/a> \u00fcber die Verwendung von Cookies durch HubSpot<\/li>\n\n\n\n<li>Tracking-Codes helfen uns bei der Erfassung:\n<ul class=\"wp-block-list\">\n<li>Wie gut unsere Website Traffic und Leads generiert<\/li>\n\n\n\n<li>Bereiche, in denen wir unseren Website-Verkehr und unsere Marketingkampagnen verbessern k\u00f6nnen<\/li>\n\n\n\n<li>Lead Intelligence, um mehr Marketing-, Vertriebs- und Website-Leads in Kunden zu verwandeln<\/li>\n\n\n\n<li>Sammeln Sie Informationen \u00fcber Ihren Browser und Ihre Einstellungen<\/li>\n<\/ul>\n<\/li>\n<\/ul>\n<\/li>\n\n\n\n<li><em>WooCommerce<\/em>\n<ul class=\"wp-block-list\">\n<li>WooCommerce cookies are used to keep track of cart data in the apg\u00ae Online store. Learn more about WooCommerce cookies<\/li>\n<\/ul>\n<\/li>\n<\/ul>\n\n<h2 class=\"wp-block-heading\"><strong>Information We Collect from Cookies<\/strong><\/h2>\n\n<p>apg\u00ae uses Google Analytics to capture website usage; how our users arrive at our site, what they do on the site, what browser they are using and on what operating system etc. However, this analytics data, collected via tracking codes in the pages of our site, is not tied to personally identifiable information.<\/p>\n\n<p>apg&#8217;s website also uses HubSpot tracking codes which tracks visitors anonymously. If and when a user fills out a HubSpot form on the apg\u00ae website, their personal information will be associated with their previous website activity upon form submission. However, if you do not wish to disclose your personal data please do not submit any information via apg\u2019s forms. <a href=\"https:\/\/knowledge.hubspot.com\/articles\/kcs_article\/account\/how-does-hubspot-track-visitors\" target=\"_blank\" rel=\"noreferrer noopener\">Learn more<\/a> about how HubSpot tracks visitors.<\/p>\n\n<h2 class=\"wp-block-heading\"><strong>Third Party Cookies<\/strong><\/h2>\n\n<p>To give you a better user experience, apg\u00ae sometimes embeds photos, videos or similar elements hosted on third party online services such as YouTube. Therefore, you may be exposed to cookies from these services when you visit an apg\u00ae page containing such content.<\/p>\n\n<p>Embedded &#8217;share&#8216; buttons may be used on the apg\u00ae website. These buttons enable users to easily share content with their friends through several popular social networks. When you click on one of these buttons, a cookie may be set by the service you have chosen to share content through.<\/p>\n\n<p>apg\u00ae does not control the distribution of these third-party online services cookies and we recommend you check the relevant third party\u2019s website for more information.<\/p>\n\n<h2 class=\"wp-block-heading\"><strong>Consent and Agreement<\/strong><\/h2>\n\n<p>BY CONTINUING TO USE OUR WEBSITE, YOU AGREE TO BE SUBJECT TO THE TERMS OF THIS COOKIES POLICY AND OUR USE OF COOKIES AS DISCLOSED IN THIS POLICY. If you do not agree to these terms and conditions, please do not disclose any personal information to the apg\u00ae website. APG Cash Drawer, LLC may change this Cookie Policy from time to time by updating this page. We recommend you check this page periodically to ensure that you are happy with any changes. This policy was revised May 9, 2018.<\/p>\n\n<h2 class=\"wp-block-heading\"><strong>Contact Us<\/strong><\/h2>\n\n<p>Wenn Sie Fragen zu unserer Cookie-Richtlinie haben, kontaktieren Sie uns bitte per E-Mail unter <a href=\"mailto:marketing.na@apgsolutions.com\">marketing.na@apgsolutions.com<\/a> und <a href=\"mailto:marketing.eu@apgsolutions.com\">marketing.eu@apgsolutions.com.<\/a><\/p>\n","protected":false},"excerpt":{"rendered":"<p>We want you, as a valued apg\u00ae website user, to fully understand your privacy, how cookies affect you and to be entirely comfortable with your apg\u00ae website experience. If you\u2019d also like more information about apg\u2019s privacy policy please visit our privacy policy page. What are cookies? Ein Cookie ist eine kleine Datei, die oft [&hellip;]<\/p>\n","protected":false},"author":4,"featured_media":0,"parent":0,"menu_order":0,"comment_status":"closed","ping_status":"closed","template":"","meta":{"_acf_changed":false,"content-type":"","footnotes":""},"class_list":["post-64607","page","type-page","status-publish"],"yoast_head":"<!-- This site is optimized with the Yoast SEO Premium plugin v23.5 (Yoast SEO v27.2) - https:\/\/yoast.com\/product\/yoast-seo-premium-wordpress\/ -->\n<title>Cookie-Richtlinien<\/title>\n<meta name=\"robots\" content=\"index, follow, max-snippet:-1, max-image-preview:large, max-video-preview:-1\" \/>\n<link rel=\"canonical\" href=\"https:\/\/apgsolutions.com\/de\/cookie-richtlinien\/\" \/>\n<meta property=\"og:locale\" content=\"de_DE\" \/>\n<meta property=\"og:type\" content=\"article\" \/>\n<meta property=\"og:title\" content=\"Cookie-Richtlinien\" \/>\n<meta property=\"og:description\" content=\"We want you, as a valued apg\u00ae website user, to fully understand your privacy, how cookies affect you and to be entirely comfortable with your apg\u00ae website experience. If you\u2019d also like more information about apg\u2019s privacy policy please visit our privacy policy page. What are cookies? Ein Cookie ist eine kleine Datei, die oft [&hellip;]\" \/>\n<meta property=\"og:url\" content=\"https:\/\/apgsolutions.com\/de\/cookie-richtlinien\/\" \/>\n<meta property=\"og:site_name\" content=\"apg\u00ae Solutions\" \/>\n<meta property=\"article:publisher\" content=\"https:\/\/www.facebook.com\/apgglobalsolutions\" \/>\n<meta property=\"article:modified_time\" content=\"2025-10-14T04:24:25+00:00\" \/>\n<meta name=\"twitter:card\" content=\"summary_large_image\" \/>\n<meta name=\"twitter:site\" content=\"@apg_solutions\" \/>\n<meta name=\"twitter:label1\" content=\"Gesch\u00e4tzte Lesezeit\" \/>\n\t<meta name=\"twitter:data1\" content=\"4\u00a0Minuten\" \/>\n<script type=\"application\/ld+json\" class=\"yoast-schema-graph\">{\"@context\":\"https:\/\/schema.org\",\"@graph\":[{\"@type\":\"WebPage\",\"@id\":\"https:\/\/apgsolutions.com\/de\/cookie-richtlinien\/\",\"url\":\"https:\/\/apgsolutions.com\/de\/cookie-richtlinien\/\",\"name\":\"Cookie-Richtlinien\",\"isPartOf\":{\"@id\":\"https:\/\/apgsolutions.com\/de\/#website\"},\"datePublished\":\"2023-06-15T19:49:33+00:00\",\"dateModified\":\"2025-10-14T04:24:25+00:00\",\"inLanguage\":\"de\",\"potentialAction\":[{\"@type\":\"ReadAction\",\"target\":[\"https:\/\/apgsolutions.com\/de\/cookie-richtlinien\/\"]}]},{\"@type\":\"WebSite\",\"@id\":\"https:\/\/apgsolutions.com\/de\/#website\",\"url\":\"https:\/\/apgsolutions.com\/de\/\",\"name\":\"APG Solutions, LLC\",\"description\":\"Trust at every point.\",\"publisher\":{\"@id\":\"https:\/\/apgsolutions.com\/de\/#organization\"},\"potentialAction\":[{\"@type\":\"SearchAction\",\"target\":{\"@type\":\"EntryPoint\",\"urlTemplate\":\"https:\/\/apgsolutions.com\/de\/?s={search_term_string}\"},\"query-input\":{\"@type\":\"PropertyValueSpecification\",\"valueRequired\":true,\"valueName\":\"search_term_string\"}}],\"inLanguage\":\"de\"},{\"@type\":\"Organization\",\"@id\":\"https:\/\/apgsolutions.com\/de\/#organization\",\"name\":\"APG Solution, LLC\",\"url\":\"https:\/\/apgsolutions.com\/de\/\",\"logo\":{\"@type\":\"ImageObject\",\"inLanguage\":\"de\",\"@id\":\"https:\/\/apgsolutions.com\/de\/#\/schema\/logo\/image\/\",\"url\":\"https:\/\/apgsolutions.com\/wp-content\/uploads\/2023\/12\/logomark-color.svg\",\"contentUrl\":\"https:\/\/apgsolutions.com\/wp-content\/uploads\/2023\/12\/logomark-color.svg\",\"width\":141,\"height\":138,\"caption\":\"APG Solution, LLC\"},\"image\":{\"@id\":\"https:\/\/apgsolutions.com\/de\/#\/schema\/logo\/image\/\"},\"sameAs\":[\"https:\/\/www.facebook.com\/apgglobalsolutions\",\"https:\/\/x.com\/apg_solutions\",\"https:\/\/www.youtube.com\/c\/CashManagementGlobalSolutionsbyapg\",\"https:\/\/www.linkedin.com\/company\/apgglobalsolutions\/\",\"https:\/\/www.instagram.com\/apgglobalsolutions\/\",\"https:\/\/www.pinterest.com\/apgcashdrawer\/\"]}]}<\/script>\n<!-- \/ Yoast SEO Premium plugin. -->","yoast_head_json":{"title":"Cookie-Richtlinien","robots":{"index":"index","follow":"follow","max-snippet":"max-snippet:-1","max-image-preview":"max-image-preview:large","max-video-preview":"max-video-preview:-1"},"canonical":"https:\/\/apgsolutions.com\/de\/cookie-richtlinien\/","og_locale":"de_DE","og_type":"article","og_title":"Cookie-Richtlinien","og_description":"We want you, as a valued apg\u00ae website user, to fully understand your privacy, how cookies affect you and to be entirely comfortable with your apg\u00ae website experience. If you\u2019d also like more information about apg\u2019s privacy policy please visit our privacy policy page. What are cookies? Ein Cookie ist eine kleine Datei, die oft [&hellip;]","og_url":"https:\/\/apgsolutions.com\/de\/cookie-richtlinien\/","og_site_name":"apg\u00ae Solutions","article_publisher":"https:\/\/www.facebook.com\/apgglobalsolutions","article_modified_time":"2025-10-14T04:24:25+00:00","twitter_card":"summary_large_image","twitter_site":"@apg_solutions","twitter_misc":{"Gesch\u00e4tzte Lesezeit":"4\u00a0Minuten"},"schema":{"@context":"https:\/\/schema.org","@graph":[{"@type":"WebPage","@id":"https:\/\/apgsolutions.com\/de\/cookie-richtlinien\/","url":"https:\/\/apgsolutions.com\/de\/cookie-richtlinien\/","name":"Cookie-Richtlinien","isPartOf":{"@id":"https:\/\/apgsolutions.com\/de\/#website"},"datePublished":"2023-06-15T19:49:33+00:00","dateModified":"2025-10-14T04:24:25+00:00","inLanguage":"de","potentialAction":[{"@type":"ReadAction","target":["https:\/\/apgsolutions.com\/de\/cookie-richtlinien\/"]}]},{"@type":"WebSite","@id":"https:\/\/apgsolutions.com\/de\/#website","url":"https:\/\/apgsolutions.com\/de\/","name":"APG Solutions, LLC","description":"Trust at every point.","publisher":{"@id":"https:\/\/apgsolutions.com\/de\/#organization"},"potentialAction":[{"@type":"SearchAction","target":{"@type":"EntryPoint","urlTemplate":"https:\/\/apgsolutions.com\/de\/?s={search_term_string}"},"query-input":{"@type":"PropertyValueSpecification","valueRequired":true,"valueName":"search_term_string"}}],"inLanguage":"de"},{"@type":"Organization","@id":"https:\/\/apgsolutions.com\/de\/#organization","name":"APG Solution, LLC","url":"https:\/\/apgsolutions.com\/de\/","logo":{"@type":"ImageObject","inLanguage":"de","@id":"https:\/\/apgsolutions.com\/de\/#\/schema\/logo\/image\/","url":"https:\/\/apgsolutions.com\/wp-content\/uploads\/2023\/12\/logomark-color.svg","contentUrl":"https:\/\/apgsolutions.com\/wp-content\/uploads\/2023\/12\/logomark-color.svg","width":141,"height":138,"caption":"APG Solution, LLC"},"image":{"@id":"https:\/\/apgsolutions.com\/de\/#\/schema\/logo\/image\/"},"sameAs":["https:\/\/www.facebook.com\/apgglobalsolutions","https:\/\/x.com\/apg_solutions","https:\/\/www.youtube.com\/c\/CashManagementGlobalSolutionsbyapg","https:\/\/www.linkedin.com\/company\/apgglobalsolutions\/","https:\/\/www.instagram.com\/apgglobalsolutions\/","https:\/\/www.pinterest.com\/apgcashdrawer\/"]}]}},"acf":[],"_links":{"self":[{"href":"https:\/\/apgsolutions.com\/de\/wp-json\/wp\/v2\/pages\/64607","targetHints":{"allow":["GET"]}}],"collection":[{"href":"https:\/\/apgsolutions.com\/de\/wp-json\/wp\/v2\/pages"}],"about":[{"href":"https:\/\/apgsolutions.com\/de\/wp-json\/wp\/v2\/types\/page"}],"author":[{"embeddable":true,"href":"https:\/\/apgsolutions.com\/de\/wp-json\/wp\/v2\/users\/4"}],"replies":[{"embeddable":true,"href":"https:\/\/apgsolutions.com\/de\/wp-json\/wp\/v2\/comments?post=64607"}],"version-history":[{"count":6,"href":"https:\/\/apgsolutions.com\/de\/wp-json\/wp\/v2\/pages\/64607\/revisions"}],"predecessor-version":[{"id":94811,"href":"https:\/\/apgsolutions.com\/de\/wp-json\/wp\/v2\/pages\/64607\/revisions\/94811"}],"wp:attachment":[{"href":"https:\/\/apgsolutions.com\/de\/wp-json\/wp\/v2\/media?parent=64607"}],"curies":[{"name":"wp","href":"https:\/\/api.w.org\/{rel}","templated":true}]}}