{"id":64627,"date":"2023-06-16T09:37:44","date_gmt":"2023-06-16T09:37:44","guid":{"rendered":"https:\/\/apgsolutions.com\/pos-loesungen-fuer-baeckereien\/"},"modified":"2026-03-12T11:45:42","modified_gmt":"2026-03-12T11:45:42","slug":"pos-loesungen-fuer-baeckereien","status":"publish","type":"page","link":"https:\/\/apgsolutions.com\/de\/pos-loesungen-fuer-baeckereien\/","title":{"rendered":"POS-L\u00f6sungen &amp; Kassenautomaten f\u00fcr B\u00e4ckereien"},"content":{"rendered":"<div class=\"section_page-header \">\n    <img decoding=\"async\" class=\"header-image\" src=\"https:\/\/apgsolutions.com\/wp-content\/uploads\/2023\/07\/Bakery-POS-Solutions.jpg\" alt=\"Bakery-POS-Solutions\" title=\"Bakery-POS-Solutions\">\n            <div class=\"header-content\">\n            <h1>POS Solutions &amp; Cash Drawers for Bakeries<\/h1>\n        <\/div>\n    <\/div>\n<div class=\"wp-block-group pos-content-div is-vertical is-content-justification-center is-layout-flex wp-container-core-group-is-layout-4b2eccd6 wp-block-group-is-layout-flex\">\n<div style=\"height:0px\" aria-hidden=\"true\" class=\"wp-block-spacer wp-container-content-b83b6736\"><\/div>\n\n\n\n<div class=\"wp-block-group is-vertical is-content-justification-center is-nowrap is-layout-flex wp-container-core-group-is-layout-e862386f wp-block-group-is-layout-flex\">\n<p class=\"has-text-align-center has-large-font-size\"><strong>Steigende Chancen f\u00fcr die B\u00e4ckereiindustrie<\/strong><\/p>\n\n\n\n<div style=\"height:0px\" aria-hidden=\"true\" class=\"wp-block-spacer wp-container-content-5082a153\"><\/div>\n\n\n\n<p class=\"has-text-align-center\">In Europa ist die B\u00e4ckereibranche von entscheidender Bedeutung f\u00fcr den Markt. Brot, Konditoreien und Caf\u00e9s spielen eine wesentliche Rolle in der Kultur vieler L\u00e4nder. Im Jahr 2021 belief sich der Gesamtverbrauch an Backwaren auf 38 Millionen Tonnen in 29 europ\u00e4ischen L\u00e4ndern. Die Backwarenindustrie ist gut etabliert und bietet eine Vielzahl von Produktangeboten mit seri\u00f6sen Vertriebskan\u00e4len, Vorschriften, Innovationsplattformen und Verbraucherpr\u00e4ferenzen. Die B\u00e4ckereibranche wird auch in den kommenden Jahren einer der wichtigsten M\u00e4rkte der Welt bleiben.   <\/p>\n\n\n\n<p class=\"has-text-align-center\">Bargeldtransaktionen spielen in europ\u00e4ischen B\u00e4ckereien eine wichtige Rolle, aber sie k\u00f6nnen den Service verlangsamen, wenn sie nicht effizient verwaltet werden. Bequemlichkeit ist ein wichtiger Faktor f\u00fcr die Europ\u00e4er, wenn es um die Auswahl von Lebensmitteln geht, und j\u00fcngere Generationen suchen nach frischen, biologischen und handwerklichen Produkten, die sie unterwegs kaufen k\u00f6nnen. Angesichts der hohen Erwartungen der Kunden an den Service ist es f\u00fcr B\u00e4ckereien wichtig, Transaktionen pr\u00e4zise und effizient abzuwickeln, da sie sonst Gefahr laufen, von der Konkurrenz abgeh\u00e4ngt zu werden.  <\/p>\n\n\n\n<p class=\"has-text-align-center\">Die europ\u00e4ische B\u00e4ckereibranche wird durch h\u00e4ufige technologische Innovationen und sich ver\u00e4ndernde Verbraucherpr\u00e4ferenzen angetrieben. In einer Branche, in der viele Transaktionen mit Bargeld abgewickelt werden, sollten B\u00e4ckereien die Investition in <a href=\"https:\/\/apgsolutions.com\/de\/produkte\/smarttill-solution-suite\/\">Bargeldmanagementl\u00f6sungen<\/a> in Betracht ziehen, die so konzipiert sind, dass sie zus\u00e4tzlichen Schutz vor dem Eindringen in Umgebungen bieten, in denen \u00fcberm\u00e4\u00dfige Verschmutzungen wie Kr\u00fcmel, Zucker und m\u00f6glicherweise versch\u00fcttete Fl\u00fcssigkeiten vorhanden sind. Diese L\u00f6sungen k\u00f6nnen ein gro\u00dfes Volumen an Bargeldtransaktionen erleichtern und in Umgebungen mit hohem Umsatz konsistent funktionieren, w\u00e4hrend sie gleichzeitig das Kassenerlebnis in einer schnelllebigen Umgebung verbessern.  <\/p>\n\n\n\n<p class=\"has-text-align-center\"><\/p>\n<\/div>\n\n\n\n<div style=\"height:0px\" aria-hidden=\"true\" class=\"wp-block-spacer wp-container-content-b83b6736\"><\/div>\n\n\n\n<div class=\"wp-block-group is-vertical is-layout-flex wp-container-core-group-is-layout-8cf370e7 wp-block-group-is-layout-flex\">\n<p style=\"font-size:30px\"><strong>Fakten + Statistik<\/strong><\/p>\n\n\n\n<div style=\"height:0px\" aria-hidden=\"true\" class=\"wp-block-spacer wp-container-content-5082a153\"><\/div>\n<\/div>\n\n\n\n<div class=\"wp-block-columns is-layout-flex wp-container-core-columns-is-layout-9d6595d7 wp-block-columns-is-layout-flex\">\n<div class=\"wp-block-column pos-card-box has-background is-layout-flow wp-block-column-is-layout-flow\" style=\"background-color:#fcfaf7;flex-basis:360px\">\n<div style=\"height:1rem\" aria-hidden=\"true\" class=\"wp-block-spacer\"><\/div>\n\n\n<div class=\"wp-block-image\">\n<figure class=\"aligncenter size-full\"><img decoding=\"async\" width=\"80\" height=\"80\" src=\"https:\/\/apgsolutions.com\/wp-content\/uploads\/2023\/07\/Money-Growth_Light-Blue.png\" alt=\"Symbol f&#xFC;r die Haupteinnahmequelle\" class=\"wp-image-68978\" style=\"object-fit:cover\" \/><\/figure>\n<\/div>\n\n\n<h3 class=\"wp-block-heading has-text-align-center\" id=\"h-growth\">Wachstum<\/h3>\n\n\n\n<p class=\"has-text-align-center\">Die B\u00e4ckereibranche hat einen wirtschaftlichen Einfluss von \u00fcber 186 Milliarden Dollar in den USA. | ABA<\/p>\n\n\n\n<div style=\"height:1rem\" aria-hidden=\"true\" class=\"wp-block-spacer\"><\/div>\n<\/div>\n\n\n\n<div class=\"wp-block-column pos-card-box has-background is-layout-flow wp-block-column-is-layout-flow\" style=\"background-color:#fcfaf7;flex-basis:360px\">\n<div style=\"height:1rem\" aria-hidden=\"true\" class=\"wp-block-spacer\"><\/div>\n\n\n<div class=\"wp-block-image\">\n<figure class=\"aligncenter size-full\"><img decoding=\"async\" width=\"80\" height=\"80\" src=\"https:\/\/apgsolutions.com\/wp-content\/uploads\/2023\/07\/Finance-3.png\" alt=\"Finanz-Symbol\" class=\"wp-image-69255\" style=\"object-fit:cover\" \/><\/figure>\n<\/div>\n\n\n<h3 class=\"wp-block-heading has-text-align-center\" id=\"h-market-share\">Marktanteil<\/h3>\n\n\n\n<p class=\"has-text-align-center\">In Europa machten Backwaren im Jahr 2023 einen Anteil von 38% am Gesamtmarkt aus | ABA<\/p>\n\n\n\n<div style=\"height:1rem\" aria-hidden=\"true\" class=\"wp-block-spacer\"><\/div>\n<\/div>\n\n\n\n<div class=\"wp-block-column pos-card-box has-background is-layout-flow wp-block-column-is-layout-flow\" style=\"background-color:#fcfaf7;flex-basis:360px\">\n<div style=\"height:1rem\" aria-hidden=\"true\" class=\"wp-block-spacer\"><\/div>\n\n\n<div class=\"wp-block-image\">\n<figure class=\"aligncenter size-full\"><img decoding=\"async\" width=\"80\" height=\"80\" src=\"https:\/\/apgsolutions.com\/wp-content\/uploads\/2023\/07\/Partners-5.png\" alt=\"Partner-Symbol\" class=\"wp-image-69397\" style=\"object-fit:cover\" \/><\/figure>\n<\/div>\n\n\n<h3 class=\"wp-block-heading has-text-align-center\" id=\"h-opportunity\">Gelegenheit<\/h3>\n\n\n\n<p class=\"has-text-align-center\">In den Vereinigten Staaten besch\u00e4ftigt die B\u00e4ckereibranche fast 800.000 Mitarbeiter | ABA<\/p>\n\n\n\n<div style=\"height:16px\" aria-hidden=\"true\" class=\"wp-block-spacer\"><\/div>\n<\/div>\n<\/div>\n\n\n\n<div style=\"height:0px\" aria-hidden=\"true\" class=\"wp-block-spacer wp-container-content-b83b6736\"><\/div>\n\n\n\n<div class=\"wp-block-group is-vertical is-layout-flex wp-container-core-group-is-layout-8cf370e7 wp-block-group-is-layout-flex\">\n<p style=\"font-size:30px\"><strong>Unsere empfohlenen Schubladen f\u00fcr B\u00e4ckereien<\/strong><\/p>\n\n\n\n<div style=\"height:0px\" aria-hidden=\"true\" class=\"wp-block-spacer wp-container-content-2cb1e7d4\"><\/div>\n<\/div>\n\n\n\n<div class=\"wp-block-columns is-layout-flex wp-container-core-columns-is-layout-9d6595d7 wp-block-columns-is-layout-flex\">\n<div class=\"wp-block-column is-layout-flow wp-block-column-is-layout-flow\">\n<div style=\"height:1rem\" aria-hidden=\"true\" class=\"wp-block-spacer\"><\/div>\n\n\n<div class=\"wp-block-image\">\n<figure class=\"aligncenter size-full is-resized\"><img decoding=\"async\" src=\"https:\/\/apgsolutions.com\/wp-content\/uploads\/2024\/09\/Series-100.png\" alt=\"Kassenschublade Serie 100\" class=\"wp-image-86680\" style=\"width:186px\" \/><\/figure>\n<\/div>\n\n\n<h3 class=\"wp-block-heading has-text-align-center\" id=\"h-series-100-cash-drawer\">Serie 100<\/h3>\n\n\n\n<p class=\"has-text-align-left\">The <a href=\"https:\/\/apgsolutions.com\/products\/cash-drawers\/heavy-duty\/series-100\/\">Series 100<\/a> is ideal for bakeries, offering ample storage with a deep under-till compartment to organize coin rolls and packaged currency.\u00a0<\/p>\n\n\n\n<p class=\"has-text-align-left\">Ihr kompaktes Design ist perfekt f\u00fcr die Optimierung des Platzes auf der Theke in gesch\u00e4ftigen B\u00e4ckereien. Die Serie 100 ist f\u00fcr mehr als vier Millionen Transaktionen ausgelegt und damit die erste Wahl f\u00fcr ein hohes Umsatzvolumen. <\/p>\n\n\n\n<div style=\"height:1rem\" aria-hidden=\"true\" class=\"wp-block-spacer\"><\/div>\n<\/div>\n\n\n\n<div class=\"wp-block-column is-layout-flow wp-block-column-is-layout-flow\">\n<div style=\"height:1rem\" aria-hidden=\"true\" class=\"wp-block-spacer\"><\/div>\n\n\n<div class=\"wp-block-image\">\n<figure class=\"aligncenter size-full is-resized\"><img loading=\"lazy\" decoding=\"async\" width=\"280\" height=\"211\" src=\"https:\/\/apgsolutions.com\/wp-content\/uploads\/2024\/07\/Vasario-VBxxx-BL1618-Closed-Right-removebg-preview.png\" alt=\"Kassenschublade Serie Vasario\" class=\"wp-image-85846\" style=\"width:186px\" srcset=\"https:\/\/apgsolutions.com\/wp-content\/uploads\/2024\/07\/Vasario-VBxxx-BL1618-Closed-Right-removebg-preview.png 280w, https:\/\/apgsolutions.com\/wp-content\/uploads\/2024\/07\/Vasario-VBxxx-BL1618-Closed-Right-removebg-preview-80x60.png 80w\" sizes=\"(max-width: 280px) 100vw, 280px\" \/><\/figure>\n<\/div>\n\n\n<h3 class=\"wp-block-heading has-text-align-center\" id=\"h-vasario-series-cash-drawer\">Kassenschublade Serie Vasario<\/h3>\n\n\n\n<p class=\"has-text-align-left\">For a cost-effective option in the bakery industry, consider the <a href=\"https:\/\/apgsolutions.com\/products\/cash-drawers\/standard-duty\/vasario\">Vasario cash drawer<\/a>. Available in a range of sizes to fit various bakery setups, it\u2019s designed to handle bakery demands.\u00a0<\/p>\n\n\n\n<p class=\"has-text-align-left\">Mit einer Haltbarkeit von mehr als einer Million Transaktionen sorgt die Vasario Kassenschublade f\u00fcr einen reibungslosen und effizienten Ablauf an der Kasse.<\/p>\n\n\n\n<div style=\"height:1rem\" aria-hidden=\"true\" class=\"wp-block-spacer\"><\/div>\n<\/div>\n<\/div>\n<\/div>\n","protected":false},"excerpt":{"rendered":"<p>Steigende Chancen f\u00fcr die B\u00e4ckereiindustrie In Europa ist die B\u00e4ckereibranche von entscheidender Bedeutung f\u00fcr den Markt. Brot, Konditoreien und Caf\u00e9s spielen eine wesentliche Rolle in der Kultur vieler L\u00e4nder. Im Jahr 2021 belief sich der Gesamtverbrauch an Backwaren auf 38 Millionen Tonnen in 29 europ\u00e4ischen L\u00e4ndern. Die Backwarenindustrie ist gut etabliert und bietet eine Vielzahl [&hellip;]<\/p>\n","protected":false},"author":4,"featured_media":0,"parent":0,"menu_order":0,"comment_status":"closed","ping_status":"closed","template":"","meta":{"_acf_changed":false,"content-type":"","footnotes":""},"class_list":["post-64627","page","type-page","status-publish"],"yoast_head":"<!-- This site is optimized with the Yoast SEO Premium plugin v23.5 (Yoast SEO v27.2) - https:\/\/yoast.com\/product\/yoast-seo-premium-wordpress\/ -->\n<title>POS-L\u00f6sungen f\u00fcr B\u00e4ckereien - Kassenschubladen f\u00fcr B\u00e4ckereien | apg\u00ae<\/title>\n<meta name=\"description\" content=\"Shop-Kassenl\u00f6sungen f\u00fcr die B\u00e4ckereibranche. B\u00e4ckereien ben\u00f6tigen robuste L\u00f6sungen f\u00fcr das Bargeldmanagement, die auch herunterfallenden Brotkr\u00fcmeln und Mehl standhalten.\" \/>\n<meta name=\"robots\" content=\"index, follow, max-snippet:-1, max-image-preview:large, max-video-preview:-1\" \/>\n<link rel=\"canonical\" href=\"https:\/\/apgsolutions.com\/de\/pos-loesungen-fuer-baeckereien\/\" \/>\n<meta property=\"og:locale\" content=\"de_DE\" \/>\n<meta property=\"og:type\" content=\"article\" \/>\n<meta property=\"og:title\" content=\"POS-L\u00f6sungen f\u00fcr B\u00e4ckereien - Kassenschubladen f\u00fcr B\u00e4ckereien | apg\u00ae\" \/>\n<meta property=\"og:description\" content=\"Shop-Kassenl\u00f6sungen f\u00fcr die B\u00e4ckereibranche. B\u00e4ckereien ben\u00f6tigen robuste L\u00f6sungen f\u00fcr das Bargeldmanagement, die auch herunterfallenden Brotkr\u00fcmeln und Mehl standhalten.\" \/>\n<meta property=\"og:url\" content=\"https:\/\/apgsolutions.com\/de\/pos-loesungen-fuer-baeckereien\/\" \/>\n<meta property=\"og:site_name\" content=\"apg\u00ae Solutions\" \/>\n<meta property=\"article:publisher\" content=\"https:\/\/www.facebook.com\/apgglobalsolutions\" \/>\n<meta property=\"article:modified_time\" content=\"2026-03-12T11:45:42+00:00\" \/>\n<meta property=\"og:image\" content=\"https:\/\/apgsolutions.com\/wp-content\/uploads\/2023\/07\/Money-Growth_Light-Blue.png\" \/>\n<meta name=\"twitter:card\" content=\"summary_large_image\" \/>\n<meta name=\"twitter:site\" content=\"@apg_solutions\" \/>\n<meta name=\"twitter:label1\" content=\"Gesch\u00e4tzte Lesezeit\" \/>\n\t<meta name=\"twitter:data1\" content=\"2\u00a0Minuten\" \/>\n<script type=\"application\/ld+json\" class=\"yoast-schema-graph\">{\"@context\":\"https:\/\/schema.org\",\"@graph\":[{\"@type\":\"WebPage\",\"@id\":\"https:\/\/apgsolutions.com\/de\/pos-loesungen-fuer-baeckereien\/\",\"url\":\"https:\/\/apgsolutions.com\/de\/pos-loesungen-fuer-baeckereien\/\",\"name\":\"POS-L\u00f6sungen f\u00fcr B\u00e4ckereien - Kassenschubladen f\u00fcr B\u00e4ckereien | apg\u00ae\",\"isPartOf\":{\"@id\":\"https:\/\/apgsolutions.com\/de\/#website\"},\"primaryImageOfPage\":{\"@id\":\"https:\/\/apgsolutions.com\/de\/pos-loesungen-fuer-baeckereien\/#primaryimage\"},\"image\":{\"@id\":\"https:\/\/apgsolutions.com\/de\/pos-loesungen-fuer-baeckereien\/#primaryimage\"},\"thumbnailUrl\":\"https:\/\/apgsolutions.com\/wp-content\/uploads\/2023\/07\/Money-Growth_Light-Blue.png\",\"datePublished\":\"2023-06-16T09:37:44+00:00\",\"dateModified\":\"2026-03-12T11:45:42+00:00\",\"description\":\"Shop-Kassenl\u00f6sungen f\u00fcr die B\u00e4ckereibranche. B\u00e4ckereien ben\u00f6tigen robuste L\u00f6sungen f\u00fcr das Bargeldmanagement, die auch herunterfallenden Brotkr\u00fcmeln und Mehl standhalten.\",\"inLanguage\":\"de\",\"potentialAction\":[{\"@type\":\"ReadAction\",\"target\":[\"https:\/\/apgsolutions.com\/de\/pos-loesungen-fuer-baeckereien\/\"]}]},{\"@type\":\"ImageObject\",\"inLanguage\":\"de\",\"@id\":\"https:\/\/apgsolutions.com\/de\/pos-loesungen-fuer-baeckereien\/#primaryimage\",\"url\":\"https:\/\/apgsolutions.com\/wp-content\/uploads\/2023\/07\/Money-Growth_Light-Blue.png\",\"contentUrl\":\"https:\/\/apgsolutions.com\/wp-content\/uploads\/2023\/07\/Money-Growth_Light-Blue.png\"},{\"@type\":\"WebSite\",\"@id\":\"https:\/\/apgsolutions.com\/de\/#website\",\"url\":\"https:\/\/apgsolutions.com\/de\/\",\"name\":\"APG Solutions, LLC\",\"description\":\"Trust at every point.\",\"publisher\":{\"@id\":\"https:\/\/apgsolutions.com\/de\/#organization\"},\"potentialAction\":[{\"@type\":\"SearchAction\",\"target\":{\"@type\":\"EntryPoint\",\"urlTemplate\":\"https:\/\/apgsolutions.com\/de\/?s={search_term_string}\"},\"query-input\":{\"@type\":\"PropertyValueSpecification\",\"valueRequired\":true,\"valueName\":\"search_term_string\"}}],\"inLanguage\":\"de\"},{\"@type\":\"Organization\",\"@id\":\"https:\/\/apgsolutions.com\/de\/#organization\",\"name\":\"APG Solution, LLC\",\"url\":\"https:\/\/apgsolutions.com\/de\/\",\"logo\":{\"@type\":\"ImageObject\",\"inLanguage\":\"de\",\"@id\":\"https:\/\/apgsolutions.com\/de\/#\/schema\/logo\/image\/\",\"url\":\"https:\/\/apgsolutions.com\/wp-content\/uploads\/2023\/12\/logomark-color.svg\",\"contentUrl\":\"https:\/\/apgsolutions.com\/wp-content\/uploads\/2023\/12\/logomark-color.svg\",\"width\":141,\"height\":138,\"caption\":\"APG Solution, LLC\"},\"image\":{\"@id\":\"https:\/\/apgsolutions.com\/de\/#\/schema\/logo\/image\/\"},\"sameAs\":[\"https:\/\/www.facebook.com\/apgglobalsolutions\",\"https:\/\/x.com\/apg_solutions\",\"https:\/\/www.youtube.com\/c\/CashManagementGlobalSolutionsbyapg\",\"https:\/\/www.linkedin.com\/company\/apgglobalsolutions\/\",\"https:\/\/www.instagram.com\/apgglobalsolutions\/\",\"https:\/\/www.pinterest.com\/apgcashdrawer\/\"]}]}<\/script>\n<!-- \/ Yoast SEO Premium plugin. -->","yoast_head_json":{"title":"POS-L\u00f6sungen f\u00fcr B\u00e4ckereien - Kassenschubladen f\u00fcr B\u00e4ckereien | apg\u00ae","description":"Shop-Kassenl\u00f6sungen f\u00fcr die B\u00e4ckereibranche. B\u00e4ckereien ben\u00f6tigen robuste L\u00f6sungen f\u00fcr das Bargeldmanagement, die auch herunterfallenden Brotkr\u00fcmeln und Mehl standhalten.","robots":{"index":"index","follow":"follow","max-snippet":"max-snippet:-1","max-image-preview":"max-image-preview:large","max-video-preview":"max-video-preview:-1"},"canonical":"https:\/\/apgsolutions.com\/de\/pos-loesungen-fuer-baeckereien\/","og_locale":"de_DE","og_type":"article","og_title":"POS-L\u00f6sungen f\u00fcr B\u00e4ckereien - Kassenschubladen f\u00fcr B\u00e4ckereien | apg\u00ae","og_description":"Shop-Kassenl\u00f6sungen f\u00fcr die B\u00e4ckereibranche. B\u00e4ckereien ben\u00f6tigen robuste L\u00f6sungen f\u00fcr das Bargeldmanagement, die auch herunterfallenden Brotkr\u00fcmeln und Mehl standhalten.","og_url":"https:\/\/apgsolutions.com\/de\/pos-loesungen-fuer-baeckereien\/","og_site_name":"apg\u00ae Solutions","article_publisher":"https:\/\/www.facebook.com\/apgglobalsolutions","article_modified_time":"2026-03-12T11:45:42+00:00","og_image":[{"url":"https:\/\/apgsolutions.com\/wp-content\/uploads\/2023\/07\/Money-Growth_Light-Blue.png","type":"","width":"","height":""}],"twitter_card":"summary_large_image","twitter_site":"@apg_solutions","twitter_misc":{"Gesch\u00e4tzte Lesezeit":"2\u00a0Minuten"},"schema":{"@context":"https:\/\/schema.org","@graph":[{"@type":"WebPage","@id":"https:\/\/apgsolutions.com\/de\/pos-loesungen-fuer-baeckereien\/","url":"https:\/\/apgsolutions.com\/de\/pos-loesungen-fuer-baeckereien\/","name":"POS-L\u00f6sungen f\u00fcr B\u00e4ckereien - Kassenschubladen f\u00fcr B\u00e4ckereien | apg\u00ae","isPartOf":{"@id":"https:\/\/apgsolutions.com\/de\/#website"},"primaryImageOfPage":{"@id":"https:\/\/apgsolutions.com\/de\/pos-loesungen-fuer-baeckereien\/#primaryimage"},"image":{"@id":"https:\/\/apgsolutions.com\/de\/pos-loesungen-fuer-baeckereien\/#primaryimage"},"thumbnailUrl":"https:\/\/apgsolutions.com\/wp-content\/uploads\/2023\/07\/Money-Growth_Light-Blue.png","datePublished":"2023-06-16T09:37:44+00:00","dateModified":"2026-03-12T11:45:42+00:00","description":"Shop-Kassenl\u00f6sungen f\u00fcr die B\u00e4ckereibranche. B\u00e4ckereien ben\u00f6tigen robuste L\u00f6sungen f\u00fcr das Bargeldmanagement, die auch herunterfallenden Brotkr\u00fcmeln und Mehl standhalten.","inLanguage":"de","potentialAction":[{"@type":"ReadAction","target":["https:\/\/apgsolutions.com\/de\/pos-loesungen-fuer-baeckereien\/"]}]},{"@type":"ImageObject","inLanguage":"de","@id":"https:\/\/apgsolutions.com\/de\/pos-loesungen-fuer-baeckereien\/#primaryimage","url":"https:\/\/apgsolutions.com\/wp-content\/uploads\/2023\/07\/Money-Growth_Light-Blue.png","contentUrl":"https:\/\/apgsolutions.com\/wp-content\/uploads\/2023\/07\/Money-Growth_Light-Blue.png"},{"@type":"WebSite","@id":"https:\/\/apgsolutions.com\/de\/#website","url":"https:\/\/apgsolutions.com\/de\/","name":"APG Solutions, LLC","description":"Trust at every point.","publisher":{"@id":"https:\/\/apgsolutions.com\/de\/#organization"},"potentialAction":[{"@type":"SearchAction","target":{"@type":"EntryPoint","urlTemplate":"https:\/\/apgsolutions.com\/de\/?s={search_term_string}"},"query-input":{"@type":"PropertyValueSpecification","valueRequired":true,"valueName":"search_term_string"}}],"inLanguage":"de"},{"@type":"Organization","@id":"https:\/\/apgsolutions.com\/de\/#organization","name":"APG Solution, LLC","url":"https:\/\/apgsolutions.com\/de\/","logo":{"@type":"ImageObject","inLanguage":"de","@id":"https:\/\/apgsolutions.com\/de\/#\/schema\/logo\/image\/","url":"https:\/\/apgsolutions.com\/wp-content\/uploads\/2023\/12\/logomark-color.svg","contentUrl":"https:\/\/apgsolutions.com\/wp-content\/uploads\/2023\/12\/logomark-color.svg","width":141,"height":138,"caption":"APG Solution, LLC"},"image":{"@id":"https:\/\/apgsolutions.com\/de\/#\/schema\/logo\/image\/"},"sameAs":["https:\/\/www.facebook.com\/apgglobalsolutions","https:\/\/x.com\/apg_solutions","https:\/\/www.youtube.com\/c\/CashManagementGlobalSolutionsbyapg","https:\/\/www.linkedin.com\/company\/apgglobalsolutions\/","https:\/\/www.instagram.com\/apgglobalsolutions\/","https:\/\/www.pinterest.com\/apgcashdrawer\/"]}]}},"acf":[],"_links":{"self":[{"href":"https:\/\/apgsolutions.com\/de\/wp-json\/wp\/v2\/pages\/64627","targetHints":{"allow":["GET"]}}],"collection":[{"href":"https:\/\/apgsolutions.com\/de\/wp-json\/wp\/v2\/pages"}],"about":[{"href":"https:\/\/apgsolutions.com\/de\/wp-json\/wp\/v2\/types\/page"}],"author":[{"embeddable":true,"href":"https:\/\/apgsolutions.com\/de\/wp-json\/wp\/v2\/users\/4"}],"replies":[{"embeddable":true,"href":"https:\/\/apgsolutions.com\/de\/wp-json\/wp\/v2\/comments?post=64627"}],"version-history":[{"count":12,"href":"https:\/\/apgsolutions.com\/de\/wp-json\/wp\/v2\/pages\/64627\/revisions"}],"predecessor-version":[{"id":105360,"href":"https:\/\/apgsolutions.com\/de\/wp-json\/wp\/v2\/pages\/64627\/revisions\/105360"}],"wp:attachment":[{"href":"https:\/\/apgsolutions.com\/de\/wp-json\/wp\/v2\/media?parent=64627"}],"curies":[{"name":"wp","href":"https:\/\/api.w.org\/{rel}","templated":true}]}}