{"id":66330,"date":"2023-06-28T21:29:23","date_gmt":"2023-06-28T21:29:23","guid":{"rendered":"https:\/\/apgsolutions.com\/support\/faq\/reparaturen\/"},"modified":"2026-01-27T16:21:45","modified_gmt":"2026-01-27T16:21:45","slug":"reparaturen","status":"publish","type":"page","link":"https:\/\/apgsolutions.com\/de\/support\/faq\/reparaturen\/","title":{"rendered":"Garantie + Reparaturen"},"content":{"rendered":"<div class=\"section_page-header \">\n    <img decoding=\"async\" class=\"header-image\" src=\"https:\/\/apgsolutions.com\/wp-content\/uploads\/2023\/04\/business-cards.jpg\" alt=\"business-cards\" title=\"business-cards\">\n            <div class=\"header-content\">\n            <h1>Garantie + Reparaturen<\/h1>\n        <\/div>\n    <\/div>\n<h2 class=\"wp-block-heading has-text-align-center has-x-large-font-size\" id=\"h-cash-drawer-warranty-and-repairs-faqs\">Cash Drawer Warranty and Repairs FAQs<\/h2>\n\n<p class=\"has-text-align-center\">Scroll below for more questions related to cash drawer warranties, how to repair your cash drawer, or getting a replacement cash drawer. Wenn Sie zus\u00e4tzliche technische Unterst\u00fctzung ben\u00f6tigen, f\u00fcllen Sie bitte das Kontaktformular auf unserer <a href=\"https:\/\/apgsolutions.com\/de\/support\/\">Support-Seite<\/a> aus.<\/p>\n\n<div style=\"height:0.5rem\" aria-hidden=\"true\" class=\"wp-block-spacer\"><\/div>\n\n<div class=\"wp-block-columns is-layout-flex wp-container-core-columns-is-layout-9d6595d7 wp-block-columns-is-layout-flex\">\n<div class=\"wp-block-column tile has-link is-layout-flow wp-block-column-is-layout-flow\" style=\"flex-basis:20%\"><div class=\"wp-block-image\">\n<figure class=\"aligncenter size-full is-resized\"><img decoding=\"async\" width=\"100\" height=\"100\" src=\"https:\/\/apgsolutions.com\/wp-content\/uploads\/2023\/06\/USB-Interface-Icon_white-1.png\" alt=\"USB-Interface-Icon\" class=\"wp-image-65801\" style=\"width:60px;height:60px\" srcset=\"https:\/\/apgsolutions.com\/wp-content\/uploads\/2023\/06\/USB-Interface-Icon_white-1.png 100w, https:\/\/apgsolutions.com\/wp-content\/uploads\/2023\/06\/USB-Interface-Icon_white-1-80x80.png 80w, https:\/\/apgsolutions.com\/wp-content\/uploads\/2023\/06\/USB-Interface-Icon_white-1-95x95.png 95w\" sizes=\"(max-width: 100px) 100vw, 100px\" \/><\/figure>\n<\/div>\n\n\n<h3 class=\"wp-block-heading has-text-align-center\" id=\"h-cables\" style=\"font-size:1.125rem\">Cables<\/h3>\n\n\n\n<p class=\"has-text-align-center\">Lesen Sie unsere FAQs zu den druckergesteuerten Kassenschubladen von APG<\/p>\n\n\n\n<p class=\"has-text-align-center cover-link\"><a href=\"https:\/\/apgsolutions.com\/de\/support\/faq\/cables\/\">Link<\/a><\/p>\n<\/div>\n\n\n\n<div class=\"wp-block-column tile has-link is-layout-flow wp-block-column-is-layout-flow\" style=\"flex-basis:20%\"><div class=\"wp-block-image\">\n<figure class=\"aligncenter size-full\"><img decoding=\"async\" width=\"63\" height=\"60\" src=\"https:\/\/apgsolutions.com\/wp-content\/uploads\/2023\/06\/Archive_white.png\" alt=\"Archive Icon\" class=\"wp-image-65817\" srcset=\"https:\/\/apgsolutions.com\/wp-content\/uploads\/2023\/06\/Archive_white.png 63w, https:\/\/apgsolutions.com\/wp-content\/uploads\/2023\/06\/Archive_white-61x58.png 61w\" sizes=\"(max-width: 63px) 100vw, 63px\" \/><\/figure>\n<\/div>\n\n\n<h3 class=\"wp-block-heading has-text-align-center\" id=\"h-interface-drivers\" style=\"font-size:1.125rem\">Schnittstelle + Treiber<\/h3>\n\n\n\n<p class=\"has-text-align-center\">Klicken Sie hier, um Fragen zu Schnittstellen und Treibern anzuzeigen<\/p>\n\n\n\n<p class=\"has-text-align-center cover-link\"><a href=\"https:\/\/apgsolutions.com\/de\/support\/faq\/interface-treiber\/\">Link<\/a><\/p>\n<\/div>\n\n\n\n<div class=\"wp-block-column tile has-link is-layout-flow wp-block-column-is-layout-flow\" style=\"flex-basis:20%\"><div class=\"wp-block-image\">\n<figure class=\"aligncenter size-full is-resized\"><img decoding=\"async\" width=\"68\" height=\"67\" src=\"https:\/\/apgsolutions.com\/wp-content\/uploads\/2023\/06\/KeysandLocks.png\" alt=\"Keys and Locks Icon\" class=\"wp-image-65822\" style=\"width:61px;height:60px\"\/><\/figure>\n<\/div>\n\n\n<h3 class=\"wp-block-heading has-text-align-center\" id=\"h-keys-and-locks\" style=\"font-size:1.125rem\">Schl\u00fcssel und Schl\u00f6sser<\/h3>\n\n\n\n<p class=\"has-text-align-center\">Klicken Sie hier, um Fragen zu Schl\u00fcsseln und Schl\u00f6ssern f\u00fcr Kassenschubladen anzuzeigen<\/p>\n\n\n\n<p class=\"has-text-align-center cover-link\"><a href=\"https:\/\/apgsolutions.com\/de\/support\/faq\/keys-and-locks\/\">Link<\/a><\/p>\n<\/div>\n\n\n\n<div class=\"wp-block-column tile has-link is-layout-flow wp-block-column-is-layout-flow\" style=\"flex-basis:20%\"><div class=\"wp-block-image\">\n<figure class=\"aligncenter size-full is-resized\"><img loading=\"lazy\" decoding=\"async\" width=\"65\" height=\"65\" src=\"https:\/\/apgsolutions.com\/wp-content\/uploads\/2023\/06\/Operations_White.png\" alt=\"Operations Icon\" class=\"wp-image-65827\" style=\"width:60px;height:60px\"\/><\/figure>\n<\/div>\n\n\n<h3 class=\"wp-block-heading has-text-align-center\" id=\"h-operating-maintenance\" style=\"font-size:1.125rem\">Betrieb + Wartung<\/h3>\n\n\n\n<p class=\"has-text-align-center\">Klicken Sie hier, um h\u00e4ufig gestellte Fragen zur Wartung von Kassenschubladen und zu Betriebsmitteln zu sehen.<\/p>\n\n\n\n<p class=\"has-text-align-center cover-link\"><a href=\"https:\/\/apgsolutions.com\/de\/support\/faq\/mechanisch\/\">Link<\/a><\/p>\n<\/div>\n\n\n\n<div class=\"wp-block-column tile has-link selected is-layout-flow wp-block-column-is-layout-flow\" style=\"flex-basis:20%\"><div class=\"wp-block-image\">\n<figure class=\"aligncenter size-full is-resized\"><img loading=\"lazy\" decoding=\"async\" width=\"65\" height=\"61\" src=\"https:\/\/apgsolutions.com\/wp-content\/uploads\/2023\/06\/repair-tools_white.png\" alt=\"repair tool icon\" class=\"wp-image-65832\" style=\"width:64px;height:60px\" srcset=\"https:\/\/apgsolutions.com\/wp-content\/uploads\/2023\/06\/repair-tools_white.png 65w, https:\/\/apgsolutions.com\/wp-content\/uploads\/2023\/06\/repair-tools_white-61x58.png 61w\" sizes=\"(max-width: 65px) 100vw, 65px\" \/><\/figure>\n<\/div>\n\n\n<h3 class=\"wp-block-heading has-text-align-center\" id=\"h-warranty-repairs\" style=\"font-size:1.125rem\">Garantie + Reparaturen<\/h3>\n\n\n\n<p class=\"has-text-align-center\">Klicken Sie hier, um Fragen zu Reparaturen anzuzeigen<\/p>\n\n\n\n<p class=\"has-text-align-center cover-link\"><a href=\"https:\/\/apgsolutions.com\/de\/support\/faq\/reparaturen\/\">Link<\/a><\/p>\n<\/div>\n<\/div>\n\n<div style=\"height:2rem\" aria-hidden=\"true\" class=\"wp-block-spacer\"><\/div>\n\n<h2 class=\"wp-block-heading\">&#8211;<\/h2>\n\n<p>For more information regarding apg product warranty, please visit our <a href=\"https:\/\/apgsolutions.com\/de\/garantie\/\">Warranty page<\/a>.<\/p>\n\n<h2 class=\"wp-block-heading\">Wie sieht das R\u00fcckgaberecht aus?<\/h2>\n\n<p>apg Cash Drawer stands behind their products and continues to work toward making your shopping experience as enjoyable and as simple as possible. Wenn Sie mit Ihrem Kauf nicht zufrieden sind, senden wir Ihnen den Artikel gerne zur\u00fcck, wobei die Versand- und Bearbeitungsgeb\u00fchren ausgeschlossen sind.  <strong>apg Cash Drawer will accept returns under the following conditions. The product must be:<\/strong> <\/p>\n\n<ul class=\"wp-block-list\">\n<li>Purchased from apg&#8217;s Online Store<\/li>\n\n\n\n<li>In seinem urspr\u00fcnglichen Zustand<\/li>\n\n\n\n<li>Innerhalb von 30 Tagen nach der Lieferung in unserer Einrichtung erhalten<\/li>\n\n\n\n<li>Jeder Artikel wird innerhalb von 30-60 Tagen, nachdem er bei uns eingegangen ist, auf die urspr\u00fcngliche Zahlungsweise zur\u00fcckerstattet.<\/li>\n<\/ul>\n\n<p><strong>Return Instructions<em>:<\/em><\/strong> Please use a pre-printed label provided with your order. Bringen Sie es au\u00dfen auf dem Paket an und schicken Sie es an unsere Einrichtung in Minneapolis, MN. Returns will be reimbursed within 30-60 days after it is received at our facility. Shipping and handling fees are non-refundable. Wenden Sie sich an <a href=\"mailto:ebizreturns@apgcd.com\">ebizreturns@apgcd.com<\/a>, wenn Sie mit Ihrem Kauf nicht zufrieden sind. Wir senden Ihnen den Artikel gerne zur\u00fcck, wobei die Versand- und Bearbeitungsgeb\u00fchren ausgeschlossen sind.<\/p>\n\n<h2 class=\"wp-block-heading\">How do I get a replacement cash drawer?<\/h2>\n\n<p>apg Cash Drawer sell product through <a href=\"https:\/\/apgsolutions.com\/de\/distributoren\/\">Distributors<\/a>, OEM customers, and Dealers. If you know who you purchased the original cash drawer from, please contact them and they should be able to assist you. If you have an OEM POS system, you will need to reach out to them for assistance. If you can configure the cash drawer through our <a href=\"https:\/\/apgsolutions.com\/de\/configurator\/\">product configurator,<\/a> you will be able to request a quote from a <a href=\"https:\/\/apgsolutions.com\/de\/distributoren\/\">Distributor<\/a> after the configuration is completed.<\/p>\n\n<h2 class=\"wp-block-heading\">What are my options for repair?<\/h2>\n\n<p>We offer warranty and non-warranty RMA&#8217;s. Please <a href=\"https:\/\/apgsolutions.com\/de\/kontakt\/\">contact us<\/a> for a unique RMA number to ship the drawer back to apg for repair. If the drawer is under warranty, we will cover the cost of parts, labor, and shipment back to you. Customers with drawers not under warranty should contact us for an estimate of the charges. If you are able to repair the drawer yourself, we will ship out parts to customers with product within warranty. Customers with product outside of warranty may purchase parts <a href=\"\/store\/\">online<\/a> or from your POS reseller.<\/p>\n\n<h2 class=\"wp-block-heading\">How do I get an RMA?<\/h2>\n\n<p>Please contact us and have the following ready: your part and serial numbers, a return address, and a description of the problem. We will assign a unique RMA number. This number will accompany your drawer through our factory and back to your return address.<\/p>\n\n<h2 class=\"wp-block-heading\">Will you service the equipment?<\/h2>\n\n<p>Meeting and exceeding our customer requirements is something we take to heart. apg stands behind our customers and our products. Should your cash drawer require service, enhancements, or upgrades, apg has dedicated service technicians located in its Minneapolis based service depot. apg believes in product refurbishment, not just repair. All warranty RMA products are brought up to the current manufacture revision. apg has an excellent support team that can help meet your needs. Please feel free to <a href=\"https:\/\/apgsolutions.com\/de\/kontakt\/\">contact us<\/a>. See our <a href=\"https:\/\/apgsolutions.com\/de\/garantie\/\">Limited Warranty Statement<\/a> for more information.<\/p>\n\n<h2 class=\"wp-block-heading\">I bought the wrong cash drawer what can I do?<\/h2>\n\n<p>You must contact your reseller for an exchange.<\/p>\n\n<h2 class=\"wp-block-heading\">Wie kann ich meine Eink\u00e4ufe zur\u00fcckgeben?<\/h2>\n\n<p>F\u00fcr eine R\u00fccksendung m\u00fcssen Sie die im Paket enthaltenen Unterlagen verwenden.<\/p>\n\n<h2 class=\"wp-block-heading\">Wie kann ich meine Eink\u00e4ufe zur\u00fcckgeben?<\/h2>\n\n<p>F\u00fcr eine R\u00fccksendung m\u00fcssen Sie die im Paket enthaltenen Unterlagen verwenden.<\/p>\n\n<div style=\"height:100px\" aria-hidden=\"true\" class=\"wp-block-spacer\"><\/div>\n<p><script charset=\"utf-8\" type=\"text\/javascript\" src=\"\/\/js.hsforms.net\/forms\/embed\/v2.js\"><\/script><br \/>\n<script>\n  hbspt.forms.create({\n    region: \"na1\",\n    portalId: \"3337275\",\n    formId: \"3a628e92-d1cb-47d1-aee7-a34c02043524\"\n  });\n<\/script><\/p>\n","protected":false},"excerpt":{"rendered":"<p>Cash Drawer Warranty and Repairs FAQs Scroll below for more questions related to cash drawer warranties, how to repair your cash drawer, or getting a replacement cash drawer. Wenn Sie zus\u00e4tzliche technische Unterst\u00fctzung ben\u00f6tigen, f\u00fcllen Sie bitte das Kontaktformular auf unserer Support-Seite aus. Cables Lesen Sie unsere FAQs zu den druckergesteuerten Kassenschubladen von APG Link [&hellip;]<\/p>\n","protected":false},"author":4,"featured_media":0,"parent":64560,"menu_order":0,"comment_status":"closed","ping_status":"closed","template":"","meta":{"_acf_changed":false,"content-type":"","footnotes":""},"class_list":["post-66330","page","type-page","status-publish"],"yoast_head":"<!-- This site is optimized with the Yoast SEO Premium plugin v23.5 (Yoast SEO v27.2) - https:\/\/yoast.com\/product\/yoast-seo-premium-wordpress\/ -->\n<title>Garantie + Reparaturen<\/title>\n<meta name=\"description\" content=\"Lesen Sie die h\u00e4ufig gestellten Fragen (FAQs) zu Garantie, Reparaturen, R\u00fccksendungen und Supportprozessen f\u00fcr Produktwartung und -austausch.\" \/>\n<meta name=\"robots\" content=\"index, follow, max-snippet:-1, max-image-preview:large, max-video-preview:-1\" \/>\n<link rel=\"canonical\" href=\"https:\/\/apgsolutions.com\/de\/support\/faq\/reparaturen\/\" \/>\n<meta property=\"og:locale\" content=\"de_DE\" \/>\n<meta property=\"og:type\" content=\"article\" \/>\n<meta property=\"og:title\" content=\"Garantie + Reparaturen\" \/>\n<meta property=\"og:description\" content=\"Lesen Sie die h\u00e4ufig gestellten Fragen (FAQs) zu Garantie, Reparaturen, R\u00fccksendungen und Supportprozessen f\u00fcr Produktwartung und -austausch.\" \/>\n<meta property=\"og:url\" content=\"https:\/\/apgsolutions.com\/de\/support\/faq\/reparaturen\/\" \/>\n<meta property=\"og:site_name\" content=\"apg\u00ae Solutions\" \/>\n<meta property=\"article:publisher\" content=\"https:\/\/www.facebook.com\/apgglobalsolutions\" \/>\n<meta property=\"article:modified_time\" content=\"2026-01-27T16:21:45+00:00\" \/>\n<meta property=\"og:image\" content=\"https:\/\/apgsolutions.com\/wp-content\/uploads\/2023\/06\/USB-Interface-Icon_white-1.png\" \/>\n<meta name=\"twitter:card\" content=\"summary_large_image\" \/>\n<meta name=\"twitter:site\" content=\"@apg_solutions\" \/>\n<meta name=\"twitter:label1\" content=\"Gesch\u00e4tzte Lesezeit\" \/>\n\t<meta name=\"twitter:data1\" content=\"4\u00a0Minuten\" \/>\n<script type=\"application\/ld+json\" class=\"yoast-schema-graph\">{\"@context\":\"https:\/\/schema.org\",\"@graph\":[{\"@type\":\"WebPage\",\"@id\":\"https:\/\/apgsolutions.com\/de\/support\/faq\/reparaturen\/\",\"url\":\"https:\/\/apgsolutions.com\/de\/support\/faq\/reparaturen\/\",\"name\":\"Garantie + Reparaturen\",\"isPartOf\":{\"@id\":\"https:\/\/apgsolutions.com\/de\/#website\"},\"primaryImageOfPage\":{\"@id\":\"https:\/\/apgsolutions.com\/de\/support\/faq\/reparaturen\/#primaryimage\"},\"image\":{\"@id\":\"https:\/\/apgsolutions.com\/de\/support\/faq\/reparaturen\/#primaryimage\"},\"thumbnailUrl\":\"https:\/\/apgsolutions.com\/wp-content\/uploads\/2023\/06\/USB-Interface-Icon_white-1.png\",\"datePublished\":\"2023-06-28T21:29:23+00:00\",\"dateModified\":\"2026-01-27T16:21:45+00:00\",\"description\":\"Lesen Sie die h\u00e4ufig gestellten Fragen (FAQs) zu Garantie, Reparaturen, R\u00fccksendungen und Supportprozessen f\u00fcr Produktwartung und -austausch.\",\"breadcrumb\":{\"@id\":\"https:\/\/apgsolutions.com\/de\/support\/faq\/reparaturen\/#breadcrumb\"},\"inLanguage\":\"de\",\"potentialAction\":[{\"@type\":\"ReadAction\",\"target\":[\"https:\/\/apgsolutions.com\/de\/support\/faq\/reparaturen\/\"]}]},{\"@type\":\"ImageObject\",\"inLanguage\":\"de\",\"@id\":\"https:\/\/apgsolutions.com\/de\/support\/faq\/reparaturen\/#primaryimage\",\"url\":\"https:\/\/apgsolutions.com\/wp-content\/uploads\/2023\/06\/USB-Interface-Icon_white-1.png\",\"contentUrl\":\"https:\/\/apgsolutions.com\/wp-content\/uploads\/2023\/06\/USB-Interface-Icon_white-1.png\"},{\"@type\":\"BreadcrumbList\",\"@id\":\"https:\/\/apgsolutions.com\/de\/support\/faq\/reparaturen\/#breadcrumb\",\"itemListElement\":[{\"@type\":\"ListItem\",\"position\":1,\"name\":\"Support\",\"item\":\"https:\/\/apgsolutions.com\/de\/support\/\"},{\"@type\":\"ListItem\",\"position\":2,\"name\":\"H\u00e4ufig gestellte Fragen\",\"item\":\"https:\/\/apgsolutions.com\/de\/support\/faq\/\"},{\"@type\":\"ListItem\",\"position\":3,\"name\":\"Garantie + Reparaturen\"}]},{\"@type\":\"WebSite\",\"@id\":\"https:\/\/apgsolutions.com\/de\/#website\",\"url\":\"https:\/\/apgsolutions.com\/de\/\",\"name\":\"APG Solutions, LLC\",\"description\":\"Trust at every point.\",\"publisher\":{\"@id\":\"https:\/\/apgsolutions.com\/de\/#organization\"},\"potentialAction\":[{\"@type\":\"SearchAction\",\"target\":{\"@type\":\"EntryPoint\",\"urlTemplate\":\"https:\/\/apgsolutions.com\/de\/?s={search_term_string}\"},\"query-input\":{\"@type\":\"PropertyValueSpecification\",\"valueRequired\":true,\"valueName\":\"search_term_string\"}}],\"inLanguage\":\"de\"},{\"@type\":\"Organization\",\"@id\":\"https:\/\/apgsolutions.com\/de\/#organization\",\"name\":\"APG Solution, LLC\",\"url\":\"https:\/\/apgsolutions.com\/de\/\",\"logo\":{\"@type\":\"ImageObject\",\"inLanguage\":\"de\",\"@id\":\"https:\/\/apgsolutions.com\/de\/#\/schema\/logo\/image\/\",\"url\":\"https:\/\/apgsolutions.com\/wp-content\/uploads\/2023\/12\/logomark-color.svg\",\"contentUrl\":\"https:\/\/apgsolutions.com\/wp-content\/uploads\/2023\/12\/logomark-color.svg\",\"width\":141,\"height\":138,\"caption\":\"APG Solution, LLC\"},\"image\":{\"@id\":\"https:\/\/apgsolutions.com\/de\/#\/schema\/logo\/image\/\"},\"sameAs\":[\"https:\/\/www.facebook.com\/apgglobalsolutions\",\"https:\/\/x.com\/apg_solutions\",\"https:\/\/www.youtube.com\/c\/CashManagementGlobalSolutionsbyapg\",\"https:\/\/www.linkedin.com\/company\/apgglobalsolutions\/\",\"https:\/\/www.instagram.com\/apgglobalsolutions\/\",\"https:\/\/www.pinterest.com\/apgcashdrawer\/\"]}]}<\/script>\n<!-- \/ Yoast SEO Premium plugin. -->","yoast_head_json":{"title":"Garantie + Reparaturen","description":"Lesen Sie die h\u00e4ufig gestellten Fragen (FAQs) zu Garantie, Reparaturen, R\u00fccksendungen und Supportprozessen f\u00fcr Produktwartung und -austausch.","robots":{"index":"index","follow":"follow","max-snippet":"max-snippet:-1","max-image-preview":"max-image-preview:large","max-video-preview":"max-video-preview:-1"},"canonical":"https:\/\/apgsolutions.com\/de\/support\/faq\/reparaturen\/","og_locale":"de_DE","og_type":"article","og_title":"Garantie + Reparaturen","og_description":"Lesen Sie die h\u00e4ufig gestellten Fragen (FAQs) zu Garantie, Reparaturen, R\u00fccksendungen und Supportprozessen f\u00fcr Produktwartung und -austausch.","og_url":"https:\/\/apgsolutions.com\/de\/support\/faq\/reparaturen\/","og_site_name":"apg\u00ae Solutions","article_publisher":"https:\/\/www.facebook.com\/apgglobalsolutions","article_modified_time":"2026-01-27T16:21:45+00:00","og_image":[{"url":"https:\/\/apgsolutions.com\/wp-content\/uploads\/2023\/06\/USB-Interface-Icon_white-1.png","type":"","width":"","height":""}],"twitter_card":"summary_large_image","twitter_site":"@apg_solutions","twitter_misc":{"Gesch\u00e4tzte Lesezeit":"4\u00a0Minuten"},"schema":{"@context":"https:\/\/schema.org","@graph":[{"@type":"WebPage","@id":"https:\/\/apgsolutions.com\/de\/support\/faq\/reparaturen\/","url":"https:\/\/apgsolutions.com\/de\/support\/faq\/reparaturen\/","name":"Garantie + Reparaturen","isPartOf":{"@id":"https:\/\/apgsolutions.com\/de\/#website"},"primaryImageOfPage":{"@id":"https:\/\/apgsolutions.com\/de\/support\/faq\/reparaturen\/#primaryimage"},"image":{"@id":"https:\/\/apgsolutions.com\/de\/support\/faq\/reparaturen\/#primaryimage"},"thumbnailUrl":"https:\/\/apgsolutions.com\/wp-content\/uploads\/2023\/06\/USB-Interface-Icon_white-1.png","datePublished":"2023-06-28T21:29:23+00:00","dateModified":"2026-01-27T16:21:45+00:00","description":"Lesen Sie die h\u00e4ufig gestellten Fragen (FAQs) zu Garantie, Reparaturen, R\u00fccksendungen und Supportprozessen f\u00fcr Produktwartung und -austausch.","breadcrumb":{"@id":"https:\/\/apgsolutions.com\/de\/support\/faq\/reparaturen\/#breadcrumb"},"inLanguage":"de","potentialAction":[{"@type":"ReadAction","target":["https:\/\/apgsolutions.com\/de\/support\/faq\/reparaturen\/"]}]},{"@type":"ImageObject","inLanguage":"de","@id":"https:\/\/apgsolutions.com\/de\/support\/faq\/reparaturen\/#primaryimage","url":"https:\/\/apgsolutions.com\/wp-content\/uploads\/2023\/06\/USB-Interface-Icon_white-1.png","contentUrl":"https:\/\/apgsolutions.com\/wp-content\/uploads\/2023\/06\/USB-Interface-Icon_white-1.png"},{"@type":"BreadcrumbList","@id":"https:\/\/apgsolutions.com\/de\/support\/faq\/reparaturen\/#breadcrumb","itemListElement":[{"@type":"ListItem","position":1,"name":"Support","item":"https:\/\/apgsolutions.com\/de\/support\/"},{"@type":"ListItem","position":2,"name":"H\u00e4ufig gestellte Fragen","item":"https:\/\/apgsolutions.com\/de\/support\/faq\/"},{"@type":"ListItem","position":3,"name":"Garantie + Reparaturen"}]},{"@type":"WebSite","@id":"https:\/\/apgsolutions.com\/de\/#website","url":"https:\/\/apgsolutions.com\/de\/","name":"APG Solutions, LLC","description":"Trust at every point.","publisher":{"@id":"https:\/\/apgsolutions.com\/de\/#organization"},"potentialAction":[{"@type":"SearchAction","target":{"@type":"EntryPoint","urlTemplate":"https:\/\/apgsolutions.com\/de\/?s={search_term_string}"},"query-input":{"@type":"PropertyValueSpecification","valueRequired":true,"valueName":"search_term_string"}}],"inLanguage":"de"},{"@type":"Organization","@id":"https:\/\/apgsolutions.com\/de\/#organization","name":"APG Solution, LLC","url":"https:\/\/apgsolutions.com\/de\/","logo":{"@type":"ImageObject","inLanguage":"de","@id":"https:\/\/apgsolutions.com\/de\/#\/schema\/logo\/image\/","url":"https:\/\/apgsolutions.com\/wp-content\/uploads\/2023\/12\/logomark-color.svg","contentUrl":"https:\/\/apgsolutions.com\/wp-content\/uploads\/2023\/12\/logomark-color.svg","width":141,"height":138,"caption":"APG Solution, LLC"},"image":{"@id":"https:\/\/apgsolutions.com\/de\/#\/schema\/logo\/image\/"},"sameAs":["https:\/\/www.facebook.com\/apgglobalsolutions","https:\/\/x.com\/apg_solutions","https:\/\/www.youtube.com\/c\/CashManagementGlobalSolutionsbyapg","https:\/\/www.linkedin.com\/company\/apgglobalsolutions\/","https:\/\/www.instagram.com\/apgglobalsolutions\/","https:\/\/www.pinterest.com\/apgcashdrawer\/"]}]}},"acf":[],"_links":{"self":[{"href":"https:\/\/apgsolutions.com\/de\/wp-json\/wp\/v2\/pages\/66330","targetHints":{"allow":["GET"]}}],"collection":[{"href":"https:\/\/apgsolutions.com\/de\/wp-json\/wp\/v2\/pages"}],"about":[{"href":"https:\/\/apgsolutions.com\/de\/wp-json\/wp\/v2\/types\/page"}],"author":[{"embeddable":true,"href":"https:\/\/apgsolutions.com\/de\/wp-json\/wp\/v2\/users\/4"}],"replies":[{"embeddable":true,"href":"https:\/\/apgsolutions.com\/de\/wp-json\/wp\/v2\/comments?post=66330"}],"version-history":[{"count":8,"href":"https:\/\/apgsolutions.com\/de\/wp-json\/wp\/v2\/pages\/66330\/revisions"}],"predecessor-version":[{"id":103455,"href":"https:\/\/apgsolutions.com\/de\/wp-json\/wp\/v2\/pages\/66330\/revisions\/103455"}],"up":[{"embeddable":true,"href":"https:\/\/apgsolutions.com\/de\/wp-json\/wp\/v2\/pages\/64560"}],"wp:attachment":[{"href":"https:\/\/apgsolutions.com\/de\/wp-json\/wp\/v2\/media?parent=66330"}],"curies":[{"name":"wp","href":"https:\/\/api.w.org\/{rel}","templated":true}]}}