{"id":67649,"date":"2023-07-12T16:23:57","date_gmt":"2023-07-12T16:23:57","guid":{"rendered":"https:\/\/apgsolutions.com\/produkte\/cash-management-losungen\/"},"modified":"2025-07-22T07:22:03","modified_gmt":"2025-07-22T07:22:03","slug":"cash-management-losungen","status":"publish","type":"page","link":"https:\/\/apgsolutions.com\/de\/cash-management-losungen\/","title":{"rendered":"Cash-Management-L\u00f6sungen"},"content":{"rendered":"<div class=\"section_page-header \">\n    <img decoding=\"async\" class=\"header-image\" src=\"https:\/\/apgsolutions.com\/wp-content\/uploads\/2023\/07\/Treasury-Thumbnail.jpg\" alt=\"Treasury-Thumbnail\" title=\"Treasury-Thumbnail\">\n            <div class=\"header-content\">\n            <h1>Cash-Management-L\u00f6sungen<\/h1>\n        <\/div>\n    <\/div>\n\n\n<h2 class=\"wp-block-heading has-large-font-size\" id=\"h-discover-revolutionary-cash-management-solutions\">Discover revolutionary cash management solutions<\/h2>\n\n\n\n<p>Managing cash at the POS can be a time consuming and costly process for any retail environment. The <strong><em>SMART<\/em><\/strong>till\u00ae Cash Management Solution is a revolution in cash management, enabling retailers to eradicate cash losses, reduce the cost of laborious cash handling and improve in-store customer service and experience.<\/p>\n\n\n\n<div class=\"wp-block-columns is-layout-flex wp-container-core-columns-is-layout-9d6595d7 wp-block-columns-is-layout-flex\">\n<div class=\"wp-block-column product-title-col-img is-layout-flow wp-block-column-is-layout-flow\" style=\"flex-basis:33.33%\">\n<div class=\"wp-block-cover\"><img fetchpriority=\"high\" decoding=\"async\" width=\"350\" height=\"350\" class=\"wp-block-cover__image-background wp-image-67634\" alt=\"Cashlogy POS1000US\" src=\"https:\/\/apgsolutions.com\/wp-content\/uploads\/2023\/07\/Cashlogy-edited.jpg\" data-object-fit=\"cover\" srcset=\"https:\/\/apgsolutions.com\/wp-content\/uploads\/2023\/07\/Cashlogy-edited.jpg 350w, https:\/\/apgsolutions.com\/wp-content\/uploads\/2023\/07\/Cashlogy-edited-300x300.jpg 300w, https:\/\/apgsolutions.com\/wp-content\/uploads\/2023\/07\/Cashlogy-edited-150x150.jpg 150w, https:\/\/apgsolutions.com\/wp-content\/uploads\/2023\/07\/Cashlogy-edited-80x80.jpg 80w, https:\/\/apgsolutions.com\/wp-content\/uploads\/2023\/07\/Cashlogy-edited-160x160.jpg 160w, https:\/\/apgsolutions.com\/wp-content\/uploads\/2023\/07\/Cashlogy-edited-95x95.jpg 95w, https:\/\/apgsolutions.com\/wp-content\/uploads\/2023\/07\/Cashlogy-edited-100x100.jpg 100w\" sizes=\"(max-width: 350px) 100vw, 350px\" \/><span aria-hidden=\"true\" class=\"wp-block-cover__background has-background-dim-0 has-background-dim\"><\/span><div class=\"wp-block-cover__inner-container is-layout-flow wp-block-cover-is-layout-flow\">\n<h3 class=\"wp-block-heading has-text-align-center has-large-font-size\" id=\"h-cashlogy-pos1000us-cash-recycler\">Cashlogy POS1000US Cash Recycler<\/h3>\n<\/div><\/div>\n<\/div>\n\n\n\n<div class=\"wp-block-column is-layout-flow wp-block-column-is-layout-flow\" style=\"flex-basis:66.66%\">\n<figure class=\"wp-block-image size-full\"><img decoding=\"async\" width=\"150\" height=\"150\" src=\"https:\/\/apgsolutions.com\/wp-content\/uploads\/2023\/07\/Cashlogy-Thumbnail.png\" alt=\"Cashlogy POS1000US\" class=\"wp-image-67638\" srcset=\"https:\/\/apgsolutions.com\/wp-content\/uploads\/2023\/07\/Cashlogy-Thumbnail.png 150w, https:\/\/apgsolutions.com\/wp-content\/uploads\/2023\/07\/Cashlogy-Thumbnail-80x80.png 80w, https:\/\/apgsolutions.com\/wp-content\/uploads\/2023\/07\/Cashlogy-Thumbnail-95x95.png 95w, https:\/\/apgsolutions.com\/wp-content\/uploads\/2023\/07\/Cashlogy-Thumbnail-100x100.png 100w\" sizes=\"(max-width: 150px) 100vw, 150px\" \/><\/figure>\n\n\n\n<p>Der Cashlogy POS1000US Cash Recycler ist auf hohe Leistung in einer Vielzahl von Sektoren des Einzelhandels ausgelegt und stellt eine geschlossene End-to-End-L\u00f6sung dar, mit der die Kosten des Cash-Managements gesenkt werden und der Kundenservice verbessert wird. Der Cashlogy POS1000US Cash Recycler erm\u00f6glicht die direkte Zahlung mit Banknoten und M\u00fcnzen. Dadurch werden Fehler beim Kassenabgleich und der Bargeldschwund beseitigt und das Diebstahlrisiko minimiert.<\/p>\n\n\n\n<p><strong>Gesch\u00e4ftstypen:<\/strong><br>Handel, Gastgewerbe, Schnellrestaurants, Lebensmittell\u00e4den, Nachbarschaftsl\u00e4den, Tankstellen<br><strong>Verf\u00fcgbar in:<\/strong><br>US, Kanada<\/p>\n\n\n\n<div class=\"wp-block-buttons is-layout-flex wp-block-buttons-is-layout-flex\">\n<div class=\"wp-block-button\"><a class=\"wp-block-button__link wp-element-button\" href=\"https:\/\/apgsolutions.com\/de\/ressourcen\/\">WEITERE RESSOURCEN<\/a><\/div>\n<\/div>\n<\/div>\n<\/div>\n\n\n\n<div class=\"wp-block-columns is-layout-flex wp-container-core-columns-is-layout-9d6595d7 wp-block-columns-is-layout-flex\">\n<div class=\"wp-block-column product-title-col-img is-layout-flow wp-block-column-is-layout-flow\" style=\"flex-basis:33.33%\">\n<div class=\"wp-block-cover\"><img decoding=\"async\" width=\"350\" height=\"350\" class=\"wp-block-cover__image-background wp-image-67271\" alt=\"ST-temporary-Sidebar\" src=\"https:\/\/apgsolutions.com\/wp-content\/uploads\/2023\/07\/ST-temporary-Sidebar-edited.jpg\" data-object-fit=\"cover\" srcset=\"https:\/\/apgsolutions.com\/wp-content\/uploads\/2023\/07\/ST-temporary-Sidebar-edited.jpg 350w, https:\/\/apgsolutions.com\/wp-content\/uploads\/2023\/07\/ST-temporary-Sidebar-edited-300x300.jpg 300w, https:\/\/apgsolutions.com\/wp-content\/uploads\/2023\/07\/ST-temporary-Sidebar-edited-150x150.jpg 150w, https:\/\/apgsolutions.com\/wp-content\/uploads\/2023\/07\/ST-temporary-Sidebar-edited-80x80.jpg 80w, https:\/\/apgsolutions.com\/wp-content\/uploads\/2023\/07\/ST-temporary-Sidebar-edited-160x160.jpg 160w, https:\/\/apgsolutions.com\/wp-content\/uploads\/2023\/07\/ST-temporary-Sidebar-edited-95x95.jpg 95w, https:\/\/apgsolutions.com\/wp-content\/uploads\/2023\/07\/ST-temporary-Sidebar-edited-100x100.jpg 100w\" sizes=\"(max-width: 350px) 100vw, 350px\" \/><span aria-hidden=\"true\" class=\"wp-block-cover__background has-background-dim-0 has-background-dim\"><\/span><div class=\"wp-block-cover__inner-container is-layout-flow wp-block-cover-is-layout-flow\">\n<h3 class=\"wp-block-heading has-text-align-center has-large-font-size\"><strong><em>SMART<\/em><\/strong>till Cash-Management-L\u00f6sungen<\/h3>\n<\/div><\/div>\n<\/div>\n\n\n\n<div class=\"wp-block-column is-layout-flow wp-block-column-is-layout-flow\" style=\"flex-basis:66.66%\">\n<figure class=\"wp-block-image size-full\"><img loading=\"lazy\" decoding=\"async\" width=\"150\" height=\"150\" src=\"https:\/\/apgsolutions.com\/wp-content\/uploads\/2023\/07\/ST-FlipLid-SlideOut-Hybrid.png\" alt=\"ST-FlipLid-SlideOut-Hybrid\" class=\"wp-image-67275\" srcset=\"https:\/\/apgsolutions.com\/wp-content\/uploads\/2023\/07\/ST-FlipLid-SlideOut-Hybrid.png 150w, https:\/\/apgsolutions.com\/wp-content\/uploads\/2023\/07\/ST-FlipLid-SlideOut-Hybrid-80x80.png 80w, https:\/\/apgsolutions.com\/wp-content\/uploads\/2023\/07\/ST-FlipLid-SlideOut-Hybrid-95x95.png 95w, https:\/\/apgsolutions.com\/wp-content\/uploads\/2023\/07\/ST-FlipLid-SlideOut-Hybrid-100x100.png 100w\" sizes=\"(max-width: 150px) 100vw, 150px\" \/><\/figure>\n\n\n\n<p><strong><em>SMART<\/em><\/strong>till Solution ProductsDie SMARTtill-L\u00f6sung stellt die n\u00e4chste Generation des Cash-Managements dar, die es dem Handel und Gastgewerbe erm\u00f6glicht, Bargeldverluste und die Kosten der Bargeldlogistik drastisch zu reduzieren und die Produktivit\u00e4t des Verkaufspersonals zu steigern. Die in das Netzwerk Ihrer vertrauensw\u00fcrdigen Gesch\u00e4ftspartner integrierte <strong><em>SMART<\/em><\/strong>till-L\u00f6sung erfasst in Echtzeit alle Transaktionen und Bargelddiskrepanzen in jeder Kasse und jedem Gesch\u00e4ft und bietet leistungsstarke Analysewerkzeuge zur besseren Steuerung Ihrer Gesch\u00e4ftsprozesse.<\/p>\n\n\n\n<p><strong>Gesch\u00e4ftstypen:<\/strong><br>Handel, Nachbarschaftsl\u00e4den, Lebensmittell\u00e4den, Schnellrestaurants, Fast-Casual-Restaurants<br><strong>Verf\u00fcgbar in:<\/strong><br>USD, Euro, Sterling<\/p>\n\n\n\n<div class=\"wp-block-buttons is-layout-flex wp-block-buttons-is-layout-flex\">\n<div class=\"wp-block-button\"><a class=\"wp-block-button__link wp-element-button\" href=\"\/configurator\/de\/smarttill-cash-management-solution\">KONFIGURIEREN UND ANZEIGEN VON RESSOURCEN<\/a><\/div>\n<\/div>\n<\/div>\n<\/div>\n","protected":false},"excerpt":{"rendered":"<p>Discover revolutionary cash management solutions Managing cash at the POS can be a time consuming and costly process for any retail environment. The SMARTtill\u00ae Cash Management Solution is a revolution in cash management, enabling retailers to eradicate cash losses, reduce the cost of laborious cash handling and improve in-store customer service and experience. Der Cashlogy [&hellip;]<\/p>\n","protected":false},"author":4,"featured_media":0,"parent":0,"menu_order":0,"comment_status":"closed","ping_status":"closed","template":"","meta":{"_acf_changed":false,"content-type":"","footnotes":""},"class_list":["post-67649","page","type-page","status-publish"],"yoast_head":"<!-- This site is optimized with the Yoast SEO Premium plugin v23.5 (Yoast SEO v27.2) - https:\/\/yoast.com\/product\/yoast-seo-premium-wordpress\/ -->\n<title>Cash-Management-L\u00f6sungen<\/title>\n<meta name=\"robots\" content=\"index, follow, max-snippet:-1, max-image-preview:large, max-video-preview:-1\" \/>\n<link rel=\"canonical\" href=\"https:\/\/apgsolutions.com\/de\/cash-management-losungen\/\" \/>\n<meta property=\"og:locale\" content=\"de_DE\" \/>\n<meta property=\"og:type\" content=\"article\" \/>\n<meta property=\"og:title\" content=\"Cash-Management-L\u00f6sungen\" \/>\n<meta property=\"og:description\" content=\"Discover revolutionary cash management solutions Managing cash at the POS can be a time consuming and costly process for any retail environment. The SMARTtill\u00ae Cash Management Solution is a revolution in cash management, enabling retailers to eradicate cash losses, reduce the cost of laborious cash handling and improve in-store customer service and experience. Der Cashlogy [&hellip;]\" \/>\n<meta property=\"og:url\" content=\"https:\/\/apgsolutions.com\/de\/cash-management-losungen\/\" \/>\n<meta property=\"og:site_name\" content=\"apg\u00ae Solutions\" \/>\n<meta property=\"article:publisher\" content=\"https:\/\/www.facebook.com\/apgglobalsolutions\" \/>\n<meta property=\"article:modified_time\" content=\"2025-07-22T07:22:03+00:00\" \/>\n<meta property=\"og:image\" content=\"https:\/\/apgsolutions.com\/wp-content\/uploads\/2023\/07\/Cashlogy-edited.jpg\" \/>\n<meta name=\"twitter:card\" content=\"summary_large_image\" \/>\n<meta name=\"twitter:site\" content=\"@apg_solutions\" \/>\n<meta name=\"twitter:label1\" content=\"Gesch\u00e4tzte Lesezeit\" \/>\n\t<meta name=\"twitter:data1\" content=\"2\u00a0Minuten\" \/>\n<script type=\"application\/ld+json\" class=\"yoast-schema-graph\">{\"@context\":\"https:\/\/schema.org\",\"@graph\":[{\"@type\":\"WebPage\",\"@id\":\"https:\/\/apgsolutions.com\/de\/cash-management-losungen\/\",\"url\":\"https:\/\/apgsolutions.com\/de\/cash-management-losungen\/\",\"name\":\"Cash-Management-L\u00f6sungen\",\"isPartOf\":{\"@id\":\"https:\/\/apgsolutions.com\/de\/#website\"},\"primaryImageOfPage\":{\"@id\":\"https:\/\/apgsolutions.com\/de\/cash-management-losungen\/#primaryimage\"},\"image\":{\"@id\":\"https:\/\/apgsolutions.com\/de\/cash-management-losungen\/#primaryimage\"},\"thumbnailUrl\":\"https:\/\/apgsolutions.com\/wp-content\/uploads\/2023\/07\/Cashlogy-edited.jpg\",\"datePublished\":\"2023-07-12T16:23:57+00:00\",\"dateModified\":\"2025-07-22T07:22:03+00:00\",\"inLanguage\":\"de\",\"potentialAction\":[{\"@type\":\"ReadAction\",\"target\":[\"https:\/\/apgsolutions.com\/de\/cash-management-losungen\/\"]}]},{\"@type\":\"ImageObject\",\"inLanguage\":\"de\",\"@id\":\"https:\/\/apgsolutions.com\/de\/cash-management-losungen\/#primaryimage\",\"url\":\"https:\/\/apgsolutions.com\/wp-content\/uploads\/2023\/07\/Cashlogy-edited.jpg\",\"contentUrl\":\"https:\/\/apgsolutions.com\/wp-content\/uploads\/2023\/07\/Cashlogy-edited.jpg\"},{\"@type\":\"WebSite\",\"@id\":\"https:\/\/apgsolutions.com\/de\/#website\",\"url\":\"https:\/\/apgsolutions.com\/de\/\",\"name\":\"APG Solutions, LLC\",\"description\":\"Trust at every point.\",\"publisher\":{\"@id\":\"https:\/\/apgsolutions.com\/de\/#organization\"},\"potentialAction\":[{\"@type\":\"SearchAction\",\"target\":{\"@type\":\"EntryPoint\",\"urlTemplate\":\"https:\/\/apgsolutions.com\/de\/?s={search_term_string}\"},\"query-input\":{\"@type\":\"PropertyValueSpecification\",\"valueRequired\":true,\"valueName\":\"search_term_string\"}}],\"inLanguage\":\"de\"},{\"@type\":\"Organization\",\"@id\":\"https:\/\/apgsolutions.com\/de\/#organization\",\"name\":\"APG Solution, LLC\",\"url\":\"https:\/\/apgsolutions.com\/de\/\",\"logo\":{\"@type\":\"ImageObject\",\"inLanguage\":\"de\",\"@id\":\"https:\/\/apgsolutions.com\/de\/#\/schema\/logo\/image\/\",\"url\":\"https:\/\/apgsolutions.com\/wp-content\/uploads\/2023\/12\/logomark-color.svg\",\"contentUrl\":\"https:\/\/apgsolutions.com\/wp-content\/uploads\/2023\/12\/logomark-color.svg\",\"width\":141,\"height\":138,\"caption\":\"APG Solution, LLC\"},\"image\":{\"@id\":\"https:\/\/apgsolutions.com\/de\/#\/schema\/logo\/image\/\"},\"sameAs\":[\"https:\/\/www.facebook.com\/apgglobalsolutions\",\"https:\/\/x.com\/apg_solutions\",\"https:\/\/www.youtube.com\/c\/CashManagementGlobalSolutionsbyapg\",\"https:\/\/www.linkedin.com\/company\/apgglobalsolutions\/\",\"https:\/\/www.instagram.com\/apgglobalsolutions\/\",\"https:\/\/www.pinterest.com\/apgcashdrawer\/\"]}]}<\/script>\n<!-- \/ Yoast SEO Premium plugin. -->","yoast_head_json":{"title":"Cash-Management-L\u00f6sungen","robots":{"index":"index","follow":"follow","max-snippet":"max-snippet:-1","max-image-preview":"max-image-preview:large","max-video-preview":"max-video-preview:-1"},"canonical":"https:\/\/apgsolutions.com\/de\/cash-management-losungen\/","og_locale":"de_DE","og_type":"article","og_title":"Cash-Management-L\u00f6sungen","og_description":"Discover revolutionary cash management solutions Managing cash at the POS can be a time consuming and costly process for any retail environment. The SMARTtill\u00ae Cash Management Solution is a revolution in cash management, enabling retailers to eradicate cash losses, reduce the cost of laborious cash handling and improve in-store customer service and experience. Der Cashlogy [&hellip;]","og_url":"https:\/\/apgsolutions.com\/de\/cash-management-losungen\/","og_site_name":"apg\u00ae Solutions","article_publisher":"https:\/\/www.facebook.com\/apgglobalsolutions","article_modified_time":"2025-07-22T07:22:03+00:00","og_image":[{"url":"https:\/\/apgsolutions.com\/wp-content\/uploads\/2023\/07\/Cashlogy-edited.jpg","type":"","width":"","height":""}],"twitter_card":"summary_large_image","twitter_site":"@apg_solutions","twitter_misc":{"Gesch\u00e4tzte Lesezeit":"2\u00a0Minuten"},"schema":{"@context":"https:\/\/schema.org","@graph":[{"@type":"WebPage","@id":"https:\/\/apgsolutions.com\/de\/cash-management-losungen\/","url":"https:\/\/apgsolutions.com\/de\/cash-management-losungen\/","name":"Cash-Management-L\u00f6sungen","isPartOf":{"@id":"https:\/\/apgsolutions.com\/de\/#website"},"primaryImageOfPage":{"@id":"https:\/\/apgsolutions.com\/de\/cash-management-losungen\/#primaryimage"},"image":{"@id":"https:\/\/apgsolutions.com\/de\/cash-management-losungen\/#primaryimage"},"thumbnailUrl":"https:\/\/apgsolutions.com\/wp-content\/uploads\/2023\/07\/Cashlogy-edited.jpg","datePublished":"2023-07-12T16:23:57+00:00","dateModified":"2025-07-22T07:22:03+00:00","inLanguage":"de","potentialAction":[{"@type":"ReadAction","target":["https:\/\/apgsolutions.com\/de\/cash-management-losungen\/"]}]},{"@type":"ImageObject","inLanguage":"de","@id":"https:\/\/apgsolutions.com\/de\/cash-management-losungen\/#primaryimage","url":"https:\/\/apgsolutions.com\/wp-content\/uploads\/2023\/07\/Cashlogy-edited.jpg","contentUrl":"https:\/\/apgsolutions.com\/wp-content\/uploads\/2023\/07\/Cashlogy-edited.jpg"},{"@type":"WebSite","@id":"https:\/\/apgsolutions.com\/de\/#website","url":"https:\/\/apgsolutions.com\/de\/","name":"APG Solutions, LLC","description":"Trust at every point.","publisher":{"@id":"https:\/\/apgsolutions.com\/de\/#organization"},"potentialAction":[{"@type":"SearchAction","target":{"@type":"EntryPoint","urlTemplate":"https:\/\/apgsolutions.com\/de\/?s={search_term_string}"},"query-input":{"@type":"PropertyValueSpecification","valueRequired":true,"valueName":"search_term_string"}}],"inLanguage":"de"},{"@type":"Organization","@id":"https:\/\/apgsolutions.com\/de\/#organization","name":"APG Solution, LLC","url":"https:\/\/apgsolutions.com\/de\/","logo":{"@type":"ImageObject","inLanguage":"de","@id":"https:\/\/apgsolutions.com\/de\/#\/schema\/logo\/image\/","url":"https:\/\/apgsolutions.com\/wp-content\/uploads\/2023\/12\/logomark-color.svg","contentUrl":"https:\/\/apgsolutions.com\/wp-content\/uploads\/2023\/12\/logomark-color.svg","width":141,"height":138,"caption":"APG Solution, LLC"},"image":{"@id":"https:\/\/apgsolutions.com\/de\/#\/schema\/logo\/image\/"},"sameAs":["https:\/\/www.facebook.com\/apgglobalsolutions","https:\/\/x.com\/apg_solutions","https:\/\/www.youtube.com\/c\/CashManagementGlobalSolutionsbyapg","https:\/\/www.linkedin.com\/company\/apgglobalsolutions\/","https:\/\/www.instagram.com\/apgglobalsolutions\/","https:\/\/www.pinterest.com\/apgcashdrawer\/"]}]}},"acf":[],"_links":{"self":[{"href":"https:\/\/apgsolutions.com\/de\/wp-json\/wp\/v2\/pages\/67649","targetHints":{"allow":["GET"]}}],"collection":[{"href":"https:\/\/apgsolutions.com\/de\/wp-json\/wp\/v2\/pages"}],"about":[{"href":"https:\/\/apgsolutions.com\/de\/wp-json\/wp\/v2\/types\/page"}],"author":[{"embeddable":true,"href":"https:\/\/apgsolutions.com\/de\/wp-json\/wp\/v2\/users\/4"}],"replies":[{"embeddable":true,"href":"https:\/\/apgsolutions.com\/de\/wp-json\/wp\/v2\/comments?post=67649"}],"version-history":[{"count":2,"href":"https:\/\/apgsolutions.com\/de\/wp-json\/wp\/v2\/pages\/67649\/revisions"}],"predecessor-version":[{"id":91221,"href":"https:\/\/apgsolutions.com\/de\/wp-json\/wp\/v2\/pages\/67649\/revisions\/91221"}],"wp:attachment":[{"href":"https:\/\/apgsolutions.com\/de\/wp-json\/wp\/v2\/media?parent=67649"}],"curies":[{"name":"wp","href":"https:\/\/api.w.org\/{rel}","templated":true}]}}