{"id":92639,"date":"2025-09-09T07:39:14","date_gmt":"2025-09-09T07:39:14","guid":{"rendered":"https:\/\/apgsolutions.com\/thank-you-for-contacting-apg-cash-drawer\/"},"modified":"2026-01-13T05:33:48","modified_gmt":"2026-01-13T05:33:48","slug":"thank-you-for-contacting-apg-cash-drawer","status":"publish","type":"page","link":"https:\/\/apgsolutions.com\/de\/thank-you-for-contacting-apg-cash-drawer\/","title":{"rendered":"Danke, dass Sie APG Cash Drawer kontaktiert haben"},"content":{"rendered":"<div class=\"section_page-header \">\n    <img decoding=\"async\" class=\"header-image\" src=\"https:\/\/apgsolutions.com\/wp-content\/uploads\/2023\/04\/dark-blue-rotated.jpg\" alt=\"dark-blue\" title=\"dark-blue\">\n            <div class=\"header-content\">\n            <h1>Thank You for Contacting APG Cash Drawer<\/h1>\n        <\/div>\n    <\/div>\n\n\n<h3 class=\"wp-block-heading has-text-align-left\" id=\"h-apg-cash-drawer-ist-ein-globaler-hersteller-von-bargeldmanagement-losungen-fur-eine-vielzahl-von-kunden-und-branchen\">APG Cash Drawer ist ein globaler Hersteller von Bargeldmanagement-L\u00f6sungen f\u00fcr eine Vielzahl von Kunden und Branchen.<\/h3>\n\n\n\n<h3 class=\"wp-block-heading has-text-align-left\">Wenn Sie sich an unser technisches Support-Team gewandt haben, arbeiten wir an Ihrer Anfrage und Sie k\u00f6nnen innerhalb von 24 Stunden eine Antwort erwarten.<\/h3>\n\n\n\n<p>Wir w\u00fcrden uns \u00fcber Ihre Meinung zu uns freuen. Klicken Sie <a href=\"https:\/\/apgsolutions.com\/de\/customer-satisfaction-survey-2\/\">hier<\/a>, um unsere Umfrage mit nur einer Frage zu beantworten. <\/p>\n\n\n\n<p>Klicken Sie auf die untenstehenden Links und erfahren Sie mehr \u00fcber APG Cash Drawer:<\/p>\n\n\n\n<ul class=\"wp-block-list\">\n<li><a href=\"https:\/\/apgsolutions.com\/de\/produkte\/\">APG Produkte<\/a><\/li>\n\n\n\n<li><a href=\"https:\/\/apgsolutions.com\/de\/keys-and-locks\/\">Keys and Locks<\/a><\/li>\n\n\n\n<li><a href=\"https:\/\/apgsolutions.com\/wp-content\/uploads\/2023\/07\/Integration-Systems-scaled.jpeg\">Integrationssysteme<\/a><\/li>\n\n\n\n<li><a href=\"https:\/\/apgsolutions.com\/de\/ueber-apg-cash-drawer\/\">Warum sollten Sie sich f\u00fcr APG Cash Drawer entscheiden?<\/a><\/li>\n\n\n\n<li><a href=\"https:\/\/apgsolutions.com\/de\/press\/\">Presseraum<\/a><\/li>\n\n\n\n<li><a href=\"https:\/\/apgsolutions.com\/de\/configurator\/\">Artikelnummer-Konfigurator<\/a><\/li>\n\n\n\n<li><a href=\"https:\/\/apgsolutions.com\/de\/ressourcen\/\">APG Ressourcen<\/a><\/li>\n<\/ul>\n\n\n\n<p>Lesen Sie den <a href=\"https:\/\/apgsolutions.com\/de\/\">Blog<\/a> von APG Cash Drawer und bleiben Sie auf dem Laufenden \u00fcber Neuigkeiten in der Branche!<\/p>\n","protected":false},"excerpt":{"rendered":"<p>APG Cash Drawer ist ein globaler Hersteller von Bargeldmanagement-L\u00f6sungen f\u00fcr eine Vielzahl von Kunden und Branchen. Wenn Sie sich an unser technisches Support-Team gewandt haben, arbeiten wir an Ihrer Anfrage und Sie k\u00f6nnen innerhalb von 24 Stunden eine Antwort erwarten. Wir w\u00fcrden uns \u00fcber Ihre Meinung zu uns freuen. Klicken Sie hier, um unsere Umfrage [&hellip;]<\/p>\n","protected":false},"author":4,"featured_media":0,"parent":0,"menu_order":0,"comment_status":"closed","ping_status":"closed","template":"","meta":{"_acf_changed":false,"content-type":"","footnotes":""},"class_list":["post-92639","page","type-page","status-publish"],"yoast_head":"<!-- This site is optimized with the Yoast SEO Premium plugin v23.5 (Yoast SEO v27.2) - https:\/\/yoast.com\/product\/yoast-seo-premium-wordpress\/ -->\n<title>Danke, dass Sie APG Cash Drawer kontaktiert haben<\/title>\n<meta name=\"robots\" content=\"noindex, follow\" \/>\n<meta property=\"og:locale\" content=\"de_DE\" \/>\n<meta property=\"og:type\" content=\"article\" \/>\n<meta property=\"og:title\" content=\"Danke, dass Sie APG Cash Drawer kontaktiert haben\" \/>\n<meta property=\"og:description\" content=\"APG Cash Drawer ist ein globaler Hersteller von Bargeldmanagement-L\u00f6sungen f\u00fcr eine Vielzahl von Kunden und Branchen. Wenn Sie sich an unser technisches Support-Team gewandt haben, arbeiten wir an Ihrer Anfrage und Sie k\u00f6nnen innerhalb von 24 Stunden eine Antwort erwarten. Wir w\u00fcrden uns \u00fcber Ihre Meinung zu uns freuen. Klicken Sie hier, um unsere Umfrage [&hellip;]\" \/>\n<meta property=\"og:url\" content=\"https:\/\/apgsolutions.com\/de\/thank-you-for-contacting-apg-cash-drawer\/\" \/>\n<meta property=\"og:site_name\" content=\"apg\u00ae Solutions\" \/>\n<meta property=\"article:publisher\" content=\"https:\/\/www.facebook.com\/apgglobalsolutions\" \/>\n<meta property=\"article:modified_time\" content=\"2026-01-13T05:33:48+00:00\" \/>\n<meta name=\"twitter:card\" content=\"summary_large_image\" \/>\n<meta name=\"twitter:site\" content=\"@apg_solutions\" \/>\n<meta name=\"twitter:label1\" content=\"Gesch\u00e4tzte Lesezeit\" \/>\n\t<meta name=\"twitter:data1\" content=\"1\u00a0Minute\" \/>\n<script type=\"application\/ld+json\" class=\"yoast-schema-graph\">{\"@context\":\"https:\/\/schema.org\",\"@graph\":[{\"@type\":\"WebPage\",\"@id\":\"https:\/\/apgsolutions.com\/de\/thank-you-for-contacting-apg-cash-drawer\/\",\"url\":\"https:\/\/apgsolutions.com\/de\/thank-you-for-contacting-apg-cash-drawer\/\",\"name\":\"Danke, dass Sie APG Cash Drawer kontaktiert haben\",\"isPartOf\":{\"@id\":\"https:\/\/apgsolutions.com\/de\/#website\"},\"datePublished\":\"2025-09-09T07:39:14+00:00\",\"dateModified\":\"2026-01-13T05:33:48+00:00\",\"inLanguage\":\"de\",\"potentialAction\":[{\"@type\":\"ReadAction\",\"target\":[\"https:\/\/apgsolutions.com\/de\/thank-you-for-contacting-apg-cash-drawer\/\"]}]},{\"@type\":\"WebSite\",\"@id\":\"https:\/\/apgsolutions.com\/de\/#website\",\"url\":\"https:\/\/apgsolutions.com\/de\/\",\"name\":\"APG Solutions, LLC\",\"description\":\"Trust at every point.\",\"publisher\":{\"@id\":\"https:\/\/apgsolutions.com\/de\/#organization\"},\"potentialAction\":[{\"@type\":\"SearchAction\",\"target\":{\"@type\":\"EntryPoint\",\"urlTemplate\":\"https:\/\/apgsolutions.com\/de\/?s={search_term_string}\"},\"query-input\":{\"@type\":\"PropertyValueSpecification\",\"valueRequired\":true,\"valueName\":\"search_term_string\"}}],\"inLanguage\":\"de\"},{\"@type\":\"Organization\",\"@id\":\"https:\/\/apgsolutions.com\/de\/#organization\",\"name\":\"APG Solution, LLC\",\"url\":\"https:\/\/apgsolutions.com\/de\/\",\"logo\":{\"@type\":\"ImageObject\",\"inLanguage\":\"de\",\"@id\":\"https:\/\/apgsolutions.com\/de\/#\/schema\/logo\/image\/\",\"url\":\"https:\/\/apgsolutions.com\/wp-content\/uploads\/2023\/12\/logomark-color.svg\",\"contentUrl\":\"https:\/\/apgsolutions.com\/wp-content\/uploads\/2023\/12\/logomark-color.svg\",\"width\":141,\"height\":138,\"caption\":\"APG Solution, LLC\"},\"image\":{\"@id\":\"https:\/\/apgsolutions.com\/de\/#\/schema\/logo\/image\/\"},\"sameAs\":[\"https:\/\/www.facebook.com\/apgglobalsolutions\",\"https:\/\/x.com\/apg_solutions\",\"https:\/\/www.youtube.com\/c\/CashManagementGlobalSolutionsbyapg\",\"https:\/\/www.linkedin.com\/company\/apgglobalsolutions\/\",\"https:\/\/www.instagram.com\/apgglobalsolutions\/\",\"https:\/\/www.pinterest.com\/apgcashdrawer\/\"]}]}<\/script>\n<!-- \/ Yoast SEO Premium plugin. -->","yoast_head_json":{"title":"Danke, dass Sie APG Cash Drawer kontaktiert haben","robots":{"index":"noindex","follow":"follow"},"og_locale":"de_DE","og_type":"article","og_title":"Danke, dass Sie APG Cash Drawer kontaktiert haben","og_description":"APG Cash Drawer ist ein globaler Hersteller von Bargeldmanagement-L\u00f6sungen f\u00fcr eine Vielzahl von Kunden und Branchen. Wenn Sie sich an unser technisches Support-Team gewandt haben, arbeiten wir an Ihrer Anfrage und Sie k\u00f6nnen innerhalb von 24 Stunden eine Antwort erwarten. Wir w\u00fcrden uns \u00fcber Ihre Meinung zu uns freuen. Klicken Sie hier, um unsere Umfrage [&hellip;]","og_url":"https:\/\/apgsolutions.com\/de\/thank-you-for-contacting-apg-cash-drawer\/","og_site_name":"apg\u00ae Solutions","article_publisher":"https:\/\/www.facebook.com\/apgglobalsolutions","article_modified_time":"2026-01-13T05:33:48+00:00","twitter_card":"summary_large_image","twitter_site":"@apg_solutions","twitter_misc":{"Gesch\u00e4tzte Lesezeit":"1\u00a0Minute"},"schema":{"@context":"https:\/\/schema.org","@graph":[{"@type":"WebPage","@id":"https:\/\/apgsolutions.com\/de\/thank-you-for-contacting-apg-cash-drawer\/","url":"https:\/\/apgsolutions.com\/de\/thank-you-for-contacting-apg-cash-drawer\/","name":"Danke, dass Sie APG Cash Drawer kontaktiert haben","isPartOf":{"@id":"https:\/\/apgsolutions.com\/de\/#website"},"datePublished":"2025-09-09T07:39:14+00:00","dateModified":"2026-01-13T05:33:48+00:00","inLanguage":"de","potentialAction":[{"@type":"ReadAction","target":["https:\/\/apgsolutions.com\/de\/thank-you-for-contacting-apg-cash-drawer\/"]}]},{"@type":"WebSite","@id":"https:\/\/apgsolutions.com\/de\/#website","url":"https:\/\/apgsolutions.com\/de\/","name":"APG Solutions, LLC","description":"Trust at every point.","publisher":{"@id":"https:\/\/apgsolutions.com\/de\/#organization"},"potentialAction":[{"@type":"SearchAction","target":{"@type":"EntryPoint","urlTemplate":"https:\/\/apgsolutions.com\/de\/?s={search_term_string}"},"query-input":{"@type":"PropertyValueSpecification","valueRequired":true,"valueName":"search_term_string"}}],"inLanguage":"de"},{"@type":"Organization","@id":"https:\/\/apgsolutions.com\/de\/#organization","name":"APG Solution, LLC","url":"https:\/\/apgsolutions.com\/de\/","logo":{"@type":"ImageObject","inLanguage":"de","@id":"https:\/\/apgsolutions.com\/de\/#\/schema\/logo\/image\/","url":"https:\/\/apgsolutions.com\/wp-content\/uploads\/2023\/12\/logomark-color.svg","contentUrl":"https:\/\/apgsolutions.com\/wp-content\/uploads\/2023\/12\/logomark-color.svg","width":141,"height":138,"caption":"APG Solution, LLC"},"image":{"@id":"https:\/\/apgsolutions.com\/de\/#\/schema\/logo\/image\/"},"sameAs":["https:\/\/www.facebook.com\/apgglobalsolutions","https:\/\/x.com\/apg_solutions","https:\/\/www.youtube.com\/c\/CashManagementGlobalSolutionsbyapg","https:\/\/www.linkedin.com\/company\/apgglobalsolutions\/","https:\/\/www.instagram.com\/apgglobalsolutions\/","https:\/\/www.pinterest.com\/apgcashdrawer\/"]}]}},"acf":[],"_links":{"self":[{"href":"https:\/\/apgsolutions.com\/de\/wp-json\/wp\/v2\/pages\/92639","targetHints":{"allow":["GET"]}}],"collection":[{"href":"https:\/\/apgsolutions.com\/de\/wp-json\/wp\/v2\/pages"}],"about":[{"href":"https:\/\/apgsolutions.com\/de\/wp-json\/wp\/v2\/types\/page"}],"author":[{"embeddable":true,"href":"https:\/\/apgsolutions.com\/de\/wp-json\/wp\/v2\/users\/4"}],"replies":[{"embeddable":true,"href":"https:\/\/apgsolutions.com\/de\/wp-json\/wp\/v2\/comments?post=92639"}],"version-history":[{"count":6,"href":"https:\/\/apgsolutions.com\/de\/wp-json\/wp\/v2\/pages\/92639\/revisions"}],"predecessor-version":[{"id":97633,"href":"https:\/\/apgsolutions.com\/de\/wp-json\/wp\/v2\/pages\/92639\/revisions\/97633"}],"wp:attachment":[{"href":"https:\/\/apgsolutions.com\/de\/wp-json\/wp\/v2\/media?parent=92639"}],"curies":[{"name":"wp","href":"https:\/\/api.w.org\/{rel}","templated":true}]}}