{"id":92645,"date":"2025-09-09T07:49:23","date_gmt":"2025-09-09T07:49:23","guid":{"rendered":"https:\/\/apgsolutions.com\/thank-quote-request\/"},"modified":"2025-10-17T08:24:18","modified_gmt":"2025-10-17T08:24:18","slug":"thank-quote-request","status":"publish","type":"page","link":"https:\/\/apgsolutions.com\/de\/thank-quote-request\/","title":{"rendered":"Danke, dass Sie ein Angebot anfordern"},"content":{"rendered":"<div class=\"section_page-header \">\n    <img decoding=\"async\" class=\"header-image\" src=\"https:\/\/apgsolutions.com\/wp-content\/uploads\/2023\/04\/dark-blue-rotated.jpg\" alt=\"dark-blue\" title=\"dark-blue\">\n            <div class=\"header-content\">\n            <h1>Thank You for Requesting a Quote<\/h1>\n        <\/div>\n    <\/div>\n<h3 class=\"wp-block-heading\" id=\"h-your-distributor-of-choice-will-be-following-up-with-you-soon\">Der H\u00e4ndler Ihrer Wahl wird sich in K\u00fcrze mit Ihnen in Verbindung setzen.<\/h3>\n\n<h3 class=\"wp-block-heading\" id=\"h-click-here-to-configure-another-product\">Klicken Sie <a href=\"https:\/\/apgsolutions.com\/de\/configurator\/\">hier<\/a>, um ein anderes Produkt zu konfigurieren.<\/h3>\n\n<p>Wir w\u00fcrden uns \u00fcber Ihre Meinung zu uns freuen. Klicken Sie <a href=\"https:\/\/apgsolutions.com\/de\/customer-satisfaction-survey-2\/\">hier<\/a>, um unsere Umfrage mit nur einer Frage zu beantworten. <\/p>\n\n<p>Schauen Sie sich die Links unten an und erfahren Sie mehr \u00fcber APG Cash Drawer:<\/p>\n\n<ul class=\"wp-block-list\">\n<li><a href=\"https:\/\/apgsolutions.com\/de\/produkte\/\">APG Produkte<\/a><\/li>\n\n\n\n<li><a href=\"https:\/\/apgsolutions.com\/de\/keys-and-locks\/\">Keys and Locks<\/a><\/li>\n\n\n\n<li><a href=\"https:\/\/apgsolutions.com\/de\/integration-systems-2-2\/\">Integrationssysteme<\/a><\/li>\n\n\n\n<li><a href=\"https:\/\/apgsolutions.com\/de\/ueber-apg-cash-drawer\/\">Warum sollten Sie sich f\u00fcr APG Cash Drawer entscheiden?<\/a><\/li>\n\n\n\n<li><a href=\"https:\/\/apgsolutions.com\/de\/press\/\">Presseraum<\/a><\/li>\n\n\n\n<li><a href=\"https:\/\/apgsolutions.com\/de\/configurator\/\">Artikelnummer-Konfigurator<\/a><\/li>\n\n\n\n<li><a href=\"https:\/\/apgsolutions.com\/de\/ressourcen\/\">APG Ressourcen<\/a><\/li>\n<\/ul>\n\n<p>Lesen Sie den APG Cash Drawer <a href=\"https:\/\/apgsolutions.com\/de\/blog\/\">Blog<\/a> und bleiben Sie auf dem Laufenden \u00fcber Neuigkeiten in der Branche!<\/p>\n","protected":false},"excerpt":{"rendered":"<p>Der H\u00e4ndler Ihrer Wahl wird sich in K\u00fcrze mit Ihnen in Verbindung setzen. Klicken Sie hier, um ein anderes Produkt zu konfigurieren. Wir w\u00fcrden uns \u00fcber Ihre Meinung zu uns freuen. Klicken Sie hier, um unsere Umfrage mit nur einer Frage zu beantworten. Schauen Sie sich die Links unten an und erfahren Sie mehr \u00fcber [&hellip;]<\/p>\n","protected":false},"author":4,"featured_media":0,"parent":0,"menu_order":0,"comment_status":"closed","ping_status":"closed","template":"","meta":{"_acf_changed":false,"content-type":"","footnotes":""},"class_list":["post-92645","page","type-page","status-publish"],"yoast_head":"<!-- This site is optimized with the Yoast SEO Premium plugin v23.5 (Yoast SEO v27.2) - https:\/\/yoast.com\/product\/yoast-seo-premium-wordpress\/ -->\n<title>Thank You for Requesting a Quote | apg\u00ae Solutions<\/title>\n<meta name=\"robots\" content=\"noindex, follow\" \/>\n<meta property=\"og:locale\" content=\"de_DE\" \/>\n<meta property=\"og:type\" content=\"article\" \/>\n<meta property=\"og:title\" content=\"Thank You for Requesting a Quote | apg\u00ae Solutions\" \/>\n<meta property=\"og:description\" content=\"Der H\u00e4ndler Ihrer Wahl wird sich in K\u00fcrze mit Ihnen in Verbindung setzen. Klicken Sie hier, um ein anderes Produkt zu konfigurieren. Wir w\u00fcrden uns \u00fcber Ihre Meinung zu uns freuen. Klicken Sie hier, um unsere Umfrage mit nur einer Frage zu beantworten. Schauen Sie sich die Links unten an und erfahren Sie mehr \u00fcber [&hellip;]\" \/>\n<meta property=\"og:url\" content=\"https:\/\/apgsolutions.com\/de\/thank-quote-request\/\" \/>\n<meta property=\"og:site_name\" content=\"apg\u00ae Solutions\" \/>\n<meta property=\"article:publisher\" content=\"https:\/\/www.facebook.com\/apgglobalsolutions\" \/>\n<meta property=\"article:modified_time\" content=\"2025-10-17T08:24:18+00:00\" \/>\n<meta name=\"twitter:card\" content=\"summary_large_image\" \/>\n<meta name=\"twitter:site\" content=\"@apg_solutions\" \/>\n<script type=\"application\/ld+json\" class=\"yoast-schema-graph\">{\"@context\":\"https:\/\/schema.org\",\"@graph\":[{\"@type\":\"WebPage\",\"@id\":\"https:\/\/apgsolutions.com\/de\/thank-quote-request\/\",\"url\":\"https:\/\/apgsolutions.com\/de\/thank-quote-request\/\",\"name\":\"Thank You for Requesting a Quote | apg\u00ae Solutions\",\"isPartOf\":{\"@id\":\"https:\/\/apgsolutions.com\/de\/#website\"},\"datePublished\":\"2025-09-09T07:49:23+00:00\",\"dateModified\":\"2025-10-17T08:24:18+00:00\",\"inLanguage\":\"de\",\"potentialAction\":[{\"@type\":\"ReadAction\",\"target\":[\"https:\/\/apgsolutions.com\/de\/thank-quote-request\/\"]}]},{\"@type\":\"WebSite\",\"@id\":\"https:\/\/apgsolutions.com\/de\/#website\",\"url\":\"https:\/\/apgsolutions.com\/de\/\",\"name\":\"APG Solutions, LLC\",\"description\":\"Trust at every point.\",\"publisher\":{\"@id\":\"https:\/\/apgsolutions.com\/de\/#organization\"},\"potentialAction\":[{\"@type\":\"SearchAction\",\"target\":{\"@type\":\"EntryPoint\",\"urlTemplate\":\"https:\/\/apgsolutions.com\/de\/?s={search_term_string}\"},\"query-input\":{\"@type\":\"PropertyValueSpecification\",\"valueRequired\":true,\"valueName\":\"search_term_string\"}}],\"inLanguage\":\"de\"},{\"@type\":\"Organization\",\"@id\":\"https:\/\/apgsolutions.com\/de\/#organization\",\"name\":\"APG Solution, LLC\",\"url\":\"https:\/\/apgsolutions.com\/de\/\",\"logo\":{\"@type\":\"ImageObject\",\"inLanguage\":\"de\",\"@id\":\"https:\/\/apgsolutions.com\/de\/#\/schema\/logo\/image\/\",\"url\":\"https:\/\/apgsolutions.com\/wp-content\/uploads\/2023\/12\/logomark-color.svg\",\"contentUrl\":\"https:\/\/apgsolutions.com\/wp-content\/uploads\/2023\/12\/logomark-color.svg\",\"width\":141,\"height\":138,\"caption\":\"APG Solution, LLC\"},\"image\":{\"@id\":\"https:\/\/apgsolutions.com\/de\/#\/schema\/logo\/image\/\"},\"sameAs\":[\"https:\/\/www.facebook.com\/apgglobalsolutions\",\"https:\/\/x.com\/apg_solutions\",\"https:\/\/www.youtube.com\/c\/CashManagementGlobalSolutionsbyapg\",\"https:\/\/www.linkedin.com\/company\/apgglobalsolutions\/\",\"https:\/\/www.instagram.com\/apgglobalsolutions\/\",\"https:\/\/www.pinterest.com\/apgcashdrawer\/\"]}]}<\/script>\n<!-- \/ Yoast SEO Premium plugin. -->","yoast_head_json":{"title":"Thank You for Requesting a Quote | apg\u00ae Solutions","robots":{"index":"noindex","follow":"follow"},"og_locale":"de_DE","og_type":"article","og_title":"Thank You for Requesting a Quote | apg\u00ae Solutions","og_description":"Der H\u00e4ndler Ihrer Wahl wird sich in K\u00fcrze mit Ihnen in Verbindung setzen. Klicken Sie hier, um ein anderes Produkt zu konfigurieren. Wir w\u00fcrden uns \u00fcber Ihre Meinung zu uns freuen. Klicken Sie hier, um unsere Umfrage mit nur einer Frage zu beantworten. Schauen Sie sich die Links unten an und erfahren Sie mehr \u00fcber [&hellip;]","og_url":"https:\/\/apgsolutions.com\/de\/thank-quote-request\/","og_site_name":"apg\u00ae Solutions","article_publisher":"https:\/\/www.facebook.com\/apgglobalsolutions","article_modified_time":"2025-10-17T08:24:18+00:00","twitter_card":"summary_large_image","twitter_site":"@apg_solutions","schema":{"@context":"https:\/\/schema.org","@graph":[{"@type":"WebPage","@id":"https:\/\/apgsolutions.com\/de\/thank-quote-request\/","url":"https:\/\/apgsolutions.com\/de\/thank-quote-request\/","name":"Thank You for Requesting a Quote | apg\u00ae Solutions","isPartOf":{"@id":"https:\/\/apgsolutions.com\/de\/#website"},"datePublished":"2025-09-09T07:49:23+00:00","dateModified":"2025-10-17T08:24:18+00:00","inLanguage":"de","potentialAction":[{"@type":"ReadAction","target":["https:\/\/apgsolutions.com\/de\/thank-quote-request\/"]}]},{"@type":"WebSite","@id":"https:\/\/apgsolutions.com\/de\/#website","url":"https:\/\/apgsolutions.com\/de\/","name":"APG Solutions, LLC","description":"Trust at every point.","publisher":{"@id":"https:\/\/apgsolutions.com\/de\/#organization"},"potentialAction":[{"@type":"SearchAction","target":{"@type":"EntryPoint","urlTemplate":"https:\/\/apgsolutions.com\/de\/?s={search_term_string}"},"query-input":{"@type":"PropertyValueSpecification","valueRequired":true,"valueName":"search_term_string"}}],"inLanguage":"de"},{"@type":"Organization","@id":"https:\/\/apgsolutions.com\/de\/#organization","name":"APG Solution, LLC","url":"https:\/\/apgsolutions.com\/de\/","logo":{"@type":"ImageObject","inLanguage":"de","@id":"https:\/\/apgsolutions.com\/de\/#\/schema\/logo\/image\/","url":"https:\/\/apgsolutions.com\/wp-content\/uploads\/2023\/12\/logomark-color.svg","contentUrl":"https:\/\/apgsolutions.com\/wp-content\/uploads\/2023\/12\/logomark-color.svg","width":141,"height":138,"caption":"APG Solution, LLC"},"image":{"@id":"https:\/\/apgsolutions.com\/de\/#\/schema\/logo\/image\/"},"sameAs":["https:\/\/www.facebook.com\/apgglobalsolutions","https:\/\/x.com\/apg_solutions","https:\/\/www.youtube.com\/c\/CashManagementGlobalSolutionsbyapg","https:\/\/www.linkedin.com\/company\/apgglobalsolutions\/","https:\/\/www.instagram.com\/apgglobalsolutions\/","https:\/\/www.pinterest.com\/apgcashdrawer\/"]}]}},"acf":[],"_links":{"self":[{"href":"https:\/\/apgsolutions.com\/de\/wp-json\/wp\/v2\/pages\/92645","targetHints":{"allow":["GET"]}}],"collection":[{"href":"https:\/\/apgsolutions.com\/de\/wp-json\/wp\/v2\/pages"}],"about":[{"href":"https:\/\/apgsolutions.com\/de\/wp-json\/wp\/v2\/types\/page"}],"author":[{"embeddable":true,"href":"https:\/\/apgsolutions.com\/de\/wp-json\/wp\/v2\/users\/4"}],"replies":[{"embeddable":true,"href":"https:\/\/apgsolutions.com\/de\/wp-json\/wp\/v2\/comments?post=92645"}],"version-history":[{"count":6,"href":"https:\/\/apgsolutions.com\/de\/wp-json\/wp\/v2\/pages\/92645\/revisions"}],"predecessor-version":[{"id":95963,"href":"https:\/\/apgsolutions.com\/de\/wp-json\/wp\/v2\/pages\/92645\/revisions\/95963"}],"wp:attachment":[{"href":"https:\/\/apgsolutions.com\/de\/wp-json\/wp\/v2\/media?parent=92645"}],"curies":[{"name":"wp","href":"https:\/\/api.w.org\/{rel}","templated":true}]}}