{"id":92685,"date":"2025-09-09T08:22:09","date_gmt":"2025-09-09T08:22:09","guid":{"rendered":"https:\/\/apgsolutions.com\/support\/manuals-and-brochures\/"},"modified":"2026-01-27T16:22:19","modified_gmt":"2026-01-27T16:22:19","slug":"ressourcen","status":"publish","type":"page","link":"https:\/\/apgsolutions.com\/de\/support\/ressourcen\/","title":{"rendered":"Produkthandb\u00fccher + Brosch\u00fcren"},"content":{"rendered":"\n<h1 class=\"wp-block-heading\" id=\"h-product-manuals-and-brochures\">Produkthandb\u00fccher und Brosch\u00fcren<\/h1>\n","protected":false},"excerpt":{"rendered":"<p>Produkthandb\u00fccher und Brosch\u00fcren<\/p>\n","protected":false},"author":4,"featured_media":0,"parent":64559,"menu_order":0,"comment_status":"closed","ping_status":"closed","template":"","meta":{"_acf_changed":false,"content-type":"","footnotes":""},"class_list":["post-92685","page","type-page","status-publish"],"yoast_head":"<!-- This site is optimized with the Yoast SEO Premium plugin v23.5 (Yoast SEO v27.2) - https:\/\/yoast.com\/product\/yoast-seo-premium-wordpress\/ -->\n<title>Produkthandb\u00fccher und Brosch\u00fcren - APG Kassenschublade<\/title>\n<meta name=\"description\" content=\"Laden Sie die Handb\u00fccher und Brosch\u00fcren der APG-Kassen herunter. Die PDFs enthalten Produktinformationen, Vorteile und Spezifikationen f\u00fcr Ihr Kassensystem.\" \/>\n<meta name=\"robots\" content=\"index, follow, max-snippet:-1, max-image-preview:large, max-video-preview:-1\" \/>\n<link rel=\"canonical\" href=\"https:\/\/apgsolutions.com\/de\/support\/ressourcen\/\" \/>\n<meta property=\"og:locale\" content=\"de_DE\" \/>\n<meta property=\"og:type\" content=\"article\" \/>\n<meta property=\"og:title\" content=\"Produkthandb\u00fccher und Brosch\u00fcren - APG Kassenschublade\" \/>\n<meta property=\"og:description\" content=\"Laden Sie die Handb\u00fccher und Brosch\u00fcren der APG-Kassen herunter. Die PDFs enthalten Produktinformationen, Vorteile und Spezifikationen f\u00fcr Ihr Kassensystem.\" \/>\n<meta property=\"og:url\" content=\"https:\/\/apgsolutions.com\/de\/support\/ressourcen\/\" \/>\n<meta property=\"og:site_name\" content=\"apg\u00ae Solutions\" \/>\n<meta property=\"article:publisher\" content=\"https:\/\/www.facebook.com\/apgglobalsolutions\" \/>\n<meta property=\"article:modified_time\" content=\"2026-01-27T16:22:19+00:00\" \/>\n<meta name=\"twitter:card\" content=\"summary_large_image\" \/>\n<meta name=\"twitter:site\" content=\"@apg_solutions\" \/>\n<script type=\"application\/ld+json\" class=\"yoast-schema-graph\">{\"@context\":\"https:\/\/schema.org\",\"@graph\":[{\"@type\":\"WebPage\",\"@id\":\"https:\/\/apgsolutions.com\/de\/support\/ressourcen\/\",\"url\":\"https:\/\/apgsolutions.com\/de\/support\/ressourcen\/\",\"name\":\"Produkthandb\u00fccher und Brosch\u00fcren - APG Kassenschublade\",\"isPartOf\":{\"@id\":\"https:\/\/apgsolutions.com\/de\/#website\"},\"datePublished\":\"2025-09-09T08:22:09+00:00\",\"dateModified\":\"2026-01-27T16:22:19+00:00\",\"description\":\"Laden Sie die Handb\u00fccher und Brosch\u00fcren der APG-Kassen herunter. Die PDFs enthalten Produktinformationen, Vorteile und Spezifikationen f\u00fcr Ihr Kassensystem.\",\"breadcrumb\":{\"@id\":\"https:\/\/apgsolutions.com\/de\/support\/ressourcen\/#breadcrumb\"},\"inLanguage\":\"de\",\"potentialAction\":[{\"@type\":\"ReadAction\",\"target\":[\"https:\/\/apgsolutions.com\/de\/support\/ressourcen\/\"]}]},{\"@type\":\"BreadcrumbList\",\"@id\":\"https:\/\/apgsolutions.com\/de\/support\/ressourcen\/#breadcrumb\",\"itemListElement\":[{\"@type\":\"ListItem\",\"position\":1,\"name\":\"Support\",\"item\":\"https:\/\/apgsolutions.com\/de\/support\/\"},{\"@type\":\"ListItem\",\"position\":2,\"name\":\"Produkthandb\u00fccher + Brosch\u00fcren\"}]},{\"@type\":\"WebSite\",\"@id\":\"https:\/\/apgsolutions.com\/de\/#website\",\"url\":\"https:\/\/apgsolutions.com\/de\/\",\"name\":\"APG Solutions, LLC\",\"description\":\"Trust at every point.\",\"publisher\":{\"@id\":\"https:\/\/apgsolutions.com\/de\/#organization\"},\"potentialAction\":[{\"@type\":\"SearchAction\",\"target\":{\"@type\":\"EntryPoint\",\"urlTemplate\":\"https:\/\/apgsolutions.com\/de\/?s={search_term_string}\"},\"query-input\":{\"@type\":\"PropertyValueSpecification\",\"valueRequired\":true,\"valueName\":\"search_term_string\"}}],\"inLanguage\":\"de\"},{\"@type\":\"Organization\",\"@id\":\"https:\/\/apgsolutions.com\/de\/#organization\",\"name\":\"APG Solution, LLC\",\"url\":\"https:\/\/apgsolutions.com\/de\/\",\"logo\":{\"@type\":\"ImageObject\",\"inLanguage\":\"de\",\"@id\":\"https:\/\/apgsolutions.com\/de\/#\/schema\/logo\/image\/\",\"url\":\"https:\/\/apgsolutions.com\/wp-content\/uploads\/2023\/12\/logomark-color.svg\",\"contentUrl\":\"https:\/\/apgsolutions.com\/wp-content\/uploads\/2023\/12\/logomark-color.svg\",\"width\":141,\"height\":138,\"caption\":\"APG Solution, LLC\"},\"image\":{\"@id\":\"https:\/\/apgsolutions.com\/de\/#\/schema\/logo\/image\/\"},\"sameAs\":[\"https:\/\/www.facebook.com\/apgglobalsolutions\",\"https:\/\/x.com\/apg_solutions\",\"https:\/\/www.youtube.com\/c\/CashManagementGlobalSolutionsbyapg\",\"https:\/\/www.linkedin.com\/company\/apgglobalsolutions\/\",\"https:\/\/www.instagram.com\/apgglobalsolutions\/\",\"https:\/\/www.pinterest.com\/apgcashdrawer\/\"]}]}<\/script>\n<!-- \/ Yoast SEO Premium plugin. -->","yoast_head_json":{"title":"Produkthandb\u00fccher und Brosch\u00fcren - APG Kassenschublade","description":"Laden Sie die Handb\u00fccher und Brosch\u00fcren der APG-Kassen herunter. Die PDFs enthalten Produktinformationen, Vorteile und Spezifikationen f\u00fcr Ihr Kassensystem.","robots":{"index":"index","follow":"follow","max-snippet":"max-snippet:-1","max-image-preview":"max-image-preview:large","max-video-preview":"max-video-preview:-1"},"canonical":"https:\/\/apgsolutions.com\/de\/support\/ressourcen\/","og_locale":"de_DE","og_type":"article","og_title":"Produkthandb\u00fccher und Brosch\u00fcren - APG Kassenschublade","og_description":"Laden Sie die Handb\u00fccher und Brosch\u00fcren der APG-Kassen herunter. Die PDFs enthalten Produktinformationen, Vorteile und Spezifikationen f\u00fcr Ihr Kassensystem.","og_url":"https:\/\/apgsolutions.com\/de\/support\/ressourcen\/","og_site_name":"apg\u00ae Solutions","article_publisher":"https:\/\/www.facebook.com\/apgglobalsolutions","article_modified_time":"2026-01-27T16:22:19+00:00","twitter_card":"summary_large_image","twitter_site":"@apg_solutions","schema":{"@context":"https:\/\/schema.org","@graph":[{"@type":"WebPage","@id":"https:\/\/apgsolutions.com\/de\/support\/ressourcen\/","url":"https:\/\/apgsolutions.com\/de\/support\/ressourcen\/","name":"Produkthandb\u00fccher und Brosch\u00fcren - APG Kassenschublade","isPartOf":{"@id":"https:\/\/apgsolutions.com\/de\/#website"},"datePublished":"2025-09-09T08:22:09+00:00","dateModified":"2026-01-27T16:22:19+00:00","description":"Laden Sie die Handb\u00fccher und Brosch\u00fcren der APG-Kassen herunter. Die PDFs enthalten Produktinformationen, Vorteile und Spezifikationen f\u00fcr Ihr Kassensystem.","breadcrumb":{"@id":"https:\/\/apgsolutions.com\/de\/support\/ressourcen\/#breadcrumb"},"inLanguage":"de","potentialAction":[{"@type":"ReadAction","target":["https:\/\/apgsolutions.com\/de\/support\/ressourcen\/"]}]},{"@type":"BreadcrumbList","@id":"https:\/\/apgsolutions.com\/de\/support\/ressourcen\/#breadcrumb","itemListElement":[{"@type":"ListItem","position":1,"name":"Support","item":"https:\/\/apgsolutions.com\/de\/support\/"},{"@type":"ListItem","position":2,"name":"Produkthandb\u00fccher + Brosch\u00fcren"}]},{"@type":"WebSite","@id":"https:\/\/apgsolutions.com\/de\/#website","url":"https:\/\/apgsolutions.com\/de\/","name":"APG Solutions, LLC","description":"Trust at every point.","publisher":{"@id":"https:\/\/apgsolutions.com\/de\/#organization"},"potentialAction":[{"@type":"SearchAction","target":{"@type":"EntryPoint","urlTemplate":"https:\/\/apgsolutions.com\/de\/?s={search_term_string}"},"query-input":{"@type":"PropertyValueSpecification","valueRequired":true,"valueName":"search_term_string"}}],"inLanguage":"de"},{"@type":"Organization","@id":"https:\/\/apgsolutions.com\/de\/#organization","name":"APG Solution, LLC","url":"https:\/\/apgsolutions.com\/de\/","logo":{"@type":"ImageObject","inLanguage":"de","@id":"https:\/\/apgsolutions.com\/de\/#\/schema\/logo\/image\/","url":"https:\/\/apgsolutions.com\/wp-content\/uploads\/2023\/12\/logomark-color.svg","contentUrl":"https:\/\/apgsolutions.com\/wp-content\/uploads\/2023\/12\/logomark-color.svg","width":141,"height":138,"caption":"APG Solution, LLC"},"image":{"@id":"https:\/\/apgsolutions.com\/de\/#\/schema\/logo\/image\/"},"sameAs":["https:\/\/www.facebook.com\/apgglobalsolutions","https:\/\/x.com\/apg_solutions","https:\/\/www.youtube.com\/c\/CashManagementGlobalSolutionsbyapg","https:\/\/www.linkedin.com\/company\/apgglobalsolutions\/","https:\/\/www.instagram.com\/apgglobalsolutions\/","https:\/\/www.pinterest.com\/apgcashdrawer\/"]}]}},"acf":[],"_links":{"self":[{"href":"https:\/\/apgsolutions.com\/de\/wp-json\/wp\/v2\/pages\/92685","targetHints":{"allow":["GET"]}}],"collection":[{"href":"https:\/\/apgsolutions.com\/de\/wp-json\/wp\/v2\/pages"}],"about":[{"href":"https:\/\/apgsolutions.com\/de\/wp-json\/wp\/v2\/types\/page"}],"author":[{"embeddable":true,"href":"https:\/\/apgsolutions.com\/de\/wp-json\/wp\/v2\/users\/4"}],"replies":[{"embeddable":true,"href":"https:\/\/apgsolutions.com\/de\/wp-json\/wp\/v2\/comments?post=92685"}],"version-history":[{"count":8,"href":"https:\/\/apgsolutions.com\/de\/wp-json\/wp\/v2\/pages\/92685\/revisions"}],"predecessor-version":[{"id":103491,"href":"https:\/\/apgsolutions.com\/de\/wp-json\/wp\/v2\/pages\/92685\/revisions\/103491"}],"up":[{"embeddable":true,"href":"https:\/\/apgsolutions.com\/de\/wp-json\/wp\/v2\/pages\/64559"}],"wp:attachment":[{"href":"https:\/\/apgsolutions.com\/de\/wp-json\/wp\/v2\/media?parent=92685"}],"curies":[{"name":"wp","href":"https:\/\/api.w.org\/{rel}","templated":true}]}}