{"id":93356,"date":"2025-09-23T06:48:54","date_gmt":"2025-09-23T06:48:54","guid":{"rendered":"https:\/\/apgsolutions.com\/cash-statistics\/"},"modified":"2026-01-23T10:52:46","modified_gmt":"2026-01-23T10:52:46","slug":"cash-statistics","status":"publish","type":"page","link":"https:\/\/apgsolutions.com\/de\/cash-statistics\/","title":{"rendered":"Kassenstatistik"},"content":{"rendered":"<div class=\"section_page-header \">\n    <img decoding=\"async\" class=\"header-image\" src=\"https:\/\/apgsolutions.com\/wp-content\/uploads\/2024\/07\/Screenshot-2024-07-17-083512.png\" alt=\"Screenshot 2024-07-17 083512\" title=\"Screenshot 2024-07-17 083512\">\n            <div class=\"header-content\">\n            <h1>Cash Statistics<\/h1>\n        <\/div>\n    <\/div>\n<div class=\"wp-block-columns is-layout-flex wp-container-core-columns-is-layout-9d6595d7 wp-block-columns-is-layout-flex\">\n<div class=\"wp-block-column is-vertically-aligned-center is-layout-flow wp-block-column-is-layout-flow\">\n<div class=\"wp-block-columns is-layout-flex wp-container-core-columns-is-layout-9d6595d7 wp-block-columns-is-layout-flex\">\n<div class=\"wp-block-column is-layout-flow wp-block-column-is-layout-flow\"><div class=\"wp-block-image\">\n<figure class=\"aligncenter size-full is-resized\"><img fetchpriority=\"high\" decoding=\"async\" width=\"762\" height=\"582\" src=\"https:\/\/apgsolutions.com\/wp-content\/uploads\/2024\/07\/Screenshot-2024-07-26-090613.png\" alt=\"Bargeld: Ein zeitloser Wert\" class=\"wp-image-85681\" style=\"width:482px;height:auto\" srcset=\"https:\/\/apgsolutions.com\/wp-content\/uploads\/2024\/07\/Screenshot-2024-07-26-090613.png 762w, https:\/\/apgsolutions.com\/wp-content\/uploads\/2024\/07\/Screenshot-2024-07-26-090613-300x229.png 300w, https:\/\/apgsolutions.com\/wp-content\/uploads\/2024\/07\/Screenshot-2024-07-26-090613-550x420.png 550w, https:\/\/apgsolutions.com\/wp-content\/uploads\/2024\/07\/Screenshot-2024-07-26-090613-80x61.png 80w, https:\/\/apgsolutions.com\/wp-content\/uploads\/2024\/07\/Screenshot-2024-07-26-090613-600x458.png 600w\" sizes=\"(max-width: 762px) 100vw, 762px\" \/><\/figure>\n<\/div><\/div>\n<\/div>\n<\/div>\n\n\n\n<div class=\"wp-block-column is-layout-flow wp-block-column-is-layout-flow\">\n<h2 class=\"wp-block-heading\" id=\"h-cash-a-timeless-asset\">Bargeld: Ein zeitloser Wert<\/h2>\n\n\n\n<p>In der vielf\u00e4ltigen Zahlungslandschaft von heute konkurrieren zahlreiche Methoden zur Unterst\u00fctzung von Transaktionen. Doch inmitten dieser Optionen bleibt Bargeld unersch\u00fctterlich und unverzichtbar. <\/p>\n\n\n\n<p>Bargeld ist f\u00fcr seine Schnelligkeit, Bequemlichkeit und universelle Akzeptanz bekannt und bleibt in vielen Bereichen n\u00fctzlich. Von kleinen Einzelhandelsgesch\u00e4ften bis hin zu Convenience Stores und an Orten, an denen Trinkgeld \u00fcblich ist, ist die Nachfrage nach physischer W\u00e4hrung gro\u00df. <\/p>\n\n\n\n<p>In Zeiten der Unsicherheit ist Bargeld weiterhin weit verbreitet. Nach Angaben der Federal Reserve antworteten 93% der Befragten auf die Frage, ob sie die Verwendung von Bargeld aufgeben wollen, mit &#8222;nein&#8220;. <\/p>\n<\/div>\n<\/div>\n\n<div class=\"wp-block-columns is-layout-flex wp-container-core-columns-is-layout-9d6595d7 wp-block-columns-is-layout-flex\">\n<div class=\"wp-block-column is-vertically-aligned-stretch resource-item has-white-color has-text-color has-background is-layout-flow wp-block-column-is-layout-flow\" style=\"background-color:#bfbfbf\">\n<h4 class=\"wp-block-heading has-text-align-center\" id=\"h-cash-has-control\">Bargeld hat die Kontrolle<\/h4>\n\n\n<div class=\"wp-block-image\">\n<figure class=\"aligncenter size-full is-resized\"><img decoding=\"async\" width=\"80\" height=\"80\" src=\"https:\/\/apgsolutions.com\/wp-content\/uploads\/2023\/07\/Finance_White-3.png\" alt=\"Bargeld hat die Kontrolle\" class=\"wp-image-69259\" style=\"width:70px;height:auto\"\/><\/figure>\n<\/div>\n\n\n<p><\/p>\n\n\n\n<p class=\"has-text-align-center\">77% der Amerikaner gaben an, dass sie mit anderen Zahlungsmitteln wie Kredit- und Debitkarten mehr Geld ausgeben w\u00fcrden als mit Bargeld<\/p>\n<\/div>\n\n\n\n<div class=\"wp-block-column is-layout-flow wp-block-column-is-layout-flow\">\n<p><\/p>\n<\/div>\n\n\n\n<div class=\"wp-block-column is-vertically-aligned-stretch resource-item has-white-color has-text-color has-background is-layout-flow wp-block-column-is-layout-flow\" style=\"background-color:#da7700\">\n<h4 class=\"wp-block-heading has-text-align-center\" id=\"h-cash-purchases\">K\u00e4ufe in bar<\/h4>\n\n\n<div class=\"wp-block-image\">\n<figure class=\"aligncenter size-full\"><img decoding=\"async\" width=\"80\" height=\"80\" src=\"https:\/\/apgsolutions.com\/wp-content\/uploads\/2023\/07\/Bill_White.png\" alt=\"K&#xE4;ufe in bar\" class=\"wp-image-68963\"\/><\/figure>\n<\/div>\n\n\n<p><\/p>\n\n\n\n<p class=\"has-text-align-center\">Etwa die H\u00e4lfte aller Verk\u00e4ufe im Wert von weniger als $25 werden mit Bargeld get\u00e4tigt<\/p>\n<\/div>\n\n\n\n<div class=\"wp-block-column is-layout-flow wp-block-column-is-layout-flow\">\n<p><\/p>\n<\/div>\n\n\n\n<div class=\"wp-block-column is-vertically-aligned-stretch resource-item has-white-color has-text-color has-background is-layout-flow wp-block-column-is-layout-flow\" style=\"background-color:#00224a\">\n<h4 class=\"wp-block-heading has-text-align-center\" id=\"h-cash-is-inclusive\">Bargeld ist inbegriffen<\/h4>\n\n\n<div class=\"wp-block-image\">\n<figure class=\"aligncenter size-full is-resized\"><img loading=\"lazy\" decoding=\"async\" width=\"80\" height=\"80\" src=\"https:\/\/apgsolutions.com\/wp-content\/uploads\/2023\/07\/Partners_White.png\" alt=\"Bargeld ist inbegriffen\" class=\"wp-image-69364\" style=\"width:74px;height:auto\"\/><\/figure>\n<\/div>\n\n\n<p><\/p>\n\n\n\n<p class=\"has-text-align-center\">Nach Angaben der FDIC sind im Jahr 2021 etwa 5,9 Millionen der US-Haushalte ohne Bankverbindung.<\/p>\n<\/div>\n\n\n\n<div class=\"wp-block-column is-layout-flow wp-block-column-is-layout-flow\">\n<p><\/p>\n<\/div>\n\n\n\n<div class=\"wp-block-column is-vertically-aligned-stretch resource-item has-white-color has-text-color has-background is-layout-flow wp-block-column-is-layout-flow\" style=\"background-color:#066b7f\">\n<h4 class=\"wp-block-heading has-text-align-center\" id=\"h-cash-in-circulation\">Bargeldumlauf<\/h4>\n\n\n<div class=\"wp-block-image\">\n<figure class=\"aligncenter size-full is-resized\"><img loading=\"lazy\" decoding=\"async\" width=\"80\" height=\"80\" src=\"https:\/\/apgsolutions.com\/wp-content\/uploads\/2023\/07\/Shrinkage_White.png\" alt=\"Bargeldumlauf\" class=\"wp-image-69281\" style=\"width:80px;height:auto\"\/><\/figure>\n<\/div>\n\n\n<p><\/p>\n\n\n\n<p class=\"has-text-align-center\">Im Juni 2024 sind mehr als 2,3 Billionen Dollar in US-W\u00e4hrung im Umlauf.<\/p>\n<\/div>\n<\/div>\n\n<div class=\"wp-block-columns is-layout-flex wp-container-core-columns-is-layout-9d6595d7 wp-block-columns-is-layout-flex\">\n<div class=\"wp-block-column is-vertically-aligned-center is-layout-flow wp-block-column-is-layout-flow\">\n<h2 class=\"wp-block-heading has-text-align-center\" id=\"h-seven-situations-where-cash-is-king\">Sieben Situationen, in denen Bargeld K\u00f6nig ist<\/h2>\n\n\n\n<p class=\"has-text-align-center\">Bargeld hat sich im Laufe der Jahre als widerstandsf\u00e4hig erwiesen, obwohl es von einer Vielzahl von Alternativen bedroht wurde, darunter Kredit- und Debitkarten, Online-Zahlungssysteme und digitale Geldb\u00f6rsen. Die physische Pr\u00e4senz des Bargelds bietet ein greifbares Gef\u00fchl von Sicherheit und Kontrolle, das mit digitalen Methoden nicht immer erreicht werden kann. <\/p>\n\n\n\n<p class=\"has-text-align-center\">Bargeldtransaktionen sind oft schneller und unkomplizierter und erfordern keine Technologie oder Internetverbindung. Hier sind sieben Gr\u00fcnde, warum Bargeld der K\u00f6nig ist. <\/p>\n<\/div>\n\n\n\n<div class=\"wp-block-column is-vertically-aligned-stretch wp-embed-aspect-16-9 wp-has-aspect-ratio is-layout-flow wp-block-column-is-layout-flow\">\n<figure class=\"wp-block-embed aligncenter is-type-video is-provider-youtube wp-block-embed-youtube wp-embed-aspect-16-9 wp-has-aspect-ratio\"><div class=\"wp-block-embed__wrapper\">\n<iframe title=\"7 Situations Where Cash Is King\" width=\"500\" height=\"281\" src=\"https:\/\/www.youtube.com\/embed\/vXyLj239G7o?feature=oembed\" frameborder=\"0\" allow=\"accelerometer; autoplay; clipboard-write; encrypted-media; gyroscope; picture-in-picture; web-share\" referrerpolicy=\"strict-origin-when-cross-origin\" allowfullscreen><\/iframe>\n<\/div><\/figure>\n<\/div>\n<\/div>\n\n<div class=\"wp-block-columns is-layout-flex wp-container-core-columns-is-layout-9d6595d7 wp-block-columns-is-layout-flex\">\n<div class=\"wp-block-column is-vertically-aligned-top is-layout-flow wp-block-column-is-layout-flow\">\n<h2 class=\"wp-block-heading has-text-align-center\" id=\"h-banning-cashless-stores\">Verbot von bargeldlosen Gesch\u00e4ften<\/h2>\n\n\n\n<p class=\"has-text-align-center\">Derzeit gibt es in den Vereinigten Staaten 13 Bundesstaaten, die bargeldlose Gesch\u00e4fte verboten haben, und 19, die \u00e4hnliche Gesetze in Erw\u00e4gung ziehen. Dieser wachsende Trend unterstreicht die Anerkennung der wichtigen Rolle des Bargelds bei der Gew\u00e4hrleistung von Barrierefreiheit und Inklusion im Handel. <\/p>\n\n\n<div class=\"wp-block-image\">\n<figure class=\"aligncenter size-large is-resized\"><img loading=\"lazy\" decoding=\"async\" width=\"1024\" height=\"578\" src=\"https:\/\/apgsolutions.com\/wp-content\/uploads\/2024\/07\/Screenshot-2024-07-18-115447-1024x578.png\" alt=\"Staaten, die bargeldlose L&#xE4;den verbieten\" class=\"wp-image-85475\" style=\"width:726px;height:auto\"\/><\/figure>\n<\/div><\/div>\n<\/div>\n","protected":false},"excerpt":{"rendered":"<p>Bargeld: Ein zeitloser Wert In der vielf\u00e4ltigen Zahlungslandschaft von heute konkurrieren zahlreiche Methoden zur Unterst\u00fctzung von Transaktionen. Doch inmitten dieser Optionen bleibt Bargeld unersch\u00fctterlich und unverzichtbar. Bargeld ist f\u00fcr seine Schnelligkeit, Bequemlichkeit und universelle Akzeptanz bekannt und bleibt in vielen Bereichen n\u00fctzlich. Von kleinen Einzelhandelsgesch\u00e4ften bis hin zu Convenience Stores und an Orten, an denen [&hellip;]<\/p>\n","protected":false},"author":3233,"featured_media":0,"parent":0,"menu_order":0,"comment_status":"closed","ping_status":"closed","template":"","meta":{"_acf_changed":false,"content-type":"","footnotes":""},"class_list":["post-93356","page","type-page","status-publish"],"yoast_head":"<!-- This site is optimized with the Yoast SEO Premium plugin v23.5 (Yoast SEO v27.2) - https:\/\/yoast.com\/product\/yoast-seo-premium-wordpress\/ -->\n<title>Kassenstatistik<\/title>\n<meta name=\"description\" content=\"Entdecken Sie die wichtigsten Statistiken zur Verwendung von Bargeld im Einzelhandel. Verstehen Sie, warum Bargeld bei modernen Transaktionen unverzichtbar bleibt.\" \/>\n<meta name=\"robots\" content=\"index, follow, max-snippet:-1, max-image-preview:large, max-video-preview:-1\" \/>\n<link rel=\"canonical\" href=\"https:\/\/apgsolutions.com\/de\/cash-statistics\/\" \/>\n<meta property=\"og:locale\" content=\"de_DE\" \/>\n<meta property=\"og:type\" content=\"article\" \/>\n<meta property=\"og:title\" content=\"Kassenstatistik\" \/>\n<meta property=\"og:description\" content=\"Entdecken Sie die wichtigsten Statistiken zur Verwendung von Bargeld im Einzelhandel. Verstehen Sie, warum Bargeld bei modernen Transaktionen unverzichtbar bleibt.\" \/>\n<meta property=\"og:url\" content=\"https:\/\/apgsolutions.com\/de\/cash-statistics\/\" \/>\n<meta property=\"og:site_name\" content=\"apg\u00ae Solutions\" \/>\n<meta property=\"article:publisher\" content=\"https:\/\/www.facebook.com\/apgglobalsolutions\" \/>\n<meta property=\"article:modified_time\" content=\"2026-01-23T10:52:46+00:00\" \/>\n<meta property=\"og:image\" content=\"https:\/\/apgsolutions.com\/wp-content\/uploads\/2024\/07\/Screenshot-2024-07-26-090613.png\" \/>\n<meta name=\"twitter:card\" content=\"summary_large_image\" \/>\n<meta name=\"twitter:site\" content=\"@apg_solutions\" \/>\n<meta name=\"twitter:label1\" content=\"Gesch\u00e4tzte Lesezeit\" \/>\n\t<meta name=\"twitter:data1\" content=\"2\u00a0Minuten\" \/>\n<script type=\"application\/ld+json\" class=\"yoast-schema-graph\">{\"@context\":\"https:\/\/schema.org\",\"@graph\":[{\"@type\":\"WebPage\",\"@id\":\"https:\/\/apgsolutions.com\/de\/cash-statistics\/\",\"url\":\"https:\/\/apgsolutions.com\/de\/cash-statistics\/\",\"name\":\"Kassenstatistik\",\"isPartOf\":{\"@id\":\"https:\/\/apgsolutions.com\/de\/#website\"},\"primaryImageOfPage\":{\"@id\":\"https:\/\/apgsolutions.com\/de\/cash-statistics\/#primaryimage\"},\"image\":{\"@id\":\"https:\/\/apgsolutions.com\/de\/cash-statistics\/#primaryimage\"},\"thumbnailUrl\":\"https:\/\/apgsolutions.com\/wp-content\/uploads\/2024\/07\/Screenshot-2024-07-26-090613.png\",\"datePublished\":\"2025-09-23T06:48:54+00:00\",\"dateModified\":\"2026-01-23T10:52:46+00:00\",\"description\":\"Entdecken Sie die wichtigsten Statistiken zur Verwendung von Bargeld im Einzelhandel. Verstehen Sie, warum Bargeld bei modernen Transaktionen unverzichtbar bleibt.\",\"inLanguage\":\"de\",\"potentialAction\":[{\"@type\":\"ReadAction\",\"target\":[\"https:\/\/apgsolutions.com\/de\/cash-statistics\/\"]}]},{\"@type\":\"ImageObject\",\"inLanguage\":\"de\",\"@id\":\"https:\/\/apgsolutions.com\/de\/cash-statistics\/#primaryimage\",\"url\":\"https:\/\/apgsolutions.com\/wp-content\/uploads\/2024\/07\/Screenshot-2024-07-26-090613.png\",\"contentUrl\":\"https:\/\/apgsolutions.com\/wp-content\/uploads\/2024\/07\/Screenshot-2024-07-26-090613.png\"},{\"@type\":\"WebSite\",\"@id\":\"https:\/\/apgsolutions.com\/de\/#website\",\"url\":\"https:\/\/apgsolutions.com\/de\/\",\"name\":\"APG Solutions, LLC\",\"description\":\"Trust at every point.\",\"publisher\":{\"@id\":\"https:\/\/apgsolutions.com\/de\/#organization\"},\"potentialAction\":[{\"@type\":\"SearchAction\",\"target\":{\"@type\":\"EntryPoint\",\"urlTemplate\":\"https:\/\/apgsolutions.com\/de\/?s={search_term_string}\"},\"query-input\":{\"@type\":\"PropertyValueSpecification\",\"valueRequired\":true,\"valueName\":\"search_term_string\"}}],\"inLanguage\":\"de\"},{\"@type\":\"Organization\",\"@id\":\"https:\/\/apgsolutions.com\/de\/#organization\",\"name\":\"APG Solution, LLC\",\"url\":\"https:\/\/apgsolutions.com\/de\/\",\"logo\":{\"@type\":\"ImageObject\",\"inLanguage\":\"de\",\"@id\":\"https:\/\/apgsolutions.com\/de\/#\/schema\/logo\/image\/\",\"url\":\"https:\/\/apgsolutions.com\/wp-content\/uploads\/2023\/12\/logomark-color.svg\",\"contentUrl\":\"https:\/\/apgsolutions.com\/wp-content\/uploads\/2023\/12\/logomark-color.svg\",\"width\":141,\"height\":138,\"caption\":\"APG Solution, LLC\"},\"image\":{\"@id\":\"https:\/\/apgsolutions.com\/de\/#\/schema\/logo\/image\/\"},\"sameAs\":[\"https:\/\/www.facebook.com\/apgglobalsolutions\",\"https:\/\/x.com\/apg_solutions\",\"https:\/\/www.youtube.com\/c\/CashManagementGlobalSolutionsbyapg\",\"https:\/\/www.linkedin.com\/company\/apgglobalsolutions\/\",\"https:\/\/www.instagram.com\/apgglobalsolutions\/\",\"https:\/\/www.pinterest.com\/apgcashdrawer\/\"]}]}<\/script>\n<!-- \/ Yoast SEO Premium plugin. -->","yoast_head_json":{"title":"Kassenstatistik","description":"Entdecken Sie die wichtigsten Statistiken zur Verwendung von Bargeld im Einzelhandel. Verstehen Sie, warum Bargeld bei modernen Transaktionen unverzichtbar bleibt.","robots":{"index":"index","follow":"follow","max-snippet":"max-snippet:-1","max-image-preview":"max-image-preview:large","max-video-preview":"max-video-preview:-1"},"canonical":"https:\/\/apgsolutions.com\/de\/cash-statistics\/","og_locale":"de_DE","og_type":"article","og_title":"Kassenstatistik","og_description":"Entdecken Sie die wichtigsten Statistiken zur Verwendung von Bargeld im Einzelhandel. Verstehen Sie, warum Bargeld bei modernen Transaktionen unverzichtbar bleibt.","og_url":"https:\/\/apgsolutions.com\/de\/cash-statistics\/","og_site_name":"apg\u00ae Solutions","article_publisher":"https:\/\/www.facebook.com\/apgglobalsolutions","article_modified_time":"2026-01-23T10:52:46+00:00","og_image":[{"url":"https:\/\/apgsolutions.com\/wp-content\/uploads\/2024\/07\/Screenshot-2024-07-26-090613.png","type":"","width":"","height":""}],"twitter_card":"summary_large_image","twitter_site":"@apg_solutions","twitter_misc":{"Gesch\u00e4tzte Lesezeit":"2\u00a0Minuten"},"schema":{"@context":"https:\/\/schema.org","@graph":[{"@type":"WebPage","@id":"https:\/\/apgsolutions.com\/de\/cash-statistics\/","url":"https:\/\/apgsolutions.com\/de\/cash-statistics\/","name":"Kassenstatistik","isPartOf":{"@id":"https:\/\/apgsolutions.com\/de\/#website"},"primaryImageOfPage":{"@id":"https:\/\/apgsolutions.com\/de\/cash-statistics\/#primaryimage"},"image":{"@id":"https:\/\/apgsolutions.com\/de\/cash-statistics\/#primaryimage"},"thumbnailUrl":"https:\/\/apgsolutions.com\/wp-content\/uploads\/2024\/07\/Screenshot-2024-07-26-090613.png","datePublished":"2025-09-23T06:48:54+00:00","dateModified":"2026-01-23T10:52:46+00:00","description":"Entdecken Sie die wichtigsten Statistiken zur Verwendung von Bargeld im Einzelhandel. Verstehen Sie, warum Bargeld bei modernen Transaktionen unverzichtbar bleibt.","inLanguage":"de","potentialAction":[{"@type":"ReadAction","target":["https:\/\/apgsolutions.com\/de\/cash-statistics\/"]}]},{"@type":"ImageObject","inLanguage":"de","@id":"https:\/\/apgsolutions.com\/de\/cash-statistics\/#primaryimage","url":"https:\/\/apgsolutions.com\/wp-content\/uploads\/2024\/07\/Screenshot-2024-07-26-090613.png","contentUrl":"https:\/\/apgsolutions.com\/wp-content\/uploads\/2024\/07\/Screenshot-2024-07-26-090613.png"},{"@type":"WebSite","@id":"https:\/\/apgsolutions.com\/de\/#website","url":"https:\/\/apgsolutions.com\/de\/","name":"APG Solutions, LLC","description":"Trust at every point.","publisher":{"@id":"https:\/\/apgsolutions.com\/de\/#organization"},"potentialAction":[{"@type":"SearchAction","target":{"@type":"EntryPoint","urlTemplate":"https:\/\/apgsolutions.com\/de\/?s={search_term_string}"},"query-input":{"@type":"PropertyValueSpecification","valueRequired":true,"valueName":"search_term_string"}}],"inLanguage":"de"},{"@type":"Organization","@id":"https:\/\/apgsolutions.com\/de\/#organization","name":"APG Solution, LLC","url":"https:\/\/apgsolutions.com\/de\/","logo":{"@type":"ImageObject","inLanguage":"de","@id":"https:\/\/apgsolutions.com\/de\/#\/schema\/logo\/image\/","url":"https:\/\/apgsolutions.com\/wp-content\/uploads\/2023\/12\/logomark-color.svg","contentUrl":"https:\/\/apgsolutions.com\/wp-content\/uploads\/2023\/12\/logomark-color.svg","width":141,"height":138,"caption":"APG Solution, LLC"},"image":{"@id":"https:\/\/apgsolutions.com\/de\/#\/schema\/logo\/image\/"},"sameAs":["https:\/\/www.facebook.com\/apgglobalsolutions","https:\/\/x.com\/apg_solutions","https:\/\/www.youtube.com\/c\/CashManagementGlobalSolutionsbyapg","https:\/\/www.linkedin.com\/company\/apgglobalsolutions\/","https:\/\/www.instagram.com\/apgglobalsolutions\/","https:\/\/www.pinterest.com\/apgcashdrawer\/"]}]}},"acf":[],"_links":{"self":[{"href":"https:\/\/apgsolutions.com\/de\/wp-json\/wp\/v2\/pages\/93356","targetHints":{"allow":["GET"]}}],"collection":[{"href":"https:\/\/apgsolutions.com\/de\/wp-json\/wp\/v2\/pages"}],"about":[{"href":"https:\/\/apgsolutions.com\/de\/wp-json\/wp\/v2\/types\/page"}],"author":[{"embeddable":true,"href":"https:\/\/apgsolutions.com\/de\/wp-json\/wp\/v2\/users\/3233"}],"replies":[{"embeddable":true,"href":"https:\/\/apgsolutions.com\/de\/wp-json\/wp\/v2\/comments?post=93356"}],"version-history":[{"count":2,"href":"https:\/\/apgsolutions.com\/de\/wp-json\/wp\/v2\/pages\/93356\/revisions"}],"predecessor-version":[{"id":99409,"href":"https:\/\/apgsolutions.com\/de\/wp-json\/wp\/v2\/pages\/93356\/revisions\/99409"}],"wp:attachment":[{"href":"https:\/\/apgsolutions.com\/de\/wp-json\/wp\/v2\/media?parent=93356"}],"curies":[{"name":"wp","href":"https:\/\/api.w.org\/{rel}","templated":true}]}}