{"id":93368,"date":"2025-09-23T06:56:47","date_gmt":"2025-09-23T06:56:47","guid":{"rendered":"https:\/\/apgsolutions.com\/instructions\/"},"modified":"2026-01-22T14:41:55","modified_gmt":"2026-01-22T14:41:55","slug":"instructions","status":"publish","type":"page","link":"https:\/\/apgsolutions.com\/de\/instructions\/","title":{"rendered":"Anweisungen"},"content":{"rendered":"<div class=\"section_page-header \">\n    <img decoding=\"async\" class=\"header-image\" src=\"https:\/\/apgsolutions.com\/wp-content\/uploads\/2023\/04\/dark-blue-rotated.jpg\" alt=\"dark-blue\" title=\"dark-blue\">\n            <div class=\"header-content\">\n            <h1>Betriebs- und Wartungsanleitung f\u00fcr Kassenschubladen<\/h1>\n        <\/div>\n    <\/div>\n<h2 class=\"wp-block-heading has-text-align-center\" id=\"h-series-100-and-series-4000-operating-instructions\">Serie 100 und Serie 4000 Gebrauchsanweisung<\/h2>\n\n<p class=\"has-text-align-center\">APG Cash Drawer stellt eine breite Palette von \u00e4u\u00dferst langlebigen und zuverl\u00e4ssigen <a href=\"https:\/\/apgsolutions.com\/de\/produkte\/\">POS-L\u00f6sungen<\/a> her. In den folgenden Abschnitten finden Sie Betriebs- und Wartungsanweisungen f\u00fcr APG Kassenschubladen. Die Anleitung liegt im PDF-Format vor. Sie k\u00f6nnen sie gerne f\u00fcr Ihre Zwecke herunterladen.<\/p>\n\n<div class=\"wp-block-buttons is-content-justification-center is-layout-flex wp-container-core-buttons-is-layout-16018d1d wp-block-buttons-is-layout-flex\">\n<div class=\"wp-block-button\"><a class=\"wp-block-button__link wp-element-button\" href=\"https:\/\/apgsolutions.com\/de\/software-driver-kits\/\">Zugriff auf APG Cash Drawer Treiber und SDK Downloads<\/a><\/div>\n<\/div>\n\n<hr class=\"wp-block-separator has-alpha-channel-opacity\"\/>\n\n<h2 class=\"wp-block-heading has-text-align-center\" id=\"h-series-4000-cash-drawer-instructions-part-number-starts-with-j\">Anleitung f\u00fcr die Kassenschublade der Serie 4000 &#8211; Die Artikelnummer beginnt mit &#8222;J&#8220;.<\/h2>\n\n<div class=\"wp-block-group is-nowrap is-layout-flex wp-container-core-group-is-layout-ad2f72ca wp-block-group-is-layout-flex\">\n<figure class=\"wp-block-image size-full\"><img decoding=\"async\" width=\"150\" height=\"150\" src=\"https:\/\/apgsolutions.com\/wp-content\/uploads\/2023\/04\/sereis4000-thumbnails-4.png\" alt=\"Serie 4000\" class=\"wp-image-1509\" srcset=\"https:\/\/apgsolutions.com\/wp-content\/uploads\/2023\/04\/sereis4000-thumbnails-4.png 150w, https:\/\/apgsolutions.com\/wp-content\/uploads\/2023\/04\/sereis4000-thumbnails-4-100x100.png 100w\" sizes=\"(max-width: 150px) 100vw, 150px\" \/><\/figure>\n\n\n\n<p>Kennen Sie Ihre Teilenummer nicht? Sehen Sie sich diese <a href=\"https:\/\/apgsolutions.com\/de\/ressourcen\/\">Videos<\/a> an, um sie zu finden. Klicken Sie auf die orangefarbenen Schaltfl\u00e4chen unten, um die Bedienungs- und Wartungsanleitung f\u00fcr Ihre Kassenschublade der Serie 4000 anzuzeigen und herunterzuladen. Wenn Sie Fragen zu Ihrem Produkt haben, <a href=\"https:\/\/apgsolutions.com\/de\/kontakt\/\">kontaktieren Sie uns<\/a> bitte.   <\/p>\n<\/div>\n\n<div class=\"wp-block-buttons is-layout-flex wp-block-buttons-is-layout-flex\">\n<div class=\"wp-block-button is-style-fill\"><a class=\"wp-block-button__link wp-element-button\" href=\"\/wp-content\/uploads\/2023\/04\/M-823-13X17.pdf\">Serie 4000 4\u00d74 Betriebs- und Wartungsanleitung<\/a><\/div>\n<\/div>\n\n<div class=\"wp-block-buttons is-layout-flex wp-block-buttons-is-layout-flex\">\n<div class=\"wp-block-button\"><a class=\"wp-block-button__link wp-element-button\" href=\"\/wp-content\/uploads\/2023\/04\/M-823-1.pdf\">Serie 4000 Betriebs- und Wartungsanleitung<\/a><\/div>\n<\/div>\n\n<div class=\"wp-block-buttons is-layout-flex wp-block-buttons-is-layout-flex\">\n<div class=\"wp-block-button\"><a class=\"wp-block-button__link wp-element-button\" href=\"https:\/\/apgsolutions.com\/de\/software-development-kits\/\">Access Series 4000 Treiber und SDK Downloads<\/a><\/div>\n<\/div>\n\n<div class=\"wp-block-buttons is-layout-flex wp-block-buttons-is-layout-flex\">\n<div class=\"wp-block-button\"><a class=\"wp-block-button__link wp-element-button\" href=\"\/wp-content\/uploads\/2023\/04\/M-23G-X20.pdf\">MultiPRO\u00ae Interface Produkthandbuch<\/a><\/div>\n<\/div>\n\n<hr class=\"wp-block-separator has-alpha-channel-opacity\"\/>\n\n<h2 class=\"wp-block-heading has-text-align-center\" id=\"h-series-100-cash-drawer-instructions-part-number-starts-with-t\">Anleitung f\u00fcr Kassenschubladen der Serie 100 &#8211; Teilenummer beginnt mit &#8222;T&#8220;<\/h2>\n\n<div class=\"wp-block-group is-nowrap is-layout-flex wp-container-core-group-is-layout-ad2f72ca wp-block-group-is-layout-flex\">\n<figure class=\"wp-block-image size-full\"><img decoding=\"async\" width=\"150\" height=\"150\" src=\"https:\/\/apgsolutions.com\/wp-content\/uploads\/2023\/04\/series100-thumbnails.png\" alt=\"Serie 100\" class=\"wp-image-1542\" srcset=\"https:\/\/apgsolutions.com\/wp-content\/uploads\/2023\/04\/series100-thumbnails.png 150w, https:\/\/apgsolutions.com\/wp-content\/uploads\/2023\/04\/series100-thumbnails-100x100.png 100w\" sizes=\"(max-width: 150px) 100vw, 150px\" \/><\/figure>\n\n\n\n<p>Kennen Sie Ihre Teilenummer nicht? Sehen Sie sich diese <a href=\"https:\/\/apgsolutions.com\/de\/ressourcen\/\">Videos<\/a> an, um sie zu finden. Klicken Sie auf die orangefarbenen Schaltfl\u00e4chen unten, um die Bedienungs- und Wartungsanleitung f\u00fcr Ihre Kassenschublade der Serie 4000 anzuzeigen und herunterzuladen. Wenn Sie Fragen zu Ihrem Produkt haben, <a href=\"https:\/\/apgsolutions.com\/de\/kontakt\/\">kontaktieren Sie uns<\/a> bitte.   <\/p>\n<\/div>\n\n<div class=\"wp-block-buttons is-layout-flex wp-block-buttons-is-layout-flex\">\n<div class=\"wp-block-button\"><a class=\"wp-block-button__link wp-element-button\" href=\"\/wp-content\/uploads\/2023\/04\/M-423_REV_B.pdf\">Betriebs- und Wartungsanleitung f\u00fcr Kassenschubladen der Serie 100<\/a><\/div>\n<\/div>\n\n<div class=\"wp-block-buttons is-layout-flex wp-block-buttons-is-layout-flex\">\n<div class=\"wp-block-button\"><a class=\"wp-block-button__link wp-element-button\" href=\"https:\/\/apgsolutions.com\/de\/software-development-kits\/\">Access Series 100 Treiber und SDK Downloads<\/a><\/div>\n<\/div>\n\n<div class=\"wp-block-buttons is-layout-flex wp-block-buttons-is-layout-flex\">\n<div class=\"wp-block-button\"><a class=\"wp-block-button__link wp-element-button\" href=\"\/wp-content\/uploads\/2023\/04\/M-23G-X20.pdf\">MultiPRO\u00ae Interface Produkthandbuch<\/a><\/div>\n<\/div>\n\n<hr class=\"wp-block-separator has-alpha-channel-opacity\"\/>\n\n<p>Haben Sie weitere Fragen zu Ihrer Kassenschublade? <a href=\"https:\/\/apgsolutions.com\/de\/kontakt\/\">Kontaktieren Sie uns<\/a> oder sehen Sie sich unsere Bibliothek mit <a href=\"https:\/\/apgsolutions.com\/de\/ressourcen\/\">Support-Videos<\/a> an, die Ihnen beim Auswechseln von Schl\u00f6ssern, Produktschulungen und vielem mehr helfen.<\/p>\n","protected":false},"excerpt":{"rendered":"<p>Serie 100 und Serie 4000 Gebrauchsanweisung APG Cash Drawer stellt eine breite Palette von \u00e4u\u00dferst langlebigen und zuverl\u00e4ssigen POS-L\u00f6sungen her. In den folgenden Abschnitten finden Sie Betriebs- und Wartungsanweisungen f\u00fcr APG Kassenschubladen. Die Anleitung liegt im PDF-Format vor. Sie k\u00f6nnen sie gerne f\u00fcr Ihre Zwecke herunterladen. Anleitung f\u00fcr die Kassenschublade der Serie 4000 &#8211; Die [&hellip;]<\/p>\n","protected":false},"author":4,"featured_media":0,"parent":0,"menu_order":0,"comment_status":"closed","ping_status":"closed","template":"","meta":{"_acf_changed":false,"content-type":"","footnotes":""},"class_list":["post-93368","page","type-page","status-publish"],"yoast_head":"<!-- This site is optimized with the Yoast SEO Premium plugin v23.5 (Yoast SEO v27.2) - https:\/\/yoast.com\/product\/yoast-seo-premium-wordpress\/ -->\n<title>Betriebs- und Wartungsanleitung | apg\u00ae<\/title>\n<meta name=\"description\" content=\"Sehen Sie sich die Bedienungs- und Wartungsanleitungen der APG Kassenschubladen der Serien 4000 und 100 an und laden Sie sie herunter.\" \/>\n<meta name=\"robots\" content=\"index, follow, max-snippet:-1, max-image-preview:large, max-video-preview:-1\" \/>\n<link rel=\"canonical\" href=\"https:\/\/apgsolutions.com\/de\/instructions\/\" \/>\n<meta property=\"og:locale\" content=\"de_DE\" \/>\n<meta property=\"og:type\" content=\"article\" \/>\n<meta property=\"og:title\" content=\"Betriebs- und Wartungsanleitung | apg\u00ae\" \/>\n<meta property=\"og:description\" content=\"Sehen Sie sich die Bedienungs- und Wartungsanleitungen der APG Kassenschubladen der Serien 4000 und 100 an und laden Sie sie herunter.\" \/>\n<meta property=\"og:url\" content=\"https:\/\/apgsolutions.com\/de\/instructions\/\" \/>\n<meta property=\"og:site_name\" content=\"apg\u00ae Solutions\" \/>\n<meta property=\"article:publisher\" content=\"https:\/\/www.facebook.com\/apgglobalsolutions\" \/>\n<meta property=\"article:modified_time\" content=\"2026-01-22T14:41:55+00:00\" \/>\n<meta property=\"og:image\" content=\"https:\/\/apgsolutions.com\/wp-content\/uploads\/2023\/04\/sereis4000-thumbnails-4.png\" \/>\n<meta name=\"twitter:card\" content=\"summary_large_image\" \/>\n<meta name=\"twitter:site\" content=\"@apg_solutions\" \/>\n<meta name=\"twitter:label1\" content=\"Gesch\u00e4tzte Lesezeit\" \/>\n\t<meta name=\"twitter:data1\" content=\"1\u00a0Minute\" \/>\n<script type=\"application\/ld+json\" class=\"yoast-schema-graph\">{\"@context\":\"https:\/\/schema.org\",\"@graph\":[{\"@type\":\"WebPage\",\"@id\":\"https:\/\/apgsolutions.com\/de\/instructions\/\",\"url\":\"https:\/\/apgsolutions.com\/de\/instructions\/\",\"name\":\"Betriebs- und Wartungsanleitung | apg\u00ae\",\"isPartOf\":{\"@id\":\"https:\/\/apgsolutions.com\/de\/#website\"},\"primaryImageOfPage\":{\"@id\":\"https:\/\/apgsolutions.com\/de\/instructions\/#primaryimage\"},\"image\":{\"@id\":\"https:\/\/apgsolutions.com\/de\/instructions\/#primaryimage\"},\"thumbnailUrl\":\"https:\/\/apgsolutions.com\/wp-content\/uploads\/2023\/04\/sereis4000-thumbnails-4.png\",\"datePublished\":\"2025-09-23T06:56:47+00:00\",\"dateModified\":\"2026-01-22T14:41:55+00:00\",\"description\":\"Sehen Sie sich die Bedienungs- und Wartungsanleitungen der APG Kassenschubladen der Serien 4000 und 100 an und laden Sie sie herunter.\",\"inLanguage\":\"de\",\"potentialAction\":[{\"@type\":\"ReadAction\",\"target\":[\"https:\/\/apgsolutions.com\/de\/instructions\/\"]}]},{\"@type\":\"ImageObject\",\"inLanguage\":\"de\",\"@id\":\"https:\/\/apgsolutions.com\/de\/instructions\/#primaryimage\",\"url\":\"https:\/\/apgsolutions.com\/wp-content\/uploads\/2023\/04\/sereis4000-thumbnails-4.png\",\"contentUrl\":\"https:\/\/apgsolutions.com\/wp-content\/uploads\/2023\/04\/sereis4000-thumbnails-4.png\"},{\"@type\":\"WebSite\",\"@id\":\"https:\/\/apgsolutions.com\/de\/#website\",\"url\":\"https:\/\/apgsolutions.com\/de\/\",\"name\":\"APG Solutions, LLC\",\"description\":\"Trust at every point.\",\"publisher\":{\"@id\":\"https:\/\/apgsolutions.com\/de\/#organization\"},\"potentialAction\":[{\"@type\":\"SearchAction\",\"target\":{\"@type\":\"EntryPoint\",\"urlTemplate\":\"https:\/\/apgsolutions.com\/de\/?s={search_term_string}\"},\"query-input\":{\"@type\":\"PropertyValueSpecification\",\"valueRequired\":true,\"valueName\":\"search_term_string\"}}],\"inLanguage\":\"de\"},{\"@type\":\"Organization\",\"@id\":\"https:\/\/apgsolutions.com\/de\/#organization\",\"name\":\"APG Solution, LLC\",\"url\":\"https:\/\/apgsolutions.com\/de\/\",\"logo\":{\"@type\":\"ImageObject\",\"inLanguage\":\"de\",\"@id\":\"https:\/\/apgsolutions.com\/de\/#\/schema\/logo\/image\/\",\"url\":\"https:\/\/apgsolutions.com\/wp-content\/uploads\/2023\/12\/logomark-color.svg\",\"contentUrl\":\"https:\/\/apgsolutions.com\/wp-content\/uploads\/2023\/12\/logomark-color.svg\",\"width\":141,\"height\":138,\"caption\":\"APG Solution, LLC\"},\"image\":{\"@id\":\"https:\/\/apgsolutions.com\/de\/#\/schema\/logo\/image\/\"},\"sameAs\":[\"https:\/\/www.facebook.com\/apgglobalsolutions\",\"https:\/\/x.com\/apg_solutions\",\"https:\/\/www.youtube.com\/c\/CashManagementGlobalSolutionsbyapg\",\"https:\/\/www.linkedin.com\/company\/apgglobalsolutions\/\",\"https:\/\/www.instagram.com\/apgglobalsolutions\/\",\"https:\/\/www.pinterest.com\/apgcashdrawer\/\"]}]}<\/script>\n<!-- \/ Yoast SEO Premium plugin. -->","yoast_head_json":{"title":"Betriebs- und Wartungsanleitung | apg\u00ae","description":"Sehen Sie sich die Bedienungs- und Wartungsanleitungen der APG Kassenschubladen der Serien 4000 und 100 an und laden Sie sie herunter.","robots":{"index":"index","follow":"follow","max-snippet":"max-snippet:-1","max-image-preview":"max-image-preview:large","max-video-preview":"max-video-preview:-1"},"canonical":"https:\/\/apgsolutions.com\/de\/instructions\/","og_locale":"de_DE","og_type":"article","og_title":"Betriebs- und Wartungsanleitung | apg\u00ae","og_description":"Sehen Sie sich die Bedienungs- und Wartungsanleitungen der APG Kassenschubladen der Serien 4000 und 100 an und laden Sie sie herunter.","og_url":"https:\/\/apgsolutions.com\/de\/instructions\/","og_site_name":"apg\u00ae Solutions","article_publisher":"https:\/\/www.facebook.com\/apgglobalsolutions","article_modified_time":"2026-01-22T14:41:55+00:00","og_image":[{"url":"https:\/\/apgsolutions.com\/wp-content\/uploads\/2023\/04\/sereis4000-thumbnails-4.png","type":"","width":"","height":""}],"twitter_card":"summary_large_image","twitter_site":"@apg_solutions","twitter_misc":{"Gesch\u00e4tzte Lesezeit":"1\u00a0Minute"},"schema":{"@context":"https:\/\/schema.org","@graph":[{"@type":"WebPage","@id":"https:\/\/apgsolutions.com\/de\/instructions\/","url":"https:\/\/apgsolutions.com\/de\/instructions\/","name":"Betriebs- und Wartungsanleitung | apg\u00ae","isPartOf":{"@id":"https:\/\/apgsolutions.com\/de\/#website"},"primaryImageOfPage":{"@id":"https:\/\/apgsolutions.com\/de\/instructions\/#primaryimage"},"image":{"@id":"https:\/\/apgsolutions.com\/de\/instructions\/#primaryimage"},"thumbnailUrl":"https:\/\/apgsolutions.com\/wp-content\/uploads\/2023\/04\/sereis4000-thumbnails-4.png","datePublished":"2025-09-23T06:56:47+00:00","dateModified":"2026-01-22T14:41:55+00:00","description":"Sehen Sie sich die Bedienungs- und Wartungsanleitungen der APG Kassenschubladen der Serien 4000 und 100 an und laden Sie sie herunter.","inLanguage":"de","potentialAction":[{"@type":"ReadAction","target":["https:\/\/apgsolutions.com\/de\/instructions\/"]}]},{"@type":"ImageObject","inLanguage":"de","@id":"https:\/\/apgsolutions.com\/de\/instructions\/#primaryimage","url":"https:\/\/apgsolutions.com\/wp-content\/uploads\/2023\/04\/sereis4000-thumbnails-4.png","contentUrl":"https:\/\/apgsolutions.com\/wp-content\/uploads\/2023\/04\/sereis4000-thumbnails-4.png"},{"@type":"WebSite","@id":"https:\/\/apgsolutions.com\/de\/#website","url":"https:\/\/apgsolutions.com\/de\/","name":"APG Solutions, LLC","description":"Trust at every point.","publisher":{"@id":"https:\/\/apgsolutions.com\/de\/#organization"},"potentialAction":[{"@type":"SearchAction","target":{"@type":"EntryPoint","urlTemplate":"https:\/\/apgsolutions.com\/de\/?s={search_term_string}"},"query-input":{"@type":"PropertyValueSpecification","valueRequired":true,"valueName":"search_term_string"}}],"inLanguage":"de"},{"@type":"Organization","@id":"https:\/\/apgsolutions.com\/de\/#organization","name":"APG Solution, LLC","url":"https:\/\/apgsolutions.com\/de\/","logo":{"@type":"ImageObject","inLanguage":"de","@id":"https:\/\/apgsolutions.com\/de\/#\/schema\/logo\/image\/","url":"https:\/\/apgsolutions.com\/wp-content\/uploads\/2023\/12\/logomark-color.svg","contentUrl":"https:\/\/apgsolutions.com\/wp-content\/uploads\/2023\/12\/logomark-color.svg","width":141,"height":138,"caption":"APG Solution, LLC"},"image":{"@id":"https:\/\/apgsolutions.com\/de\/#\/schema\/logo\/image\/"},"sameAs":["https:\/\/www.facebook.com\/apgglobalsolutions","https:\/\/x.com\/apg_solutions","https:\/\/www.youtube.com\/c\/CashManagementGlobalSolutionsbyapg","https:\/\/www.linkedin.com\/company\/apgglobalsolutions\/","https:\/\/www.instagram.com\/apgglobalsolutions\/","https:\/\/www.pinterest.com\/apgcashdrawer\/"]}]}},"acf":[],"_links":{"self":[{"href":"https:\/\/apgsolutions.com\/de\/wp-json\/wp\/v2\/pages\/93368","targetHints":{"allow":["GET"]}}],"collection":[{"href":"https:\/\/apgsolutions.com\/de\/wp-json\/wp\/v2\/pages"}],"about":[{"href":"https:\/\/apgsolutions.com\/de\/wp-json\/wp\/v2\/types\/page"}],"author":[{"embeddable":true,"href":"https:\/\/apgsolutions.com\/de\/wp-json\/wp\/v2\/users\/4"}],"replies":[{"embeddable":true,"href":"https:\/\/apgsolutions.com\/de\/wp-json\/wp\/v2\/comments?post=93368"}],"version-history":[{"count":4,"href":"https:\/\/apgsolutions.com\/de\/wp-json\/wp\/v2\/pages\/93368\/revisions"}],"predecessor-version":[{"id":98365,"href":"https:\/\/apgsolutions.com\/de\/wp-json\/wp\/v2\/pages\/93368\/revisions\/98365"}],"wp:attachment":[{"href":"https:\/\/apgsolutions.com\/de\/wp-json\/wp\/v2\/media?parent=93368"}],"curies":[{"name":"wp","href":"https:\/\/api.w.org\/{rel}","templated":true}]}}