{"id":93376,"date":"2025-09-23T07:09:27","date_gmt":"2025-09-23T07:09:27","guid":{"rendered":"https:\/\/apgsolutions.com\/software-development-kits\/"},"modified":"2025-10-14T05:41:38","modified_gmt":"2025-10-14T05:41:38","slug":"software-development-kits","status":"publish","type":"page","link":"https:\/\/apgsolutions.com\/de\/software-development-kits\/","title":{"rendered":"Kassenladentreiber und SDK Downloads"},"content":{"rendered":"<div class=\"section_page-header \">\n    <img decoding=\"async\" class=\"header-image\" src=\"https:\/\/apgsolutions.com\/wp-content\/uploads\/2023\/04\/dark-blue-rotated.jpg\" alt=\"dark-blue\" title=\"dark-blue\">\n            <div class=\"header-content\">\n            <h1>Kassenladentreiber und SDK Downloads<\/h1>\n        <\/div>\n    <\/div>\n<h2 class=\"wp-block-heading has-text-align-center has-large-font-size\" id=\"h-cash-drawer-driver-and-sdk-downloads\">Kassenladentreiber und SDK Downloads<\/h2>\n\n<p><strong>Sind Sie ein Software-Entwickler? Wenn ja, <a href=\"https:\/\/apgsolutions.com\/de\/software-driver-kits\/\">besuchen Sie stattdessen diese Seite<\/a>. <\/strong><\/p>\n\n<p>apg\u00ae-Kassenschubladen k\u00f6nnen mit einer Vielzahl verschiedener Schnittstellen ausgestattet werden, um sicherzustellen, dass sie korrekt mit anderer <a href=\"https:\/\/apgsolutions.com\/de\/produkte\/\">Point-of-Sale-Hardware<\/a> und -Software kommunizieren. Wir liefern keine Treiber f\u00fcr Kassenschubladen wie die Schnittstellen 320-24vdc, 420-12vdc, 520-12\/24vdc.  These drawers connect and are controlled by POS receipt printers or POS terminals. Refer to your printer or terminal manufacture for drivers\/codes. Bitte sehen Sie sich die untenstehenden Optionen f\u00fcr Kassenschubladen an und laden Sie herunter, was Sie f\u00fcr Ihr Gesch\u00e4ft ben\u00f6tigen!<\/p>\n\n<p>554A USBPro: <a href=\"https:\/\/cashdrawer.sharefile.com\/d-s8292426c31344c3a\">https:\/\/cashdrawer.sharefile.com\/d-s8292426c31344c3a<\/a><br\/>554B USBPro: <a href=\"https:\/\/cashdrawer.sharefile.com\/d-s28a2b9aa3d041fbb\">https:\/\/cashdrawer.sharefile.com\/d-s28a2b9aa3d041fbb<\/a><br\/>484A SerialPRO: <a href=\"https:\/\/cashdrawer.sharefile.com\/d-s4dbbf4b58ad431e8\">https:\/\/cashdrawer.sharefile.com\/d-s4dbbf4b58ad431e8<\/a><br\/>485 USBProLite: <a href=\"https:\/\/cashdrawer.sharefile.com\/d-sa79027af2d74b3d9\">https:\/\/cashdrawer.sharefile.com\/d-sa79027af2d74b3d9<\/a><br\/>480A\/490A NetPRO: <a href=\"https:\/\/cashdrawer.sharefile.com\/d-s2fafd0bd4eb4665b\">https:\/\/cashdrawer.sharefile.com\/d-s2fafd0bd4eb4665b<\/a><br\/>486\/496 NetPRO Auth+Encrypt: <a href=\"https:\/\/cashdrawer.sharefile.com\/d-s8665bbbaac34c13a\">https:\/\/cashdrawer.sharefile.com\/d-s8665bbbaac34c13a<\/a><br\/>470 NetPRO: <a href=\"https:\/\/cashdrawer.sharefile.com\/d-s3474fcfe2874909a\">https:\/\/cashdrawer.sharefile.com\/d-s3474fcfe2874909a<\/a><\/p>\n\n<p>Wenn Sie Fragen haben, k\u00f6nnen Sie uns gerne unter <a href=\"mailto:support@us.cashdrawer.com\">support@us.cashdrawer.com<\/a> kontaktieren.<\/p>\n","protected":false},"excerpt":{"rendered":"<p>Kassenladentreiber und SDK Downloads Sind Sie ein Software-Entwickler? Wenn ja, besuchen Sie stattdessen diese Seite. apg\u00ae-Kassenschubladen k\u00f6nnen mit einer Vielzahl verschiedener Schnittstellen ausgestattet werden, um sicherzustellen, dass sie korrekt mit anderer Point-of-Sale-Hardware und -Software kommunizieren. Wir liefern keine Treiber f\u00fcr Kassenschubladen wie die Schnittstellen 320-24vdc, 420-12vdc, 520-12\/24vdc. These drawers connect and are controlled by POS [&hellip;]<\/p>\n","protected":false},"author":4,"featured_media":0,"parent":0,"menu_order":0,"comment_status":"closed","ping_status":"closed","template":"","meta":{"_acf_changed":false,"content-type":"","footnotes":""},"class_list":["post-93376","page","type-page","status-publish"],"yoast_head":"<!-- This site is optimized with the Yoast SEO Premium plugin v23.5 (Yoast SEO v27.2) - https:\/\/yoast.com\/product\/yoast-seo-premium-wordpress\/ -->\n<title>Kassenladentreiber und SDK Downloads<\/title>\n<meta name=\"description\" content=\"Suchen Sie nach Kassenladentreibern und SDKs? Sehen Sie sich die untenstehenden Treiberoptionen an und laden Sie herunter, was Sie f\u00fcr Ihr Gesch\u00e4ft ben\u00f6tigen!\" \/>\n<meta name=\"robots\" content=\"index, follow, max-snippet:-1, max-image-preview:large, max-video-preview:-1\" \/>\n<link rel=\"canonical\" href=\"https:\/\/apgsolutions.com\/de\/software-development-kits\/\" \/>\n<meta property=\"og:locale\" content=\"de_DE\" \/>\n<meta property=\"og:type\" content=\"article\" \/>\n<meta property=\"og:title\" content=\"Kassenladentreiber und SDK Downloads\" \/>\n<meta property=\"og:description\" content=\"Suchen Sie nach Kassenladentreibern und SDKs? Sehen Sie sich die untenstehenden Treiberoptionen an und laden Sie herunter, was Sie f\u00fcr Ihr Gesch\u00e4ft ben\u00f6tigen!\" \/>\n<meta property=\"og:url\" content=\"https:\/\/apgsolutions.com\/de\/software-development-kits\/\" \/>\n<meta property=\"og:site_name\" content=\"apg\u00ae Solutions\" \/>\n<meta property=\"article:publisher\" content=\"https:\/\/www.facebook.com\/apgglobalsolutions\" \/>\n<meta property=\"article:modified_time\" content=\"2025-10-14T05:41:38+00:00\" \/>\n<meta name=\"twitter:card\" content=\"summary_large_image\" \/>\n<meta name=\"twitter:site\" content=\"@apg_solutions\" \/>\n<meta name=\"twitter:label1\" content=\"Gesch\u00e4tzte Lesezeit\" \/>\n\t<meta name=\"twitter:data1\" content=\"1\u00a0Minute\" \/>\n<script type=\"application\/ld+json\" class=\"yoast-schema-graph\">{\"@context\":\"https:\/\/schema.org\",\"@graph\":[{\"@type\":\"WebPage\",\"@id\":\"https:\/\/apgsolutions.com\/de\/software-development-kits\/\",\"url\":\"https:\/\/apgsolutions.com\/de\/software-development-kits\/\",\"name\":\"Kassenladentreiber und SDK Downloads\",\"isPartOf\":{\"@id\":\"https:\/\/apgsolutions.com\/de\/#website\"},\"datePublished\":\"2025-09-23T07:09:27+00:00\",\"dateModified\":\"2025-10-14T05:41:38+00:00\",\"description\":\"Suchen Sie nach Kassenladentreibern und SDKs? Sehen Sie sich die untenstehenden Treiberoptionen an und laden Sie herunter, was Sie f\u00fcr Ihr Gesch\u00e4ft ben\u00f6tigen!\",\"inLanguage\":\"de\",\"potentialAction\":[{\"@type\":\"ReadAction\",\"target\":[\"https:\/\/apgsolutions.com\/de\/software-development-kits\/\"]}]},{\"@type\":\"WebSite\",\"@id\":\"https:\/\/apgsolutions.com\/de\/#website\",\"url\":\"https:\/\/apgsolutions.com\/de\/\",\"name\":\"APG Solutions, LLC\",\"description\":\"Trust at every point.\",\"publisher\":{\"@id\":\"https:\/\/apgsolutions.com\/de\/#organization\"},\"potentialAction\":[{\"@type\":\"SearchAction\",\"target\":{\"@type\":\"EntryPoint\",\"urlTemplate\":\"https:\/\/apgsolutions.com\/de\/?s={search_term_string}\"},\"query-input\":{\"@type\":\"PropertyValueSpecification\",\"valueRequired\":true,\"valueName\":\"search_term_string\"}}],\"inLanguage\":\"de\"},{\"@type\":\"Organization\",\"@id\":\"https:\/\/apgsolutions.com\/de\/#organization\",\"name\":\"APG Solution, LLC\",\"url\":\"https:\/\/apgsolutions.com\/de\/\",\"logo\":{\"@type\":\"ImageObject\",\"inLanguage\":\"de\",\"@id\":\"https:\/\/apgsolutions.com\/de\/#\/schema\/logo\/image\/\",\"url\":\"https:\/\/apgsolutions.com\/wp-content\/uploads\/2023\/12\/logomark-color.svg\",\"contentUrl\":\"https:\/\/apgsolutions.com\/wp-content\/uploads\/2023\/12\/logomark-color.svg\",\"width\":141,\"height\":138,\"caption\":\"APG Solution, LLC\"},\"image\":{\"@id\":\"https:\/\/apgsolutions.com\/de\/#\/schema\/logo\/image\/\"},\"sameAs\":[\"https:\/\/www.facebook.com\/apgglobalsolutions\",\"https:\/\/x.com\/apg_solutions\",\"https:\/\/www.youtube.com\/c\/CashManagementGlobalSolutionsbyapg\",\"https:\/\/www.linkedin.com\/company\/apgglobalsolutions\/\",\"https:\/\/www.instagram.com\/apgglobalsolutions\/\",\"https:\/\/www.pinterest.com\/apgcashdrawer\/\"]}]}<\/script>\n<!-- \/ Yoast SEO Premium plugin. -->","yoast_head_json":{"title":"Kassenladentreiber und SDK Downloads","description":"Suchen Sie nach Kassenladentreibern und SDKs? Sehen Sie sich die untenstehenden Treiberoptionen an und laden Sie herunter, was Sie f\u00fcr Ihr Gesch\u00e4ft ben\u00f6tigen!","robots":{"index":"index","follow":"follow","max-snippet":"max-snippet:-1","max-image-preview":"max-image-preview:large","max-video-preview":"max-video-preview:-1"},"canonical":"https:\/\/apgsolutions.com\/de\/software-development-kits\/","og_locale":"de_DE","og_type":"article","og_title":"Kassenladentreiber und SDK Downloads","og_description":"Suchen Sie nach Kassenladentreibern und SDKs? Sehen Sie sich die untenstehenden Treiberoptionen an und laden Sie herunter, was Sie f\u00fcr Ihr Gesch\u00e4ft ben\u00f6tigen!","og_url":"https:\/\/apgsolutions.com\/de\/software-development-kits\/","og_site_name":"apg\u00ae Solutions","article_publisher":"https:\/\/www.facebook.com\/apgglobalsolutions","article_modified_time":"2025-10-14T05:41:38+00:00","twitter_card":"summary_large_image","twitter_site":"@apg_solutions","twitter_misc":{"Gesch\u00e4tzte Lesezeit":"1\u00a0Minute"},"schema":{"@context":"https:\/\/schema.org","@graph":[{"@type":"WebPage","@id":"https:\/\/apgsolutions.com\/de\/software-development-kits\/","url":"https:\/\/apgsolutions.com\/de\/software-development-kits\/","name":"Kassenladentreiber und SDK Downloads","isPartOf":{"@id":"https:\/\/apgsolutions.com\/de\/#website"},"datePublished":"2025-09-23T07:09:27+00:00","dateModified":"2025-10-14T05:41:38+00:00","description":"Suchen Sie nach Kassenladentreibern und SDKs? Sehen Sie sich die untenstehenden Treiberoptionen an und laden Sie herunter, was Sie f\u00fcr Ihr Gesch\u00e4ft ben\u00f6tigen!","inLanguage":"de","potentialAction":[{"@type":"ReadAction","target":["https:\/\/apgsolutions.com\/de\/software-development-kits\/"]}]},{"@type":"WebSite","@id":"https:\/\/apgsolutions.com\/de\/#website","url":"https:\/\/apgsolutions.com\/de\/","name":"APG Solutions, LLC","description":"Trust at every point.","publisher":{"@id":"https:\/\/apgsolutions.com\/de\/#organization"},"potentialAction":[{"@type":"SearchAction","target":{"@type":"EntryPoint","urlTemplate":"https:\/\/apgsolutions.com\/de\/?s={search_term_string}"},"query-input":{"@type":"PropertyValueSpecification","valueRequired":true,"valueName":"search_term_string"}}],"inLanguage":"de"},{"@type":"Organization","@id":"https:\/\/apgsolutions.com\/de\/#organization","name":"APG Solution, LLC","url":"https:\/\/apgsolutions.com\/de\/","logo":{"@type":"ImageObject","inLanguage":"de","@id":"https:\/\/apgsolutions.com\/de\/#\/schema\/logo\/image\/","url":"https:\/\/apgsolutions.com\/wp-content\/uploads\/2023\/12\/logomark-color.svg","contentUrl":"https:\/\/apgsolutions.com\/wp-content\/uploads\/2023\/12\/logomark-color.svg","width":141,"height":138,"caption":"APG Solution, LLC"},"image":{"@id":"https:\/\/apgsolutions.com\/de\/#\/schema\/logo\/image\/"},"sameAs":["https:\/\/www.facebook.com\/apgglobalsolutions","https:\/\/x.com\/apg_solutions","https:\/\/www.youtube.com\/c\/CashManagementGlobalSolutionsbyapg","https:\/\/www.linkedin.com\/company\/apgglobalsolutions\/","https:\/\/www.instagram.com\/apgglobalsolutions\/","https:\/\/www.pinterest.com\/apgcashdrawer\/"]}]}},"acf":[],"_links":{"self":[{"href":"https:\/\/apgsolutions.com\/de\/wp-json\/wp\/v2\/pages\/93376","targetHints":{"allow":["GET"]}}],"collection":[{"href":"https:\/\/apgsolutions.com\/de\/wp-json\/wp\/v2\/pages"}],"about":[{"href":"https:\/\/apgsolutions.com\/de\/wp-json\/wp\/v2\/types\/page"}],"author":[{"embeddable":true,"href":"https:\/\/apgsolutions.com\/de\/wp-json\/wp\/v2\/users\/4"}],"replies":[{"embeddable":true,"href":"https:\/\/apgsolutions.com\/de\/wp-json\/wp\/v2\/comments?post=93376"}],"version-history":[{"count":3,"href":"https:\/\/apgsolutions.com\/de\/wp-json\/wp\/v2\/pages\/93376\/revisions"}],"predecessor-version":[{"id":94913,"href":"https:\/\/apgsolutions.com\/de\/wp-json\/wp\/v2\/pages\/93376\/revisions\/94913"}],"wp:attachment":[{"href":"https:\/\/apgsolutions.com\/de\/wp-json\/wp\/v2\/media?parent=93376"}],"curies":[{"name":"wp","href":"https:\/\/api.w.org\/{rel}","templated":true}]}}