{"id":93422,"date":"2025-09-24T06:13:34","date_gmt":"2025-09-24T06:13:34","guid":{"rendered":"https:\/\/apgsolutions.com\/gastgewerbe\/"},"modified":"2026-03-12T11:45:41","modified_gmt":"2026-03-12T11:45:41","slug":"gastgewerbe","status":"publish","type":"page","link":"https:\/\/apgsolutions.com\/de\/gastgewerbe\/","title":{"rendered":"POS-L\u00f6sungen &amp; Kassenschubladen f\u00fcr das Gastgewerbe"},"content":{"rendered":"<div class=\"section_page-header \">\n    <img decoding=\"async\" class=\"header-image\" src=\"https:\/\/apgsolutions.com\/wp-content\/uploads\/2023\/07\/Hospitality-2.jpg\" alt=\"Hospitality\" title=\"Hospitality\">\n            <div class=\"header-content\">\n            <h1>POS Solutions &amp; Cash Drawers for Hospitality<\/h1>\n        <\/div>\n    <\/div>\n<div class=\"wp-block-group pos-content-div is-vertical is-content-justification-center is-layout-flex wp-container-core-group-is-layout-4b2eccd6 wp-block-group-is-layout-flex\">\n<div style=\"height:0px\" aria-hidden=\"true\" class=\"wp-block-spacer wp-container-content-b83b6736\"><\/div>\n\n\n\n<div class=\"wp-block-group is-vertical is-content-justification-center is-nowrap is-layout-flex wp-container-core-group-is-layout-e862386f wp-block-group-is-layout-flex\">\n<p class=\"has-text-align-center has-large-font-size\"><strong>Verbessern Sie Kundenerlebnis und Service<\/strong><\/p>\n\n\n\n<div style=\"height:0px\" aria-hidden=\"true\" class=\"wp-block-spacer wp-container-content-5082a153\"><\/div>\n\n\n\n<p class=\"has-text-align-center\">Die Bewirtung von Millionen von Kunden in einer Branche, die stark reguliert ist, kann f\u00fcr das Management Stress bedeuten. Angesichts des starken Wettbewerbs wird das Gastst\u00e4ttengewerbe im Jahr 2024 weiter auf dem Vormarsch sein. Nach Angaben der National Restaurant Association wird die Gesamtbesch\u00e4ftigung in der Branche bis Ende 2024 voraussichtlich 15,7 Millionen erreichen.  <\/p>\n\n\n\n<p class=\"has-text-align-center\"><\/p>\n\n\n\n<p class=\"has-text-align-center\">  In dieser dynamischen Landschaft ist die Rolle von POS-Systemen im Gastgewerbe von zentraler Bedeutung. apg\u00ae hat <a href=\"https:\/\/apgsolutions.com\/de\/produkte\/\">POS-L\u00f6sungen<\/a> entwickelt, um Transaktionen zu rationalisieren und einen reibungslosen und nahtlosen Ablauf zu gew\u00e4hrleisten. Geben Sie Ihren Mitarbeitern die M\u00f6glichkeit, allen G\u00e4sten einen au\u00dfergew\u00f6hnlichen Service und ein au\u00dfergew\u00f6hnliches Erlebnis zu bieten. Bleiben Sie im wettbewerbsintensiven Gastgewerbe an der Spitze und heben Sie Ihre Servicestandards mit apg\u00ae an.   <\/p>\n<\/div>\n\n\n\n<div style=\"height:0px\" aria-hidden=\"true\" class=\"wp-block-spacer wp-container-content-b83b6736\"><\/div>\n\n\n\n<div class=\"wp-block-group is-vertical is-layout-flex wp-container-core-group-is-layout-8cf370e7 wp-block-group-is-layout-flex\">\n<p style=\"font-size:30px\"><strong>Fakten + Statistik<\/strong><\/p>\n\n\n\n<div style=\"height:0px\" aria-hidden=\"true\" class=\"wp-block-spacer wp-container-content-5082a153\"><\/div>\n<\/div>\n\n\n\n<div class=\"wp-block-columns is-layout-flex wp-container-core-columns-is-layout-9d6595d7 wp-block-columns-is-layout-flex\">\n<div class=\"wp-block-column pos-card-box has-background is-layout-flow wp-block-column-is-layout-flow\" style=\"background-color:#fcfaf7;flex-basis:360px\">\n<div style=\"height:1rem\" aria-hidden=\"true\" class=\"wp-block-spacer\"><\/div>\n\n\n<div class=\"wp-block-image\">\n<figure class=\"aligncenter size-full\"><img decoding=\"async\" width=\"80\" height=\"80\" src=\"https:\/\/apgsolutions.com\/wp-content\/uploads\/2023\/07\/Money-Growth_Light-Blue.png\" alt=\"Symbol f&#xFC;r die Haupteinnahmequelle\" class=\"wp-image-68978\" style=\"object-fit:cover\" \/><\/figure>\n<\/div>\n\n\n<h3 class=\"wp-block-heading has-text-align-center\" id=\"h-growth\">Wachstum<\/h3>\n\n\n\n<p class=\"has-text-align-center\">Ab 2023 gibt es in den USA fast 750.000 Restaurants | NRA<\/p>\n\n\n\n<div style=\"height:1rem\" aria-hidden=\"true\" class=\"wp-block-spacer\"><\/div>\n<\/div>\n\n\n\n<div class=\"wp-block-column pos-card-box has-background is-layout-flow wp-block-column-is-layout-flow\" style=\"background-color:#fcfaf7;flex-basis:360px\">\n<div style=\"height:1rem\" aria-hidden=\"true\" class=\"wp-block-spacer\"><\/div>\n\n\n<div class=\"wp-block-image\">\n<figure class=\"aligncenter size-full\"><img decoding=\"async\" width=\"80\" height=\"80\" src=\"https:\/\/apgsolutions.com\/wp-content\/uploads\/2023\/07\/Global-Coins_Light-Blue.png\" alt=\"Interbankenentgelt\" class=\"wp-image-69322\" style=\"object-fit:cover\" \/><\/figure>\n<\/div>\n\n\n<h3 class=\"wp-block-heading has-text-align-center\" id=\"h-interchange-fee\">Interbankenentgelt<\/h3>\n\n\n\n<p class=\"has-text-align-center\">Die aktuelle Interchange-Geb\u00fchr betr\u00e4gt 21 Cent plus 0,05% des Wertes der Debit-Transaktion &#8211; Restaurants bevorzugen Bargeld | NRA<\/p>\n\n\n\n<div style=\"height:1rem\" aria-hidden=\"true\" class=\"wp-block-spacer\"><\/div>\n<\/div>\n\n\n\n<div class=\"wp-block-column pos-card-box has-background is-layout-flow wp-block-column-is-layout-flow\" style=\"background-color:#fcfaf7;flex-basis:360px\">\n<div style=\"height:1rem\" aria-hidden=\"true\" class=\"wp-block-spacer\"><\/div>\n\n\n<div class=\"wp-block-image\">\n<figure class=\"aligncenter size-full\"><img decoding=\"async\" width=\"80\" height=\"80\" src=\"https:\/\/apgsolutions.com\/wp-content\/uploads\/2023\/07\/Partners-5.png\" alt=\"Partner-Symbol\" class=\"wp-image-69397\" style=\"object-fit:cover\" \/><\/figure>\n<\/div>\n\n\n<h3 class=\"wp-block-heading has-text-align-center\" id=\"h-opportunity\">Gelegenheit<\/h3>\n\n\n\n<p class=\"has-text-align-center\">Das Gastst\u00e4ttengewerbe umfasst 15,5 Millionen Besch\u00e4ftigte | NRA<\/p>\n\n\n\n<div style=\"height:16px\" aria-hidden=\"true\" class=\"wp-block-spacer\"><\/div>\n<\/div>\n<\/div>\n\n\n\n<div style=\"height:0px\" aria-hidden=\"true\" class=\"wp-block-spacer wp-container-content-b83b6736\"><\/div>\n\n\n\n<div class=\"wp-block-group is-vertical is-layout-flex wp-container-core-group-is-layout-8cf370e7 wp-block-group-is-layout-flex\">\n<p style=\"font-size:30px\"><strong>Unsere empfohlenen Schubladen f\u00fcr das Gastgewerbe<\/strong><\/p>\n\n\n\n<div style=\"height:0px\" aria-hidden=\"true\" class=\"wp-block-spacer wp-container-content-2cb1e7d4\"><\/div>\n<\/div>\n\n\n\n<div class=\"wp-block-columns is-layout-flex wp-container-core-columns-is-layout-9d6595d7 wp-block-columns-is-layout-flex\">\n<div class=\"wp-block-column is-layout-flow wp-block-column-is-layout-flow\">\n<div style=\"height:1rem\" aria-hidden=\"true\" class=\"wp-block-spacer\"><\/div>\n\n\n<div class=\"wp-block-image\">\n<figure class=\"aligncenter size-full is-resized\"><img loading=\"lazy\" decoding=\"async\" width=\"280\" height=\"210\" src=\"https:\/\/apgsolutions.com\/wp-content\/uploads\/2023\/06\/Vasario-VBxxx-BL1616-Closed-Left.jpg\" alt=\"Vasario Geldlade\" class=\"wp-image-62747\" style=\"width:186px\" \/><\/figure>\n<\/div>\n\n\n<h3 class=\"wp-block-heading has-text-align-center\" id=\"h-vasario-cash-drawer\">Vasario Geldlade<\/h3>\n\n\n\n<p class=\"has-text-align-left\">For a cost-effective choice, choose the <a href=\"https:\/\/apgsolutions.com\/products\/cash-drawers\/standard-duty\/vasario\">Vasario cash drawer<\/a>. With various sizes to suit different service areas, it\u2019s designed to meet the needs of the hospitality industry.\u00a0<\/p>\n\n\n\n<p class=\"has-text-align-left\">Die Vasario-Geldschublade wurde auf eine Lebensdauer von mehr als einer Million Transaktionen getestet und bietet eine zuverl\u00e4ssige Leistung und Langlebigkeit, was sie zur idealen Wahl f\u00fcr die Abwicklung moderater Transaktionsvolumen macht.<\/p>\n\n\n\n<div style=\"height:1rem\" aria-hidden=\"true\" class=\"wp-block-spacer\"><\/div>\n<\/div>\n\n\n\n<div class=\"wp-block-column is-layout-flow wp-block-column-is-layout-flow\">\n<div style=\"height:1rem\" aria-hidden=\"true\" class=\"wp-block-spacer\"><\/div>\n\n\n<div class=\"wp-block-image\">\n<figure class=\"aligncenter size-full is-resized\"><img decoding=\"async\" src=\"https:\/\/apgsolutions.com\/wp-content\/uploads\/2024\/09\/Series-100.png\" alt=\"Kassenschublade Serie 100\" class=\"wp-image-86680\" style=\"width:186px\" \/><\/figure>\n<\/div>\n\n\n<h3 class=\"wp-block-heading has-text-align-center\" id=\"h-series-100-cash-drawer\">Serie 100<\/h3>\n\n\n\n<p class=\"has-text-align-left\">The <a href=\"https:\/\/apgsolutions.com\/products\/cash-drawers\/heavy-duty\/series-100\/\">Series 100<\/a> is an excellent choice for the hospitality industry, providing generous storage with a deep under-till compartment for coin rolls and packaged currency.\u00a0<\/p>\n\n\n\n<p class=\"has-text-align-left\">Sein kompaktes Design maximiert den Platz auf der Theke und eignet sich daher perfekt f\u00fcr Hotel-Lobbys, Restaurants und andere Einrichtungen im Gastgewerbe. Es wurde f\u00fcr die Verarbeitung von mehr als vier Millionen Transaktionen entwickelt und bietet herausragende Zuverl\u00e4ssigkeit und Leistung.<\/p>\n\n\n\n<div style=\"height:1rem\" aria-hidden=\"true\" class=\"wp-block-spacer\"><\/div>\n<\/div>\n<\/div>\n<\/div>\n","protected":false},"excerpt":{"rendered":"<p>Verbessern Sie Kundenerlebnis und Service Die Bewirtung von Millionen von Kunden in einer Branche, die stark reguliert ist, kann f\u00fcr das Management Stress bedeuten. Angesichts des starken Wettbewerbs wird das Gastst\u00e4ttengewerbe im Jahr 2024 weiter auf dem Vormarsch sein. Nach Angaben der National Restaurant Association wird die Gesamtbesch\u00e4ftigung in der Branche bis Ende 2024 voraussichtlich [&hellip;]<\/p>\n","protected":false},"author":4,"featured_media":0,"parent":0,"menu_order":0,"comment_status":"closed","ping_status":"closed","template":"","meta":{"_acf_changed":false,"content-type":"","footnotes":""},"class_list":["post-93422","page","type-page","status-publish"],"yoast_head":"<!-- This site is optimized with the Yoast SEO Premium plugin v23.5 (Yoast SEO v27.2) - https:\/\/yoast.com\/product\/yoast-seo-premium-wordpress\/ -->\n<title>POS-L\u00f6sungen f\u00fcr das Gastgewerbe - Kassenschubladen f\u00fcr das Gastgewerbe | apg\u00ae<\/title>\n<meta name=\"description\" content=\"POS-Systeme im Gastgewerbe sind von zentraler Bedeutung f\u00fcr den Front-End-Betrieb. Reibungslose und nahtlose Transaktionen sind die Voraussetzung f\u00fcr zufriedene G\u00e4ste.\" \/>\n<meta name=\"robots\" content=\"index, follow, max-snippet:-1, max-image-preview:large, max-video-preview:-1\" \/>\n<link rel=\"canonical\" href=\"https:\/\/apgsolutions.com\/de\/gastgewerbe\/\" \/>\n<meta property=\"og:locale\" content=\"de_DE\" \/>\n<meta property=\"og:type\" content=\"article\" \/>\n<meta property=\"og:title\" content=\"POS-L\u00f6sungen f\u00fcr das Gastgewerbe - Kassenschubladen f\u00fcr das Gastgewerbe | apg\u00ae\" \/>\n<meta property=\"og:description\" content=\"POS-Systeme im Gastgewerbe sind von zentraler Bedeutung f\u00fcr den Front-End-Betrieb. Reibungslose und nahtlose Transaktionen sind die Voraussetzung f\u00fcr zufriedene G\u00e4ste.\" \/>\n<meta property=\"og:url\" content=\"https:\/\/apgsolutions.com\/de\/gastgewerbe\/\" \/>\n<meta property=\"og:site_name\" content=\"apg\u00ae Solutions\" \/>\n<meta property=\"article:publisher\" content=\"https:\/\/www.facebook.com\/apgglobalsolutions\" \/>\n<meta property=\"article:modified_time\" content=\"2026-03-12T11:45:41+00:00\" \/>\n<meta property=\"og:image\" content=\"https:\/\/apgsolutions.com\/wp-content\/uploads\/2023\/07\/Money-Growth_Light-Blue.png\" \/>\n<meta name=\"twitter:card\" content=\"summary_large_image\" \/>\n<meta name=\"twitter:site\" content=\"@apg_solutions\" \/>\n<meta name=\"twitter:label1\" content=\"Gesch\u00e4tzte Lesezeit\" \/>\n\t<meta name=\"twitter:data1\" content=\"2\u00a0Minuten\" \/>\n<script type=\"application\/ld+json\" class=\"yoast-schema-graph\">{\"@context\":\"https:\/\/schema.org\",\"@graph\":[{\"@type\":\"WebPage\",\"@id\":\"https:\/\/apgsolutions.com\/de\/gastgewerbe\/\",\"url\":\"https:\/\/apgsolutions.com\/de\/gastgewerbe\/\",\"name\":\"POS-L\u00f6sungen f\u00fcr das Gastgewerbe - Kassenschubladen f\u00fcr das Gastgewerbe | apg\u00ae\",\"isPartOf\":{\"@id\":\"https:\/\/apgsolutions.com\/de\/#website\"},\"primaryImageOfPage\":{\"@id\":\"https:\/\/apgsolutions.com\/de\/gastgewerbe\/#primaryimage\"},\"image\":{\"@id\":\"https:\/\/apgsolutions.com\/de\/gastgewerbe\/#primaryimage\"},\"thumbnailUrl\":\"https:\/\/apgsolutions.com\/wp-content\/uploads\/2023\/07\/Money-Growth_Light-Blue.png\",\"datePublished\":\"2025-09-24T06:13:34+00:00\",\"dateModified\":\"2026-03-12T11:45:41+00:00\",\"description\":\"POS-Systeme im Gastgewerbe sind von zentraler Bedeutung f\u00fcr den Front-End-Betrieb. Reibungslose und nahtlose Transaktionen sind die Voraussetzung f\u00fcr zufriedene G\u00e4ste.\",\"inLanguage\":\"de\",\"potentialAction\":[{\"@type\":\"ReadAction\",\"target\":[\"https:\/\/apgsolutions.com\/de\/gastgewerbe\/\"]}]},{\"@type\":\"ImageObject\",\"inLanguage\":\"de\",\"@id\":\"https:\/\/apgsolutions.com\/de\/gastgewerbe\/#primaryimage\",\"url\":\"https:\/\/apgsolutions.com\/wp-content\/uploads\/2023\/07\/Money-Growth_Light-Blue.png\",\"contentUrl\":\"https:\/\/apgsolutions.com\/wp-content\/uploads\/2023\/07\/Money-Growth_Light-Blue.png\"},{\"@type\":\"WebSite\",\"@id\":\"https:\/\/apgsolutions.com\/de\/#website\",\"url\":\"https:\/\/apgsolutions.com\/de\/\",\"name\":\"APG Solutions, LLC\",\"description\":\"Trust at every point.\",\"publisher\":{\"@id\":\"https:\/\/apgsolutions.com\/de\/#organization\"},\"potentialAction\":[{\"@type\":\"SearchAction\",\"target\":{\"@type\":\"EntryPoint\",\"urlTemplate\":\"https:\/\/apgsolutions.com\/de\/?s={search_term_string}\"},\"query-input\":{\"@type\":\"PropertyValueSpecification\",\"valueRequired\":true,\"valueName\":\"search_term_string\"}}],\"inLanguage\":\"de\"},{\"@type\":\"Organization\",\"@id\":\"https:\/\/apgsolutions.com\/de\/#organization\",\"name\":\"APG Solution, LLC\",\"url\":\"https:\/\/apgsolutions.com\/de\/\",\"logo\":{\"@type\":\"ImageObject\",\"inLanguage\":\"de\",\"@id\":\"https:\/\/apgsolutions.com\/de\/#\/schema\/logo\/image\/\",\"url\":\"https:\/\/apgsolutions.com\/wp-content\/uploads\/2023\/12\/logomark-color.svg\",\"contentUrl\":\"https:\/\/apgsolutions.com\/wp-content\/uploads\/2023\/12\/logomark-color.svg\",\"width\":141,\"height\":138,\"caption\":\"APG Solution, LLC\"},\"image\":{\"@id\":\"https:\/\/apgsolutions.com\/de\/#\/schema\/logo\/image\/\"},\"sameAs\":[\"https:\/\/www.facebook.com\/apgglobalsolutions\",\"https:\/\/x.com\/apg_solutions\",\"https:\/\/www.youtube.com\/c\/CashManagementGlobalSolutionsbyapg\",\"https:\/\/www.linkedin.com\/company\/apgglobalsolutions\/\",\"https:\/\/www.instagram.com\/apgglobalsolutions\/\",\"https:\/\/www.pinterest.com\/apgcashdrawer\/\"]}]}<\/script>\n<!-- \/ Yoast SEO Premium plugin. -->","yoast_head_json":{"title":"POS-L\u00f6sungen f\u00fcr das Gastgewerbe - Kassenschubladen f\u00fcr das Gastgewerbe | apg\u00ae","description":"POS-Systeme im Gastgewerbe sind von zentraler Bedeutung f\u00fcr den Front-End-Betrieb. Reibungslose und nahtlose Transaktionen sind die Voraussetzung f\u00fcr zufriedene G\u00e4ste.","robots":{"index":"index","follow":"follow","max-snippet":"max-snippet:-1","max-image-preview":"max-image-preview:large","max-video-preview":"max-video-preview:-1"},"canonical":"https:\/\/apgsolutions.com\/de\/gastgewerbe\/","og_locale":"de_DE","og_type":"article","og_title":"POS-L\u00f6sungen f\u00fcr das Gastgewerbe - Kassenschubladen f\u00fcr das Gastgewerbe | apg\u00ae","og_description":"POS-Systeme im Gastgewerbe sind von zentraler Bedeutung f\u00fcr den Front-End-Betrieb. Reibungslose und nahtlose Transaktionen sind die Voraussetzung f\u00fcr zufriedene G\u00e4ste.","og_url":"https:\/\/apgsolutions.com\/de\/gastgewerbe\/","og_site_name":"apg\u00ae Solutions","article_publisher":"https:\/\/www.facebook.com\/apgglobalsolutions","article_modified_time":"2026-03-12T11:45:41+00:00","og_image":[{"url":"https:\/\/apgsolutions.com\/wp-content\/uploads\/2023\/07\/Money-Growth_Light-Blue.png","type":"","width":"","height":""}],"twitter_card":"summary_large_image","twitter_site":"@apg_solutions","twitter_misc":{"Gesch\u00e4tzte Lesezeit":"2\u00a0Minuten"},"schema":{"@context":"https:\/\/schema.org","@graph":[{"@type":"WebPage","@id":"https:\/\/apgsolutions.com\/de\/gastgewerbe\/","url":"https:\/\/apgsolutions.com\/de\/gastgewerbe\/","name":"POS-L\u00f6sungen f\u00fcr das Gastgewerbe - Kassenschubladen f\u00fcr das Gastgewerbe | apg\u00ae","isPartOf":{"@id":"https:\/\/apgsolutions.com\/de\/#website"},"primaryImageOfPage":{"@id":"https:\/\/apgsolutions.com\/de\/gastgewerbe\/#primaryimage"},"image":{"@id":"https:\/\/apgsolutions.com\/de\/gastgewerbe\/#primaryimage"},"thumbnailUrl":"https:\/\/apgsolutions.com\/wp-content\/uploads\/2023\/07\/Money-Growth_Light-Blue.png","datePublished":"2025-09-24T06:13:34+00:00","dateModified":"2026-03-12T11:45:41+00:00","description":"POS-Systeme im Gastgewerbe sind von zentraler Bedeutung f\u00fcr den Front-End-Betrieb. Reibungslose und nahtlose Transaktionen sind die Voraussetzung f\u00fcr zufriedene G\u00e4ste.","inLanguage":"de","potentialAction":[{"@type":"ReadAction","target":["https:\/\/apgsolutions.com\/de\/gastgewerbe\/"]}]},{"@type":"ImageObject","inLanguage":"de","@id":"https:\/\/apgsolutions.com\/de\/gastgewerbe\/#primaryimage","url":"https:\/\/apgsolutions.com\/wp-content\/uploads\/2023\/07\/Money-Growth_Light-Blue.png","contentUrl":"https:\/\/apgsolutions.com\/wp-content\/uploads\/2023\/07\/Money-Growth_Light-Blue.png"},{"@type":"WebSite","@id":"https:\/\/apgsolutions.com\/de\/#website","url":"https:\/\/apgsolutions.com\/de\/","name":"APG Solutions, LLC","description":"Trust at every point.","publisher":{"@id":"https:\/\/apgsolutions.com\/de\/#organization"},"potentialAction":[{"@type":"SearchAction","target":{"@type":"EntryPoint","urlTemplate":"https:\/\/apgsolutions.com\/de\/?s={search_term_string}"},"query-input":{"@type":"PropertyValueSpecification","valueRequired":true,"valueName":"search_term_string"}}],"inLanguage":"de"},{"@type":"Organization","@id":"https:\/\/apgsolutions.com\/de\/#organization","name":"APG Solution, LLC","url":"https:\/\/apgsolutions.com\/de\/","logo":{"@type":"ImageObject","inLanguage":"de","@id":"https:\/\/apgsolutions.com\/de\/#\/schema\/logo\/image\/","url":"https:\/\/apgsolutions.com\/wp-content\/uploads\/2023\/12\/logomark-color.svg","contentUrl":"https:\/\/apgsolutions.com\/wp-content\/uploads\/2023\/12\/logomark-color.svg","width":141,"height":138,"caption":"APG Solution, LLC"},"image":{"@id":"https:\/\/apgsolutions.com\/de\/#\/schema\/logo\/image\/"},"sameAs":["https:\/\/www.facebook.com\/apgglobalsolutions","https:\/\/x.com\/apg_solutions","https:\/\/www.youtube.com\/c\/CashManagementGlobalSolutionsbyapg","https:\/\/www.linkedin.com\/company\/apgglobalsolutions\/","https:\/\/www.instagram.com\/apgglobalsolutions\/","https:\/\/www.pinterest.com\/apgcashdrawer\/"]}]}},"acf":[],"_links":{"self":[{"href":"https:\/\/apgsolutions.com\/de\/wp-json\/wp\/v2\/pages\/93422","targetHints":{"allow":["GET"]}}],"collection":[{"href":"https:\/\/apgsolutions.com\/de\/wp-json\/wp\/v2\/pages"}],"about":[{"href":"https:\/\/apgsolutions.com\/de\/wp-json\/wp\/v2\/types\/page"}],"author":[{"embeddable":true,"href":"https:\/\/apgsolutions.com\/de\/wp-json\/wp\/v2\/users\/4"}],"replies":[{"embeddable":true,"href":"https:\/\/apgsolutions.com\/de\/wp-json\/wp\/v2\/comments?post=93422"}],"version-history":[{"count":4,"href":"https:\/\/apgsolutions.com\/de\/wp-json\/wp\/v2\/pages\/93422\/revisions"}],"predecessor-version":[{"id":105359,"href":"https:\/\/apgsolutions.com\/de\/wp-json\/wp\/v2\/pages\/93422\/revisions\/105359"}],"wp:attachment":[{"href":"https:\/\/apgsolutions.com\/de\/wp-json\/wp\/v2\/media?parent=93422"}],"curies":[{"name":"wp","href":"https:\/\/api.w.org\/{rel}","templated":true}]}}