{"id":93491,"date":"2025-09-26T05:18:29","date_gmt":"2025-09-26T05:18:29","guid":{"rendered":"https:\/\/apgsolutions.com\/lebensmittelgeschaeft\/"},"modified":"2026-01-22T14:41:46","modified_gmt":"2026-01-22T14:41:46","slug":"lebensmittelgeschaeft","status":"publish","type":"page","link":"https:\/\/apgsolutions.com\/de\/lebensmittelgeschaeft\/","title":{"rendered":"POS-L\u00f6sungen &amp; Kassenautomaten f\u00fcr Lebensmittell\u00e4den"},"content":{"rendered":"<div class=\"section_page-header \">\n    <img decoding=\"async\" class=\"header-image\" src=\"https:\/\/apgsolutions.com\/wp-content\/uploads\/2023\/09\/Grocery-Business-type-3.jpg\" alt=\"Grocery\" title=\"Grocery\">\n            <div class=\"header-content\">\n            <h1>POS Solutions &amp; Cash Drawers for Grocery Stores<\/h1>\n        <\/div>\n    <\/div>\n<div class=\"wp-block-group pos-content-div is-vertical is-content-justification-center is-layout-flex wp-container-core-group-is-layout-4b2eccd6 wp-block-group-is-layout-flex\">\n<div style=\"height:0px\" aria-hidden=\"true\" class=\"wp-block-spacer wp-container-content-b83b6736\"><\/div>\n\n\n\n<div class=\"wp-block-group is-vertical is-content-justification-center is-nowrap is-layout-flex wp-container-core-group-is-layout-e862386f wp-block-group-is-layout-flex\">\n<p class=\"has-text-align-center has-large-font-size\"><strong>Verbessern Sie Betrieb und Produktivit\u00e4t<\/strong><\/p>\n\n\n\n<div style=\"height:0px\" aria-hidden=\"true\" class=\"wp-block-spacer wp-container-content-5082a153\"><\/div>\n\n\n\n<p class=\"has-text-align-center\">Grocery stores provide a wide range of shopping options, from food to home goods. In today\u2019s fast-changing market, businesses need to adopt new POS technology to serve customers efficiently and stay profitable. Typically, grocery stores have 20-30 checkout lanes, adjusting to their size and customer traffic. According to Statista, in 2023, U.S. supermarkets and grocery store sales reached an impressive $846 billion.   <\/p>\n\n\n\n<p class=\"has-text-align-center\"><\/p>\n\n\n\n<p class=\"has-text-align-center\">Da viele Transaktionen in bar abgewickelt werden, sind zuverl\u00e4ssige POS-Systeme f\u00fcr einen reibungslosen Betrieb und einen unterbrechungsfreien Service entscheidend. Der Einsatz von <a href=\"https:\/\/apgsolutions.com\/de\/produkte\/smarttill-solution-suite\/\">Bargeldmanagement-L\u00f6sungen<\/a> hilft, Fehler und Verluste zu reduzieren, so dass sich die Mitarbeiter auf einen hervorragenden Kundenservice konzentrieren k\u00f6nnen. APG\u00ae bietet <a href=\"https:\/\/apgsolutions.com\/de\/produkte\/\">POS-L\u00f6sungen<\/a> an, die die Kassenterminals im Lebensmittelhandel verbessern und sch\u00fctzen. Sie gew\u00e4hrleisten Zuverl\u00e4ssigkeit und Sicherheit und helfen den Lebensmittelh\u00e4ndlern, die Bed\u00fcrfnisse ihrer Kunden effektiv zu erf\u00fcllen.  <\/p>\n<\/div>\n\n\n\n<div style=\"height:0px\" aria-hidden=\"true\" class=\"wp-block-spacer wp-container-content-b83b6736\"><\/div>\n\n\n\n<div class=\"wp-block-group is-vertical is-layout-flex wp-container-core-group-is-layout-8cf370e7 wp-block-group-is-layout-flex\">\n<p style=\"font-size:30px\"><strong>Fakten + Statistik<\/strong><\/p>\n\n\n\n<div style=\"height:0px\" aria-hidden=\"true\" class=\"wp-block-spacer wp-container-content-5082a153\"><\/div>\n<\/div>\n\n\n\n<div class=\"wp-block-columns is-layout-flex wp-container-core-columns-is-layout-9d6595d7 wp-block-columns-is-layout-flex\">\n<div class=\"wp-block-column pos-card-box has-background is-layout-flow wp-block-column-is-layout-flow\" style=\"background-color:#fcfaf7;flex-basis:360px\">\n<div style=\"height:1rem\" aria-hidden=\"true\" class=\"wp-block-spacer\"><\/div>\n\n\n<div class=\"wp-block-image\">\n<figure class=\"aligncenter size-full\"><img decoding=\"async\" width=\"80\" height=\"80\" src=\"https:\/\/apgsolutions.com\/wp-content\/uploads\/2023\/07\/Money-Growth_Light-Blue.png\" alt=\"Symbol f&#xFC;r die Haupteinnahmequelle\" class=\"wp-image-68978\" style=\"object-fit:cover\"\/><\/figure>\n<\/div>\n\n\n<h3 class=\"wp-block-heading has-text-align-center\" id=\"h-growth\">Wachstum<\/h3>\n\n\n\n<p class=\"has-text-align-center\">Im Jahr 2022 lag der durchschnittliche Wochenumsatz pro Supermarkt bei $595.987 | NRF<\/p>\n\n\n\n<div style=\"height:1rem\" aria-hidden=\"true\" class=\"wp-block-spacer\"><\/div>\n<\/div>\n\n\n\n<div class=\"wp-block-column pos-card-box has-background is-layout-flow wp-block-column-is-layout-flow\" style=\"background-color:#fcfaf7;flex-basis:360px\">\n<div style=\"height:1rem\" aria-hidden=\"true\" class=\"wp-block-spacer\"><\/div>\n\n\n<div class=\"wp-block-image\">\n<figure class=\"aligncenter size-full\"><img decoding=\"async\" width=\"80\" height=\"80\" src=\"https:\/\/apgsolutions.com\/wp-content\/uploads\/2023\/07\/Partners-5.png\" alt=\"Partner-Symbol\" class=\"wp-image-69397\" style=\"object-fit:cover\"\/><\/figure>\n<\/div>\n\n\n<h3 class=\"wp-block-heading has-text-align-center\" id=\"h-opportunity\">Gelegenheit<\/h3>\n\n\n\n<p class=\"has-text-align-center\">Im Jahr 2023 gibt es 2,8 Millionen Besch\u00e4ftigte in Superm\u00e4rkten\/Lebensmittelgesch\u00e4ften in den USA. | IBIS World<\/p>\n\n\n\n<div style=\"height:1rem\" aria-hidden=\"true\" class=\"wp-block-spacer\"><\/div>\n<\/div>\n\n\n\n<div class=\"wp-block-column pos-card-box has-background is-layout-flow wp-block-column-is-layout-flow\" style=\"background-color:#fcfaf7;flex-basis:360px\">\n<div style=\"height:1rem\" aria-hidden=\"true\" class=\"wp-block-spacer\"><\/div>\n\n\n<div class=\"wp-block-image\">\n<figure class=\"aligncenter size-full\"><img decoding=\"async\" width=\"80\" height=\"80\" src=\"https:\/\/apgsolutions.com\/wp-content\/uploads\/2023\/07\/Finance-3.png\" alt=\"Finanz-Symbol\" class=\"wp-image-69255\" style=\"object-fit:cover\"\/><\/figure>\n<\/div>\n\n\n<h3 class=\"wp-block-heading has-text-align-center\" id=\"h-revenue\">Einnahmen<\/h3>\n\n\n\n<p class=\"has-text-align-center\">Im Jahr 2023 betrug der Umsatz von Lebensmittelgesch\u00e4ften 846 Milliarden Dollar | Statista<\/p>\n\n\n\n<div style=\"height:16px\" aria-hidden=\"true\" class=\"wp-block-spacer\"><\/div>\n<\/div>\n<\/div>\n\n\n\n<div style=\"height:0px\" aria-hidden=\"true\" class=\"wp-block-spacer wp-container-content-b83b6736\"><\/div>\n\n\n\n<div class=\"wp-block-group is-vertical is-layout-flex wp-container-core-group-is-layout-8cf370e7 wp-block-group-is-layout-flex\">\n<p style=\"font-size:30px\"><strong>Unsere empfohlenen Schubladen f\u00fcr Lebensmittel<\/strong><\/p>\n\n\n\n<div style=\"height:0px\" aria-hidden=\"true\" class=\"wp-block-spacer wp-container-content-2cb1e7d4\"><\/div>\n<\/div>\n\n\n\n<div class=\"wp-block-columns is-layout-flex wp-container-core-columns-is-layout-9d6595d7 wp-block-columns-is-layout-flex\">\n<div class=\"wp-block-column is-layout-flow wp-block-column-is-layout-flow\">\n<div style=\"height:1rem\" aria-hidden=\"true\" class=\"wp-block-spacer\"><\/div>\n\n\n<div class=\"wp-block-image\">\n<figure class=\"aligncenter size-full is-resized\"><img loading=\"lazy\" decoding=\"async\" width=\"684\" height=\"365\" src=\"https:\/\/apgsolutions.com\/wp-content\/uploads\/2024\/07\/APG-Flptp-Clsd-R-SST-removebg-preview.png\" alt=\"Kassenschublade Serie Vasario\" class=\"wp-image-85851\" style=\"width:240px\" srcset=\"https:\/\/apgsolutions.com\/wp-content\/uploads\/2024\/07\/APG-Flptp-Clsd-R-SST-removebg-preview.png 684w, https:\/\/apgsolutions.com\/wp-content\/uploads\/2024\/07\/APG-Flptp-Clsd-R-SST-removebg-preview-300x160.png 300w, https:\/\/apgsolutions.com\/wp-content\/uploads\/2024\/07\/APG-Flptp-Clsd-R-SST-removebg-preview-550x293.png 550w, https:\/\/apgsolutions.com\/wp-content\/uploads\/2024\/07\/APG-Flptp-Clsd-R-SST-removebg-preview-80x43.png 80w, https:\/\/apgsolutions.com\/wp-content\/uploads\/2024\/07\/APG-Flptp-Clsd-R-SST-removebg-preview-600x320.png 600w, https:\/\/apgsolutions.com\/wp-content\/uploads\/2024\/07\/elementor\/thumbs\/APG-Flptp-Clsd-R-SST-removebg-preview-qrvtp81bzpa34q0d49l29xmhmdmbi958srf90o8m6m.png 230w, https:\/\/apgsolutions.com\/wp-content\/uploads\/2024\/07\/elementor\/thumbs\/APG-Flptp-Clsd-R-SST-removebg-preview-qrvtp81c435p9oyiucqk26ptpf49t4v999lvj5yl8g.png 240w, https:\/\/apgsolutions.com\/wp-content\/uploads\/2024\/07\/elementor\/thumbs\/APG-Flptp-Clsd-R-SST-removebg-preview-qrvtp81c0kusycmjx4ffqwvuu1qgurrqgq7eaubglq.png 232w\" sizes=\"(max-width: 684px) 100vw, 684px\" \/><\/figure>\n<\/div>\n\n\n<h3 class=\"wp-block-heading has-text-align-center\" id=\"h-vasario-series-cash-drawer\">Kassenschublade Serie Vasario<\/h3>\n\n\n\n<p class=\"has-text-align-left\">Vereinfachen Sie die Kassenabwicklung f\u00fcr neue und erfahrene Mitarbeiter mit der <a href=\"https:\/\/apgsolutions.com\/de\/cash-drawer\/flip-top-cash-drawer-mf437a-bg460\/\">Kassenschublade E3600<\/a>. Sie wurde f\u00fcr ein hohes Kassenaufkommen in Lebensmittelgesch\u00e4ften entwickelt und gew\u00e4hrleistet schnelle und effiziente Transaktionen in Sto\u00dfzeiten. <\/p>\n\n\n\n<p class=\"has-text-align-left\">Das E3600 wurde f\u00fcr mehr als vier Millionen Transaktionen getestet und liefert jedes Mal zuverl\u00e4ssige Leistung.<\/p>\n\n\n\n<div style=\"height:1rem\" aria-hidden=\"true\" class=\"wp-block-spacer\"><\/div>\n<\/div>\n\n\n\n<div class=\"wp-block-column is-layout-flow wp-block-column-is-layout-flow\">\n<div style=\"height:1rem\" aria-hidden=\"true\" class=\"wp-block-spacer\"><\/div>\n\n\n<div class=\"wp-block-image\">\n<figure class=\"aligncenter size-full is-resized\"><img loading=\"lazy\" decoding=\"async\" width=\"1600\" height=\"1200\" src=\"https:\/\/apgsolutions.com\/wp-content\/uploads\/2023\/06\/Series-4000-JB520-BL1816-Closed-Right.png\" alt=\"Serie 4000\" class=\"wp-image-83857\" style=\"width:186px\" srcset=\"https:\/\/apgsolutions.com\/wp-content\/uploads\/2023\/06\/Series-4000-JB520-BL1816-Closed-Right.png 1600w, https:\/\/apgsolutions.com\/wp-content\/uploads\/2023\/06\/Series-4000-JB520-BL1816-Closed-Right-300x225.png 300w, https:\/\/apgsolutions.com\/wp-content\/uploads\/2023\/06\/Series-4000-JB520-BL1816-Closed-Right-1024x768.png 1024w, https:\/\/apgsolutions.com\/wp-content\/uploads\/2023\/06\/Series-4000-JB520-BL1816-Closed-Right-768x576.png 768w, https:\/\/apgsolutions.com\/wp-content\/uploads\/2023\/06\/Series-4000-JB520-BL1816-Closed-Right-1536x1152.png 1536w, https:\/\/apgsolutions.com\/wp-content\/uploads\/2023\/06\/Series-4000-JB520-BL1816-Closed-Right-550x413.png 550w, https:\/\/apgsolutions.com\/wp-content\/uploads\/2023\/06\/Series-4000-JB520-BL1816-Closed-Right-80x60.png 80w, https:\/\/apgsolutions.com\/wp-content\/uploads\/2023\/06\/Series-4000-JB520-BL1816-Closed-Right-600x450.png 600w\" sizes=\"(max-width: 1600px) 100vw, 1600px\" \/><\/figure>\n<\/div>\n\n\n<h3 class=\"wp-block-heading has-text-align-center\" id=\"h-series-4000-cash-drawer\">Serie 4000<\/h3>\n\n\n\n<p class=\"has-text-align-left\">Die <a href=\"https:\/\/apgsolutions.com\/products\/cash-drawers\/heavy-duty\/series-4000\/\">Serie 4000<\/a> wurde f\u00fcr die schnelllebigen Anforderungen von Lebensmittelgesch\u00e4ften entwickelt und bietet flexiblen Stauraum in verschiedenen Gr\u00f6\u00dfen und Farben, um Ihren Anforderungen an die Kasse gerecht zu werden.<\/p>\n\n\n\n<p class=\"has-text-align-left\">Die Serie 4000 ist f\u00fcr eine Lebensdauer von mehr als vier Millionen Transaktionen ausgelegt und gew\u00e4hrleistet eine zuverl\u00e4ssige Leistung und eine lange Lebensdauer, was sie zu einer zuverl\u00e4ssigen Wahl f\u00fcr Lebensmittelgesch\u00e4fte macht.<\/p>\n\n\n\n<div style=\"height:1rem\" aria-hidden=\"true\" class=\"wp-block-spacer\"><\/div>\n<\/div>\n<\/div>\n<\/div>\n","protected":false},"excerpt":{"rendered":"<p>Verbessern Sie Betrieb und Produktivit\u00e4t Grocery stores provide a wide range of shopping options, from food to home goods. In today\u2019s fast-changing market, businesses need to adopt new POS technology to serve customers efficiently and stay profitable. Typically, grocery stores have 20-30 checkout lanes, adjusting to their size and customer traffic. According to Statista, in [&hellip;]<\/p>\n","protected":false},"author":4,"featured_media":0,"parent":0,"menu_order":0,"comment_status":"closed","ping_status":"closed","template":"","meta":{"_acf_changed":false,"content-type":"","footnotes":""},"class_list":["post-93491","page","type-page","status-publish"],"yoast_head":"<!-- This site is optimized with the Yoast SEO Premium plugin v23.5 (Yoast SEO v27.2) - https:\/\/yoast.com\/product\/yoast-seo-premium-wordpress\/ -->\n<title>POS-L\u00f6sungen f\u00fcr den Lebensmitteleinzelhandel - Kassenautomaten f\u00fcr den Lebensmitteleinzelhandel | apg\u00ae<\/title>\n<meta name=\"description\" content=\"APG bietet POS-L\u00f6sungen f\u00fcr Lebensmittelgesch\u00e4fte an, um die Kassenterminals der Lebensmittelh\u00e4ndler zu verbessern und zu sichern und so die Gesamtproduktivit\u00e4t zu steigern.\" \/>\n<meta name=\"robots\" content=\"index, follow, max-snippet:-1, max-image-preview:large, max-video-preview:-1\" \/>\n<link rel=\"canonical\" href=\"https:\/\/apgsolutions.com\/de\/lebensmittelgeschaeft\/\" \/>\n<meta property=\"og:locale\" content=\"de_DE\" \/>\n<meta property=\"og:type\" content=\"article\" \/>\n<meta property=\"og:title\" content=\"POS-L\u00f6sungen f\u00fcr den Lebensmitteleinzelhandel - Kassenautomaten f\u00fcr den Lebensmitteleinzelhandel | apg\u00ae\" \/>\n<meta property=\"og:description\" content=\"APG bietet POS-L\u00f6sungen f\u00fcr Lebensmittelgesch\u00e4fte an, um die Kassenterminals der Lebensmittelh\u00e4ndler zu verbessern und zu sichern und so die Gesamtproduktivit\u00e4t zu steigern.\" \/>\n<meta property=\"og:url\" content=\"https:\/\/apgsolutions.com\/de\/lebensmittelgeschaeft\/\" \/>\n<meta property=\"og:site_name\" content=\"apg\u00ae Solutions\" \/>\n<meta property=\"article:publisher\" content=\"https:\/\/www.facebook.com\/apgglobalsolutions\" \/>\n<meta property=\"article:modified_time\" content=\"2026-01-22T14:41:46+00:00\" \/>\n<meta property=\"og:image\" content=\"https:\/\/apgsolutions.com\/wp-content\/uploads\/2023\/07\/Money-Growth_Light-Blue.png\" \/>\n<meta name=\"twitter:card\" content=\"summary_large_image\" \/>\n<meta name=\"twitter:site\" content=\"@apg_solutions\" \/>\n<meta name=\"twitter:label1\" content=\"Gesch\u00e4tzte Lesezeit\" \/>\n\t<meta name=\"twitter:data1\" content=\"2\u00a0Minuten\" \/>\n<script type=\"application\/ld+json\" class=\"yoast-schema-graph\">{\"@context\":\"https:\/\/schema.org\",\"@graph\":[{\"@type\":\"WebPage\",\"@id\":\"https:\/\/apgsolutions.com\/de\/lebensmittelgeschaeft\/\",\"url\":\"https:\/\/apgsolutions.com\/de\/lebensmittelgeschaeft\/\",\"name\":\"POS-L\u00f6sungen f\u00fcr den Lebensmitteleinzelhandel - Kassenautomaten f\u00fcr den Lebensmitteleinzelhandel | apg\u00ae\",\"isPartOf\":{\"@id\":\"https:\/\/apgsolutions.com\/de\/#website\"},\"primaryImageOfPage\":{\"@id\":\"https:\/\/apgsolutions.com\/de\/lebensmittelgeschaeft\/#primaryimage\"},\"image\":{\"@id\":\"https:\/\/apgsolutions.com\/de\/lebensmittelgeschaeft\/#primaryimage\"},\"thumbnailUrl\":\"https:\/\/apgsolutions.com\/wp-content\/uploads\/2023\/07\/Money-Growth_Light-Blue.png\",\"datePublished\":\"2025-09-26T05:18:29+00:00\",\"dateModified\":\"2026-01-22T14:41:46+00:00\",\"description\":\"APG bietet POS-L\u00f6sungen f\u00fcr Lebensmittelgesch\u00e4fte an, um die Kassenterminals der Lebensmittelh\u00e4ndler zu verbessern und zu sichern und so die Gesamtproduktivit\u00e4t zu steigern.\",\"inLanguage\":\"de\",\"potentialAction\":[{\"@type\":\"ReadAction\",\"target\":[\"https:\/\/apgsolutions.com\/de\/lebensmittelgeschaeft\/\"]}]},{\"@type\":\"ImageObject\",\"inLanguage\":\"de\",\"@id\":\"https:\/\/apgsolutions.com\/de\/lebensmittelgeschaeft\/#primaryimage\",\"url\":\"https:\/\/apgsolutions.com\/wp-content\/uploads\/2023\/07\/Money-Growth_Light-Blue.png\",\"contentUrl\":\"https:\/\/apgsolutions.com\/wp-content\/uploads\/2023\/07\/Money-Growth_Light-Blue.png\"},{\"@type\":\"WebSite\",\"@id\":\"https:\/\/apgsolutions.com\/de\/#website\",\"url\":\"https:\/\/apgsolutions.com\/de\/\",\"name\":\"APG Solutions, LLC\",\"description\":\"Trust at every point.\",\"publisher\":{\"@id\":\"https:\/\/apgsolutions.com\/de\/#organization\"},\"potentialAction\":[{\"@type\":\"SearchAction\",\"target\":{\"@type\":\"EntryPoint\",\"urlTemplate\":\"https:\/\/apgsolutions.com\/de\/?s={search_term_string}\"},\"query-input\":{\"@type\":\"PropertyValueSpecification\",\"valueRequired\":true,\"valueName\":\"search_term_string\"}}],\"inLanguage\":\"de\"},{\"@type\":\"Organization\",\"@id\":\"https:\/\/apgsolutions.com\/de\/#organization\",\"name\":\"APG Solution, LLC\",\"url\":\"https:\/\/apgsolutions.com\/de\/\",\"logo\":{\"@type\":\"ImageObject\",\"inLanguage\":\"de\",\"@id\":\"https:\/\/apgsolutions.com\/de\/#\/schema\/logo\/image\/\",\"url\":\"https:\/\/apgsolutions.com\/wp-content\/uploads\/2023\/12\/logomark-color.svg\",\"contentUrl\":\"https:\/\/apgsolutions.com\/wp-content\/uploads\/2023\/12\/logomark-color.svg\",\"width\":141,\"height\":138,\"caption\":\"APG Solution, LLC\"},\"image\":{\"@id\":\"https:\/\/apgsolutions.com\/de\/#\/schema\/logo\/image\/\"},\"sameAs\":[\"https:\/\/www.facebook.com\/apgglobalsolutions\",\"https:\/\/x.com\/apg_solutions\",\"https:\/\/www.youtube.com\/c\/CashManagementGlobalSolutionsbyapg\",\"https:\/\/www.linkedin.com\/company\/apgglobalsolutions\/\",\"https:\/\/www.instagram.com\/apgglobalsolutions\/\",\"https:\/\/www.pinterest.com\/apgcashdrawer\/\"]}]}<\/script>\n<!-- \/ Yoast SEO Premium plugin. -->","yoast_head_json":{"title":"POS-L\u00f6sungen f\u00fcr den Lebensmitteleinzelhandel - Kassenautomaten f\u00fcr den Lebensmitteleinzelhandel | apg\u00ae","description":"APG bietet POS-L\u00f6sungen f\u00fcr Lebensmittelgesch\u00e4fte an, um die Kassenterminals der Lebensmittelh\u00e4ndler zu verbessern und zu sichern und so die Gesamtproduktivit\u00e4t zu steigern.","robots":{"index":"index","follow":"follow","max-snippet":"max-snippet:-1","max-image-preview":"max-image-preview:large","max-video-preview":"max-video-preview:-1"},"canonical":"https:\/\/apgsolutions.com\/de\/lebensmittelgeschaeft\/","og_locale":"de_DE","og_type":"article","og_title":"POS-L\u00f6sungen f\u00fcr den Lebensmitteleinzelhandel - Kassenautomaten f\u00fcr den Lebensmitteleinzelhandel | apg\u00ae","og_description":"APG bietet POS-L\u00f6sungen f\u00fcr Lebensmittelgesch\u00e4fte an, um die Kassenterminals der Lebensmittelh\u00e4ndler zu verbessern und zu sichern und so die Gesamtproduktivit\u00e4t zu steigern.","og_url":"https:\/\/apgsolutions.com\/de\/lebensmittelgeschaeft\/","og_site_name":"apg\u00ae Solutions","article_publisher":"https:\/\/www.facebook.com\/apgglobalsolutions","article_modified_time":"2026-01-22T14:41:46+00:00","og_image":[{"url":"https:\/\/apgsolutions.com\/wp-content\/uploads\/2023\/07\/Money-Growth_Light-Blue.png","type":"","width":"","height":""}],"twitter_card":"summary_large_image","twitter_site":"@apg_solutions","twitter_misc":{"Gesch\u00e4tzte Lesezeit":"2\u00a0Minuten"},"schema":{"@context":"https:\/\/schema.org","@graph":[{"@type":"WebPage","@id":"https:\/\/apgsolutions.com\/de\/lebensmittelgeschaeft\/","url":"https:\/\/apgsolutions.com\/de\/lebensmittelgeschaeft\/","name":"POS-L\u00f6sungen f\u00fcr den Lebensmitteleinzelhandel - Kassenautomaten f\u00fcr den Lebensmitteleinzelhandel | apg\u00ae","isPartOf":{"@id":"https:\/\/apgsolutions.com\/de\/#website"},"primaryImageOfPage":{"@id":"https:\/\/apgsolutions.com\/de\/lebensmittelgeschaeft\/#primaryimage"},"image":{"@id":"https:\/\/apgsolutions.com\/de\/lebensmittelgeschaeft\/#primaryimage"},"thumbnailUrl":"https:\/\/apgsolutions.com\/wp-content\/uploads\/2023\/07\/Money-Growth_Light-Blue.png","datePublished":"2025-09-26T05:18:29+00:00","dateModified":"2026-01-22T14:41:46+00:00","description":"APG bietet POS-L\u00f6sungen f\u00fcr Lebensmittelgesch\u00e4fte an, um die Kassenterminals der Lebensmittelh\u00e4ndler zu verbessern und zu sichern und so die Gesamtproduktivit\u00e4t zu steigern.","inLanguage":"de","potentialAction":[{"@type":"ReadAction","target":["https:\/\/apgsolutions.com\/de\/lebensmittelgeschaeft\/"]}]},{"@type":"ImageObject","inLanguage":"de","@id":"https:\/\/apgsolutions.com\/de\/lebensmittelgeschaeft\/#primaryimage","url":"https:\/\/apgsolutions.com\/wp-content\/uploads\/2023\/07\/Money-Growth_Light-Blue.png","contentUrl":"https:\/\/apgsolutions.com\/wp-content\/uploads\/2023\/07\/Money-Growth_Light-Blue.png"},{"@type":"WebSite","@id":"https:\/\/apgsolutions.com\/de\/#website","url":"https:\/\/apgsolutions.com\/de\/","name":"APG Solutions, LLC","description":"Trust at every point.","publisher":{"@id":"https:\/\/apgsolutions.com\/de\/#organization"},"potentialAction":[{"@type":"SearchAction","target":{"@type":"EntryPoint","urlTemplate":"https:\/\/apgsolutions.com\/de\/?s={search_term_string}"},"query-input":{"@type":"PropertyValueSpecification","valueRequired":true,"valueName":"search_term_string"}}],"inLanguage":"de"},{"@type":"Organization","@id":"https:\/\/apgsolutions.com\/de\/#organization","name":"APG Solution, LLC","url":"https:\/\/apgsolutions.com\/de\/","logo":{"@type":"ImageObject","inLanguage":"de","@id":"https:\/\/apgsolutions.com\/de\/#\/schema\/logo\/image\/","url":"https:\/\/apgsolutions.com\/wp-content\/uploads\/2023\/12\/logomark-color.svg","contentUrl":"https:\/\/apgsolutions.com\/wp-content\/uploads\/2023\/12\/logomark-color.svg","width":141,"height":138,"caption":"APG Solution, LLC"},"image":{"@id":"https:\/\/apgsolutions.com\/de\/#\/schema\/logo\/image\/"},"sameAs":["https:\/\/www.facebook.com\/apgglobalsolutions","https:\/\/x.com\/apg_solutions","https:\/\/www.youtube.com\/c\/CashManagementGlobalSolutionsbyapg","https:\/\/www.linkedin.com\/company\/apgglobalsolutions\/","https:\/\/www.instagram.com\/apgglobalsolutions\/","https:\/\/www.pinterest.com\/apgcashdrawer\/"]}]}},"acf":[],"_links":{"self":[{"href":"https:\/\/apgsolutions.com\/de\/wp-json\/wp\/v2\/pages\/93491","targetHints":{"allow":["GET"]}}],"collection":[{"href":"https:\/\/apgsolutions.com\/de\/wp-json\/wp\/v2\/pages"}],"about":[{"href":"https:\/\/apgsolutions.com\/de\/wp-json\/wp\/v2\/types\/page"}],"author":[{"embeddable":true,"href":"https:\/\/apgsolutions.com\/de\/wp-json\/wp\/v2\/users\/4"}],"replies":[{"embeddable":true,"href":"https:\/\/apgsolutions.com\/de\/wp-json\/wp\/v2\/comments?post=93491"}],"version-history":[{"count":3,"href":"https:\/\/apgsolutions.com\/de\/wp-json\/wp\/v2\/pages\/93491\/revisions"}],"predecessor-version":[{"id":98345,"href":"https:\/\/apgsolutions.com\/de\/wp-json\/wp\/v2\/pages\/93491\/revisions\/98345"}],"wp:attachment":[{"href":"https:\/\/apgsolutions.com\/de\/wp-json\/wp\/v2\/media?parent=93491"}],"curies":[{"name":"wp","href":"https:\/\/api.w.org\/{rel}","templated":true}]}}