{"id":93499,"date":"2025-09-26T06:12:39","date_gmt":"2025-09-26T06:12:39","guid":{"rendered":"https:\/\/apgsolutions.com\/modern-slavery-act\/"},"modified":"2026-01-27T16:22:49","modified_gmt":"2026-01-27T16:22:49","slug":"modern-slavery-act","status":"publish","type":"page","link":"https:\/\/apgsolutions.com\/de\/modern-slavery-act\/","title":{"rendered":"Gesetz zur modernen Sklaverei"},"content":{"rendered":"<div class=\"section_page-header \">\n    <img decoding=\"async\" class=\"header-image\" src=\"https:\/\/apgsolutions.com\/wp-content\/uploads\/2023\/04\/dark-blue-rotated.jpg\" alt=\"dark-blue\" title=\"dark-blue\">\n            <div class=\"header-content\">\n            <h1>Modern Slavery Act<\/h1>\n        <\/div>\n    <\/div>\n<p><strong>Diese Erkl\u00e4rung wird im Namen der APG Cash Drawer Ltd (APG) gem\u00e4\u00df Abschnitt 54(1) des Modern Slavery Act 2015 (das &#8222;Gesetz&#8220;) abgegeben und stellt die Erkl\u00e4rung unserer Gruppe zur Sklaverei und zum Menschenhandel f\u00fcr das Jahr bis zum 31. Dezember 2021 dar.<\/strong><\/p>\n\n<p><strong>UNSER GESCH\u00c4FT UND UNSERE STRUKTUR<\/strong><\/p>\n\n<p>APG kauft und fertigt Kassenschubladen f\u00fcr Distributoren und Wiederverk\u00e4ufer weltweit. Wir haben unseren Hauptsitz in Minneapolis, Minnesota, USA, und verf\u00fcgen \u00fcber Niederlassungen und Filialen in Gro\u00dfbritannien, Frankreich, Belgien, Spanien und Deutschland. <\/p>\n\n<p><strong>UNSERE LIEFERKETTEN<\/strong><\/p>\n\n<p>Zu unseren Lieferketten geh\u00f6ren Kassenschubladen, Bleche, Befestigungen, elektronische Komponenten, Leiterplatten, Kabelbaugruppen, Kartonagen, Verpackungen, Verlags- und Druckdienstleistungen, IT-Dienstleistungen, Schulungsanbieter und Berater, Marketing- und PR-Dienstleistungen. Wir haben die Risiken, die diese Lieferketten mit sich bringen k\u00f6nnen, \u00fcberpr\u00fcft und sind der Ansicht, dass wir nur in begrenztem Ma\u00dfe von moderner Sklaverei betroffen sind, erwarten aber von unseren Lieferanten und Auftragnehmern, dass sie eine Null-Toleranz-Politik gegen\u00fcber Ausbeutung verfolgen. <\/p>\n\n<p><strong>TATS\u00c4CHLICHES HANDELN<\/strong><\/p>\n\n<p>Im Rahmen unseres Beschaffungsprozesses im Jahr 2021 haben wir einen Dialog mit unseren Lieferanten aufgenommen, um nicht nur das Bewusstsein der Lieferanten zu sch\u00e4rfen, sondern auch um sicherzustellen, dass sie den Modern Slavery Act 2015 verstehen und wissen, was er f\u00fcr sie bedeutet. Wir sammeln weiterhin Daten von unseren wichtigsten Lieferanten und werden Anfang 2023 in einer Erkl\u00e4rung \u00fcber unsere Ergebnisse berichten. <\/p>\n\n<p><strong>UNSER EINKAUFSPERSONAL<\/strong><\/p>\n\n<p>Unser Beschaffungsteam ist sich sehr wohl bewusst, dass moderne Sklaverei ein globales Problem ist, das uns alle betrifft. Sie sind sich der kognitiven Fallstricke bewusst, denen Nachwuchskr\u00e4fte ausgesetzt sind, die unwissentlich Teil des Kreislaufs werden k\u00f6nnten. Durch CIPS-Schulungen und -Qualifikationen im Laufe des Jahres 2021 haben wir Schritte unternommen, um diese Risiken zu mindern.  <\/p>\n","protected":false},"excerpt":{"rendered":"<p>Diese Erkl\u00e4rung wird im Namen der APG Cash Drawer Ltd (APG) gem\u00e4\u00df Abschnitt 54(1) des Modern Slavery Act 2015 (das &#8222;Gesetz&#8220;) abgegeben und stellt die Erkl\u00e4rung unserer Gruppe zur Sklaverei und zum Menschenhandel f\u00fcr das Jahr bis zum 31. Dezember 2021 dar. UNSER GESCH\u00c4FT UND UNSERE STRUKTUR APG kauft und fertigt Kassenschubladen f\u00fcr Distributoren und [&hellip;]<\/p>\n","protected":false},"author":4,"featured_media":0,"parent":0,"menu_order":0,"comment_status":"closed","ping_status":"closed","template":"","meta":{"_acf_changed":false,"content-type":"","footnotes":""},"class_list":["post-93499","page","type-page","status-publish"],"yoast_head":"<!-- This site is optimized with the Yoast SEO Premium plugin v23.5 (Yoast SEO v27.2) - https:\/\/yoast.com\/product\/yoast-seo-premium-wordpress\/ -->\n<title>Gesetz zur modernen Sklaverei<\/title>\n<meta name=\"description\" content=\"APGs Erkl\u00e4rung zur Einhaltung des Modern Slavery Act. Verpflichtung zu ethischen Praktiken in der Lieferkette.\" \/>\n<meta name=\"robots\" content=\"index, follow, max-snippet:-1, max-image-preview:large, max-video-preview:-1\" \/>\n<link rel=\"canonical\" href=\"https:\/\/apgsolutions.com\/de\/modern-slavery-act\/\" \/>\n<meta property=\"og:locale\" content=\"de_DE\" \/>\n<meta property=\"og:type\" content=\"article\" \/>\n<meta property=\"og:title\" content=\"Gesetz zur modernen Sklaverei\" \/>\n<meta property=\"og:description\" content=\"APGs Erkl\u00e4rung zur Einhaltung des Modern Slavery Act. Verpflichtung zu ethischen Praktiken in der Lieferkette.\" \/>\n<meta property=\"og:url\" content=\"https:\/\/apgsolutions.com\/de\/modern-slavery-act\/\" \/>\n<meta property=\"og:site_name\" content=\"apg\u00ae Solutions\" \/>\n<meta property=\"article:publisher\" content=\"https:\/\/www.facebook.com\/apgglobalsolutions\" \/>\n<meta property=\"article:modified_time\" content=\"2026-01-27T16:22:49+00:00\" \/>\n<meta name=\"twitter:card\" content=\"summary_large_image\" \/>\n<meta name=\"twitter:site\" content=\"@apg_solutions\" \/>\n<meta name=\"twitter:label1\" content=\"Gesch\u00e4tzte Lesezeit\" \/>\n\t<meta name=\"twitter:data1\" content=\"1\u00a0Minute\" \/>\n<script type=\"application\/ld+json\" class=\"yoast-schema-graph\">{\"@context\":\"https:\/\/schema.org\",\"@graph\":[{\"@type\":\"WebPage\",\"@id\":\"https:\/\/apgsolutions.com\/de\/modern-slavery-act\/\",\"url\":\"https:\/\/apgsolutions.com\/de\/modern-slavery-act\/\",\"name\":\"Gesetz zur modernen Sklaverei\",\"isPartOf\":{\"@id\":\"https:\/\/apgsolutions.com\/de\/#website\"},\"datePublished\":\"2025-09-26T06:12:39+00:00\",\"dateModified\":\"2026-01-27T16:22:49+00:00\",\"description\":\"APGs Erkl\u00e4rung zur Einhaltung des Modern Slavery Act. Verpflichtung zu ethischen Praktiken in der Lieferkette.\",\"inLanguage\":\"de\",\"potentialAction\":[{\"@type\":\"ReadAction\",\"target\":[\"https:\/\/apgsolutions.com\/de\/modern-slavery-act\/\"]}]},{\"@type\":\"WebSite\",\"@id\":\"https:\/\/apgsolutions.com\/de\/#website\",\"url\":\"https:\/\/apgsolutions.com\/de\/\",\"name\":\"APG Solutions, LLC\",\"description\":\"Trust at every point.\",\"publisher\":{\"@id\":\"https:\/\/apgsolutions.com\/de\/#organization\"},\"potentialAction\":[{\"@type\":\"SearchAction\",\"target\":{\"@type\":\"EntryPoint\",\"urlTemplate\":\"https:\/\/apgsolutions.com\/de\/?s={search_term_string}\"},\"query-input\":{\"@type\":\"PropertyValueSpecification\",\"valueRequired\":true,\"valueName\":\"search_term_string\"}}],\"inLanguage\":\"de\"},{\"@type\":\"Organization\",\"@id\":\"https:\/\/apgsolutions.com\/de\/#organization\",\"name\":\"APG Solution, LLC\",\"url\":\"https:\/\/apgsolutions.com\/de\/\",\"logo\":{\"@type\":\"ImageObject\",\"inLanguage\":\"de\",\"@id\":\"https:\/\/apgsolutions.com\/de\/#\/schema\/logo\/image\/\",\"url\":\"https:\/\/apgsolutions.com\/wp-content\/uploads\/2023\/12\/logomark-color.svg\",\"contentUrl\":\"https:\/\/apgsolutions.com\/wp-content\/uploads\/2023\/12\/logomark-color.svg\",\"width\":141,\"height\":138,\"caption\":\"APG Solution, LLC\"},\"image\":{\"@id\":\"https:\/\/apgsolutions.com\/de\/#\/schema\/logo\/image\/\"},\"sameAs\":[\"https:\/\/www.facebook.com\/apgglobalsolutions\",\"https:\/\/x.com\/apg_solutions\",\"https:\/\/www.youtube.com\/c\/CashManagementGlobalSolutionsbyapg\",\"https:\/\/www.linkedin.com\/company\/apgglobalsolutions\/\",\"https:\/\/www.instagram.com\/apgglobalsolutions\/\",\"https:\/\/www.pinterest.com\/apgcashdrawer\/\"]}]}<\/script>\n<!-- \/ Yoast SEO Premium plugin. -->","yoast_head_json":{"title":"Gesetz zur modernen Sklaverei","description":"APGs Erkl\u00e4rung zur Einhaltung des Modern Slavery Act. Verpflichtung zu ethischen Praktiken in der Lieferkette.","robots":{"index":"index","follow":"follow","max-snippet":"max-snippet:-1","max-image-preview":"max-image-preview:large","max-video-preview":"max-video-preview:-1"},"canonical":"https:\/\/apgsolutions.com\/de\/modern-slavery-act\/","og_locale":"de_DE","og_type":"article","og_title":"Gesetz zur modernen Sklaverei","og_description":"APGs Erkl\u00e4rung zur Einhaltung des Modern Slavery Act. Verpflichtung zu ethischen Praktiken in der Lieferkette.","og_url":"https:\/\/apgsolutions.com\/de\/modern-slavery-act\/","og_site_name":"apg\u00ae Solutions","article_publisher":"https:\/\/www.facebook.com\/apgglobalsolutions","article_modified_time":"2026-01-27T16:22:49+00:00","twitter_card":"summary_large_image","twitter_site":"@apg_solutions","twitter_misc":{"Gesch\u00e4tzte Lesezeit":"1\u00a0Minute"},"schema":{"@context":"https:\/\/schema.org","@graph":[{"@type":"WebPage","@id":"https:\/\/apgsolutions.com\/de\/modern-slavery-act\/","url":"https:\/\/apgsolutions.com\/de\/modern-slavery-act\/","name":"Gesetz zur modernen Sklaverei","isPartOf":{"@id":"https:\/\/apgsolutions.com\/de\/#website"},"datePublished":"2025-09-26T06:12:39+00:00","dateModified":"2026-01-27T16:22:49+00:00","description":"APGs Erkl\u00e4rung zur Einhaltung des Modern Slavery Act. Verpflichtung zu ethischen Praktiken in der Lieferkette.","inLanguage":"de","potentialAction":[{"@type":"ReadAction","target":["https:\/\/apgsolutions.com\/de\/modern-slavery-act\/"]}]},{"@type":"WebSite","@id":"https:\/\/apgsolutions.com\/de\/#website","url":"https:\/\/apgsolutions.com\/de\/","name":"APG Solutions, LLC","description":"Trust at every point.","publisher":{"@id":"https:\/\/apgsolutions.com\/de\/#organization"},"potentialAction":[{"@type":"SearchAction","target":{"@type":"EntryPoint","urlTemplate":"https:\/\/apgsolutions.com\/de\/?s={search_term_string}"},"query-input":{"@type":"PropertyValueSpecification","valueRequired":true,"valueName":"search_term_string"}}],"inLanguage":"de"},{"@type":"Organization","@id":"https:\/\/apgsolutions.com\/de\/#organization","name":"APG Solution, LLC","url":"https:\/\/apgsolutions.com\/de\/","logo":{"@type":"ImageObject","inLanguage":"de","@id":"https:\/\/apgsolutions.com\/de\/#\/schema\/logo\/image\/","url":"https:\/\/apgsolutions.com\/wp-content\/uploads\/2023\/12\/logomark-color.svg","contentUrl":"https:\/\/apgsolutions.com\/wp-content\/uploads\/2023\/12\/logomark-color.svg","width":141,"height":138,"caption":"APG Solution, LLC"},"image":{"@id":"https:\/\/apgsolutions.com\/de\/#\/schema\/logo\/image\/"},"sameAs":["https:\/\/www.facebook.com\/apgglobalsolutions","https:\/\/x.com\/apg_solutions","https:\/\/www.youtube.com\/c\/CashManagementGlobalSolutionsbyapg","https:\/\/www.linkedin.com\/company\/apgglobalsolutions\/","https:\/\/www.instagram.com\/apgglobalsolutions\/","https:\/\/www.pinterest.com\/apgcashdrawer\/"]}]}},"acf":[],"_links":{"self":[{"href":"https:\/\/apgsolutions.com\/de\/wp-json\/wp\/v2\/pages\/93499","targetHints":{"allow":["GET"]}}],"collection":[{"href":"https:\/\/apgsolutions.com\/de\/wp-json\/wp\/v2\/pages"}],"about":[{"href":"https:\/\/apgsolutions.com\/de\/wp-json\/wp\/v2\/types\/page"}],"author":[{"embeddable":true,"href":"https:\/\/apgsolutions.com\/de\/wp-json\/wp\/v2\/users\/4"}],"replies":[{"embeddable":true,"href":"https:\/\/apgsolutions.com\/de\/wp-json\/wp\/v2\/comments?post=93499"}],"version-history":[{"count":1,"href":"https:\/\/apgsolutions.com\/de\/wp-json\/wp\/v2\/pages\/93499\/revisions"}],"predecessor-version":[{"id":93500,"href":"https:\/\/apgsolutions.com\/de\/wp-json\/wp\/v2\/pages\/93499\/revisions\/93500"}],"wp:attachment":[{"href":"https:\/\/apgsolutions.com\/de\/wp-json\/wp\/v2\/media?parent=93499"}],"curies":[{"name":"wp","href":"https:\/\/api.w.org\/{rel}","templated":true}]}}