{"id":93523,"date":"2025-09-26T06:20:06","date_gmt":"2025-09-26T06:20:06","guid":{"rendered":"https:\/\/apgsolutions.com\/calculoid\/"},"modified":"2026-01-27T16:22:51","modified_gmt":"2026-01-27T16:22:51","slug":"calculoid","status":"publish","type":"page","link":"https:\/\/apgsolutions.com\/de\/calculoid\/","title":{"rendered":"smarttill Wert-Rechner"},"content":{"rendered":"<div class=\"section_page-header \">\n    <img decoding=\"async\" class=\"header-image\" src=\"https:\/\/apgsolutions.com\/wp-content\/uploads\/2025\/04\/Smarttill-value-calculator-banner-simple.png\" alt=\"Smarttill-value-calculator-banner-simple\" title=\"Smarttill-value-calculator-banner-simple\">\n            <div class=\"header-content\">\n            <h1>smarttill\u00ae Value Calculator<\/h1>\n        <\/div>\n    <\/div>\n<div class=\"wp-block-columns pad-t0 is-layout-flex wp-container-core-columns-is-layout-9d6595d7 wp-block-columns-is-layout-flex\">\n<div class=\"wp-block-column is-vertically-aligned-center is-layout-flow wp-block-column-is-layout-flow\">\n<h2 class=\"wp-block-heading has-text-align-left has-large-font-size\" id=\"h-discover-your-potential-savings-with-apg-s-smarttill-cash-management-solution\">Entdecken Sie Ihr Sparpotenzial mit der smarttill\u00ae Cash Management L\u00f6sung von apg<\/h2>\n\n\n\n<p>Die manuelle Verwaltung von Bargeld kostet Zeit, bindet Personalressourcen und erh\u00f6ht das Risiko von Fehlern und Verlusten. Die <a href=\"https:\/\/apgsolutions.com\/de\/produkte\/smarttill-solution-suite\/\">smarttill Cash Management L\u00f6sung<\/a> bietet einen intelligenteren Weg &#8211; sie automatisiert die Bargeldz\u00e4hlung in Echtzeit, reduziert den Schwund und gibt Ihrem Team mehr Zeit, sich auf das Wesentliche zu konzentrieren: Ihre Kunden. <\/p>\n\n\n\n<p>Mit unserem smarttill Value Calculator k\u00f6nnen Sie schnell absch\u00e4tzen, wie viel Zeit und Geld Ihr Einzelhandels- oder Gastronomiebetrieb durch die Umstellung auf eine automatisierte Bargeldmanagement-L\u00f6sung sparen k\u00f6nnte.<\/p>\n\n\n\n<h3 class=\"wp-block-heading\" id=\"h-see-the-impact-on-your-business\">Sehen Sie die Auswirkungen auf Ihr Gesch\u00e4ft<\/h3>\n\n\n\n<ul class=\"wp-block-list\">\n<li>Sparen Sie jeden Tag Zeit beim Bargeldabgleich und Schichtwechsel<\/li>\n\n\n\n<li>Reduzierung von Bargeldverlusten um bis zu 90 %<\/li>\n\n\n\n<li>Senkung der Betriebskosten und Verbesserung der Personaleffizienz<\/li>\n\n\n\n<li>Gewinnen Sie Echtzeit-Transparenz und Kontrolle \u00fcber Ihre Bargeldbearbeitung<\/li>\n<\/ul>\n<\/div>\n\n\n\n<div class=\"wp-block-column is-vertically-aligned-center is-layout-flow wp-block-column-is-layout-flow\">\n<figure class=\"wp-block-image size-large is-resized\"><img fetchpriority=\"high\" decoding=\"async\" width=\"1024\" height=\"848\" src=\"https:\/\/apgsolutions.com\/wp-content\/uploads\/2025\/04\/See_The_Impact_Of_Your_Business-1-1024x848.png\" alt=\"smarttill Wert-Rechner\" class=\"wp-image-89923\" style=\"width:800px\" srcset=\"https:\/\/apgsolutions.com\/wp-content\/uploads\/2025\/04\/See_The_Impact_Of_Your_Business-1-1024x848.png 1024w, https:\/\/apgsolutions.com\/wp-content\/uploads\/2025\/04\/See_The_Impact_Of_Your_Business-1-300x248.png 300w, https:\/\/apgsolutions.com\/wp-content\/uploads\/2025\/04\/See_The_Impact_Of_Your_Business-1-768x636.png 768w, https:\/\/apgsolutions.com\/wp-content\/uploads\/2025\/04\/See_The_Impact_Of_Your_Business-1-50x41.png 50w, https:\/\/apgsolutions.com\/wp-content\/uploads\/2025\/04\/See_The_Impact_Of_Your_Business-1-550x455.png 550w, https:\/\/apgsolutions.com\/wp-content\/uploads\/2025\/04\/See_The_Impact_Of_Your_Business-1-80x66.png 80w, https:\/\/apgsolutions.com\/wp-content\/uploads\/2025\/04\/See_The_Impact_Of_Your_Business-1-600x497.png 600w, https:\/\/apgsolutions.com\/wp-content\/uploads\/2025\/04\/See_The_Impact_Of_Your_Business-1.png 1080w\" sizes=\"(max-width: 1024px) 100vw, 1024px\" \/><\/figure>\n<\/div>\n<\/div>\n\n<div class=\"wp-block-columns is-layout-flex wp-container-core-columns-is-layout-9d6595d7 wp-block-columns-is-layout-flex\">\n<div class=\"wp-block-column is-layout-flow wp-block-column-is-layout-flow\"><div class=\"wp-block-image\">\n<figure class=\"aligncenter size-full is-resized\"><img decoding=\"async\" width=\"847\" height=\"211\" src=\"https:\/\/apgsolutions.com\/wp-content\/uploads\/2025\/04\/TimeAndMoneySavingsWithSmarttill.png\" alt=\"Zeit- und Geldersparnis mit Smarttill\" class=\"wp-image-89857\" style=\"width:500px\" srcset=\"https:\/\/apgsolutions.com\/wp-content\/uploads\/2025\/04\/TimeAndMoneySavingsWithSmarttill.png 847w, https:\/\/apgsolutions.com\/wp-content\/uploads\/2025\/04\/TimeAndMoneySavingsWithSmarttill-300x75.png 300w, https:\/\/apgsolutions.com\/wp-content\/uploads\/2025\/04\/TimeAndMoneySavingsWithSmarttill-768x191.png 768w, https:\/\/apgsolutions.com\/wp-content\/uploads\/2025\/04\/TimeAndMoneySavingsWithSmarttill-50x12.png 50w, https:\/\/apgsolutions.com\/wp-content\/uploads\/2025\/04\/TimeAndMoneySavingsWithSmarttill-550x137.png 550w, https:\/\/apgsolutions.com\/wp-content\/uploads\/2025\/04\/TimeAndMoneySavingsWithSmarttill-80x20.png 80w, https:\/\/apgsolutions.com\/wp-content\/uploads\/2025\/04\/TimeAndMoneySavingsWithSmarttill-600x149.png 600w\" sizes=\"(max-width: 847px) 100vw, 847px\" \/><\/figure>\n<\/div>\n\n\n<p class=\"has-text-align-center\">Berechnen Sie, wie viel Zeit und Geld Sie mit der Cash-Management-L\u00f6sung smarttill von apg sparen k\u00f6nnen.<\/p>\n\n\n\n<p class=\"has-text-align-center\">Dieser Rechner bietet eine vereinfachte Momentaufnahme Ihrer potenziellen Einsparungen. F\u00fcr eine tiefer gehende, ma\u00dfgeschneiderte Analyse &#8211; unter Ber\u00fccksichtigung Ihrer genauen Anzahl an Standorten, Bahnen, Kassen, Mitarbeiterl\u00f6hnen und anderen einzigartigen Faktoren &#8211; f\u00fcllen Sie bitte das untenstehende Formular aus, um eine umfassende Pr\u00fcfung durch unsere smarttill Solution Architects anzufordern. <\/p>\n\n\n\n<div style=\"height:25px\" aria-hidden=\"true\" class=\"wp-block-spacer\"><\/div>\n\n\n\n<link rel=\"stylesheet\" href=\"https:\/\/embed.calculoid.com\/styles\/main.css\"\/><script src=\"https:\/\/embed.calculoid.com\/scripts\/combined.min.js\"><\/script><div ng-app=\"calculoid\" ng-controller=\"CalculoidMainCtrl\" ng-init=\"init({calcId:106969,apiKey:'c5fa80d86793aaea28a54'})\" ng-include=\"load()\"><\/div>\n<\/div>\n<\/div>\n\n<h2 class=\"wp-block-heading has-text-align-center\" id=\"h-why-choose-smarttill\">Warum smarttill w\u00e4hlen?<\/h2>\n\n<div class=\"wp-block-columns are-vertically-aligned-center is-layout-flex wp-container-core-columns-is-layout-9d6595d7 wp-block-columns-is-layout-flex\">\n<div class=\"wp-block-column is-vertically-aligned-center is-layout-flow wp-block-column-is-layout-flow\"><div class=\"wp-block-image\">\n<figure class=\"aligncenter size-large is-resized\"><img decoding=\"async\" width=\"1024\" height=\"848\" src=\"https:\/\/apgsolutions.com\/wp-content\/uploads\/2025\/04\/Why_Choose_smarttill-1024x848.png\" alt=\"Smarttill-Rechner\" class=\"wp-image-89966\" style=\"width:700px\" srcset=\"https:\/\/apgsolutions.com\/wp-content\/uploads\/2025\/04\/Why_Choose_smarttill-1024x848.png 1024w, https:\/\/apgsolutions.com\/wp-content\/uploads\/2025\/04\/Why_Choose_smarttill-300x248.png 300w, https:\/\/apgsolutions.com\/wp-content\/uploads\/2025\/04\/Why_Choose_smarttill-768x636.png 768w, https:\/\/apgsolutions.com\/wp-content\/uploads\/2025\/04\/Why_Choose_smarttill-50x41.png 50w, https:\/\/apgsolutions.com\/wp-content\/uploads\/2025\/04\/Why_Choose_smarttill-550x455.png 550w, https:\/\/apgsolutions.com\/wp-content\/uploads\/2025\/04\/Why_Choose_smarttill-80x66.png 80w, https:\/\/apgsolutions.com\/wp-content\/uploads\/2025\/04\/Why_Choose_smarttill-600x497.png 600w, https:\/\/apgsolutions.com\/wp-content\/uploads\/2025\/04\/Why_Choose_smarttill.png 1080w\" sizes=\"(max-width: 1024px) 100vw, 1024px\" \/><\/figure>\n<\/div><\/div>\n\n\n\n<div class=\"wp-block-column is-vertically-aligned-center is-layout-flow wp-block-column-is-layout-flow\">\n<p>smarttill wird von gro\u00dfen <a href=\"https:\/\/apgsolutions.com\/industry\/retail\/\">Einzelh\u00e4ndlern<\/a> und <a href=\"https:\/\/apgsolutions.com\/industry\/hospitality\/\">Gastronomiebetrieben<\/a> weltweit gesch\u00e4tzt. Egal, ob Sie ein einzelnes Gesch\u00e4ft oder eine gro\u00dfe Kette betreiben, smarttill l\u00e4sst sich nahtlos in Ihre bestehende POS-Umgebung integrieren. <\/p>\n\n\n\n<p>M\u00f6chten Sie mehr dar\u00fcber erfahren, wie smarttill funktioniert?<\/p>\n\n\n\n<div class=\"wp-block-buttons is-layout-flex wp-block-buttons-is-layout-flex\">\n<div class=\"wp-block-button\"><a class=\"wp-block-button__link wp-element-button\" href=\"https:\/\/apgsolutions.com\/de\/produkte\/smarttill-solution-suite\/\">Lesen Sie mehr \u00fcber smarttill<\/a><\/div>\n<\/div>\n<\/div>\n<\/div>\n\n<div class=\"wp-block-group graybox has-background is-vertical is-content-justification-center is-layout-flex wp-container-core-group-is-layout-4b2eccd6 wp-block-group-is-layout-flex\" style=\"background-color:#ecf1f7\">\n<figure class=\"wp-block-image size-full is-resized\"><img loading=\"lazy\" decoding=\"async\" width=\"911\" height=\"163\" src=\"https:\/\/apgsolutions.com\/wp-content\/uploads\/2025\/04\/GetInTouch.png\" alt=\"Kontakt aufnehmen\" class=\"wp-image-89863\" style=\"width:600px\" srcset=\"https:\/\/apgsolutions.com\/wp-content\/uploads\/2025\/04\/GetInTouch.png 911w, https:\/\/apgsolutions.com\/wp-content\/uploads\/2025\/04\/GetInTouch-300x54.png 300w, https:\/\/apgsolutions.com\/wp-content\/uploads\/2025\/04\/GetInTouch-768x137.png 768w, https:\/\/apgsolutions.com\/wp-content\/uploads\/2025\/04\/GetInTouch-50x9.png 50w, https:\/\/apgsolutions.com\/wp-content\/uploads\/2025\/04\/GetInTouch-550x98.png 550w, https:\/\/apgsolutions.com\/wp-content\/uploads\/2025\/04\/GetInTouch-80x14.png 80w, https:\/\/apgsolutions.com\/wp-content\/uploads\/2025\/04\/GetInTouch-600x107.png 600w\" sizes=\"(max-width: 911px) 100vw, 911px\" \/><\/figure>\n\n\n\n<p class=\"has-text-align-center\">Buchen Sie ein Beratungsgespr\u00e4ch mit einem unserer apg Account Manager und smarttill Solution Architects &#8211; pers\u00f6nlich oder online.<\/p>\n<\/div>\n\n<div style=\"height:50px\" aria-hidden=\"true\" class=\"wp-block-spacer\"><\/div>\n\n<p><script charset=\"utf-8\" type=\"text\/javascript\" src=\"\/\/js.hsforms.net\/forms\/embed\/v2.js\"><\/script><script>hbspt.forms.create({\n    region: \"na1\",\n    portalId: \"3337275\",\n    formId: \"3fa13a5b-1718-4053-9c9c-d3189889d1b6\",\n    \/\/ Redirect after successful submission\n    onFormSubmit: function($form) {\n      window.location.href = \"https:\/\/apgsolutions.com\/thank-you-for-contacting-apg-cash-drawer\/\";\n    }\n  });\n<\/script><\/p>\n\n<p><\/p>\n","protected":false},"excerpt":{"rendered":"<p>Entdecken Sie Ihr Sparpotenzial mit der smarttill\u00ae Cash Management L\u00f6sung von apg Die manuelle Verwaltung von Bargeld kostet Zeit, bindet Personalressourcen und erh\u00f6ht das Risiko von Fehlern und Verlusten. Die smarttill Cash Management L\u00f6sung bietet einen intelligenteren Weg &#8211; sie automatisiert die Bargeldz\u00e4hlung in Echtzeit, reduziert den Schwund und gibt Ihrem Team mehr Zeit, sich [&hellip;]<\/p>\n","protected":false},"author":2921,"featured_media":0,"parent":0,"menu_order":0,"comment_status":"closed","ping_status":"closed","template":"","meta":{"_acf_changed":false,"content-type":"","footnotes":""},"class_list":["post-93523","page","type-page","status-publish"],"yoast_head":"<!-- This site is optimized with the Yoast SEO Premium plugin v23.5 (Yoast SEO v27.2) - https:\/\/yoast.com\/product\/yoast-seo-premium-wordpress\/ -->\n<title>smarttill\u00ae Wert-Rechner | apg\u00ae<\/title>\n<meta name=\"description\" content=\"Sch\u00e4tzen Sie schnell ab, wie viel Zeit und Geld Ihr Einzelhandels- oder Gastronomiebetrieb durch den Wechsel zu unserer Smarttill Cash Management-L\u00f6sung sparen k\u00f6nnte.\" \/>\n<meta name=\"robots\" content=\"index, follow, max-snippet:-1, max-image-preview:large, max-video-preview:-1\" \/>\n<link rel=\"canonical\" href=\"https:\/\/apgsolutions.com\/de\/calculoid\/\" \/>\n<meta property=\"og:locale\" content=\"de_DE\" \/>\n<meta property=\"og:type\" content=\"article\" \/>\n<meta property=\"og:title\" content=\"smarttill\u00ae Wert-Rechner | apg\u00ae\" \/>\n<meta property=\"og:description\" content=\"Sch\u00e4tzen Sie schnell ab, wie viel Zeit und Geld Ihr Einzelhandels- oder Gastronomiebetrieb durch den Wechsel zu unserer Smarttill Cash Management-L\u00f6sung sparen k\u00f6nnte.\" \/>\n<meta property=\"og:url\" content=\"https:\/\/apgsolutions.com\/de\/calculoid\/\" \/>\n<meta property=\"og:site_name\" content=\"apg\u00ae Solutions\" \/>\n<meta property=\"article:publisher\" content=\"https:\/\/www.facebook.com\/apgglobalsolutions\" \/>\n<meta property=\"article:modified_time\" content=\"2026-01-27T16:22:51+00:00\" \/>\n<meta property=\"og:image\" content=\"https:\/\/apgsolutions.com\/wp-content\/uploads\/2025\/04\/See_The_Impact_Of_Your_Business-1-1024x848.png\" \/>\n<meta name=\"twitter:card\" content=\"summary_large_image\" \/>\n<meta name=\"twitter:site\" content=\"@apg_solutions\" \/>\n<meta name=\"twitter:label1\" content=\"Gesch\u00e4tzte Lesezeit\" \/>\n\t<meta name=\"twitter:data1\" content=\"1\u00a0Minute\" \/>\n<script type=\"application\/ld+json\" class=\"yoast-schema-graph\">{\"@context\":\"https:\/\/schema.org\",\"@graph\":[{\"@type\":\"WebPage\",\"@id\":\"https:\/\/apgsolutions.com\/de\/calculoid\/\",\"url\":\"https:\/\/apgsolutions.com\/de\/calculoid\/\",\"name\":\"smarttill\u00ae Wert-Rechner | apg\u00ae\",\"isPartOf\":{\"@id\":\"https:\/\/apgsolutions.com\/de\/#website\"},\"primaryImageOfPage\":{\"@id\":\"https:\/\/apgsolutions.com\/de\/calculoid\/#primaryimage\"},\"image\":{\"@id\":\"https:\/\/apgsolutions.com\/de\/calculoid\/#primaryimage\"},\"thumbnailUrl\":\"https:\/\/apgsolutions.com\/wp-content\/uploads\/2025\/04\/See_The_Impact_Of_Your_Business-1-1024x848.png\",\"datePublished\":\"2025-09-26T06:20:06+00:00\",\"dateModified\":\"2026-01-27T16:22:51+00:00\",\"description\":\"Sch\u00e4tzen Sie schnell ab, wie viel Zeit und Geld Ihr Einzelhandels- oder Gastronomiebetrieb durch den Wechsel zu unserer Smarttill Cash Management-L\u00f6sung sparen k\u00f6nnte.\",\"inLanguage\":\"de\",\"potentialAction\":[{\"@type\":\"ReadAction\",\"target\":[\"https:\/\/apgsolutions.com\/de\/calculoid\/\"]}]},{\"@type\":\"ImageObject\",\"inLanguage\":\"de\",\"@id\":\"https:\/\/apgsolutions.com\/de\/calculoid\/#primaryimage\",\"url\":\"https:\/\/apgsolutions.com\/wp-content\/uploads\/2025\/04\/See_The_Impact_Of_Your_Business-1-1024x848.png\",\"contentUrl\":\"https:\/\/apgsolutions.com\/wp-content\/uploads\/2025\/04\/See_The_Impact_Of_Your_Business-1-1024x848.png\"},{\"@type\":\"WebSite\",\"@id\":\"https:\/\/apgsolutions.com\/de\/#website\",\"url\":\"https:\/\/apgsolutions.com\/de\/\",\"name\":\"APG Solutions, LLC\",\"description\":\"Trust at every point.\",\"publisher\":{\"@id\":\"https:\/\/apgsolutions.com\/de\/#organization\"},\"potentialAction\":[{\"@type\":\"SearchAction\",\"target\":{\"@type\":\"EntryPoint\",\"urlTemplate\":\"https:\/\/apgsolutions.com\/de\/?s={search_term_string}\"},\"query-input\":{\"@type\":\"PropertyValueSpecification\",\"valueRequired\":true,\"valueName\":\"search_term_string\"}}],\"inLanguage\":\"de\"},{\"@type\":\"Organization\",\"@id\":\"https:\/\/apgsolutions.com\/de\/#organization\",\"name\":\"APG Solution, LLC\",\"url\":\"https:\/\/apgsolutions.com\/de\/\",\"logo\":{\"@type\":\"ImageObject\",\"inLanguage\":\"de\",\"@id\":\"https:\/\/apgsolutions.com\/de\/#\/schema\/logo\/image\/\",\"url\":\"https:\/\/apgsolutions.com\/wp-content\/uploads\/2023\/12\/logomark-color.svg\",\"contentUrl\":\"https:\/\/apgsolutions.com\/wp-content\/uploads\/2023\/12\/logomark-color.svg\",\"width\":141,\"height\":138,\"caption\":\"APG Solution, LLC\"},\"image\":{\"@id\":\"https:\/\/apgsolutions.com\/de\/#\/schema\/logo\/image\/\"},\"sameAs\":[\"https:\/\/www.facebook.com\/apgglobalsolutions\",\"https:\/\/x.com\/apg_solutions\",\"https:\/\/www.youtube.com\/c\/CashManagementGlobalSolutionsbyapg\",\"https:\/\/www.linkedin.com\/company\/apgglobalsolutions\/\",\"https:\/\/www.instagram.com\/apgglobalsolutions\/\",\"https:\/\/www.pinterest.com\/apgcashdrawer\/\"]}]}<\/script>\n<!-- \/ Yoast SEO Premium plugin. -->","yoast_head_json":{"title":"smarttill\u00ae Wert-Rechner | apg\u00ae","description":"Sch\u00e4tzen Sie schnell ab, wie viel Zeit und Geld Ihr Einzelhandels- oder Gastronomiebetrieb durch den Wechsel zu unserer Smarttill Cash Management-L\u00f6sung sparen k\u00f6nnte.","robots":{"index":"index","follow":"follow","max-snippet":"max-snippet:-1","max-image-preview":"max-image-preview:large","max-video-preview":"max-video-preview:-1"},"canonical":"https:\/\/apgsolutions.com\/de\/calculoid\/","og_locale":"de_DE","og_type":"article","og_title":"smarttill\u00ae Wert-Rechner | apg\u00ae","og_description":"Sch\u00e4tzen Sie schnell ab, wie viel Zeit und Geld Ihr Einzelhandels- oder Gastronomiebetrieb durch den Wechsel zu unserer Smarttill Cash Management-L\u00f6sung sparen k\u00f6nnte.","og_url":"https:\/\/apgsolutions.com\/de\/calculoid\/","og_site_name":"apg\u00ae Solutions","article_publisher":"https:\/\/www.facebook.com\/apgglobalsolutions","article_modified_time":"2026-01-27T16:22:51+00:00","og_image":[{"url":"https:\/\/apgsolutions.com\/wp-content\/uploads\/2025\/04\/See_The_Impact_Of_Your_Business-1-1024x848.png","type":"","width":"","height":""}],"twitter_card":"summary_large_image","twitter_site":"@apg_solutions","twitter_misc":{"Gesch\u00e4tzte Lesezeit":"1\u00a0Minute"},"schema":{"@context":"https:\/\/schema.org","@graph":[{"@type":"WebPage","@id":"https:\/\/apgsolutions.com\/de\/calculoid\/","url":"https:\/\/apgsolutions.com\/de\/calculoid\/","name":"smarttill\u00ae Wert-Rechner | apg\u00ae","isPartOf":{"@id":"https:\/\/apgsolutions.com\/de\/#website"},"primaryImageOfPage":{"@id":"https:\/\/apgsolutions.com\/de\/calculoid\/#primaryimage"},"image":{"@id":"https:\/\/apgsolutions.com\/de\/calculoid\/#primaryimage"},"thumbnailUrl":"https:\/\/apgsolutions.com\/wp-content\/uploads\/2025\/04\/See_The_Impact_Of_Your_Business-1-1024x848.png","datePublished":"2025-09-26T06:20:06+00:00","dateModified":"2026-01-27T16:22:51+00:00","description":"Sch\u00e4tzen Sie schnell ab, wie viel Zeit und Geld Ihr Einzelhandels- oder Gastronomiebetrieb durch den Wechsel zu unserer Smarttill Cash Management-L\u00f6sung sparen k\u00f6nnte.","inLanguage":"de","potentialAction":[{"@type":"ReadAction","target":["https:\/\/apgsolutions.com\/de\/calculoid\/"]}]},{"@type":"ImageObject","inLanguage":"de","@id":"https:\/\/apgsolutions.com\/de\/calculoid\/#primaryimage","url":"https:\/\/apgsolutions.com\/wp-content\/uploads\/2025\/04\/See_The_Impact_Of_Your_Business-1-1024x848.png","contentUrl":"https:\/\/apgsolutions.com\/wp-content\/uploads\/2025\/04\/See_The_Impact_Of_Your_Business-1-1024x848.png"},{"@type":"WebSite","@id":"https:\/\/apgsolutions.com\/de\/#website","url":"https:\/\/apgsolutions.com\/de\/","name":"APG Solutions, LLC","description":"Trust at every point.","publisher":{"@id":"https:\/\/apgsolutions.com\/de\/#organization"},"potentialAction":[{"@type":"SearchAction","target":{"@type":"EntryPoint","urlTemplate":"https:\/\/apgsolutions.com\/de\/?s={search_term_string}"},"query-input":{"@type":"PropertyValueSpecification","valueRequired":true,"valueName":"search_term_string"}}],"inLanguage":"de"},{"@type":"Organization","@id":"https:\/\/apgsolutions.com\/de\/#organization","name":"APG Solution, LLC","url":"https:\/\/apgsolutions.com\/de\/","logo":{"@type":"ImageObject","inLanguage":"de","@id":"https:\/\/apgsolutions.com\/de\/#\/schema\/logo\/image\/","url":"https:\/\/apgsolutions.com\/wp-content\/uploads\/2023\/12\/logomark-color.svg","contentUrl":"https:\/\/apgsolutions.com\/wp-content\/uploads\/2023\/12\/logomark-color.svg","width":141,"height":138,"caption":"APG Solution, LLC"},"image":{"@id":"https:\/\/apgsolutions.com\/de\/#\/schema\/logo\/image\/"},"sameAs":["https:\/\/www.facebook.com\/apgglobalsolutions","https:\/\/x.com\/apg_solutions","https:\/\/www.youtube.com\/c\/CashManagementGlobalSolutionsbyapg","https:\/\/www.linkedin.com\/company\/apgglobalsolutions\/","https:\/\/www.instagram.com\/apgglobalsolutions\/","https:\/\/www.pinterest.com\/apgcashdrawer\/"]}]}},"acf":[],"_links":{"self":[{"href":"https:\/\/apgsolutions.com\/de\/wp-json\/wp\/v2\/pages\/93523","targetHints":{"allow":["GET"]}}],"collection":[{"href":"https:\/\/apgsolutions.com\/de\/wp-json\/wp\/v2\/pages"}],"about":[{"href":"https:\/\/apgsolutions.com\/de\/wp-json\/wp\/v2\/types\/page"}],"author":[{"embeddable":true,"href":"https:\/\/apgsolutions.com\/de\/wp-json\/wp\/v2\/users\/2921"}],"replies":[{"embeddable":true,"href":"https:\/\/apgsolutions.com\/de\/wp-json\/wp\/v2\/comments?post=93523"}],"version-history":[{"count":4,"href":"https:\/\/apgsolutions.com\/de\/wp-json\/wp\/v2\/pages\/93523\/revisions"}],"predecessor-version":[{"id":103525,"href":"https:\/\/apgsolutions.com\/de\/wp-json\/wp\/v2\/pages\/93523\/revisions\/103525"}],"wp:attachment":[{"href":"https:\/\/apgsolutions.com\/de\/wp-json\/wp\/v2\/media?parent=93523"}],"curies":[{"name":"wp","href":"https:\/\/api.w.org\/{rel}","templated":true}]}}