{"id":93533,"date":"2025-09-26T06:22:18","date_gmt":"2025-09-26T06:22:18","guid":{"rendered":"https:\/\/apgsolutions.com\/compass-partner-program\/"},"modified":"2026-01-27T16:22:55","modified_gmt":"2026-01-27T16:22:55","slug":"compass-partner-program","status":"publish","type":"page","link":"https:\/\/apgsolutions.com\/de\/compass-partner-program\/","title":{"rendered":"Compass Wiederverk\u00e4ufer-Programm"},"content":{"rendered":"\n<p><\/p>\n<div class=\"section_page-header \">\n    <img decoding=\"async\" class=\"header-image\" src=\"https:\/\/apgsolutions.com\/wp-content\/uploads\/2024\/03\/Untitled-design-2-1-scaled.jpg\" alt=\"Partnership program\" title=\"Partnership program\">\n            <div class=\"header-content\">\n            <h1>Compass Partner Program<\/h1>\n        <\/div>\n    <\/div>\n<h2 class=\"wp-block-heading has-large-font-size\" id=\"h-how-it-works\"><strong>Wie funktioniert das?<\/strong><\/h2>\n\n<p>apg\u00ae-Wiederverk\u00e4ufer profitieren von einer Partnerschaft w\u00e4hrend des gesamten Gesch\u00e4ftszyklus, von Schulung und Integration bis hin zu Vertrieb und Support. Die Partner k\u00f6nnen die Ressourcen von apg\u00ae nutzen, um ihr aktuelles Marktpotenzial zu erweitern und Ihnen dabei zu helfen, das Gesch\u00e4ft zum Erfolg zu f\u00fchren. Partner k\u00f6nnen ihre Marke und ihren Service \u00fcber die f\u00fchrenden Marketingkan\u00e4le und -kampagnen von apg\u00ae bewerben. Unsere Partner helfen uns bei der Entwicklung von L\u00f6sungen, die den Bed\u00fcrfnissen unserer Kunden entsprechen, und erhalten Zugang zu einer Reihe von <a href=\"https:\/\/apg.apgsolutions.com\/hubfs\/Brochures\/M-43-377NA%20(Compass%20Reseller%20Program)%20v2.pdf\">Ressourcen<\/a> mit Mehrwert. Wir bieten ein lukratives und umfassendes Rabattprogramm auf Basis der bestellten Artikel.      <\/p>\n\n<div class=\"wp-block-group\"><div class=\"wp-block-group__inner-container is-layout-constrained wp-block-group-is-layout-constrained\">\n<div class=\"wp-block-columns is-layout-flex wp-container-core-columns-is-layout-9d6595d7 wp-block-columns-is-layout-flex\">\n<div class=\"wp-block-column is-layout-flow wp-block-column-is-layout-flow\"><\/div>\n\n\n\n<div class=\"wp-block-column is-vertically-aligned-stretch tile has-link is-layout-flow wp-block-column-is-layout-flow\" style=\"flex-basis:20%\">\n<div style=\"height:21px\" aria-hidden=\"true\" class=\"wp-block-spacer\"><\/div>\n\n\n\n<h3 class=\"wp-block-heading has-text-align-center\" id=\"h-step-1\" style=\"font-size:1.125rem\"><span style=\"text-decoration: underline;\">Schritt 1<\/span><\/h3>\n\n\n\n<p class=\"has-text-align-center\">Nehmen Sie Kontakt mit uns auf, indem Sie auf die Schaltfl\u00e4che<a href=\"#Partner-with-apg-now\">&#8222;Registrieren<\/a>&#8220; klicken, um das Formular aufzurufen.<\/p>\n<\/div>\n\n\n\n<div class=\"wp-block-column is-vertically-aligned-stretch tile has-link is-layout-flow wp-block-column-is-layout-flow\" style=\"flex-basis:20%\">\n<div style=\"height:21px\" aria-hidden=\"true\" class=\"wp-block-spacer\"><\/div>\n\n\n\n<h3 class=\"wp-block-heading has-text-align-center\" id=\"h-step-2\" style=\"font-size:1.125rem\"><span style=\"text-decoration: underline;\">Schritt 2<\/span><\/h3>\n\n\n\n<p class=\"has-text-align-center\">apg\u00ae wird sich melden, um ein Treffen zu vereinbaren. Lassen Sie uns einander besser kennen lernen. <\/p>\n<\/div>\n\n\n\n<div class=\"wp-block-column is-vertically-aligned-stretch tile has-link is-layout-flow wp-block-column-is-layout-flow\" style=\"flex-basis:20%\">\n<div style=\"height:21px\" aria-hidden=\"true\" class=\"wp-block-spacer\"><\/div>\n\n\n\n<h3 class=\"wp-block-heading has-text-align-center\" id=\"h-step-3\" style=\"font-size:1.125rem\"><span style=\"text-decoration: underline;\">Schritt 3<\/span><\/h3>\n\n\n\n<p class=\"has-text-align-center\">Nutzen Sie die Vorteile der apg-Ressourcen mit Mehrwert.<\/p>\n<\/div>\n\n\n\n<div class=\"wp-block-column is-layout-flow wp-block-column-is-layout-flow\"><\/div>\n<\/div>\n<\/div><\/div>\n\n<h2 class=\"wp-block-heading\" id=\"h-why-partner-with-apg\"><strong><strong>Warum eine Partnerschaft mit <sup>apg\u00ae<\/sup>?<\/strong><\/strong><\/h2>\n\n<p>Seit mehr als 40 Jahren steht <sup>apg\u00ae<\/sup> im Dienste des Einzelhandels und hat sich einen Ruf als Lieferant der Wahl f\u00fcr Kassenschubladen- und Bargeldmanagementl\u00f6sungen in allen vertikalen Einzelhandelsbranchen weltweit erworben. Unsere Produkte und Marken zeichnen sich durch unsere F\u00e4higkeit aus, innovative Technologien zu liefern, die die Effizienz und Sicherheit am Point of Sale global verbessern. <sup>apgasna<\/sup> engagiert sich f\u00fcr den indirekten Kanal und arbeitet mit branchenf\u00fchrenden <a href=\"https:\/\/apgsolutions.com\/de\/distributoren\/\">Distributoren<\/a>, <a href=\"https:\/\/apgsolutions.com\/de\/globale-partner\/\">OEMs<\/a>, Softwareentwicklern, Zahlungsabwicklern, Wiederverk\u00e4ufern und Integrationsunternehmen zusammen, um unseren Kunden das ultimative Erlebnis zu bieten.  <\/p>\n\n<p><\/p>\n\n<figure class=\"wp-block-embed aligncenter is-type-video is-provider-youtube wp-block-embed-youtube wp-embed-aspect-16-9 wp-has-aspect-ratio\"><div class=\"wp-block-embed__wrapper\">\n<iframe title=\"Why partner with apg?\" width=\"500\" height=\"281\" src=\"https:\/\/www.youtube.com\/embed\/Qtkc7uL0YAA?feature=oembed\" frameborder=\"0\" allow=\"accelerometer; autoplay; clipboard-write; encrypted-media; gyroscope; picture-in-picture; web-share\" referrerpolicy=\"strict-origin-when-cross-origin\" allowfullscreen><\/iframe>\n<\/div><\/figure>\n\n<h2 class=\"wp-block-heading\" id=\"h-apg-partner-tools\"><strong><strong><sup>apg\u00ae<\/sup>.<\/strong><\/strong> <strong>Partner-Tools<\/strong><\/h2>\n\n<div class=\"wp-block-columns is-layout-flex wp-container-core-columns-is-layout-9d6595d7 wp-block-columns-is-layout-flex\">\n<div class=\"wp-block-column is-layout-flow wp-block-column-is-layout-flow\"><\/div>\n\n\n\n<div class=\"wp-block-column tile has-link is-layout-flow wp-block-column-is-layout-flow\" style=\"flex-basis:20%\"><div class=\"wp-block-image\">\n<figure class=\"aligncenter size-full is-resized\"><img fetchpriority=\"high\" decoding=\"async\" width=\"500\" height=\"500\" src=\"https:\/\/apgsolutions.com\/wp-content\/uploads\/2024\/03\/1-1.png\" alt=\"Ausbildung\" class=\"wp-image-82004\" style=\"width:66px;height:auto\" srcset=\"https:\/\/apgsolutions.com\/wp-content\/uploads\/2024\/03\/1-1.png 500w, https:\/\/apgsolutions.com\/wp-content\/uploads\/2024\/03\/1-1-300x300.png 300w, https:\/\/apgsolutions.com\/wp-content\/uploads\/2024\/03\/1-1-150x150.png 150w, https:\/\/apgsolutions.com\/wp-content\/uploads\/2024\/03\/1-1-80x80.png 80w, https:\/\/apgsolutions.com\/wp-content\/uploads\/2024\/03\/1-1-160x160.png 160w, https:\/\/apgsolutions.com\/wp-content\/uploads\/2024\/03\/1-1-95x95.png 95w, https:\/\/apgsolutions.com\/wp-content\/uploads\/2024\/03\/1-1-100x100.png 100w, https:\/\/apgsolutions.com\/wp-content\/uploads\/2024\/03\/1-1-96x96.png 96w\" sizes=\"(max-width: 500px) 100vw, 500px\" \/><\/figure>\n<\/div>\n\n\n<h3 class=\"wp-block-heading has-text-align-center\" id=\"h-training\" style=\"font-size:1.125rem\"><span style=\"text-decoration: underline;\">Ausbildung<\/span><\/h3>\n\n\n\n<p class=\"has-text-align-center\">M\u00f6chten Sie mehr \u00fcber unsere Produkte erfahren? Wir bieten Produktschulungen f\u00fcr Ihr Team mit unseren Kassenschubladen-Gurus an, um Ihre Verkaufsanstrengungen zu f\u00f6rdern. <\/p>\n<\/div>\n\n\n\n<div class=\"wp-block-column tile has-link is-layout-flow wp-block-column-is-layout-flow\" style=\"flex-basis:20%\"><div class=\"wp-block-image is-resized\">\n<figure class=\"aligncenter size-full\"><img decoding=\"async\" width=\"500\" height=\"500\" src=\"https:\/\/apgsolutions.com\/wp-content\/uploads\/2024\/03\/2-1.png\" alt=\"Kundenspezifische Sicherheiten\" class=\"wp-image-82008\" style=\"width:68px;height:auto\" srcset=\"https:\/\/apgsolutions.com\/wp-content\/uploads\/2024\/03\/2-1.png 500w, https:\/\/apgsolutions.com\/wp-content\/uploads\/2024\/03\/2-1-300x300.png 300w, https:\/\/apgsolutions.com\/wp-content\/uploads\/2024\/03\/2-1-150x150.png 150w, https:\/\/apgsolutions.com\/wp-content\/uploads\/2024\/03\/2-1-80x80.png 80w, https:\/\/apgsolutions.com\/wp-content\/uploads\/2024\/03\/2-1-160x160.png 160w, https:\/\/apgsolutions.com\/wp-content\/uploads\/2024\/03\/2-1-95x95.png 95w, https:\/\/apgsolutions.com\/wp-content\/uploads\/2024\/03\/2-1-100x100.png 100w, https:\/\/apgsolutions.com\/wp-content\/uploads\/2024\/03\/2-1-96x96.png 96w\" sizes=\"(max-width: 500px) 100vw, 500px\" \/><\/figure>\n<\/div>\n\n\n<h3 class=\"wp-block-heading has-text-align-center\" id=\"h-custom-collateral\" style=\"font-size:1.125rem\"><span style=\"text-decoration: underline;\">Kundenspezifische Sicherheiten<\/span><\/h3>\n\n\n\n<p class=\"has-text-align-center\">Wir bieten unseren Partnern kundenspezifisch entwickeltes Vertriebsmaterial, um die Verkaufsanstrengungen zu beschleunigen. Beispiele f\u00fcr Co-Branding-Materialien, die Ihrem Vertriebsteam zur Verf\u00fcgung stehen: ma\u00dfgeschneiderte Brosch\u00fcren, Gastblogs, gemeinsame Pressemitteilungen und mehr. <\/p>\n<\/div>\n\n\n\n<div class=\"wp-block-column tile has-link is-layout-flow wp-block-column-is-layout-flow\" style=\"flex-basis:20%\"><div class=\"wp-block-image is-resized\">\n<figure class=\"aligncenter size-full\"><img decoding=\"async\" width=\"500\" height=\"500\" src=\"https:\/\/apgsolutions.com\/wp-content\/uploads\/2024\/03\/3-1.png\" alt=\"apg&#xAE; Bildbibliothek\" class=\"wp-image-82012\" style=\"width:68px;height:auto\" srcset=\"https:\/\/apgsolutions.com\/wp-content\/uploads\/2024\/03\/3-1.png 500w, https:\/\/apgsolutions.com\/wp-content\/uploads\/2024\/03\/3-1-300x300.png 300w, https:\/\/apgsolutions.com\/wp-content\/uploads\/2024\/03\/3-1-150x150.png 150w, https:\/\/apgsolutions.com\/wp-content\/uploads\/2024\/03\/3-1-80x80.png 80w, https:\/\/apgsolutions.com\/wp-content\/uploads\/2024\/03\/3-1-160x160.png 160w, https:\/\/apgsolutions.com\/wp-content\/uploads\/2024\/03\/3-1-95x95.png 95w, https:\/\/apgsolutions.com\/wp-content\/uploads\/2024\/03\/3-1-100x100.png 100w, https:\/\/apgsolutions.com\/wp-content\/uploads\/2024\/03\/3-1-96x96.png 96w\" sizes=\"(max-width: 500px) 100vw, 500px\" \/><\/figure>\n<\/div>\n\n\n<h3 class=\"wp-block-heading has-text-align-center\" id=\"h-apg-image-library\" style=\"font-size:1.125rem\"><span style=\"text-decoration: underline;\">apg<strong><strong><sup>\u00ae<\/sup><\/strong><\/strong> Bild-Bibliothek<\/span><\/h3>\n\n\n\n<p class=\"has-text-align-center\">Verschaffen Sie sich Zugang zum Bildarchiv der apg, wo Sie Bilder von unseren Logos, Produkten und Zubeh\u00f6r von General Application herunterladen k\u00f6nnen. Diese Bilder k\u00f6nnen Sie auf Ihrer Website, auf Werbematerial oder f\u00fcr Ihre Werbung verwenden. <\/p>\n<\/div>\n\n\n\n<div class=\"wp-block-column tile has-link is-layout-flow wp-block-column-is-layout-flow\" style=\"flex-basis:20%\"><div class=\"wp-block-image is-resized\">\n<figure class=\"aligncenter size-full\"><img loading=\"lazy\" decoding=\"async\" width=\"500\" height=\"500\" src=\"https:\/\/apgsolutions.com\/wp-content\/uploads\/2024\/03\/4-1.png\" alt=\"Technische Unterst&#xFC;tzung\" class=\"wp-image-82016\" style=\"width:66px;height:auto\" srcset=\"https:\/\/apgsolutions.com\/wp-content\/uploads\/2024\/03\/4-1.png 500w, https:\/\/apgsolutions.com\/wp-content\/uploads\/2024\/03\/4-1-300x300.png 300w, https:\/\/apgsolutions.com\/wp-content\/uploads\/2024\/03\/4-1-150x150.png 150w, https:\/\/apgsolutions.com\/wp-content\/uploads\/2024\/03\/4-1-80x80.png 80w, https:\/\/apgsolutions.com\/wp-content\/uploads\/2024\/03\/4-1-160x160.png 160w, https:\/\/apgsolutions.com\/wp-content\/uploads\/2024\/03\/4-1-95x95.png 95w, https:\/\/apgsolutions.com\/wp-content\/uploads\/2024\/03\/4-1-100x100.png 100w, https:\/\/apgsolutions.com\/wp-content\/uploads\/2024\/03\/4-1-96x96.png 96w\" sizes=\"(max-width: 500px) 100vw, 500px\" \/><\/figure>\n<\/div>\n\n\n<h3 class=\"wp-block-heading has-text-align-center\" id=\"h-tech-support\" style=\"font-size:1.125rem\"><span style=\"text-decoration: underline;\">Technische Unterst\u00fctzung<\/span><\/h3>\n\n\n\n<p class=\"has-text-align-center\">Haben Sie Fragen? Rufen Sie den technischen Support von apg an. Er kann Ihnen bei allen Fragen, Problemen und Anliegen weiterhelfen. <br\/><br\/><br\/><\/p>\n<\/div>\n\n\n\n<div class=\"wp-block-column is-layout-flow wp-block-column-is-layout-flow\"><\/div>\n<\/div>\n\n<div class=\"wp-block-columns is-layout-flex wp-container-core-columns-is-layout-9d6595d7 wp-block-columns-is-layout-flex\">\n<div class=\"wp-block-column is-layout-flow wp-block-column-is-layout-flow\">\n<div class=\"wp-block-columns is-layout-flex wp-container-core-columns-is-layout-9d6595d7 wp-block-columns-is-layout-flex\">\n<div class=\"wp-block-column is-layout-flow wp-block-column-is-layout-flow\" style=\"flex-basis:100%\">\n<div class=\"wp-block-cover aligncenter\" style=\"min-height:322px;aspect-ratio:unset;\"><img loading=\"lazy\" decoding=\"async\" width=\"1024\" height=\"559\" class=\"wp-block-cover__image-background wp-image-82364\" alt=\"background blue\" src=\"https:\/\/apgsolutions.com\/wp-content\/uploads\/2024\/03\/Untitled-design-11-1024x559.png\" data-object-fit=\"cover\" srcset=\"https:\/\/apgsolutions.com\/wp-content\/uploads\/2024\/03\/Untitled-design-11-1024x559.png 1024w, https:\/\/apgsolutions.com\/wp-content\/uploads\/2024\/03\/Untitled-design-11-300x164.png 300w, https:\/\/apgsolutions.com\/wp-content\/uploads\/2024\/03\/Untitled-design-11-768x419.png 768w, https:\/\/apgsolutions.com\/wp-content\/uploads\/2024\/03\/Untitled-design-11-550x300.png 550w, https:\/\/apgsolutions.com\/wp-content\/uploads\/2024\/03\/Untitled-design-11-80x44.png 80w, https:\/\/apgsolutions.com\/wp-content\/uploads\/2024\/03\/Untitled-design-11-600x327.png 600w, https:\/\/apgsolutions.com\/wp-content\/uploads\/2024\/03\/Untitled-design-11.png 1320w\" sizes=\"(max-width: 1024px) 100vw, 1024px\" \/><span aria-hidden=\"true\" class=\"wp-block-cover__background has-background-dim\"><\/span><div class=\"wp-block-cover__inner-container is-layout-flow wp-block-cover-is-layout-flow\">\n<h2 class=\"wp-block-heading has-text-align-center has-large-font-size\" id=\"Partner-with-apg-now\"><mark style=\"background-color:rgba(0, 0, 0, 0)\" class=\"has-inline-color has-white-color\"><strong>Jetzt mit apg\u00ae zusammenarbeiten!<\/strong><\/mark><\/h2>\n\n\n\n<div class=\"wp-block-buttons is-content-justification-center is-layout-flex wp-container-core-buttons-is-layout-16018d1d wp-block-buttons-is-layout-flex\">\n<div class=\"wp-block-button\"><a class=\"wp-block-button__link wp-element-button\" href=\"https:\/\/share.hsforms.com\/1LbKxkX1xTDyGvG01ToUqKw1zj23\" target=\"_blank\" rel=\"noreferrer noopener\">Registrieren Sie sich<\/a><\/div>\n<\/div>\n<\/div><\/div>\n<\/div>\n<\/div>\n<\/div>\n<\/div>\n\n<div class=\"wp-block-media-text alignfull has-media-on-the-right is-stacked-on-mobile\" style=\"margin-bottom:80px;grid-template-columns:auto 49%\"><div class=\"wp-block-media-text__content\">\n<h2 class=\"wp-block-heading has-text-align-center\" id=\"h-download-apg-s-compass-reseller-program-booklet-to-discover-the-resources-available-to-you-and-the-business-benefits-of-our-program\"><strong>apg herunterladen<strong><strong><sup>\u00ae<\/sup><\/strong><\/strong>die Brosch\u00fcre zum Compass-Wiederverk\u00e4uferprogramm herunter und entdecken Sie die Ressourcen, die Ihnen zur Verf\u00fcgung stehen, sowie die gesch\u00e4ftlichen Vorteile unseres Programms.<\/strong><\/h2>\n\n\n\n<div class=\"wp-block-buttons is-content-justification-center is-layout-flex wp-container-core-buttons-is-layout-166d4f9d wp-block-buttons-is-layout-flex\" style=\"margin-bottom:var(--wp--preset--spacing--40)\">\n<div class=\"wp-block-button\"><a class=\"wp-block-button__link has-text-align-center wp-element-button\" href=\"https:\/\/apgsolutions.com\/wp-content\/uploads\/2025\/03\/2025-Compass-Reseller-Program-Brochure.pdf\" target=\"_blank\" rel=\"noreferrer noopener\">Jetzt herunterladen<\/a><\/div>\n<\/div>\n<\/div><figure class=\"wp-block-media-text__media\"><img loading=\"lazy\" decoding=\"async\" width=\"797\" height=\"500\" src=\"https:\/\/apgsolutions.com\/wp-content\/uploads\/2024\/03\/Untitled-design-10.png\" alt=\"apg\u00ae's Compass Reseller Program booklet\" class=\"wp-image-82340 size-full\" srcset=\"https:\/\/apgsolutions.com\/wp-content\/uploads\/2024\/03\/Untitled-design-10.png 797w, https:\/\/apgsolutions.com\/wp-content\/uploads\/2024\/03\/Untitled-design-10-300x188.png 300w, https:\/\/apgsolutions.com\/wp-content\/uploads\/2024\/03\/Untitled-design-10-768x482.png 768w, https:\/\/apgsolutions.com\/wp-content\/uploads\/2024\/03\/Untitled-design-10-550x345.png 550w, https:\/\/apgsolutions.com\/wp-content\/uploads\/2024\/03\/Untitled-design-10-80x50.png 80w, https:\/\/apgsolutions.com\/wp-content\/uploads\/2024\/03\/Untitled-design-10-600x376.png 600w\" sizes=\"(max-width: 797px) 100vw, 797px\" \/><\/figure><\/div>\n","protected":false},"excerpt":{"rendered":"<p>Wie funktioniert das? apg\u00ae-Wiederverk\u00e4ufer profitieren von einer Partnerschaft w\u00e4hrend des gesamten Gesch\u00e4ftszyklus, von Schulung und Integration bis hin zu Vertrieb und Support. Die Partner k\u00f6nnen die Ressourcen von apg\u00ae nutzen, um ihr aktuelles Marktpotenzial zu erweitern und Ihnen dabei zu helfen, das Gesch\u00e4ft zum Erfolg zu f\u00fchren. Partner k\u00f6nnen ihre Marke und ihren Service \u00fcber [&hellip;]<\/p>\n","protected":false},"author":488,"featured_media":0,"parent":0,"menu_order":0,"comment_status":"closed","ping_status":"closed","template":"","meta":{"_acf_changed":false,"content-type":"","footnotes":""},"class_list":["post-93533","page","type-page","status-publish"],"yoast_head":"<!-- This site is optimized with the Yoast SEO Premium plugin v23.5 (Yoast SEO v27.2) - https:\/\/yoast.com\/product\/yoast-seo-premium-wordpress\/ -->\n<title>apg<\/title>\n<meta name=\"description\" content=\"Nehmen Sie an unserem Compass Partnerprogramm teil und profitieren Sie von 40 Jahren Erfahrung mit Bargeldmanagement-L\u00f6sungen. Steigern Sie die Effizienz und Sicherheit am Point of Sale.\" \/>\n<meta name=\"robots\" content=\"index, follow, max-snippet:-1, max-image-preview:large, max-video-preview:-1\" \/>\n<link rel=\"canonical\" href=\"https:\/\/apgsolutions.com\/de\/compass-partner-program\/\" \/>\n<meta property=\"og:locale\" content=\"de_DE\" \/>\n<meta property=\"og:type\" content=\"article\" \/>\n<meta property=\"og:title\" content=\"apg\" \/>\n<meta property=\"og:description\" content=\"Nehmen Sie an unserem Compass Partnerprogramm teil und profitieren Sie von 40 Jahren Erfahrung mit Bargeldmanagement-L\u00f6sungen. Steigern Sie die Effizienz und Sicherheit am Point of Sale.\" \/>\n<meta property=\"og:url\" content=\"https:\/\/apgsolutions.com\/de\/compass-partner-program\/\" \/>\n<meta property=\"og:site_name\" content=\"apg\u00ae Solutions\" \/>\n<meta property=\"article:publisher\" content=\"https:\/\/www.facebook.com\/apgglobalsolutions\" \/>\n<meta property=\"article:modified_time\" content=\"2026-01-27T16:22:55+00:00\" \/>\n<meta property=\"og:image\" content=\"https:\/\/apgsolutions.com\/wp-content\/uploads\/2024\/03\/1-1.png\" \/>\n<meta name=\"twitter:card\" content=\"summary_large_image\" \/>\n<meta name=\"twitter:site\" content=\"@apg_solutions\" \/>\n<meta name=\"twitter:label1\" content=\"Gesch\u00e4tzte Lesezeit\" \/>\n\t<meta name=\"twitter:data1\" content=\"2\u00a0Minuten\" \/>\n<script type=\"application\/ld+json\" class=\"yoast-schema-graph\">{\"@context\":\"https:\/\/schema.org\",\"@graph\":[{\"@type\":\"WebPage\",\"@id\":\"https:\/\/apgsolutions.com\/de\/compass-partner-program\/\",\"url\":\"https:\/\/apgsolutions.com\/de\/compass-partner-program\/\",\"name\":\"apg\",\"isPartOf\":{\"@id\":\"https:\/\/apgsolutions.com\/de\/#website\"},\"primaryImageOfPage\":{\"@id\":\"https:\/\/apgsolutions.com\/de\/compass-partner-program\/#primaryimage\"},\"image\":{\"@id\":\"https:\/\/apgsolutions.com\/de\/compass-partner-program\/#primaryimage\"},\"thumbnailUrl\":\"https:\/\/apgsolutions.com\/wp-content\/uploads\/2024\/03\/1-1.png\",\"datePublished\":\"2025-09-26T06:22:18+00:00\",\"dateModified\":\"2026-01-27T16:22:55+00:00\",\"description\":\"Nehmen Sie an unserem Compass Partnerprogramm teil und profitieren Sie von 40 Jahren Erfahrung mit Bargeldmanagement-L\u00f6sungen. Steigern Sie die Effizienz und Sicherheit am Point of Sale.\",\"inLanguage\":\"de\",\"potentialAction\":[{\"@type\":\"ReadAction\",\"target\":[\"https:\/\/apgsolutions.com\/de\/compass-partner-program\/\"]}]},{\"@type\":\"ImageObject\",\"inLanguage\":\"de\",\"@id\":\"https:\/\/apgsolutions.com\/de\/compass-partner-program\/#primaryimage\",\"url\":\"https:\/\/apgsolutions.com\/wp-content\/uploads\/2024\/03\/1-1.png\",\"contentUrl\":\"https:\/\/apgsolutions.com\/wp-content\/uploads\/2024\/03\/1-1.png\"},{\"@type\":\"WebSite\",\"@id\":\"https:\/\/apgsolutions.com\/de\/#website\",\"url\":\"https:\/\/apgsolutions.com\/de\/\",\"name\":\"APG Solutions, LLC\",\"description\":\"Trust at every point.\",\"publisher\":{\"@id\":\"https:\/\/apgsolutions.com\/de\/#organization\"},\"potentialAction\":[{\"@type\":\"SearchAction\",\"target\":{\"@type\":\"EntryPoint\",\"urlTemplate\":\"https:\/\/apgsolutions.com\/de\/?s={search_term_string}\"},\"query-input\":{\"@type\":\"PropertyValueSpecification\",\"valueRequired\":true,\"valueName\":\"search_term_string\"}}],\"inLanguage\":\"de\"},{\"@type\":\"Organization\",\"@id\":\"https:\/\/apgsolutions.com\/de\/#organization\",\"name\":\"APG Solution, LLC\",\"url\":\"https:\/\/apgsolutions.com\/de\/\",\"logo\":{\"@type\":\"ImageObject\",\"inLanguage\":\"de\",\"@id\":\"https:\/\/apgsolutions.com\/de\/#\/schema\/logo\/image\/\",\"url\":\"https:\/\/apgsolutions.com\/wp-content\/uploads\/2023\/12\/logomark-color.svg\",\"contentUrl\":\"https:\/\/apgsolutions.com\/wp-content\/uploads\/2023\/12\/logomark-color.svg\",\"width\":141,\"height\":138,\"caption\":\"APG Solution, LLC\"},\"image\":{\"@id\":\"https:\/\/apgsolutions.com\/de\/#\/schema\/logo\/image\/\"},\"sameAs\":[\"https:\/\/www.facebook.com\/apgglobalsolutions\",\"https:\/\/x.com\/apg_solutions\",\"https:\/\/www.youtube.com\/c\/CashManagementGlobalSolutionsbyapg\",\"https:\/\/www.linkedin.com\/company\/apgglobalsolutions\/\",\"https:\/\/www.instagram.com\/apgglobalsolutions\/\",\"https:\/\/www.pinterest.com\/apgcashdrawer\/\"]}]}<\/script>\n<!-- \/ Yoast SEO Premium plugin. -->","yoast_head_json":{"title":"apg","description":"Nehmen Sie an unserem Compass Partnerprogramm teil und profitieren Sie von 40 Jahren Erfahrung mit Bargeldmanagement-L\u00f6sungen. Steigern Sie die Effizienz und Sicherheit am Point of Sale.","robots":{"index":"index","follow":"follow","max-snippet":"max-snippet:-1","max-image-preview":"max-image-preview:large","max-video-preview":"max-video-preview:-1"},"canonical":"https:\/\/apgsolutions.com\/de\/compass-partner-program\/","og_locale":"de_DE","og_type":"article","og_title":"apg","og_description":"Nehmen Sie an unserem Compass Partnerprogramm teil und profitieren Sie von 40 Jahren Erfahrung mit Bargeldmanagement-L\u00f6sungen. Steigern Sie die Effizienz und Sicherheit am Point of Sale.","og_url":"https:\/\/apgsolutions.com\/de\/compass-partner-program\/","og_site_name":"apg\u00ae Solutions","article_publisher":"https:\/\/www.facebook.com\/apgglobalsolutions","article_modified_time":"2026-01-27T16:22:55+00:00","og_image":[{"url":"https:\/\/apgsolutions.com\/wp-content\/uploads\/2024\/03\/1-1.png","type":"","width":"","height":""}],"twitter_card":"summary_large_image","twitter_site":"@apg_solutions","twitter_misc":{"Gesch\u00e4tzte Lesezeit":"2\u00a0Minuten"},"schema":{"@context":"https:\/\/schema.org","@graph":[{"@type":"WebPage","@id":"https:\/\/apgsolutions.com\/de\/compass-partner-program\/","url":"https:\/\/apgsolutions.com\/de\/compass-partner-program\/","name":"apg","isPartOf":{"@id":"https:\/\/apgsolutions.com\/de\/#website"},"primaryImageOfPage":{"@id":"https:\/\/apgsolutions.com\/de\/compass-partner-program\/#primaryimage"},"image":{"@id":"https:\/\/apgsolutions.com\/de\/compass-partner-program\/#primaryimage"},"thumbnailUrl":"https:\/\/apgsolutions.com\/wp-content\/uploads\/2024\/03\/1-1.png","datePublished":"2025-09-26T06:22:18+00:00","dateModified":"2026-01-27T16:22:55+00:00","description":"Nehmen Sie an unserem Compass Partnerprogramm teil und profitieren Sie von 40 Jahren Erfahrung mit Bargeldmanagement-L\u00f6sungen. Steigern Sie die Effizienz und Sicherheit am Point of Sale.","inLanguage":"de","potentialAction":[{"@type":"ReadAction","target":["https:\/\/apgsolutions.com\/de\/compass-partner-program\/"]}]},{"@type":"ImageObject","inLanguage":"de","@id":"https:\/\/apgsolutions.com\/de\/compass-partner-program\/#primaryimage","url":"https:\/\/apgsolutions.com\/wp-content\/uploads\/2024\/03\/1-1.png","contentUrl":"https:\/\/apgsolutions.com\/wp-content\/uploads\/2024\/03\/1-1.png"},{"@type":"WebSite","@id":"https:\/\/apgsolutions.com\/de\/#website","url":"https:\/\/apgsolutions.com\/de\/","name":"APG Solutions, LLC","description":"Trust at every point.","publisher":{"@id":"https:\/\/apgsolutions.com\/de\/#organization"},"potentialAction":[{"@type":"SearchAction","target":{"@type":"EntryPoint","urlTemplate":"https:\/\/apgsolutions.com\/de\/?s={search_term_string}"},"query-input":{"@type":"PropertyValueSpecification","valueRequired":true,"valueName":"search_term_string"}}],"inLanguage":"de"},{"@type":"Organization","@id":"https:\/\/apgsolutions.com\/de\/#organization","name":"APG Solution, LLC","url":"https:\/\/apgsolutions.com\/de\/","logo":{"@type":"ImageObject","inLanguage":"de","@id":"https:\/\/apgsolutions.com\/de\/#\/schema\/logo\/image\/","url":"https:\/\/apgsolutions.com\/wp-content\/uploads\/2023\/12\/logomark-color.svg","contentUrl":"https:\/\/apgsolutions.com\/wp-content\/uploads\/2023\/12\/logomark-color.svg","width":141,"height":138,"caption":"APG Solution, LLC"},"image":{"@id":"https:\/\/apgsolutions.com\/de\/#\/schema\/logo\/image\/"},"sameAs":["https:\/\/www.facebook.com\/apgglobalsolutions","https:\/\/x.com\/apg_solutions","https:\/\/www.youtube.com\/c\/CashManagementGlobalSolutionsbyapg","https:\/\/www.linkedin.com\/company\/apgglobalsolutions\/","https:\/\/www.instagram.com\/apgglobalsolutions\/","https:\/\/www.pinterest.com\/apgcashdrawer\/"]}]}},"acf":[],"_links":{"self":[{"href":"https:\/\/apgsolutions.com\/de\/wp-json\/wp\/v2\/pages\/93533","targetHints":{"allow":["GET"]}}],"collection":[{"href":"https:\/\/apgsolutions.com\/de\/wp-json\/wp\/v2\/pages"}],"about":[{"href":"https:\/\/apgsolutions.com\/de\/wp-json\/wp\/v2\/types\/page"}],"author":[{"embeddable":true,"href":"https:\/\/apgsolutions.com\/de\/wp-json\/wp\/v2\/users\/488"}],"replies":[{"embeddable":true,"href":"https:\/\/apgsolutions.com\/de\/wp-json\/wp\/v2\/comments?post=93533"}],"version-history":[{"count":4,"href":"https:\/\/apgsolutions.com\/de\/wp-json\/wp\/v2\/pages\/93533\/revisions"}],"predecessor-version":[{"id":103529,"href":"https:\/\/apgsolutions.com\/de\/wp-json\/wp\/v2\/pages\/93533\/revisions\/103529"}],"wp:attachment":[{"href":"https:\/\/apgsolutions.com\/de\/wp-json\/wp\/v2\/media?parent=93533"}],"curies":[{"name":"wp","href":"https:\/\/api.w.org\/{rel}","templated":true}]}}