{"id":93581,"date":"2025-09-26T06:46:05","date_gmt":"2025-09-26T06:46:05","guid":{"rendered":"https:\/\/apgsolutions.com\/connecting-cash-drawer-printer\/"},"modified":"2026-01-22T17:17:47","modified_gmt":"2026-01-22T17:17:47","slug":"connecting-cash-drawer-printer","status":"publish","type":"page","link":"https:\/\/apgsolutions.com\/de\/connecting-cash-drawer-printer\/","title":{"rendered":"So schlie\u00dfen Sie eine Kassenlade an einen Drucker an"},"content":{"rendered":"<div class=\"section_page-header \">\n    <img decoding=\"async\" class=\"header-image\" src=\"https:\/\/apgsolutions.com\/wp-content\/uploads\/2023\/05\/connecting-a-cash-dawer-to-a-printer.jpg\" alt=\"connecting-a-cash-dawer-to-a-printer\" title=\"connecting-a-cash-dawer-to-a-printer\">\n            <div class=\"header-content\">\n            <h1>So schlie\u00dfen Sie eine Kassenlade an einen Drucker an<\/h1>\n        <\/div>\n    <\/div>\n<h2 class=\"wp-block-heading has-text-align-center\">Anschluss einer APG Kassenschublade an einen 24-V-Bondrucker<\/h2>\n\n<div class=\"wp-block-columns is-layout-flex wp-container-core-columns-is-layout-9d6595d7 wp-block-columns-is-layout-flex\">\n<div class=\"wp-block-column is-layout-flow wp-block-column-is-layout-flow\" style=\"flex-basis:66.66%\">\n<p>Die meisten Bondrucker auf dem <a href=\"https:\/\/apgsolutions.com\/de\/produkte\/\">POS-Markt<\/a> verf\u00fcgen \u00fcber Schubladen-Kick-Ports, die ein 24VDC-Signal zum \u00d6ffnen der Kassenschublade senden. Bitte beachten Sie, dass die Schubladenanschl\u00fcsse nicht bei allen Druckerherstellern gleich best\u00fcckt sind. Das bedeutet, dass es viele verschiedene Kabel gibt, die f\u00fcr Ihr Setup verwendet werden k\u00f6nnen. Anhand der folgenden Informationen k\u00f6nnen Sie versuchen, das richtige Kabel f\u00fcr viele g\u00e4ngige Drucker zu finden. Sie k\u00f6nnen <a href=\"https:\/\/youtu.be\/AMzGxOqm3GA\" target=\"_blank\" rel=\"noreferrer noopener\">sich auch dieses Video ansehen<\/a>, das Ihnen beim Anschluss der Kassenschublade an den Bondrucker hilft.<\/p>\n<\/div>\n\n\n\n<div class=\"wp-block-column is-layout-flow wp-block-column-is-layout-flow\" style=\"flex-basis:33.33%\"><div class=\"wp-block-image wp-duotone-unset-2\">\n<figure class=\"aligncenter size-thumbnail\"><img decoding=\"async\" width=\"150\" height=\"150\" src=\"https:\/\/apgsolutions.com\/wp-content\/uploads\/2023\/05\/Cable-used-for-multiple-parts-150x150.jpg\" alt=\"Anschluss einer APG Kassenschublade an einen 24-V-Bondrucker\" class=\"wp-image-3257\" srcset=\"https:\/\/apgsolutions.com\/wp-content\/uploads\/2023\/05\/Cable-used-for-multiple-parts-150x150.jpg 150w, https:\/\/apgsolutions.com\/wp-content\/uploads\/2023\/05\/Cable-used-for-multiple-parts-300x300.jpg 300w, https:\/\/apgsolutions.com\/wp-content\/uploads\/2023\/05\/Cable-used-for-multiple-parts-100x100.jpg 100w\" sizes=\"(max-width: 150px) 100vw, 150px\" \/><\/figure>\n<\/div><\/div>\n<\/div>\n\n<figure class=\"wp-block-embed aligncenter is-type-video is-provider-youtube wp-block-embed-youtube wp-embed-aspect-16-9 wp-has-aspect-ratio\"><div class=\"wp-block-embed__wrapper\">\n<iframe title=\"How to Connect a Cash Drawer to a POS Receipt Printer - Connecting your Cash Register\" width=\"500\" height=\"281\" src=\"https:\/\/www.youtube.com\/embed\/AMzGxOqm3GA?feature=oembed\" frameborder=\"0\" allow=\"accelerometer; autoplay; clipboard-write; encrypted-media; gyroscope; picture-in-picture; web-share\" referrerpolicy=\"strict-origin-when-cross-origin\" allowfullscreen><\/iframe>\n<\/div><\/figure>\n\n<h3 class=\"wp-block-heading\" id=\"h-what-cash-drawer-do-i-have\">Welche Kassenschublade habe ich?<\/h3>\n\n<p>Um das richtige Kabel zu bekommen, m\u00fcssen Sie zun\u00e4chst sicherstellen, dass Sie die richtige Kassenschublade haben. Die verwendete Kassenschublade muss mit unserer &#8222;320&#8220; MultiPRO\u00ae-Schnittstelle ausgestattet sein, damit sie mit 24V-Bondruckern funktioniert. Siehe die Beispiele unten:  <\/p>\n\n<p>JD320-BL1816-C<br\/>JB320-BL1816-C<br\/>T320-BL1616<br\/>VB320-BL1616<br\/>VBS320-BL1915<br\/>VP320-BL1416<\/p>\n\n<p>Wenn Sie Ihre Teilenummer nicht kennen, sehen Sie sich die Videos auf <a href=\"https:\/\/apgsolutions.com\/de\/ressourcen\/\">dieser Seite<\/a> an.<\/p>\n\n<h3 class=\"wp-block-heading\" id=\"h-what-cable-do-i-need\">Welches Kabel ben\u00f6tige ich?<\/h3>\n\n<p>Die folgende Tabelle enth\u00e4lt einige der g\u00e4ngigsten Drucker und Druckerhersteller. Suchen Sie den Drucker, den Sie verwenden, und folgen Sie der Tabelle zur Spalte &#8222;Ben\u00f6tigtes APG-Kabel&#8220;, um zu sehen, welches Kabel Sie ben\u00f6tigen. <\/p>\n\n<figure class=\"wp-block-table is-style-stripes\"><table><thead><tr><th>Drucker Hersteller<\/th><th>Druckermodell\/Serie<\/th><th>APG Kabel wird ben\u00f6tigt<\/th><th>Link zu unserem Online Shop<\/th><\/tr><\/thead><tbody><tr><td>Epson<\/td><td>TM-Serie<\/td><td>CD-101A<\/td><td><a href=\"https:\/\/apgsolutions.com\/store\/cd-101a-printer-cable\/\">jetzt bestellen<\/a><\/td><\/tr><tr><td>Stern<\/td><td>SP und TSP Serien<\/td><td>CD-101A<\/td><td><a href=\"https:\/\/apgsolutions.com\/store\/cd-101a-printer-cable\/\">jetzt bestellen<\/a><\/td><\/tr><tr><td>TPG<\/td><td>Serie &#8222;A&#8220;<\/td><td>CD-102A<\/td><td><a href=\"https:\/\/apgsolutions.com\/es\/store\/cd-102a\/\">jetzt bestellen<\/a><\/td><\/tr><tr><td>B\u00fcrger<\/td><td>CT und CTS Serien<\/td><td>CD-101A<\/td><td><a href=\"https:\/\/apgsolutions.com\/store\/cd-101a-printer-cable\/\">jetzt bestellen<\/a><\/td><\/tr><\/tbody><\/table><\/figure>\n\n<p>Die vollst\u00e4ndige Liste der Drucker und Kabel finden Sie in unserem <a href=\"https:\/\/apgsolutions.com\/wp-content\/uploads\/2023\/06\/M-43-031_revAT-PDF.pdf\" target=\"_blank\" rel=\"noreferrer noopener\">Connectivity Guide<\/a>.<\/p>\n\n<hr class=\"wp-block-separator has-alpha-channel-opacity\"\/>\n\n<p>Wenn Sie weitere Fragen dazu haben, rufen Sie uns bitte unter +1 763-571-5000 an oder senden Sie eine E-Mail an <a href=\"mailto:sales.na@apgsolutions.com\">sales.na@apgsolutions.com<\/a> und <a href=\"mailto:sales.eu@apgsolutions.com\">sales.eu@apgsolutions.com.<\/a> Bitte geben Sie in Ihrer E-Mail die Teilenummer Ihrer Kassenschublade, die Druckermarke und die Serie an.<\/p>\n","protected":false},"excerpt":{"rendered":"<p>Anschluss einer APG Kassenschublade an einen 24-V-Bondrucker Die meisten Bondrucker auf dem POS-Markt verf\u00fcgen \u00fcber Schubladen-Kick-Ports, die ein 24VDC-Signal zum \u00d6ffnen der Kassenschublade senden. Bitte beachten Sie, dass die Schubladenanschl\u00fcsse nicht bei allen Druckerherstellern gleich best\u00fcckt sind. Das bedeutet, dass es viele verschiedene Kabel gibt, die f\u00fcr Ihr Setup verwendet werden k\u00f6nnen. Anhand der folgenden [&hellip;]<\/p>\n","protected":false},"author":4,"featured_media":0,"parent":0,"menu_order":0,"comment_status":"closed","ping_status":"closed","template":"","meta":{"_acf_changed":false,"content-type":"","footnotes":""},"class_list":["post-93581","page","type-page","status-publish"],"yoast_head":"<!-- This site is optimized with the Yoast SEO Premium plugin v23.5 (Yoast SEO v27.2) - https:\/\/yoast.com\/product\/yoast-seo-premium-wordpress\/ -->\n<title>Anschluss einer Kassenschublade an einen Drucker | apg\u00ae Solutions<\/title>\n<meta name=\"description\" content=\"Wie man eine Kassenschublade an einen Drucker anschlie\u00dft. Die meisten auf dem Markt befindlichen Bondrucker verf\u00fcgen \u00fcber Schubladenkick-Anschl\u00fcsse, die ein 24VDC-Signal zum \u00d6ffnen der Kassenschublade senden. Es ist wichtig zu wissen, dass die Schubladenkick-Anschl\u00fcsse nicht bei allen Druckerherstellern gleich best\u00fcckt sind.\" \/>\n<meta name=\"robots\" content=\"index, follow, max-snippet:-1, max-image-preview:large, max-video-preview:-1\" \/>\n<link rel=\"canonical\" href=\"https:\/\/apgsolutions.com\/de\/connecting-cash-drawer-printer\/\" \/>\n<meta property=\"og:locale\" content=\"de_DE\" \/>\n<meta property=\"og:type\" content=\"article\" \/>\n<meta property=\"og:title\" content=\"Anschluss einer Kassenschublade an einen Drucker | apg\u00ae Solutions\" \/>\n<meta property=\"og:description\" content=\"Wie man eine Kassenschublade an einen Drucker anschlie\u00dft. Die meisten auf dem Markt befindlichen Bondrucker verf\u00fcgen \u00fcber Schubladenkick-Anschl\u00fcsse, die ein 24VDC-Signal zum \u00d6ffnen der Kassenschublade senden. Es ist wichtig zu wissen, dass die Schubladenkick-Anschl\u00fcsse nicht bei allen Druckerherstellern gleich best\u00fcckt sind.\" \/>\n<meta property=\"og:url\" content=\"https:\/\/apgsolutions.com\/de\/connecting-cash-drawer-printer\/\" \/>\n<meta property=\"og:site_name\" content=\"apg\u00ae Solutions\" \/>\n<meta property=\"article:publisher\" content=\"https:\/\/www.facebook.com\/apgglobalsolutions\" \/>\n<meta property=\"article:modified_time\" content=\"2026-01-22T17:17:47+00:00\" \/>\n<meta property=\"og:image\" content=\"https:\/\/apgsolutions.com\/wp-content\/uploads\/2023\/05\/Cable-used-for-multiple-parts-150x150.jpg\" \/>\n<meta name=\"twitter:card\" content=\"summary_large_image\" \/>\n<meta name=\"twitter:site\" content=\"@apg_solutions\" \/>\n<meta name=\"twitter:label1\" content=\"Gesch\u00e4tzte Lesezeit\" \/>\n\t<meta name=\"twitter:data1\" content=\"1\u00a0Minute\" \/>\n<script type=\"application\/ld+json\" class=\"yoast-schema-graph\">{\"@context\":\"https:\/\/schema.org\",\"@graph\":[{\"@type\":\"WebPage\",\"@id\":\"https:\/\/apgsolutions.com\/de\/connecting-cash-drawer-printer\/\",\"url\":\"https:\/\/apgsolutions.com\/de\/connecting-cash-drawer-printer\/\",\"name\":\"Anschluss einer Kassenschublade an einen Drucker | apg\u00ae Solutions\",\"isPartOf\":{\"@id\":\"https:\/\/apgsolutions.com\/de\/#website\"},\"primaryImageOfPage\":{\"@id\":\"https:\/\/apgsolutions.com\/de\/connecting-cash-drawer-printer\/#primaryimage\"},\"image\":{\"@id\":\"https:\/\/apgsolutions.com\/de\/connecting-cash-drawer-printer\/#primaryimage\"},\"thumbnailUrl\":\"https:\/\/apgsolutions.com\/wp-content\/uploads\/2023\/05\/Cable-used-for-multiple-parts-150x150.jpg\",\"datePublished\":\"2025-09-26T06:46:05+00:00\",\"dateModified\":\"2026-01-22T17:17:47+00:00\",\"description\":\"Wie man eine Kassenschublade an einen Drucker anschlie\u00dft. Die meisten auf dem Markt befindlichen Bondrucker verf\u00fcgen \u00fcber Schubladenkick-Anschl\u00fcsse, die ein 24VDC-Signal zum \u00d6ffnen der Kassenschublade senden. Es ist wichtig zu wissen, dass die Schubladenkick-Anschl\u00fcsse nicht bei allen Druckerherstellern gleich best\u00fcckt sind.\",\"inLanguage\":\"de\",\"potentialAction\":[{\"@type\":\"ReadAction\",\"target\":[\"https:\/\/apgsolutions.com\/de\/connecting-cash-drawer-printer\/\"]}]},{\"@type\":\"ImageObject\",\"inLanguage\":\"de\",\"@id\":\"https:\/\/apgsolutions.com\/de\/connecting-cash-drawer-printer\/#primaryimage\",\"url\":\"https:\/\/apgsolutions.com\/wp-content\/uploads\/2023\/05\/Cable-used-for-multiple-parts-150x150.jpg\",\"contentUrl\":\"https:\/\/apgsolutions.com\/wp-content\/uploads\/2023\/05\/Cable-used-for-multiple-parts-150x150.jpg\"},{\"@type\":\"WebSite\",\"@id\":\"https:\/\/apgsolutions.com\/de\/#website\",\"url\":\"https:\/\/apgsolutions.com\/de\/\",\"name\":\"APG Solutions, LLC\",\"description\":\"Trust at every point.\",\"publisher\":{\"@id\":\"https:\/\/apgsolutions.com\/de\/#organization\"},\"potentialAction\":[{\"@type\":\"SearchAction\",\"target\":{\"@type\":\"EntryPoint\",\"urlTemplate\":\"https:\/\/apgsolutions.com\/de\/?s={search_term_string}\"},\"query-input\":{\"@type\":\"PropertyValueSpecification\",\"valueRequired\":true,\"valueName\":\"search_term_string\"}}],\"inLanguage\":\"de\"},{\"@type\":\"Organization\",\"@id\":\"https:\/\/apgsolutions.com\/de\/#organization\",\"name\":\"APG Solution, LLC\",\"url\":\"https:\/\/apgsolutions.com\/de\/\",\"logo\":{\"@type\":\"ImageObject\",\"inLanguage\":\"de\",\"@id\":\"https:\/\/apgsolutions.com\/de\/#\/schema\/logo\/image\/\",\"url\":\"https:\/\/apgsolutions.com\/wp-content\/uploads\/2023\/12\/logomark-color.svg\",\"contentUrl\":\"https:\/\/apgsolutions.com\/wp-content\/uploads\/2023\/12\/logomark-color.svg\",\"width\":141,\"height\":138,\"caption\":\"APG Solution, LLC\"},\"image\":{\"@id\":\"https:\/\/apgsolutions.com\/de\/#\/schema\/logo\/image\/\"},\"sameAs\":[\"https:\/\/www.facebook.com\/apgglobalsolutions\",\"https:\/\/x.com\/apg_solutions\",\"https:\/\/www.youtube.com\/c\/CashManagementGlobalSolutionsbyapg\",\"https:\/\/www.linkedin.com\/company\/apgglobalsolutions\/\",\"https:\/\/www.instagram.com\/apgglobalsolutions\/\",\"https:\/\/www.pinterest.com\/apgcashdrawer\/\"]}]}<\/script>\n<!-- \/ Yoast SEO Premium plugin. -->","yoast_head_json":{"title":"Anschluss einer Kassenschublade an einen Drucker | apg\u00ae Solutions","description":"Wie man eine Kassenschublade an einen Drucker anschlie\u00dft. Die meisten auf dem Markt befindlichen Bondrucker verf\u00fcgen \u00fcber Schubladenkick-Anschl\u00fcsse, die ein 24VDC-Signal zum \u00d6ffnen der Kassenschublade senden. Es ist wichtig zu wissen, dass die Schubladenkick-Anschl\u00fcsse nicht bei allen Druckerherstellern gleich best\u00fcckt sind.","robots":{"index":"index","follow":"follow","max-snippet":"max-snippet:-1","max-image-preview":"max-image-preview:large","max-video-preview":"max-video-preview:-1"},"canonical":"https:\/\/apgsolutions.com\/de\/connecting-cash-drawer-printer\/","og_locale":"de_DE","og_type":"article","og_title":"Anschluss einer Kassenschublade an einen Drucker | apg\u00ae Solutions","og_description":"Wie man eine Kassenschublade an einen Drucker anschlie\u00dft. Die meisten auf dem Markt befindlichen Bondrucker verf\u00fcgen \u00fcber Schubladenkick-Anschl\u00fcsse, die ein 24VDC-Signal zum \u00d6ffnen der Kassenschublade senden. Es ist wichtig zu wissen, dass die Schubladenkick-Anschl\u00fcsse nicht bei allen Druckerherstellern gleich best\u00fcckt sind.","og_url":"https:\/\/apgsolutions.com\/de\/connecting-cash-drawer-printer\/","og_site_name":"apg\u00ae Solutions","article_publisher":"https:\/\/www.facebook.com\/apgglobalsolutions","article_modified_time":"2026-01-22T17:17:47+00:00","og_image":[{"url":"https:\/\/apgsolutions.com\/wp-content\/uploads\/2023\/05\/Cable-used-for-multiple-parts-150x150.jpg","type":"","width":"","height":""}],"twitter_card":"summary_large_image","twitter_site":"@apg_solutions","twitter_misc":{"Gesch\u00e4tzte Lesezeit":"1\u00a0Minute"},"schema":{"@context":"https:\/\/schema.org","@graph":[{"@type":"WebPage","@id":"https:\/\/apgsolutions.com\/de\/connecting-cash-drawer-printer\/","url":"https:\/\/apgsolutions.com\/de\/connecting-cash-drawer-printer\/","name":"Anschluss einer Kassenschublade an einen Drucker | apg\u00ae Solutions","isPartOf":{"@id":"https:\/\/apgsolutions.com\/de\/#website"},"primaryImageOfPage":{"@id":"https:\/\/apgsolutions.com\/de\/connecting-cash-drawer-printer\/#primaryimage"},"image":{"@id":"https:\/\/apgsolutions.com\/de\/connecting-cash-drawer-printer\/#primaryimage"},"thumbnailUrl":"https:\/\/apgsolutions.com\/wp-content\/uploads\/2023\/05\/Cable-used-for-multiple-parts-150x150.jpg","datePublished":"2025-09-26T06:46:05+00:00","dateModified":"2026-01-22T17:17:47+00:00","description":"Wie man eine Kassenschublade an einen Drucker anschlie\u00dft. Die meisten auf dem Markt befindlichen Bondrucker verf\u00fcgen \u00fcber Schubladenkick-Anschl\u00fcsse, die ein 24VDC-Signal zum \u00d6ffnen der Kassenschublade senden. Es ist wichtig zu wissen, dass die Schubladenkick-Anschl\u00fcsse nicht bei allen Druckerherstellern gleich best\u00fcckt sind.","inLanguage":"de","potentialAction":[{"@type":"ReadAction","target":["https:\/\/apgsolutions.com\/de\/connecting-cash-drawer-printer\/"]}]},{"@type":"ImageObject","inLanguage":"de","@id":"https:\/\/apgsolutions.com\/de\/connecting-cash-drawer-printer\/#primaryimage","url":"https:\/\/apgsolutions.com\/wp-content\/uploads\/2023\/05\/Cable-used-for-multiple-parts-150x150.jpg","contentUrl":"https:\/\/apgsolutions.com\/wp-content\/uploads\/2023\/05\/Cable-used-for-multiple-parts-150x150.jpg"},{"@type":"WebSite","@id":"https:\/\/apgsolutions.com\/de\/#website","url":"https:\/\/apgsolutions.com\/de\/","name":"APG Solutions, LLC","description":"Trust at every point.","publisher":{"@id":"https:\/\/apgsolutions.com\/de\/#organization"},"potentialAction":[{"@type":"SearchAction","target":{"@type":"EntryPoint","urlTemplate":"https:\/\/apgsolutions.com\/de\/?s={search_term_string}"},"query-input":{"@type":"PropertyValueSpecification","valueRequired":true,"valueName":"search_term_string"}}],"inLanguage":"de"},{"@type":"Organization","@id":"https:\/\/apgsolutions.com\/de\/#organization","name":"APG Solution, LLC","url":"https:\/\/apgsolutions.com\/de\/","logo":{"@type":"ImageObject","inLanguage":"de","@id":"https:\/\/apgsolutions.com\/de\/#\/schema\/logo\/image\/","url":"https:\/\/apgsolutions.com\/wp-content\/uploads\/2023\/12\/logomark-color.svg","contentUrl":"https:\/\/apgsolutions.com\/wp-content\/uploads\/2023\/12\/logomark-color.svg","width":141,"height":138,"caption":"APG Solution, LLC"},"image":{"@id":"https:\/\/apgsolutions.com\/de\/#\/schema\/logo\/image\/"},"sameAs":["https:\/\/www.facebook.com\/apgglobalsolutions","https:\/\/x.com\/apg_solutions","https:\/\/www.youtube.com\/c\/CashManagementGlobalSolutionsbyapg","https:\/\/www.linkedin.com\/company\/apgglobalsolutions\/","https:\/\/www.instagram.com\/apgglobalsolutions\/","https:\/\/www.pinterest.com\/apgcashdrawer\/"]}]}},"acf":[],"_links":{"self":[{"href":"https:\/\/apgsolutions.com\/de\/wp-json\/wp\/v2\/pages\/93581","targetHints":{"allow":["GET"]}}],"collection":[{"href":"https:\/\/apgsolutions.com\/de\/wp-json\/wp\/v2\/pages"}],"about":[{"href":"https:\/\/apgsolutions.com\/de\/wp-json\/wp\/v2\/types\/page"}],"author":[{"embeddable":true,"href":"https:\/\/apgsolutions.com\/de\/wp-json\/wp\/v2\/users\/4"}],"replies":[{"embeddable":true,"href":"https:\/\/apgsolutions.com\/de\/wp-json\/wp\/v2\/comments?post=93581"}],"version-history":[{"count":3,"href":"https:\/\/apgsolutions.com\/de\/wp-json\/wp\/v2\/pages\/93581\/revisions"}],"predecessor-version":[{"id":98739,"href":"https:\/\/apgsolutions.com\/de\/wp-json\/wp\/v2\/pages\/93581\/revisions\/98739"}],"wp:attachment":[{"href":"https:\/\/apgsolutions.com\/de\/wp-json\/wp\/v2\/media?parent=93581"}],"curies":[{"name":"wp","href":"https:\/\/api.w.org\/{rel}","templated":true}]}}