{"id":93985,"date":"2025-10-07T10:55:56","date_gmt":"2025-10-07T10:55:56","guid":{"rendered":"https:\/\/apgsolutions.com\/bars-and-nightclubs\/"},"modified":"2025-11-24T13:33:39","modified_gmt":"2025-11-24T13:33:39","slug":"bars-and-nightclubs","status":"publish","type":"page","link":"https:\/\/apgsolutions.com\/de\/industry\/bars-and-nightclubs\/","title":{"rendered":"POS-L\u00f6sungen und Kassenschubladen f\u00fcr Bars und Nachtclubs"},"content":{"rendered":"<div class=\"section_page-header \">\n    <img decoding=\"async\" class=\"header-image\" src=\"https:\/\/apgsolutions.com\/wp-content\/uploads\/2023\/07\/Bars-Vertical-Page-e1721758476330.jpg\" alt=\"Bars + Nightclubs\" title=\"Bars + Nightclubs\">\n            <div class=\"header-content\">\n            <h1>POS Solutions &amp; Cash Drawers for Bars and Nightclubs<\/h1>\n        <\/div>\n    <\/div>\n<div class=\"wp-block-group pos-content-div is-vertical is-content-justification-center is-layout-flex wp-container-core-group-is-layout-4b2eccd6 wp-block-group-is-layout-flex\">\n<div style=\"height:0px\" aria-hidden=\"true\" class=\"wp-block-spacer wp-container-content-b83b6736\"><\/div>\n\n\n\n<div class=\"wp-block-group is-vertical is-content-justification-center is-nowrap is-layout-flex wp-container-core-group-is-layout-e862386f wp-block-group-is-layout-flex\">\n<p class=\"has-text-align-center has-large-font-size\"><strong>L\u00f6sungen f\u00fcr schnelle Bargeldtransaktionen<\/strong><\/p>\n\n\n\n<div style=\"height:0px\" aria-hidden=\"true\" class=\"wp-block-spacer wp-container-content-5082a153\"><\/div>\n\n\n\n<p class=\"has-text-align-center\">Bars und Nachtclubs in den USA sind pulsierende Zentren f\u00fcr soziale Interaktion. Mit landesweit 67.531 Betrieben (Stand 2023) stehen Eigent\u00fcmer und Manager vor der Herausforderung, diese Lokale effizient zu betreiben und gleichzeitig Wert auf au\u00dfergew\u00f6hnlichen Service, Kundenerlebnis und Sicherheit zu legen.  Ein effektiver Umgang mit Bargeld ist in diesen schnelllebigen Umgebungen, in denen sichere, reibungslose Transaktionen unerl\u00e4sslich sind, von entscheidender Bedeutung. Die Verwaltung gro\u00dfer Bargeldmengen, der Umgang mit Diebstahlsrisiken und die genaue Verwaltung von Rechnungen sind f\u00fcr Eigent\u00fcmer oft schwierig. Diese Faktoren wirken sich erheblich auf die Rentabilit\u00e4t und den betrieblichen Erfolg aus. <\/p>\n\n\n\n<p class=\"has-text-align-center\">  apg\u00ae bietet ma\u00dfgeschneiderte POS-L\u00f6sungen, um die Herausforderungen des Bargeldmanagements zu erleichtern, unabh\u00e4ngig von Gr\u00f6\u00dfe und Umfang. Unsere POS-L\u00f6sungen bieten eine sichere Transaktionserfassung und robuste Speicherm\u00f6glichkeiten, die den Eigent\u00fcmern helfen, die betriebliche Effizienz zu optimieren und die finanziellen Verm\u00f6genswerte zu sch\u00fctzen. Steigern Sie die Leistung Ihrer Bar oder Ihres Nachtclubs mit apg\u00ae und sorgen Sie f\u00fcr einen reibungslosen Betrieb und h\u00f6here Rentabilit\u00e4t.  <\/p>\n<\/div>\n\n\n\n<div style=\"height:0px\" aria-hidden=\"true\" class=\"wp-block-spacer wp-container-content-b83b6736\"><\/div>\n\n\n\n<div class=\"wp-block-group is-vertical is-layout-flex wp-container-core-group-is-layout-8cf370e7 wp-block-group-is-layout-flex\">\n<p style=\"font-size:30px\"><strong>Fakten + Statistik<\/strong><\/p>\n\n\n\n<div style=\"height:0px\" aria-hidden=\"true\" class=\"wp-block-spacer wp-container-content-5082a153\"><\/div>\n<\/div>\n\n\n\n<div class=\"wp-block-columns is-layout-flex wp-container-core-columns-is-layout-9d6595d7 wp-block-columns-is-layout-flex\">\n<div class=\"wp-block-column pos-card-box has-background is-layout-flow wp-block-column-is-layout-flow\" style=\"background-color:#fcfaf7;flex-basis:360px\">\n<div style=\"height:1rem\" aria-hidden=\"true\" class=\"wp-block-spacer\"><\/div>\n\n\n<div class=\"wp-block-image\">\n<figure class=\"aligncenter size-full\"><img decoding=\"async\" width=\"80\" height=\"80\" src=\"https:\/\/apgsolutions.com\/wp-content\/uploads\/2023\/07\/Money-Growth_Light-Blue.png\" alt=\"Symbol f&#xFC;r die Haupteinnahmequelle\" class=\"wp-image-68978\" style=\"object-fit:cover\"\/><\/figure>\n<\/div>\n\n\n<h3 class=\"wp-block-heading has-text-align-center\" id=\"h-revenue\">Einnahmen<\/h3>\n\n\n\n<p class=\"has-text-align-center\">Im Jahr 2023 betrug der Umsatz der Bars und Nachtclubs 36,3 Milliarden Dollar | IBIS World<\/p>\n\n\n\n<div style=\"height:1rem\" aria-hidden=\"true\" class=\"wp-block-spacer\"><\/div>\n<\/div>\n\n\n\n<div class=\"wp-block-column pos-card-box has-background is-layout-flow wp-block-column-is-layout-flow\" style=\"background-color:#fcfaf7;flex-basis:360px\">\n<div style=\"height:1rem\" aria-hidden=\"true\" class=\"wp-block-spacer\"><\/div>\n\n\n<div class=\"wp-block-image\">\n<figure class=\"aligncenter size-full\"><img decoding=\"async\" width=\"80\" height=\"80\" src=\"https:\/\/apgsolutions.com\/wp-content\/uploads\/2023\/07\/Beer_Light-Blue-b.png\" alt=\"Bier-Ikone\" class=\"wp-image-69424\" style=\"object-fit:cover\"\/><\/figure>\n<\/div>\n\n\n<h3 class=\"wp-block-heading has-text-align-center\" id=\"h-growth\">Wachstum<\/h3>\n\n\n\n<p class=\"has-text-align-center\">Ab 2023 gibt es 67.500 Bars und Nachtclubs in den USA | IBIS World<\/p>\n\n\n\n<div style=\"height:1rem\" aria-hidden=\"true\" class=\"wp-block-spacer\"><\/div>\n<\/div>\n\n\n\n<div class=\"wp-block-column pos-card-box has-background is-layout-flow wp-block-column-is-layout-flow\" style=\"background-color:#fcfaf7;flex-basis:360px\">\n<div style=\"height:1rem\" aria-hidden=\"true\" class=\"wp-block-spacer\"><\/div>\n\n\n<div class=\"wp-block-image\">\n<figure class=\"aligncenter size-full\"><img decoding=\"async\" width=\"80\" height=\"80\" src=\"https:\/\/apgsolutions.com\/wp-content\/uploads\/2023\/07\/Partners-5.png\" alt=\"Partner-Symbol\" class=\"wp-image-69397\" style=\"object-fit:cover\"\/><\/figure>\n<\/div>\n\n\n<h3 class=\"wp-block-heading has-text-align-center\" id=\"h-opportunity\">Gelegenheit<\/h3>\n\n\n\n<p class=\"has-text-align-center\">Im Jahr 2022 gab es in den USA 570.000 Besch\u00e4ftigte in der Bar- und Nachtclubbranche | Statista<\/p>\n\n\n\n<div style=\"height:16px\" aria-hidden=\"true\" class=\"wp-block-spacer\"><\/div>\n<\/div>\n<\/div>\n\n\n\n<div style=\"height:0px\" aria-hidden=\"true\" class=\"wp-block-spacer wp-container-content-b83b6736\"><\/div>\n\n\n\n<div class=\"wp-block-group is-vertical is-layout-flex wp-container-core-group-is-layout-8cf370e7 wp-block-group-is-layout-flex\">\n<p style=\"font-size:30px\"><strong>Unsere empfohlenen Schubladen f\u00fcr Bars und Nachtclubs<\/strong><\/p>\n\n\n\n<div style=\"height:0px\" aria-hidden=\"true\" class=\"wp-block-spacer wp-container-content-2cb1e7d4\"><\/div>\n<\/div>\n\n\n\n<div class=\"wp-block-columns is-layout-flex wp-container-core-columns-is-layout-9d6595d7 wp-block-columns-is-layout-flex\">\n<div class=\"wp-block-column is-layout-flow wp-block-column-is-layout-flow\">\n<div style=\"height:1rem\" aria-hidden=\"true\" class=\"wp-block-spacer\"><\/div>\n\n\n<div class=\"wp-block-image\">\n<figure class=\"aligncenter size-full is-resized\"><img decoding=\"async\" src=\"https:\/\/apgsolutions.com\/wp-content\/uploads\/2024\/09\/Series-100.png\" alt=\"Kassenschublade Serie 100\" class=\"wp-image-86680\" style=\"width:186px\"\/><\/figure>\n<\/div>\n\n\n<h3 class=\"wp-block-heading has-text-align-center\" id=\"h-series-100-cash-drawer\">Serie 100<\/h3>\n\n\n\n<p class=\"has-text-align-left\">Die Serie 100 eignet sich hervorragend f\u00fcr Bars und Nachtclubs. Sie verf\u00fcgt \u00fcber einen gro\u00dfz\u00fcgigen Stauraum mit einem tiefen Fach unter dem Boden f\u00fcr M\u00fcnzrollen und verpacktes Geld.<\/p>\n\n\n\n<p class=\"has-text-align-left\">Sein Design maximiert den Platz auf der Theke und ist damit ideal f\u00fcr schnelllebige, energiegeladene Umgebungen. Die Serie 100 ist f\u00fcr eine Lebensdauer von mehr als vier Millionen Transaktionen ausgelegt und garantiert zuverl\u00e4ssige Leistung und Langlebigkeit. <\/p>\n\n\n\n<div style=\"height:1rem\" aria-hidden=\"true\" class=\"wp-block-spacer\"><\/div>\n<\/div>\n\n\n\n<div class=\"wp-block-column is-layout-flow wp-block-column-is-layout-flow\">\n<div style=\"height:1rem\" aria-hidden=\"true\" class=\"wp-block-spacer\"><\/div>\n\n\n<div class=\"wp-block-image\">\n<figure class=\"aligncenter size-full is-resized\"><img loading=\"lazy\" decoding=\"async\" width=\"1600\" height=\"1200\" src=\"https:\/\/apgsolutions.com\/wp-content\/uploads\/2023\/06\/Series-4000-JB520-BL1816-Closed-Right.png\" alt=\"Series 4000 JB520 BL1816 Closed Right\" class=\"wp-image-83857\" style=\"width:186px\" srcset=\"https:\/\/apgsolutions.com\/wp-content\/uploads\/2023\/06\/Series-4000-JB520-BL1816-Closed-Right.png 1600w, https:\/\/apgsolutions.com\/wp-content\/uploads\/2023\/06\/Series-4000-JB520-BL1816-Closed-Right-300x225.png 300w, https:\/\/apgsolutions.com\/wp-content\/uploads\/2023\/06\/Series-4000-JB520-BL1816-Closed-Right-1024x768.png 1024w, https:\/\/apgsolutions.com\/wp-content\/uploads\/2023\/06\/Series-4000-JB520-BL1816-Closed-Right-768x576.png 768w, https:\/\/apgsolutions.com\/wp-content\/uploads\/2023\/06\/Series-4000-JB520-BL1816-Closed-Right-1536x1152.png 1536w, https:\/\/apgsolutions.com\/wp-content\/uploads\/2023\/06\/Series-4000-JB520-BL1816-Closed-Right-550x413.png 550w, https:\/\/apgsolutions.com\/wp-content\/uploads\/2023\/06\/Series-4000-JB520-BL1816-Closed-Right-80x60.png 80w, https:\/\/apgsolutions.com\/wp-content\/uploads\/2023\/06\/Series-4000-JB520-BL1816-Closed-Right-600x450.png 600w\" sizes=\"(max-width: 1600px) 100vw, 1600px\" \/><\/figure>\n<\/div>\n\n\n<h3 class=\"wp-block-heading has-text-align-center\" id=\"h-series-4000-cash-drawer\">Serie 4000<\/h3>\n\n\n\n<p class=\"has-text-align-left\">Die Serie 4000 bietet vielseitige Aufbewahrungsl\u00f6sungen in einer Reihe von Gr\u00f6\u00dfen und Farben. Entwickelt f\u00fcr die intensive Aktivit\u00e4t in Bars oder Nachtclubs mit hohem Aufkommen.   <\/p>\n\n\n\n<p class=\"has-text-align-left\">Die Serie 4000 ist f\u00fcr mehr als vier Millionen Transaktionen ausgelegt und stellt sicher, dass die hohen Anforderungen von Bars und Nachtclubs stets erf\u00fcllt werden.<\/p>\n\n\n\n<div style=\"height:1rem\" aria-hidden=\"true\" class=\"wp-block-spacer\"><\/div>\n<\/div>\n<\/div>\n<\/div>\n","protected":false},"excerpt":{"rendered":"<p>L\u00f6sungen f\u00fcr schnelle Bargeldtransaktionen Bars und Nachtclubs in den USA sind pulsierende Zentren f\u00fcr soziale Interaktion. Mit landesweit 67.531 Betrieben (Stand 2023) stehen Eigent\u00fcmer und Manager vor der Herausforderung, diese Lokale effizient zu betreiben und gleichzeitig Wert auf au\u00dfergew\u00f6hnlichen Service, Kundenerlebnis und Sicherheit zu legen. Ein effektiver Umgang mit Bargeld ist in diesen schnelllebigen Umgebungen, [&hellip;]<\/p>\n","protected":false},"author":4,"featured_media":0,"parent":0,"menu_order":0,"comment_status":"closed","ping_status":"closed","template":"","meta":{"_acf_changed":false,"content-type":"","footnotes":""},"class_list":["post-93985","page","type-page","status-publish"],"yoast_head":"<!-- This site is optimized with the Yoast SEO Premium plugin v23.5 (Yoast SEO v27.2) - https:\/\/yoast.com\/product\/yoast-seo-premium-wordpress\/ -->\n<title>Bars &amp; Nachtclubs POS L\u00f6sungen - Bars &amp; Nachtclub Kassenschubladen | apg\u00ae<\/title>\n<meta name=\"description\" content=\"Die besten APG Kassenl\u00f6sungen und Kassenschubladen f\u00fcr schnelle Bargeldtransaktionen in Bars und Nachtclubs, die die Herausforderungen des Bargeldmanagements erleichtern.\" \/>\n<meta name=\"robots\" content=\"index, follow, max-snippet:-1, max-image-preview:large, max-video-preview:-1\" \/>\n<link rel=\"canonical\" href=\"https:\/\/apgsolutions.com\/de\/industry\/bars-and-nightclubs\/\" \/>\n<meta property=\"og:locale\" content=\"de_DE\" \/>\n<meta property=\"og:type\" content=\"article\" \/>\n<meta property=\"og:title\" content=\"Bars &amp; Nachtclubs POS L\u00f6sungen - Bars &amp; Nachtclub Kassenschubladen | apg\u00ae\" \/>\n<meta property=\"og:description\" content=\"Die besten APG Kassenl\u00f6sungen und Kassenschubladen f\u00fcr schnelle Bargeldtransaktionen in Bars und Nachtclubs, die die Herausforderungen des Bargeldmanagements erleichtern.\" \/>\n<meta property=\"og:url\" content=\"https:\/\/apgsolutions.com\/de\/industry\/bars-and-nightclubs\/\" \/>\n<meta property=\"og:site_name\" content=\"apg\u00ae Solutions\" \/>\n<meta property=\"article:publisher\" content=\"https:\/\/www.facebook.com\/apgglobalsolutions\" \/>\n<meta property=\"article:modified_time\" content=\"2025-11-24T13:33:39+00:00\" \/>\n<meta property=\"og:image\" content=\"https:\/\/apgsolutions.com\/wp-content\/uploads\/2023\/07\/Money-Growth_Light-Blue.png\" \/>\n<meta name=\"twitter:card\" content=\"summary_large_image\" \/>\n<meta name=\"twitter:site\" content=\"@apg_solutions\" \/>\n<meta name=\"twitter:label1\" content=\"Gesch\u00e4tzte Lesezeit\" \/>\n\t<meta name=\"twitter:data1\" content=\"3\u00a0Minuten\" \/>\n<script type=\"application\/ld+json\" class=\"yoast-schema-graph\">{\"@context\":\"https:\/\/schema.org\",\"@graph\":[{\"@type\":\"WebPage\",\"@id\":\"https:\/\/apgsolutions.com\/de\/industry\/bars-and-nightclubs\/\",\"url\":\"https:\/\/apgsolutions.com\/de\/industry\/bars-and-nightclubs\/\",\"name\":\"Bars & Nachtclubs POS L\u00f6sungen - Bars & Nachtclub Kassenschubladen | apg\u00ae\",\"isPartOf\":{\"@id\":\"https:\/\/apgsolutions.com\/de\/#website\"},\"primaryImageOfPage\":{\"@id\":\"https:\/\/apgsolutions.com\/de\/industry\/bars-and-nightclubs\/#primaryimage\"},\"image\":{\"@id\":\"https:\/\/apgsolutions.com\/de\/industry\/bars-and-nightclubs\/#primaryimage\"},\"thumbnailUrl\":\"https:\/\/apgsolutions.com\/wp-content\/uploads\/2023\/07\/Money-Growth_Light-Blue.png\",\"datePublished\":\"2025-10-07T10:55:56+00:00\",\"dateModified\":\"2025-11-24T13:33:39+00:00\",\"description\":\"Die besten APG Kassenl\u00f6sungen und Kassenschubladen f\u00fcr schnelle Bargeldtransaktionen in Bars und Nachtclubs, die die Herausforderungen des Bargeldmanagements erleichtern.\",\"inLanguage\":\"de\",\"potentialAction\":[{\"@type\":\"ReadAction\",\"target\":[\"https:\/\/apgsolutions.com\/de\/industry\/bars-and-nightclubs\/\"]}]},{\"@type\":\"ImageObject\",\"inLanguage\":\"de\",\"@id\":\"https:\/\/apgsolutions.com\/de\/industry\/bars-and-nightclubs\/#primaryimage\",\"url\":\"https:\/\/apgsolutions.com\/wp-content\/uploads\/2023\/07\/Money-Growth_Light-Blue.png\",\"contentUrl\":\"https:\/\/apgsolutions.com\/wp-content\/uploads\/2023\/07\/Money-Growth_Light-Blue.png\"},{\"@type\":\"WebSite\",\"@id\":\"https:\/\/apgsolutions.com\/de\/#website\",\"url\":\"https:\/\/apgsolutions.com\/de\/\",\"name\":\"APG Solutions, LLC\",\"description\":\"Trust at every point.\",\"publisher\":{\"@id\":\"https:\/\/apgsolutions.com\/de\/#organization\"},\"potentialAction\":[{\"@type\":\"SearchAction\",\"target\":{\"@type\":\"EntryPoint\",\"urlTemplate\":\"https:\/\/apgsolutions.com\/de\/?s={search_term_string}\"},\"query-input\":{\"@type\":\"PropertyValueSpecification\",\"valueRequired\":true,\"valueName\":\"search_term_string\"}}],\"inLanguage\":\"de\"},{\"@type\":\"Organization\",\"@id\":\"https:\/\/apgsolutions.com\/de\/#organization\",\"name\":\"APG Solution, LLC\",\"url\":\"https:\/\/apgsolutions.com\/de\/\",\"logo\":{\"@type\":\"ImageObject\",\"inLanguage\":\"de\",\"@id\":\"https:\/\/apgsolutions.com\/de\/#\/schema\/logo\/image\/\",\"url\":\"https:\/\/apgsolutions.com\/wp-content\/uploads\/2023\/12\/logomark-color.svg\",\"contentUrl\":\"https:\/\/apgsolutions.com\/wp-content\/uploads\/2023\/12\/logomark-color.svg\",\"width\":141,\"height\":138,\"caption\":\"APG Solution, LLC\"},\"image\":{\"@id\":\"https:\/\/apgsolutions.com\/de\/#\/schema\/logo\/image\/\"},\"sameAs\":[\"https:\/\/www.facebook.com\/apgglobalsolutions\",\"https:\/\/x.com\/apg_solutions\",\"https:\/\/www.youtube.com\/c\/CashManagementGlobalSolutionsbyapg\",\"https:\/\/www.linkedin.com\/company\/apgglobalsolutions\/\",\"https:\/\/www.instagram.com\/apgglobalsolutions\/\",\"https:\/\/www.pinterest.com\/apgcashdrawer\/\"]}]}<\/script>\n<!-- \/ Yoast SEO Premium plugin. -->","yoast_head_json":{"title":"Bars & Nachtclubs POS L\u00f6sungen - Bars & Nachtclub Kassenschubladen | apg\u00ae","description":"Die besten APG Kassenl\u00f6sungen und Kassenschubladen f\u00fcr schnelle Bargeldtransaktionen in Bars und Nachtclubs, die die Herausforderungen des Bargeldmanagements erleichtern.","robots":{"index":"index","follow":"follow","max-snippet":"max-snippet:-1","max-image-preview":"max-image-preview:large","max-video-preview":"max-video-preview:-1"},"canonical":"https:\/\/apgsolutions.com\/de\/industry\/bars-and-nightclubs\/","og_locale":"de_DE","og_type":"article","og_title":"Bars & Nachtclubs POS L\u00f6sungen - Bars & Nachtclub Kassenschubladen | apg\u00ae","og_description":"Die besten APG Kassenl\u00f6sungen und Kassenschubladen f\u00fcr schnelle Bargeldtransaktionen in Bars und Nachtclubs, die die Herausforderungen des Bargeldmanagements erleichtern.","og_url":"https:\/\/apgsolutions.com\/de\/industry\/bars-and-nightclubs\/","og_site_name":"apg\u00ae Solutions","article_publisher":"https:\/\/www.facebook.com\/apgglobalsolutions","article_modified_time":"2025-11-24T13:33:39+00:00","og_image":[{"url":"https:\/\/apgsolutions.com\/wp-content\/uploads\/2023\/07\/Money-Growth_Light-Blue.png","type":"","width":"","height":""}],"twitter_card":"summary_large_image","twitter_site":"@apg_solutions","twitter_misc":{"Gesch\u00e4tzte Lesezeit":"3\u00a0Minuten"},"schema":{"@context":"https:\/\/schema.org","@graph":[{"@type":"WebPage","@id":"https:\/\/apgsolutions.com\/de\/industry\/bars-and-nightclubs\/","url":"https:\/\/apgsolutions.com\/de\/industry\/bars-and-nightclubs\/","name":"Bars & Nachtclubs POS L\u00f6sungen - Bars & Nachtclub Kassenschubladen | apg\u00ae","isPartOf":{"@id":"https:\/\/apgsolutions.com\/de\/#website"},"primaryImageOfPage":{"@id":"https:\/\/apgsolutions.com\/de\/industry\/bars-and-nightclubs\/#primaryimage"},"image":{"@id":"https:\/\/apgsolutions.com\/de\/industry\/bars-and-nightclubs\/#primaryimage"},"thumbnailUrl":"https:\/\/apgsolutions.com\/wp-content\/uploads\/2023\/07\/Money-Growth_Light-Blue.png","datePublished":"2025-10-07T10:55:56+00:00","dateModified":"2025-11-24T13:33:39+00:00","description":"Die besten APG Kassenl\u00f6sungen und Kassenschubladen f\u00fcr schnelle Bargeldtransaktionen in Bars und Nachtclubs, die die Herausforderungen des Bargeldmanagements erleichtern.","inLanguage":"de","potentialAction":[{"@type":"ReadAction","target":["https:\/\/apgsolutions.com\/de\/industry\/bars-and-nightclubs\/"]}]},{"@type":"ImageObject","inLanguage":"de","@id":"https:\/\/apgsolutions.com\/de\/industry\/bars-and-nightclubs\/#primaryimage","url":"https:\/\/apgsolutions.com\/wp-content\/uploads\/2023\/07\/Money-Growth_Light-Blue.png","contentUrl":"https:\/\/apgsolutions.com\/wp-content\/uploads\/2023\/07\/Money-Growth_Light-Blue.png"},{"@type":"WebSite","@id":"https:\/\/apgsolutions.com\/de\/#website","url":"https:\/\/apgsolutions.com\/de\/","name":"APG Solutions, LLC","description":"Trust at every point.","publisher":{"@id":"https:\/\/apgsolutions.com\/de\/#organization"},"potentialAction":[{"@type":"SearchAction","target":{"@type":"EntryPoint","urlTemplate":"https:\/\/apgsolutions.com\/de\/?s={search_term_string}"},"query-input":{"@type":"PropertyValueSpecification","valueRequired":true,"valueName":"search_term_string"}}],"inLanguage":"de"},{"@type":"Organization","@id":"https:\/\/apgsolutions.com\/de\/#organization","name":"APG Solution, LLC","url":"https:\/\/apgsolutions.com\/de\/","logo":{"@type":"ImageObject","inLanguage":"de","@id":"https:\/\/apgsolutions.com\/de\/#\/schema\/logo\/image\/","url":"https:\/\/apgsolutions.com\/wp-content\/uploads\/2023\/12\/logomark-color.svg","contentUrl":"https:\/\/apgsolutions.com\/wp-content\/uploads\/2023\/12\/logomark-color.svg","width":141,"height":138,"caption":"APG Solution, LLC"},"image":{"@id":"https:\/\/apgsolutions.com\/de\/#\/schema\/logo\/image\/"},"sameAs":["https:\/\/www.facebook.com\/apgglobalsolutions","https:\/\/x.com\/apg_solutions","https:\/\/www.youtube.com\/c\/CashManagementGlobalSolutionsbyapg","https:\/\/www.linkedin.com\/company\/apgglobalsolutions\/","https:\/\/www.instagram.com\/apgglobalsolutions\/","https:\/\/www.pinterest.com\/apgcashdrawer\/"]}]}},"acf":[],"_links":{"self":[{"href":"https:\/\/apgsolutions.com\/de\/wp-json\/wp\/v2\/pages\/93985","targetHints":{"allow":["GET"]}}],"collection":[{"href":"https:\/\/apgsolutions.com\/de\/wp-json\/wp\/v2\/pages"}],"about":[{"href":"https:\/\/apgsolutions.com\/de\/wp-json\/wp\/v2\/types\/page"}],"author":[{"embeddable":true,"href":"https:\/\/apgsolutions.com\/de\/wp-json\/wp\/v2\/users\/4"}],"replies":[{"embeddable":true,"href":"https:\/\/apgsolutions.com\/de\/wp-json\/wp\/v2\/comments?post=93985"}],"version-history":[{"count":2,"href":"https:\/\/apgsolutions.com\/de\/wp-json\/wp\/v2\/pages\/93985\/revisions"}],"predecessor-version":[{"id":95879,"href":"https:\/\/apgsolutions.com\/de\/wp-json\/wp\/v2\/pages\/93985\/revisions\/95879"}],"wp:attachment":[{"href":"https:\/\/apgsolutions.com\/de\/wp-json\/wp\/v2\/media?parent=93985"}],"curies":[{"name":"wp","href":"https:\/\/api.w.org\/{rel}","templated":true}]}}