{"id":94003,"date":"2025-10-07T10:59:56","date_gmt":"2025-10-07T10:59:56","guid":{"rendered":"https:\/\/apgsolutions.com\/convenience-stores\/"},"modified":"2025-11-21T11:28:38","modified_gmt":"2025-11-21T11:28:38","slug":"convenience-stores","status":"publish","type":"page","link":"https:\/\/apgsolutions.com\/de\/industry\/convenience-stores\/","title":{"rendered":"POS-L\u00f6sungen &amp; Kassenautomaten f\u00fcr Convenience Stores"},"content":{"rendered":"<div class=\"section_page-header \">\n    <img decoding=\"async\" class=\"header-image\" src=\"https:\/\/apgsolutions.com\/wp-content\/uploads\/2023\/07\/Convenience-Store.jpg\" alt=\"Convenience Stores\" title=\"Convenience Stores\">\n            <div class=\"header-content\">\n            <h1>POS Solutions &amp; Cash Drawers for Convenience Stores<\/h1>\n        <\/div>\n    <\/div>\n<div class=\"wp-block-group pos-content-div is-vertical is-content-justification-center is-layout-flex wp-container-core-group-is-layout-4b2eccd6 wp-block-group-is-layout-flex\">\n<div style=\"height:0px\" aria-hidden=\"true\" class=\"wp-block-spacer wp-container-content-b83b6736\"><\/div>\n\n\n\n<div class=\"wp-block-group is-vertical is-content-justification-center is-nowrap is-layout-flex wp-container-core-group-is-layout-e862386f wp-block-group-is-layout-flex\">\n<p class=\"has-text-align-center has-large-font-size\"><strong>Effiziente Bargeldbearbeitung<\/strong><\/p>\n\n\n\n<div style=\"height:0px\" aria-hidden=\"true\" class=\"wp-block-spacer wp-container-content-5082a153\"><\/div>\n\n\n\n<p class=\"has-text-align-center\">Convenience Stores auf der ganzen Welt wandeln sich von einstmals treibstoffgetriebenen Landschaften hin zu einem Angebot an lebenswichtigen G\u00fctern, die Verbraucher fr\u00fcher im Einzelhandel erworben haben. Laut NACS hat ein Convenience Store in den USA im Durchschnitt 1.491 Transaktionen pro Tag und 45.312 pro Monat. Die Branche wird von Einzelhandelsunternehmen dominiert, die etwa 60 % aller Convenience Stores betreiben. Mit einer kleinen Ladenfl\u00e4che k\u00f6nnen Kunden, die unterwegs sind, schnell Lebensmittel, Benzin, Dinge des t\u00e4glichen Bedarfs und vieles mehr kaufen, wobei der typische Umsatz unter 50 Dollar liegt. Bei etwa der H\u00e4lfte aller Verk\u00e4ufe unter 50 Dollar bevorzugen die Verbraucher die Verwendung von Bargeld.    <\/p>\n\n\n\n<p class=\"has-text-align-center\"><\/p>\n\n\n\n<p class=\"has-text-align-center\">Da viele Bargeldtransaktionen anfallen, ben\u00f6tigen Convenience Stores dauerhafte POS-L\u00f6sungen, die die Probleme bei der Bargeldbearbeitung verringern. In diesem Umfeld f\u00fchrt die manuelle Bargeldbearbeitung zu hohen Arbeitskosten und Bargelddiskrepanzen, die sich auf das Endergebnis auswirken. Au\u00dferdem sind die Ladenbesitzer der Gefahr von Raub\u00fcberf\u00e4llen, internen Diebst\u00e4hlen und Falschgeld ausgesetzt. apg\u00ae bietet mehrere L\u00f6sungen an, um die Probleme beim Bargeldmanagement in der Convenience-Branche zu verringern.   <\/p>\n<\/div>\n\n\n\n<div style=\"height:0px\" aria-hidden=\"true\" class=\"wp-block-spacer wp-container-content-b83b6736\"><\/div>\n\n\n\n<div class=\"wp-block-group is-vertical is-layout-flex wp-container-core-group-is-layout-8cf370e7 wp-block-group-is-layout-flex\">\n<p style=\"font-size:30px\"><strong>Fakten + Statistik<\/strong><\/p>\n\n\n\n<div style=\"height:0px\" aria-hidden=\"true\" class=\"wp-block-spacer wp-container-content-5082a153\"><\/div>\n<\/div>\n\n\n\n<div class=\"wp-block-columns is-layout-flex wp-container-core-columns-is-layout-9d6595d7 wp-block-columns-is-layout-flex\">\n<div class=\"wp-block-column pos-card-box has-background is-layout-flow wp-block-column-is-layout-flow\" style=\"background-color:#fcfaf7;flex-basis:360px\">\n<div style=\"height:1rem\" aria-hidden=\"true\" class=\"wp-block-spacer\"><\/div>\n\n\n<div class=\"wp-block-image\">\n<figure class=\"aligncenter size-full\"><img decoding=\"async\" width=\"80\" height=\"80\" src=\"https:\/\/apgsolutions.com\/wp-content\/uploads\/2023\/07\/Money-Growth_Light-Blue.png\" alt=\"Symbol f&#xFC;r die Haupteinnahmequelle\" class=\"wp-image-68978\" style=\"object-fit:cover\"\/><\/figure>\n<\/div>\n\n\n<h3 class=\"wp-block-heading has-text-align-center\" id=\"h-growth\">Wachstum<\/h3>\n\n\n\n<p class=\"has-text-align-center\">Im Januar 2024 gibt es 152.396 Convenience Stores in den USA. | NACS<\/p>\n\n\n\n<div style=\"height:1rem\" aria-hidden=\"true\" class=\"wp-block-spacer\"><\/div>\n<\/div>\n\n\n\n<div class=\"wp-block-column pos-card-box has-background is-layout-flow wp-block-column-is-layout-flow\" style=\"background-color:#fcfaf7;flex-basis:360px\">\n<div style=\"height:1rem\" aria-hidden=\"true\" class=\"wp-block-spacer\"><\/div>\n\n\n<div class=\"wp-block-image\">\n<figure class=\"aligncenter size-full\"><img decoding=\"async\" width=\"80\" height=\"80\" src=\"https:\/\/apgsolutions.com\/wp-content\/uploads\/2023\/07\/Partners-5.png\" alt=\"Partner-Symbol\" class=\"wp-image-69397\" style=\"object-fit:cover\"\/><\/figure>\n<\/div>\n\n\n<h3 class=\"wp-block-heading has-text-align-center\" id=\"h-opportunity\">Gelegenheit<\/h3>\n\n\n\n<p class=\"has-text-align-center\">Im Jahr 2023 boten Convenience Stores 2,74 Millionen Arbeitspl\u00e4tze in den USA. | NACS<\/p>\n\n\n\n<div style=\"height:1rem\" aria-hidden=\"true\" class=\"wp-block-spacer\"><\/div>\n<\/div>\n\n\n\n<div class=\"wp-block-column pos-card-box has-background is-layout-flow wp-block-column-is-layout-flow\" style=\"background-color:#fcfaf7;flex-basis:360px\">\n<div style=\"height:1rem\" aria-hidden=\"true\" class=\"wp-block-spacer\"><\/div>\n\n\n<div class=\"wp-block-image\">\n<figure class=\"aligncenter size-full\"><img decoding=\"async\" width=\"80\" height=\"80\" src=\"https:\/\/apgsolutions.com\/wp-content\/uploads\/2023\/07\/Finance-3.png\" alt=\"Finanz-Symbol\" class=\"wp-image-69255\" style=\"object-fit:cover\"\/><\/figure>\n<\/div>\n\n\n<h3 class=\"wp-block-heading has-text-align-center\" id=\"h-revenue\">Einnahmen<\/h3>\n\n\n\n<p class=\"has-text-align-center\">Der Gesamtumsatz der Convenience Stores lag 2023 bei 859,8 Milliarden Dollar | NACS<\/p>\n\n\n\n<div style=\"height:16px\" aria-hidden=\"true\" class=\"wp-block-spacer\"><\/div>\n<\/div>\n<\/div>\n\n\n\n<div style=\"height:0px\" aria-hidden=\"true\" class=\"wp-block-spacer wp-container-content-b83b6736\"><\/div>\n\n\n\n<div class=\"wp-block-group is-vertical is-layout-flex wp-container-core-group-is-layout-8cf370e7 wp-block-group-is-layout-flex\">\n<p style=\"font-size:30px\"><strong>Unsere empfohlenen Schubladen f\u00fcr Convenience Stores<\/strong><\/p>\n\n\n\n<div style=\"height:0px\" aria-hidden=\"true\" class=\"wp-block-spacer wp-container-content-2cb1e7d4\"><\/div>\n<\/div>\n\n\n\n<div class=\"wp-block-columns is-layout-flex wp-container-core-columns-is-layout-9d6595d7 wp-block-columns-is-layout-flex\">\n<div class=\"wp-block-column is-layout-flow wp-block-column-is-layout-flow\">\n<div style=\"height:1rem\" aria-hidden=\"true\" class=\"wp-block-spacer\"><\/div>\n\n\n<div class=\"wp-block-image\">\n<figure class=\"aligncenter size-full is-resized\"><img loading=\"lazy\" decoding=\"async\" width=\"280\" height=\"210\" src=\"https:\/\/apgsolutions.com\/wp-content\/uploads\/2023\/06\/Vasario-VBxxx-BL1616-Closed-Left.jpg\" alt=\"Vasario-VBxxx-BL1616-Closed-Left\" class=\"wp-image-62747\" style=\"width:186px\"\/><\/figure>\n<\/div>\n\n\n<h3 class=\"wp-block-heading has-text-align-center\" id=\"h-e3600-cash-drawer\">E3600 Kassenschublade<\/h3>\n\n\n\n<p class=\"has-text-align-left\">Erleichtern Sie sowohl erfahrenen als auch neuen Kassierern die Arbeit an der Kasse mit der E3600 Kassenschublade. Sorgen Sie f\u00fcr eine schnelle und z\u00fcgige Abrechnung w\u00e4hrend der Sto\u00dfzeiten.   <\/p>\n\n\n\n<p class=\"has-text-align-left\">Das E3600 ist auf eine Lebensdauer von mehr als vier Millionen Transaktionen getestet und bietet eine zuverl\u00e4ssige Leistung.<\/p>\n\n\n\n<div style=\"height:1rem\" aria-hidden=\"true\" class=\"wp-block-spacer\"><\/div>\n<\/div>\n\n\n\n<div class=\"wp-block-column is-layout-flow wp-block-column-is-layout-flow\">\n<div style=\"height:1rem\" aria-hidden=\"true\" class=\"wp-block-spacer\"><\/div>\n\n\n<div class=\"wp-block-image\">\n<figure class=\"aligncenter size-full is-resized\"><img decoding=\"async\" src=\"https:\/\/apgsolutions.com\/wp-content\/uploads\/2024\/09\/Series-100.png\" alt=\"Kassenschublade Serie 100\" class=\"wp-image-86680\" style=\"width:186px\"\/><\/figure>\n<\/div>\n\n\n<h3 class=\"wp-block-heading has-text-align-center\" id=\"h-series-100-cash-drawer\">Serie 100<\/h3>\n\n\n\n<p class=\"has-text-align-left\">Die Serie 100 ist f\u00fcr die schnelllebige Umgebung von Verbraucherm\u00e4rkten konzipiert und bietet reichlich Stauraum mit einem tiefen Fach unter dem Boden, das sich perfekt f\u00fcr M\u00fcnzrollen und verpacktes Geld eignet.  <\/p>\n\n\n\n<p class=\"has-text-align-left\">Die Serie 100 ist f\u00fcr mehr als vier Millionen Transaktionen ausgelegt und sorgt f\u00fcr reibungslose und effiziente Abl\u00e4ufe an der Kasse.  <\/p>\n\n\n\n<div style=\"height:1rem\" aria-hidden=\"true\" class=\"wp-block-spacer\"><\/div>\n<\/div>\n<\/div>\n<\/div>\n","protected":false},"excerpt":{"rendered":"<p>Effiziente Bargeldbearbeitung Convenience Stores auf der ganzen Welt wandeln sich von einstmals treibstoffgetriebenen Landschaften hin zu einem Angebot an lebenswichtigen G\u00fctern, die Verbraucher fr\u00fcher im Einzelhandel erworben haben. Laut NACS hat ein Convenience Store in den USA im Durchschnitt 1.491 Transaktionen pro Tag und 45.312 pro Monat. Die Branche wird von Einzelhandelsunternehmen dominiert, die etwa [&hellip;]<\/p>\n","protected":false},"author":4,"featured_media":0,"parent":0,"menu_order":0,"comment_status":"closed","ping_status":"closed","template":"","meta":{"_acf_changed":false,"content-type":"","footnotes":""},"class_list":["post-94003","page","type-page","status-publish"],"yoast_head":"<!-- This site is optimized with the Yoast SEO Premium plugin v23.5 (Yoast SEO v27.2) - https:\/\/yoast.com\/product\/yoast-seo-premium-wordpress\/ -->\n<title>Convenience Store POS L\u00f6sungen - Convenience Store Kassenschubladen | apg\u00ae<\/title>\n<meta name=\"description\" content=\"Convenience Stores dominieren mit 63% Barzahlungen bei allen Transaktionen. Sehen Sie sich unsere empfohlenen POS-L\u00f6sungen f\u00fcr Verbraucherm\u00e4rkte und Tankstellen an.\" \/>\n<meta name=\"robots\" content=\"index, follow, max-snippet:-1, max-image-preview:large, max-video-preview:-1\" \/>\n<link rel=\"canonical\" href=\"https:\/\/apgsolutions.com\/de\/industry\/convenience-stores\/\" \/>\n<meta property=\"og:locale\" content=\"de_DE\" \/>\n<meta property=\"og:type\" content=\"article\" \/>\n<meta property=\"og:title\" content=\"Convenience Store POS L\u00f6sungen - Convenience Store Kassenschubladen | apg\u00ae\" \/>\n<meta property=\"og:description\" content=\"Convenience Stores dominieren mit 63% Barzahlungen bei allen Transaktionen. Sehen Sie sich unsere empfohlenen POS-L\u00f6sungen f\u00fcr Verbraucherm\u00e4rkte und Tankstellen an.\" \/>\n<meta property=\"og:url\" content=\"https:\/\/apgsolutions.com\/de\/industry\/convenience-stores\/\" \/>\n<meta property=\"og:site_name\" content=\"apg\u00ae Solutions\" \/>\n<meta property=\"article:publisher\" content=\"https:\/\/www.facebook.com\/apgglobalsolutions\" \/>\n<meta property=\"article:modified_time\" content=\"2025-11-21T11:28:38+00:00\" \/>\n<meta property=\"og:image\" content=\"https:\/\/apgsolutions.com\/wp-content\/uploads\/2023\/07\/Money-Growth_Light-Blue.png\" \/>\n<meta name=\"twitter:card\" content=\"summary_large_image\" \/>\n<meta name=\"twitter:site\" content=\"@apg_solutions\" \/>\n<meta name=\"twitter:label1\" content=\"Gesch\u00e4tzte Lesezeit\" \/>\n\t<meta name=\"twitter:data1\" content=\"3\u00a0Minuten\" \/>\n<script type=\"application\/ld+json\" class=\"yoast-schema-graph\">{\"@context\":\"https:\/\/schema.org\",\"@graph\":[{\"@type\":\"WebPage\",\"@id\":\"https:\/\/apgsolutions.com\/de\/industry\/convenience-stores\/\",\"url\":\"https:\/\/apgsolutions.com\/de\/industry\/convenience-stores\/\",\"name\":\"Convenience Store POS L\u00f6sungen - Convenience Store Kassenschubladen | apg\u00ae\",\"isPartOf\":{\"@id\":\"https:\/\/apgsolutions.com\/de\/#website\"},\"primaryImageOfPage\":{\"@id\":\"https:\/\/apgsolutions.com\/de\/industry\/convenience-stores\/#primaryimage\"},\"image\":{\"@id\":\"https:\/\/apgsolutions.com\/de\/industry\/convenience-stores\/#primaryimage\"},\"thumbnailUrl\":\"https:\/\/apgsolutions.com\/wp-content\/uploads\/2023\/07\/Money-Growth_Light-Blue.png\",\"datePublished\":\"2025-10-07T10:59:56+00:00\",\"dateModified\":\"2025-11-21T11:28:38+00:00\",\"description\":\"Convenience Stores dominieren mit 63% Barzahlungen bei allen Transaktionen. Sehen Sie sich unsere empfohlenen POS-L\u00f6sungen f\u00fcr Verbraucherm\u00e4rkte und Tankstellen an.\",\"inLanguage\":\"de\",\"potentialAction\":[{\"@type\":\"ReadAction\",\"target\":[\"https:\/\/apgsolutions.com\/de\/industry\/convenience-stores\/\"]}]},{\"@type\":\"ImageObject\",\"inLanguage\":\"de\",\"@id\":\"https:\/\/apgsolutions.com\/de\/industry\/convenience-stores\/#primaryimage\",\"url\":\"https:\/\/apgsolutions.com\/wp-content\/uploads\/2023\/07\/Money-Growth_Light-Blue.png\",\"contentUrl\":\"https:\/\/apgsolutions.com\/wp-content\/uploads\/2023\/07\/Money-Growth_Light-Blue.png\"},{\"@type\":\"WebSite\",\"@id\":\"https:\/\/apgsolutions.com\/de\/#website\",\"url\":\"https:\/\/apgsolutions.com\/de\/\",\"name\":\"APG Solutions, LLC\",\"description\":\"Trust at every point.\",\"publisher\":{\"@id\":\"https:\/\/apgsolutions.com\/de\/#organization\"},\"potentialAction\":[{\"@type\":\"SearchAction\",\"target\":{\"@type\":\"EntryPoint\",\"urlTemplate\":\"https:\/\/apgsolutions.com\/de\/?s={search_term_string}\"},\"query-input\":{\"@type\":\"PropertyValueSpecification\",\"valueRequired\":true,\"valueName\":\"search_term_string\"}}],\"inLanguage\":\"de\"},{\"@type\":\"Organization\",\"@id\":\"https:\/\/apgsolutions.com\/de\/#organization\",\"name\":\"APG Solution, LLC\",\"url\":\"https:\/\/apgsolutions.com\/de\/\",\"logo\":{\"@type\":\"ImageObject\",\"inLanguage\":\"de\",\"@id\":\"https:\/\/apgsolutions.com\/de\/#\/schema\/logo\/image\/\",\"url\":\"https:\/\/apgsolutions.com\/wp-content\/uploads\/2023\/12\/logomark-color.svg\",\"contentUrl\":\"https:\/\/apgsolutions.com\/wp-content\/uploads\/2023\/12\/logomark-color.svg\",\"width\":141,\"height\":138,\"caption\":\"APG Solution, LLC\"},\"image\":{\"@id\":\"https:\/\/apgsolutions.com\/de\/#\/schema\/logo\/image\/\"},\"sameAs\":[\"https:\/\/www.facebook.com\/apgglobalsolutions\",\"https:\/\/x.com\/apg_solutions\",\"https:\/\/www.youtube.com\/c\/CashManagementGlobalSolutionsbyapg\",\"https:\/\/www.linkedin.com\/company\/apgglobalsolutions\/\",\"https:\/\/www.instagram.com\/apgglobalsolutions\/\",\"https:\/\/www.pinterest.com\/apgcashdrawer\/\"]}]}<\/script>\n<!-- \/ Yoast SEO Premium plugin. -->","yoast_head_json":{"title":"Convenience Store POS L\u00f6sungen - Convenience Store Kassenschubladen | apg\u00ae","description":"Convenience Stores dominieren mit 63% Barzahlungen bei allen Transaktionen. Sehen Sie sich unsere empfohlenen POS-L\u00f6sungen f\u00fcr Verbraucherm\u00e4rkte und Tankstellen an.","robots":{"index":"index","follow":"follow","max-snippet":"max-snippet:-1","max-image-preview":"max-image-preview:large","max-video-preview":"max-video-preview:-1"},"canonical":"https:\/\/apgsolutions.com\/de\/industry\/convenience-stores\/","og_locale":"de_DE","og_type":"article","og_title":"Convenience Store POS L\u00f6sungen - Convenience Store Kassenschubladen | apg\u00ae","og_description":"Convenience Stores dominieren mit 63% Barzahlungen bei allen Transaktionen. Sehen Sie sich unsere empfohlenen POS-L\u00f6sungen f\u00fcr Verbraucherm\u00e4rkte und Tankstellen an.","og_url":"https:\/\/apgsolutions.com\/de\/industry\/convenience-stores\/","og_site_name":"apg\u00ae Solutions","article_publisher":"https:\/\/www.facebook.com\/apgglobalsolutions","article_modified_time":"2025-11-21T11:28:38+00:00","og_image":[{"url":"https:\/\/apgsolutions.com\/wp-content\/uploads\/2023\/07\/Money-Growth_Light-Blue.png","type":"","width":"","height":""}],"twitter_card":"summary_large_image","twitter_site":"@apg_solutions","twitter_misc":{"Gesch\u00e4tzte Lesezeit":"3\u00a0Minuten"},"schema":{"@context":"https:\/\/schema.org","@graph":[{"@type":"WebPage","@id":"https:\/\/apgsolutions.com\/de\/industry\/convenience-stores\/","url":"https:\/\/apgsolutions.com\/de\/industry\/convenience-stores\/","name":"Convenience Store POS L\u00f6sungen - Convenience Store Kassenschubladen | apg\u00ae","isPartOf":{"@id":"https:\/\/apgsolutions.com\/de\/#website"},"primaryImageOfPage":{"@id":"https:\/\/apgsolutions.com\/de\/industry\/convenience-stores\/#primaryimage"},"image":{"@id":"https:\/\/apgsolutions.com\/de\/industry\/convenience-stores\/#primaryimage"},"thumbnailUrl":"https:\/\/apgsolutions.com\/wp-content\/uploads\/2023\/07\/Money-Growth_Light-Blue.png","datePublished":"2025-10-07T10:59:56+00:00","dateModified":"2025-11-21T11:28:38+00:00","description":"Convenience Stores dominieren mit 63% Barzahlungen bei allen Transaktionen. Sehen Sie sich unsere empfohlenen POS-L\u00f6sungen f\u00fcr Verbraucherm\u00e4rkte und Tankstellen an.","inLanguage":"de","potentialAction":[{"@type":"ReadAction","target":["https:\/\/apgsolutions.com\/de\/industry\/convenience-stores\/"]}]},{"@type":"ImageObject","inLanguage":"de","@id":"https:\/\/apgsolutions.com\/de\/industry\/convenience-stores\/#primaryimage","url":"https:\/\/apgsolutions.com\/wp-content\/uploads\/2023\/07\/Money-Growth_Light-Blue.png","contentUrl":"https:\/\/apgsolutions.com\/wp-content\/uploads\/2023\/07\/Money-Growth_Light-Blue.png"},{"@type":"WebSite","@id":"https:\/\/apgsolutions.com\/de\/#website","url":"https:\/\/apgsolutions.com\/de\/","name":"APG Solutions, LLC","description":"Trust at every point.","publisher":{"@id":"https:\/\/apgsolutions.com\/de\/#organization"},"potentialAction":[{"@type":"SearchAction","target":{"@type":"EntryPoint","urlTemplate":"https:\/\/apgsolutions.com\/de\/?s={search_term_string}"},"query-input":{"@type":"PropertyValueSpecification","valueRequired":true,"valueName":"search_term_string"}}],"inLanguage":"de"},{"@type":"Organization","@id":"https:\/\/apgsolutions.com\/de\/#organization","name":"APG Solution, LLC","url":"https:\/\/apgsolutions.com\/de\/","logo":{"@type":"ImageObject","inLanguage":"de","@id":"https:\/\/apgsolutions.com\/de\/#\/schema\/logo\/image\/","url":"https:\/\/apgsolutions.com\/wp-content\/uploads\/2023\/12\/logomark-color.svg","contentUrl":"https:\/\/apgsolutions.com\/wp-content\/uploads\/2023\/12\/logomark-color.svg","width":141,"height":138,"caption":"APG Solution, LLC"},"image":{"@id":"https:\/\/apgsolutions.com\/de\/#\/schema\/logo\/image\/"},"sameAs":["https:\/\/www.facebook.com\/apgglobalsolutions","https:\/\/x.com\/apg_solutions","https:\/\/www.youtube.com\/c\/CashManagementGlobalSolutionsbyapg","https:\/\/www.linkedin.com\/company\/apgglobalsolutions\/","https:\/\/www.instagram.com\/apgglobalsolutions\/","https:\/\/www.pinterest.com\/apgcashdrawer\/"]}]}},"acf":[],"_links":{"self":[{"href":"https:\/\/apgsolutions.com\/de\/wp-json\/wp\/v2\/pages\/94003","targetHints":{"allow":["GET"]}}],"collection":[{"href":"https:\/\/apgsolutions.com\/de\/wp-json\/wp\/v2\/pages"}],"about":[{"href":"https:\/\/apgsolutions.com\/de\/wp-json\/wp\/v2\/types\/page"}],"author":[{"embeddable":true,"href":"https:\/\/apgsolutions.com\/de\/wp-json\/wp\/v2\/users\/4"}],"replies":[{"embeddable":true,"href":"https:\/\/apgsolutions.com\/de\/wp-json\/wp\/v2\/comments?post=94003"}],"version-history":[{"count":2,"href":"https:\/\/apgsolutions.com\/de\/wp-json\/wp\/v2\/pages\/94003\/revisions"}],"predecessor-version":[{"id":95859,"href":"https:\/\/apgsolutions.com\/de\/wp-json\/wp\/v2\/pages\/94003\/revisions\/95859"}],"wp:attachment":[{"href":"https:\/\/apgsolutions.com\/de\/wp-json\/wp\/v2\/media?parent=94003"}],"curies":[{"name":"wp","href":"https:\/\/api.w.org\/{rel}","templated":true}]}}