{"id":94020,"date":"2025-10-07T11:04:14","date_gmt":"2025-10-07T11:04:14","guid":{"rendered":"https:\/\/apgsolutions.com\/medicinal-cannabis-industry\/"},"modified":"2025-11-24T13:36:32","modified_gmt":"2025-11-24T13:36:32","slug":"medicinal-cannabis-industry","status":"publish","type":"page","link":"https:\/\/apgsolutions.com\/de\/industry\/medicinal-cannabis-industry\/","title":{"rendered":"POS-L\u00f6sungen &amp; Kassenautomaten f\u00fcr medizinisches Cannabis"},"content":{"rendered":"<div class=\"section_page-header \">\n    <img decoding=\"async\" class=\"header-image\" src=\"https:\/\/apgsolutions.com\/wp-content\/uploads\/2023\/07\/Cannabis-Header-Image.jpg\" alt=\"Medicinal Cannabis\" title=\"Medicinal Cannabis\">\n            <div class=\"header-content\">\n            <h1>POS-L\u00f6sungen und Kassenschubladen f\u00fcr medizinisches Cannabis<\/h1>\n        <\/div>\n    <\/div>\n<div class=\"wp-block-group pos-content-div is-vertical is-content-justification-center is-layout-flex wp-container-core-group-is-layout-4b2eccd6 wp-block-group-is-layout-flex\">\n<div style=\"height:0px\" aria-hidden=\"true\" class=\"wp-block-spacer wp-container-content-b83b6736\"><\/div>\n\n\n\n<div class=\"wp-block-group is-vertical is-content-justification-center is-nowrap is-layout-flex wp-container-core-group-is-layout-e862386f wp-block-group-is-layout-flex\">\n<p class=\"has-text-align-center has-large-font-size\"><strong>Der wachsende Bedarf an langlebigen und zuverl\u00e4ssigen Kassenschubladen<\/strong><\/p>\n\n\n\n<div style=\"height:0px\" aria-hidden=\"true\" class=\"wp-block-spacer wp-container-content-5082a153\"><\/div>\n\n\n\n<p class=\"has-text-align-center\">Die Bundesgesetzgebung schreibt vor, dass US-Cannabisabgabestellen alle Transaktionen in bar abwickeln m\u00fcssen, was eine erhebliche operative Herausforderung darstellt. Die Verwaltung von Bargeld in diesem Umfeld ist arbeitsintensiv und fehleranf\u00e4llig, es sei denn, die H\u00e4ndler haben Zugang zu zuverl\u00e4ssigen Bargeldmanagement- und POS-L\u00f6sungen, die einen reibungslosen Gesch\u00e4ftsbetrieb gew\u00e4hrleisten. Ein effektives Bargeldmanagement ist der Schl\u00fcssel f\u00fcr Cannabis-H\u00e4ndler, die die Einhaltung von Vorschriften und die Rentabilit\u00e4t sicherstellen wollen.  <\/p>\n\n\n\n<p class=\"has-text-align-center\">apg\u00ae ist spezialisiert auf Kassenschubladen mit hoher Kapazit\u00e4t, fortschrittliche Cash-Management-L\u00f6sungen und Cash-Recycler, die auf die besonderen Herausforderungen von Cannabisgesch\u00e4ften zugeschnitten sind. Unsere innovativen Technologien rationalisieren die Bargeldbearbeitung, erh\u00f6hen die Sicherheit und optimieren die Effizienz, so dass sich Cannabis-H\u00e4ndler auf Wachstum und Kundenzufriedenheit konzentrieren k\u00f6nnen. <\/p>\n<\/div>\n\n\n\n<div style=\"height:0px\" aria-hidden=\"true\" class=\"wp-block-spacer wp-container-content-b83b6736\"><\/div>\n\n\n\n<div class=\"wp-block-group is-vertical is-layout-flex wp-container-core-group-is-layout-8cf370e7 wp-block-group-is-layout-flex\">\n<p style=\"font-size:30px\"><strong>Fakten + Statistik<\/strong><\/p>\n\n\n\n<div style=\"height:0px\" aria-hidden=\"true\" class=\"wp-block-spacer wp-container-content-5082a153\"><\/div>\n<\/div>\n\n\n\n<div class=\"wp-block-columns is-layout-flex wp-container-core-columns-is-layout-9d6595d7 wp-block-columns-is-layout-flex\">\n<div class=\"wp-block-column pos-card-box has-background is-layout-flow wp-block-column-is-layout-flow\" style=\"background-color:#fcfaf7;flex-basis:360px\">\n<div style=\"height:1rem\" aria-hidden=\"true\" class=\"wp-block-spacer\"><\/div>\n\n\n<div class=\"wp-block-image\">\n<figure class=\"aligncenter size-full\"><img decoding=\"async\" width=\"80\" height=\"80\" src=\"https:\/\/apgsolutions.com\/wp-content\/uploads\/2023\/07\/Growth_Light-Blue.png\" alt=\"Licensed Business\" class=\"wp-image-69003\" style=\"object-fit:cover\"\/><\/figure>\n<\/div>\n\n\n<h3 class=\"wp-block-heading has-text-align-center\" id=\"h-licensed-business\">Lizensiertes Gesch\u00e4ft<\/h3>\n\n\n\n<p class=\"has-text-align-center\">Derzeit gibt es 15.000 Cannabisabgabestellen in den USA | Pew Research<\/p>\n\n\n\n<div style=\"height:1rem\" aria-hidden=\"true\" class=\"wp-block-spacer\"><\/div>\n<\/div>\n\n\n\n<div class=\"wp-block-column pos-card-box has-background is-layout-flow wp-block-column-is-layout-flow\" style=\"background-color:#fcfaf7;flex-basis:360px\">\n<div style=\"height:1rem\" aria-hidden=\"true\" class=\"wp-block-spacer\"><\/div>\n\n\n<div class=\"wp-block-image\">\n<figure class=\"aligncenter size-full\"><img decoding=\"async\" width=\"80\" height=\"80\" src=\"https:\/\/apgsolutions.com\/wp-content\/uploads\/2023\/07\/Cannabis-Leaf_White-b.png\" alt=\"Cannabis Market\" class=\"wp-image-68989\" style=\"object-fit:cover\"\/><\/figure>\n<\/div>\n\n\n<h3 class=\"wp-block-heading has-text-align-center\" id=\"h-cannabis-legalization\">Legalisierung von Cannabis<\/h3>\n\n\n\n<p class=\"has-text-align-center\">Ab April 2024 haben 24 Staaten den Freizeitkonsum von Cannabis in den USA legalisiert. | Pew Research<\/p>\n\n\n\n<div style=\"height:1rem\" aria-hidden=\"true\" class=\"wp-block-spacer\"><\/div>\n<\/div>\n\n\n\n<div class=\"wp-block-column pos-card-box has-background is-layout-flow wp-block-column-is-layout-flow\" style=\"background-color:#fcfaf7;flex-basis:360px\">\n<div style=\"height:1rem\" aria-hidden=\"true\" class=\"wp-block-spacer\"><\/div>\n\n\n<div class=\"wp-block-image\">\n<figure class=\"aligncenter size-full\"><img decoding=\"async\" width=\"80\" height=\"80\" src=\"https:\/\/apgsolutions.com\/wp-content\/uploads\/2023\/07\/Money-Growth_Light-Blue.png\" alt=\"Symbol f&#xFC;r die Haupteinnahmequelle\" class=\"wp-image-68978\" style=\"object-fit:cover\"\/><\/figure>\n<\/div>\n\n\n<h3 class=\"wp-block-heading has-text-align-center\" id=\"h-growth-potential\">Wachstumspotenzial<\/h3>\n\n\n\n<p class=\"has-text-align-center\">F\u00fcr das Jahr 2024 wird ein Umsatz von 42,98 Milliarden Dollar prognostiziert | Statista<\/p>\n\n\n\n<div style=\"height:16px\" aria-hidden=\"true\" class=\"wp-block-spacer\"><\/div>\n<\/div>\n<\/div>\n\n\n\n<div style=\"height:0px\" aria-hidden=\"true\" class=\"wp-block-spacer wp-container-content-b83b6736\"><\/div>\n\n\n\n<div class=\"wp-block-group is-vertical is-layout-flex wp-container-core-group-is-layout-8cf370e7 wp-block-group-is-layout-flex\">\n<p style=\"font-size:30px\"><strong>Unsere empfohlenen Schubladen f\u00fcr die medizinische Cannabisindustrie<\/strong><\/p>\n\n\n\n<div style=\"height:0px\" aria-hidden=\"true\" class=\"wp-block-spacer wp-container-content-2cb1e7d4\"><\/div>\n<\/div>\n\n\n\n<div class=\"wp-block-columns is-layout-flex wp-container-core-columns-is-layout-9d6595d7 wp-block-columns-is-layout-flex\">\n<div class=\"wp-block-column is-layout-flow wp-block-column-is-layout-flow\">\n<div style=\"height:1rem\" aria-hidden=\"true\" class=\"wp-block-spacer\"><\/div>\n\n\n<div class=\"wp-block-image\">\n<figure class=\"aligncenter size-full is-resized\"><img loading=\"lazy\" decoding=\"async\" width=\"280\" height=\"210\" src=\"https:\/\/apgsolutions.com\/wp-content\/uploads\/2023\/06\/Vasario-VBxxx-BL1616-Closed-Left.jpg\" alt=\"Vasario-VBxxx-BL1616-Closed-Left\" class=\"wp-image-62747\" style=\"width:186px\"\/><\/figure>\n<\/div>\n\n\n<h3 class=\"wp-block-heading has-text-align-center\" id=\"h-vasario-series-cash-drawer\">Kassenschublade Serie Vasario<\/h3>\n\n\n\n<p class=\"has-text-align-left\">Wenn Sie eine kosteng\u00fcnstige L\u00f6sung suchen, sollten Sie die Vasario-Kassenschublade in Betracht ziehen. Die Vasario-Kassenschublade wurde f\u00fcr die Anforderungen von Apotheken entwickelt und ist in verschiedenen Gr\u00f6\u00dfen erh\u00e4ltlich, damit sie zu Ihrer speziellen Einrichtung passt.   <\/p>\n\n\n\n<p class=\"has-text-align-left\">Mit einer Lebensdauer von mehr als einer Million Transaktionen gew\u00e4hrleistet die Vasario Kassenschublade einen reibungslosen und effizienten Betrieb.<\/p>\n\n\n\n<div style=\"height:1rem\" aria-hidden=\"true\" class=\"wp-block-spacer\"><\/div>\n<\/div>\n\n\n\n<div class=\"wp-block-column is-layout-flow wp-block-column-is-layout-flow\">\n<div style=\"height:1rem\" aria-hidden=\"true\" class=\"wp-block-spacer\"><\/div>\n\n\n<div class=\"wp-block-image\">\n<figure class=\"aligncenter size-full is-resized\"><img decoding=\"async\" src=\"https:\/\/apgsolutions.com\/wp-content\/uploads\/2024\/09\/Series-100.png\" alt=\"Kassenschublade Serie 100\" class=\"wp-image-86680\" style=\"width:186px\"\/><\/figure>\n<\/div>\n\n\n<h3 class=\"wp-block-heading has-text-align-center\" id=\"h-series-100-cash-drawer\">Serie 100<\/h3>\n\n\n\n<p class=\"has-text-align-left\">Die Serie 100 ist ideal f\u00fcr die Bed\u00fcrfnisse der Cannabisindustrie und bietet reichlich Stauraum mit einem tiefen Fach unter dem Boden, das f\u00fcr M\u00fcnzrollen und verpacktes Geld ausgelegt ist.<\/p>\n\n\n\n<p class=\"has-text-align-left\">Die Serie 100 wurde auf eine Lebensdauer von mehr als vier Millionen Transaktionen getestet und h\u00e4lt damit den hohen Anforderungen von Apotheken stand.<\/p>\n\n\n\n<div style=\"height:1rem\" aria-hidden=\"true\" class=\"wp-block-spacer\"><\/div>\n<\/div>\n<\/div>\n<\/div>\n","protected":false},"excerpt":{"rendered":"<p>Der wachsende Bedarf an langlebigen und zuverl\u00e4ssigen Kassenschubladen Die Bundesgesetzgebung schreibt vor, dass US-Cannabisabgabestellen alle Transaktionen in bar abwickeln m\u00fcssen, was eine erhebliche operative Herausforderung darstellt. Die Verwaltung von Bargeld in diesem Umfeld ist arbeitsintensiv und fehleranf\u00e4llig, es sei denn, die H\u00e4ndler haben Zugang zu zuverl\u00e4ssigen Bargeldmanagement- und POS-L\u00f6sungen, die einen reibungslosen Gesch\u00e4ftsbetrieb gew\u00e4hrleisten. Ein [&hellip;]<\/p>\n","protected":false},"author":4,"featured_media":0,"parent":0,"menu_order":0,"comment_status":"closed","ping_status":"closed","template":"","meta":{"_acf_changed":false,"content-type":"","footnotes":""},"class_list":["post-94020","page","type-page","status-publish"],"yoast_head":"<!-- This site is optimized with the Yoast SEO Premium plugin v23.5 (Yoast SEO v27.2) - https:\/\/yoast.com\/product\/yoast-seo-premium-wordpress\/ -->\n<title>Medizinische Cannabis POS-L\u00f6sungen - Medizinische Cannabis-Kassenautomaten | apg\u00ae<\/title>\n<meta name=\"description\" content=\"Eine Kassenschublade ist in jeder Cannabis-Apotheke unerl\u00e4sslich. Entdecken Sie die von APG empfohlenen POS-L\u00f6sungen und -Produkte f\u00fcr Ihr Einzelhandelsumfeld.\" \/>\n<meta name=\"robots\" content=\"index, follow, max-snippet:-1, max-image-preview:large, max-video-preview:-1\" \/>\n<link rel=\"canonical\" href=\"https:\/\/apgsolutions.com\/de\/industry\/medicinal-cannabis-industry\/\" \/>\n<meta property=\"og:locale\" content=\"de_DE\" \/>\n<meta property=\"og:type\" content=\"article\" \/>\n<meta property=\"og:title\" content=\"Medizinische Cannabis POS-L\u00f6sungen - Medizinische Cannabis-Kassenautomaten | apg\u00ae\" \/>\n<meta property=\"og:description\" content=\"Eine Kassenschublade ist in jeder Cannabis-Apotheke unerl\u00e4sslich. Entdecken Sie die von APG empfohlenen POS-L\u00f6sungen und -Produkte f\u00fcr Ihr Einzelhandelsumfeld.\" \/>\n<meta property=\"og:url\" content=\"https:\/\/apgsolutions.com\/de\/industry\/medicinal-cannabis-industry\/\" \/>\n<meta property=\"og:site_name\" content=\"apg\u00ae Solutions\" \/>\n<meta property=\"article:publisher\" content=\"https:\/\/www.facebook.com\/apgglobalsolutions\" \/>\n<meta property=\"article:modified_time\" content=\"2025-11-24T13:36:32+00:00\" \/>\n<meta property=\"og:image\" content=\"https:\/\/apgsolutions.com\/wp-content\/uploads\/2023\/07\/Growth_Light-Blue.png\" \/>\n<meta name=\"twitter:card\" content=\"summary_large_image\" \/>\n<meta name=\"twitter:site\" content=\"@apg_solutions\" \/>\n<meta name=\"twitter:label1\" content=\"Gesch\u00e4tzte Lesezeit\" \/>\n\t<meta name=\"twitter:data1\" content=\"3\u00a0Minuten\" \/>\n<script type=\"application\/ld+json\" class=\"yoast-schema-graph\">{\"@context\":\"https:\/\/schema.org\",\"@graph\":[{\"@type\":\"WebPage\",\"@id\":\"https:\/\/apgsolutions.com\/de\/industry\/medicinal-cannabis-industry\/\",\"url\":\"https:\/\/apgsolutions.com\/de\/industry\/medicinal-cannabis-industry\/\",\"name\":\"Medizinische Cannabis POS-L\u00f6sungen - Medizinische Cannabis-Kassenautomaten | apg\u00ae\",\"isPartOf\":{\"@id\":\"https:\/\/apgsolutions.com\/de\/#website\"},\"primaryImageOfPage\":{\"@id\":\"https:\/\/apgsolutions.com\/de\/industry\/medicinal-cannabis-industry\/#primaryimage\"},\"image\":{\"@id\":\"https:\/\/apgsolutions.com\/de\/industry\/medicinal-cannabis-industry\/#primaryimage\"},\"thumbnailUrl\":\"https:\/\/apgsolutions.com\/wp-content\/uploads\/2023\/07\/Growth_Light-Blue.png\",\"datePublished\":\"2025-10-07T11:04:14+00:00\",\"dateModified\":\"2025-11-24T13:36:32+00:00\",\"description\":\"Eine Kassenschublade ist in jeder Cannabis-Apotheke unerl\u00e4sslich. Entdecken Sie die von APG empfohlenen POS-L\u00f6sungen und -Produkte f\u00fcr Ihr Einzelhandelsumfeld.\",\"inLanguage\":\"de\",\"potentialAction\":[{\"@type\":\"ReadAction\",\"target\":[\"https:\/\/apgsolutions.com\/de\/industry\/medicinal-cannabis-industry\/\"]}]},{\"@type\":\"ImageObject\",\"inLanguage\":\"de\",\"@id\":\"https:\/\/apgsolutions.com\/de\/industry\/medicinal-cannabis-industry\/#primaryimage\",\"url\":\"https:\/\/apgsolutions.com\/wp-content\/uploads\/2023\/07\/Growth_Light-Blue.png\",\"contentUrl\":\"https:\/\/apgsolutions.com\/wp-content\/uploads\/2023\/07\/Growth_Light-Blue.png\"},{\"@type\":\"WebSite\",\"@id\":\"https:\/\/apgsolutions.com\/de\/#website\",\"url\":\"https:\/\/apgsolutions.com\/de\/\",\"name\":\"APG Solutions, LLC\",\"description\":\"Trust at every point.\",\"publisher\":{\"@id\":\"https:\/\/apgsolutions.com\/de\/#organization\"},\"potentialAction\":[{\"@type\":\"SearchAction\",\"target\":{\"@type\":\"EntryPoint\",\"urlTemplate\":\"https:\/\/apgsolutions.com\/de\/?s={search_term_string}\"},\"query-input\":{\"@type\":\"PropertyValueSpecification\",\"valueRequired\":true,\"valueName\":\"search_term_string\"}}],\"inLanguage\":\"de\"},{\"@type\":\"Organization\",\"@id\":\"https:\/\/apgsolutions.com\/de\/#organization\",\"name\":\"APG Solution, LLC\",\"url\":\"https:\/\/apgsolutions.com\/de\/\",\"logo\":{\"@type\":\"ImageObject\",\"inLanguage\":\"de\",\"@id\":\"https:\/\/apgsolutions.com\/de\/#\/schema\/logo\/image\/\",\"url\":\"https:\/\/apgsolutions.com\/wp-content\/uploads\/2023\/12\/logomark-color.svg\",\"contentUrl\":\"https:\/\/apgsolutions.com\/wp-content\/uploads\/2023\/12\/logomark-color.svg\",\"width\":141,\"height\":138,\"caption\":\"APG Solution, LLC\"},\"image\":{\"@id\":\"https:\/\/apgsolutions.com\/de\/#\/schema\/logo\/image\/\"},\"sameAs\":[\"https:\/\/www.facebook.com\/apgglobalsolutions\",\"https:\/\/x.com\/apg_solutions\",\"https:\/\/www.youtube.com\/c\/CashManagementGlobalSolutionsbyapg\",\"https:\/\/www.linkedin.com\/company\/apgglobalsolutions\/\",\"https:\/\/www.instagram.com\/apgglobalsolutions\/\",\"https:\/\/www.pinterest.com\/apgcashdrawer\/\"]}]}<\/script>\n<!-- \/ Yoast SEO Premium plugin. -->","yoast_head_json":{"title":"Medizinische Cannabis POS-L\u00f6sungen - Medizinische Cannabis-Kassenautomaten | apg\u00ae","description":"Eine Kassenschublade ist in jeder Cannabis-Apotheke unerl\u00e4sslich. Entdecken Sie die von APG empfohlenen POS-L\u00f6sungen und -Produkte f\u00fcr Ihr Einzelhandelsumfeld.","robots":{"index":"index","follow":"follow","max-snippet":"max-snippet:-1","max-image-preview":"max-image-preview:large","max-video-preview":"max-video-preview:-1"},"canonical":"https:\/\/apgsolutions.com\/de\/industry\/medicinal-cannabis-industry\/","og_locale":"de_DE","og_type":"article","og_title":"Medizinische Cannabis POS-L\u00f6sungen - Medizinische Cannabis-Kassenautomaten | apg\u00ae","og_description":"Eine Kassenschublade ist in jeder Cannabis-Apotheke unerl\u00e4sslich. Entdecken Sie die von APG empfohlenen POS-L\u00f6sungen und -Produkte f\u00fcr Ihr Einzelhandelsumfeld.","og_url":"https:\/\/apgsolutions.com\/de\/industry\/medicinal-cannabis-industry\/","og_site_name":"apg\u00ae Solutions","article_publisher":"https:\/\/www.facebook.com\/apgglobalsolutions","article_modified_time":"2025-11-24T13:36:32+00:00","og_image":[{"url":"https:\/\/apgsolutions.com\/wp-content\/uploads\/2023\/07\/Growth_Light-Blue.png","type":"","width":"","height":""}],"twitter_card":"summary_large_image","twitter_site":"@apg_solutions","twitter_misc":{"Gesch\u00e4tzte Lesezeit":"3\u00a0Minuten"},"schema":{"@context":"https:\/\/schema.org","@graph":[{"@type":"WebPage","@id":"https:\/\/apgsolutions.com\/de\/industry\/medicinal-cannabis-industry\/","url":"https:\/\/apgsolutions.com\/de\/industry\/medicinal-cannabis-industry\/","name":"Medizinische Cannabis POS-L\u00f6sungen - Medizinische Cannabis-Kassenautomaten | apg\u00ae","isPartOf":{"@id":"https:\/\/apgsolutions.com\/de\/#website"},"primaryImageOfPage":{"@id":"https:\/\/apgsolutions.com\/de\/industry\/medicinal-cannabis-industry\/#primaryimage"},"image":{"@id":"https:\/\/apgsolutions.com\/de\/industry\/medicinal-cannabis-industry\/#primaryimage"},"thumbnailUrl":"https:\/\/apgsolutions.com\/wp-content\/uploads\/2023\/07\/Growth_Light-Blue.png","datePublished":"2025-10-07T11:04:14+00:00","dateModified":"2025-11-24T13:36:32+00:00","description":"Eine Kassenschublade ist in jeder Cannabis-Apotheke unerl\u00e4sslich. Entdecken Sie die von APG empfohlenen POS-L\u00f6sungen und -Produkte f\u00fcr Ihr Einzelhandelsumfeld.","inLanguage":"de","potentialAction":[{"@type":"ReadAction","target":["https:\/\/apgsolutions.com\/de\/industry\/medicinal-cannabis-industry\/"]}]},{"@type":"ImageObject","inLanguage":"de","@id":"https:\/\/apgsolutions.com\/de\/industry\/medicinal-cannabis-industry\/#primaryimage","url":"https:\/\/apgsolutions.com\/wp-content\/uploads\/2023\/07\/Growth_Light-Blue.png","contentUrl":"https:\/\/apgsolutions.com\/wp-content\/uploads\/2023\/07\/Growth_Light-Blue.png"},{"@type":"WebSite","@id":"https:\/\/apgsolutions.com\/de\/#website","url":"https:\/\/apgsolutions.com\/de\/","name":"APG Solutions, LLC","description":"Trust at every point.","publisher":{"@id":"https:\/\/apgsolutions.com\/de\/#organization"},"potentialAction":[{"@type":"SearchAction","target":{"@type":"EntryPoint","urlTemplate":"https:\/\/apgsolutions.com\/de\/?s={search_term_string}"},"query-input":{"@type":"PropertyValueSpecification","valueRequired":true,"valueName":"search_term_string"}}],"inLanguage":"de"},{"@type":"Organization","@id":"https:\/\/apgsolutions.com\/de\/#organization","name":"APG Solution, LLC","url":"https:\/\/apgsolutions.com\/de\/","logo":{"@type":"ImageObject","inLanguage":"de","@id":"https:\/\/apgsolutions.com\/de\/#\/schema\/logo\/image\/","url":"https:\/\/apgsolutions.com\/wp-content\/uploads\/2023\/12\/logomark-color.svg","contentUrl":"https:\/\/apgsolutions.com\/wp-content\/uploads\/2023\/12\/logomark-color.svg","width":141,"height":138,"caption":"APG Solution, LLC"},"image":{"@id":"https:\/\/apgsolutions.com\/de\/#\/schema\/logo\/image\/"},"sameAs":["https:\/\/www.facebook.com\/apgglobalsolutions","https:\/\/x.com\/apg_solutions","https:\/\/www.youtube.com\/c\/CashManagementGlobalSolutionsbyapg","https:\/\/www.linkedin.com\/company\/apgglobalsolutions\/","https:\/\/www.instagram.com\/apgglobalsolutions\/","https:\/\/www.pinterest.com\/apgcashdrawer\/"]}]}},"acf":[],"_links":{"self":[{"href":"https:\/\/apgsolutions.com\/de\/wp-json\/wp\/v2\/pages\/94020","targetHints":{"allow":["GET"]}}],"collection":[{"href":"https:\/\/apgsolutions.com\/de\/wp-json\/wp\/v2\/pages"}],"about":[{"href":"https:\/\/apgsolutions.com\/de\/wp-json\/wp\/v2\/types\/page"}],"author":[{"embeddable":true,"href":"https:\/\/apgsolutions.com\/de\/wp-json\/wp\/v2\/users\/4"}],"replies":[{"embeddable":true,"href":"https:\/\/apgsolutions.com\/de\/wp-json\/wp\/v2\/comments?post=94020"}],"version-history":[{"count":2,"href":"https:\/\/apgsolutions.com\/de\/wp-json\/wp\/v2\/pages\/94020\/revisions"}],"predecessor-version":[{"id":95884,"href":"https:\/\/apgsolutions.com\/de\/wp-json\/wp\/v2\/pages\/94020\/revisions\/95884"}],"wp:attachment":[{"href":"https:\/\/apgsolutions.com\/de\/wp-json\/wp\/v2\/media?parent=94020"}],"curies":[{"name":"wp","href":"https:\/\/api.w.org\/{rel}","templated":true}]}}