{"id":94058,"date":"2025-10-07T11:26:47","date_gmt":"2025-10-07T11:26:47","guid":{"rendered":"https:\/\/apgsolutions.com\/quick-serve-restaurant-qsr\/"},"modified":"2025-11-24T13:37:25","modified_gmt":"2025-11-24T13:37:25","slug":"quick-serve-restaurant-qsr","status":"publish","type":"page","link":"https:\/\/apgsolutions.com\/de\/industry\/quick-serve-restaurant-qsr\/","title":{"rendered":"Schnellimbiss-Restaurants"},"content":{"rendered":"<div class=\"section_page-header \">\n    <img decoding=\"async\" class=\"header-image\" src=\"https:\/\/apgsolutions.com\/wp-content\/uploads\/2023\/07\/QSR-Header.jpg\" alt=\"Schnellimbiss-Restaurants\" title=\"Schnellimbiss-Restaurants\">\n            <div class=\"header-content\">\n            <h1>Schnellimbiss-Restaurants<\/h1>\n        <\/div>\n    <\/div>\n<div class=\"wp-block-group pos-content-div is-vertical is-content-justification-center is-layout-flex wp-container-core-group-is-layout-4b2eccd6 wp-block-group-is-layout-flex\">\n<div style=\"height:0px\" aria-hidden=\"true\" class=\"wp-block-spacer wp-container-content-b83b6736\"><\/div>\n\n\n\n<div class=\"wp-block-group is-vertical is-content-justification-center is-nowrap is-layout-flex wp-container-core-group-is-layout-e862386f wp-block-group-is-layout-flex\">\n<p class=\"has-text-align-center has-large-font-size\"><strong>Robuste und langlebige POS-L\u00f6sungen<\/strong><\/p>\n\n\n\n<div style=\"height:0px\" aria-hidden=\"true\" class=\"wp-block-spacer wp-container-content-5082a153\"><\/div>\n\n\n\n<p class=\"has-text-align-center\">Schnellrestaurants machen einen bedeutenden Teil des Marktes der Lebensmittelindustrie aus. Allein in den Vereinigten Staaten gibt es 195.507 Schnellrestaurants, und die Marktgr\u00f6\u00dfe erreichte 2022 382 Milliarden Dollar. Schnellrestaurants sind im Gastgewerbe unverzichtbar und betreiben oft 2-3 POS-Terminals an den Kassen in den Gesch\u00e4ften und 1-2 an den Drive-Thru-Fenstern.    <\/p>\n\n\n\n<p class=\"has-text-align-center\">apg\u00ae hat die Erfahrung und die F\u00e4higkeit, die zuverl\u00e4ssigste und zuverl\u00e4ssigste Kassenhardware f\u00fcr Schnellrestaurants herzustellen. Unsere robusten L\u00f6sungen sind darauf ausgelegt, die Produktivit\u00e4t zu steigern und das Kundenerlebnis zu verbessern. <\/p>\n<\/div>\n\n\n\n<div style=\"height:0px\" aria-hidden=\"true\" class=\"wp-block-spacer wp-container-content-b83b6736\"><\/div>\n\n\n\n<div class=\"wp-block-group is-vertical is-layout-flex wp-container-core-group-is-layout-8cf370e7 wp-block-group-is-layout-flex\">\n<p style=\"font-size:30px\"><strong>Fakten + Statistik<\/strong><\/p>\n\n\n\n<div style=\"height:0px\" aria-hidden=\"true\" class=\"wp-block-spacer wp-container-content-5082a153\"><\/div>\n<\/div>\n\n\n\n<div class=\"wp-block-columns is-layout-flex wp-container-core-columns-is-layout-9d6595d7 wp-block-columns-is-layout-flex\">\n<div class=\"wp-block-column pos-card-box has-background is-layout-flow wp-block-column-is-layout-flow\" style=\"background-color:#fcfaf7;flex-basis:360px\">\n<div style=\"height:1rem\" aria-hidden=\"true\" class=\"wp-block-spacer\"><\/div>\n\n\n<div class=\"wp-block-image\">\n<figure class=\"aligncenter size-full\"><img decoding=\"async\" width=\"80\" height=\"80\" src=\"https:\/\/apgsolutions.com\/wp-content\/uploads\/2023\/07\/Money-Growth_Light-Blue.png\" alt=\"Symbol f&#xFC;r die Haupteinnahmequelle\" class=\"wp-image-68978\" style=\"object-fit:cover\"\/><\/figure>\n<\/div>\n\n\n<h3 class=\"wp-block-heading has-text-align-center\" id=\"h-growth\">Wachstum<\/h3>\n\n\n\n<p class=\"has-text-align-center\">Im Jahr 2023 werden die Verbraucherausgaben in QSRs 350 Milliarden Dollar betragen | Statista<\/p>\n\n\n\n<div style=\"height:1rem\" aria-hidden=\"true\" class=\"wp-block-spacer\"><\/div>\n<\/div>\n\n\n\n<div class=\"wp-block-column pos-card-box has-background is-layout-flow wp-block-column-is-layout-flow\" style=\"background-color:#fcfaf7;flex-basis:360px\">\n<div style=\"height:1rem\" aria-hidden=\"true\" class=\"wp-block-spacer\"><\/div>\n\n\n<div class=\"wp-block-image\">\n<figure class=\"aligncenter size-full\"><img decoding=\"async\" width=\"80\" height=\"80\" src=\"https:\/\/apgsolutions.com\/wp-content\/uploads\/2023\/08\/Serve-Brands-1.png\" alt=\"Serve-Brands\" class=\"wp-image-70076\" style=\"object-fit:cover\"\/><\/figure>\n<\/div>\n\n\n<h3 class=\"wp-block-heading has-text-align-center\" id=\"h-value\">Wert<\/h3>\n\n\n\n<p class=\"has-text-align-center\">Schnellrestaurants sind eine attraktive Option f\u00fcr preisbewusste Verbraucher. Etwa die H\u00e4lfte aller Verk\u00e4ufe im Wert von weniger als 50 Dollar werden mit Bargeld bezahlt | FRB <\/p>\n\n\n\n<div style=\"height:1rem\" aria-hidden=\"true\" class=\"wp-block-spacer\"><\/div>\n<\/div>\n\n\n\n<div class=\"wp-block-column pos-card-box has-background is-layout-flow wp-block-column-is-layout-flow\" style=\"background-color:#fcfaf7;flex-basis:360px\">\n<div style=\"height:1rem\" aria-hidden=\"true\" class=\"wp-block-spacer\"><\/div>\n\n\n<div class=\"wp-block-image\">\n<figure class=\"aligncenter size-full\"><img decoding=\"async\" width=\"80\" height=\"80\" src=\"https:\/\/apgsolutions.com\/wp-content\/uploads\/2023\/07\/Bill_Light-Blue.png\" alt=\"Cash Usage in Bars &amp; Clubs\" class=\"wp-image-68967\" style=\"object-fit:cover\"\/><\/figure>\n<\/div>\n\n\n<h3 class=\"wp-block-heading has-text-align-center\" id=\"h-cash-usage\">Bargeldverwendung<\/h3>\n\n\n\n<p class=\"has-text-align-center\">Bargeld ist immer noch das am h\u00e4ufigsten verwendete Zahlungsmittel, 67% der Amerikaner bevorzugen Bargeld<\/p>\n\n\n\n<div style=\"height:16px\" aria-hidden=\"true\" class=\"wp-block-spacer\"><\/div>\n<\/div>\n<\/div>\n\n\n\n<div style=\"height:0px\" aria-hidden=\"true\" class=\"wp-block-spacer wp-container-content-b83b6736\"><\/div>\n\n\n\n<div class=\"wp-block-group is-vertical is-layout-flex wp-container-core-group-is-layout-8cf370e7 wp-block-group-is-layout-flex\">\n<p style=\"font-size:30px\"><strong>Unsere empfohlenen Schubladen f\u00fcr Quick Serve Restaurants<\/strong><\/p>\n\n\n\n<div style=\"height:0px\" aria-hidden=\"true\" class=\"wp-block-spacer wp-container-content-2cb1e7d4\"><\/div>\n<\/div>\n\n\n\n<div class=\"wp-block-columns is-layout-flex wp-container-core-columns-is-layout-9d6595d7 wp-block-columns-is-layout-flex\">\n<div class=\"wp-block-column is-layout-flow wp-block-column-is-layout-flow\">\n<div style=\"height:1rem\" aria-hidden=\"true\" class=\"wp-block-spacer\"><\/div>\n\n\n<div class=\"wp-block-image\">\n<figure class=\"aligncenter size-full is-resized\"><img decoding=\"async\" src=\"https:\/\/apgsolutions.com\/wp-content\/uploads\/2024\/09\/Series-100.png\" alt=\"Kassenschublade Serie 100\" class=\"wp-image-86680\" style=\"width:186px\"\/><\/figure>\n<\/div>\n\n\n<h3 class=\"wp-block-heading has-text-align-center\" id=\"h-series-100-cash-drawers\">Kassenschubladen der Serie 100<\/h3>\n\n\n\n<p class=\"has-text-align-left\">Die Serie 100 ist ideal f\u00fcr Schnellrestaurants und bietet reichlich Stauraum mit einem tiefen Untertischfach f\u00fcr M\u00fcnzrollen und verpacktes Geld. Sein kompaktes Design optimiert den Platz auf der Theke und eignet sich daher bestens f\u00fcr schnelllebige Umgebungen. <\/p>\n\n\n\n<p class=\"has-text-align-left\">Die Serie 100 wurde mehr als vier Millionen Mal getestet und bietet konstante Zuverl\u00e4ssigkeit und Langlebigkeit f\u00fcr die hohen Transaktionsvolumina in Schnellrestaurants.<\/p>\n\n\n\n<div style=\"height:1rem\" aria-hidden=\"true\" class=\"wp-block-spacer\"><\/div>\n<\/div>\n\n\n\n<div class=\"wp-block-column is-layout-flow wp-block-column-is-layout-flow\">\n<div style=\"height:1rem\" aria-hidden=\"true\" class=\"wp-block-spacer\"><\/div>\n\n\n<div class=\"wp-block-image\">\n<figure class=\"aligncenter size-full is-resized\"><img loading=\"lazy\" decoding=\"async\" width=\"1600\" height=\"1200\" src=\"https:\/\/apgsolutions.com\/wp-content\/uploads\/2023\/06\/Series-4000-JB520-BL1816-Closed-Right.png\" alt=\"Series 4000 JB520 BL1816 Closed Right\" class=\"wp-image-83857\" style=\"width:186px\" srcset=\"https:\/\/apgsolutions.com\/wp-content\/uploads\/2023\/06\/Series-4000-JB520-BL1816-Closed-Right.png 1600w, https:\/\/apgsolutions.com\/wp-content\/uploads\/2023\/06\/Series-4000-JB520-BL1816-Closed-Right-300x225.png 300w, https:\/\/apgsolutions.com\/wp-content\/uploads\/2023\/06\/Series-4000-JB520-BL1816-Closed-Right-1024x768.png 1024w, https:\/\/apgsolutions.com\/wp-content\/uploads\/2023\/06\/Series-4000-JB520-BL1816-Closed-Right-768x576.png 768w, https:\/\/apgsolutions.com\/wp-content\/uploads\/2023\/06\/Series-4000-JB520-BL1816-Closed-Right-1536x1152.png 1536w, https:\/\/apgsolutions.com\/wp-content\/uploads\/2023\/06\/Series-4000-JB520-BL1816-Closed-Right-550x413.png 550w, https:\/\/apgsolutions.com\/wp-content\/uploads\/2023\/06\/Series-4000-JB520-BL1816-Closed-Right-80x60.png 80w, https:\/\/apgsolutions.com\/wp-content\/uploads\/2023\/06\/Series-4000-JB520-BL1816-Closed-Right-600x450.png 600w\" sizes=\"(max-width: 1600px) 100vw, 1600px\" \/><\/figure>\n<\/div>\n\n\n<h3 class=\"wp-block-heading has-text-align-center\" id=\"h-series-4000-cash-drawer\">Serie 4000<\/h3>\n\n\n\n<p class=\"has-text-align-left\">Die Serie 4000 garantiert flexible Aufbewahrungsl\u00f6sungen mit verschiedenen Gr\u00f6\u00dfen und Farben, um Ihren schnelllebigen Kassenanforderungen gerecht zu werden.  <\/p>\n\n\n\n<p class=\"has-text-align-left\">Die Serie 4000 wurde entwickelt, um mehr als vier Millionen Transaktionen zu verarbeiten, und gew\u00e4hrleistet eine zuverl\u00e4ssige Leistung und Langlebigkeit, was sie zur zuverl\u00e4ssigen Wahl f\u00fcr Schnellrestaurants macht.<\/p>\n\n\n\n<div style=\"height:1rem\" aria-hidden=\"true\" class=\"wp-block-spacer\"><\/div>\n<\/div>\n<\/div>\n<\/div>\n","protected":false},"excerpt":{"rendered":"<p>Robuste und langlebige POS-L\u00f6sungen Schnellrestaurants machen einen bedeutenden Teil des Marktes der Lebensmittelindustrie aus. Allein in den Vereinigten Staaten gibt es 195.507 Schnellrestaurants, und die Marktgr\u00f6\u00dfe erreichte 2022 382 Milliarden Dollar. Schnellrestaurants sind im Gastgewerbe unverzichtbar und betreiben oft 2-3 POS-Terminals an den Kassen in den Gesch\u00e4ften und 1-2 an den Drive-Thru-Fenstern. apg\u00ae hat die [&hellip;]<\/p>\n","protected":false},"author":4,"featured_media":0,"parent":0,"menu_order":0,"comment_status":"closed","ping_status":"closed","template":"","meta":{"_acf_changed":false,"content-type":"","footnotes":""},"class_list":["post-94058","page","type-page","status-publish"],"yoast_head":"<!-- This site is optimized with the Yoast SEO Premium plugin v23.5 (Yoast SEO v27.2) - https:\/\/yoast.com\/product\/yoast-seo-premium-wordpress\/ -->\n<title>Quick Serve Restaurants Empfohlene POS-L\u00f6sungen - APG<\/title>\n<meta name=\"description\" content=\"APG hat langlebige Kassenl\u00f6sungen f\u00fcr Schnellrestaurants. Unsere robusten L\u00f6sungen k\u00f6nnen die Produktivit\u00e4t steigern und das Kassenerlebnis verbessern.\" \/>\n<meta name=\"robots\" content=\"index, follow, max-snippet:-1, max-image-preview:large, max-video-preview:-1\" \/>\n<link rel=\"canonical\" href=\"https:\/\/apgsolutions.com\/de\/industry\/quick-serve-restaurant-qsr\/\" \/>\n<meta property=\"og:locale\" content=\"de_DE\" \/>\n<meta property=\"og:type\" content=\"article\" \/>\n<meta property=\"og:title\" content=\"Quick Serve Restaurants Empfohlene POS-L\u00f6sungen - APG\" \/>\n<meta property=\"og:description\" content=\"APG hat langlebige Kassenl\u00f6sungen f\u00fcr Schnellrestaurants. Unsere robusten L\u00f6sungen k\u00f6nnen die Produktivit\u00e4t steigern und das Kassenerlebnis verbessern.\" \/>\n<meta property=\"og:url\" content=\"https:\/\/apgsolutions.com\/de\/industry\/quick-serve-restaurant-qsr\/\" \/>\n<meta property=\"og:site_name\" content=\"apg\u00ae Solutions\" \/>\n<meta property=\"article:publisher\" content=\"https:\/\/www.facebook.com\/apgglobalsolutions\" \/>\n<meta property=\"article:modified_time\" content=\"2025-11-24T13:37:25+00:00\" \/>\n<meta property=\"og:image\" content=\"https:\/\/apgsolutions.com\/wp-content\/uploads\/2023\/07\/Money-Growth_Light-Blue.png\" \/>\n<meta name=\"twitter:card\" content=\"summary_large_image\" \/>\n<meta name=\"twitter:site\" content=\"@apg_solutions\" \/>\n<meta name=\"twitter:label1\" content=\"Gesch\u00e4tzte Lesezeit\" \/>\n\t<meta name=\"twitter:data1\" content=\"3\u00a0Minuten\" \/>\n<script type=\"application\/ld+json\" class=\"yoast-schema-graph\">{\"@context\":\"https:\/\/schema.org\",\"@graph\":[{\"@type\":\"WebPage\",\"@id\":\"https:\/\/apgsolutions.com\/de\/industry\/quick-serve-restaurant-qsr\/\",\"url\":\"https:\/\/apgsolutions.com\/de\/industry\/quick-serve-restaurant-qsr\/\",\"name\":\"Quick Serve Restaurants Empfohlene POS-L\u00f6sungen - APG\",\"isPartOf\":{\"@id\":\"https:\/\/apgsolutions.com\/de\/#website\"},\"primaryImageOfPage\":{\"@id\":\"https:\/\/apgsolutions.com\/de\/industry\/quick-serve-restaurant-qsr\/#primaryimage\"},\"image\":{\"@id\":\"https:\/\/apgsolutions.com\/de\/industry\/quick-serve-restaurant-qsr\/#primaryimage\"},\"thumbnailUrl\":\"https:\/\/apgsolutions.com\/wp-content\/uploads\/2023\/07\/Money-Growth_Light-Blue.png\",\"datePublished\":\"2025-10-07T11:26:47+00:00\",\"dateModified\":\"2025-11-24T13:37:25+00:00\",\"description\":\"APG hat langlebige Kassenl\u00f6sungen f\u00fcr Schnellrestaurants. Unsere robusten L\u00f6sungen k\u00f6nnen die Produktivit\u00e4t steigern und das Kassenerlebnis verbessern.\",\"inLanguage\":\"de\",\"potentialAction\":[{\"@type\":\"ReadAction\",\"target\":[\"https:\/\/apgsolutions.com\/de\/industry\/quick-serve-restaurant-qsr\/\"]}]},{\"@type\":\"ImageObject\",\"inLanguage\":\"de\",\"@id\":\"https:\/\/apgsolutions.com\/de\/industry\/quick-serve-restaurant-qsr\/#primaryimage\",\"url\":\"https:\/\/apgsolutions.com\/wp-content\/uploads\/2023\/07\/Money-Growth_Light-Blue.png\",\"contentUrl\":\"https:\/\/apgsolutions.com\/wp-content\/uploads\/2023\/07\/Money-Growth_Light-Blue.png\"},{\"@type\":\"WebSite\",\"@id\":\"https:\/\/apgsolutions.com\/de\/#website\",\"url\":\"https:\/\/apgsolutions.com\/de\/\",\"name\":\"APG Solutions, LLC\",\"description\":\"Trust at every point.\",\"publisher\":{\"@id\":\"https:\/\/apgsolutions.com\/de\/#organization\"},\"potentialAction\":[{\"@type\":\"SearchAction\",\"target\":{\"@type\":\"EntryPoint\",\"urlTemplate\":\"https:\/\/apgsolutions.com\/de\/?s={search_term_string}\"},\"query-input\":{\"@type\":\"PropertyValueSpecification\",\"valueRequired\":true,\"valueName\":\"search_term_string\"}}],\"inLanguage\":\"de\"},{\"@type\":\"Organization\",\"@id\":\"https:\/\/apgsolutions.com\/de\/#organization\",\"name\":\"APG Solution, LLC\",\"url\":\"https:\/\/apgsolutions.com\/de\/\",\"logo\":{\"@type\":\"ImageObject\",\"inLanguage\":\"de\",\"@id\":\"https:\/\/apgsolutions.com\/de\/#\/schema\/logo\/image\/\",\"url\":\"https:\/\/apgsolutions.com\/wp-content\/uploads\/2023\/12\/logomark-color.svg\",\"contentUrl\":\"https:\/\/apgsolutions.com\/wp-content\/uploads\/2023\/12\/logomark-color.svg\",\"width\":141,\"height\":138,\"caption\":\"APG Solution, LLC\"},\"image\":{\"@id\":\"https:\/\/apgsolutions.com\/de\/#\/schema\/logo\/image\/\"},\"sameAs\":[\"https:\/\/www.facebook.com\/apgglobalsolutions\",\"https:\/\/x.com\/apg_solutions\",\"https:\/\/www.youtube.com\/c\/CashManagementGlobalSolutionsbyapg\",\"https:\/\/www.linkedin.com\/company\/apgglobalsolutions\/\",\"https:\/\/www.instagram.com\/apgglobalsolutions\/\",\"https:\/\/www.pinterest.com\/apgcashdrawer\/\"]}]}<\/script>\n<!-- \/ Yoast SEO Premium plugin. -->","yoast_head_json":{"title":"Quick Serve Restaurants Empfohlene POS-L\u00f6sungen - APG","description":"APG hat langlebige Kassenl\u00f6sungen f\u00fcr Schnellrestaurants. Unsere robusten L\u00f6sungen k\u00f6nnen die Produktivit\u00e4t steigern und das Kassenerlebnis verbessern.","robots":{"index":"index","follow":"follow","max-snippet":"max-snippet:-1","max-image-preview":"max-image-preview:large","max-video-preview":"max-video-preview:-1"},"canonical":"https:\/\/apgsolutions.com\/de\/industry\/quick-serve-restaurant-qsr\/","og_locale":"de_DE","og_type":"article","og_title":"Quick Serve Restaurants Empfohlene POS-L\u00f6sungen - APG","og_description":"APG hat langlebige Kassenl\u00f6sungen f\u00fcr Schnellrestaurants. Unsere robusten L\u00f6sungen k\u00f6nnen die Produktivit\u00e4t steigern und das Kassenerlebnis verbessern.","og_url":"https:\/\/apgsolutions.com\/de\/industry\/quick-serve-restaurant-qsr\/","og_site_name":"apg\u00ae Solutions","article_publisher":"https:\/\/www.facebook.com\/apgglobalsolutions","article_modified_time":"2025-11-24T13:37:25+00:00","og_image":[{"url":"https:\/\/apgsolutions.com\/wp-content\/uploads\/2023\/07\/Money-Growth_Light-Blue.png","type":"","width":"","height":""}],"twitter_card":"summary_large_image","twitter_site":"@apg_solutions","twitter_misc":{"Gesch\u00e4tzte Lesezeit":"3\u00a0Minuten"},"schema":{"@context":"https:\/\/schema.org","@graph":[{"@type":"WebPage","@id":"https:\/\/apgsolutions.com\/de\/industry\/quick-serve-restaurant-qsr\/","url":"https:\/\/apgsolutions.com\/de\/industry\/quick-serve-restaurant-qsr\/","name":"Quick Serve Restaurants Empfohlene POS-L\u00f6sungen - APG","isPartOf":{"@id":"https:\/\/apgsolutions.com\/de\/#website"},"primaryImageOfPage":{"@id":"https:\/\/apgsolutions.com\/de\/industry\/quick-serve-restaurant-qsr\/#primaryimage"},"image":{"@id":"https:\/\/apgsolutions.com\/de\/industry\/quick-serve-restaurant-qsr\/#primaryimage"},"thumbnailUrl":"https:\/\/apgsolutions.com\/wp-content\/uploads\/2023\/07\/Money-Growth_Light-Blue.png","datePublished":"2025-10-07T11:26:47+00:00","dateModified":"2025-11-24T13:37:25+00:00","description":"APG hat langlebige Kassenl\u00f6sungen f\u00fcr Schnellrestaurants. Unsere robusten L\u00f6sungen k\u00f6nnen die Produktivit\u00e4t steigern und das Kassenerlebnis verbessern.","inLanguage":"de","potentialAction":[{"@type":"ReadAction","target":["https:\/\/apgsolutions.com\/de\/industry\/quick-serve-restaurant-qsr\/"]}]},{"@type":"ImageObject","inLanguage":"de","@id":"https:\/\/apgsolutions.com\/de\/industry\/quick-serve-restaurant-qsr\/#primaryimage","url":"https:\/\/apgsolutions.com\/wp-content\/uploads\/2023\/07\/Money-Growth_Light-Blue.png","contentUrl":"https:\/\/apgsolutions.com\/wp-content\/uploads\/2023\/07\/Money-Growth_Light-Blue.png"},{"@type":"WebSite","@id":"https:\/\/apgsolutions.com\/de\/#website","url":"https:\/\/apgsolutions.com\/de\/","name":"APG Solutions, LLC","description":"Trust at every point.","publisher":{"@id":"https:\/\/apgsolutions.com\/de\/#organization"},"potentialAction":[{"@type":"SearchAction","target":{"@type":"EntryPoint","urlTemplate":"https:\/\/apgsolutions.com\/de\/?s={search_term_string}"},"query-input":{"@type":"PropertyValueSpecification","valueRequired":true,"valueName":"search_term_string"}}],"inLanguage":"de"},{"@type":"Organization","@id":"https:\/\/apgsolutions.com\/de\/#organization","name":"APG Solution, LLC","url":"https:\/\/apgsolutions.com\/de\/","logo":{"@type":"ImageObject","inLanguage":"de","@id":"https:\/\/apgsolutions.com\/de\/#\/schema\/logo\/image\/","url":"https:\/\/apgsolutions.com\/wp-content\/uploads\/2023\/12\/logomark-color.svg","contentUrl":"https:\/\/apgsolutions.com\/wp-content\/uploads\/2023\/12\/logomark-color.svg","width":141,"height":138,"caption":"APG Solution, LLC"},"image":{"@id":"https:\/\/apgsolutions.com\/de\/#\/schema\/logo\/image\/"},"sameAs":["https:\/\/www.facebook.com\/apgglobalsolutions","https:\/\/x.com\/apg_solutions","https:\/\/www.youtube.com\/c\/CashManagementGlobalSolutionsbyapg","https:\/\/www.linkedin.com\/company\/apgglobalsolutions\/","https:\/\/www.instagram.com\/apgglobalsolutions\/","https:\/\/www.pinterest.com\/apgcashdrawer\/"]}]}},"acf":[],"_links":{"self":[{"href":"https:\/\/apgsolutions.com\/de\/wp-json\/wp\/v2\/pages\/94058","targetHints":{"allow":["GET"]}}],"collection":[{"href":"https:\/\/apgsolutions.com\/de\/wp-json\/wp\/v2\/pages"}],"about":[{"href":"https:\/\/apgsolutions.com\/de\/wp-json\/wp\/v2\/types\/page"}],"author":[{"embeddable":true,"href":"https:\/\/apgsolutions.com\/de\/wp-json\/wp\/v2\/users\/4"}],"replies":[{"embeddable":true,"href":"https:\/\/apgsolutions.com\/de\/wp-json\/wp\/v2\/comments?post=94058"}],"version-history":[{"count":2,"href":"https:\/\/apgsolutions.com\/de\/wp-json\/wp\/v2\/pages\/94058\/revisions"}],"predecessor-version":[{"id":95869,"href":"https:\/\/apgsolutions.com\/de\/wp-json\/wp\/v2\/pages\/94058\/revisions\/95869"}],"wp:attachment":[{"href":"https:\/\/apgsolutions.com\/de\/wp-json\/wp\/v2\/media?parent=94058"}],"curies":[{"name":"wp","href":"https:\/\/api.w.org\/{rel}","templated":true}]}}