{"id":94800,"date":"2025-10-14T04:04:53","date_gmt":"2025-10-14T04:04:53","guid":{"rendered":"https:\/\/apgsolutions.com\/cash-drawer-overview-keys-locks-description-use-white-paper-download\/"},"modified":"2026-01-22T14:47:44","modified_gmt":"2026-01-22T14:47:44","slug":"cash-drawer-overview-keys-locks-description-use-white-paper-download","status":"publish","type":"page","link":"https:\/\/apgsolutions.com\/de\/cash-drawer-overview-keys-locks-description-use-white-paper-download\/","title":{"rendered":"Kassenschublade \u00dcbersicht: Beschreibung und Verwendung von Schl\u00fcsseln und Schl\u00f6ssern"},"content":{"rendered":"\n<h1 class=\"wp-block-heading has-text-align-center\" id=\"h-cash-drawer-overview-keys-and-locks-description-and-use\">Kassenschublade \u00dcbersicht: Beschreibung und Verwendung von Schl\u00fcsseln und Schl\u00f6ssern<\/h1>\n\n<p>Eine Kassenschublade ist ein vor\u00fcbergehender, einigerma\u00dfen sicherer Ort zur Aufbewahrung und Pr\u00e4sentation von sortiertem Bargeld im Rahmen von Einzelhandelstransaktionen. In diesem White Paper werden die Schl\u00fcssel- und Schlossoptionen von APG Cash Drawer vorgestellt. <\/p>\n\n<p><a href=\"\/wp-content\/uploads\/2023\/05\/Lock-Design.pdf\">APG Kassenschublade \u00dcbersicht &#8211; Schl\u00fcssel und Schl\u00f6sser Beschreibung und Verwendung<\/a><\/p>\n","protected":false},"excerpt":{"rendered":"<p>Kassenschublade \u00dcbersicht: Beschreibung und Verwendung von Schl\u00fcsseln und Schl\u00f6ssern Eine Kassenschublade ist ein vor\u00fcbergehender, einigerma\u00dfen sicherer Ort zur Aufbewahrung und Pr\u00e4sentation von sortiertem Bargeld im Rahmen von Einzelhandelstransaktionen. In diesem White Paper werden die Schl\u00fcssel- und Schlossoptionen von APG Cash Drawer vorgestellt. APG Kassenschublade \u00dcbersicht &#8211; Schl\u00fcssel und Schl\u00f6sser Beschreibung und Verwendung<\/p>\n","protected":false},"author":4,"featured_media":0,"parent":0,"menu_order":0,"comment_status":"closed","ping_status":"closed","template":"","meta":{"_acf_changed":false,"content-type":"","footnotes":""},"class_list":["post-94800","page","type-page","status-publish"],"yoast_head":"<!-- This site is optimized with the Yoast SEO Premium plugin v23.5 (Yoast SEO v27.2) - https:\/\/yoast.com\/product\/yoast-seo-premium-wordpress\/ -->\n<title>Kassenschublade \u00dcbersicht: Beschreibung und Verwendung von Schl\u00fcsseln und Schl\u00f6ssern<\/title>\n<meta name=\"description\" content=\"\u00dcberblick \u00fcber die Schl\u00fcssel und Schl\u00f6sser von Kassenschubladen. Zugriff auf Ressourcen und Informationen zur Nutzung und Wartung von POS-Ger\u00e4ten.\" \/>\n<meta name=\"robots\" content=\"index, follow, max-snippet:-1, max-image-preview:large, max-video-preview:-1\" \/>\n<link rel=\"canonical\" href=\"https:\/\/apgsolutions.com\/de\/cash-drawer-overview-keys-locks-description-use-white-paper-download\/\" \/>\n<meta property=\"og:locale\" content=\"de_DE\" \/>\n<meta property=\"og:type\" content=\"article\" \/>\n<meta property=\"og:title\" content=\"Kassenschublade \u00dcbersicht: Beschreibung und Verwendung von Schl\u00fcsseln und Schl\u00f6ssern\" \/>\n<meta property=\"og:description\" content=\"\u00dcberblick \u00fcber die Schl\u00fcssel und Schl\u00f6sser von Kassenschubladen. Zugriff auf Ressourcen und Informationen zur Nutzung und Wartung von POS-Ger\u00e4ten.\" \/>\n<meta property=\"og:url\" content=\"https:\/\/apgsolutions.com\/de\/cash-drawer-overview-keys-locks-description-use-white-paper-download\/\" \/>\n<meta property=\"og:site_name\" content=\"apg\u00ae Solutions\" \/>\n<meta property=\"article:publisher\" content=\"https:\/\/www.facebook.com\/apgglobalsolutions\" \/>\n<meta property=\"article:modified_time\" content=\"2026-01-22T14:47:44+00:00\" \/>\n<meta name=\"twitter:card\" content=\"summary_large_image\" \/>\n<meta name=\"twitter:site\" content=\"@apg_solutions\" \/>\n<script type=\"application\/ld+json\" class=\"yoast-schema-graph\">{\"@context\":\"https:\/\/schema.org\",\"@graph\":[{\"@type\":\"WebPage\",\"@id\":\"https:\/\/apgsolutions.com\/de\/cash-drawer-overview-keys-locks-description-use-white-paper-download\/\",\"url\":\"https:\/\/apgsolutions.com\/de\/cash-drawer-overview-keys-locks-description-use-white-paper-download\/\",\"name\":\"Kassenschublade \u00dcbersicht: Beschreibung und Verwendung von Schl\u00fcsseln und Schl\u00f6ssern\",\"isPartOf\":{\"@id\":\"https:\/\/apgsolutions.com\/de\/#website\"},\"datePublished\":\"2025-10-14T04:04:53+00:00\",\"dateModified\":\"2026-01-22T14:47:44+00:00\",\"description\":\"\u00dcberblick \u00fcber die Schl\u00fcssel und Schl\u00f6sser von Kassenschubladen. Zugriff auf Ressourcen und Informationen zur Nutzung und Wartung von POS-Ger\u00e4ten.\",\"inLanguage\":\"de\",\"potentialAction\":[{\"@type\":\"ReadAction\",\"target\":[\"https:\/\/apgsolutions.com\/de\/cash-drawer-overview-keys-locks-description-use-white-paper-download\/\"]}]},{\"@type\":\"WebSite\",\"@id\":\"https:\/\/apgsolutions.com\/de\/#website\",\"url\":\"https:\/\/apgsolutions.com\/de\/\",\"name\":\"APG Solutions, LLC\",\"description\":\"Trust at every point.\",\"publisher\":{\"@id\":\"https:\/\/apgsolutions.com\/de\/#organization\"},\"potentialAction\":[{\"@type\":\"SearchAction\",\"target\":{\"@type\":\"EntryPoint\",\"urlTemplate\":\"https:\/\/apgsolutions.com\/de\/?s={search_term_string}\"},\"query-input\":{\"@type\":\"PropertyValueSpecification\",\"valueRequired\":true,\"valueName\":\"search_term_string\"}}],\"inLanguage\":\"de\"},{\"@type\":\"Organization\",\"@id\":\"https:\/\/apgsolutions.com\/de\/#organization\",\"name\":\"APG Solution, LLC\",\"url\":\"https:\/\/apgsolutions.com\/de\/\",\"logo\":{\"@type\":\"ImageObject\",\"inLanguage\":\"de\",\"@id\":\"https:\/\/apgsolutions.com\/de\/#\/schema\/logo\/image\/\",\"url\":\"https:\/\/apgsolutions.com\/wp-content\/uploads\/2023\/12\/logomark-color.svg\",\"contentUrl\":\"https:\/\/apgsolutions.com\/wp-content\/uploads\/2023\/12\/logomark-color.svg\",\"width\":141,\"height\":138,\"caption\":\"APG Solution, LLC\"},\"image\":{\"@id\":\"https:\/\/apgsolutions.com\/de\/#\/schema\/logo\/image\/\"},\"sameAs\":[\"https:\/\/www.facebook.com\/apgglobalsolutions\",\"https:\/\/x.com\/apg_solutions\",\"https:\/\/www.youtube.com\/c\/CashManagementGlobalSolutionsbyapg\",\"https:\/\/www.linkedin.com\/company\/apgglobalsolutions\/\",\"https:\/\/www.instagram.com\/apgglobalsolutions\/\",\"https:\/\/www.pinterest.com\/apgcashdrawer\/\"]}]}<\/script>\n<!-- \/ Yoast SEO Premium plugin. -->","yoast_head_json":{"title":"Kassenschublade \u00dcbersicht: Beschreibung und Verwendung von Schl\u00fcsseln und Schl\u00f6ssern","description":"\u00dcberblick \u00fcber die Schl\u00fcssel und Schl\u00f6sser von Kassenschubladen. Zugriff auf Ressourcen und Informationen zur Nutzung und Wartung von POS-Ger\u00e4ten.","robots":{"index":"index","follow":"follow","max-snippet":"max-snippet:-1","max-image-preview":"max-image-preview:large","max-video-preview":"max-video-preview:-1"},"canonical":"https:\/\/apgsolutions.com\/de\/cash-drawer-overview-keys-locks-description-use-white-paper-download\/","og_locale":"de_DE","og_type":"article","og_title":"Kassenschublade \u00dcbersicht: Beschreibung und Verwendung von Schl\u00fcsseln und Schl\u00f6ssern","og_description":"\u00dcberblick \u00fcber die Schl\u00fcssel und Schl\u00f6sser von Kassenschubladen. Zugriff auf Ressourcen und Informationen zur Nutzung und Wartung von POS-Ger\u00e4ten.","og_url":"https:\/\/apgsolutions.com\/de\/cash-drawer-overview-keys-locks-description-use-white-paper-download\/","og_site_name":"apg\u00ae Solutions","article_publisher":"https:\/\/www.facebook.com\/apgglobalsolutions","article_modified_time":"2026-01-22T14:47:44+00:00","twitter_card":"summary_large_image","twitter_site":"@apg_solutions","schema":{"@context":"https:\/\/schema.org","@graph":[{"@type":"WebPage","@id":"https:\/\/apgsolutions.com\/de\/cash-drawer-overview-keys-locks-description-use-white-paper-download\/","url":"https:\/\/apgsolutions.com\/de\/cash-drawer-overview-keys-locks-description-use-white-paper-download\/","name":"Kassenschublade \u00dcbersicht: Beschreibung und Verwendung von Schl\u00fcsseln und Schl\u00f6ssern","isPartOf":{"@id":"https:\/\/apgsolutions.com\/de\/#website"},"datePublished":"2025-10-14T04:04:53+00:00","dateModified":"2026-01-22T14:47:44+00:00","description":"\u00dcberblick \u00fcber die Schl\u00fcssel und Schl\u00f6sser von Kassenschubladen. Zugriff auf Ressourcen und Informationen zur Nutzung und Wartung von POS-Ger\u00e4ten.","inLanguage":"de","potentialAction":[{"@type":"ReadAction","target":["https:\/\/apgsolutions.com\/de\/cash-drawer-overview-keys-locks-description-use-white-paper-download\/"]}]},{"@type":"WebSite","@id":"https:\/\/apgsolutions.com\/de\/#website","url":"https:\/\/apgsolutions.com\/de\/","name":"APG Solutions, LLC","description":"Trust at every point.","publisher":{"@id":"https:\/\/apgsolutions.com\/de\/#organization"},"potentialAction":[{"@type":"SearchAction","target":{"@type":"EntryPoint","urlTemplate":"https:\/\/apgsolutions.com\/de\/?s={search_term_string}"},"query-input":{"@type":"PropertyValueSpecification","valueRequired":true,"valueName":"search_term_string"}}],"inLanguage":"de"},{"@type":"Organization","@id":"https:\/\/apgsolutions.com\/de\/#organization","name":"APG Solution, LLC","url":"https:\/\/apgsolutions.com\/de\/","logo":{"@type":"ImageObject","inLanguage":"de","@id":"https:\/\/apgsolutions.com\/de\/#\/schema\/logo\/image\/","url":"https:\/\/apgsolutions.com\/wp-content\/uploads\/2023\/12\/logomark-color.svg","contentUrl":"https:\/\/apgsolutions.com\/wp-content\/uploads\/2023\/12\/logomark-color.svg","width":141,"height":138,"caption":"APG Solution, LLC"},"image":{"@id":"https:\/\/apgsolutions.com\/de\/#\/schema\/logo\/image\/"},"sameAs":["https:\/\/www.facebook.com\/apgglobalsolutions","https:\/\/x.com\/apg_solutions","https:\/\/www.youtube.com\/c\/CashManagementGlobalSolutionsbyapg","https:\/\/www.linkedin.com\/company\/apgglobalsolutions\/","https:\/\/www.instagram.com\/apgglobalsolutions\/","https:\/\/www.pinterest.com\/apgcashdrawer\/"]}]}},"acf":[],"_links":{"self":[{"href":"https:\/\/apgsolutions.com\/de\/wp-json\/wp\/v2\/pages\/94800","targetHints":{"allow":["GET"]}}],"collection":[{"href":"https:\/\/apgsolutions.com\/de\/wp-json\/wp\/v2\/pages"}],"about":[{"href":"https:\/\/apgsolutions.com\/de\/wp-json\/wp\/v2\/types\/page"}],"author":[{"embeddable":true,"href":"https:\/\/apgsolutions.com\/de\/wp-json\/wp\/v2\/users\/4"}],"replies":[{"embeddable":true,"href":"https:\/\/apgsolutions.com\/de\/wp-json\/wp\/v2\/comments?post=94800"}],"version-history":[{"count":1,"href":"https:\/\/apgsolutions.com\/de\/wp-json\/wp\/v2\/pages\/94800\/revisions"}],"predecessor-version":[{"id":94801,"href":"https:\/\/apgsolutions.com\/de\/wp-json\/wp\/v2\/pages\/94800\/revisions\/94801"}],"wp:attachment":[{"href":"https:\/\/apgsolutions.com\/de\/wp-json\/wp\/v2\/media?parent=94800"}],"curies":[{"name":"wp","href":"https:\/\/api.w.org\/{rel}","templated":true}]}}