{"id":94819,"date":"2025-10-14T04:27:15","date_gmt":"2025-10-14T04:27:15","guid":{"rendered":"https:\/\/apgsolutions.com\/customer-satisfaction-survey-2\/"},"modified":"2025-10-14T06:09:48","modified_gmt":"2025-10-14T06:09:48","slug":"customer-satisfaction-survey-2","status":"publish","type":"page","link":"https:\/\/apgsolutions.com\/de\/customer-satisfaction-survey-2\/","title":{"rendered":"Umfrage zur Kundenzufriedenheit"},"content":{"rendered":"<div class=\"section_page-header \">\n    <img decoding=\"async\" class=\"header-image\" src=\"https:\/\/apgsolutions.com\/wp-content\/uploads\/2023\/05\/customer-satisfaction-survey.jpg\" alt=\"customer-satisfaction-survey\" title=\"customer-satisfaction-survey\">\n            <div class=\"header-content\">\n            <h1>Customer Satisfaction Survey<\/h1>\n        <\/div>\n    <\/div>\n<p>Vielen Dank f\u00fcr Ihr Gesch\u00e4ft. Sie sind f\u00fcr uns ein gesch\u00e4tzter Kunde. Damit wir uns weiter verbessern k\u00f6nnen, w\u00fcrden wir gerne wissen, wie gut APG Cash Drawer funktioniert und Ihre gesch\u00e4ftlichen Anforderungen erf\u00fcllt. W\u00fcrden Sie so freundlich sein und diese KURZE Umfrage ausf\u00fcllen? Sie k\u00f6nnen sie auch ausdrucken und uns per Post zusenden, wenn Sie dies w\u00fcnschen.    <\/p>\n\n<p>Die APG sammelt oder teilt keine pers\u00f6nlichen Daten in dieser Umfrage. Wir werden Ihre Antwort als privat betrachten und die Antworten in zusammengefasster Form verwenden, um unseren Service f\u00fcr Kunden wie Sie zu verbessern. <\/p>\n\n<p>Wenn Sie Ihre Kontaktdaten im Antwortbereich hinterlassen und darum bitten, dass wir Sie kontaktieren, werden wir uns mit Ihnen in Verbindung setzen. Vielen Dank, dass Sie sich die Zeit genommen haben, Ihre Meinung mit uns bei APG zu teilen. <\/p>\n<p><script charset=\"utf-8\" type=\"text\/javascript\" src=\"\/\/js.hsforms.net\/forms\/embed\/v2.js\"><\/script><br \/>\n<script>\n  hbspt.forms.create({\n    region: \"na1\",\n    portalId: \"3337275\",\n    formId: \"9d4384ca-f534-46ed-9c1f-0dca9e729321\",\n    sfdcCampaignId: \"7011L000001hPjaQAE\"\n  });\n<\/script><\/p>\n","protected":false},"excerpt":{"rendered":"<p>Vielen Dank f\u00fcr Ihr Gesch\u00e4ft. Sie sind f\u00fcr uns ein gesch\u00e4tzter Kunde. Damit wir uns weiter verbessern k\u00f6nnen, w\u00fcrden wir gerne wissen, wie gut APG Cash Drawer funktioniert und Ihre gesch\u00e4ftlichen Anforderungen erf\u00fcllt. W\u00fcrden Sie so freundlich sein und diese KURZE Umfrage ausf\u00fcllen? Sie k\u00f6nnen sie auch ausdrucken und uns per Post zusenden, wenn Sie [&hellip;]<\/p>\n","protected":false},"author":4,"featured_media":0,"parent":0,"menu_order":0,"comment_status":"closed","ping_status":"closed","template":"","meta":{"_acf_changed":false,"content-type":"","footnotes":""},"class_list":["post-94819","page","type-page","status-publish"],"yoast_head":"<!-- This site is optimized with the Yoast SEO Premium plugin v23.5 (Yoast SEO v27.2) - https:\/\/yoast.com\/product\/yoast-seo-premium-wordpress\/ -->\n<title>Umfrage zur Kundenzufriedenheit | apg\u00ae Solutions<\/title>\n<meta name=\"description\" content=\"Damit wir uns weiter verbessern k\u00f6nnen, sind wir daran interessiert, zu erfahren, wie gut APG funktioniert und Ihre gesch\u00e4ftlichen Anforderungen erf\u00fcllt.\" \/>\n<meta name=\"robots\" content=\"index, follow, max-snippet:-1, max-image-preview:large, max-video-preview:-1\" \/>\n<link rel=\"canonical\" href=\"https:\/\/apgsolutions.com\/de\/customer-satisfaction-survey-2\/\" \/>\n<meta property=\"og:locale\" content=\"de_DE\" \/>\n<meta property=\"og:type\" content=\"article\" \/>\n<meta property=\"og:title\" content=\"Umfrage zur Kundenzufriedenheit | apg\u00ae Solutions\" \/>\n<meta property=\"og:description\" content=\"Damit wir uns weiter verbessern k\u00f6nnen, sind wir daran interessiert, zu erfahren, wie gut APG funktioniert und Ihre gesch\u00e4ftlichen Anforderungen erf\u00fcllt.\" \/>\n<meta property=\"og:url\" content=\"https:\/\/apgsolutions.com\/de\/customer-satisfaction-survey-2\/\" \/>\n<meta property=\"og:site_name\" content=\"apg\u00ae Solutions\" \/>\n<meta property=\"article:publisher\" content=\"https:\/\/www.facebook.com\/apgglobalsolutions\" \/>\n<meta property=\"article:modified_time\" content=\"2025-10-14T06:09:48+00:00\" \/>\n<meta name=\"twitter:card\" content=\"summary_large_image\" \/>\n<meta name=\"twitter:site\" content=\"@apg_solutions\" \/>\n<meta name=\"twitter:label1\" content=\"Gesch\u00e4tzte Lesezeit\" \/>\n\t<meta name=\"twitter:data1\" content=\"1\u00a0Minute\" \/>\n<script type=\"application\/ld+json\" class=\"yoast-schema-graph\">{\"@context\":\"https:\/\/schema.org\",\"@graph\":[{\"@type\":\"WebPage\",\"@id\":\"https:\/\/apgsolutions.com\/de\/customer-satisfaction-survey-2\/\",\"url\":\"https:\/\/apgsolutions.com\/de\/customer-satisfaction-survey-2\/\",\"name\":\"Umfrage zur Kundenzufriedenheit | apg\u00ae Solutions\",\"isPartOf\":{\"@id\":\"https:\/\/apgsolutions.com\/de\/#website\"},\"datePublished\":\"2025-10-14T04:27:15+00:00\",\"dateModified\":\"2025-10-14T06:09:48+00:00\",\"description\":\"Damit wir uns weiter verbessern k\u00f6nnen, sind wir daran interessiert, zu erfahren, wie gut APG funktioniert und Ihre gesch\u00e4ftlichen Anforderungen erf\u00fcllt.\",\"inLanguage\":\"de\",\"potentialAction\":[{\"@type\":\"ReadAction\",\"target\":[\"https:\/\/apgsolutions.com\/de\/customer-satisfaction-survey-2\/\"]}]},{\"@type\":\"WebSite\",\"@id\":\"https:\/\/apgsolutions.com\/de\/#website\",\"url\":\"https:\/\/apgsolutions.com\/de\/\",\"name\":\"APG Solutions, LLC\",\"description\":\"Trust at every point.\",\"publisher\":{\"@id\":\"https:\/\/apgsolutions.com\/de\/#organization\"},\"potentialAction\":[{\"@type\":\"SearchAction\",\"target\":{\"@type\":\"EntryPoint\",\"urlTemplate\":\"https:\/\/apgsolutions.com\/de\/?s={search_term_string}\"},\"query-input\":{\"@type\":\"PropertyValueSpecification\",\"valueRequired\":true,\"valueName\":\"search_term_string\"}}],\"inLanguage\":\"de\"},{\"@type\":\"Organization\",\"@id\":\"https:\/\/apgsolutions.com\/de\/#organization\",\"name\":\"APG Solution, LLC\",\"url\":\"https:\/\/apgsolutions.com\/de\/\",\"logo\":{\"@type\":\"ImageObject\",\"inLanguage\":\"de\",\"@id\":\"https:\/\/apgsolutions.com\/de\/#\/schema\/logo\/image\/\",\"url\":\"https:\/\/apgsolutions.com\/wp-content\/uploads\/2023\/12\/logomark-color.svg\",\"contentUrl\":\"https:\/\/apgsolutions.com\/wp-content\/uploads\/2023\/12\/logomark-color.svg\",\"width\":141,\"height\":138,\"caption\":\"APG Solution, LLC\"},\"image\":{\"@id\":\"https:\/\/apgsolutions.com\/de\/#\/schema\/logo\/image\/\"},\"sameAs\":[\"https:\/\/www.facebook.com\/apgglobalsolutions\",\"https:\/\/x.com\/apg_solutions\",\"https:\/\/www.youtube.com\/c\/CashManagementGlobalSolutionsbyapg\",\"https:\/\/www.linkedin.com\/company\/apgglobalsolutions\/\",\"https:\/\/www.instagram.com\/apgglobalsolutions\/\",\"https:\/\/www.pinterest.com\/apgcashdrawer\/\"]}]}<\/script>\n<!-- \/ Yoast SEO Premium plugin. -->","yoast_head_json":{"title":"Umfrage zur Kundenzufriedenheit | apg\u00ae Solutions","description":"Damit wir uns weiter verbessern k\u00f6nnen, sind wir daran interessiert, zu erfahren, wie gut APG funktioniert und Ihre gesch\u00e4ftlichen Anforderungen erf\u00fcllt.","robots":{"index":"index","follow":"follow","max-snippet":"max-snippet:-1","max-image-preview":"max-image-preview:large","max-video-preview":"max-video-preview:-1"},"canonical":"https:\/\/apgsolutions.com\/de\/customer-satisfaction-survey-2\/","og_locale":"de_DE","og_type":"article","og_title":"Umfrage zur Kundenzufriedenheit | apg\u00ae Solutions","og_description":"Damit wir uns weiter verbessern k\u00f6nnen, sind wir daran interessiert, zu erfahren, wie gut APG funktioniert und Ihre gesch\u00e4ftlichen Anforderungen erf\u00fcllt.","og_url":"https:\/\/apgsolutions.com\/de\/customer-satisfaction-survey-2\/","og_site_name":"apg\u00ae Solutions","article_publisher":"https:\/\/www.facebook.com\/apgglobalsolutions","article_modified_time":"2025-10-14T06:09:48+00:00","twitter_card":"summary_large_image","twitter_site":"@apg_solutions","twitter_misc":{"Gesch\u00e4tzte Lesezeit":"1\u00a0Minute"},"schema":{"@context":"https:\/\/schema.org","@graph":[{"@type":"WebPage","@id":"https:\/\/apgsolutions.com\/de\/customer-satisfaction-survey-2\/","url":"https:\/\/apgsolutions.com\/de\/customer-satisfaction-survey-2\/","name":"Umfrage zur Kundenzufriedenheit | apg\u00ae Solutions","isPartOf":{"@id":"https:\/\/apgsolutions.com\/de\/#website"},"datePublished":"2025-10-14T04:27:15+00:00","dateModified":"2025-10-14T06:09:48+00:00","description":"Damit wir uns weiter verbessern k\u00f6nnen, sind wir daran interessiert, zu erfahren, wie gut APG funktioniert und Ihre gesch\u00e4ftlichen Anforderungen erf\u00fcllt.","inLanguage":"de","potentialAction":[{"@type":"ReadAction","target":["https:\/\/apgsolutions.com\/de\/customer-satisfaction-survey-2\/"]}]},{"@type":"WebSite","@id":"https:\/\/apgsolutions.com\/de\/#website","url":"https:\/\/apgsolutions.com\/de\/","name":"APG Solutions, LLC","description":"Trust at every point.","publisher":{"@id":"https:\/\/apgsolutions.com\/de\/#organization"},"potentialAction":[{"@type":"SearchAction","target":{"@type":"EntryPoint","urlTemplate":"https:\/\/apgsolutions.com\/de\/?s={search_term_string}"},"query-input":{"@type":"PropertyValueSpecification","valueRequired":true,"valueName":"search_term_string"}}],"inLanguage":"de"},{"@type":"Organization","@id":"https:\/\/apgsolutions.com\/de\/#organization","name":"APG Solution, LLC","url":"https:\/\/apgsolutions.com\/de\/","logo":{"@type":"ImageObject","inLanguage":"de","@id":"https:\/\/apgsolutions.com\/de\/#\/schema\/logo\/image\/","url":"https:\/\/apgsolutions.com\/wp-content\/uploads\/2023\/12\/logomark-color.svg","contentUrl":"https:\/\/apgsolutions.com\/wp-content\/uploads\/2023\/12\/logomark-color.svg","width":141,"height":138,"caption":"APG Solution, LLC"},"image":{"@id":"https:\/\/apgsolutions.com\/de\/#\/schema\/logo\/image\/"},"sameAs":["https:\/\/www.facebook.com\/apgglobalsolutions","https:\/\/x.com\/apg_solutions","https:\/\/www.youtube.com\/c\/CashManagementGlobalSolutionsbyapg","https:\/\/www.linkedin.com\/company\/apgglobalsolutions\/","https:\/\/www.instagram.com\/apgglobalsolutions\/","https:\/\/www.pinterest.com\/apgcashdrawer\/"]}]}},"acf":[],"_links":{"self":[{"href":"https:\/\/apgsolutions.com\/de\/wp-json\/wp\/v2\/pages\/94819","targetHints":{"allow":["GET"]}}],"collection":[{"href":"https:\/\/apgsolutions.com\/de\/wp-json\/wp\/v2\/pages"}],"about":[{"href":"https:\/\/apgsolutions.com\/de\/wp-json\/wp\/v2\/types\/page"}],"author":[{"embeddable":true,"href":"https:\/\/apgsolutions.com\/de\/wp-json\/wp\/v2\/users\/4"}],"replies":[{"embeddable":true,"href":"https:\/\/apgsolutions.com\/de\/wp-json\/wp\/v2\/comments?post=94819"}],"version-history":[{"count":1,"href":"https:\/\/apgsolutions.com\/de\/wp-json\/wp\/v2\/pages\/94819\/revisions"}],"predecessor-version":[{"id":94820,"href":"https:\/\/apgsolutions.com\/de\/wp-json\/wp\/v2\/pages\/94819\/revisions\/94820"}],"wp:attachment":[{"href":"https:\/\/apgsolutions.com\/de\/wp-json\/wp\/v2\/media?parent=94819"}],"curies":[{"name":"wp","href":"https:\/\/api.w.org\/{rel}","templated":true}]}}