{"id":94829,"date":"2025-10-14T04:31:07","date_gmt":"2025-10-14T04:31:07","guid":{"rendered":"https:\/\/apgsolutions.com\/disposal\/"},"modified":"2026-01-27T16:23:14","modified_gmt":"2026-01-27T16:23:14","slug":"disposal","status":"publish","type":"page","link":"https:\/\/apgsolutions.com\/de\/disposal\/","title":{"rendered":"Entsorgung"},"content":{"rendered":"<div class=\"section_page-header \">\n    <img decoding=\"async\" class=\"header-image\" src=\"https:\/\/apgsolutions.com\/wp-content\/uploads\/2023\/04\/dark-blue-rotated.jpg\" alt=\"dark-blue\" title=\"dark-blue\">\n            <div class=\"header-content\">\n            <h1>End-of-Life Waste Treatment Program<\/h1>\n        <\/div>\n    <\/div>\n<p class=\"has-text-align-center\">Vielen Dank f\u00fcr Ihre Teilnahme am APG Cash Drawer, LLC End-of-Life Waste Treatment Programm. Bitte f\u00fcllen Sie die nachstehenden Informationen aus und senden Sie sie an APG. APG wird Ihre Produkte daraufhin \u00fcberpr\u00fcfen, ob sie die Anforderungen f\u00fcr dieses Programm erf\u00fcllen. <\/p>\n<p><script charset=\"utf-8\" type=\"text\/javascript\" src=\"\/\/js.hsforms.net\/forms\/embed\/v2.js\"><\/script><br \/>\n<script>\n  hbspt.forms.create({\n    region: \"na1\",\n    portalId: \"3337275\",\n    formId: \"191c7b2a-817d-43ae-a246-9e827c0e6547\"\n  });\n<\/script><\/p>\n\n<h2 class=\"wp-block-heading has-text-align-center\" id=\"h-please-enter-the-following-data-so-that-we-may-activate-the-waste-treatment-process-for-you\"><strong>Bitte geben Sie die folgenden Daten ein, damit wir den Prozess der Abfallbehandlung f\u00fcr Sie aktivieren k\u00f6nnen.<\/strong><\/h2>\n\n<p class=\"has-text-align-left\">Das Produktetikett (auf der Unterseite der Kassenschublade) sieht wie folgt aus:<\/p>\n\n<figure class=\"wp-block-image size-full\"><img fetchpriority=\"high\" decoding=\"async\" width=\"300\" height=\"181\" src=\"https:\/\/apgsolutions.com\/wp-content\/uploads\/2023\/07\/prouct-label-example-300x181-1.png\" alt=\"Produkt-Etikett\" class=\"wp-image-66481\" srcset=\"https:\/\/apgsolutions.com\/wp-content\/uploads\/2023\/07\/prouct-label-example-300x181-1.png 300w, https:\/\/apgsolutions.com\/wp-content\/uploads\/2023\/07\/prouct-label-example-300x181-1-80x48.png 80w\" sizes=\"(max-width: 300px) 100vw, 300px\" \/><\/figure>\n\n<p>Wenn Ihr Produkt f\u00fcr das Abfallbehandlungsprogramm qualifiziert ist, sendet APG Ihnen Versandanweisungen zu, um Ihre Kassenschubladen an den Ort der sicheren Abfallentsorgung zu senden. Vielen Dank, dass Sie das Verfahren zur sicheren Entsorgung von Kassenschubladenabf\u00e4llen aktiviert haben. Nachdem Sie Ihre Informationen in das obige Formular eingegeben haben, werden Sie von <a href=\"mailto:disposal@apgsolutions.com\">disposal@apgsolutions.com kontaktiert .<\/a>  <\/p>\n\n<p>Wenn Sie Bedenken oder weitere Fragen haben, kontaktieren Sie uns bitte unter <a href=\"mailto:disposal@apgsolutions.com\">disposal@apgsolutions.com.<\/a><\/p>\n","protected":false},"excerpt":{"rendered":"<p>Vielen Dank f\u00fcr Ihre Teilnahme am APG Cash Drawer, LLC End-of-Life Waste Treatment Programm. Bitte f\u00fcllen Sie die nachstehenden Informationen aus und senden Sie sie an APG. APG wird Ihre Produkte daraufhin \u00fcberpr\u00fcfen, ob sie die Anforderungen f\u00fcr dieses Programm erf\u00fcllen. Bitte geben Sie die folgenden Daten ein, damit wir den Prozess der Abfallbehandlung f\u00fcr [&hellip;]<\/p>\n","protected":false},"author":4,"featured_media":0,"parent":0,"menu_order":0,"comment_status":"closed","ping_status":"closed","template":"","meta":{"_acf_changed":false,"content-type":"","footnotes":""},"class_list":["post-94829","page","type-page","status-publish"],"yoast_head":"<!-- This site is optimized with the Yoast SEO Premium plugin v23.5 (Yoast SEO v27.2) - https:\/\/yoast.com\/product\/yoast-seo-premium-wordpress\/ -->\n<title>Entsorgung<\/title>\n<meta name=\"robots\" content=\"index, follow, max-snippet:-1, max-image-preview:large, max-video-preview:-1\" \/>\n<link rel=\"canonical\" href=\"https:\/\/apgsolutions.com\/de\/disposal\/\" \/>\n<meta property=\"og:locale\" content=\"de_DE\" \/>\n<meta property=\"og:type\" content=\"article\" \/>\n<meta property=\"og:title\" content=\"Entsorgung\" \/>\n<meta property=\"og:description\" content=\"Vielen Dank f\u00fcr Ihre Teilnahme am APG Cash Drawer, LLC End-of-Life Waste Treatment Programm. Bitte f\u00fcllen Sie die nachstehenden Informationen aus und senden Sie sie an APG. APG wird Ihre Produkte daraufhin \u00fcberpr\u00fcfen, ob sie die Anforderungen f\u00fcr dieses Programm erf\u00fcllen. Bitte geben Sie die folgenden Daten ein, damit wir den Prozess der Abfallbehandlung f\u00fcr [&hellip;]\" \/>\n<meta property=\"og:url\" content=\"https:\/\/apgsolutions.com\/de\/disposal\/\" \/>\n<meta property=\"og:site_name\" content=\"apg\u00ae Solutions\" \/>\n<meta property=\"article:publisher\" content=\"https:\/\/www.facebook.com\/apgglobalsolutions\" \/>\n<meta property=\"article:modified_time\" content=\"2026-01-27T16:23:14+00:00\" \/>\n<meta property=\"og:image\" content=\"https:\/\/apgsolutions.com\/wp-content\/uploads\/2023\/07\/prouct-label-example-300x181-1.png\" \/>\n<meta name=\"twitter:card\" content=\"summary_large_image\" \/>\n<meta name=\"twitter:site\" content=\"@apg_solutions\" \/>\n<meta name=\"twitter:label1\" content=\"Gesch\u00e4tzte Lesezeit\" \/>\n\t<meta name=\"twitter:data1\" content=\"1\u00a0Minute\" \/>\n<script type=\"application\/ld+json\" class=\"yoast-schema-graph\">{\"@context\":\"https:\/\/schema.org\",\"@graph\":[{\"@type\":\"WebPage\",\"@id\":\"https:\/\/apgsolutions.com\/de\/disposal\/\",\"url\":\"https:\/\/apgsolutions.com\/de\/disposal\/\",\"name\":\"Entsorgung\",\"isPartOf\":{\"@id\":\"https:\/\/apgsolutions.com\/de\/#website\"},\"primaryImageOfPage\":{\"@id\":\"https:\/\/apgsolutions.com\/de\/disposal\/#primaryimage\"},\"image\":{\"@id\":\"https:\/\/apgsolutions.com\/de\/disposal\/#primaryimage\"},\"thumbnailUrl\":\"https:\/\/apgsolutions.com\/wp-content\/uploads\/2023\/07\/prouct-label-example-300x181-1.png\",\"datePublished\":\"2025-10-14T04:31:07+00:00\",\"dateModified\":\"2026-01-27T16:23:14+00:00\",\"inLanguage\":\"de\",\"potentialAction\":[{\"@type\":\"ReadAction\",\"target\":[\"https:\/\/apgsolutions.com\/de\/disposal\/\"]}]},{\"@type\":\"ImageObject\",\"inLanguage\":\"de\",\"@id\":\"https:\/\/apgsolutions.com\/de\/disposal\/#primaryimage\",\"url\":\"https:\/\/apgsolutions.com\/wp-content\/uploads\/2023\/07\/prouct-label-example-300x181-1.png\",\"contentUrl\":\"https:\/\/apgsolutions.com\/wp-content\/uploads\/2023\/07\/prouct-label-example-300x181-1.png\"},{\"@type\":\"WebSite\",\"@id\":\"https:\/\/apgsolutions.com\/de\/#website\",\"url\":\"https:\/\/apgsolutions.com\/de\/\",\"name\":\"APG Solutions, LLC\",\"description\":\"Trust at every point.\",\"publisher\":{\"@id\":\"https:\/\/apgsolutions.com\/de\/#organization\"},\"potentialAction\":[{\"@type\":\"SearchAction\",\"target\":{\"@type\":\"EntryPoint\",\"urlTemplate\":\"https:\/\/apgsolutions.com\/de\/?s={search_term_string}\"},\"query-input\":{\"@type\":\"PropertyValueSpecification\",\"valueRequired\":true,\"valueName\":\"search_term_string\"}}],\"inLanguage\":\"de\"},{\"@type\":\"Organization\",\"@id\":\"https:\/\/apgsolutions.com\/de\/#organization\",\"name\":\"APG Solution, LLC\",\"url\":\"https:\/\/apgsolutions.com\/de\/\",\"logo\":{\"@type\":\"ImageObject\",\"inLanguage\":\"de\",\"@id\":\"https:\/\/apgsolutions.com\/de\/#\/schema\/logo\/image\/\",\"url\":\"https:\/\/apgsolutions.com\/wp-content\/uploads\/2023\/12\/logomark-color.svg\",\"contentUrl\":\"https:\/\/apgsolutions.com\/wp-content\/uploads\/2023\/12\/logomark-color.svg\",\"width\":141,\"height\":138,\"caption\":\"APG Solution, LLC\"},\"image\":{\"@id\":\"https:\/\/apgsolutions.com\/de\/#\/schema\/logo\/image\/\"},\"sameAs\":[\"https:\/\/www.facebook.com\/apgglobalsolutions\",\"https:\/\/x.com\/apg_solutions\",\"https:\/\/www.youtube.com\/c\/CashManagementGlobalSolutionsbyapg\",\"https:\/\/www.linkedin.com\/company\/apgglobalsolutions\/\",\"https:\/\/www.instagram.com\/apgglobalsolutions\/\",\"https:\/\/www.pinterest.com\/apgcashdrawer\/\"]}]}<\/script>\n<!-- \/ Yoast SEO Premium plugin. -->","yoast_head_json":{"title":"Entsorgung","robots":{"index":"index","follow":"follow","max-snippet":"max-snippet:-1","max-image-preview":"max-image-preview:large","max-video-preview":"max-video-preview:-1"},"canonical":"https:\/\/apgsolutions.com\/de\/disposal\/","og_locale":"de_DE","og_type":"article","og_title":"Entsorgung","og_description":"Vielen Dank f\u00fcr Ihre Teilnahme am APG Cash Drawer, LLC End-of-Life Waste Treatment Programm. Bitte f\u00fcllen Sie die nachstehenden Informationen aus und senden Sie sie an APG. APG wird Ihre Produkte daraufhin \u00fcberpr\u00fcfen, ob sie die Anforderungen f\u00fcr dieses Programm erf\u00fcllen. Bitte geben Sie die folgenden Daten ein, damit wir den Prozess der Abfallbehandlung f\u00fcr [&hellip;]","og_url":"https:\/\/apgsolutions.com\/de\/disposal\/","og_site_name":"apg\u00ae Solutions","article_publisher":"https:\/\/www.facebook.com\/apgglobalsolutions","article_modified_time":"2026-01-27T16:23:14+00:00","og_image":[{"url":"https:\/\/apgsolutions.com\/wp-content\/uploads\/2023\/07\/prouct-label-example-300x181-1.png","type":"","width":"","height":""}],"twitter_card":"summary_large_image","twitter_site":"@apg_solutions","twitter_misc":{"Gesch\u00e4tzte Lesezeit":"1\u00a0Minute"},"schema":{"@context":"https:\/\/schema.org","@graph":[{"@type":"WebPage","@id":"https:\/\/apgsolutions.com\/de\/disposal\/","url":"https:\/\/apgsolutions.com\/de\/disposal\/","name":"Entsorgung","isPartOf":{"@id":"https:\/\/apgsolutions.com\/de\/#website"},"primaryImageOfPage":{"@id":"https:\/\/apgsolutions.com\/de\/disposal\/#primaryimage"},"image":{"@id":"https:\/\/apgsolutions.com\/de\/disposal\/#primaryimage"},"thumbnailUrl":"https:\/\/apgsolutions.com\/wp-content\/uploads\/2023\/07\/prouct-label-example-300x181-1.png","datePublished":"2025-10-14T04:31:07+00:00","dateModified":"2026-01-27T16:23:14+00:00","inLanguage":"de","potentialAction":[{"@type":"ReadAction","target":["https:\/\/apgsolutions.com\/de\/disposal\/"]}]},{"@type":"ImageObject","inLanguage":"de","@id":"https:\/\/apgsolutions.com\/de\/disposal\/#primaryimage","url":"https:\/\/apgsolutions.com\/wp-content\/uploads\/2023\/07\/prouct-label-example-300x181-1.png","contentUrl":"https:\/\/apgsolutions.com\/wp-content\/uploads\/2023\/07\/prouct-label-example-300x181-1.png"},{"@type":"WebSite","@id":"https:\/\/apgsolutions.com\/de\/#website","url":"https:\/\/apgsolutions.com\/de\/","name":"APG Solutions, LLC","description":"Trust at every point.","publisher":{"@id":"https:\/\/apgsolutions.com\/de\/#organization"},"potentialAction":[{"@type":"SearchAction","target":{"@type":"EntryPoint","urlTemplate":"https:\/\/apgsolutions.com\/de\/?s={search_term_string}"},"query-input":{"@type":"PropertyValueSpecification","valueRequired":true,"valueName":"search_term_string"}}],"inLanguage":"de"},{"@type":"Organization","@id":"https:\/\/apgsolutions.com\/de\/#organization","name":"APG Solution, LLC","url":"https:\/\/apgsolutions.com\/de\/","logo":{"@type":"ImageObject","inLanguage":"de","@id":"https:\/\/apgsolutions.com\/de\/#\/schema\/logo\/image\/","url":"https:\/\/apgsolutions.com\/wp-content\/uploads\/2023\/12\/logomark-color.svg","contentUrl":"https:\/\/apgsolutions.com\/wp-content\/uploads\/2023\/12\/logomark-color.svg","width":141,"height":138,"caption":"APG Solution, LLC"},"image":{"@id":"https:\/\/apgsolutions.com\/de\/#\/schema\/logo\/image\/"},"sameAs":["https:\/\/www.facebook.com\/apgglobalsolutions","https:\/\/x.com\/apg_solutions","https:\/\/www.youtube.com\/c\/CashManagementGlobalSolutionsbyapg","https:\/\/www.linkedin.com\/company\/apgglobalsolutions\/","https:\/\/www.instagram.com\/apgglobalsolutions\/","https:\/\/www.pinterest.com\/apgcashdrawer\/"]}]}},"acf":[],"_links":{"self":[{"href":"https:\/\/apgsolutions.com\/de\/wp-json\/wp\/v2\/pages\/94829","targetHints":{"allow":["GET"]}}],"collection":[{"href":"https:\/\/apgsolutions.com\/de\/wp-json\/wp\/v2\/pages"}],"about":[{"href":"https:\/\/apgsolutions.com\/de\/wp-json\/wp\/v2\/types\/page"}],"author":[{"embeddable":true,"href":"https:\/\/apgsolutions.com\/de\/wp-json\/wp\/v2\/users\/4"}],"replies":[{"embeddable":true,"href":"https:\/\/apgsolutions.com\/de\/wp-json\/wp\/v2\/comments?post=94829"}],"version-history":[{"count":6,"href":"https:\/\/apgsolutions.com\/de\/wp-json\/wp\/v2\/pages\/94829\/revisions"}],"predecessor-version":[{"id":103545,"href":"https:\/\/apgsolutions.com\/de\/wp-json\/wp\/v2\/pages\/94829\/revisions\/103545"}],"wp:attachment":[{"href":"https:\/\/apgsolutions.com\/de\/wp-json\/wp\/v2\/media?parent=94829"}],"curies":[{"name":"wp","href":"https:\/\/api.w.org\/{rel}","templated":true}]}}