{"id":94895,"date":"2025-10-14T05:38:47","date_gmt":"2025-10-14T05:38:47","guid":{"rendered":"https:\/\/apgsolutions.com\/square-cash-drawer-integration\/"},"modified":"2026-01-27T16:23:21","modified_gmt":"2026-01-27T16:23:21","slug":"square-cash-drawer-integration","status":"publish","type":"page","link":"https:\/\/apgsolutions.com\/de\/square-cash-drawer-integration\/","title":{"rendered":"Square Kassenladen Integration"},"content":{"rendered":"<div class=\"section_page-header \">\n    <img decoding=\"async\" class=\"header-image\" src=\"https:\/\/apgsolutions.com\/wp-content\/uploads\/2023\/05\/configure-counter-7dc4881c9aa248e1c0bca54905eb9b6a-e1529684984186.jpg\" alt=\"configure-counter-7dc4881c9aa248e1c0bca54905eb9b6a-e1529684984186\" title=\"configure-counter-7dc4881c9aa248e1c0bca54905eb9b6a-e1529684984186\">\n            <div class=\"header-content\">\n            <h1>Square Cash Drawer Integration<\/h1>\n        <\/div>\n    <\/div>\n<h2 class=\"wp-block-heading has-text-align-center\" id=\"h-what-kind-of-cash-drawer-should-you-purchase-to-work-with-square\">Welche Art von Kassenschublade sollten Sie kaufen, um mit Square zu arbeiten?<\/h2>\n\n<p>Square bietet mehr M\u00f6glichkeiten, mit Kunden in Kontakt zu treten. Square l\u00e4sst sich jetzt mit <a href=\"https:\/\/apgsolutions.com\/de\/produkte\/\">Kassenschubladen<\/a> und Bondruckern integrieren. Mit einem einzigen Fingertipp auf einem iPad k\u00f6nnen Sie die Schublade Ihrer Kasse \u00f6ffnen, um einen Barverkauf abzuschlie\u00dfen oder Wechselgeld zu wechseln. Bitte lesen Sie die folgenden Optionen sorgf\u00e4ltig durch, bevor Sie eine Kassenschublade kaufen.   <\/p>\n<div class=\"wp-block-image\">\n<figure class=\"aligncenter size-full\"><img decoding=\"async\" width=\"300\" height=\"75\" src=\"https:\/\/apgsolutions.com\/wp-content\/uploads\/2023\/05\/Square_Inc._logo.svg-300x75-1.png\" alt=\"Quadratisches Logo\" class=\"wp-image-3325\"\/><\/figure>\n<\/div>\n<div class=\"wp-block-columns is-layout-flex wp-container-core-columns-is-layout-9d6595d7 wp-block-columns-is-layout-flex\">\n<div class=\"wp-block-column is-layout-flow wp-block-column-is-layout-flow\" style=\"flex-basis:33.33%\">\n<figure class=\"wp-block-image size-full\"><img decoding=\"async\" width=\"150\" height=\"150\" src=\"https:\/\/apgsolutions.com\/wp-content\/uploads\/2023\/05\/square-stand-150x150-1.png\" alt=\"Kit f&#xFC;r quadratische Register\" class=\"wp-image-3332\" srcset=\"https:\/\/apgsolutions.com\/wp-content\/uploads\/2023\/05\/square-stand-150x150-1.png 150w, https:\/\/apgsolutions.com\/wp-content\/uploads\/2023\/05\/square-stand-150x150-1-100x100.png 100w\" sizes=\"(max-width: 150px) 100vw, 150px\" \/><\/figure>\n<\/div>\n\n\n\n<div class=\"wp-block-column is-layout-flow wp-block-column-is-layout-flow\" style=\"flex-basis:66.66%\">\n<p><strong>Option 1<\/strong><\/p>\n\n\n\n<p>Wenn Sie das Square Register Kit verwenden und die Kassenschublade an den USB-Anschluss anschlie\u00dfen, kaufen Sie <a href=\"https:\/\/apgsolutions.com\/de\/configurator\/?product_family=Genesis%2C\/VB554A-BL1616\">VB554A-BL1616<\/a> oder unsere ganz wei\u00dfe Option <a href=\"https:\/\/apgsolutions.com\/de\/configurator\/?product_family=Genesis%2C\/VB554A-AW1616\">VB554A-AW1616<\/a>. BITTE BEACHTEN SIE: Wenn Sie einen Quittungsdrucker mit einer USB-Schnittstelle f\u00fcr den Anschluss an den Square Stand kaufen, funktioniert der VB320-BL1616 nicht.<\/p>\n<\/div>\n<\/div>\n\n<div class=\"wp-block-columns is-layout-flex wp-container-core-columns-is-layout-9d6595d7 wp-block-columns-is-layout-flex\">\n<div class=\"wp-block-column is-layout-flow wp-block-column-is-layout-flow\" style=\"flex-basis:33.33%\">\n<figure class=\"wp-block-image size-full\"><img decoding=\"async\" width=\"150\" height=\"150\" src=\"https:\/\/apgsolutions.com\/wp-content\/uploads\/2023\/05\/square-stand-150x150-1.jpg\" alt=\"Quadratische Kits mit einem Drucker\" class=\"wp-image-3339\" srcset=\"https:\/\/apgsolutions.com\/wp-content\/uploads\/2023\/05\/square-stand-150x150-1.jpg 150w, https:\/\/apgsolutions.com\/wp-content\/uploads\/2023\/05\/square-stand-150x150-1-100x100.jpg 100w\" sizes=\"(max-width: 150px) 100vw, 150px\" \/><\/figure>\n<\/div>\n\n\n\n<div class=\"wp-block-column is-layout-flow wp-block-column-is-layout-flow\">\n<p><strong>Option #2<\/strong><\/p>\n\n\n\n<p>Wenn Sie andere Square Kits mit einem Drucker verwenden, k\u00f6nnen Sie die Kassenschublade von APG nur \u00fcber den Anschluss des Quittungsdruckers f\u00fcr die Kassenschublade anschlie\u00dfen. Kaufen Sie <a href=\"https:\/\/apgsolutions.com\/de\/configurator\/?product_family=Genesis%2C\/VB320-BL1616\">VB320-BL1616<\/a> oder die ganz wei\u00dfe Option <a href=\"https:\/\/apgsolutions.com\/de\/configurator\/?product_family=Genesis%2C\/VB320-AW1616\">VB320-AW1616<\/a> und das <a href=\"https:\/\/apgsolutions.com\/de\/store\/cd-101a-printer-cable\/\">CD-101A Kabel<\/a>. <\/p>\n<\/div>\n<\/div>\n\n<p>Weitere Optionen f\u00fcr Kassenschubladen finden Sie in der Brosch\u00fcre: <a href=\"\/wp-content\/uploads\/2023\/05\/M-43-518-Arlo-Cash-Drawer-for-Square.pdf\">Brosch\u00fcre zu den Optionen f\u00fcr quadratische Kassenschubladen<\/a><\/p>\n\n<h2 class=\"wp-block-heading has-text-align-center\" id=\"h-what-accessories-work-with-your-apg-cash-drawer\">Welches Zubeh\u00f6r passt zu Ihrer APG Kassenschublade?<\/h2>\n\n<p>Bitte lesen Sie die Optionen unten sorgf\u00e4ltig durch, bevor Sie Zubeh\u00f6r kaufen. Wir k\u00f6nnen keine telefonischen Bestellungen f\u00fcr Teile und Zubeh\u00f6r entgegennehmen. <\/p>\n\n<p><strong>Nachfolgend finden Sie Zubeh\u00f6r f\u00fcr die Vasario\u2122-Kassenschublade 1616 (die Artikelnummer beginnt mit VBXXX-XX1616, wie oben oder in der Square-Brosch\u00fcre angegeben)<\/strong>. Viele dieser Zubeh\u00f6rteile werden im Online-Shop von APG angeboten, f\u00fcr andere wenden Sie sich bitte an Ihren H\u00e4ndler vor Ort. <\/p>\n\n<p>Um die Teile-ID Ihrer Schublade zu \u00fcberpr\u00fcfen, sehen Sie sich das silberne Etikett auf der Unterseite des gesamten Ger\u00e4ts an. <a href=\"https:\/\/www.youtube.com\/watch?v=tDuEuduMgwo\" target=\"_blank\" rel=\"noreferrer noopener\">Sehen Sie sich dieses Video an<\/a>.<\/p>\n\n<h3 class=\"wp-block-heading\">Schl\u00fcssel + Schl\u00f6sser<\/h3>\n\n<p>Finden Sie Ihre <a href=\"https:\/\/apgsolutions.com\/de\/keys-and-locks\/\">Ersatzschl\u00fcssel und Schl\u00f6sser<\/a><\/p>\n\n<h3 class=\"wp-block-heading\">Halterungen f\u00fcr die Montage unter der Theke<\/h3>\n\n<p><a href=\"https:\/\/apgsolutions.com\/de\/store\/vpk-27b-16-bx\/\">VPK-27B-16-BX<\/a><\/p>\n\n<h3 class=\"wp-block-heading\">Abschlie\u00dfbare Deckel f\u00fcr die Kasse<\/h3>\n\n<p>VPK-14B-3-BX (Kontaktieren Sie Ihren H\u00e4ndler vor Ort)<br\/><a href=\"https:\/\/apgsolutions.com\/de\/store\/vpk-14b-6-bx\/\">VPK-14B-6-BX<\/a><\/p>\n\n<h3 class=\"wp-block-heading\">Rechnungen<\/h3>\n\n<p><a href=\"https:\/\/apgsolutions.com\/de\/store\/vpk-15b-2a-bx\/\">VPK-15B-2A-BX<\/a><br\/>VPK-15B-8-BX (Kontaktieren Sie Ihren H\u00e4ndler vor Ort)<\/p>\n\n<h3 class=\"wp-block-heading\">Cables<\/h3>\n\n<p><a href=\"https:\/\/apgsolutions.com\/de\/store\/cd-101a-printer-cable\/\">CD-101A<\/a><br\/><\/p>\n","protected":false},"excerpt":{"rendered":"<p>Welche Art von Kassenschublade sollten Sie kaufen, um mit Square zu arbeiten? Square bietet mehr M\u00f6glichkeiten, mit Kunden in Kontakt zu treten. Square l\u00e4sst sich jetzt mit Kassenschubladen und Bondruckern integrieren. Mit einem einzigen Fingertipp auf einem iPad k\u00f6nnen Sie die Schublade Ihrer Kasse \u00f6ffnen, um einen Barverkauf abzuschlie\u00dfen oder Wechselgeld zu wechseln. Bitte lesen [&hellip;]<\/p>\n","protected":false},"author":4,"featured_media":0,"parent":0,"menu_order":0,"comment_status":"closed","ping_status":"closed","template":"","meta":{"_acf_changed":false,"content-type":"","footnotes":""},"class_list":["post-94895","page","type-page","status-publish"],"yoast_head":"<!-- This site is optimized with the Yoast SEO Premium plugin v23.5 (Yoast SEO v27.2) - https:\/\/yoast.com\/product\/yoast-seo-premium-wordpress\/ -->\n<title>Square Cash Drawer Integration - Verbinden Sie eine Registrierkasse mit Square POS<\/title>\n<meta name=\"description\" content=\"Welche Art von Kassenschublade sollten Sie f\u00fcr Square kaufen? Lesen Sie die Optionen sorgf\u00e4ltig durch, bevor Sie eine Kassenschublade kaufen.\" \/>\n<meta name=\"robots\" content=\"index, follow, max-snippet:-1, max-image-preview:large, max-video-preview:-1\" \/>\n<link rel=\"canonical\" href=\"https:\/\/apgsolutions.com\/de\/square-cash-drawer-integration\/\" \/>\n<meta property=\"og:locale\" content=\"de_DE\" \/>\n<meta property=\"og:type\" content=\"article\" \/>\n<meta property=\"og:title\" content=\"Square Cash Drawer Integration - Verbinden Sie eine Registrierkasse mit Square POS\" \/>\n<meta property=\"og:description\" content=\"Welche Art von Kassenschublade sollten Sie f\u00fcr Square kaufen? Lesen Sie die Optionen sorgf\u00e4ltig durch, bevor Sie eine Kassenschublade kaufen.\" \/>\n<meta property=\"og:url\" content=\"https:\/\/apgsolutions.com\/de\/square-cash-drawer-integration\/\" \/>\n<meta property=\"og:site_name\" content=\"apg\u00ae Solutions\" \/>\n<meta property=\"article:publisher\" content=\"https:\/\/www.facebook.com\/apgglobalsolutions\" \/>\n<meta property=\"article:modified_time\" content=\"2026-01-27T16:23:21+00:00\" \/>\n<meta property=\"og:image\" content=\"https:\/\/apgsolutions.com\/wp-content\/uploads\/2023\/05\/Square_Inc._logo.svg-300x75-1.png\" \/>\n<meta name=\"twitter:card\" content=\"summary_large_image\" \/>\n<meta name=\"twitter:site\" content=\"@apg_solutions\" \/>\n<meta name=\"twitter:label1\" content=\"Gesch\u00e4tzte Lesezeit\" \/>\n\t<meta name=\"twitter:data1\" content=\"2\u00a0Minuten\" \/>\n<script type=\"application\/ld+json\" class=\"yoast-schema-graph\">{\"@context\":\"https:\/\/schema.org\",\"@graph\":[{\"@type\":\"WebPage\",\"@id\":\"https:\/\/apgsolutions.com\/de\/square-cash-drawer-integration\/\",\"url\":\"https:\/\/apgsolutions.com\/de\/square-cash-drawer-integration\/\",\"name\":\"Square Cash Drawer Integration - Verbinden Sie eine Registrierkasse mit Square POS\",\"isPartOf\":{\"@id\":\"https:\/\/apgsolutions.com\/de\/#website\"},\"primaryImageOfPage\":{\"@id\":\"https:\/\/apgsolutions.com\/de\/square-cash-drawer-integration\/#primaryimage\"},\"image\":{\"@id\":\"https:\/\/apgsolutions.com\/de\/square-cash-drawer-integration\/#primaryimage\"},\"thumbnailUrl\":\"https:\/\/apgsolutions.com\/wp-content\/uploads\/2023\/05\/Square_Inc._logo.svg-300x75-1.png\",\"datePublished\":\"2025-10-14T05:38:47+00:00\",\"dateModified\":\"2026-01-27T16:23:21+00:00\",\"description\":\"Welche Art von Kassenschublade sollten Sie f\u00fcr Square kaufen? Lesen Sie die Optionen sorgf\u00e4ltig durch, bevor Sie eine Kassenschublade kaufen.\",\"inLanguage\":\"de\",\"potentialAction\":[{\"@type\":\"ReadAction\",\"target\":[\"https:\/\/apgsolutions.com\/de\/square-cash-drawer-integration\/\"]}]},{\"@type\":\"ImageObject\",\"inLanguage\":\"de\",\"@id\":\"https:\/\/apgsolutions.com\/de\/square-cash-drawer-integration\/#primaryimage\",\"url\":\"https:\/\/apgsolutions.com\/wp-content\/uploads\/2023\/05\/Square_Inc._logo.svg-300x75-1.png\",\"contentUrl\":\"https:\/\/apgsolutions.com\/wp-content\/uploads\/2023\/05\/Square_Inc._logo.svg-300x75-1.png\"},{\"@type\":\"WebSite\",\"@id\":\"https:\/\/apgsolutions.com\/de\/#website\",\"url\":\"https:\/\/apgsolutions.com\/de\/\",\"name\":\"APG Solutions, LLC\",\"description\":\"Trust at every point.\",\"publisher\":{\"@id\":\"https:\/\/apgsolutions.com\/de\/#organization\"},\"potentialAction\":[{\"@type\":\"SearchAction\",\"target\":{\"@type\":\"EntryPoint\",\"urlTemplate\":\"https:\/\/apgsolutions.com\/de\/?s={search_term_string}\"},\"query-input\":{\"@type\":\"PropertyValueSpecification\",\"valueRequired\":true,\"valueName\":\"search_term_string\"}}],\"inLanguage\":\"de\"},{\"@type\":\"Organization\",\"@id\":\"https:\/\/apgsolutions.com\/de\/#organization\",\"name\":\"APG Solution, LLC\",\"url\":\"https:\/\/apgsolutions.com\/de\/\",\"logo\":{\"@type\":\"ImageObject\",\"inLanguage\":\"de\",\"@id\":\"https:\/\/apgsolutions.com\/de\/#\/schema\/logo\/image\/\",\"url\":\"https:\/\/apgsolutions.com\/wp-content\/uploads\/2023\/12\/logomark-color.svg\",\"contentUrl\":\"https:\/\/apgsolutions.com\/wp-content\/uploads\/2023\/12\/logomark-color.svg\",\"width\":141,\"height\":138,\"caption\":\"APG Solution, LLC\"},\"image\":{\"@id\":\"https:\/\/apgsolutions.com\/de\/#\/schema\/logo\/image\/\"},\"sameAs\":[\"https:\/\/www.facebook.com\/apgglobalsolutions\",\"https:\/\/x.com\/apg_solutions\",\"https:\/\/www.youtube.com\/c\/CashManagementGlobalSolutionsbyapg\",\"https:\/\/www.linkedin.com\/company\/apgglobalsolutions\/\",\"https:\/\/www.instagram.com\/apgglobalsolutions\/\",\"https:\/\/www.pinterest.com\/apgcashdrawer\/\"]}]}<\/script>\n<!-- \/ Yoast SEO Premium plugin. -->","yoast_head_json":{"title":"Square Cash Drawer Integration - Verbinden Sie eine Registrierkasse mit Square POS","description":"Welche Art von Kassenschublade sollten Sie f\u00fcr Square kaufen? Lesen Sie die Optionen sorgf\u00e4ltig durch, bevor Sie eine Kassenschublade kaufen.","robots":{"index":"index","follow":"follow","max-snippet":"max-snippet:-1","max-image-preview":"max-image-preview:large","max-video-preview":"max-video-preview:-1"},"canonical":"https:\/\/apgsolutions.com\/de\/square-cash-drawer-integration\/","og_locale":"de_DE","og_type":"article","og_title":"Square Cash Drawer Integration - Verbinden Sie eine Registrierkasse mit Square POS","og_description":"Welche Art von Kassenschublade sollten Sie f\u00fcr Square kaufen? Lesen Sie die Optionen sorgf\u00e4ltig durch, bevor Sie eine Kassenschublade kaufen.","og_url":"https:\/\/apgsolutions.com\/de\/square-cash-drawer-integration\/","og_site_name":"apg\u00ae Solutions","article_publisher":"https:\/\/www.facebook.com\/apgglobalsolutions","article_modified_time":"2026-01-27T16:23:21+00:00","og_image":[{"url":"https:\/\/apgsolutions.com\/wp-content\/uploads\/2023\/05\/Square_Inc._logo.svg-300x75-1.png","type":"","width":"","height":""}],"twitter_card":"summary_large_image","twitter_site":"@apg_solutions","twitter_misc":{"Gesch\u00e4tzte Lesezeit":"2\u00a0Minuten"},"schema":{"@context":"https:\/\/schema.org","@graph":[{"@type":"WebPage","@id":"https:\/\/apgsolutions.com\/de\/square-cash-drawer-integration\/","url":"https:\/\/apgsolutions.com\/de\/square-cash-drawer-integration\/","name":"Square Cash Drawer Integration - Verbinden Sie eine Registrierkasse mit Square POS","isPartOf":{"@id":"https:\/\/apgsolutions.com\/de\/#website"},"primaryImageOfPage":{"@id":"https:\/\/apgsolutions.com\/de\/square-cash-drawer-integration\/#primaryimage"},"image":{"@id":"https:\/\/apgsolutions.com\/de\/square-cash-drawer-integration\/#primaryimage"},"thumbnailUrl":"https:\/\/apgsolutions.com\/wp-content\/uploads\/2023\/05\/Square_Inc._logo.svg-300x75-1.png","datePublished":"2025-10-14T05:38:47+00:00","dateModified":"2026-01-27T16:23:21+00:00","description":"Welche Art von Kassenschublade sollten Sie f\u00fcr Square kaufen? Lesen Sie die Optionen sorgf\u00e4ltig durch, bevor Sie eine Kassenschublade kaufen.","inLanguage":"de","potentialAction":[{"@type":"ReadAction","target":["https:\/\/apgsolutions.com\/de\/square-cash-drawer-integration\/"]}]},{"@type":"ImageObject","inLanguage":"de","@id":"https:\/\/apgsolutions.com\/de\/square-cash-drawer-integration\/#primaryimage","url":"https:\/\/apgsolutions.com\/wp-content\/uploads\/2023\/05\/Square_Inc._logo.svg-300x75-1.png","contentUrl":"https:\/\/apgsolutions.com\/wp-content\/uploads\/2023\/05\/Square_Inc._logo.svg-300x75-1.png"},{"@type":"WebSite","@id":"https:\/\/apgsolutions.com\/de\/#website","url":"https:\/\/apgsolutions.com\/de\/","name":"APG Solutions, LLC","description":"Trust at every point.","publisher":{"@id":"https:\/\/apgsolutions.com\/de\/#organization"},"potentialAction":[{"@type":"SearchAction","target":{"@type":"EntryPoint","urlTemplate":"https:\/\/apgsolutions.com\/de\/?s={search_term_string}"},"query-input":{"@type":"PropertyValueSpecification","valueRequired":true,"valueName":"search_term_string"}}],"inLanguage":"de"},{"@type":"Organization","@id":"https:\/\/apgsolutions.com\/de\/#organization","name":"APG Solution, LLC","url":"https:\/\/apgsolutions.com\/de\/","logo":{"@type":"ImageObject","inLanguage":"de","@id":"https:\/\/apgsolutions.com\/de\/#\/schema\/logo\/image\/","url":"https:\/\/apgsolutions.com\/wp-content\/uploads\/2023\/12\/logomark-color.svg","contentUrl":"https:\/\/apgsolutions.com\/wp-content\/uploads\/2023\/12\/logomark-color.svg","width":141,"height":138,"caption":"APG Solution, LLC"},"image":{"@id":"https:\/\/apgsolutions.com\/de\/#\/schema\/logo\/image\/"},"sameAs":["https:\/\/www.facebook.com\/apgglobalsolutions","https:\/\/x.com\/apg_solutions","https:\/\/www.youtube.com\/c\/CashManagementGlobalSolutionsbyapg","https:\/\/www.linkedin.com\/company\/apgglobalsolutions\/","https:\/\/www.instagram.com\/apgglobalsolutions\/","https:\/\/www.pinterest.com\/apgcashdrawer\/"]}]}},"acf":[],"_links":{"self":[{"href":"https:\/\/apgsolutions.com\/de\/wp-json\/wp\/v2\/pages\/94895","targetHints":{"allow":["GET"]}}],"collection":[{"href":"https:\/\/apgsolutions.com\/de\/wp-json\/wp\/v2\/pages"}],"about":[{"href":"https:\/\/apgsolutions.com\/de\/wp-json\/wp\/v2\/types\/page"}],"author":[{"embeddable":true,"href":"https:\/\/apgsolutions.com\/de\/wp-json\/wp\/v2\/users\/4"}],"replies":[{"embeddable":true,"href":"https:\/\/apgsolutions.com\/de\/wp-json\/wp\/v2\/comments?post=94895"}],"version-history":[{"count":6,"href":"https:\/\/apgsolutions.com\/de\/wp-json\/wp\/v2\/pages\/94895\/revisions"}],"predecessor-version":[{"id":103551,"href":"https:\/\/apgsolutions.com\/de\/wp-json\/wp\/v2\/pages\/94895\/revisions\/103551"}],"wp:attachment":[{"href":"https:\/\/apgsolutions.com\/de\/wp-json\/wp\/v2\/media?parent=94895"}],"curies":[{"name":"wp","href":"https:\/\/api.w.org\/{rel}","templated":true}]}}