{"id":94922,"date":"2025-10-14T05:45:28","date_gmt":"2025-10-14T05:45:28","guid":{"rendered":"https:\/\/apgsolutions.com\/support\/faq\/cables\/"},"modified":"2026-01-26T02:52:51","modified_gmt":"2026-01-26T02:52:51","slug":"cables","status":"publish","type":"page","link":"https:\/\/apgsolutions.com\/de\/support\/faq\/cables\/","title":{"rendered":"Cables"},"content":{"rendered":"<div class=\"section_page-header \">\n    <img decoding=\"async\" class=\"header-image\" src=\"https:\/\/apgsolutions.com\/wp-content\/uploads\/2023\/04\/business-cards.jpg\" alt=\"business-cards\" title=\"business-cards\">\n            <div class=\"header-content\">\n            <h1>Cables<\/h1>\n        <\/div>\n    <\/div>\n<h2 class=\"wp-block-heading has-text-align-center has-x-large-font-size\" id=\"h-cash-drawer-cables-faqs\">FAQs zu Kassenladenkabeln<\/h2>\n\n<p>Erfahren Sie mehr \u00fcber Ihren Bedarf an Kabeln f\u00fcr Kassenschubladen. APG bietet Kabel f\u00fcr den Anschluss an einen POS-Drucker, einen USB-Anschluss, eine Peripherieschnittstelle und mehr. Scrollen Sie unten, um unsere Kabel-FAQs zu lesen. Wenn Sie zus\u00e4tzliche technische Unterst\u00fctzung ben\u00f6tigen, f\u00fcllen Sie bitte das Formular am Ende dieser Seite aus oder kontaktieren Sie uns auf unserer <a href=\"https:\/\/apgsolutions.com\/de\/support\/\">Support-Seite<\/a>.   <\/p>\n\n<div class=\"wp-block-columns is-layout-flex wp-container-core-columns-is-layout-9d6595d7 wp-block-columns-is-layout-flex\">\n<div class=\"wp-block-column tile has-link selected is-layout-flow wp-block-column-is-layout-flow\" style=\"flex-basis:20%\"><div class=\"wp-block-image\">\n<figure class=\"aligncenter size-full is-resized\"><img decoding=\"async\" width=\"100\" height=\"100\" src=\"https:\/\/apgsolutions.com\/wp-content\/uploads\/2023\/06\/USB-Interface-Icon_white-1.png\" alt=\"USB-Interface-Icon\" class=\"wp-image-65801\" style=\"width:60px;height:60px\" srcset=\"https:\/\/apgsolutions.com\/wp-content\/uploads\/2023\/06\/USB-Interface-Icon_white-1.png 100w, https:\/\/apgsolutions.com\/wp-content\/uploads\/2023\/06\/USB-Interface-Icon_white-1-80x80.png 80w, https:\/\/apgsolutions.com\/wp-content\/uploads\/2023\/06\/USB-Interface-Icon_white-1-95x95.png 95w\" sizes=\"(max-width: 100px) 100vw, 100px\" \/><\/figure>\n<\/div>\n\n\n<h3 class=\"wp-block-heading has-text-align-center\" id=\"h-cables\" style=\"font-size:1.125rem\">Cables<\/h3>\n\n\n\n<p class=\"has-text-align-center\">Lesen Sie unsere FAQs zu den druckergesteuerten Kassenschubladen von APG<\/p>\n\n\n\n<p class=\"has-text-align-center cover-link\"><a href=\"https:\/\/apgsolutions.com\/de\/support\/faq\/cables\/\">Link<\/a><\/p>\n<\/div>\n\n\n\n<div class=\"wp-block-column tile has-link is-layout-flow wp-block-column-is-layout-flow\" style=\"flex-basis:20%\"><div class=\"wp-block-image\">\n<figure class=\"aligncenter size-full\"><img decoding=\"async\" width=\"63\" height=\"60\" src=\"https:\/\/apgsolutions.com\/wp-content\/uploads\/2023\/06\/Archive_white.png\" alt=\"Archive Icon\" class=\"wp-image-65817\" srcset=\"https:\/\/apgsolutions.com\/wp-content\/uploads\/2023\/06\/Archive_white.png 63w, https:\/\/apgsolutions.com\/wp-content\/uploads\/2023\/06\/Archive_white-61x58.png 61w\" sizes=\"(max-width: 63px) 100vw, 63px\" \/><\/figure>\n<\/div>\n\n\n<h3 class=\"wp-block-heading has-text-align-center\" id=\"h-interface-drivers\" style=\"font-size:1.125rem\">Schnittstelle + Treiber<\/h3>\n\n\n\n<p class=\"has-text-align-center\">Klicken Sie hier, um Fragen zu Schnittstellen und Treibern anzuzeigen<\/p>\n\n\n\n<p class=\"has-text-align-center cover-link\"><a href=\"https:\/\/apgsolutions.com\/de\/support\/faq\/interface-treiber\/\">Link<\/a><\/p>\n<\/div>\n\n\n\n<div class=\"wp-block-column tile has-link is-layout-flow wp-block-column-is-layout-flow\" style=\"flex-basis:20%\"><div class=\"wp-block-image\">\n<figure class=\"aligncenter size-full is-resized\"><img decoding=\"async\" width=\"68\" height=\"67\" src=\"https:\/\/apgsolutions.com\/wp-content\/uploads\/2023\/06\/KeysandLocks.png\" alt=\"Keys and Locks Icon\" class=\"wp-image-65822\" style=\"width:61px;height:60px\"\/><\/figure>\n<\/div>\n\n\n<h3 class=\"wp-block-heading has-text-align-center\" id=\"h-keys-and-locks\" style=\"font-size:1.125rem\">Schl\u00fcssel und Schl\u00f6sser<\/h3>\n\n\n\n<p class=\"has-text-align-center\">Klicken Sie hier, um Fragen zu Schl\u00fcsseln und Schl\u00f6ssern f\u00fcr Kassenschubladen anzuzeigen<\/p>\n\n\n\n<p class=\"has-text-align-center cover-link\"><a href=\"https:\/\/apgsolutions.com\/de\/support\/faq\/keys-and-locks\/\">Link<\/a><\/p>\n<\/div>\n\n\n\n<div class=\"wp-block-column tile has-link is-layout-flow wp-block-column-is-layout-flow\" style=\"flex-basis:20%\"><div class=\"wp-block-image\">\n<figure class=\"aligncenter size-full is-resized\"><img loading=\"lazy\" decoding=\"async\" width=\"65\" height=\"65\" src=\"https:\/\/apgsolutions.com\/wp-content\/uploads\/2023\/06\/Operations_White.png\" alt=\"Operations Icon\" class=\"wp-image-65827\" style=\"width:60px;height:60px\"\/><\/figure>\n<\/div>\n\n\n<h3 class=\"wp-block-heading has-text-align-center\" id=\"h-operating-maintenance\" style=\"font-size:1.125rem\">Betrieb + Wartung<\/h3>\n\n\n\n<p class=\"has-text-align-center\">Klicken Sie hier, um h\u00e4ufig gestellte Fragen zur Wartung von Kassenschubladen und zu Betriebsmitteln zu sehen.<\/p>\n\n\n\n<p class=\"has-text-align-center cover-link\"><a href=\"https:\/\/apgsolutions.com\/de\/support\/faq\/mechanisch\/\">Link<\/a><\/p>\n<\/div>\n\n\n\n<div class=\"wp-block-column tile has-link is-layout-flow wp-block-column-is-layout-flow\" style=\"flex-basis:20%\"><div class=\"wp-block-image\">\n<figure class=\"aligncenter size-full is-resized\"><img loading=\"lazy\" decoding=\"async\" width=\"65\" height=\"61\" src=\"https:\/\/apgsolutions.com\/wp-content\/uploads\/2023\/06\/repair-tools_white.png\" alt=\"repair tool icon\" class=\"wp-image-65832\" style=\"width:64px;height:60px\" srcset=\"https:\/\/apgsolutions.com\/wp-content\/uploads\/2023\/06\/repair-tools_white.png 65w, https:\/\/apgsolutions.com\/wp-content\/uploads\/2023\/06\/repair-tools_white-61x58.png 61w\" sizes=\"(max-width: 65px) 100vw, 65px\" \/><\/figure>\n<\/div>\n\n\n<h3 class=\"wp-block-heading has-text-align-center\" id=\"h-warranty-repairs\" style=\"font-size:1.125rem\">Garantie + Reparaturen<\/h3>\n\n\n\n<p class=\"has-text-align-center\">Klicken Sie hier, um Fragen zu Reparaturen anzuzeigen<\/p>\n\n\n\n<p class=\"has-text-align-center cover-link\"><a href=\"https:\/\/apgsolutions.com\/de\/support\/faq\/reparaturen\/\">Link<\/a><\/p>\n<\/div>\n<\/div>\n\n<h2 class=\"wp-block-heading has-text-align-center\" id=\"h-what-cable-do-i-need-i-have-no-cable\">Welches Kabel ben\u00f6tige ich? Ich habe kein Kabel. <\/h2>\n\n<p>Die Artikelnummer des MutliPRO\u00ae 320\/420\/520 Kassenschubladenkabels h\u00e4ngt von dem Drucker\/Terminal ab, an das es angeschlossen wird. In unserem <a href=\"https:\/\/apgsolutions.com\/wp-content\/uploads\/2023\/06\/M-43-031_revAT-PDF.pdf\" target=\"_blank\" rel=\"noreferrer noopener\">Konnektivit\u00e4tsleitfaden<\/a> finden Sie das richtige Kabel f\u00fcr den Kauf. Sie k\u00f6nnen die Kabel bei POS-H\u00e4ndlern oder in unserem <a href=\"\/store\/\">Online-Shop<\/a> kaufen. Bitte beachten Sie die folgenden Kabel-Updates: &#8211; CD-005A und CD-014A Kabel wurden durch das <a href=\"https:\/\/apgsolutions.com\/store\/cd-101a-printer-cable\/\">CD-101A Kabel<\/a> ersetzt &#8211; CD-005B und CD-014B Kabel wurden durch das <a href=\"https:\/\/apgsolutions.com\/de\/store\/cd-101b\/\">CD-101B Kabel<\/a> ersetzt &#8211; CD-001A Kabel wurde durch das <a href=\"https:\/\/apgsolutions.com\/de\/store\/cd-102a\/\">CD-102A Kabel<\/a> ersetzt &#8211; CD-001B Kabel wurde durch das <a href=\"https:\/\/apgsolutions.com\/de\/store\/cd-102b\/\">CD-102B Kabel<\/a> ersetzt &#8211; CD-005A10 und CD-014A10 Kabel wurden durch das <a href=\"https:\/\/apgsolutions.com\/de\/store\/cd-101a-10\/\">CD-101A-10 Kabel<\/a> ersetzt   <\/p>\n\n<figure class=\"wp-block-image size-full\"><img loading=\"lazy\" decoding=\"async\" width=\"300\" height=\"300\" src=\"https:\/\/apgsolutions.com\/wp-content\/uploads\/2023\/06\/cable-comparison-3-300x300-1.jpg\" alt=\"cable comparison\" class=\"wp-image-65847\" srcset=\"https:\/\/apgsolutions.com\/wp-content\/uploads\/2023\/06\/cable-comparison-3-300x300-1.jpg 300w, https:\/\/apgsolutions.com\/wp-content\/uploads\/2023\/06\/cable-comparison-3-300x300-1-150x150.jpg 150w, https:\/\/apgsolutions.com\/wp-content\/uploads\/2023\/06\/cable-comparison-3-300x300-1-80x80.jpg 80w, https:\/\/apgsolutions.com\/wp-content\/uploads\/2023\/06\/cable-comparison-3-300x300-1-160x160.jpg 160w, https:\/\/apgsolutions.com\/wp-content\/uploads\/2023\/06\/cable-comparison-3-300x300-1-95x95.jpg 95w, https:\/\/apgsolutions.com\/wp-content\/uploads\/2023\/06\/cable-comparison-3-300x300-1-100x100.jpg 100w\" sizes=\"(max-width: 300px) 100vw, 300px\" \/><\/figure>\n\n<p>Ein apg-Kabel besteht aus einem robusten, dickeren Draht mit unserem Namen auf einem wei\u00dfen Etikett. Die gef\u00e4lschten Kabel haben einen d\u00fcnneren Draht, der leicht zu brechen ist, mit einem langen silbernen Etikett oder gar keinem Etikett. Bitte treffen Sie die richtige Kaufentscheidung, um sp\u00e4tere Komplikationen und Fehlfunktionen zu vermeiden. apg-Kabel k\u00f6nnen Sie in unserem <a href=\"\/store\/\">Online-Shop<\/a> kaufen.   <\/p>\n\n<h2 class=\"wp-block-heading has-text-align-center\" id=\"h-what-cables-are-required-for-my-cash-drawer\">Welche Kabel werden f\u00fcr meine Kassenschublade ben\u00f6tigt?<\/h2>\n\n<p>Je nachdem, welche Kassenschublade Sie gekauft haben und wie Sie Ihr POS-System einrichten m\u00f6chten, h\u00e4ngt es davon ab, welche Verkabelung erforderlich ist. M\u00f6glicherweise ben\u00f6tigen Sie einen Kabelsplitter, eine Verkettung oder mehrere Kabel f\u00fcr die Konfiguration mehrerer Schubladen. In unserem <a href=\"https:\/\/apgsolutions.com\/wp-content\/uploads\/2023\/06\/M-43-031_revAT-PDF.pdf\" target=\"_blank\" rel=\"noreferrer noopener\">Leitfaden f\u00fcr POS-Konnektivit\u00e4t<\/a> erfahren Sie mehr dar\u00fcber, welche Art von Kabel Sie f\u00fcr die Einrichtung Ihrer Kassenschublade ben\u00f6tigen.  <\/p>\n\n<h2 class=\"wp-block-heading has-text-align-center\" id=\"h-why-is-there-no-cable-included-with-my-multipro-320-cash-drawer\">Warum ist bei meinem MultiPRO\u00ae 320\/Kassenschublade kein Kabel dabei?<\/h2>\n\n<p>MultiPRO\u00ae-Kabel sind separat erh\u00e4ltlich. Das richtige Kabel h\u00e4ngt von der Marke und dem Modell Ihres Bondruckers ab. Wir haben verschiedene konfektionierte Kabel. Sehen Sie sich den <a href=\"https:\/\/apgsolutions.com\/wp-content\/uploads\/2023\/06\/M-43-031_revAT-PDF.pdf\" target=\"_blank\" rel=\"noreferrer noopener\">Leitfaden zur Konnektivit\u00e4t<\/a> an und erfahren Sie <a href=\"https:\/\/apgsolutions.com\/de\/connecting-cash-drawer-printer\/\">, wie Sie eine Kassenschublade an einen Drucker anschlie\u00dfen<\/a>.<\/p>\n\n<h2 class=\"wp-block-heading has-text-align-center\" id=\"h-how-to-connect-a-cash-drawer-to-a-pos-receipt-printer\">So schlie\u00dfen Sie eine Kassenlade an einen POS-Bondrucker an<\/h2>\n\n<p>M\u00f6chten Sie erfahren, wie Sie eine Kassenschublade an einen POS-Bondrucker anschlie\u00dfen k\u00f6nnen? Lesen Sie die Anleitung und sehen Sie sich das Video unten an! Sie haben die 24-Volt-Gleichstrom-Kassenschublade mit Drucker gekauft. Dieses Video hilft Ihnen bei der Beschaffung des Kabels und gibt Ihnen Tipps zur Fehlerbehebung bei der elektronischen \u00d6ffnung der Kassenschublade durch Ihren POS-Bondrucker. Die richtige APG Kabel-Teilenummer h\u00e4ngt von der Marke und dem Modell Ihres Bondruckers ab. Die genaue Teilenummer Ihres APG-Kabels finden Sie in unserer <a href=\"https:\/\/apgsolutions.com\/wp-content\/uploads\/2023\/06\/M-43-031_revAT-PDF.pdf\">Anleitung zur Konnektivit\u00e4t<\/a>. Die Teilenummer Ihres Kabels finden Sie in der dritten Spalte. Wenn Sie zum Beispiel einen Epson Quittungsdrucker der TM-Serie besitzen, ben\u00f6tigen Sie das Kabel CD-101A. Dieses Kabel ist bei POS-H\u00e4ndlern erh\u00e4ltlich und leicht online zu finden. Suchen Sie in Ihrem Browser nach CD-101A, um Ihre Kaufoptionen zu sehen. Stecken Sie das kleinere Ende des Kabels in den Schubladenkick-Anschluss Ihres Druckers. Vergewissern Sie sich dann, dass das gr\u00f6\u00dfere Ende des Kabels im RJ 45-Anschluss der Kassenschublade an der Unterseite der Schublade steckt. Jetzt, wo die Verbindung hergestellt ist, gibt es einige Voraussetzungen, die erf\u00fcllt werden m\u00fcssen. Stellen Sie sicher, dass Ihre <a href=\"https:\/\/apgsolutions.com\/de\/\">Kassenschublade<\/a> mechanisch einwandfrei ist. \u00d6ffnen Sie die Schublade mit dem Schl\u00fcssel und schlie\u00dfen Sie sie dann sanft, indem Sie den Riegel mit einem Klick schlie\u00dfen. Vergewissern Sie sich, dass sich das Schloss in der vertikalen Position (12 bis 6 Uhr) befindet &#8211; elektrisch online. Ihr Bondrucker muss funktionsf\u00e4hig und fehlerfrei sein, sonst kann er die Schublade nicht elektronisch \u00f6ffnen. Schlie\u00dflich muss Ihre Kassensoftware dem Drucker mitteilen, dass eine Kassenschublade vorhanden ist. Stellen Sie also sicher, dass Ihre Kassenschublade in Ihrer Kassensoftware aktiviert ist. Dazu ben\u00f6tigen Sie m\u00f6glicherweise Hilfe von Ihrem POS-Softwareanbieter. Weitere Informationen finden Sie <a href=\"https:\/\/apgsolutions.com\/de\/connecting-cash-drawer-printer\/\">hier<\/a>.                   <\/p>\n\n<figure class=\"wp-block-embed aligncenter is-type-video is-provider-youtube wp-block-embed-youtube wp-embed-aspect-16-9 wp-has-aspect-ratio\"><div class=\"wp-block-embed__wrapper\">\n<iframe title=\"How to Connect a Cash Drawer to a POS Receipt Printer - Connecting your Cash Register\" width=\"500\" height=\"281\" src=\"https:\/\/www.youtube.com\/embed\/AMzGxOqm3GA?feature=oembed\" frameborder=\"0\" allow=\"accelerometer; autoplay; clipboard-write; encrypted-media; gyroscope; picture-in-picture; web-share\" referrerpolicy=\"strict-origin-when-cross-origin\" allowfullscreen><\/iframe>\n<\/div><\/figure>\n\n<h2 class=\"wp-block-heading has-text-align-center\" id=\"h-contact-us-for-cash-drawer-technical-support\">Kontaktieren Sie uns f\u00fcr technischen Support f\u00fcr Kassenschubladen<\/h2>\n<p><script charset=\"utf-8\" type=\"text\/javascript\" src=\"\/\/js.hsforms.net\/forms\/embed\/v2.js\"><\/script><br \/>\n<script>\n  hbspt.forms.create({\n    region: \"na1\",\n    portalId: \"3337275\",\n    formId: \"3a628e92-d1cb-47d1-aee7-a34c02043524\"\n  });\n<\/script><\/p>\n","protected":false},"excerpt":{"rendered":"<p>FAQs zu Kassenladenkabeln Erfahren Sie mehr \u00fcber Ihren Bedarf an Kabeln f\u00fcr Kassenschubladen. APG bietet Kabel f\u00fcr den Anschluss an einen POS-Drucker, einen USB-Anschluss, eine Peripherieschnittstelle und mehr. Scrollen Sie unten, um unsere Kabel-FAQs zu lesen. Wenn Sie zus\u00e4tzliche technische Unterst\u00fctzung ben\u00f6tigen, f\u00fcllen Sie bitte das Formular am Ende dieser Seite aus oder kontaktieren Sie [&hellip;]<\/p>\n","protected":false},"author":4,"featured_media":0,"parent":64560,"menu_order":0,"comment_status":"closed","ping_status":"closed","template":"","meta":{"_acf_changed":false,"content-type":"","footnotes":""},"class_list":["post-94922","page","type-page","status-publish"],"yoast_head":"<!-- This site is optimized with the Yoast SEO Premium plugin v23.5 (Yoast SEO v27.2) - https:\/\/yoast.com\/product\/yoast-seo-premium-wordpress\/ -->\n<title>Cables<\/title>\n<meta name=\"description\" content=\"Hier finden Sie Antworten auf h\u00e4ufige Fragen zu Kassenschubladenkabeln, einschlie\u00dflich Auswahl, Anschluss und Kompatibilit\u00e4t f\u00fcr POS-Systeme.\" \/>\n<meta name=\"robots\" content=\"index, follow, max-snippet:-1, max-image-preview:large, max-video-preview:-1\" \/>\n<link rel=\"canonical\" href=\"https:\/\/apgsolutions.com\/de\/support\/faq\/cables\/\" \/>\n<meta property=\"og:locale\" content=\"de_DE\" \/>\n<meta property=\"og:type\" content=\"article\" \/>\n<meta property=\"og:title\" content=\"Cables\" \/>\n<meta property=\"og:description\" content=\"Hier finden Sie Antworten auf h\u00e4ufige Fragen zu Kassenschubladenkabeln, einschlie\u00dflich Auswahl, Anschluss und Kompatibilit\u00e4t f\u00fcr POS-Systeme.\" \/>\n<meta property=\"og:url\" content=\"https:\/\/apgsolutions.com\/de\/support\/faq\/cables\/\" \/>\n<meta property=\"og:site_name\" content=\"apg\u00ae Solutions\" \/>\n<meta property=\"article:publisher\" content=\"https:\/\/www.facebook.com\/apgglobalsolutions\" \/>\n<meta property=\"article:modified_time\" content=\"2026-01-26T02:52:51+00:00\" \/>\n<meta property=\"og:image\" content=\"https:\/\/apgsolutions.com\/wp-content\/uploads\/2023\/06\/USB-Interface-Icon_white-1.png\" \/>\n<meta name=\"twitter:card\" content=\"summary_large_image\" \/>\n<meta name=\"twitter:site\" content=\"@apg_solutions\" \/>\n<meta name=\"twitter:label1\" content=\"Gesch\u00e4tzte Lesezeit\" \/>\n\t<meta name=\"twitter:data1\" content=\"4\u00a0Minuten\" \/>\n<script type=\"application\/ld+json\" class=\"yoast-schema-graph\">{\"@context\":\"https:\/\/schema.org\",\"@graph\":[{\"@type\":\"WebPage\",\"@id\":\"https:\/\/apgsolutions.com\/de\/support\/faq\/cables\/\",\"url\":\"https:\/\/apgsolutions.com\/de\/support\/faq\/cables\/\",\"name\":\"Cables\",\"isPartOf\":{\"@id\":\"https:\/\/apgsolutions.com\/de\/#website\"},\"primaryImageOfPage\":{\"@id\":\"https:\/\/apgsolutions.com\/de\/support\/faq\/cables\/#primaryimage\"},\"image\":{\"@id\":\"https:\/\/apgsolutions.com\/de\/support\/faq\/cables\/#primaryimage\"},\"thumbnailUrl\":\"https:\/\/apgsolutions.com\/wp-content\/uploads\/2023\/06\/USB-Interface-Icon_white-1.png\",\"datePublished\":\"2025-10-14T05:45:28+00:00\",\"dateModified\":\"2026-01-26T02:52:51+00:00\",\"description\":\"Hier finden Sie Antworten auf h\u00e4ufige Fragen zu Kassenschubladenkabeln, einschlie\u00dflich Auswahl, Anschluss und Kompatibilit\u00e4t f\u00fcr POS-Systeme.\",\"breadcrumb\":{\"@id\":\"https:\/\/apgsolutions.com\/de\/support\/faq\/cables\/#breadcrumb\"},\"inLanguage\":\"de\",\"potentialAction\":[{\"@type\":\"ReadAction\",\"target\":[\"https:\/\/apgsolutions.com\/de\/support\/faq\/cables\/\"]}]},{\"@type\":\"ImageObject\",\"inLanguage\":\"de\",\"@id\":\"https:\/\/apgsolutions.com\/de\/support\/faq\/cables\/#primaryimage\",\"url\":\"https:\/\/apgsolutions.com\/wp-content\/uploads\/2023\/06\/USB-Interface-Icon_white-1.png\",\"contentUrl\":\"https:\/\/apgsolutions.com\/wp-content\/uploads\/2023\/06\/USB-Interface-Icon_white-1.png\"},{\"@type\":\"BreadcrumbList\",\"@id\":\"https:\/\/apgsolutions.com\/de\/support\/faq\/cables\/#breadcrumb\",\"itemListElement\":[{\"@type\":\"ListItem\",\"position\":1,\"name\":\"Support\",\"item\":\"https:\/\/apgsolutions.com\/de\/support\/\"},{\"@type\":\"ListItem\",\"position\":2,\"name\":\"H\u00e4ufig gestellte Fragen\",\"item\":\"https:\/\/apgsolutions.com\/de\/support\/faq\/\"},{\"@type\":\"ListItem\",\"position\":3,\"name\":\"Cables\"}]},{\"@type\":\"WebSite\",\"@id\":\"https:\/\/apgsolutions.com\/de\/#website\",\"url\":\"https:\/\/apgsolutions.com\/de\/\",\"name\":\"APG Solutions, LLC\",\"description\":\"Trust at every point.\",\"publisher\":{\"@id\":\"https:\/\/apgsolutions.com\/de\/#organization\"},\"potentialAction\":[{\"@type\":\"SearchAction\",\"target\":{\"@type\":\"EntryPoint\",\"urlTemplate\":\"https:\/\/apgsolutions.com\/de\/?s={search_term_string}\"},\"query-input\":{\"@type\":\"PropertyValueSpecification\",\"valueRequired\":true,\"valueName\":\"search_term_string\"}}],\"inLanguage\":\"de\"},{\"@type\":\"Organization\",\"@id\":\"https:\/\/apgsolutions.com\/de\/#organization\",\"name\":\"APG Solution, LLC\",\"url\":\"https:\/\/apgsolutions.com\/de\/\",\"logo\":{\"@type\":\"ImageObject\",\"inLanguage\":\"de\",\"@id\":\"https:\/\/apgsolutions.com\/de\/#\/schema\/logo\/image\/\",\"url\":\"https:\/\/apgsolutions.com\/wp-content\/uploads\/2023\/12\/logomark-color.svg\",\"contentUrl\":\"https:\/\/apgsolutions.com\/wp-content\/uploads\/2023\/12\/logomark-color.svg\",\"width\":141,\"height\":138,\"caption\":\"APG Solution, LLC\"},\"image\":{\"@id\":\"https:\/\/apgsolutions.com\/de\/#\/schema\/logo\/image\/\"},\"sameAs\":[\"https:\/\/www.facebook.com\/apgglobalsolutions\",\"https:\/\/x.com\/apg_solutions\",\"https:\/\/www.youtube.com\/c\/CashManagementGlobalSolutionsbyapg\",\"https:\/\/www.linkedin.com\/company\/apgglobalsolutions\/\",\"https:\/\/www.instagram.com\/apgglobalsolutions\/\",\"https:\/\/www.pinterest.com\/apgcashdrawer\/\"]}]}<\/script>\n<!-- \/ Yoast SEO Premium plugin. -->","yoast_head_json":{"title":"Cables","description":"Hier finden Sie Antworten auf h\u00e4ufige Fragen zu Kassenschubladenkabeln, einschlie\u00dflich Auswahl, Anschluss und Kompatibilit\u00e4t f\u00fcr POS-Systeme.","robots":{"index":"index","follow":"follow","max-snippet":"max-snippet:-1","max-image-preview":"max-image-preview:large","max-video-preview":"max-video-preview:-1"},"canonical":"https:\/\/apgsolutions.com\/de\/support\/faq\/cables\/","og_locale":"de_DE","og_type":"article","og_title":"Cables","og_description":"Hier finden Sie Antworten auf h\u00e4ufige Fragen zu Kassenschubladenkabeln, einschlie\u00dflich Auswahl, Anschluss und Kompatibilit\u00e4t f\u00fcr POS-Systeme.","og_url":"https:\/\/apgsolutions.com\/de\/support\/faq\/cables\/","og_site_name":"apg\u00ae Solutions","article_publisher":"https:\/\/www.facebook.com\/apgglobalsolutions","article_modified_time":"2026-01-26T02:52:51+00:00","og_image":[{"url":"https:\/\/apgsolutions.com\/wp-content\/uploads\/2023\/06\/USB-Interface-Icon_white-1.png","type":"","width":"","height":""}],"twitter_card":"summary_large_image","twitter_site":"@apg_solutions","twitter_misc":{"Gesch\u00e4tzte Lesezeit":"4\u00a0Minuten"},"schema":{"@context":"https:\/\/schema.org","@graph":[{"@type":"WebPage","@id":"https:\/\/apgsolutions.com\/de\/support\/faq\/cables\/","url":"https:\/\/apgsolutions.com\/de\/support\/faq\/cables\/","name":"Cables","isPartOf":{"@id":"https:\/\/apgsolutions.com\/de\/#website"},"primaryImageOfPage":{"@id":"https:\/\/apgsolutions.com\/de\/support\/faq\/cables\/#primaryimage"},"image":{"@id":"https:\/\/apgsolutions.com\/de\/support\/faq\/cables\/#primaryimage"},"thumbnailUrl":"https:\/\/apgsolutions.com\/wp-content\/uploads\/2023\/06\/USB-Interface-Icon_white-1.png","datePublished":"2025-10-14T05:45:28+00:00","dateModified":"2026-01-26T02:52:51+00:00","description":"Hier finden Sie Antworten auf h\u00e4ufige Fragen zu Kassenschubladenkabeln, einschlie\u00dflich Auswahl, Anschluss und Kompatibilit\u00e4t f\u00fcr POS-Systeme.","breadcrumb":{"@id":"https:\/\/apgsolutions.com\/de\/support\/faq\/cables\/#breadcrumb"},"inLanguage":"de","potentialAction":[{"@type":"ReadAction","target":["https:\/\/apgsolutions.com\/de\/support\/faq\/cables\/"]}]},{"@type":"ImageObject","inLanguage":"de","@id":"https:\/\/apgsolutions.com\/de\/support\/faq\/cables\/#primaryimage","url":"https:\/\/apgsolutions.com\/wp-content\/uploads\/2023\/06\/USB-Interface-Icon_white-1.png","contentUrl":"https:\/\/apgsolutions.com\/wp-content\/uploads\/2023\/06\/USB-Interface-Icon_white-1.png"},{"@type":"BreadcrumbList","@id":"https:\/\/apgsolutions.com\/de\/support\/faq\/cables\/#breadcrumb","itemListElement":[{"@type":"ListItem","position":1,"name":"Support","item":"https:\/\/apgsolutions.com\/de\/support\/"},{"@type":"ListItem","position":2,"name":"H\u00e4ufig gestellte Fragen","item":"https:\/\/apgsolutions.com\/de\/support\/faq\/"},{"@type":"ListItem","position":3,"name":"Cables"}]},{"@type":"WebSite","@id":"https:\/\/apgsolutions.com\/de\/#website","url":"https:\/\/apgsolutions.com\/de\/","name":"APG Solutions, LLC","description":"Trust at every point.","publisher":{"@id":"https:\/\/apgsolutions.com\/de\/#organization"},"potentialAction":[{"@type":"SearchAction","target":{"@type":"EntryPoint","urlTemplate":"https:\/\/apgsolutions.com\/de\/?s={search_term_string}"},"query-input":{"@type":"PropertyValueSpecification","valueRequired":true,"valueName":"search_term_string"}}],"inLanguage":"de"},{"@type":"Organization","@id":"https:\/\/apgsolutions.com\/de\/#organization","name":"APG Solution, LLC","url":"https:\/\/apgsolutions.com\/de\/","logo":{"@type":"ImageObject","inLanguage":"de","@id":"https:\/\/apgsolutions.com\/de\/#\/schema\/logo\/image\/","url":"https:\/\/apgsolutions.com\/wp-content\/uploads\/2023\/12\/logomark-color.svg","contentUrl":"https:\/\/apgsolutions.com\/wp-content\/uploads\/2023\/12\/logomark-color.svg","width":141,"height":138,"caption":"APG Solution, LLC"},"image":{"@id":"https:\/\/apgsolutions.com\/de\/#\/schema\/logo\/image\/"},"sameAs":["https:\/\/www.facebook.com\/apgglobalsolutions","https:\/\/x.com\/apg_solutions","https:\/\/www.youtube.com\/c\/CashManagementGlobalSolutionsbyapg","https:\/\/www.linkedin.com\/company\/apgglobalsolutions\/","https:\/\/www.instagram.com\/apgglobalsolutions\/","https:\/\/www.pinterest.com\/apgcashdrawer\/"]}]}},"acf":[],"_links":{"self":[{"href":"https:\/\/apgsolutions.com\/de\/wp-json\/wp\/v2\/pages\/94922","targetHints":{"allow":["GET"]}}],"collection":[{"href":"https:\/\/apgsolutions.com\/de\/wp-json\/wp\/v2\/pages"}],"about":[{"href":"https:\/\/apgsolutions.com\/de\/wp-json\/wp\/v2\/types\/page"}],"author":[{"embeddable":true,"href":"https:\/\/apgsolutions.com\/de\/wp-json\/wp\/v2\/users\/4"}],"replies":[{"embeddable":true,"href":"https:\/\/apgsolutions.com\/de\/wp-json\/wp\/v2\/comments?post=94922"}],"version-history":[{"count":11,"href":"https:\/\/apgsolutions.com\/de\/wp-json\/wp\/v2\/pages\/94922\/revisions"}],"predecessor-version":[{"id":101781,"href":"https:\/\/apgsolutions.com\/de\/wp-json\/wp\/v2\/pages\/94922\/revisions\/101781"}],"up":[{"embeddable":true,"href":"https:\/\/apgsolutions.com\/de\/wp-json\/wp\/v2\/pages\/64560"}],"wp:attachment":[{"href":"https:\/\/apgsolutions.com\/de\/wp-json\/wp\/v2\/media?parent=94922"}],"curies":[{"name":"wp","href":"https:\/\/api.w.org\/{rel}","templated":true}]}}