{"id":95052,"date":"2025-10-14T09:06:56","date_gmt":"2025-10-14T09:06:56","guid":{"rendered":"https:\/\/apgsolutions.com\/hp-partners\/"},"modified":"2026-01-22T14:42:13","modified_gmt":"2026-01-22T14:42:13","slug":"hp-partners","status":"publish","type":"page","link":"https:\/\/apgsolutions.com\/de\/hp-partners\/","title":{"rendered":"HP Partner"},"content":{"rendered":"<div class=\"section_page-header \">\n    <img decoding=\"async\" class=\"header-image\" src=\"https:\/\/apgsolutions.com\/wp-content\/uploads\/2023\/04\/dark-blue-rotated.jpg\" alt=\"dark-blue\" title=\"dark-blue\">\n            <div class=\"header-content\">\n            <h1>HP Product Exchange Form<\/h1>\n        <\/div>\n    <\/div>\n<h2 class=\"wp-block-heading has-text-align-center\" id=\"h-please-complete-and-submit-the-information-below-and-apg-will-review-your-products-to-see-if-they-meet-the-requirements-for-this-exchange\">Bitte f\u00fcllen Sie die nachstehenden Informationen aus und schicken Sie sie ab. APG wird Ihre Produkte daraufhin \u00fcberpr\u00fcfen, ob sie die Anforderungen f\u00fcr diesen Austausch erf\u00fcllen.<\/h2>\n\n<h3 class=\"wp-block-heading has-text-align-left\"><strong>Bitte geben Sie die folgenden Daten ein, damit wir den Prozess der Abfallbehandlung f\u00fcr Sie aktivieren k\u00f6nnen.<\/strong><\/h3>\n\n<p class=\"has-text-align-left\">Sie werden unten aufgefordert, die Teilenummer und die Seriennummer Ihrer Kassenschublade anzugeben. Sehen Sie sich das untenstehende Beispieletikett an, auf dem Sie sehen k\u00f6nnen, wo Sie diese Informationen finden. Die Teilenummern finden Sie in der Regel in dem gr\u00fcn hervorgehobenen Feld und die Seriennummer finden Sie auf dem Etikett in dem gelb hervorgehobenen Feld.  <\/p>\n<div class=\"wp-block-image\">\n<figure class=\"aligncenter size-full\"><img fetchpriority=\"high\" decoding=\"async\" width=\"474\" height=\"711\" src=\"https:\/\/apgsolutions.com\/wp-content\/uploads\/2023\/04\/serial-number-example.jpg\" alt=\"Beispiel f&#xFC;r eine Seriennummer\" class=\"wp-image-1487\" srcset=\"https:\/\/apgsolutions.com\/wp-content\/uploads\/2023\/04\/serial-number-example.jpg 474w, https:\/\/apgsolutions.com\/wp-content\/uploads\/2023\/04\/serial-number-example-200x300.jpg 200w\" sizes=\"(max-width: 474px) 100vw, 474px\" \/><\/figure>\n<\/div><p><script charset=\"utf-8\" type=\"text\/javascript\" src=\"\/\/js.hsforms.net\/forms\/embed\/v2.js\"><\/script><br \/>\n<script>\n  hbspt.forms.create({\n    region: \"na1\",\n    portalId: \"3337275\",\n    formId: \"45e03d15-1b29-415f-90a0-01f72d58239b\"\n  });\n<\/script><\/p>\n\n<p class=\"has-text-align-left\">Wenn Ihr Produkt f\u00fcr das Umtauschprogramm qualifiziert ist, sendet APG Ihnen Versandanweisungen, um Ihre Kassenschubladen an die Safe Waste Disposal-Stelle zu schicken. Sobald das Produkt bei der Safe Waste Disposal-Stelle eintrifft, wird es \u00fcberarbeitet und zur\u00fcckgeschickt. Nachdem Sie Ihre Informationen im obigen Formular angegeben haben, werden Sie von <a href=\"mailto:Dwr-returns@apgsolutions.com\">Dwr-returns@apgsolutions.com kontaktiert .<\/a>  <\/p>\n\n<p class=\"has-text-align-left\">Wenn Sie Bedenken oder weitere Fragen haben, kontaktieren Sie uns bitte unter <a href=\"mailto:Dwr-returns@apgsolutions.com\">Dwr-returns@apgsolutions.com.<\/a><\/p>\n","protected":false},"excerpt":{"rendered":"<p>Bitte f\u00fcllen Sie die nachstehenden Informationen aus und schicken Sie sie ab. APG wird Ihre Produkte daraufhin \u00fcberpr\u00fcfen, ob sie die Anforderungen f\u00fcr diesen Austausch erf\u00fcllen. Bitte geben Sie die folgenden Daten ein, damit wir den Prozess der Abfallbehandlung f\u00fcr Sie aktivieren k\u00f6nnen. Sie werden unten aufgefordert, die Teilenummer und die Seriennummer Ihrer Kassenschublade anzugeben. [&hellip;]<\/p>\n","protected":false},"author":4,"featured_media":0,"parent":0,"menu_order":0,"comment_status":"closed","ping_status":"closed","template":"","meta":{"_acf_changed":false,"content-type":"","footnotes":""},"class_list":["post-95052","page","type-page","status-publish"],"yoast_head":"<!-- This site is optimized with the Yoast SEO Premium plugin v23.5 (Yoast SEO v27.2) - https:\/\/yoast.com\/product\/yoast-seo-premium-wordpress\/ -->\n<title>HP Partner<\/title>\n<meta name=\"description\" content=\"Informationen f\u00fcr HP Partner zu Produktaustausch und Support. Verwalten Sie Aktualisierungen f\u00fcr Kassenschubladen und deren Einhaltung.\" \/>\n<meta name=\"robots\" content=\"index, follow, max-snippet:-1, max-image-preview:large, max-video-preview:-1\" \/>\n<link rel=\"canonical\" href=\"https:\/\/apgsolutions.com\/de\/hp-partners\/\" \/>\n<meta property=\"og:locale\" content=\"de_DE\" \/>\n<meta property=\"og:type\" content=\"article\" \/>\n<meta property=\"og:title\" content=\"HP Partner\" \/>\n<meta property=\"og:description\" content=\"Informationen f\u00fcr HP Partner zu Produktaustausch und Support. Verwalten Sie Aktualisierungen f\u00fcr Kassenschubladen und deren Einhaltung.\" \/>\n<meta property=\"og:url\" content=\"https:\/\/apgsolutions.com\/de\/hp-partners\/\" \/>\n<meta property=\"og:site_name\" content=\"apg\u00ae Solutions\" \/>\n<meta property=\"article:publisher\" content=\"https:\/\/www.facebook.com\/apgglobalsolutions\" \/>\n<meta property=\"article:modified_time\" content=\"2026-01-22T14:42:13+00:00\" \/>\n<meta property=\"og:image\" content=\"https:\/\/apgsolutions.com\/wp-content\/uploads\/2023\/04\/serial-number-example.jpg\" \/>\n<meta name=\"twitter:card\" content=\"summary_large_image\" \/>\n<meta name=\"twitter:site\" content=\"@apg_solutions\" \/>\n<meta name=\"twitter:label1\" content=\"Gesch\u00e4tzte Lesezeit\" \/>\n\t<meta name=\"twitter:data1\" content=\"1\u00a0Minute\" \/>\n<script type=\"application\/ld+json\" class=\"yoast-schema-graph\">{\"@context\":\"https:\/\/schema.org\",\"@graph\":[{\"@type\":\"WebPage\",\"@id\":\"https:\/\/apgsolutions.com\/de\/hp-partners\/\",\"url\":\"https:\/\/apgsolutions.com\/de\/hp-partners\/\",\"name\":\"HP Partner\",\"isPartOf\":{\"@id\":\"https:\/\/apgsolutions.com\/de\/#website\"},\"primaryImageOfPage\":{\"@id\":\"https:\/\/apgsolutions.com\/de\/hp-partners\/#primaryimage\"},\"image\":{\"@id\":\"https:\/\/apgsolutions.com\/de\/hp-partners\/#primaryimage\"},\"thumbnailUrl\":\"https:\/\/apgsolutions.com\/wp-content\/uploads\/2023\/04\/serial-number-example.jpg\",\"datePublished\":\"2025-10-14T09:06:56+00:00\",\"dateModified\":\"2026-01-22T14:42:13+00:00\",\"description\":\"Informationen f\u00fcr HP Partner zu Produktaustausch und Support. Verwalten Sie Aktualisierungen f\u00fcr Kassenschubladen und deren Einhaltung.\",\"inLanguage\":\"de\",\"potentialAction\":[{\"@type\":\"ReadAction\",\"target\":[\"https:\/\/apgsolutions.com\/de\/hp-partners\/\"]}]},{\"@type\":\"ImageObject\",\"inLanguage\":\"de\",\"@id\":\"https:\/\/apgsolutions.com\/de\/hp-partners\/#primaryimage\",\"url\":\"https:\/\/apgsolutions.com\/wp-content\/uploads\/2023\/04\/serial-number-example.jpg\",\"contentUrl\":\"https:\/\/apgsolutions.com\/wp-content\/uploads\/2023\/04\/serial-number-example.jpg\"},{\"@type\":\"WebSite\",\"@id\":\"https:\/\/apgsolutions.com\/de\/#website\",\"url\":\"https:\/\/apgsolutions.com\/de\/\",\"name\":\"APG Solutions, LLC\",\"description\":\"Trust at every point.\",\"publisher\":{\"@id\":\"https:\/\/apgsolutions.com\/de\/#organization\"},\"potentialAction\":[{\"@type\":\"SearchAction\",\"target\":{\"@type\":\"EntryPoint\",\"urlTemplate\":\"https:\/\/apgsolutions.com\/de\/?s={search_term_string}\"},\"query-input\":{\"@type\":\"PropertyValueSpecification\",\"valueRequired\":true,\"valueName\":\"search_term_string\"}}],\"inLanguage\":\"de\"},{\"@type\":\"Organization\",\"@id\":\"https:\/\/apgsolutions.com\/de\/#organization\",\"name\":\"APG Solution, LLC\",\"url\":\"https:\/\/apgsolutions.com\/de\/\",\"logo\":{\"@type\":\"ImageObject\",\"inLanguage\":\"de\",\"@id\":\"https:\/\/apgsolutions.com\/de\/#\/schema\/logo\/image\/\",\"url\":\"https:\/\/apgsolutions.com\/wp-content\/uploads\/2023\/12\/logomark-color.svg\",\"contentUrl\":\"https:\/\/apgsolutions.com\/wp-content\/uploads\/2023\/12\/logomark-color.svg\",\"width\":141,\"height\":138,\"caption\":\"APG Solution, LLC\"},\"image\":{\"@id\":\"https:\/\/apgsolutions.com\/de\/#\/schema\/logo\/image\/\"},\"sameAs\":[\"https:\/\/www.facebook.com\/apgglobalsolutions\",\"https:\/\/x.com\/apg_solutions\",\"https:\/\/www.youtube.com\/c\/CashManagementGlobalSolutionsbyapg\",\"https:\/\/www.linkedin.com\/company\/apgglobalsolutions\/\",\"https:\/\/www.instagram.com\/apgglobalsolutions\/\",\"https:\/\/www.pinterest.com\/apgcashdrawer\/\"]}]}<\/script>\n<!-- \/ Yoast SEO Premium plugin. -->","yoast_head_json":{"title":"HP Partner","description":"Informationen f\u00fcr HP Partner zu Produktaustausch und Support. Verwalten Sie Aktualisierungen f\u00fcr Kassenschubladen und deren Einhaltung.","robots":{"index":"index","follow":"follow","max-snippet":"max-snippet:-1","max-image-preview":"max-image-preview:large","max-video-preview":"max-video-preview:-1"},"canonical":"https:\/\/apgsolutions.com\/de\/hp-partners\/","og_locale":"de_DE","og_type":"article","og_title":"HP Partner","og_description":"Informationen f\u00fcr HP Partner zu Produktaustausch und Support. Verwalten Sie Aktualisierungen f\u00fcr Kassenschubladen und deren Einhaltung.","og_url":"https:\/\/apgsolutions.com\/de\/hp-partners\/","og_site_name":"apg\u00ae Solutions","article_publisher":"https:\/\/www.facebook.com\/apgglobalsolutions","article_modified_time":"2026-01-22T14:42:13+00:00","og_image":[{"url":"https:\/\/apgsolutions.com\/wp-content\/uploads\/2023\/04\/serial-number-example.jpg","type":"","width":"","height":""}],"twitter_card":"summary_large_image","twitter_site":"@apg_solutions","twitter_misc":{"Gesch\u00e4tzte Lesezeit":"1\u00a0Minute"},"schema":{"@context":"https:\/\/schema.org","@graph":[{"@type":"WebPage","@id":"https:\/\/apgsolutions.com\/de\/hp-partners\/","url":"https:\/\/apgsolutions.com\/de\/hp-partners\/","name":"HP Partner","isPartOf":{"@id":"https:\/\/apgsolutions.com\/de\/#website"},"primaryImageOfPage":{"@id":"https:\/\/apgsolutions.com\/de\/hp-partners\/#primaryimage"},"image":{"@id":"https:\/\/apgsolutions.com\/de\/hp-partners\/#primaryimage"},"thumbnailUrl":"https:\/\/apgsolutions.com\/wp-content\/uploads\/2023\/04\/serial-number-example.jpg","datePublished":"2025-10-14T09:06:56+00:00","dateModified":"2026-01-22T14:42:13+00:00","description":"Informationen f\u00fcr HP Partner zu Produktaustausch und Support. Verwalten Sie Aktualisierungen f\u00fcr Kassenschubladen und deren Einhaltung.","inLanguage":"de","potentialAction":[{"@type":"ReadAction","target":["https:\/\/apgsolutions.com\/de\/hp-partners\/"]}]},{"@type":"ImageObject","inLanguage":"de","@id":"https:\/\/apgsolutions.com\/de\/hp-partners\/#primaryimage","url":"https:\/\/apgsolutions.com\/wp-content\/uploads\/2023\/04\/serial-number-example.jpg","contentUrl":"https:\/\/apgsolutions.com\/wp-content\/uploads\/2023\/04\/serial-number-example.jpg"},{"@type":"WebSite","@id":"https:\/\/apgsolutions.com\/de\/#website","url":"https:\/\/apgsolutions.com\/de\/","name":"APG Solutions, LLC","description":"Trust at every point.","publisher":{"@id":"https:\/\/apgsolutions.com\/de\/#organization"},"potentialAction":[{"@type":"SearchAction","target":{"@type":"EntryPoint","urlTemplate":"https:\/\/apgsolutions.com\/de\/?s={search_term_string}"},"query-input":{"@type":"PropertyValueSpecification","valueRequired":true,"valueName":"search_term_string"}}],"inLanguage":"de"},{"@type":"Organization","@id":"https:\/\/apgsolutions.com\/de\/#organization","name":"APG Solution, LLC","url":"https:\/\/apgsolutions.com\/de\/","logo":{"@type":"ImageObject","inLanguage":"de","@id":"https:\/\/apgsolutions.com\/de\/#\/schema\/logo\/image\/","url":"https:\/\/apgsolutions.com\/wp-content\/uploads\/2023\/12\/logomark-color.svg","contentUrl":"https:\/\/apgsolutions.com\/wp-content\/uploads\/2023\/12\/logomark-color.svg","width":141,"height":138,"caption":"APG Solution, LLC"},"image":{"@id":"https:\/\/apgsolutions.com\/de\/#\/schema\/logo\/image\/"},"sameAs":["https:\/\/www.facebook.com\/apgglobalsolutions","https:\/\/x.com\/apg_solutions","https:\/\/www.youtube.com\/c\/CashManagementGlobalSolutionsbyapg","https:\/\/www.linkedin.com\/company\/apgglobalsolutions\/","https:\/\/www.instagram.com\/apgglobalsolutions\/","https:\/\/www.pinterest.com\/apgcashdrawer\/"]}]}},"acf":[],"_links":{"self":[{"href":"https:\/\/apgsolutions.com\/de\/wp-json\/wp\/v2\/pages\/95052","targetHints":{"allow":["GET"]}}],"collection":[{"href":"https:\/\/apgsolutions.com\/de\/wp-json\/wp\/v2\/pages"}],"about":[{"href":"https:\/\/apgsolutions.com\/de\/wp-json\/wp\/v2\/types\/page"}],"author":[{"embeddable":true,"href":"https:\/\/apgsolutions.com\/de\/wp-json\/wp\/v2\/users\/4"}],"replies":[{"embeddable":true,"href":"https:\/\/apgsolutions.com\/de\/wp-json\/wp\/v2\/comments?post=95052"}],"version-history":[{"count":2,"href":"https:\/\/apgsolutions.com\/de\/wp-json\/wp\/v2\/pages\/95052\/revisions"}],"predecessor-version":[{"id":98382,"href":"https:\/\/apgsolutions.com\/de\/wp-json\/wp\/v2\/pages\/95052\/revisions\/98382"}],"wp:attachment":[{"href":"https:\/\/apgsolutions.com\/de\/wp-json\/wp\/v2\/media?parent=95052"}],"curies":[{"name":"wp","href":"https:\/\/api.w.org\/{rel}","templated":true}]}}