{"id":95099,"date":"2025-10-14T09:22:44","date_gmt":"2025-10-14T09:22:44","guid":{"rendered":"https:\/\/apgsolutions.com\/job-positions\/open-newhaven-uk-positions\/"},"modified":"2026-01-22T14:43:07","modified_gmt":"2026-01-22T14:43:07","slug":"open-newhaven-uk-positions","status":"publish","type":"page","link":"https:\/\/apgsolutions.com\/de\/job-positions\/open-newhaven-uk-positions\/","title":{"rendered":"Offene Stellen in Newhaven (UK)"},"content":{"rendered":"\n<h1 class=\"wp-block-heading\" id=\"h-open-newhaven-uk-positions\">Offene Stellen in Newhaven (UK)<\/h1>\n\n<h2 class=\"wp-block-heading\" id=\"h-product-designer\">Produktdesigner<\/h2>\n\n<p>APG Solutions EMEA<br\/>Unit 4, The Drove, Newhaven BN9 0LA<br\/>\u00a326.000 &#8211; \u00a330.000 pro Jahr &#8211; Vollzeit<br\/> <\/p>\n\n<h3 class=\"wp-block-heading\" id=\"h-job-title\">Job Titel:<\/h3>\n\n<p>Produktdesigner<\/p>\n\n<h3 class=\"wp-block-heading\">Standort:<\/h3>\n\n<p>Newhaven, UK<\/p>\n\n<h3 class=\"wp-block-heading\">Abteilung:<\/h3>\n\n<p>Engineering Gehaltsgruppe: B\u00fcro\/Technisch\/Leitende Angestellte<\/p>\n\n<h3 class=\"wp-block-heading\">Berichtet an:<\/h3>\n\n<p>Manager f\u00fcr technische Planung<\/p>\n\n<h3 class=\"wp-block-heading\">Art der Position:<\/h3>\n\n<p>Ganztags<\/p>\n\n<h3 class=\"wp-block-heading\">ZWECK:<\/h3>\n\n<p>Der Produktdesigner ist f\u00fcr die fachliche technische Unterst\u00fctzung durch CAD-Konstruktion in SolidWorks und die Durchf\u00fchrung von Qualit\u00e4tspr\u00fcfungen f\u00fcr neue und bestehende Komponenten verantwortlich. In dieser Funktion entwickeln Sie pr\u00e4zise und funktionale Entw\u00fcrfe, stellen die Einhaltung der technischen Anforderungen sicher und erstellen detaillierte Berichte, um die Integrit\u00e4t des Designs und die Leistungsstandards zu gew\u00e4hrleisten. Durch Ihren Beitrag zur Produktentwicklung und kontinuierlichen Verbesserung spielt diese Position eine wichtige Rolle bei der Verbesserung der gesamten Konstruktions- und Fertigungsprozesse.  <\/p>\n\n<h3 class=\"wp-block-heading\">VERANTWORTLICHKEITEN:<\/h3>\n\n<p>Produktdesign und Entwicklung<\/p>\n\n<ul class=\"wp-block-list\">\n<li>Entwerfen und modifizieren Sie Produkte im Rahmen von Entwicklungsprojekten und stellen Sie dabei sicher, dass sie den technischen und funktionalen Anforderungen entsprechen.<\/li>\n\n\n\n<li>Entwickeln und aktualisieren Sie 3D-Modelle und technische Zeichnungen in SolidWorks als Teil des \u00c4nderungsmanagementprozesses.<\/li>\n\n\n\n<li>\u00dcberarbeiten und pflegen Sie die technische Dokumentation in \u00dcbereinstimmung mit den genehmigten \u00c4nderungsantr\u00e4gen, um Genauigkeit und Konformit\u00e4t sicherzustellen.<\/li>\n\n\n\n<li>Arbeiten Sie mit F&amp;E zusammen, um den Bedarf an zus\u00e4tzlicher Verifizierung und Validierung (V&amp;V) f\u00fcr entsprechende Design\u00e4nderungen zu ermitteln.<\/li>\n<\/ul>\n\n<p>\u00c4nderungsmanagement und Qualit\u00e4tssicherung<\/p>\n\n<ul class=\"wp-block-list\">\n<li>F\u00fchren Sie auf Anfrage Qualit\u00e4tskontrollen an von Lieferanten gelieferten Teilen durch und stellen Sie sicher, dass die Spezifikationen und Normen eingehalten werden.<\/li>\n\n\n\n<li>Erstellen und verwalten Sie eine klare Priorit\u00e4tenliste f\u00fcr Design\u00e4nderungen, die mit den Produktionspl\u00e4nen und den Prozessen zur Einf\u00fchrung neuer Teile \u00fcbereinstimmen.<\/li>\n\n\n\n<li>Sorgen Sie f\u00fcr eine nahtlose Umsetzung und Validierung der genehmigten \u00c4nderungsantr\u00e4ge, um die Produktintegrit\u00e4t zu wahren.<\/li>\n\n\n\n<li>Koordinieren Sie sich mit der Produktionstechnik, um notwendige Ma\u00dfnahmen, die sich aus Change Requests ergeben, zu pr\u00fcfen, zu bewerten und umzusetzen, um die Effizienz der Produktion zu optimieren.<\/li>\n<\/ul>\n\n<h3 class=\"wp-block-heading\" id=\"h-knowledge-skills-and-abilities\">KENNTNISSE, F\u00c4HIGKEITEN UND FERTIGKEITEN:<\/h3>\n\n<ul class=\"wp-block-list\">\n<li>HNC\/HND Maschinenbau oder gleichwertig.<\/li>\n\n\n\n<li>Erfahrung in einer fr\u00fcheren T\u00e4tigkeit, die das Aktualisieren von Zeichnungen mit Solidworks beinhaltete.<\/li>\n\n\n\n<li>Erfahrung mit SolidWorks Modelling.<\/li>\n\n\n\n<li>Erfahrung mit Change Management Systemen.<\/li>\n\n\n\n<li>Gute Erfahrung im Umgang mit Handmessger\u00e4ten.<\/li>\n\n\n\n<li>Kommunikationsstarke Pers\u00f6nlichkeit mit guten zwischenmenschlichen und analytischen F\u00e4higkeiten.<\/li>\n\n\n\n<li>Ausgepr\u00e4gte F\u00e4higkeiten zur Zusammenarbeit mit der F\u00e4higkeit, im Team oder unabh\u00e4ngig mit minimaler Unterst\u00fctzung zu arbeiten.<\/li>\n\n\n\n<li>Sie sind in der Lage, wechselnde Priorit\u00e4ten zu setzen und sich an mehrere Projekte gleichzeitig anzupassen.<\/li>\n<\/ul>\n\n<h3 class=\"wp-block-heading\">VORAUSSETZUNGEN:<\/h3>\n\n<ul class=\"wp-block-list\">\n<li>HNC\/HND oder h\u00f6her in Maschinenbau oder einem verwandten Bereich.<\/li>\n\n\n\n<li>Einschl\u00e4gige Zertifizierungen in CAD-Software (z.B. SolidWorks) sind w\u00fcnschenswert.<\/li>\n\n\n\n<li>2-5 Jahre Erfahrung als Produktdesigner oder mechanischer Konstrukteur oder in einer \u00e4hnlichen Position.<\/li>\n<\/ul>\n<p><script charset=\"utf-8\" type=\"text\/javascript\" src=\"\/\/js.hsforms.net\/forms\/embed\/v2.js\"><\/script><br \/>\n<script>\n  hbspt.forms.create({\n    portalId: \"3337275\",\n    formId: \"dce214bb-a4d0-4cc2-a8ad-0023beda9f2c\",\n    region: \"na1\"\n  });\n<\/script><\/p>\n","protected":false},"excerpt":{"rendered":"<p>Offene Stellen in Newhaven (UK) Produktdesigner APG Solutions EMEAUnit 4, The Drove, Newhaven BN9 0LA\u00a326.000 &#8211; \u00a330.000 pro Jahr &#8211; Vollzeit Job Titel: Produktdesigner Standort: Newhaven, UK Abteilung: Engineering Gehaltsgruppe: B\u00fcro\/Technisch\/Leitende Angestellte Berichtet an: Manager f\u00fcr technische Planung Art der Position: Ganztags ZWECK: Der Produktdesigner ist f\u00fcr die fachliche technische Unterst\u00fctzung durch CAD-Konstruktion in SolidWorks [&hellip;]<\/p>\n","protected":false},"author":4,"featured_media":0,"parent":95083,"menu_order":0,"comment_status":"closed","ping_status":"closed","template":"","meta":{"_acf_changed":false,"content-type":"","footnotes":""},"class_list":["post-95099","page","type-page","status-publish"],"yoast_head":"<!-- This site is optimized with the Yoast SEO Premium plugin v23.5 (Yoast SEO v27.2) - https:\/\/yoast.com\/product\/yoast-seo-premium-wordpress\/ -->\n<title>Offene Stellen in Newhaven (UK)<\/title>\n<meta name=\"description\" content=\"Pr\u00fcfen Sie die aktuellen Stellenangebote in Newhaven, UK bei APG. M\u00f6glichkeiten in den Bereichen Produktdesign und Cash Management Technologie.\" \/>\n<meta name=\"robots\" content=\"index, follow, max-snippet:-1, max-image-preview:large, max-video-preview:-1\" \/>\n<link rel=\"canonical\" href=\"https:\/\/apgsolutions.com\/de\/job-positions\/open-newhaven-uk-positions\/\" \/>\n<meta property=\"og:locale\" content=\"de_DE\" \/>\n<meta property=\"og:type\" content=\"article\" \/>\n<meta property=\"og:title\" content=\"Offene Stellen in Newhaven (UK)\" \/>\n<meta property=\"og:description\" content=\"Pr\u00fcfen Sie die aktuellen Stellenangebote in Newhaven, UK bei APG. M\u00f6glichkeiten in den Bereichen Produktdesign und Cash Management Technologie.\" \/>\n<meta property=\"og:url\" content=\"https:\/\/apgsolutions.com\/de\/job-positions\/open-newhaven-uk-positions\/\" \/>\n<meta property=\"og:site_name\" content=\"apg\u00ae Solutions\" \/>\n<meta property=\"article:publisher\" content=\"https:\/\/www.facebook.com\/apgglobalsolutions\" \/>\n<meta property=\"article:modified_time\" content=\"2026-01-22T14:43:07+00:00\" \/>\n<meta name=\"twitter:card\" content=\"summary_large_image\" \/>\n<meta name=\"twitter:site\" content=\"@apg_solutions\" \/>\n<meta name=\"twitter:label1\" content=\"Gesch\u00e4tzte Lesezeit\" \/>\n\t<meta name=\"twitter:data1\" content=\"2\u00a0Minuten\" \/>\n<script type=\"application\/ld+json\" class=\"yoast-schema-graph\">{\"@context\":\"https:\/\/schema.org\",\"@graph\":[{\"@type\":\"WebPage\",\"@id\":\"https:\/\/apgsolutions.com\/de\/job-positions\/open-newhaven-uk-positions\/\",\"url\":\"https:\/\/apgsolutions.com\/de\/job-positions\/open-newhaven-uk-positions\/\",\"name\":\"Offene Stellen in Newhaven (UK)\",\"isPartOf\":{\"@id\":\"https:\/\/apgsolutions.com\/de\/#website\"},\"datePublished\":\"2025-10-14T09:22:44+00:00\",\"dateModified\":\"2026-01-22T14:43:07+00:00\",\"description\":\"Pr\u00fcfen Sie die aktuellen Stellenangebote in Newhaven, UK bei APG. M\u00f6glichkeiten in den Bereichen Produktdesign und Cash Management Technologie.\",\"breadcrumb\":{\"@id\":\"https:\/\/apgsolutions.com\/de\/job-positions\/open-newhaven-uk-positions\/#breadcrumb\"},\"inLanguage\":\"de\",\"potentialAction\":[{\"@type\":\"ReadAction\",\"target\":[\"https:\/\/apgsolutions.com\/de\/job-positions\/open-newhaven-uk-positions\/\"]}]},{\"@type\":\"BreadcrumbList\",\"@id\":\"https:\/\/apgsolutions.com\/de\/job-positions\/open-newhaven-uk-positions\/#breadcrumb\",\"itemListElement\":[{\"@type\":\"ListItem\",\"position\":1,\"name\":\"Stellenanzeigen\",\"item\":\"https:\/\/apgsolutions.com\/de\/job-positions\/\"},{\"@type\":\"ListItem\",\"position\":2,\"name\":\"Offene Stellen in Newhaven (UK)\"}]},{\"@type\":\"WebSite\",\"@id\":\"https:\/\/apgsolutions.com\/de\/#website\",\"url\":\"https:\/\/apgsolutions.com\/de\/\",\"name\":\"APG Solutions, LLC\",\"description\":\"Trust at every point.\",\"publisher\":{\"@id\":\"https:\/\/apgsolutions.com\/de\/#organization\"},\"potentialAction\":[{\"@type\":\"SearchAction\",\"target\":{\"@type\":\"EntryPoint\",\"urlTemplate\":\"https:\/\/apgsolutions.com\/de\/?s={search_term_string}\"},\"query-input\":{\"@type\":\"PropertyValueSpecification\",\"valueRequired\":true,\"valueName\":\"search_term_string\"}}],\"inLanguage\":\"de\"},{\"@type\":\"Organization\",\"@id\":\"https:\/\/apgsolutions.com\/de\/#organization\",\"name\":\"APG Solution, LLC\",\"url\":\"https:\/\/apgsolutions.com\/de\/\",\"logo\":{\"@type\":\"ImageObject\",\"inLanguage\":\"de\",\"@id\":\"https:\/\/apgsolutions.com\/de\/#\/schema\/logo\/image\/\",\"url\":\"https:\/\/apgsolutions.com\/wp-content\/uploads\/2023\/12\/logomark-color.svg\",\"contentUrl\":\"https:\/\/apgsolutions.com\/wp-content\/uploads\/2023\/12\/logomark-color.svg\",\"width\":141,\"height\":138,\"caption\":\"APG Solution, LLC\"},\"image\":{\"@id\":\"https:\/\/apgsolutions.com\/de\/#\/schema\/logo\/image\/\"},\"sameAs\":[\"https:\/\/www.facebook.com\/apgglobalsolutions\",\"https:\/\/x.com\/apg_solutions\",\"https:\/\/www.youtube.com\/c\/CashManagementGlobalSolutionsbyapg\",\"https:\/\/www.linkedin.com\/company\/apgglobalsolutions\/\",\"https:\/\/www.instagram.com\/apgglobalsolutions\/\",\"https:\/\/www.pinterest.com\/apgcashdrawer\/\"]}]}<\/script>\n<!-- \/ Yoast SEO Premium plugin. -->","yoast_head_json":{"title":"Offene Stellen in Newhaven (UK)","description":"Pr\u00fcfen Sie die aktuellen Stellenangebote in Newhaven, UK bei APG. M\u00f6glichkeiten in den Bereichen Produktdesign und Cash Management Technologie.","robots":{"index":"index","follow":"follow","max-snippet":"max-snippet:-1","max-image-preview":"max-image-preview:large","max-video-preview":"max-video-preview:-1"},"canonical":"https:\/\/apgsolutions.com\/de\/job-positions\/open-newhaven-uk-positions\/","og_locale":"de_DE","og_type":"article","og_title":"Offene Stellen in Newhaven (UK)","og_description":"Pr\u00fcfen Sie die aktuellen Stellenangebote in Newhaven, UK bei APG. M\u00f6glichkeiten in den Bereichen Produktdesign und Cash Management Technologie.","og_url":"https:\/\/apgsolutions.com\/de\/job-positions\/open-newhaven-uk-positions\/","og_site_name":"apg\u00ae Solutions","article_publisher":"https:\/\/www.facebook.com\/apgglobalsolutions","article_modified_time":"2026-01-22T14:43:07+00:00","twitter_card":"summary_large_image","twitter_site":"@apg_solutions","twitter_misc":{"Gesch\u00e4tzte Lesezeit":"2\u00a0Minuten"},"schema":{"@context":"https:\/\/schema.org","@graph":[{"@type":"WebPage","@id":"https:\/\/apgsolutions.com\/de\/job-positions\/open-newhaven-uk-positions\/","url":"https:\/\/apgsolutions.com\/de\/job-positions\/open-newhaven-uk-positions\/","name":"Offene Stellen in Newhaven (UK)","isPartOf":{"@id":"https:\/\/apgsolutions.com\/de\/#website"},"datePublished":"2025-10-14T09:22:44+00:00","dateModified":"2026-01-22T14:43:07+00:00","description":"Pr\u00fcfen Sie die aktuellen Stellenangebote in Newhaven, UK bei APG. M\u00f6glichkeiten in den Bereichen Produktdesign und Cash Management Technologie.","breadcrumb":{"@id":"https:\/\/apgsolutions.com\/de\/job-positions\/open-newhaven-uk-positions\/#breadcrumb"},"inLanguage":"de","potentialAction":[{"@type":"ReadAction","target":["https:\/\/apgsolutions.com\/de\/job-positions\/open-newhaven-uk-positions\/"]}]},{"@type":"BreadcrumbList","@id":"https:\/\/apgsolutions.com\/de\/job-positions\/open-newhaven-uk-positions\/#breadcrumb","itemListElement":[{"@type":"ListItem","position":1,"name":"Stellenanzeigen","item":"https:\/\/apgsolutions.com\/de\/job-positions\/"},{"@type":"ListItem","position":2,"name":"Offene Stellen in Newhaven (UK)"}]},{"@type":"WebSite","@id":"https:\/\/apgsolutions.com\/de\/#website","url":"https:\/\/apgsolutions.com\/de\/","name":"APG Solutions, LLC","description":"Trust at every point.","publisher":{"@id":"https:\/\/apgsolutions.com\/de\/#organization"},"potentialAction":[{"@type":"SearchAction","target":{"@type":"EntryPoint","urlTemplate":"https:\/\/apgsolutions.com\/de\/?s={search_term_string}"},"query-input":{"@type":"PropertyValueSpecification","valueRequired":true,"valueName":"search_term_string"}}],"inLanguage":"de"},{"@type":"Organization","@id":"https:\/\/apgsolutions.com\/de\/#organization","name":"APG Solution, LLC","url":"https:\/\/apgsolutions.com\/de\/","logo":{"@type":"ImageObject","inLanguage":"de","@id":"https:\/\/apgsolutions.com\/de\/#\/schema\/logo\/image\/","url":"https:\/\/apgsolutions.com\/wp-content\/uploads\/2023\/12\/logomark-color.svg","contentUrl":"https:\/\/apgsolutions.com\/wp-content\/uploads\/2023\/12\/logomark-color.svg","width":141,"height":138,"caption":"APG Solution, LLC"},"image":{"@id":"https:\/\/apgsolutions.com\/de\/#\/schema\/logo\/image\/"},"sameAs":["https:\/\/www.facebook.com\/apgglobalsolutions","https:\/\/x.com\/apg_solutions","https:\/\/www.youtube.com\/c\/CashManagementGlobalSolutionsbyapg","https:\/\/www.linkedin.com\/company\/apgglobalsolutions\/","https:\/\/www.instagram.com\/apgglobalsolutions\/","https:\/\/www.pinterest.com\/apgcashdrawer\/"]}]}},"acf":[],"_links":{"self":[{"href":"https:\/\/apgsolutions.com\/de\/wp-json\/wp\/v2\/pages\/95099","targetHints":{"allow":["GET"]}}],"collection":[{"href":"https:\/\/apgsolutions.com\/de\/wp-json\/wp\/v2\/pages"}],"about":[{"href":"https:\/\/apgsolutions.com\/de\/wp-json\/wp\/v2\/types\/page"}],"author":[{"embeddable":true,"href":"https:\/\/apgsolutions.com\/de\/wp-json\/wp\/v2\/users\/4"}],"replies":[{"embeddable":true,"href":"https:\/\/apgsolutions.com\/de\/wp-json\/wp\/v2\/comments?post=95099"}],"version-history":[{"count":3,"href":"https:\/\/apgsolutions.com\/de\/wp-json\/wp\/v2\/pages\/95099\/revisions"}],"predecessor-version":[{"id":95632,"href":"https:\/\/apgsolutions.com\/de\/wp-json\/wp\/v2\/pages\/95099\/revisions\/95632"}],"up":[{"embeddable":true,"href":"https:\/\/apgsolutions.com\/de\/wp-json\/wp\/v2\/pages\/95083"}],"wp:attachment":[{"href":"https:\/\/apgsolutions.com\/de\/wp-json\/wp\/v2\/media?parent=95099"}],"curies":[{"name":"wp","href":"https:\/\/api.w.org\/{rel}","templated":true}]}}