{"id":95115,"date":"2025-10-14T09:25:06","date_gmt":"2025-10-14T09:25:06","guid":{"rendered":"https:\/\/apgsolutions.com\/job-positions\/open-saint-germain-en-laye-positions\/"},"modified":"2026-01-22T14:42:45","modified_gmt":"2026-01-22T14:42:45","slug":"open-saint-germain-en-laye-positions","status":"publish","type":"page","link":"https:\/\/apgsolutions.com\/de\/job-positions\/open-saint-germain-en-laye-positions\/","title":{"rendered":"Offene Saint Germain en Laye Positionen"},"content":{"rendered":"\n<h1 class=\"wp-block-heading\" id=\"h-open-saint-germain-en-laye-positions\">Offene Saint Germain en Laye Positionen<\/h1>\n\n<h2 class=\"wp-block-heading\" id=\"h-branch-office-administrator-h-f\">Sachbearbeiter Niederlassung H\/F<\/h2>\n\n<p>apg ist ein Hersteller von Kassenautomaten und Cash-Management-L\u00f6sungen, der auf seinem Markt f\u00fchrend ist. Wir suchen f\u00fcr unser franz\u00f6sisches B\u00fcro, das f\u00fcr die M\u00e4rkte Frankreich, Benelux und Italien zust\u00e4ndig ist, einen\/eine Branch Office Administrator auf Zeit. <\/p>\n\n<h3 class=\"wp-block-heading\" id=\"h-salaire\">Salaire :  <\/h3>\n\n<p>Kein Kommuniqu\u00e9<\/p>\n\n<h3 class=\"wp-block-heading\" id=\"h-type-de-contrat\">Typ De Contrat :<\/h3>\n\n<p>Temps Partiel \u00e0 d\u00e9finir<\/p>\n\n<h3 class=\"wp-block-heading\" id=\"h-adresse\">Adresse:  <\/h3>\n\n<p>Saint-Germain en Laye, Ile de France<\/p>\n\n<h3 class=\"wp-block-heading\" id=\"h-vos-missions-sont\">Ihre Missionen sind:<\/h3>\n\n<ul class=\"wp-block-list\">\n<li>F\u00fchren Sie die Client-Befehle unter Verwendung der daf\u00fcr vorgesehenen Logik aus und beachten Sie dabei die internen Verfahren.\n<ul class=\"wp-block-list\">\n<li>Renseigner les clients (tel. Email) en fonction de leurs demandes, assurer le relais entre les clients et les commerciaux.<\/li>\n\n\n\n<li>Erstellen Sie die Auftragsvorbereitungen, die Sie durchf\u00fchren m\u00f6chten, und stellen Sie die besten Angebote bereit. F\u00fchren Sie die Lagerbest\u00e4nde in Frankreich und arbeiten Sie mit den anderen B\u00fcros zusammen. <\/li>\n<\/ul>\n<\/li>\n\n\n\n<li>Verwaltung von Reparaturen und RMA in Verbindung mit dem technischen Service\n<ul class=\"wp-block-list\">\n<li>Organisieren Sie die Abholung beim Kunden: Kontakt mit den Transporteuren und Abholung der Ware, Planung der Abholung.<\/li>\n\n\n\n<li>Verfolgen Sie die Zahlungen zur Unterst\u00fctzung des Service Facturation Anglais.<\/li>\n<\/ul>\n<\/li>\n\n\n\n<li>Erledigung der Kongresse, der Lieferungen, des Kurierdienstes und eines Teils des RH-Supports und der allgemeinen Dienste des franz\u00f6sischen B\u00fcros, 6 Personen<\/li>\n<\/ul>\n\n<h3 class=\"wp-block-heading\" id=\"h-profil-recherche\">Profil recherch\u00e9 :<\/h3>\n\n<p>Sie haben mindestens eine erste Erfahrung in einer \u00e4hnlichen Position und verf\u00fcgen \u00fcber eine Ausbildung im administrativen und\/oder kaufm\u00e4nnischen Bereich. Sie bringen Strenge und Organisation in Ihre Arbeit ein sowie eine gute Beziehungsf\u00e4higkeit und einen gro\u00dfen Sinn f\u00fcr den Dienst am Kunden. Sie sind fit im Umgang mit der Informatik und der ERP-Befehlsverwaltung. La ma\u00eetrise de l&#8217;anglais est indispensable et une deuxi\u00e8me langue est bienvenue. Sie arbeiten en bin\u00f4me in einem kleinen Team, in dem ein geselliger Geist herrscht.    <\/p>\n\n<p>Merci de nous envoyer votre lettre de motivation en anglais et votre CV \u00e0 <a href=\"mailto:ventes@apgsolutions.com\">ventes@apgsolutions.com.<\/a><\/p>\n\n<div class=\"wp-block-buttons is-layout-flex wp-block-buttons-is-layout-flex\"><\/div>\n<p><script charset=\"utf-8\" type=\"text\/javascript\" src=\"\/\/js.hsforms.net\/forms\/embed\/v2.js\"><\/script><br \/>\n<script>\n  hbspt.forms.create({\n    region: \"na1\",\n    portalId: \"3337275\",\n    formId: \"16245354-99a4-4dd2-9e9f-fa84d519082d\"\n  });\n<\/script><\/p>\n","protected":false},"excerpt":{"rendered":"<p>Offene Saint Germain en Laye Positionen Sachbearbeiter Niederlassung H\/F apg ist ein Hersteller von Kassenautomaten und Cash-Management-L\u00f6sungen, der auf seinem Markt f\u00fchrend ist. Wir suchen f\u00fcr unser franz\u00f6sisches B\u00fcro, das f\u00fcr die M\u00e4rkte Frankreich, Benelux und Italien zust\u00e4ndig ist, einen\/eine Branch Office Administrator auf Zeit. Salaire : Kein Kommuniqu\u00e9 Typ De Contrat : Temps Partiel [&hellip;]<\/p>\n","protected":false},"author":4,"featured_media":0,"parent":95083,"menu_order":0,"comment_status":"closed","ping_status":"closed","template":"","meta":{"_acf_changed":false,"content-type":"","footnotes":""},"class_list":["post-95115","page","type-page","status-publish"],"yoast_head":"<!-- This site is optimized with the Yoast SEO Premium plugin v23.5 (Yoast SEO v27.2) - https:\/\/yoast.com\/product\/yoast-seo-premium-wordpress\/ -->\n<title>Offene Saint Germain en Laye Positionen<\/title>\n<meta name=\"description\" content=\"Sehen Sie sich freie Stellen in Saint-Germain-en-Laye, Frankreich bei APG an. Informieren Sie sich \u00fcber Aufgaben im Bereich Cash Management.\" \/>\n<meta name=\"robots\" content=\"index, follow, max-snippet:-1, max-image-preview:large, max-video-preview:-1\" \/>\n<link rel=\"canonical\" href=\"https:\/\/apgsolutions.com\/de\/job-positions\/open-saint-germain-en-laye-positions\/\" \/>\n<meta property=\"og:locale\" content=\"de_DE\" \/>\n<meta property=\"og:type\" content=\"article\" \/>\n<meta property=\"og:title\" content=\"Offene Saint Germain en Laye Positionen\" \/>\n<meta property=\"og:description\" content=\"Sehen Sie sich freie Stellen in Saint-Germain-en-Laye, Frankreich bei APG an. Informieren Sie sich \u00fcber Aufgaben im Bereich Cash Management.\" \/>\n<meta property=\"og:url\" content=\"https:\/\/apgsolutions.com\/de\/job-positions\/open-saint-germain-en-laye-positions\/\" \/>\n<meta property=\"og:site_name\" content=\"apg\u00ae Solutions\" \/>\n<meta property=\"article:publisher\" content=\"https:\/\/www.facebook.com\/apgglobalsolutions\" \/>\n<meta property=\"article:modified_time\" content=\"2026-01-22T14:42:45+00:00\" \/>\n<meta name=\"twitter:card\" content=\"summary_large_image\" \/>\n<meta name=\"twitter:site\" content=\"@apg_solutions\" \/>\n<meta name=\"twitter:label1\" content=\"Gesch\u00e4tzte Lesezeit\" \/>\n\t<meta name=\"twitter:data1\" content=\"2\u00a0Minuten\" \/>\n<script type=\"application\/ld+json\" class=\"yoast-schema-graph\">{\"@context\":\"https:\/\/schema.org\",\"@graph\":[{\"@type\":\"WebPage\",\"@id\":\"https:\/\/apgsolutions.com\/de\/job-positions\/open-saint-germain-en-laye-positions\/\",\"url\":\"https:\/\/apgsolutions.com\/de\/job-positions\/open-saint-germain-en-laye-positions\/\",\"name\":\"Offene Saint Germain en Laye Positionen\",\"isPartOf\":{\"@id\":\"https:\/\/apgsolutions.com\/de\/#website\"},\"datePublished\":\"2025-10-14T09:25:06+00:00\",\"dateModified\":\"2026-01-22T14:42:45+00:00\",\"description\":\"Sehen Sie sich freie Stellen in Saint-Germain-en-Laye, Frankreich bei APG an. Informieren Sie sich \u00fcber Aufgaben im Bereich Cash Management.\",\"breadcrumb\":{\"@id\":\"https:\/\/apgsolutions.com\/de\/job-positions\/open-saint-germain-en-laye-positions\/#breadcrumb\"},\"inLanguage\":\"de\",\"potentialAction\":[{\"@type\":\"ReadAction\",\"target\":[\"https:\/\/apgsolutions.com\/de\/job-positions\/open-saint-germain-en-laye-positions\/\"]}]},{\"@type\":\"BreadcrumbList\",\"@id\":\"https:\/\/apgsolutions.com\/de\/job-positions\/open-saint-germain-en-laye-positions\/#breadcrumb\",\"itemListElement\":[{\"@type\":\"ListItem\",\"position\":1,\"name\":\"Stellenanzeigen\",\"item\":\"https:\/\/apgsolutions.com\/de\/job-positions\/\"},{\"@type\":\"ListItem\",\"position\":2,\"name\":\"Offene Saint Germain en Laye Positionen\"}]},{\"@type\":\"WebSite\",\"@id\":\"https:\/\/apgsolutions.com\/de\/#website\",\"url\":\"https:\/\/apgsolutions.com\/de\/\",\"name\":\"APG Solutions, LLC\",\"description\":\"Trust at every point.\",\"publisher\":{\"@id\":\"https:\/\/apgsolutions.com\/de\/#organization\"},\"potentialAction\":[{\"@type\":\"SearchAction\",\"target\":{\"@type\":\"EntryPoint\",\"urlTemplate\":\"https:\/\/apgsolutions.com\/de\/?s={search_term_string}\"},\"query-input\":{\"@type\":\"PropertyValueSpecification\",\"valueRequired\":true,\"valueName\":\"search_term_string\"}}],\"inLanguage\":\"de\"},{\"@type\":\"Organization\",\"@id\":\"https:\/\/apgsolutions.com\/de\/#organization\",\"name\":\"APG Solution, LLC\",\"url\":\"https:\/\/apgsolutions.com\/de\/\",\"logo\":{\"@type\":\"ImageObject\",\"inLanguage\":\"de\",\"@id\":\"https:\/\/apgsolutions.com\/de\/#\/schema\/logo\/image\/\",\"url\":\"https:\/\/apgsolutions.com\/wp-content\/uploads\/2023\/12\/logomark-color.svg\",\"contentUrl\":\"https:\/\/apgsolutions.com\/wp-content\/uploads\/2023\/12\/logomark-color.svg\",\"width\":141,\"height\":138,\"caption\":\"APG Solution, LLC\"},\"image\":{\"@id\":\"https:\/\/apgsolutions.com\/de\/#\/schema\/logo\/image\/\"},\"sameAs\":[\"https:\/\/www.facebook.com\/apgglobalsolutions\",\"https:\/\/x.com\/apg_solutions\",\"https:\/\/www.youtube.com\/c\/CashManagementGlobalSolutionsbyapg\",\"https:\/\/www.linkedin.com\/company\/apgglobalsolutions\/\",\"https:\/\/www.instagram.com\/apgglobalsolutions\/\",\"https:\/\/www.pinterest.com\/apgcashdrawer\/\"]}]}<\/script>\n<!-- \/ Yoast SEO Premium plugin. -->","yoast_head_json":{"title":"Offene Saint Germain en Laye Positionen","description":"Sehen Sie sich freie Stellen in Saint-Germain-en-Laye, Frankreich bei APG an. Informieren Sie sich \u00fcber Aufgaben im Bereich Cash Management.","robots":{"index":"index","follow":"follow","max-snippet":"max-snippet:-1","max-image-preview":"max-image-preview:large","max-video-preview":"max-video-preview:-1"},"canonical":"https:\/\/apgsolutions.com\/de\/job-positions\/open-saint-germain-en-laye-positions\/","og_locale":"de_DE","og_type":"article","og_title":"Offene Saint Germain en Laye Positionen","og_description":"Sehen Sie sich freie Stellen in Saint-Germain-en-Laye, Frankreich bei APG an. Informieren Sie sich \u00fcber Aufgaben im Bereich Cash Management.","og_url":"https:\/\/apgsolutions.com\/de\/job-positions\/open-saint-germain-en-laye-positions\/","og_site_name":"apg\u00ae Solutions","article_publisher":"https:\/\/www.facebook.com\/apgglobalsolutions","article_modified_time":"2026-01-22T14:42:45+00:00","twitter_card":"summary_large_image","twitter_site":"@apg_solutions","twitter_misc":{"Gesch\u00e4tzte Lesezeit":"2\u00a0Minuten"},"schema":{"@context":"https:\/\/schema.org","@graph":[{"@type":"WebPage","@id":"https:\/\/apgsolutions.com\/de\/job-positions\/open-saint-germain-en-laye-positions\/","url":"https:\/\/apgsolutions.com\/de\/job-positions\/open-saint-germain-en-laye-positions\/","name":"Offene Saint Germain en Laye Positionen","isPartOf":{"@id":"https:\/\/apgsolutions.com\/de\/#website"},"datePublished":"2025-10-14T09:25:06+00:00","dateModified":"2026-01-22T14:42:45+00:00","description":"Sehen Sie sich freie Stellen in Saint-Germain-en-Laye, Frankreich bei APG an. Informieren Sie sich \u00fcber Aufgaben im Bereich Cash Management.","breadcrumb":{"@id":"https:\/\/apgsolutions.com\/de\/job-positions\/open-saint-germain-en-laye-positions\/#breadcrumb"},"inLanguage":"de","potentialAction":[{"@type":"ReadAction","target":["https:\/\/apgsolutions.com\/de\/job-positions\/open-saint-germain-en-laye-positions\/"]}]},{"@type":"BreadcrumbList","@id":"https:\/\/apgsolutions.com\/de\/job-positions\/open-saint-germain-en-laye-positions\/#breadcrumb","itemListElement":[{"@type":"ListItem","position":1,"name":"Stellenanzeigen","item":"https:\/\/apgsolutions.com\/de\/job-positions\/"},{"@type":"ListItem","position":2,"name":"Offene Saint Germain en Laye Positionen"}]},{"@type":"WebSite","@id":"https:\/\/apgsolutions.com\/de\/#website","url":"https:\/\/apgsolutions.com\/de\/","name":"APG Solutions, LLC","description":"Trust at every point.","publisher":{"@id":"https:\/\/apgsolutions.com\/de\/#organization"},"potentialAction":[{"@type":"SearchAction","target":{"@type":"EntryPoint","urlTemplate":"https:\/\/apgsolutions.com\/de\/?s={search_term_string}"},"query-input":{"@type":"PropertyValueSpecification","valueRequired":true,"valueName":"search_term_string"}}],"inLanguage":"de"},{"@type":"Organization","@id":"https:\/\/apgsolutions.com\/de\/#organization","name":"APG Solution, LLC","url":"https:\/\/apgsolutions.com\/de\/","logo":{"@type":"ImageObject","inLanguage":"de","@id":"https:\/\/apgsolutions.com\/de\/#\/schema\/logo\/image\/","url":"https:\/\/apgsolutions.com\/wp-content\/uploads\/2023\/12\/logomark-color.svg","contentUrl":"https:\/\/apgsolutions.com\/wp-content\/uploads\/2023\/12\/logomark-color.svg","width":141,"height":138,"caption":"APG Solution, LLC"},"image":{"@id":"https:\/\/apgsolutions.com\/de\/#\/schema\/logo\/image\/"},"sameAs":["https:\/\/www.facebook.com\/apgglobalsolutions","https:\/\/x.com\/apg_solutions","https:\/\/www.youtube.com\/c\/CashManagementGlobalSolutionsbyapg","https:\/\/www.linkedin.com\/company\/apgglobalsolutions\/","https:\/\/www.instagram.com\/apgglobalsolutions\/","https:\/\/www.pinterest.com\/apgcashdrawer\/"]}]}},"acf":[],"_links":{"self":[{"href":"https:\/\/apgsolutions.com\/de\/wp-json\/wp\/v2\/pages\/95115","targetHints":{"allow":["GET"]}}],"collection":[{"href":"https:\/\/apgsolutions.com\/de\/wp-json\/wp\/v2\/pages"}],"about":[{"href":"https:\/\/apgsolutions.com\/de\/wp-json\/wp\/v2\/types\/page"}],"author":[{"embeddable":true,"href":"https:\/\/apgsolutions.com\/de\/wp-json\/wp\/v2\/users\/4"}],"replies":[{"embeddable":true,"href":"https:\/\/apgsolutions.com\/de\/wp-json\/wp\/v2\/comments?post=95115"}],"version-history":[{"count":3,"href":"https:\/\/apgsolutions.com\/de\/wp-json\/wp\/v2\/pages\/95115\/revisions"}],"predecessor-version":[{"id":98404,"href":"https:\/\/apgsolutions.com\/de\/wp-json\/wp\/v2\/pages\/95115\/revisions\/98404"}],"up":[{"embeddable":true,"href":"https:\/\/apgsolutions.com\/de\/wp-json\/wp\/v2\/pages\/95083"}],"wp:attachment":[{"href":"https:\/\/apgsolutions.com\/de\/wp-json\/wp\/v2\/media?parent=95115"}],"curies":[{"name":"wp","href":"https:\/\/api.w.org\/{rel}","templated":true}]}}