{"id":95644,"date":"2025-10-15T07:18:55","date_gmt":"2025-10-15T07:18:55","guid":{"rendered":"https:\/\/apgsolutions.com\/engagement-fuer-spitzenleistung\/supply-chain-environmental-responsibility-policy\/"},"modified":"2025-10-15T07:18:55","modified_gmt":"2025-10-15T07:18:55","slug":"supply-chain-environmental-responsibility-policy","status":"publish","type":"page","link":"https:\/\/apgsolutions.com\/de\/engagement-fuer-spitzenleistung\/supply-chain-environmental-responsibility-policy\/","title":{"rendered":"Richtlinie zur Umweltverantwortung in der Lieferkette"},"content":{"rendered":"<div class=\"section_page-header \">\n    <img decoding=\"async\" class=\"header-image\" src=\"https:\/\/apgsolutions.com\/wp-content\/uploads\/2023\/05\/Supply-chain.jpg\" alt=\"Supply-chain\" title=\"Supply-chain\">\n            <div class=\"header-content\">\n            <h1>Supply Chain Environmental Responsibility Policy<\/h1>\n        <\/div>\n    <\/div>\n<h2 class=\"wp-block-heading has-text-align-center has-large-font-size\" id=\"h-apg-cash-drawer-strives-to-be-a-steward-of-the-environment\">APG Cash Drawer ist bestrebt, die Umwelt zu schonen.<\/h2>\n\n<p>Wir haben die Verantwortung, die Umwelt, in der wir t\u00e4tig sind, zu pflegen und zu sch\u00fctzen. Wir sind fest entschlossen, unsere Umweltleistung in allen unseren Gesch\u00e4ftsbereichen zu verbessern und werden unsere Lieferanten, Gesch\u00e4ftspartner und Mitglieder der breiteren Gemeinschaft ermutigen, sich uns in diesem Bem\u00fchen anzuschlie\u00dfen. <\/p>\n\n<h2 class=\"wp-block-heading\"><strong>Die wichtigsten Auswirkungen in den Bereichen:<\/strong><\/h2>\n\n<ul class=\"wp-block-list\">\n<li>Energie-, Rohstoff- und Wasserverbrauch<\/li>\n\n\n\n<li>Abfallerzeugung<\/li>\n\n\n\n<li>Emissionen in Luft\/Wasser<\/li>\n\n\n\n<li>Transport<\/li>\n\n\n\n<li>Beschaffung<\/li>\n<\/ul>\n\n<h2 class=\"wp-block-heading\"><strong>APG Cash Drawer ist bestrebt:<\/strong><\/h2>\n\n<ul class=\"wp-block-list\">\n<li>Bewerten Sie unsere organisatorischen Aktivit\u00e4ten und identifizieren Sie Bereiche, in denen wir die Auswirkungen minimieren k\u00f6nnen.<\/li>\n\n\n\n<li>Minimieren Sie Abfall durch sorgf\u00e4ltige und effiziente Nutzung aller Materialien und Energie.<\/li>\n\n\n\n<li>Beschaffen Sie, wo immer m\u00f6glich, nachhaltige und ethisch einwandfrei hergestellte Produkte. Dazu geh\u00f6ren recycelte, FSC- oder umweltfreundliche Produkte, Komponenten mit konfliktfreien Mineralien und Energie aus erneuerbaren Quellen. <\/li>\n\n\n\n<li>Schulen Sie Ihre Mitarbeiter in guten Umweltpraktiken und f\u00f6rdern Sie die Beteiligung der Mitarbeiter an Umweltaktionen.<\/li>\n\n\n\n<li>Risiken durch Umwelt-, Gesundheits- oder Sicherheitsrisiken f\u00fcr Mitarbeiter und andere Personen in der Umgebung unserer Betriebe zu reduzieren.<\/li>\n\n\n\n<li>Verabschieden Sie eine umweltvertr\u00e4gliche Verkehrsstrategie.<\/li>\n\n\n\n<li>Wir bewerten kontinuierlich die Auswirkungen unserer T\u00e4tigkeiten auf die Umwelt und optimieren diese so, dass sie so wenig wie m\u00f6glich beeintr\u00e4chtigt werden.<\/li>\n\n\n\n<li>Bestreben, \u00f6kologische und ethische Erw\u00e4gungen in Anlageentscheidungen einzubeziehen, wo dies angemessen ist.<\/li>\n\n\n\n<li>Helfen Sie bei der Entwicklung von L\u00f6sungen f\u00fcr Umweltprobleme.<\/li>\n\n\n\n<li>Ver\u00f6ffentlichen Sie unsere Umweltposition.<\/li>\n\n\n\n<li>Arbeiten Sie mit Lieferanten zusammen, die sich selbst um hohe Standards beim Umweltschutz bem\u00fchen.<\/li>\n\n\n\n<li>Sorgen Sie f\u00fcr die ordnungsgem\u00e4\u00dfe Entsorgung unserer Produkte am Ende ihrer Nutzungsdauer.<\/li>\n<\/ul>\n\n<h2 class=\"wp-block-heading\"><strong>Verordnung (EG) Nr. 1907\/2006, Artikel 33<\/strong><\/h2>\n\n<p>Einige der Produkte von APG enthalten Dodecamethylcyclohexasiloxan, Blei (Pb), Dibortrioxid und 1,3,5-Tris(oxiran-2-ylmethyl)-1,3,5-triazinan-2,4,6-trion (TGIC). Bitte kontaktieren Sie uns unter <a href=\"mailto:compliance@apgsolutions.com\">compliance@apgsolutions.com<\/a>, wenn Sie weitere Informationen zu bestimmten Produkten und Informationen zur sicheren Handhabung ben\u00f6tigen. <\/p>\n","protected":false},"excerpt":{"rendered":"<p>APG Cash Drawer ist bestrebt, die Umwelt zu schonen. Wir haben die Verantwortung, die Umwelt, in der wir t\u00e4tig sind, zu pflegen und zu sch\u00fctzen. Wir sind fest entschlossen, unsere Umweltleistung in allen unseren Gesch\u00e4ftsbereichen zu verbessern und werden unsere Lieferanten, Gesch\u00e4ftspartner und Mitglieder der breiteren Gemeinschaft ermutigen, sich uns in diesem Bem\u00fchen anzuschlie\u00dfen. Die [&hellip;]<\/p>\n","protected":false},"author":4,"featured_media":0,"parent":64495,"menu_order":0,"comment_status":"closed","ping_status":"closed","template":"","meta":{"_acf_changed":false,"content-type":"","footnotes":""},"class_list":["post-95644","page","type-page","status-publish"],"yoast_head":"<!-- This site is optimized with the Yoast SEO Premium plugin v23.5 (Yoast SEO v27.2) - https:\/\/yoast.com\/product\/yoast-seo-premium-wordpress\/ -->\n<title>Richtlinie zur Umweltverantwortung in der Lieferkette - APG Cash Drawer<\/title>\n<meta name=\"description\" content=\"APG Cash Drawer ist bestrebt, sich um die Umwelt zu k\u00fcmmern. Wir haben die Verantwortung, die Umwelt, in der wir arbeiten, zu pflegen und zu sch\u00fctzen. Wir sind fest entschlossen, unsere Umweltleistung zu verbessern.\" \/>\n<meta name=\"robots\" content=\"index, follow, max-snippet:-1, max-image-preview:large, max-video-preview:-1\" \/>\n<link rel=\"canonical\" href=\"https:\/\/apgsolutions.com\/de\/engagement-fuer-spitzenleistung\/supply-chain-environmental-responsibility-policy\/\" \/>\n<meta property=\"og:locale\" content=\"de_DE\" \/>\n<meta property=\"og:type\" content=\"article\" \/>\n<meta property=\"og:title\" content=\"Richtlinie zur Umweltverantwortung in der Lieferkette - APG Cash Drawer\" \/>\n<meta property=\"og:description\" content=\"APG Cash Drawer ist bestrebt, sich um die Umwelt zu k\u00fcmmern. Wir haben die Verantwortung, die Umwelt, in der wir arbeiten, zu pflegen und zu sch\u00fctzen. Wir sind fest entschlossen, unsere Umweltleistung zu verbessern.\" \/>\n<meta property=\"og:url\" content=\"https:\/\/apgsolutions.com\/de\/engagement-fuer-spitzenleistung\/supply-chain-environmental-responsibility-policy\/\" \/>\n<meta property=\"og:site_name\" content=\"apg\u00ae Solutions\" \/>\n<meta property=\"article:publisher\" content=\"https:\/\/www.facebook.com\/apgglobalsolutions\" \/>\n<meta name=\"twitter:card\" content=\"summary_large_image\" \/>\n<meta name=\"twitter:site\" content=\"@apg_solutions\" \/>\n<meta name=\"twitter:label1\" content=\"Gesch\u00e4tzte Lesezeit\" \/>\n\t<meta name=\"twitter:data1\" content=\"2\u00a0Minuten\" \/>\n<script type=\"application\/ld+json\" class=\"yoast-schema-graph\">{\"@context\":\"https:\/\/schema.org\",\"@graph\":[{\"@type\":\"WebPage\",\"@id\":\"https:\/\/apgsolutions.com\/de\/engagement-fuer-spitzenleistung\/supply-chain-environmental-responsibility-policy\/\",\"url\":\"https:\/\/apgsolutions.com\/de\/engagement-fuer-spitzenleistung\/supply-chain-environmental-responsibility-policy\/\",\"name\":\"Richtlinie zur Umweltverantwortung in der Lieferkette - APG Cash Drawer\",\"isPartOf\":{\"@id\":\"https:\/\/apgsolutions.com\/de\/#website\"},\"datePublished\":\"2025-10-15T07:18:55+00:00\",\"description\":\"APG Cash Drawer ist bestrebt, sich um die Umwelt zu k\u00fcmmern. Wir haben die Verantwortung, die Umwelt, in der wir arbeiten, zu pflegen und zu sch\u00fctzen. Wir sind fest entschlossen, unsere Umweltleistung zu verbessern.\",\"breadcrumb\":{\"@id\":\"https:\/\/apgsolutions.com\/de\/engagement-fuer-spitzenleistung\/supply-chain-environmental-responsibility-policy\/#breadcrumb\"},\"inLanguage\":\"de\",\"potentialAction\":[{\"@type\":\"ReadAction\",\"target\":[\"https:\/\/apgsolutions.com\/de\/engagement-fuer-spitzenleistung\/supply-chain-environmental-responsibility-policy\/\"]}]},{\"@type\":\"BreadcrumbList\",\"@id\":\"https:\/\/apgsolutions.com\/de\/engagement-fuer-spitzenleistung\/supply-chain-environmental-responsibility-policy\/#breadcrumb\",\"itemListElement\":[{\"@type\":\"ListItem\",\"position\":1,\"name\":\"Engagement f\u00fcr Spitzenleistung\",\"item\":\"https:\/\/apgsolutions.com\/de\/un-engagement-en-faveur-de-lexcellence\/\"},{\"@type\":\"ListItem\",\"position\":2,\"name\":\"Richtlinie zur Umweltverantwortung in der Lieferkette\"}]},{\"@type\":\"WebSite\",\"@id\":\"https:\/\/apgsolutions.com\/de\/#website\",\"url\":\"https:\/\/apgsolutions.com\/de\/\",\"name\":\"APG Solutions, LLC\",\"description\":\"Trust at every point.\",\"publisher\":{\"@id\":\"https:\/\/apgsolutions.com\/de\/#organization\"},\"potentialAction\":[{\"@type\":\"SearchAction\",\"target\":{\"@type\":\"EntryPoint\",\"urlTemplate\":\"https:\/\/apgsolutions.com\/de\/?s={search_term_string}\"},\"query-input\":{\"@type\":\"PropertyValueSpecification\",\"valueRequired\":true,\"valueName\":\"search_term_string\"}}],\"inLanguage\":\"de\"},{\"@type\":\"Organization\",\"@id\":\"https:\/\/apgsolutions.com\/de\/#organization\",\"name\":\"APG Solution, LLC\",\"url\":\"https:\/\/apgsolutions.com\/de\/\",\"logo\":{\"@type\":\"ImageObject\",\"inLanguage\":\"de\",\"@id\":\"https:\/\/apgsolutions.com\/de\/#\/schema\/logo\/image\/\",\"url\":\"https:\/\/apgsolutions.com\/wp-content\/uploads\/2023\/12\/logomark-color.svg\",\"contentUrl\":\"https:\/\/apgsolutions.com\/wp-content\/uploads\/2023\/12\/logomark-color.svg\",\"width\":141,\"height\":138,\"caption\":\"APG Solution, LLC\"},\"image\":{\"@id\":\"https:\/\/apgsolutions.com\/de\/#\/schema\/logo\/image\/\"},\"sameAs\":[\"https:\/\/www.facebook.com\/apgglobalsolutions\",\"https:\/\/x.com\/apg_solutions\",\"https:\/\/www.youtube.com\/c\/CashManagementGlobalSolutionsbyapg\",\"https:\/\/www.linkedin.com\/company\/apgglobalsolutions\/\",\"https:\/\/www.instagram.com\/apgglobalsolutions\/\",\"https:\/\/www.pinterest.com\/apgcashdrawer\/\"]}]}<\/script>\n<!-- \/ Yoast SEO Premium plugin. -->","yoast_head_json":{"title":"Richtlinie zur Umweltverantwortung in der Lieferkette - APG Cash Drawer","description":"APG Cash Drawer ist bestrebt, sich um die Umwelt zu k\u00fcmmern. Wir haben die Verantwortung, die Umwelt, in der wir arbeiten, zu pflegen und zu sch\u00fctzen. Wir sind fest entschlossen, unsere Umweltleistung zu verbessern.","robots":{"index":"index","follow":"follow","max-snippet":"max-snippet:-1","max-image-preview":"max-image-preview:large","max-video-preview":"max-video-preview:-1"},"canonical":"https:\/\/apgsolutions.com\/de\/engagement-fuer-spitzenleistung\/supply-chain-environmental-responsibility-policy\/","og_locale":"de_DE","og_type":"article","og_title":"Richtlinie zur Umweltverantwortung in der Lieferkette - APG Cash Drawer","og_description":"APG Cash Drawer ist bestrebt, sich um die Umwelt zu k\u00fcmmern. Wir haben die Verantwortung, die Umwelt, in der wir arbeiten, zu pflegen und zu sch\u00fctzen. Wir sind fest entschlossen, unsere Umweltleistung zu verbessern.","og_url":"https:\/\/apgsolutions.com\/de\/engagement-fuer-spitzenleistung\/supply-chain-environmental-responsibility-policy\/","og_site_name":"apg\u00ae Solutions","article_publisher":"https:\/\/www.facebook.com\/apgglobalsolutions","twitter_card":"summary_large_image","twitter_site":"@apg_solutions","twitter_misc":{"Gesch\u00e4tzte Lesezeit":"2\u00a0Minuten"},"schema":{"@context":"https:\/\/schema.org","@graph":[{"@type":"WebPage","@id":"https:\/\/apgsolutions.com\/de\/engagement-fuer-spitzenleistung\/supply-chain-environmental-responsibility-policy\/","url":"https:\/\/apgsolutions.com\/de\/engagement-fuer-spitzenleistung\/supply-chain-environmental-responsibility-policy\/","name":"Richtlinie zur Umweltverantwortung in der Lieferkette - APG Cash Drawer","isPartOf":{"@id":"https:\/\/apgsolutions.com\/de\/#website"},"datePublished":"2025-10-15T07:18:55+00:00","description":"APG Cash Drawer ist bestrebt, sich um die Umwelt zu k\u00fcmmern. Wir haben die Verantwortung, die Umwelt, in der wir arbeiten, zu pflegen und zu sch\u00fctzen. Wir sind fest entschlossen, unsere Umweltleistung zu verbessern.","breadcrumb":{"@id":"https:\/\/apgsolutions.com\/de\/engagement-fuer-spitzenleistung\/supply-chain-environmental-responsibility-policy\/#breadcrumb"},"inLanguage":"de","potentialAction":[{"@type":"ReadAction","target":["https:\/\/apgsolutions.com\/de\/engagement-fuer-spitzenleistung\/supply-chain-environmental-responsibility-policy\/"]}]},{"@type":"BreadcrumbList","@id":"https:\/\/apgsolutions.com\/de\/engagement-fuer-spitzenleistung\/supply-chain-environmental-responsibility-policy\/#breadcrumb","itemListElement":[{"@type":"ListItem","position":1,"name":"Engagement f\u00fcr Spitzenleistung","item":"https:\/\/apgsolutions.com\/de\/un-engagement-en-faveur-de-lexcellence\/"},{"@type":"ListItem","position":2,"name":"Richtlinie zur Umweltverantwortung in der Lieferkette"}]},{"@type":"WebSite","@id":"https:\/\/apgsolutions.com\/de\/#website","url":"https:\/\/apgsolutions.com\/de\/","name":"APG Solutions, LLC","description":"Trust at every point.","publisher":{"@id":"https:\/\/apgsolutions.com\/de\/#organization"},"potentialAction":[{"@type":"SearchAction","target":{"@type":"EntryPoint","urlTemplate":"https:\/\/apgsolutions.com\/de\/?s={search_term_string}"},"query-input":{"@type":"PropertyValueSpecification","valueRequired":true,"valueName":"search_term_string"}}],"inLanguage":"de"},{"@type":"Organization","@id":"https:\/\/apgsolutions.com\/de\/#organization","name":"APG Solution, LLC","url":"https:\/\/apgsolutions.com\/de\/","logo":{"@type":"ImageObject","inLanguage":"de","@id":"https:\/\/apgsolutions.com\/de\/#\/schema\/logo\/image\/","url":"https:\/\/apgsolutions.com\/wp-content\/uploads\/2023\/12\/logomark-color.svg","contentUrl":"https:\/\/apgsolutions.com\/wp-content\/uploads\/2023\/12\/logomark-color.svg","width":141,"height":138,"caption":"APG Solution, LLC"},"image":{"@id":"https:\/\/apgsolutions.com\/de\/#\/schema\/logo\/image\/"},"sameAs":["https:\/\/www.facebook.com\/apgglobalsolutions","https:\/\/x.com\/apg_solutions","https:\/\/www.youtube.com\/c\/CashManagementGlobalSolutionsbyapg","https:\/\/www.linkedin.com\/company\/apgglobalsolutions\/","https:\/\/www.instagram.com\/apgglobalsolutions\/","https:\/\/www.pinterest.com\/apgcashdrawer\/"]}]}},"acf":[],"_links":{"self":[{"href":"https:\/\/apgsolutions.com\/de\/wp-json\/wp\/v2\/pages\/95644","targetHints":{"allow":["GET"]}}],"collection":[{"href":"https:\/\/apgsolutions.com\/de\/wp-json\/wp\/v2\/pages"}],"about":[{"href":"https:\/\/apgsolutions.com\/de\/wp-json\/wp\/v2\/types\/page"}],"author":[{"embeddable":true,"href":"https:\/\/apgsolutions.com\/de\/wp-json\/wp\/v2\/users\/4"}],"replies":[{"embeddable":true,"href":"https:\/\/apgsolutions.com\/de\/wp-json\/wp\/v2\/comments?post=95644"}],"version-history":[{"count":1,"href":"https:\/\/apgsolutions.com\/de\/wp-json\/wp\/v2\/pages\/95644\/revisions"}],"predecessor-version":[{"id":95645,"href":"https:\/\/apgsolutions.com\/de\/wp-json\/wp\/v2\/pages\/95644\/revisions\/95645"}],"up":[{"embeddable":true,"href":"https:\/\/apgsolutions.com\/de\/wp-json\/wp\/v2\/pages\/64495"}],"wp:attachment":[{"href":"https:\/\/apgsolutions.com\/de\/wp-json\/wp\/v2\/media?parent=95644"}],"curies":[{"name":"wp","href":"https:\/\/api.w.org\/{rel}","templated":true}]}}