{"id":98388,"date":"2026-01-22T14:42:23","date_gmt":"2026-01-22T14:42:23","guid":{"rendered":"https:\/\/apgsolutions.com\/cash-management-solutions-white-paper-download\/"},"modified":"2026-01-22T14:42:23","modified_gmt":"2026-01-22T14:42:23","slug":"cash-management-solutions-white-paper-download","status":"publish","type":"page","link":"https:\/\/apgsolutions.com\/de\/cash-management-solutions-white-paper-download\/","title":{"rendered":"Cash Management L\u00f6sungen White Paper Download"},"content":{"rendered":"\n<h1 class=\"wp-block-heading has-text-align-center\" id=\"h-cash-management-solutions\">Cash-Management-L\u00f6sungen<\/h1>\n\n<p>Wenn Sie glauben, dass Kredit- und Debitkarten das Bargeld bei Transaktionen im Einzelhandel verdr\u00e4ngen werden, dann irren Sie sich. Bis zu 40 Prozent der Transaktionen insgesamt und bis zu zwei Drittel der Eink\u00e4ufe unter 10 Dollar entfallen auf gesetzliche Zahlungsmittel. Unternehmen brauchen effektive, erschwingliche Cash-Management-L\u00f6sungen. Da sich die POS-Technologie von schweren, komplexen Ger\u00e4ten zu leichteren, mobilen L\u00f6sungen entwickelt, brauchen H\u00e4ndler M\u00f6glichkeiten, um auf dem Laufenden zu bleiben. Intelligente Bargeldmanagement-L\u00f6sungen mit intelligenten Tresoren, Bargeld-Recyclern und wiegegest\u00fctzten Banknotenz\u00e4hlern helfen den Kunden, die Herausforderungen des Bargeldmanagements zu meistern und erm\u00f6glichen es den H\u00e4ndlern, ihre Rolle als vertrauensw\u00fcrdige IT-Berater zu festigen.    <\/p>\n\n<h2 class=\"wp-block-heading\" id=\"h-english\">Englisch<\/h2>\n\n<p><a href=\"\/wp-content\/uploads\/2023\/05\/APG-White-Paper-Cash-Mgmt_FINAL-2.pdf\">Cash Management L\u00f6sungen: Die aufkommende Chance f\u00fcr POS-H\u00e4ndler<\/a><br\/><a href=\"https:\/\/apgsolutions.com\/wp-content\/uploads\/2023\/05\/APG-White-Paper-Cash-Mgmt_FINAL-2.pdf\">Cash Management L\u00f6sungen: Integration von Cash Recycling in POS-Systeme<\/a><br\/><a href=\"https:\/\/apgsolutions.com\/wp-content\/uploads\/2023\/05\/APG-White-Paper-Cash-Mgmt-3.pdf\">Cash Management-L\u00f6sungen: Mehrwert durch intelligente End-to-End-Cash-Recycling-Technologie<\/a><\/p>\n\n<h2 class=\"wp-block-heading\" id=\"h-francais\">Franz\u00f6sisch<\/h2>\n\n<p>Wenn Sie der Meinung sind, dass die Kredit- und Debitkarten die Zahlungen f\u00fcr Verkaufstransaktionen verdr\u00e4ngen werden, dann t\u00e4uschen Sie sich. Das Kleingeld macht etwa 40 Prozent der weltweiten Transaktionen aus und liegt bei etwa zwei Dritteln der Eink\u00e4ufe unter 10 $. Obwohl elektronische Zahlungen und Kreditkarten oft als Zukunftstransaktionen bezeichnet wurden, ist die Gesellschaft ohne Zahlen noch nicht so weit, den Tag zu erleben.  <\/p>\n\n<p><a href=\"\/wp-content\/uploads\/2023\/05\/APG-White-Paper-Cash-Mgmt-FR-2-Integrating-Cash-Recycling.pdf\">SOLUTIONS DE GESTION DES PAIEMENTS COMPTANT : Eine neue Chance f\u00fcr die Anbieter von POS<\/a><br\/><a href=\"https:\/\/apgsolutions.com\/wp-content\/uploads\/2023\/05\/FR-3-APG-WhitePaper-Cash-Mgmt-BLUE-FR-Intergating-cash-recycling-into-POS-systems.pdf\">L\u00d6SUNGEN F\u00dcR DIE VERWALTUNG VON TIERARTEN : Integration des Artenrecyclings in POS-Systeme<\/a><\/p>\n\n<h2 class=\"wp-block-heading\" id=\"h-deutsch\">Deutsch<\/h2>\n\n<p>Wenn Sie der Meinung sind, dass Kredit- und Debitkarten die Zahlung mit Bargeld f\u00fcr Einzelhandelsgesch\u00e4fte schon bald verdr\u00e4ngen werden, denken Sie noch einmal dar\u00fcber nach. Gesetzliche Zahlungsmittel machen bis zu 40 Prozent der Transaktionen insgesamt und bis zu zwei Drittel der Eink\u00e4ufe unter 10 $ aus. W\u00e4hrend Plastikkarten und elektronische Zahlungen oft als W\u00e4hrung der Zukunft bezeichnet wurden, ist die oft prophezeite bargeldlose Gesellschaft nirgends in Sicht.  <\/p>\n\n<p><a href=\"\/wp-content\/uploads\/2023\/05\/DE-APG-White-Paper-Cash-Mgmt-BLUE-DE.pdf\">CASH MANAGEMENT-L\u00d6SUNGEN: Die aufkommende Gelegenheit f\u00fcr POS-H\u00e4ndler<\/a><br\/><a href=\"https:\/\/apgsolutions.com\/wp-content\/uploads\/2023\/05\/APG-White-Paper-Cash-Mgmt-2-Integrating-Cash-Recycling-DE.pdf\">CASH MANAGEMENT-L\u00d6SUNGEN: Cash Recycling in POS-Systeme integrieren<\/a><br\/><a href=\"https:\/\/apgsolutions.com\/wp-content\/uploads\/2023\/05\/APG-White-Paper-Cash-Mgmt-3-Adding-Value-DE.pdf\">CASH MANAGEMENT-L\u00d6SUNGEN: Mehrwert durch ganzheitliche Cash Recycling-Technologie<\/a><\/p>\n\n<p><\/p>\n","protected":false},"excerpt":{"rendered":"<p>Cash-Management-L\u00f6sungen Wenn Sie glauben, dass Kredit- und Debitkarten das Bargeld bei Transaktionen im Einzelhandel verdr\u00e4ngen werden, dann irren Sie sich. Bis zu 40 Prozent der Transaktionen insgesamt und bis zu zwei Drittel der Eink\u00e4ufe unter 10 Dollar entfallen auf gesetzliche Zahlungsmittel. Unternehmen brauchen effektive, erschwingliche Cash-Management-L\u00f6sungen. Da sich die POS-Technologie von schweren, komplexen Ger\u00e4ten zu [&hellip;]<\/p>\n","protected":false},"author":4,"featured_media":0,"parent":0,"menu_order":0,"comment_status":"closed","ping_status":"closed","template":"","meta":{"_acf_changed":false,"content-type":"","footnotes":""},"class_list":["post-98388","page","type-page","status-publish"],"yoast_head":"<!-- This site is optimized with the Yoast SEO Premium plugin v23.5 (Yoast SEO v27.2) - https:\/\/yoast.com\/product\/yoast-seo-premium-wordpress\/ -->\n<title>Cash Management L\u00f6sungen White Paper Download<\/title>\n<meta name=\"description\" content=\"Laden Sie Ressourcen zu Bargeldmanagement-L\u00f6sungen herunter. Erfahren Sie mehr \u00fcber intelligente Tools f\u00fcr Effizienz und Sicherheit im Einzelhandel.\" \/>\n<meta name=\"robots\" content=\"index, follow, max-snippet:-1, max-image-preview:large, max-video-preview:-1\" \/>\n<link rel=\"canonical\" href=\"https:\/\/apgsolutions.com\/de\/cash-management-solutions-white-paper-download\/\" \/>\n<meta property=\"og:locale\" content=\"de_DE\" \/>\n<meta property=\"og:type\" content=\"article\" \/>\n<meta property=\"og:title\" content=\"Cash Management L\u00f6sungen White Paper Download\" \/>\n<meta property=\"og:description\" content=\"Laden Sie Ressourcen zu Bargeldmanagement-L\u00f6sungen herunter. Erfahren Sie mehr \u00fcber intelligente Tools f\u00fcr Effizienz und Sicherheit im Einzelhandel.\" \/>\n<meta property=\"og:url\" content=\"https:\/\/apgsolutions.com\/de\/cash-management-solutions-white-paper-download\/\" \/>\n<meta property=\"og:site_name\" content=\"apg\u00ae Solutions\" \/>\n<meta property=\"article:publisher\" content=\"https:\/\/www.facebook.com\/apgglobalsolutions\" \/>\n<meta name=\"twitter:card\" content=\"summary_large_image\" \/>\n<meta name=\"twitter:site\" content=\"@apg_solutions\" \/>\n<meta name=\"twitter:label1\" content=\"Gesch\u00e4tzte Lesezeit\" \/>\n\t<meta name=\"twitter:data1\" content=\"2\u00a0Minuten\" \/>\n<script type=\"application\/ld+json\" class=\"yoast-schema-graph\">{\"@context\":\"https:\/\/schema.org\",\"@graph\":[{\"@type\":\"WebPage\",\"@id\":\"https:\/\/apgsolutions.com\/de\/cash-management-solutions-white-paper-download\/\",\"url\":\"https:\/\/apgsolutions.com\/de\/cash-management-solutions-white-paper-download\/\",\"name\":\"Cash Management L\u00f6sungen White Paper Download\",\"isPartOf\":{\"@id\":\"https:\/\/apgsolutions.com\/de\/#website\"},\"datePublished\":\"2026-01-22T14:42:23+00:00\",\"description\":\"Laden Sie Ressourcen zu Bargeldmanagement-L\u00f6sungen herunter. Erfahren Sie mehr \u00fcber intelligente Tools f\u00fcr Effizienz und Sicherheit im Einzelhandel.\",\"inLanguage\":\"de\",\"potentialAction\":[{\"@type\":\"ReadAction\",\"target\":[\"https:\/\/apgsolutions.com\/de\/cash-management-solutions-white-paper-download\/\"]}]},{\"@type\":\"WebSite\",\"@id\":\"https:\/\/apgsolutions.com\/de\/#website\",\"url\":\"https:\/\/apgsolutions.com\/de\/\",\"name\":\"APG Solutions, LLC\",\"description\":\"Trust at every point.\",\"publisher\":{\"@id\":\"https:\/\/apgsolutions.com\/de\/#organization\"},\"potentialAction\":[{\"@type\":\"SearchAction\",\"target\":{\"@type\":\"EntryPoint\",\"urlTemplate\":\"https:\/\/apgsolutions.com\/de\/?s={search_term_string}\"},\"query-input\":{\"@type\":\"PropertyValueSpecification\",\"valueRequired\":true,\"valueName\":\"search_term_string\"}}],\"inLanguage\":\"de\"},{\"@type\":\"Organization\",\"@id\":\"https:\/\/apgsolutions.com\/de\/#organization\",\"name\":\"APG Solution, LLC\",\"url\":\"https:\/\/apgsolutions.com\/de\/\",\"logo\":{\"@type\":\"ImageObject\",\"inLanguage\":\"de\",\"@id\":\"https:\/\/apgsolutions.com\/de\/#\/schema\/logo\/image\/\",\"url\":\"https:\/\/apgsolutions.com\/wp-content\/uploads\/2023\/12\/logomark-color.svg\",\"contentUrl\":\"https:\/\/apgsolutions.com\/wp-content\/uploads\/2023\/12\/logomark-color.svg\",\"width\":141,\"height\":138,\"caption\":\"APG Solution, LLC\"},\"image\":{\"@id\":\"https:\/\/apgsolutions.com\/de\/#\/schema\/logo\/image\/\"},\"sameAs\":[\"https:\/\/www.facebook.com\/apgglobalsolutions\",\"https:\/\/x.com\/apg_solutions\",\"https:\/\/www.youtube.com\/c\/CashManagementGlobalSolutionsbyapg\",\"https:\/\/www.linkedin.com\/company\/apgglobalsolutions\/\",\"https:\/\/www.instagram.com\/apgglobalsolutions\/\",\"https:\/\/www.pinterest.com\/apgcashdrawer\/\"]}]}<\/script>\n<!-- \/ Yoast SEO Premium plugin. -->","yoast_head_json":{"title":"Cash Management L\u00f6sungen White Paper Download","description":"Laden Sie Ressourcen zu Bargeldmanagement-L\u00f6sungen herunter. Erfahren Sie mehr \u00fcber intelligente Tools f\u00fcr Effizienz und Sicherheit im Einzelhandel.","robots":{"index":"index","follow":"follow","max-snippet":"max-snippet:-1","max-image-preview":"max-image-preview:large","max-video-preview":"max-video-preview:-1"},"canonical":"https:\/\/apgsolutions.com\/de\/cash-management-solutions-white-paper-download\/","og_locale":"de_DE","og_type":"article","og_title":"Cash Management L\u00f6sungen White Paper Download","og_description":"Laden Sie Ressourcen zu Bargeldmanagement-L\u00f6sungen herunter. Erfahren Sie mehr \u00fcber intelligente Tools f\u00fcr Effizienz und Sicherheit im Einzelhandel.","og_url":"https:\/\/apgsolutions.com\/de\/cash-management-solutions-white-paper-download\/","og_site_name":"apg\u00ae Solutions","article_publisher":"https:\/\/www.facebook.com\/apgglobalsolutions","twitter_card":"summary_large_image","twitter_site":"@apg_solutions","twitter_misc":{"Gesch\u00e4tzte Lesezeit":"2\u00a0Minuten"},"schema":{"@context":"https:\/\/schema.org","@graph":[{"@type":"WebPage","@id":"https:\/\/apgsolutions.com\/de\/cash-management-solutions-white-paper-download\/","url":"https:\/\/apgsolutions.com\/de\/cash-management-solutions-white-paper-download\/","name":"Cash Management L\u00f6sungen White Paper Download","isPartOf":{"@id":"https:\/\/apgsolutions.com\/de\/#website"},"datePublished":"2026-01-22T14:42:23+00:00","description":"Laden Sie Ressourcen zu Bargeldmanagement-L\u00f6sungen herunter. Erfahren Sie mehr \u00fcber intelligente Tools f\u00fcr Effizienz und Sicherheit im Einzelhandel.","inLanguage":"de","potentialAction":[{"@type":"ReadAction","target":["https:\/\/apgsolutions.com\/de\/cash-management-solutions-white-paper-download\/"]}]},{"@type":"WebSite","@id":"https:\/\/apgsolutions.com\/de\/#website","url":"https:\/\/apgsolutions.com\/de\/","name":"APG Solutions, LLC","description":"Trust at every point.","publisher":{"@id":"https:\/\/apgsolutions.com\/de\/#organization"},"potentialAction":[{"@type":"SearchAction","target":{"@type":"EntryPoint","urlTemplate":"https:\/\/apgsolutions.com\/de\/?s={search_term_string}"},"query-input":{"@type":"PropertyValueSpecification","valueRequired":true,"valueName":"search_term_string"}}],"inLanguage":"de"},{"@type":"Organization","@id":"https:\/\/apgsolutions.com\/de\/#organization","name":"APG Solution, LLC","url":"https:\/\/apgsolutions.com\/de\/","logo":{"@type":"ImageObject","inLanguage":"de","@id":"https:\/\/apgsolutions.com\/de\/#\/schema\/logo\/image\/","url":"https:\/\/apgsolutions.com\/wp-content\/uploads\/2023\/12\/logomark-color.svg","contentUrl":"https:\/\/apgsolutions.com\/wp-content\/uploads\/2023\/12\/logomark-color.svg","width":141,"height":138,"caption":"APG Solution, LLC"},"image":{"@id":"https:\/\/apgsolutions.com\/de\/#\/schema\/logo\/image\/"},"sameAs":["https:\/\/www.facebook.com\/apgglobalsolutions","https:\/\/x.com\/apg_solutions","https:\/\/www.youtube.com\/c\/CashManagementGlobalSolutionsbyapg","https:\/\/www.linkedin.com\/company\/apgglobalsolutions\/","https:\/\/www.instagram.com\/apgglobalsolutions\/","https:\/\/www.pinterest.com\/apgcashdrawer\/"]}]}},"acf":[],"_links":{"self":[{"href":"https:\/\/apgsolutions.com\/de\/wp-json\/wp\/v2\/pages\/98388","targetHints":{"allow":["GET"]}}],"collection":[{"href":"https:\/\/apgsolutions.com\/de\/wp-json\/wp\/v2\/pages"}],"about":[{"href":"https:\/\/apgsolutions.com\/de\/wp-json\/wp\/v2\/types\/page"}],"author":[{"embeddable":true,"href":"https:\/\/apgsolutions.com\/de\/wp-json\/wp\/v2\/users\/4"}],"replies":[{"embeddable":true,"href":"https:\/\/apgsolutions.com\/de\/wp-json\/wp\/v2\/comments?post=98388"}],"version-history":[{"count":1,"href":"https:\/\/apgsolutions.com\/de\/wp-json\/wp\/v2\/pages\/98388\/revisions"}],"predecessor-version":[{"id":98389,"href":"https:\/\/apgsolutions.com\/de\/wp-json\/wp\/v2\/pages\/98388\/revisions\/98389"}],"wp:attachment":[{"href":"https:\/\/apgsolutions.com\/de\/wp-json\/wp\/v2\/media?parent=98388"}],"curies":[{"name":"wp","href":"https:\/\/api.w.org\/{rel}","templated":true}]}}