{"id":98392,"date":"2026-01-22T14:42:27","date_gmt":"2026-01-22T14:42:27","guid":{"rendered":"https:\/\/apgsolutions.com\/cash-transactions-mobile-world-download\/"},"modified":"2026-01-22T14:42:27","modified_gmt":"2026-01-22T14:42:27","slug":"cash-transactions-mobile-world-download","status":"publish","type":"page","link":"https:\/\/apgsolutions.com\/de\/cash-transactions-mobile-world-download\/","title":{"rendered":"Bargeldtransaktionen Mobile World Download"},"content":{"rendered":"<div class=\"section_page-header \">\n    <img decoding=\"async\" class=\"header-image\" src=\"https:\/\/apgsolutions.com\/wp-content\/uploads\/2023\/05\/GettyImages-184405133-1-1.jpg\" alt=\"GettyImages-184405133-1-1\" title=\"GettyImages-184405133-1-1\">\n            <div class=\"header-content\">\n            <h1>Cash Transactions Mobile World Download<\/h1>\n        <\/div>\n    <\/div>\n<h2 class=\"wp-block-heading has-text-align-center has-x-large-font-size\" id=\"h-cash-transactions-in-a-mobile-world-download\">Bargeldtransaktionen in einer mobilen Welt Download<\/h2>\n\n<p>Die Einf\u00fchrung von mPOS-Kassenl\u00f6sungen hat dazu gef\u00fchrt, dass Einzelh\u00e4ndler auf der ganzen Welt die Art und Weise \u00e4ndern, wie sie ihre Kunden abrechnen. Ob es sich um einen Thin Client, eine Cloud-basierte oder eine Bolt-on-L\u00f6sung f\u00fcr eine bestehende POS-Installation handelt, APG hat die Konnektivit\u00e4tsl\u00f6sung mit einer erweiterten Schnittstellen-Suite. Laden Sie unsere White Papers herunter, um mehr \u00fcber mobile Transaktionen und POS-L\u00f6sungen zu erfahren, die Ihr Gesch\u00e4ft im Jahr 2018 zum Erfolg f\u00fchren.  <\/p>\n\n<h2 class=\"wp-block-heading\" id=\"h-english\">Englisch<\/h2>\n\n<p><a href=\"\/wp-content\/uploads\/2023\/05\/APG_whitepaper_dealer.pdf\">Bargeldtransaktionen in einer mobilen Welt (H\u00e4ndlerversion)<\/a><br\/><a href=\"https:\/\/apgsolutions.com\/wp-content\/uploads\/2023\/05\/APG_whitepaper_ISV.pdf\">Bargeldtransaktionen in einer mobilen Welt (ISV Version)<\/a><br\/><a href=\"https:\/\/apgsolutions.com\/wp-content\/uploads\/2023\/05\/APG_whitepaper_technical.pdf\">Bargeldtransaktionen in einer mobilen Welt (Technische Version)<\/a><\/p>\n\n<p><\/p>\n\n<h2 class=\"wp-block-heading\" id=\"h-francais\">Franz\u00f6sisch<\/h2>\n\n<p>Die Einf\u00fchrung einer mPOS-L\u00f6sung f\u00fcr den Point of Sale ver\u00e4ndert die Art und Weise, wie Kunden abrechnen. Egal, ob es sich um einen kleineren, auf der Cloud basierenden Client handelt oder ob Sie eine bestehende POS-Installation mit einer Boulon-L\u00f6sung erg\u00e4nzen m\u00f6chten, APG hat die L\u00f6sung f\u00fcr die Anbindung mit einer umfangreichen Schnittstellensuite. T\u00e9l\u00e9chargez nos livres blancs pour en savoir plus sur les transactions mobiles et solutions de point de vente pour aider votre entreprise \u00e0 prosp\u00e9rer en 2018.  <\/p>\n\n<p><a href=\"\/wp-content\/uploads\/2023\/05\/APG_whitepaper_dealer-Fr1-French.pdf\">Op\u00e9rations De Caisse Dans Un Monde Mobile (Pointe Vue de concessionnaire: Vue d&#8217;ensemble)<\/a><br\/><a href=\"https:\/\/apgsolutions.com\/wp-content\/uploads\/2023\/05\/APG_whitepaper_ISV-French.pdf\">Op\u00e9rations De Caisse Dans Un Monde Mobile (\u00e9diteurs de Logiciels Ind\u00e9pendants: Vue D&#8217;ensemble)<\/a><br\/><a href=\"https:\/\/apgsolutions.com\/wp-content\/uploads\/2023\/05\/APG_whitepaper_technical-Fr-French.pdf\">Op\u00e9rations De Caisse Dans Un Monde Mobile (Vue D&#8217;ensemble Technique)<\/a><\/p>\n\n<p><\/p>\n\n<h2 class=\"wp-block-heading\" id=\"h-deutsch\">Deutsch<\/h2>\n\n<p>Die Einf\u00fchrung von mPOS Point of Sale-L\u00f6sungen hat Einzelh\u00e4ndlern auf der ganzen Welt zu ver\u00e4ndern, wie sie Check-out-Kunden. Ob es ein Thin Client, Cloud-basierte oder eine geschraubte L\u00f6sung zu einer bestehenden POS-Installation ist, hat die APG-Connectivity-L\u00f6sung mit einer erweiterten Schnittstelle Suite. Laden Sie unser Whitepaper, um mehr \u00fcber mobile Transaktionen und POS-L\u00f6sungen zu erfahren, um Ihr Gesch\u00e4ft im Jahr 2018 florieren zu lassen.  <\/p>\n\n<p><a href=\"\/wp-content\/uploads\/2023\/05\/APG_whitepaper_dealer-DE-German.pdf\">Cash-Transaktionen in einer mobilen Welt (H\u00e4ndler Version)<\/a><br\/><a href=\"https:\/\/apgsolutions.com\/wp-content\/uploads\/2023\/05\/APG_whitepaper_ISV-German.pdf\">Cash-Transaktionen in einer mobilen Welt (Eine H\u00e4ndler \u00dcbersicht)<\/a><br\/><a href=\"https:\/\/apgsolutions.com\/wp-content\/uploads\/2023\/05\/APG_whitepaper_technical-DE-German.pdf\">Cash-Transaktionen in einer mobilen Welt (Technischer Version)<\/a><\/p>\n\n<p><\/p>\n","protected":false},"excerpt":{"rendered":"<p>Bargeldtransaktionen in einer mobilen Welt Download Die Einf\u00fchrung von mPOS-Kassenl\u00f6sungen hat dazu gef\u00fchrt, dass Einzelh\u00e4ndler auf der ganzen Welt die Art und Weise \u00e4ndern, wie sie ihre Kunden abrechnen. Ob es sich um einen Thin Client, eine Cloud-basierte oder eine Bolt-on-L\u00f6sung f\u00fcr eine bestehende POS-Installation handelt, APG hat die Konnektivit\u00e4tsl\u00f6sung mit einer erweiterten Schnittstellen-Suite. Laden [&hellip;]<\/p>\n","protected":false},"author":4,"featured_media":0,"parent":0,"menu_order":0,"comment_status":"closed","ping_status":"closed","template":"","meta":{"_acf_changed":false,"content-type":"","footnotes":""},"class_list":["post-98392","page","type-page","status-publish"],"yoast_head":"<!-- This site is optimized with the Yoast SEO Premium plugin v23.5 (Yoast SEO v27.2) - https:\/\/yoast.com\/product\/yoast-seo-premium-wordpress\/ -->\n<title>Bargeldtransaktionen Mobile World Download<\/title>\n<meta name=\"description\" content=\"Erhalten Sie Einblicke in die Bargeldbearbeitung in mobilen POS-Umgebungen. Laden Sie Leitf\u00e4den f\u00fcr integrierte Einzelhandelsl\u00f6sungen herunter.\" \/>\n<meta name=\"robots\" content=\"index, follow, max-snippet:-1, max-image-preview:large, max-video-preview:-1\" \/>\n<link rel=\"canonical\" href=\"https:\/\/apgsolutions.com\/de\/cash-transactions-mobile-world-download\/\" \/>\n<meta property=\"og:locale\" content=\"de_DE\" \/>\n<meta property=\"og:type\" content=\"article\" \/>\n<meta property=\"og:title\" content=\"Bargeldtransaktionen Mobile World Download\" \/>\n<meta property=\"og:description\" content=\"Erhalten Sie Einblicke in die Bargeldbearbeitung in mobilen POS-Umgebungen. Laden Sie Leitf\u00e4den f\u00fcr integrierte Einzelhandelsl\u00f6sungen herunter.\" \/>\n<meta property=\"og:url\" content=\"https:\/\/apgsolutions.com\/de\/cash-transactions-mobile-world-download\/\" \/>\n<meta property=\"og:site_name\" content=\"apg\u00ae Solutions\" \/>\n<meta property=\"article:publisher\" content=\"https:\/\/www.facebook.com\/apgglobalsolutions\" \/>\n<meta name=\"twitter:card\" content=\"summary_large_image\" \/>\n<meta name=\"twitter:site\" content=\"@apg_solutions\" \/>\n<meta name=\"twitter:label1\" content=\"Gesch\u00e4tzte Lesezeit\" \/>\n\t<meta name=\"twitter:data1\" content=\"2\u00a0Minuten\" \/>\n<script type=\"application\/ld+json\" class=\"yoast-schema-graph\">{\"@context\":\"https:\/\/schema.org\",\"@graph\":[{\"@type\":\"WebPage\",\"@id\":\"https:\/\/apgsolutions.com\/de\/cash-transactions-mobile-world-download\/\",\"url\":\"https:\/\/apgsolutions.com\/de\/cash-transactions-mobile-world-download\/\",\"name\":\"Bargeldtransaktionen Mobile World Download\",\"isPartOf\":{\"@id\":\"https:\/\/apgsolutions.com\/de\/#website\"},\"datePublished\":\"2026-01-22T14:42:27+00:00\",\"description\":\"Erhalten Sie Einblicke in die Bargeldbearbeitung in mobilen POS-Umgebungen. Laden Sie Leitf\u00e4den f\u00fcr integrierte Einzelhandelsl\u00f6sungen herunter.\",\"inLanguage\":\"de\",\"potentialAction\":[{\"@type\":\"ReadAction\",\"target\":[\"https:\/\/apgsolutions.com\/de\/cash-transactions-mobile-world-download\/\"]}]},{\"@type\":\"WebSite\",\"@id\":\"https:\/\/apgsolutions.com\/de\/#website\",\"url\":\"https:\/\/apgsolutions.com\/de\/\",\"name\":\"APG Solutions, LLC\",\"description\":\"Trust at every point.\",\"publisher\":{\"@id\":\"https:\/\/apgsolutions.com\/de\/#organization\"},\"potentialAction\":[{\"@type\":\"SearchAction\",\"target\":{\"@type\":\"EntryPoint\",\"urlTemplate\":\"https:\/\/apgsolutions.com\/de\/?s={search_term_string}\"},\"query-input\":{\"@type\":\"PropertyValueSpecification\",\"valueRequired\":true,\"valueName\":\"search_term_string\"}}],\"inLanguage\":\"de\"},{\"@type\":\"Organization\",\"@id\":\"https:\/\/apgsolutions.com\/de\/#organization\",\"name\":\"APG Solution, LLC\",\"url\":\"https:\/\/apgsolutions.com\/de\/\",\"logo\":{\"@type\":\"ImageObject\",\"inLanguage\":\"de\",\"@id\":\"https:\/\/apgsolutions.com\/de\/#\/schema\/logo\/image\/\",\"url\":\"https:\/\/apgsolutions.com\/wp-content\/uploads\/2023\/12\/logomark-color.svg\",\"contentUrl\":\"https:\/\/apgsolutions.com\/wp-content\/uploads\/2023\/12\/logomark-color.svg\",\"width\":141,\"height\":138,\"caption\":\"APG Solution, LLC\"},\"image\":{\"@id\":\"https:\/\/apgsolutions.com\/de\/#\/schema\/logo\/image\/\"},\"sameAs\":[\"https:\/\/www.facebook.com\/apgglobalsolutions\",\"https:\/\/x.com\/apg_solutions\",\"https:\/\/www.youtube.com\/c\/CashManagementGlobalSolutionsbyapg\",\"https:\/\/www.linkedin.com\/company\/apgglobalsolutions\/\",\"https:\/\/www.instagram.com\/apgglobalsolutions\/\",\"https:\/\/www.pinterest.com\/apgcashdrawer\/\"]}]}<\/script>\n<!-- \/ Yoast SEO Premium plugin. -->","yoast_head_json":{"title":"Bargeldtransaktionen Mobile World Download","description":"Erhalten Sie Einblicke in die Bargeldbearbeitung in mobilen POS-Umgebungen. Laden Sie Leitf\u00e4den f\u00fcr integrierte Einzelhandelsl\u00f6sungen herunter.","robots":{"index":"index","follow":"follow","max-snippet":"max-snippet:-1","max-image-preview":"max-image-preview:large","max-video-preview":"max-video-preview:-1"},"canonical":"https:\/\/apgsolutions.com\/de\/cash-transactions-mobile-world-download\/","og_locale":"de_DE","og_type":"article","og_title":"Bargeldtransaktionen Mobile World Download","og_description":"Erhalten Sie Einblicke in die Bargeldbearbeitung in mobilen POS-Umgebungen. Laden Sie Leitf\u00e4den f\u00fcr integrierte Einzelhandelsl\u00f6sungen herunter.","og_url":"https:\/\/apgsolutions.com\/de\/cash-transactions-mobile-world-download\/","og_site_name":"apg\u00ae Solutions","article_publisher":"https:\/\/www.facebook.com\/apgglobalsolutions","twitter_card":"summary_large_image","twitter_site":"@apg_solutions","twitter_misc":{"Gesch\u00e4tzte Lesezeit":"2\u00a0Minuten"},"schema":{"@context":"https:\/\/schema.org","@graph":[{"@type":"WebPage","@id":"https:\/\/apgsolutions.com\/de\/cash-transactions-mobile-world-download\/","url":"https:\/\/apgsolutions.com\/de\/cash-transactions-mobile-world-download\/","name":"Bargeldtransaktionen Mobile World Download","isPartOf":{"@id":"https:\/\/apgsolutions.com\/de\/#website"},"datePublished":"2026-01-22T14:42:27+00:00","description":"Erhalten Sie Einblicke in die Bargeldbearbeitung in mobilen POS-Umgebungen. Laden Sie Leitf\u00e4den f\u00fcr integrierte Einzelhandelsl\u00f6sungen herunter.","inLanguage":"de","potentialAction":[{"@type":"ReadAction","target":["https:\/\/apgsolutions.com\/de\/cash-transactions-mobile-world-download\/"]}]},{"@type":"WebSite","@id":"https:\/\/apgsolutions.com\/de\/#website","url":"https:\/\/apgsolutions.com\/de\/","name":"APG Solutions, LLC","description":"Trust at every point.","publisher":{"@id":"https:\/\/apgsolutions.com\/de\/#organization"},"potentialAction":[{"@type":"SearchAction","target":{"@type":"EntryPoint","urlTemplate":"https:\/\/apgsolutions.com\/de\/?s={search_term_string}"},"query-input":{"@type":"PropertyValueSpecification","valueRequired":true,"valueName":"search_term_string"}}],"inLanguage":"de"},{"@type":"Organization","@id":"https:\/\/apgsolutions.com\/de\/#organization","name":"APG Solution, LLC","url":"https:\/\/apgsolutions.com\/de\/","logo":{"@type":"ImageObject","inLanguage":"de","@id":"https:\/\/apgsolutions.com\/de\/#\/schema\/logo\/image\/","url":"https:\/\/apgsolutions.com\/wp-content\/uploads\/2023\/12\/logomark-color.svg","contentUrl":"https:\/\/apgsolutions.com\/wp-content\/uploads\/2023\/12\/logomark-color.svg","width":141,"height":138,"caption":"APG Solution, LLC"},"image":{"@id":"https:\/\/apgsolutions.com\/de\/#\/schema\/logo\/image\/"},"sameAs":["https:\/\/www.facebook.com\/apgglobalsolutions","https:\/\/x.com\/apg_solutions","https:\/\/www.youtube.com\/c\/CashManagementGlobalSolutionsbyapg","https:\/\/www.linkedin.com\/company\/apgglobalsolutions\/","https:\/\/www.instagram.com\/apgglobalsolutions\/","https:\/\/www.pinterest.com\/apgcashdrawer\/"]}]}},"acf":[],"_links":{"self":[{"href":"https:\/\/apgsolutions.com\/de\/wp-json\/wp\/v2\/pages\/98392","targetHints":{"allow":["GET"]}}],"collection":[{"href":"https:\/\/apgsolutions.com\/de\/wp-json\/wp\/v2\/pages"}],"about":[{"href":"https:\/\/apgsolutions.com\/de\/wp-json\/wp\/v2\/types\/page"}],"author":[{"embeddable":true,"href":"https:\/\/apgsolutions.com\/de\/wp-json\/wp\/v2\/users\/4"}],"replies":[{"embeddable":true,"href":"https:\/\/apgsolutions.com\/de\/wp-json\/wp\/v2\/comments?post=98392"}],"version-history":[{"count":1,"href":"https:\/\/apgsolutions.com\/de\/wp-json\/wp\/v2\/pages\/98392\/revisions"}],"predecessor-version":[{"id":98393,"href":"https:\/\/apgsolutions.com\/de\/wp-json\/wp\/v2\/pages\/98392\/revisions\/98393"}],"wp:attachment":[{"href":"https:\/\/apgsolutions.com\/de\/wp-json\/wp\/v2\/media?parent=98392"}],"curies":[{"name":"wp","href":"https:\/\/api.w.org\/{rel}","templated":true}]}}