{"id":98695,"date":"2026-01-22T17:02:45","date_gmt":"2026-01-22T17:02:45","guid":{"rendered":"https:\/\/apgsolutions.com\/smarttill-solutions-deliverables-training-sdks\/"},"modified":"2026-01-23T10:50:44","modified_gmt":"2026-01-23T10:50:44","slug":"smarttill-solutions-deliverables-training-sdks","status":"publish","type":"page","link":"https:\/\/apgsolutions.com\/de\/smarttill-solutions-deliverables-training-sdks\/","title":{"rendered":"SMARTtill L\u00f6sungen, Schulungen + SDKs"},"content":{"rendered":"","protected":true},"excerpt":{"rendered":"","protected":true},"author":4,"featured_media":0,"parent":0,"menu_order":0,"comment_status":"closed","ping_status":"closed","template":"","meta":{"_acf_changed":false,"content-type":"","footnotes":""},"class_list":["post-98695","page","type-page","status-publish","post-password-required"],"yoast_head":"<!-- This site is optimized with the Yoast SEO Premium plugin v23.5 (Yoast SEO v27.2) - https:\/\/yoast.com\/product\/yoast-seo-premium-wordpress\/ -->\n<title>SMARTtill L\u00f6sungen, Schulungen + SDKs<\/title>\n<meta name=\"description\" content=\"\u00dcberblick \u00fcber die Smarttill-Leistungen, Schulungsressourcen und SDKs f\u00fcr die Integration von Cash Management.\" \/>\n<meta name=\"robots\" content=\"index, follow, max-snippet:-1, max-image-preview:large, max-video-preview:-1\" \/>\n<link rel=\"canonical\" href=\"https:\/\/apgsolutions.com\/de\/smarttill-solutions-deliverables-training-sdks\/\" \/>\n<meta property=\"og:locale\" content=\"de_DE\" \/>\n<meta property=\"og:type\" content=\"article\" \/>\n<meta property=\"og:title\" content=\"SMARTtill L\u00f6sungen, Schulungen + SDKs\" \/>\n<meta property=\"og:description\" content=\"\u00dcberblick \u00fcber die Smarttill-Leistungen, Schulungsressourcen und SDKs f\u00fcr die Integration von Cash Management.\" \/>\n<meta property=\"og:url\" content=\"https:\/\/apgsolutions.com\/de\/smarttill-solutions-deliverables-training-sdks\/\" \/>\n<meta property=\"og:site_name\" content=\"apg\u00ae Solutions\" \/>\n<meta property=\"article:publisher\" content=\"https:\/\/www.facebook.com\/apgglobalsolutions\" \/>\n<meta property=\"article:modified_time\" content=\"2026-01-23T10:50:44+00:00\" \/>\n<meta name=\"twitter:card\" content=\"summary_large_image\" \/>\n<meta name=\"twitter:site\" content=\"@apg_solutions\" \/>\n<meta name=\"twitter:label1\" content=\"Gesch\u00e4tzte Lesezeit\" \/>\n\t<meta name=\"twitter:data1\" content=\"11\u00a0Minuten\" \/>\n<script type=\"application\/ld+json\" class=\"yoast-schema-graph\">{\"@context\":\"https:\/\/schema.org\",\"@graph\":[{\"@type\":\"WebPage\",\"@id\":\"https:\/\/apgsolutions.com\/de\/smarttill-solutions-deliverables-training-sdks\/\",\"url\":\"https:\/\/apgsolutions.com\/de\/smarttill-solutions-deliverables-training-sdks\/\",\"name\":\"SMARTtill L\u00f6sungen, Schulungen + SDKs\",\"isPartOf\":{\"@id\":\"https:\/\/apgsolutions.com\/de\/#website\"},\"datePublished\":\"2026-01-22T17:02:45+00:00\",\"dateModified\":\"2026-01-23T10:50:44+00:00\",\"breadcrumb\":{\"@id\":\"https:\/\/apgsolutions.com\/de\/smarttill-solutions-deliverables-training-sdks\/#breadcrumb\"},\"inLanguage\":\"de\"},{\"@type\":\"WebSite\",\"@id\":\"https:\/\/apgsolutions.com\/de\/#website\",\"url\":\"https:\/\/apgsolutions.com\/de\/\",\"name\":\"APG Solutions, LLC\",\"description\":\"Trust at every point.\",\"publisher\":{\"@id\":\"https:\/\/apgsolutions.com\/de\/#organization\"},\"potentialAction\":[{\"@type\":\"SearchAction\",\"target\":{\"@type\":\"EntryPoint\",\"urlTemplate\":\"https:\/\/apgsolutions.com\/de\/?s={search_term_string}\"},\"query-input\":{\"@type\":\"PropertyValueSpecification\",\"valueRequired\":true,\"valueName\":\"search_term_string\"}}],\"inLanguage\":\"de\"},{\"@type\":\"Organization\",\"@id\":\"https:\/\/apgsolutions.com\/de\/#organization\",\"name\":\"APG Solution, LLC\",\"url\":\"https:\/\/apgsolutions.com\/de\/\",\"logo\":{\"@type\":\"ImageObject\",\"inLanguage\":\"de\",\"@id\":\"https:\/\/apgsolutions.com\/de\/#\/schema\/logo\/image\/\",\"url\":\"https:\/\/apgsolutions.com\/wp-content\/uploads\/2023\/12\/logomark-color.svg\",\"contentUrl\":\"https:\/\/apgsolutions.com\/wp-content\/uploads\/2023\/12\/logomark-color.svg\",\"width\":141,\"height\":138,\"caption\":\"APG Solution, LLC\"},\"image\":{\"@id\":\"https:\/\/apgsolutions.com\/de\/#\/schema\/logo\/image\/\"},\"sameAs\":[\"https:\/\/www.facebook.com\/apgglobalsolutions\",\"https:\/\/x.com\/apg_solutions\",\"https:\/\/www.youtube.com\/c\/CashManagementGlobalSolutionsbyapg\",\"https:\/\/www.linkedin.com\/company\/apgglobalsolutions\/\",\"https:\/\/www.instagram.com\/apgglobalsolutions\/\",\"https:\/\/www.pinterest.com\/apgcashdrawer\/\"]}]}<\/script>\n<!-- \/ Yoast SEO Premium plugin. -->","yoast_head_json":{"title":"SMARTtill L\u00f6sungen, Schulungen + SDKs","description":"\u00dcberblick \u00fcber die Smarttill-Leistungen, Schulungsressourcen und SDKs f\u00fcr die Integration von Cash Management.","robots":{"index":"index","follow":"follow","max-snippet":"max-snippet:-1","max-image-preview":"max-image-preview:large","max-video-preview":"max-video-preview:-1"},"canonical":"https:\/\/apgsolutions.com\/de\/smarttill-solutions-deliverables-training-sdks\/","og_locale":"de_DE","og_type":"article","og_title":"SMARTtill L\u00f6sungen, Schulungen + SDKs","og_description":"\u00dcberblick \u00fcber die Smarttill-Leistungen, Schulungsressourcen und SDKs f\u00fcr die Integration von Cash Management.","og_url":"https:\/\/apgsolutions.com\/de\/smarttill-solutions-deliverables-training-sdks\/","og_site_name":"apg\u00ae Solutions","article_publisher":"https:\/\/www.facebook.com\/apgglobalsolutions","article_modified_time":"2026-01-23T10:50:44+00:00","twitter_card":"summary_large_image","twitter_site":"@apg_solutions","twitter_misc":{"Gesch\u00e4tzte Lesezeit":"11\u00a0Minuten"},"schema":{"@context":"https:\/\/schema.org","@graph":[{"@type":"WebPage","@id":"https:\/\/apgsolutions.com\/de\/smarttill-solutions-deliverables-training-sdks\/","url":"https:\/\/apgsolutions.com\/de\/smarttill-solutions-deliverables-training-sdks\/","name":"SMARTtill L\u00f6sungen, Schulungen + SDKs","isPartOf":{"@id":"https:\/\/apgsolutions.com\/de\/#website"},"datePublished":"2026-01-22T17:02:45+00:00","dateModified":"2026-01-23T10:50:44+00:00","breadcrumb":{"@id":"https:\/\/apgsolutions.com\/de\/smarttill-solutions-deliverables-training-sdks\/#breadcrumb"},"inLanguage":"de"},{"@type":"WebSite","@id":"https:\/\/apgsolutions.com\/de\/#website","url":"https:\/\/apgsolutions.com\/de\/","name":"APG Solutions, LLC","description":"Trust at every point.","publisher":{"@id":"https:\/\/apgsolutions.com\/de\/#organization"},"potentialAction":[{"@type":"SearchAction","target":{"@type":"EntryPoint","urlTemplate":"https:\/\/apgsolutions.com\/de\/?s={search_term_string}"},"query-input":{"@type":"PropertyValueSpecification","valueRequired":true,"valueName":"search_term_string"}}],"inLanguage":"de"},{"@type":"Organization","@id":"https:\/\/apgsolutions.com\/de\/#organization","name":"APG Solution, LLC","url":"https:\/\/apgsolutions.com\/de\/","logo":{"@type":"ImageObject","inLanguage":"de","@id":"https:\/\/apgsolutions.com\/de\/#\/schema\/logo\/image\/","url":"https:\/\/apgsolutions.com\/wp-content\/uploads\/2023\/12\/logomark-color.svg","contentUrl":"https:\/\/apgsolutions.com\/wp-content\/uploads\/2023\/12\/logomark-color.svg","width":141,"height":138,"caption":"APG Solution, LLC"},"image":{"@id":"https:\/\/apgsolutions.com\/de\/#\/schema\/logo\/image\/"},"sameAs":["https:\/\/www.facebook.com\/apgglobalsolutions","https:\/\/x.com\/apg_solutions","https:\/\/www.youtube.com\/c\/CashManagementGlobalSolutionsbyapg","https:\/\/www.linkedin.com\/company\/apgglobalsolutions\/","https:\/\/www.instagram.com\/apgglobalsolutions\/","https:\/\/www.pinterest.com\/apgcashdrawer\/"]}]}},"acf":[],"_links":{"self":[{"href":"https:\/\/apgsolutions.com\/de\/wp-json\/wp\/v2\/pages\/98695","targetHints":{"allow":["GET"]}}],"collection":[{"href":"https:\/\/apgsolutions.com\/de\/wp-json\/wp\/v2\/pages"}],"about":[{"href":"https:\/\/apgsolutions.com\/de\/wp-json\/wp\/v2\/types\/page"}],"author":[{"embeddable":true,"href":"https:\/\/apgsolutions.com\/de\/wp-json\/wp\/v2\/users\/4"}],"replies":[{"embeddable":true,"href":"https:\/\/apgsolutions.com\/de\/wp-json\/wp\/v2\/comments?post=98695"}],"version-history":[{"count":3,"href":"https:\/\/apgsolutions.com\/de\/wp-json\/wp\/v2\/pages\/98695\/revisions"}],"predecessor-version":[{"id":99285,"href":"https:\/\/apgsolutions.com\/de\/wp-json\/wp\/v2\/pages\/98695\/revisions\/99285"}],"wp:attachment":[{"href":"https:\/\/apgsolutions.com\/de\/wp-json\/wp\/v2\/media?parent=98695"}],"curies":[{"name":"wp","href":"https:\/\/api.w.org\/{rel}","templated":true}]}}