{"id":98725,"date":"2026-01-22T17:11:46","date_gmt":"2026-01-22T17:11:46","guid":{"rendered":"https:\/\/apgsolutions.com\/tesco-express-roll-out-support\/"},"modified":"2026-01-23T10:50:26","modified_gmt":"2026-01-23T10:50:26","slug":"tesco-express-roll-out-support","status":"publish","type":"page","link":"https:\/\/apgsolutions.com\/de\/tesco-express-roll-out-support\/","title":{"rendered":"Unterst\u00fctzung bei der Einf\u00fchrung von Tesco Express"},"content":{"rendered":"","protected":true},"excerpt":{"rendered":"","protected":true},"author":4,"featured_media":0,"parent":0,"menu_order":0,"comment_status":"closed","ping_status":"closed","template":"","meta":{"_acf_changed":false,"content-type":"","footnotes":""},"class_list":["post-98725","page","type-page","status-publish","post-password-required"],"yoast_head":"<!-- This site is optimized with the Yoast SEO Premium plugin v23.5 (Yoast SEO v27.2) - https:\/\/yoast.com\/product\/yoast-seo-premium-wordpress\/ -->\n<title>Unterst\u00fctzung bei der Einf\u00fchrung von Tesco Express<\/title>\n<meta name=\"description\" content=\"Support-Ressourcen f\u00fcr die Einf\u00fchrung von Tesco Express. Zugang zu Cash Management Produkten, Konfiguratoren und Partnerprogrammen f\u00fcr den Einzelhandel.\" \/>\n<meta name=\"robots\" content=\"index, follow, max-snippet:-1, max-image-preview:large, max-video-preview:-1\" \/>\n<link rel=\"canonical\" href=\"https:\/\/apgsolutions.com\/de\/tesco-express-roll-out-support\/\" \/>\n<meta property=\"og:locale\" content=\"de_DE\" \/>\n<meta property=\"og:type\" content=\"article\" \/>\n<meta property=\"og:title\" content=\"Unterst\u00fctzung bei der Einf\u00fchrung von Tesco Express\" \/>\n<meta property=\"og:description\" content=\"Support-Ressourcen f\u00fcr die Einf\u00fchrung von Tesco Express. Zugang zu Cash Management Produkten, Konfiguratoren und Partnerprogrammen f\u00fcr den Einzelhandel.\" \/>\n<meta property=\"og:url\" content=\"https:\/\/apgsolutions.com\/de\/tesco-express-roll-out-support\/\" \/>\n<meta property=\"og:site_name\" content=\"apg\u00ae Solutions\" \/>\n<meta property=\"article:publisher\" content=\"https:\/\/www.facebook.com\/apgglobalsolutions\" \/>\n<meta property=\"article:modified_time\" content=\"2026-01-23T10:50:26+00:00\" \/>\n<meta name=\"twitter:card\" content=\"summary_large_image\" \/>\n<meta name=\"twitter:site\" content=\"@apg_solutions\" \/>\n<script type=\"application\/ld+json\" class=\"yoast-schema-graph\">{\"@context\":\"https:\/\/schema.org\",\"@graph\":[{\"@type\":\"WebPage\",\"@id\":\"https:\/\/apgsolutions.com\/de\/tesco-express-roll-out-support\/\",\"url\":\"https:\/\/apgsolutions.com\/de\/tesco-express-roll-out-support\/\",\"name\":\"Unterst\u00fctzung bei der Einf\u00fchrung von Tesco Express\",\"isPartOf\":{\"@id\":\"https:\/\/apgsolutions.com\/de\/#website\"},\"datePublished\":\"2026-01-22T17:11:46+00:00\",\"dateModified\":\"2026-01-23T10:50:26+00:00\",\"breadcrumb\":{\"@id\":\"https:\/\/apgsolutions.com\/de\/tesco-express-roll-out-support\/#breadcrumb\"},\"inLanguage\":\"de\"},{\"@type\":\"WebSite\",\"@id\":\"https:\/\/apgsolutions.com\/de\/#website\",\"url\":\"https:\/\/apgsolutions.com\/de\/\",\"name\":\"APG Solutions, LLC\",\"description\":\"Trust at every point.\",\"publisher\":{\"@id\":\"https:\/\/apgsolutions.com\/de\/#organization\"},\"potentialAction\":[{\"@type\":\"SearchAction\",\"target\":{\"@type\":\"EntryPoint\",\"urlTemplate\":\"https:\/\/apgsolutions.com\/de\/?s={search_term_string}\"},\"query-input\":{\"@type\":\"PropertyValueSpecification\",\"valueRequired\":true,\"valueName\":\"search_term_string\"}}],\"inLanguage\":\"de\"},{\"@type\":\"Organization\",\"@id\":\"https:\/\/apgsolutions.com\/de\/#organization\",\"name\":\"APG Solution, LLC\",\"url\":\"https:\/\/apgsolutions.com\/de\/\",\"logo\":{\"@type\":\"ImageObject\",\"inLanguage\":\"de\",\"@id\":\"https:\/\/apgsolutions.com\/de\/#\/schema\/logo\/image\/\",\"url\":\"https:\/\/apgsolutions.com\/wp-content\/uploads\/2023\/12\/logomark-color.svg\",\"contentUrl\":\"https:\/\/apgsolutions.com\/wp-content\/uploads\/2023\/12\/logomark-color.svg\",\"width\":141,\"height\":138,\"caption\":\"APG Solution, LLC\"},\"image\":{\"@id\":\"https:\/\/apgsolutions.com\/de\/#\/schema\/logo\/image\/\"},\"sameAs\":[\"https:\/\/www.facebook.com\/apgglobalsolutions\",\"https:\/\/x.com\/apg_solutions\",\"https:\/\/www.youtube.com\/c\/CashManagementGlobalSolutionsbyapg\",\"https:\/\/www.linkedin.com\/company\/apgglobalsolutions\/\",\"https:\/\/www.instagram.com\/apgglobalsolutions\/\",\"https:\/\/www.pinterest.com\/apgcashdrawer\/\"]}]}<\/script>\n<!-- \/ Yoast SEO Premium plugin. -->","yoast_head_json":{"title":"Unterst\u00fctzung bei der Einf\u00fchrung von Tesco Express","description":"Support-Ressourcen f\u00fcr die Einf\u00fchrung von Tesco Express. Zugang zu Cash Management Produkten, Konfiguratoren und Partnerprogrammen f\u00fcr den Einzelhandel.","robots":{"index":"index","follow":"follow","max-snippet":"max-snippet:-1","max-image-preview":"max-image-preview:large","max-video-preview":"max-video-preview:-1"},"canonical":"https:\/\/apgsolutions.com\/de\/tesco-express-roll-out-support\/","og_locale":"de_DE","og_type":"article","og_title":"Unterst\u00fctzung bei der Einf\u00fchrung von Tesco Express","og_description":"Support-Ressourcen f\u00fcr die Einf\u00fchrung von Tesco Express. Zugang zu Cash Management Produkten, Konfiguratoren und Partnerprogrammen f\u00fcr den Einzelhandel.","og_url":"https:\/\/apgsolutions.com\/de\/tesco-express-roll-out-support\/","og_site_name":"apg\u00ae Solutions","article_publisher":"https:\/\/www.facebook.com\/apgglobalsolutions","article_modified_time":"2026-01-23T10:50:26+00:00","twitter_card":"summary_large_image","twitter_site":"@apg_solutions","schema":{"@context":"https:\/\/schema.org","@graph":[{"@type":"WebPage","@id":"https:\/\/apgsolutions.com\/de\/tesco-express-roll-out-support\/","url":"https:\/\/apgsolutions.com\/de\/tesco-express-roll-out-support\/","name":"Unterst\u00fctzung bei der Einf\u00fchrung von Tesco Express","isPartOf":{"@id":"https:\/\/apgsolutions.com\/de\/#website"},"datePublished":"2026-01-22T17:11:46+00:00","dateModified":"2026-01-23T10:50:26+00:00","breadcrumb":{"@id":"https:\/\/apgsolutions.com\/de\/tesco-express-roll-out-support\/#breadcrumb"},"inLanguage":"de"},{"@type":"WebSite","@id":"https:\/\/apgsolutions.com\/de\/#website","url":"https:\/\/apgsolutions.com\/de\/","name":"APG Solutions, LLC","description":"Trust at every point.","publisher":{"@id":"https:\/\/apgsolutions.com\/de\/#organization"},"potentialAction":[{"@type":"SearchAction","target":{"@type":"EntryPoint","urlTemplate":"https:\/\/apgsolutions.com\/de\/?s={search_term_string}"},"query-input":{"@type":"PropertyValueSpecification","valueRequired":true,"valueName":"search_term_string"}}],"inLanguage":"de"},{"@type":"Organization","@id":"https:\/\/apgsolutions.com\/de\/#organization","name":"APG Solution, LLC","url":"https:\/\/apgsolutions.com\/de\/","logo":{"@type":"ImageObject","inLanguage":"de","@id":"https:\/\/apgsolutions.com\/de\/#\/schema\/logo\/image\/","url":"https:\/\/apgsolutions.com\/wp-content\/uploads\/2023\/12\/logomark-color.svg","contentUrl":"https:\/\/apgsolutions.com\/wp-content\/uploads\/2023\/12\/logomark-color.svg","width":141,"height":138,"caption":"APG Solution, LLC"},"image":{"@id":"https:\/\/apgsolutions.com\/de\/#\/schema\/logo\/image\/"},"sameAs":["https:\/\/www.facebook.com\/apgglobalsolutions","https:\/\/x.com\/apg_solutions","https:\/\/www.youtube.com\/c\/CashManagementGlobalSolutionsbyapg","https:\/\/www.linkedin.com\/company\/apgglobalsolutions\/","https:\/\/www.instagram.com\/apgglobalsolutions\/","https:\/\/www.pinterest.com\/apgcashdrawer\/"]}]}},"acf":[],"_links":{"self":[{"href":"https:\/\/apgsolutions.com\/de\/wp-json\/wp\/v2\/pages\/98725","targetHints":{"allow":["GET"]}}],"collection":[{"href":"https:\/\/apgsolutions.com\/de\/wp-json\/wp\/v2\/pages"}],"about":[{"href":"https:\/\/apgsolutions.com\/de\/wp-json\/wp\/v2\/types\/page"}],"author":[{"embeddable":true,"href":"https:\/\/apgsolutions.com\/de\/wp-json\/wp\/v2\/users\/4"}],"replies":[{"embeddable":true,"href":"https:\/\/apgsolutions.com\/de\/wp-json\/wp\/v2\/comments?post=98725"}],"version-history":[{"count":3,"href":"https:\/\/apgsolutions.com\/de\/wp-json\/wp\/v2\/pages\/98725\/revisions"}],"predecessor-version":[{"id":99267,"href":"https:\/\/apgsolutions.com\/de\/wp-json\/wp\/v2\/pages\/98725\/revisions\/99267"}],"wp:attachment":[{"href":"https:\/\/apgsolutions.com\/de\/wp-json\/wp\/v2\/media?parent=98725"}],"curies":[{"name":"wp","href":"https:\/\/api.w.org\/{rel}","templated":true}]}}