{"id":99224,"date":"2026-01-23T10:41:02","date_gmt":"2026-01-23T10:41:02","guid":{"rendered":"https:\/\/apgsolutions.com\/squirrel-systems-cash-drawer-solutions\/"},"modified":"2026-01-23T10:50:32","modified_gmt":"2026-01-23T10:50:32","slug":"squirrel-systems-cash-drawer-solutions","status":"publish","type":"page","link":"https:\/\/apgsolutions.com\/de\/squirrel-systems-cash-drawer-solutions\/","title":{"rendered":"Squirrel Systems Kassenschubladen-L\u00f6sungen"},"content":{"rendered":"<div class=\"section_page-header \">\n    <img decoding=\"async\" class=\"header-image\" src=\"https:\/\/apgsolutions.com\/wp-content\/uploads\/2023\/04\/dark-blue-rotated.jpg\" alt=\"dark-blue\" title=\"dark-blue\">\n            <div class=\"header-content\">\n            <h1>Squirrel Systems Cash Drawer Solutions<\/h1>\n        <\/div>\n    <\/div><div class=\"wp-block-image\">\n<figure class=\"aligncenter size-full\"><img fetchpriority=\"high\" decoding=\"async\" width=\"300\" height=\"180\" src=\"https:\/\/apgsolutions.com\/wp-content\/uploads\/2023\/05\/squirrel-systems-logo-300x180-1.png\" alt=\"squirrel systems logo\" class=\"wp-image-3282\"\/><\/figure>\n<\/div>\n<p>APG bietet eine gro\u00dfe Auswahl an Kassenschubladen f\u00fcr alle Arten von POS-Umgebungen. Squirrel Systems und APG arbeiten seit langem zusammen, um eine robuste POS-Hardwarel\u00f6sung mit niedrigen Gesamtbetriebskosten anzubieten. Um mehr zu erfahren, besuchen Sie uns unter <a href=\"https:\/\/apgsolutions.com\/\">www.cashdrawer.com.<\/a>  <\/p>\n\n<h2 class=\"wp-block-heading has-text-align-center\" id=\"h-series-100-cash-drawer\">Serie 100<\/h2>\n\n<h3 class=\"wp-block-heading\">Eine effiziente L\u00f6sung, die die Effektivit\u00e4t Ihres Arbeitsplatzes erh\u00f6ht.<\/h3>\n\n<p>Die APG Series 100 Kassenschublade ist zwar klein, geht aber nicht auf Kosten der Effizienz. Sie verbessert sie sogar noch und erh\u00f6ht die Effektivit\u00e4t Ihres Arbeitsplatzes.  Die schmale Grundfl\u00e4che der Serie 100, die um eine vollwertige Kasse herum konstruiert wurde, reduziert den Platzbedarf auf der Theke auf ein Minimum. Das tiefe Fach unter dem Boden bietet reichlich Stauraum f\u00fcr M\u00fcnzrollen und verpacktes Geld. Ein verstellbarer Medienschlitz trennt und ordnet die verschiedenen Medientypen. <\/p>\n\n<p>Mit Merkmalen wie kugelgelagerten Stahlschienen und einem robusten Verriegelungsmechanismus hat sich die Serie 100 \u00fcber 4 Millionen Zyklen bew\u00e4hrt. Das langlebige Kassettendesign und die widerstandsf\u00e4hige Pulverbeschichtung widerstehen selbst den h\u00e4rtesten Bedingungen. Gr\u00f6\u00dfe, Farbe, Schnittstellen, Zubeh\u00f6r und Konfigurationsoptionen vervollst\u00e4ndigen die Serie 100 L\u00f6sung.  <\/p>\n\n<p><strong>PDF-Downloads:<\/strong><\/p>\n\n<p><a href=\"\/wp-content\/uploads\/2023\/05\/M-43-001-Rev.-I-Series-100-English_WEB-1.pdf\">Serie 100 Brosch\u00fcre<\/a><br\/><a href=\"\/wp-content\/uploads\/2023\/05\/M-423_RevA.pdf\">Serie 100 Betriebs- und Wartungsanleitung<\/a><br\/><a href=\"\/wp-content\/uploads\/2023\/04\/M-43-021-Rev.-M-Performance-Accessories-Guide_WEB.pdf\">Leitfaden f\u00fcr Leistungszubeh\u00f6r<\/a><br\/><a href=\"\/wp-content\/uploads\/2023\/04\/M-43-118-Rev.-E-Coin-Cups_web.pdf\">Brosch\u00fcre Wiegef\u00e4hige M\u00fcnzbecher<\/a><\/p>\n\n<h2 class=\"wp-block-heading has-text-align-center\" id=\"h-vasario-cash-drawer\">Vasario\u2122 Kassenschublade<\/h2>\n\n<h3 class=\"wp-block-heading\">Die perfekte L\u00f6sung f\u00fcr Anwendungen, die mit einer Standard-Kassenschublade abgedeckt werden k\u00f6nnen.<\/h3>\n\n<p>Die Vasario-Serie ist die kosteng\u00fcnstige Wahl, die keine Abstriche bei Qualit\u00e4t und Zuverl\u00e4ssigkeit macht. Jedes Mitglied der Vasario-Kassenschubladenfamilie ist preislich konkurrenzf\u00e4hig und verf\u00fcgt \u00fcber Funktionen wie Multifunktionsschl\u00f6sser und Schubladenstatusberichte, die in teureren Kassenschubladen zu finden sind.  Eine Vielzahl von Modellen mit einer gro\u00dfen Auswahl an Gr\u00f6\u00dfen, Stilen, Farben, Schnittstellen und Kassenkonfigurationen steht zur Verf\u00fcgung, um Ihre speziellen Anforderungen zu erf\u00fcllen.<\/p>\n\n<p><strong>PDF-Downloads:<\/strong><\/p>\n\n<p><a href=\"\/wp-content\/uploads\/2023\/05\/M-43-026-Rev.-J-Vasario-Series-English-1.pdf\">Vasario Brosch\u00fcre<\/a><br\/><a href=\"\/wp-content\/uploads\/2023\/05\/M-43-024-Rev.-K-Standard-Accessories-Guide_WEB.pdf\">Brosch\u00fcre Standardzubeh\u00f6r<\/a><br\/><a href=\"\/wp-content\/uploads\/2023\/04\/M-43-118-Rev.-E-Coin-Cups_web.pdf\">Brosch\u00fcre Wiegef\u00e4hige M\u00fcnzbecher<\/a><\/p>\n","protected":false},"excerpt":{"rendered":"<p>APG bietet eine gro\u00dfe Auswahl an Kassenschubladen f\u00fcr alle Arten von POS-Umgebungen. Squirrel Systems und APG arbeiten seit langem zusammen, um eine robuste POS-Hardwarel\u00f6sung mit niedrigen Gesamtbetriebskosten anzubieten. Um mehr zu erfahren, besuchen Sie uns unter www.cashdrawer.com. Serie 100 Eine effiziente L\u00f6sung, die die Effektivit\u00e4t Ihres Arbeitsplatzes erh\u00f6ht. Die APG Series 100 Kassenschublade ist zwar [&hellip;]<\/p>\n","protected":false},"author":4,"featured_media":0,"parent":0,"menu_order":0,"comment_status":"closed","ping_status":"closed","template":"","meta":{"_acf_changed":false,"content-type":"","footnotes":""},"class_list":["post-99224","page","type-page","status-publish"],"yoast_head":"<!-- This site is optimized with the Yoast SEO Premium plugin v23.5 (Yoast SEO v27.2) - https:\/\/yoast.com\/product\/yoast-seo-premium-wordpress\/ -->\n<title>Squirrel Systems Kassenschubladen-L\u00f6sungen<\/title>\n<meta name=\"description\" content=\"APG Kassenschubladenoptionen f\u00fcr Squirrel Systems POS. Zuverl\u00e4ssige Integrationen f\u00fcr das Gastgewerbe.\" \/>\n<meta name=\"robots\" content=\"index, follow, max-snippet:-1, max-image-preview:large, max-video-preview:-1\" \/>\n<link rel=\"canonical\" href=\"https:\/\/apgsolutions.com\/de\/squirrel-systems-cash-drawer-solutions\/\" \/>\n<meta property=\"og:locale\" content=\"de_DE\" \/>\n<meta property=\"og:type\" content=\"article\" \/>\n<meta property=\"og:title\" content=\"Squirrel Systems Kassenschubladen-L\u00f6sungen\" \/>\n<meta property=\"og:description\" content=\"APG Kassenschubladenoptionen f\u00fcr Squirrel Systems POS. Zuverl\u00e4ssige Integrationen f\u00fcr das Gastgewerbe.\" \/>\n<meta property=\"og:url\" content=\"https:\/\/apgsolutions.com\/de\/squirrel-systems-cash-drawer-solutions\/\" \/>\n<meta property=\"og:site_name\" content=\"apg\u00ae Solutions\" \/>\n<meta property=\"article:publisher\" content=\"https:\/\/www.facebook.com\/apgglobalsolutions\" \/>\n<meta property=\"article:modified_time\" content=\"2026-01-23T10:50:32+00:00\" \/>\n<meta property=\"og:image\" content=\"https:\/\/apgsolutions.com\/wp-content\/uploads\/2023\/05\/squirrel-systems-logo-300x180-1.png\" \/>\n<meta name=\"twitter:card\" content=\"summary_large_image\" \/>\n<meta name=\"twitter:site\" content=\"@apg_solutions\" \/>\n<meta name=\"twitter:label1\" content=\"Gesch\u00e4tzte Lesezeit\" \/>\n\t<meta name=\"twitter:data1\" content=\"1\u00a0Minute\" \/>\n<script type=\"application\/ld+json\" class=\"yoast-schema-graph\">{\"@context\":\"https:\/\/schema.org\",\"@graph\":[{\"@type\":\"WebPage\",\"@id\":\"https:\/\/apgsolutions.com\/de\/squirrel-systems-cash-drawer-solutions\/\",\"url\":\"https:\/\/apgsolutions.com\/de\/squirrel-systems-cash-drawer-solutions\/\",\"name\":\"Squirrel Systems Kassenschubladen-L\u00f6sungen\",\"isPartOf\":{\"@id\":\"https:\/\/apgsolutions.com\/de\/#website\"},\"primaryImageOfPage\":{\"@id\":\"https:\/\/apgsolutions.com\/de\/squirrel-systems-cash-drawer-solutions\/#primaryimage\"},\"image\":{\"@id\":\"https:\/\/apgsolutions.com\/de\/squirrel-systems-cash-drawer-solutions\/#primaryimage\"},\"thumbnailUrl\":\"https:\/\/apgsolutions.com\/wp-content\/uploads\/2023\/05\/squirrel-systems-logo-300x180-1.png\",\"datePublished\":\"2026-01-23T10:41:02+00:00\",\"dateModified\":\"2026-01-23T10:50:32+00:00\",\"description\":\"APG Kassenschubladenoptionen f\u00fcr Squirrel Systems POS. Zuverl\u00e4ssige Integrationen f\u00fcr das Gastgewerbe.\",\"inLanguage\":\"de\",\"potentialAction\":[{\"@type\":\"ReadAction\",\"target\":[\"https:\/\/apgsolutions.com\/de\/squirrel-systems-cash-drawer-solutions\/\"]}]},{\"@type\":\"ImageObject\",\"inLanguage\":\"de\",\"@id\":\"https:\/\/apgsolutions.com\/de\/squirrel-systems-cash-drawer-solutions\/#primaryimage\",\"url\":\"https:\/\/apgsolutions.com\/wp-content\/uploads\/2023\/05\/squirrel-systems-logo-300x180-1.png\",\"contentUrl\":\"https:\/\/apgsolutions.com\/wp-content\/uploads\/2023\/05\/squirrel-systems-logo-300x180-1.png\"},{\"@type\":\"WebSite\",\"@id\":\"https:\/\/apgsolutions.com\/de\/#website\",\"url\":\"https:\/\/apgsolutions.com\/de\/\",\"name\":\"APG Solutions, LLC\",\"description\":\"Trust at every point.\",\"publisher\":{\"@id\":\"https:\/\/apgsolutions.com\/de\/#organization\"},\"potentialAction\":[{\"@type\":\"SearchAction\",\"target\":{\"@type\":\"EntryPoint\",\"urlTemplate\":\"https:\/\/apgsolutions.com\/de\/?s={search_term_string}\"},\"query-input\":{\"@type\":\"PropertyValueSpecification\",\"valueRequired\":true,\"valueName\":\"search_term_string\"}}],\"inLanguage\":\"de\"},{\"@type\":\"Organization\",\"@id\":\"https:\/\/apgsolutions.com\/de\/#organization\",\"name\":\"APG Solution, LLC\",\"url\":\"https:\/\/apgsolutions.com\/de\/\",\"logo\":{\"@type\":\"ImageObject\",\"inLanguage\":\"de\",\"@id\":\"https:\/\/apgsolutions.com\/de\/#\/schema\/logo\/image\/\",\"url\":\"https:\/\/apgsolutions.com\/wp-content\/uploads\/2023\/12\/logomark-color.svg\",\"contentUrl\":\"https:\/\/apgsolutions.com\/wp-content\/uploads\/2023\/12\/logomark-color.svg\",\"width\":141,\"height\":138,\"caption\":\"APG Solution, LLC\"},\"image\":{\"@id\":\"https:\/\/apgsolutions.com\/de\/#\/schema\/logo\/image\/\"},\"sameAs\":[\"https:\/\/www.facebook.com\/apgglobalsolutions\",\"https:\/\/x.com\/apg_solutions\",\"https:\/\/www.youtube.com\/c\/CashManagementGlobalSolutionsbyapg\",\"https:\/\/www.linkedin.com\/company\/apgglobalsolutions\/\",\"https:\/\/www.instagram.com\/apgglobalsolutions\/\",\"https:\/\/www.pinterest.com\/apgcashdrawer\/\"]}]}<\/script>\n<!-- \/ Yoast SEO Premium plugin. -->","yoast_head_json":{"title":"Squirrel Systems Kassenschubladen-L\u00f6sungen","description":"APG Kassenschubladenoptionen f\u00fcr Squirrel Systems POS. Zuverl\u00e4ssige Integrationen f\u00fcr das Gastgewerbe.","robots":{"index":"index","follow":"follow","max-snippet":"max-snippet:-1","max-image-preview":"max-image-preview:large","max-video-preview":"max-video-preview:-1"},"canonical":"https:\/\/apgsolutions.com\/de\/squirrel-systems-cash-drawer-solutions\/","og_locale":"de_DE","og_type":"article","og_title":"Squirrel Systems Kassenschubladen-L\u00f6sungen","og_description":"APG Kassenschubladenoptionen f\u00fcr Squirrel Systems POS. Zuverl\u00e4ssige Integrationen f\u00fcr das Gastgewerbe.","og_url":"https:\/\/apgsolutions.com\/de\/squirrel-systems-cash-drawer-solutions\/","og_site_name":"apg\u00ae Solutions","article_publisher":"https:\/\/www.facebook.com\/apgglobalsolutions","article_modified_time":"2026-01-23T10:50:32+00:00","og_image":[{"url":"https:\/\/apgsolutions.com\/wp-content\/uploads\/2023\/05\/squirrel-systems-logo-300x180-1.png","type":"","width":"","height":""}],"twitter_card":"summary_large_image","twitter_site":"@apg_solutions","twitter_misc":{"Gesch\u00e4tzte Lesezeit":"1\u00a0Minute"},"schema":{"@context":"https:\/\/schema.org","@graph":[{"@type":"WebPage","@id":"https:\/\/apgsolutions.com\/de\/squirrel-systems-cash-drawer-solutions\/","url":"https:\/\/apgsolutions.com\/de\/squirrel-systems-cash-drawer-solutions\/","name":"Squirrel Systems Kassenschubladen-L\u00f6sungen","isPartOf":{"@id":"https:\/\/apgsolutions.com\/de\/#website"},"primaryImageOfPage":{"@id":"https:\/\/apgsolutions.com\/de\/squirrel-systems-cash-drawer-solutions\/#primaryimage"},"image":{"@id":"https:\/\/apgsolutions.com\/de\/squirrel-systems-cash-drawer-solutions\/#primaryimage"},"thumbnailUrl":"https:\/\/apgsolutions.com\/wp-content\/uploads\/2023\/05\/squirrel-systems-logo-300x180-1.png","datePublished":"2026-01-23T10:41:02+00:00","dateModified":"2026-01-23T10:50:32+00:00","description":"APG Kassenschubladenoptionen f\u00fcr Squirrel Systems POS. Zuverl\u00e4ssige Integrationen f\u00fcr das Gastgewerbe.","inLanguage":"de","potentialAction":[{"@type":"ReadAction","target":["https:\/\/apgsolutions.com\/de\/squirrel-systems-cash-drawer-solutions\/"]}]},{"@type":"ImageObject","inLanguage":"de","@id":"https:\/\/apgsolutions.com\/de\/squirrel-systems-cash-drawer-solutions\/#primaryimage","url":"https:\/\/apgsolutions.com\/wp-content\/uploads\/2023\/05\/squirrel-systems-logo-300x180-1.png","contentUrl":"https:\/\/apgsolutions.com\/wp-content\/uploads\/2023\/05\/squirrel-systems-logo-300x180-1.png"},{"@type":"WebSite","@id":"https:\/\/apgsolutions.com\/de\/#website","url":"https:\/\/apgsolutions.com\/de\/","name":"APG Solutions, LLC","description":"Trust at every point.","publisher":{"@id":"https:\/\/apgsolutions.com\/de\/#organization"},"potentialAction":[{"@type":"SearchAction","target":{"@type":"EntryPoint","urlTemplate":"https:\/\/apgsolutions.com\/de\/?s={search_term_string}"},"query-input":{"@type":"PropertyValueSpecification","valueRequired":true,"valueName":"search_term_string"}}],"inLanguage":"de"},{"@type":"Organization","@id":"https:\/\/apgsolutions.com\/de\/#organization","name":"APG Solution, LLC","url":"https:\/\/apgsolutions.com\/de\/","logo":{"@type":"ImageObject","inLanguage":"de","@id":"https:\/\/apgsolutions.com\/de\/#\/schema\/logo\/image\/","url":"https:\/\/apgsolutions.com\/wp-content\/uploads\/2023\/12\/logomark-color.svg","contentUrl":"https:\/\/apgsolutions.com\/wp-content\/uploads\/2023\/12\/logomark-color.svg","width":141,"height":138,"caption":"APG Solution, LLC"},"image":{"@id":"https:\/\/apgsolutions.com\/de\/#\/schema\/logo\/image\/"},"sameAs":["https:\/\/www.facebook.com\/apgglobalsolutions","https:\/\/x.com\/apg_solutions","https:\/\/www.youtube.com\/c\/CashManagementGlobalSolutionsbyapg","https:\/\/www.linkedin.com\/company\/apgglobalsolutions\/","https:\/\/www.instagram.com\/apgglobalsolutions\/","https:\/\/www.pinterest.com\/apgcashdrawer\/"]}]}},"acf":[],"_links":{"self":[{"href":"https:\/\/apgsolutions.com\/de\/wp-json\/wp\/v2\/pages\/99224","targetHints":{"allow":["GET"]}}],"collection":[{"href":"https:\/\/apgsolutions.com\/de\/wp-json\/wp\/v2\/pages"}],"about":[{"href":"https:\/\/apgsolutions.com\/de\/wp-json\/wp\/v2\/types\/page"}],"author":[{"embeddable":true,"href":"https:\/\/apgsolutions.com\/de\/wp-json\/wp\/v2\/users\/4"}],"replies":[{"embeddable":true,"href":"https:\/\/apgsolutions.com\/de\/wp-json\/wp\/v2\/comments?post=99224"}],"version-history":[{"count":3,"href":"https:\/\/apgsolutions.com\/de\/wp-json\/wp\/v2\/pages\/99224\/revisions"}],"predecessor-version":[{"id":99275,"href":"https:\/\/apgsolutions.com\/de\/wp-json\/wp\/v2\/pages\/99224\/revisions\/99275"}],"wp:attachment":[{"href":"https:\/\/apgsolutions.com\/de\/wp-json\/wp\/v2\/media?parent=99224"}],"curies":[{"name":"wp","href":"https:\/\/api.w.org\/{rel}","templated":true}]}}