{"id":100876,"date":"2026-01-23T15:36:38","date_gmt":"2026-01-23T15:36:38","guid":{"rendered":"https:\/\/apgsolutions.com\/store\/pk-m19ulr\/"},"modified":"2026-01-23T15:36:38","modified_gmt":"2026-01-23T15:36:38","slug":"pk-m19ulr","status":"publish","type":"product","link":"https:\/\/apgsolutions.com\/de\/store\/pk-m19ulr\/","title":{"rendered":"PK-M19ULR"},"content":{"rendered":"<p>Stromversorgung f\u00fcr serielle Schnittstelle<\/p>\n","protected":false},"excerpt":{"rendered":"<p>Stromversorgung<\/p>\n","protected":false},"featured_media":4431,"template":"","meta":{"_acf_changed":false,"content-type":""},"product_brand":[],"product_cat":[741,744,772,764,750,743,771,866,873,819,742],"product_tag":[],"class_list":{"0":"post-100876","1":"product","2":"type-product","3":"status-publish","4":"has-post-thumbnail","6":"product_cat-alle-produkte","7":"product_cat-heavy-duty-zubehoer","8":"product_cat-klassisch","9":"product_cat-schnittstellen-kabel","10":"product_cat-serie-100","11":"product_cat-serie-4000","12":"product_cat-serie-6000","13":"product_cat-stromversorgungen","16":"product_cat-teile-zubehoer","18":"first","19":"instock","20":"taxable","21":"shipping-taxable","22":"purchasable","23":"product-type-simple"},"yoast_head":"<!-- This site is optimized with the Yoast SEO Premium plugin v23.5 (Yoast SEO v27.2) - https:\/\/yoast.com\/product\/yoast-seo-premium-wordpress\/ -->\n<title>PK-M19ULR | apg\u00ae Online Teile Zubeh\u00f6r Shop<\/title>\n<meta name=\"description\" content=\"Netzger\u00e4t. SKU: PK-M19ULR. Klicken Sie hier, um den apg\u00ae Online Shop f\u00fcr Ersatzteile und Zubeh\u00f6r zu durchsuchen und dieses Zubeh\u00f6r noch heute zu kaufen.\" \/>\n<meta name=\"robots\" content=\"index, follow, max-snippet:-1, max-image-preview:large, max-video-preview:-1\" \/>\n<link rel=\"canonical\" href=\"https:\/\/apgsolutions.com\/de\/store\/pk-m19ulr\/\" \/>\n<meta property=\"og:locale\" content=\"de_DE\" \/>\n<meta property=\"og:type\" content=\"article\" \/>\n<meta property=\"og:title\" content=\"PK-M19ULR | apg\u00ae Online Teile Zubeh\u00f6r Shop\" \/>\n<meta property=\"og:description\" content=\"Netzger\u00e4t. SKU: PK-M19ULR. Klicken Sie hier, um den apg\u00ae Online Shop f\u00fcr Ersatzteile und Zubeh\u00f6r zu durchsuchen und dieses Zubeh\u00f6r noch heute zu kaufen.\" \/>\n<meta property=\"og:url\" content=\"https:\/\/apgsolutions.com\/de\/store\/pk-m19ulr\/\" \/>\n<meta property=\"og:site_name\" content=\"apg\u00ae Solutions\" \/>\n<meta property=\"article:publisher\" content=\"https:\/\/www.facebook.com\/apgglobalsolutions\" \/>\n<meta property=\"og:image\" content=\"https:\/\/apgsolutions.com\/wp-content\/uploads\/2023\/05\/Power-Supply-PK-M19ULR.jpg\" \/>\n\t<meta property=\"og:image:width\" content=\"295\" \/>\n\t<meta property=\"og:image:height\" content=\"295\" \/>\n\t<meta property=\"og:image:type\" content=\"image\/jpeg\" \/>\n<meta name=\"twitter:card\" content=\"summary_large_image\" \/>\n<meta name=\"twitter:site\" content=\"@apg_solutions\" \/>\n<script type=\"application\/ld+json\" class=\"yoast-schema-graph\">{\"@context\":\"https:\/\/schema.org\",\"@graph\":[{\"@type\":\"WebPage\",\"@id\":\"https:\/\/apgsolutions.com\/de\/store\/pk-m19ulr\/\",\"url\":\"https:\/\/apgsolutions.com\/de\/store\/pk-m19ulr\/\",\"name\":\"PK-M19ULR | apg\u00ae Online Teile Zubeh\u00f6r Shop\",\"isPartOf\":{\"@id\":\"https:\/\/apgsolutions.com\/de\/#website\"},\"primaryImageOfPage\":{\"@id\":\"https:\/\/apgsolutions.com\/de\/store\/pk-m19ulr\/#primaryimage\"},\"image\":{\"@id\":\"https:\/\/apgsolutions.com\/de\/store\/pk-m19ulr\/#primaryimage\"},\"thumbnailUrl\":\"https:\/\/apgsolutions.com\/wp-content\/uploads\/2023\/05\/Power-Supply-PK-M19ULR.jpg\",\"datePublished\":\"2026-01-23T15:36:38+00:00\",\"description\":\"Netzger\u00e4t. SKU: PK-M19ULR. Klicken Sie hier, um den apg\u00ae Online Shop f\u00fcr Ersatzteile und Zubeh\u00f6r zu durchsuchen und dieses Zubeh\u00f6r noch heute zu kaufen.\",\"breadcrumb\":{\"@id\":\"https:\/\/apgsolutions.com\/de\/store\/pk-m19ulr\/#breadcrumb\"},\"inLanguage\":\"de\",\"potentialAction\":[{\"@type\":\"ReadAction\",\"target\":[\"https:\/\/apgsolutions.com\/de\/store\/pk-m19ulr\/\"]}]},{\"@type\":\"ImageObject\",\"inLanguage\":\"de\",\"@id\":\"https:\/\/apgsolutions.com\/de\/store\/pk-m19ulr\/#primaryimage\",\"url\":\"https:\/\/apgsolutions.com\/wp-content\/uploads\/2023\/05\/Power-Supply-PK-M19ULR.jpg\",\"contentUrl\":\"https:\/\/apgsolutions.com\/wp-content\/uploads\/2023\/05\/Power-Supply-PK-M19ULR.jpg\",\"width\":295,\"height\":295,\"caption\":\"Stromversorgungsger\u00e4t-PK-M19ULR\"},{\"@type\":\"BreadcrumbList\",\"@id\":\"https:\/\/apgsolutions.com\/de\/store\/pk-m19ulr\/#breadcrumb\",\"itemListElement\":[{\"@type\":\"ListItem\",\"position\":1,\"name\":\"U.S. Online Parts Store\",\"item\":\"https:\/\/apgsolutions.com\/store\/\"},{\"@type\":\"ListItem\",\"position\":2,\"name\":\"PK-M19ULR\"}]},{\"@type\":\"WebSite\",\"@id\":\"https:\/\/apgsolutions.com\/de\/#website\",\"url\":\"https:\/\/apgsolutions.com\/de\/\",\"name\":\"APG Solutions, LLC\",\"description\":\"Trust at every point.\",\"publisher\":{\"@id\":\"https:\/\/apgsolutions.com\/de\/#organization\"},\"potentialAction\":[{\"@type\":\"SearchAction\",\"target\":{\"@type\":\"EntryPoint\",\"urlTemplate\":\"https:\/\/apgsolutions.com\/de\/?s={search_term_string}\"},\"query-input\":{\"@type\":\"PropertyValueSpecification\",\"valueRequired\":true,\"valueName\":\"search_term_string\"}}],\"inLanguage\":\"de\"},{\"@type\":\"Organization\",\"@id\":\"https:\/\/apgsolutions.com\/de\/#organization\",\"name\":\"APG Solution, LLC\",\"url\":\"https:\/\/apgsolutions.com\/de\/\",\"logo\":{\"@type\":\"ImageObject\",\"inLanguage\":\"de\",\"@id\":\"https:\/\/apgsolutions.com\/de\/#\/schema\/logo\/image\/\",\"url\":\"https:\/\/apgsolutions.com\/wp-content\/uploads\/2023\/12\/logomark-color.svg\",\"contentUrl\":\"https:\/\/apgsolutions.com\/wp-content\/uploads\/2023\/12\/logomark-color.svg\",\"width\":141,\"height\":138,\"caption\":\"APG Solution, LLC\"},\"image\":{\"@id\":\"https:\/\/apgsolutions.com\/de\/#\/schema\/logo\/image\/\"},\"sameAs\":[\"https:\/\/www.facebook.com\/apgglobalsolutions\",\"https:\/\/x.com\/apg_solutions\",\"https:\/\/www.youtube.com\/c\/CashManagementGlobalSolutionsbyapg\",\"https:\/\/www.linkedin.com\/company\/apgglobalsolutions\/\",\"https:\/\/www.instagram.com\/apgglobalsolutions\/\",\"https:\/\/www.pinterest.com\/apgcashdrawer\/\"]}]}<\/script>\n<!-- \/ Yoast SEO Premium plugin. -->","yoast_head_json":{"title":"PK-M19ULR | apg\u00ae Online Teile Zubeh\u00f6r Shop","description":"Netzger\u00e4t. SKU: PK-M19ULR. Klicken Sie hier, um den apg\u00ae Online Shop f\u00fcr Ersatzteile und Zubeh\u00f6r zu durchsuchen und dieses Zubeh\u00f6r noch heute zu kaufen.","robots":{"index":"index","follow":"follow","max-snippet":"max-snippet:-1","max-image-preview":"max-image-preview:large","max-video-preview":"max-video-preview:-1"},"canonical":"https:\/\/apgsolutions.com\/de\/store\/pk-m19ulr\/","og_locale":"de_DE","og_type":"article","og_title":"PK-M19ULR | apg\u00ae Online Teile Zubeh\u00f6r Shop","og_description":"Netzger\u00e4t. SKU: PK-M19ULR. Klicken Sie hier, um den apg\u00ae Online Shop f\u00fcr Ersatzteile und Zubeh\u00f6r zu durchsuchen und dieses Zubeh\u00f6r noch heute zu kaufen.","og_url":"https:\/\/apgsolutions.com\/de\/store\/pk-m19ulr\/","og_site_name":"apg\u00ae Solutions","article_publisher":"https:\/\/www.facebook.com\/apgglobalsolutions","og_image":[{"width":295,"height":295,"url":"https:\/\/apgsolutions.com\/wp-content\/uploads\/2023\/05\/Power-Supply-PK-M19ULR.jpg","type":"image\/jpeg"}],"twitter_card":"summary_large_image","twitter_site":"@apg_solutions","schema":{"@context":"https:\/\/schema.org","@graph":[{"@type":"WebPage","@id":"https:\/\/apgsolutions.com\/de\/store\/pk-m19ulr\/","url":"https:\/\/apgsolutions.com\/de\/store\/pk-m19ulr\/","name":"PK-M19ULR | apg\u00ae Online Teile Zubeh\u00f6r Shop","isPartOf":{"@id":"https:\/\/apgsolutions.com\/de\/#website"},"primaryImageOfPage":{"@id":"https:\/\/apgsolutions.com\/de\/store\/pk-m19ulr\/#primaryimage"},"image":{"@id":"https:\/\/apgsolutions.com\/de\/store\/pk-m19ulr\/#primaryimage"},"thumbnailUrl":"https:\/\/apgsolutions.com\/wp-content\/uploads\/2023\/05\/Power-Supply-PK-M19ULR.jpg","datePublished":"2026-01-23T15:36:38+00:00","description":"Netzger\u00e4t. SKU: PK-M19ULR. Klicken Sie hier, um den apg\u00ae Online Shop f\u00fcr Ersatzteile und Zubeh\u00f6r zu durchsuchen und dieses Zubeh\u00f6r noch heute zu kaufen.","breadcrumb":{"@id":"https:\/\/apgsolutions.com\/de\/store\/pk-m19ulr\/#breadcrumb"},"inLanguage":"de","potentialAction":[{"@type":"ReadAction","target":["https:\/\/apgsolutions.com\/de\/store\/pk-m19ulr\/"]}]},{"@type":"ImageObject","inLanguage":"de","@id":"https:\/\/apgsolutions.com\/de\/store\/pk-m19ulr\/#primaryimage","url":"https:\/\/apgsolutions.com\/wp-content\/uploads\/2023\/05\/Power-Supply-PK-M19ULR.jpg","contentUrl":"https:\/\/apgsolutions.com\/wp-content\/uploads\/2023\/05\/Power-Supply-PK-M19ULR.jpg","width":295,"height":295,"caption":"Stromversorgungsger\u00e4t-PK-M19ULR"},{"@type":"BreadcrumbList","@id":"https:\/\/apgsolutions.com\/de\/store\/pk-m19ulr\/#breadcrumb","itemListElement":[{"@type":"ListItem","position":1,"name":"U.S. Online Parts Store","item":"https:\/\/apgsolutions.com\/store\/"},{"@type":"ListItem","position":2,"name":"PK-M19ULR"}]},{"@type":"WebSite","@id":"https:\/\/apgsolutions.com\/de\/#website","url":"https:\/\/apgsolutions.com\/de\/","name":"APG Solutions, LLC","description":"Trust at every point.","publisher":{"@id":"https:\/\/apgsolutions.com\/de\/#organization"},"potentialAction":[{"@type":"SearchAction","target":{"@type":"EntryPoint","urlTemplate":"https:\/\/apgsolutions.com\/de\/?s={search_term_string}"},"query-input":{"@type":"PropertyValueSpecification","valueRequired":true,"valueName":"search_term_string"}}],"inLanguage":"de"},{"@type":"Organization","@id":"https:\/\/apgsolutions.com\/de\/#organization","name":"APG Solution, LLC","url":"https:\/\/apgsolutions.com\/de\/","logo":{"@type":"ImageObject","inLanguage":"de","@id":"https:\/\/apgsolutions.com\/de\/#\/schema\/logo\/image\/","url":"https:\/\/apgsolutions.com\/wp-content\/uploads\/2023\/12\/logomark-color.svg","contentUrl":"https:\/\/apgsolutions.com\/wp-content\/uploads\/2023\/12\/logomark-color.svg","width":141,"height":138,"caption":"APG Solution, LLC"},"image":{"@id":"https:\/\/apgsolutions.com\/de\/#\/schema\/logo\/image\/"},"sameAs":["https:\/\/www.facebook.com\/apgglobalsolutions","https:\/\/x.com\/apg_solutions","https:\/\/www.youtube.com\/c\/CashManagementGlobalSolutionsbyapg","https:\/\/www.linkedin.com\/company\/apgglobalsolutions\/","https:\/\/www.instagram.com\/apgglobalsolutions\/","https:\/\/www.pinterest.com\/apgcashdrawer\/"]}]}},"acf":[],"_links":{"self":[{"href":"https:\/\/apgsolutions.com\/de\/wp-json\/wp\/v2\/product\/100876","targetHints":{"allow":["GET"]}}],"collection":[{"href":"https:\/\/apgsolutions.com\/de\/wp-json\/wp\/v2\/product"}],"about":[{"href":"https:\/\/apgsolutions.com\/de\/wp-json\/wp\/v2\/types\/product"}],"wp:featuredmedia":[{"embeddable":true,"href":"https:\/\/apgsolutions.com\/de\/wp-json\/wp\/v2\/media\/4431"}],"wp:attachment":[{"href":"https:\/\/apgsolutions.com\/de\/wp-json\/wp\/v2\/media?parent=100876"}],"wp:term":[{"taxonomy":"product_brand","embeddable":true,"href":"https:\/\/apgsolutions.com\/de\/wp-json\/wp\/v2\/product_brand?post=100876"},{"taxonomy":"product_cat","embeddable":true,"href":"https:\/\/apgsolutions.com\/de\/wp-json\/wp\/v2\/product_cat?post=100876"},{"taxonomy":"product_tag","embeddable":true,"href":"https:\/\/apgsolutions.com\/de\/wp-json\/wp\/v2\/product_tag?post=100876"}],"curies":[{"name":"wp","href":"https:\/\/api.w.org\/{rel}","templated":true}]}}