{"id":100908,"date":"2026-01-23T15:42:50","date_gmt":"2026-01-23T15:42:50","guid":{"rendered":"https:\/\/apgsolutions.com\/store\/pk-15ta-m3-bx\/"},"modified":"2026-01-23T15:42:50","modified_gmt":"2026-01-23T15:42:50","slug":"pk-15ta-m3-bx","status":"publish","type":"product","link":"https:\/\/apgsolutions.com\/de\/store\/pk-15ta-m3-bx\/","title":{"rendered":"PK-15TA-M3-BX"},"content":{"rendered":"<p>Kanadischer Dollar Lay Flat Format 8 M\u00fcnzen, 5 Scheine. Die Kasse misst 15,4 x 11,1 x 2,4 Zoll \/ 391 x 282 x 61 mm. W\u00e4hrungen, die in diese Kasse passen: Jamaikanischer Dollar, Bahrainischer Dinar, Bolivianische Bolivianos, Brasilianischer Real, Kanadischer Dollar, Chilenischer Peso, Israelischer Neuer Schekel, Lettischer Lats, Litauischer Litas, Mexikanischer Peso, Peruanischer Nuevo Sol, Russischer Rubel, Serbischer Dinar, Polnischer Zloty, Georgischer Lari  <\/p>\n","protected":false},"excerpt":{"rendered":"<p>Kanadischer Dollar Lay Flat Format 8 M\u00fcnzen, 5 Scheine<\/p>\n","protected":false},"featured_media":4236,"template":"","meta":{"_acf_changed":false,"content-type":""},"product_brand":[],"product_cat":[741,744,751,885,745,750,743,742],"product_tag":[],"class_list":{"0":"post-100908","1":"product","2":"type-product","3":"status-publish","4":"has-post-thumbnail","6":"product_cat-alle-produkte","7":"product_cat-heavy-duty-zubehoer","8":"product_cat-kassen-einsaetze","9":"product_cat-kassen-einsatze","11":"product_cat-serie-100","12":"product_cat-serie-4000","13":"product_cat-teile-zubehoer","14":"product_shipping_class-allgemein","16":"first","17":"instock","18":"taxable","19":"shipping-taxable","20":"purchasable","21":"product-type-simple"},"yoast_head":"<!-- This site is optimized with the Yoast SEO Premium plugin v23.5 (Yoast SEO v27.2) - https:\/\/yoast.com\/product\/yoast-seo-premium-wordpress\/ -->\n<title>PK-15TA-M3-BX | apg\u00ae Online Teile Zubeh\u00f6r Shop<\/title>\n<meta name=\"description\" content=\"5 Geldscheine x 8 M\u00fcnzen Till. SKU: PK-15TA-M3-BX. Klicken Sie hier, um den apg\u00ae Online Shop f\u00fcr Ersatzteile und Zubeh\u00f6r zu durchsuchen und dieses Zubeh\u00f6r noch heute zu kaufen.\" \/>\n<meta name=\"robots\" content=\"index, follow, max-snippet:-1, max-image-preview:large, max-video-preview:-1\" \/>\n<link rel=\"canonical\" href=\"https:\/\/apgsolutions.com\/de\/store\/pk-15ta-m3-bx\/\" \/>\n<meta property=\"og:locale\" content=\"de_DE\" \/>\n<meta property=\"og:type\" content=\"article\" \/>\n<meta property=\"og:title\" content=\"PK-15TA-M3-BX | apg\u00ae Online Teile Zubeh\u00f6r Shop\" \/>\n<meta property=\"og:description\" content=\"5 Geldscheine x 8 M\u00fcnzen Till. SKU: PK-15TA-M3-BX. Klicken Sie hier, um den apg\u00ae Online Shop f\u00fcr Ersatzteile und Zubeh\u00f6r zu durchsuchen und dieses Zubeh\u00f6r noch heute zu kaufen.\" \/>\n<meta property=\"og:url\" content=\"https:\/\/apgsolutions.com\/de\/store\/pk-15ta-m3-bx\/\" \/>\n<meta property=\"og:site_name\" content=\"apg\u00ae Solutions\" \/>\n<meta property=\"article:publisher\" content=\"https:\/\/www.facebook.com\/apgglobalsolutions\" \/>\n<meta property=\"og:image\" content=\"https:\/\/apgsolutions.com\/wp-content\/uploads\/2023\/05\/PK-15TA-M3-BX.jpg\" \/>\n\t<meta property=\"og:image:width\" content=\"295\" \/>\n\t<meta property=\"og:image:height\" content=\"295\" \/>\n\t<meta property=\"og:image:type\" content=\"image\/jpeg\" \/>\n<meta name=\"twitter:card\" content=\"summary_large_image\" \/>\n<meta name=\"twitter:site\" content=\"@apg_solutions\" \/>\n<script type=\"application\/ld+json\" class=\"yoast-schema-graph\">{\"@context\":\"https:\/\/schema.org\",\"@graph\":[{\"@type\":\"WebPage\",\"@id\":\"https:\/\/apgsolutions.com\/de\/store\/pk-15ta-m3-bx\/\",\"url\":\"https:\/\/apgsolutions.com\/de\/store\/pk-15ta-m3-bx\/\",\"name\":\"PK-15TA-M3-BX | apg\u00ae Online Teile Zubeh\u00f6r Shop\",\"isPartOf\":{\"@id\":\"https:\/\/apgsolutions.com\/de\/#website\"},\"primaryImageOfPage\":{\"@id\":\"https:\/\/apgsolutions.com\/de\/store\/pk-15ta-m3-bx\/#primaryimage\"},\"image\":{\"@id\":\"https:\/\/apgsolutions.com\/de\/store\/pk-15ta-m3-bx\/#primaryimage\"},\"thumbnailUrl\":\"https:\/\/apgsolutions.com\/wp-content\/uploads\/2023\/05\/PK-15TA-M3-BX.jpg\",\"datePublished\":\"2026-01-23T15:42:50+00:00\",\"description\":\"5 Geldscheine x 8 M\u00fcnzen Till. SKU: PK-15TA-M3-BX. Klicken Sie hier, um den apg\u00ae Online Shop f\u00fcr Ersatzteile und Zubeh\u00f6r zu durchsuchen und dieses Zubeh\u00f6r noch heute zu kaufen.\",\"breadcrumb\":{\"@id\":\"https:\/\/apgsolutions.com\/de\/store\/pk-15ta-m3-bx\/#breadcrumb\"},\"inLanguage\":\"de\",\"potentialAction\":[{\"@type\":\"ReadAction\",\"target\":[\"https:\/\/apgsolutions.com\/de\/store\/pk-15ta-m3-bx\/\"]}]},{\"@type\":\"ImageObject\",\"inLanguage\":\"de\",\"@id\":\"https:\/\/apgsolutions.com\/de\/store\/pk-15ta-m3-bx\/#primaryimage\",\"url\":\"https:\/\/apgsolutions.com\/wp-content\/uploads\/2023\/05\/PK-15TA-M3-BX.jpg\",\"contentUrl\":\"https:\/\/apgsolutions.com\/wp-content\/uploads\/2023\/05\/PK-15TA-M3-BX.jpg\",\"width\":295,\"height\":295,\"caption\":\"PK-15TA-M3-BX\"},{\"@type\":\"BreadcrumbList\",\"@id\":\"https:\/\/apgsolutions.com\/de\/store\/pk-15ta-m3-bx\/#breadcrumb\",\"itemListElement\":[{\"@type\":\"ListItem\",\"position\":1,\"name\":\"U.S. Online Parts Store\",\"item\":\"https:\/\/apgsolutions.com\/store\/\"},{\"@type\":\"ListItem\",\"position\":2,\"name\":\"PK-15TA-M3-BX\"}]},{\"@type\":\"WebSite\",\"@id\":\"https:\/\/apgsolutions.com\/de\/#website\",\"url\":\"https:\/\/apgsolutions.com\/de\/\",\"name\":\"APG Solutions, LLC\",\"description\":\"Trust at every point.\",\"publisher\":{\"@id\":\"https:\/\/apgsolutions.com\/de\/#organization\"},\"potentialAction\":[{\"@type\":\"SearchAction\",\"target\":{\"@type\":\"EntryPoint\",\"urlTemplate\":\"https:\/\/apgsolutions.com\/de\/?s={search_term_string}\"},\"query-input\":{\"@type\":\"PropertyValueSpecification\",\"valueRequired\":true,\"valueName\":\"search_term_string\"}}],\"inLanguage\":\"de\"},{\"@type\":\"Organization\",\"@id\":\"https:\/\/apgsolutions.com\/de\/#organization\",\"name\":\"APG Solution, LLC\",\"url\":\"https:\/\/apgsolutions.com\/de\/\",\"logo\":{\"@type\":\"ImageObject\",\"inLanguage\":\"de\",\"@id\":\"https:\/\/apgsolutions.com\/de\/#\/schema\/logo\/image\/\",\"url\":\"https:\/\/apgsolutions.com\/wp-content\/uploads\/2023\/12\/logomark-color.svg\",\"contentUrl\":\"https:\/\/apgsolutions.com\/wp-content\/uploads\/2023\/12\/logomark-color.svg\",\"width\":141,\"height\":138,\"caption\":\"APG Solution, LLC\"},\"image\":{\"@id\":\"https:\/\/apgsolutions.com\/de\/#\/schema\/logo\/image\/\"},\"sameAs\":[\"https:\/\/www.facebook.com\/apgglobalsolutions\",\"https:\/\/x.com\/apg_solutions\",\"https:\/\/www.youtube.com\/c\/CashManagementGlobalSolutionsbyapg\",\"https:\/\/www.linkedin.com\/company\/apgglobalsolutions\/\",\"https:\/\/www.instagram.com\/apgglobalsolutions\/\",\"https:\/\/www.pinterest.com\/apgcashdrawer\/\"]}]}<\/script>\n<!-- \/ Yoast SEO Premium plugin. -->","yoast_head_json":{"title":"PK-15TA-M3-BX | apg\u00ae Online Teile Zubeh\u00f6r Shop","description":"5 Geldscheine x 8 M\u00fcnzen Till. SKU: PK-15TA-M3-BX. Klicken Sie hier, um den apg\u00ae Online Shop f\u00fcr Ersatzteile und Zubeh\u00f6r zu durchsuchen und dieses Zubeh\u00f6r noch heute zu kaufen.","robots":{"index":"index","follow":"follow","max-snippet":"max-snippet:-1","max-image-preview":"max-image-preview:large","max-video-preview":"max-video-preview:-1"},"canonical":"https:\/\/apgsolutions.com\/de\/store\/pk-15ta-m3-bx\/","og_locale":"de_DE","og_type":"article","og_title":"PK-15TA-M3-BX | apg\u00ae Online Teile Zubeh\u00f6r Shop","og_description":"5 Geldscheine x 8 M\u00fcnzen Till. SKU: PK-15TA-M3-BX. Klicken Sie hier, um den apg\u00ae Online Shop f\u00fcr Ersatzteile und Zubeh\u00f6r zu durchsuchen und dieses Zubeh\u00f6r noch heute zu kaufen.","og_url":"https:\/\/apgsolutions.com\/de\/store\/pk-15ta-m3-bx\/","og_site_name":"apg\u00ae Solutions","article_publisher":"https:\/\/www.facebook.com\/apgglobalsolutions","og_image":[{"width":295,"height":295,"url":"https:\/\/apgsolutions.com\/wp-content\/uploads\/2023\/05\/PK-15TA-M3-BX.jpg","type":"image\/jpeg"}],"twitter_card":"summary_large_image","twitter_site":"@apg_solutions","schema":{"@context":"https:\/\/schema.org","@graph":[{"@type":"WebPage","@id":"https:\/\/apgsolutions.com\/de\/store\/pk-15ta-m3-bx\/","url":"https:\/\/apgsolutions.com\/de\/store\/pk-15ta-m3-bx\/","name":"PK-15TA-M3-BX | apg\u00ae Online Teile Zubeh\u00f6r Shop","isPartOf":{"@id":"https:\/\/apgsolutions.com\/de\/#website"},"primaryImageOfPage":{"@id":"https:\/\/apgsolutions.com\/de\/store\/pk-15ta-m3-bx\/#primaryimage"},"image":{"@id":"https:\/\/apgsolutions.com\/de\/store\/pk-15ta-m3-bx\/#primaryimage"},"thumbnailUrl":"https:\/\/apgsolutions.com\/wp-content\/uploads\/2023\/05\/PK-15TA-M3-BX.jpg","datePublished":"2026-01-23T15:42:50+00:00","description":"5 Geldscheine x 8 M\u00fcnzen Till. SKU: PK-15TA-M3-BX. Klicken Sie hier, um den apg\u00ae Online Shop f\u00fcr Ersatzteile und Zubeh\u00f6r zu durchsuchen und dieses Zubeh\u00f6r noch heute zu kaufen.","breadcrumb":{"@id":"https:\/\/apgsolutions.com\/de\/store\/pk-15ta-m3-bx\/#breadcrumb"},"inLanguage":"de","potentialAction":[{"@type":"ReadAction","target":["https:\/\/apgsolutions.com\/de\/store\/pk-15ta-m3-bx\/"]}]},{"@type":"ImageObject","inLanguage":"de","@id":"https:\/\/apgsolutions.com\/de\/store\/pk-15ta-m3-bx\/#primaryimage","url":"https:\/\/apgsolutions.com\/wp-content\/uploads\/2023\/05\/PK-15TA-M3-BX.jpg","contentUrl":"https:\/\/apgsolutions.com\/wp-content\/uploads\/2023\/05\/PK-15TA-M3-BX.jpg","width":295,"height":295,"caption":"PK-15TA-M3-BX"},{"@type":"BreadcrumbList","@id":"https:\/\/apgsolutions.com\/de\/store\/pk-15ta-m3-bx\/#breadcrumb","itemListElement":[{"@type":"ListItem","position":1,"name":"U.S. Online Parts Store","item":"https:\/\/apgsolutions.com\/store\/"},{"@type":"ListItem","position":2,"name":"PK-15TA-M3-BX"}]},{"@type":"WebSite","@id":"https:\/\/apgsolutions.com\/de\/#website","url":"https:\/\/apgsolutions.com\/de\/","name":"APG Solutions, LLC","description":"Trust at every point.","publisher":{"@id":"https:\/\/apgsolutions.com\/de\/#organization"},"potentialAction":[{"@type":"SearchAction","target":{"@type":"EntryPoint","urlTemplate":"https:\/\/apgsolutions.com\/de\/?s={search_term_string}"},"query-input":{"@type":"PropertyValueSpecification","valueRequired":true,"valueName":"search_term_string"}}],"inLanguage":"de"},{"@type":"Organization","@id":"https:\/\/apgsolutions.com\/de\/#organization","name":"APG Solution, LLC","url":"https:\/\/apgsolutions.com\/de\/","logo":{"@type":"ImageObject","inLanguage":"de","@id":"https:\/\/apgsolutions.com\/de\/#\/schema\/logo\/image\/","url":"https:\/\/apgsolutions.com\/wp-content\/uploads\/2023\/12\/logomark-color.svg","contentUrl":"https:\/\/apgsolutions.com\/wp-content\/uploads\/2023\/12\/logomark-color.svg","width":141,"height":138,"caption":"APG Solution, LLC"},"image":{"@id":"https:\/\/apgsolutions.com\/de\/#\/schema\/logo\/image\/"},"sameAs":["https:\/\/www.facebook.com\/apgglobalsolutions","https:\/\/x.com\/apg_solutions","https:\/\/www.youtube.com\/c\/CashManagementGlobalSolutionsbyapg","https:\/\/www.linkedin.com\/company\/apgglobalsolutions\/","https:\/\/www.instagram.com\/apgglobalsolutions\/","https:\/\/www.pinterest.com\/apgcashdrawer\/"]}]}},"acf":[],"_links":{"self":[{"href":"https:\/\/apgsolutions.com\/de\/wp-json\/wp\/v2\/product\/100908","targetHints":{"allow":["GET"]}}],"collection":[{"href":"https:\/\/apgsolutions.com\/de\/wp-json\/wp\/v2\/product"}],"about":[{"href":"https:\/\/apgsolutions.com\/de\/wp-json\/wp\/v2\/types\/product"}],"wp:featuredmedia":[{"embeddable":true,"href":"https:\/\/apgsolutions.com\/de\/wp-json\/wp\/v2\/media\/4236"}],"wp:attachment":[{"href":"https:\/\/apgsolutions.com\/de\/wp-json\/wp\/v2\/media?parent=100908"}],"wp:term":[{"taxonomy":"product_brand","embeddable":true,"href":"https:\/\/apgsolutions.com\/de\/wp-json\/wp\/v2\/product_brand?post=100908"},{"taxonomy":"product_cat","embeddable":true,"href":"https:\/\/apgsolutions.com\/de\/wp-json\/wp\/v2\/product_cat?post=100908"},{"taxonomy":"product_tag","embeddable":true,"href":"https:\/\/apgsolutions.com\/de\/wp-json\/wp\/v2\/product_tag?post=100908"}],"curies":[{"name":"wp","href":"https:\/\/api.w.org\/{rel}","templated":true}]}}