{"id":101408,"date":"2026-01-26T02:35:49","date_gmt":"2026-01-26T02:35:49","guid":{"rendered":"https:\/\/apgsolutions.com\/store\/pk-27-d-bx\/"},"modified":"2026-01-27T16:19:52","modified_gmt":"2026-01-27T16:19:52","slug":"pk-27-d-bx","status":"publish","type":"product","link":"https:\/\/apgsolutions.com\/de\/store\/pk-27-d-bx\/","title":{"rendered":"PK-27-D-BX"},"content":{"rendered":"<p>Montieren Sie Ihre Kassenschublade diskret unter dem Tresen. Dieses Set enth\u00e4lt (2) Untertischhalterungen und (4) Befestigungsschrauben. Dieses Set passt f\u00fcr Classic Standard und Series 4000 Kassenschubladen. Jede Halterung hat die Ma\u00dfe 2,0 X 11,8 X 4,2 Zoll \/ 51 X 300 X 106 mm *Bitte kontaktieren Sie APG f\u00fcr Halterungen f\u00fcr 2016, 2020 oder 2021 Schubladen, rufen Sie 763-571-5000 an.   <\/p>\n","protected":false},"excerpt":{"rendered":"<p>(2) Untertischhalterung und (4) Befestigungsschrauben&#8230;<\/p>\n","protected":false},"featured_media":68527,"template":"","meta":{"_acf_changed":false,"content-type":""},"product_brand":[],"product_cat":[741,744,772,743,742,874,925,946],"product_tag":[],"class_list":{"0":"post-101408","1":"product","2":"type-product","3":"status-publish","4":"has-post-thumbnail","6":"product_cat-alle-produkte","7":"product_cat-heavy-duty-zubehoer","8":"product_cat-klassisch","9":"product_cat-serie-4000","10":"product_cat-teile-zubehoer","11":"product_cat-unter-tisch-montagehalterungen","15":"first","16":"instock","17":"taxable","18":"shipping-taxable","19":"purchasable","20":"product-type-simple"},"yoast_head":"<!-- This site is optimized with the Yoast SEO Premium plugin v23.5 (Yoast SEO v27.2) - https:\/\/yoast.com\/product\/yoast-seo-premium-wordpress\/ -->\n<title>PK-27-D-BX - NA Online Teile Zubeh\u00f6r Shop | apg | Cash Management L\u00f6sungen<\/title>\n<meta name=\"description\" content=\"Montagehalterung. SKU: PK-27-D-BX. Klicken Sie hier, um den Online Shop f\u00fcr Ersatzteile und Zubeh\u00f6r von APG Cash Drawer zu durchsuchen und dieses Zubeh\u00f6r noch heute zu kaufen.\" \/>\n<meta name=\"robots\" content=\"index, follow, max-snippet:-1, max-image-preview:large, max-video-preview:-1\" \/>\n<link rel=\"canonical\" href=\"https:\/\/apgsolutions.com\/de\/store\/pk-27-d-bx\/\" \/>\n<meta property=\"og:locale\" content=\"de_DE\" \/>\n<meta property=\"og:type\" content=\"article\" \/>\n<meta property=\"og:title\" content=\"PK-27-D-BX - NA Online Teile Zubeh\u00f6r Shop | apg | Cash Management L\u00f6sungen\" \/>\n<meta property=\"og:description\" content=\"Montagehalterung. SKU: PK-27-D-BX. Klicken Sie hier, um den Online Shop f\u00fcr Ersatzteile und Zubeh\u00f6r von APG Cash Drawer zu durchsuchen und dieses Zubeh\u00f6r noch heute zu kaufen.\" \/>\n<meta property=\"og:url\" content=\"https:\/\/apgsolutions.com\/de\/store\/pk-27-d-bx\/\" \/>\n<meta property=\"og:site_name\" content=\"apg\u00ae Solutions\" \/>\n<meta property=\"article:publisher\" content=\"https:\/\/www.facebook.com\/apgglobalsolutions\" \/>\n<meta property=\"article:modified_time\" content=\"2026-01-27T16:19:52+00:00\" \/>\n<meta property=\"og:image\" content=\"https:\/\/apgsolutions.com\/wp-content\/uploads\/2023\/07\/PK-27-D-BX-5.jpg\" \/>\n\t<meta property=\"og:image:width\" content=\"295\" \/>\n\t<meta property=\"og:image:height\" content=\"295\" \/>\n\t<meta property=\"og:image:type\" content=\"image\/jpeg\" \/>\n<meta name=\"twitter:card\" content=\"summary_large_image\" \/>\n<meta name=\"twitter:site\" content=\"@apg_solutions\" \/>\n<script type=\"application\/ld+json\" class=\"yoast-schema-graph\">{\"@context\":\"https:\/\/schema.org\",\"@graph\":[{\"@type\":\"WebPage\",\"@id\":\"https:\/\/apgsolutions.com\/de\/store\/pk-27-d-bx\/\",\"url\":\"https:\/\/apgsolutions.com\/de\/store\/pk-27-d-bx\/\",\"name\":\"PK-27-D-BX - NA Online Teile Zubeh\u00f6r Shop | apg | Cash Management L\u00f6sungen\",\"isPartOf\":{\"@id\":\"https:\/\/apgsolutions.com\/de\/#website\"},\"primaryImageOfPage\":{\"@id\":\"https:\/\/apgsolutions.com\/de\/store\/pk-27-d-bx\/#primaryimage\"},\"image\":{\"@id\":\"https:\/\/apgsolutions.com\/de\/store\/pk-27-d-bx\/#primaryimage\"},\"thumbnailUrl\":\"https:\/\/apgsolutions.com\/wp-content\/uploads\/2023\/07\/PK-27-D-BX-5.jpg\",\"datePublished\":\"2026-01-26T02:35:49+00:00\",\"dateModified\":\"2026-01-27T16:19:52+00:00\",\"description\":\"Montagehalterung. SKU: PK-27-D-BX. Klicken Sie hier, um den Online Shop f\u00fcr Ersatzteile und Zubeh\u00f6r von APG Cash Drawer zu durchsuchen und dieses Zubeh\u00f6r noch heute zu kaufen.\",\"breadcrumb\":{\"@id\":\"https:\/\/apgsolutions.com\/de\/store\/pk-27-d-bx\/#breadcrumb\"},\"inLanguage\":\"de\",\"potentialAction\":[{\"@type\":\"ReadAction\",\"target\":[\"https:\/\/apgsolutions.com\/de\/store\/pk-27-d-bx\/\"]}]},{\"@type\":\"ImageObject\",\"inLanguage\":\"de\",\"@id\":\"https:\/\/apgsolutions.com\/de\/store\/pk-27-d-bx\/#primaryimage\",\"url\":\"https:\/\/apgsolutions.com\/wp-content\/uploads\/2023\/07\/PK-27-D-BX-5.jpg\",\"contentUrl\":\"https:\/\/apgsolutions.com\/wp-content\/uploads\/2023\/07\/PK-27-D-BX-5.jpg\",\"width\":295,\"height\":295,\"caption\":\"PK-27-D-BX\"},{\"@type\":\"BreadcrumbList\",\"@id\":\"https:\/\/apgsolutions.com\/de\/store\/pk-27-d-bx\/#breadcrumb\",\"itemListElement\":[{\"@type\":\"ListItem\",\"position\":1,\"name\":\"U.S. Online Parts Store\",\"item\":\"https:\/\/apgsolutions.com\/store\/\"},{\"@type\":\"ListItem\",\"position\":2,\"name\":\"PK-27-D-BX\"}]},{\"@type\":\"WebSite\",\"@id\":\"https:\/\/apgsolutions.com\/de\/#website\",\"url\":\"https:\/\/apgsolutions.com\/de\/\",\"name\":\"APG Solutions, LLC\",\"description\":\"Trust at every point.\",\"publisher\":{\"@id\":\"https:\/\/apgsolutions.com\/de\/#organization\"},\"potentialAction\":[{\"@type\":\"SearchAction\",\"target\":{\"@type\":\"EntryPoint\",\"urlTemplate\":\"https:\/\/apgsolutions.com\/de\/?s={search_term_string}\"},\"query-input\":{\"@type\":\"PropertyValueSpecification\",\"valueRequired\":true,\"valueName\":\"search_term_string\"}}],\"inLanguage\":\"de\"},{\"@type\":\"Organization\",\"@id\":\"https:\/\/apgsolutions.com\/de\/#organization\",\"name\":\"APG Solution, LLC\",\"url\":\"https:\/\/apgsolutions.com\/de\/\",\"logo\":{\"@type\":\"ImageObject\",\"inLanguage\":\"de\",\"@id\":\"https:\/\/apgsolutions.com\/de\/#\/schema\/logo\/image\/\",\"url\":\"https:\/\/apgsolutions.com\/wp-content\/uploads\/2023\/12\/logomark-color.svg\",\"contentUrl\":\"https:\/\/apgsolutions.com\/wp-content\/uploads\/2023\/12\/logomark-color.svg\",\"width\":141,\"height\":138,\"caption\":\"APG Solution, LLC\"},\"image\":{\"@id\":\"https:\/\/apgsolutions.com\/de\/#\/schema\/logo\/image\/\"},\"sameAs\":[\"https:\/\/www.facebook.com\/apgglobalsolutions\",\"https:\/\/x.com\/apg_solutions\",\"https:\/\/www.youtube.com\/c\/CashManagementGlobalSolutionsbyapg\",\"https:\/\/www.linkedin.com\/company\/apgglobalsolutions\/\",\"https:\/\/www.instagram.com\/apgglobalsolutions\/\",\"https:\/\/www.pinterest.com\/apgcashdrawer\/\"]}]}<\/script>\n<!-- \/ Yoast SEO Premium plugin. -->","yoast_head_json":{"title":"PK-27-D-BX - NA Online Teile Zubeh\u00f6r Shop | apg | Cash Management L\u00f6sungen","description":"Montagehalterung. SKU: PK-27-D-BX. Klicken Sie hier, um den Online Shop f\u00fcr Ersatzteile und Zubeh\u00f6r von APG Cash Drawer zu durchsuchen und dieses Zubeh\u00f6r noch heute zu kaufen.","robots":{"index":"index","follow":"follow","max-snippet":"max-snippet:-1","max-image-preview":"max-image-preview:large","max-video-preview":"max-video-preview:-1"},"canonical":"https:\/\/apgsolutions.com\/de\/store\/pk-27-d-bx\/","og_locale":"de_DE","og_type":"article","og_title":"PK-27-D-BX - NA Online Teile Zubeh\u00f6r Shop | apg | Cash Management L\u00f6sungen","og_description":"Montagehalterung. SKU: PK-27-D-BX. Klicken Sie hier, um den Online Shop f\u00fcr Ersatzteile und Zubeh\u00f6r von APG Cash Drawer zu durchsuchen und dieses Zubeh\u00f6r noch heute zu kaufen.","og_url":"https:\/\/apgsolutions.com\/de\/store\/pk-27-d-bx\/","og_site_name":"apg\u00ae Solutions","article_publisher":"https:\/\/www.facebook.com\/apgglobalsolutions","article_modified_time":"2026-01-27T16:19:52+00:00","og_image":[{"width":295,"height":295,"url":"https:\/\/apgsolutions.com\/wp-content\/uploads\/2023\/07\/PK-27-D-BX-5.jpg","type":"image\/jpeg"}],"twitter_card":"summary_large_image","twitter_site":"@apg_solutions","schema":{"@context":"https:\/\/schema.org","@graph":[{"@type":"WebPage","@id":"https:\/\/apgsolutions.com\/de\/store\/pk-27-d-bx\/","url":"https:\/\/apgsolutions.com\/de\/store\/pk-27-d-bx\/","name":"PK-27-D-BX - NA Online Teile Zubeh\u00f6r Shop | apg | Cash Management L\u00f6sungen","isPartOf":{"@id":"https:\/\/apgsolutions.com\/de\/#website"},"primaryImageOfPage":{"@id":"https:\/\/apgsolutions.com\/de\/store\/pk-27-d-bx\/#primaryimage"},"image":{"@id":"https:\/\/apgsolutions.com\/de\/store\/pk-27-d-bx\/#primaryimage"},"thumbnailUrl":"https:\/\/apgsolutions.com\/wp-content\/uploads\/2023\/07\/PK-27-D-BX-5.jpg","datePublished":"2026-01-26T02:35:49+00:00","dateModified":"2026-01-27T16:19:52+00:00","description":"Montagehalterung. SKU: PK-27-D-BX. Klicken Sie hier, um den Online Shop f\u00fcr Ersatzteile und Zubeh\u00f6r von APG Cash Drawer zu durchsuchen und dieses Zubeh\u00f6r noch heute zu kaufen.","breadcrumb":{"@id":"https:\/\/apgsolutions.com\/de\/store\/pk-27-d-bx\/#breadcrumb"},"inLanguage":"de","potentialAction":[{"@type":"ReadAction","target":["https:\/\/apgsolutions.com\/de\/store\/pk-27-d-bx\/"]}]},{"@type":"ImageObject","inLanguage":"de","@id":"https:\/\/apgsolutions.com\/de\/store\/pk-27-d-bx\/#primaryimage","url":"https:\/\/apgsolutions.com\/wp-content\/uploads\/2023\/07\/PK-27-D-BX-5.jpg","contentUrl":"https:\/\/apgsolutions.com\/wp-content\/uploads\/2023\/07\/PK-27-D-BX-5.jpg","width":295,"height":295,"caption":"PK-27-D-BX"},{"@type":"BreadcrumbList","@id":"https:\/\/apgsolutions.com\/de\/store\/pk-27-d-bx\/#breadcrumb","itemListElement":[{"@type":"ListItem","position":1,"name":"U.S. Online Parts Store","item":"https:\/\/apgsolutions.com\/store\/"},{"@type":"ListItem","position":2,"name":"PK-27-D-BX"}]},{"@type":"WebSite","@id":"https:\/\/apgsolutions.com\/de\/#website","url":"https:\/\/apgsolutions.com\/de\/","name":"APG Solutions, LLC","description":"Trust at every point.","publisher":{"@id":"https:\/\/apgsolutions.com\/de\/#organization"},"potentialAction":[{"@type":"SearchAction","target":{"@type":"EntryPoint","urlTemplate":"https:\/\/apgsolutions.com\/de\/?s={search_term_string}"},"query-input":{"@type":"PropertyValueSpecification","valueRequired":true,"valueName":"search_term_string"}}],"inLanguage":"de"},{"@type":"Organization","@id":"https:\/\/apgsolutions.com\/de\/#organization","name":"APG Solution, LLC","url":"https:\/\/apgsolutions.com\/de\/","logo":{"@type":"ImageObject","inLanguage":"de","@id":"https:\/\/apgsolutions.com\/de\/#\/schema\/logo\/image\/","url":"https:\/\/apgsolutions.com\/wp-content\/uploads\/2023\/12\/logomark-color.svg","contentUrl":"https:\/\/apgsolutions.com\/wp-content\/uploads\/2023\/12\/logomark-color.svg","width":141,"height":138,"caption":"APG Solution, LLC"},"image":{"@id":"https:\/\/apgsolutions.com\/de\/#\/schema\/logo\/image\/"},"sameAs":["https:\/\/www.facebook.com\/apgglobalsolutions","https:\/\/x.com\/apg_solutions","https:\/\/www.youtube.com\/c\/CashManagementGlobalSolutionsbyapg","https:\/\/www.linkedin.com\/company\/apgglobalsolutions\/","https:\/\/www.instagram.com\/apgglobalsolutions\/","https:\/\/www.pinterest.com\/apgcashdrawer\/"]}]}},"acf":[],"_links":{"self":[{"href":"https:\/\/apgsolutions.com\/de\/wp-json\/wp\/v2\/product\/101408","targetHints":{"allow":["GET"]}}],"collection":[{"href":"https:\/\/apgsolutions.com\/de\/wp-json\/wp\/v2\/product"}],"about":[{"href":"https:\/\/apgsolutions.com\/de\/wp-json\/wp\/v2\/types\/product"}],"wp:featuredmedia":[{"embeddable":true,"href":"https:\/\/apgsolutions.com\/de\/wp-json\/wp\/v2\/media\/68527"}],"wp:attachment":[{"href":"https:\/\/apgsolutions.com\/de\/wp-json\/wp\/v2\/media?parent=101408"}],"wp:term":[{"taxonomy":"product_brand","embeddable":true,"href":"https:\/\/apgsolutions.com\/de\/wp-json\/wp\/v2\/product_brand?post=101408"},{"taxonomy":"product_cat","embeddable":true,"href":"https:\/\/apgsolutions.com\/de\/wp-json\/wp\/v2\/product_cat?post=101408"},{"taxonomy":"product_tag","embeddable":true,"href":"https:\/\/apgsolutions.com\/de\/wp-json\/wp\/v2\/product_tag?post=101408"}],"curies":[{"name":"wp","href":"https:\/\/api.w.org\/{rel}","templated":true}]}}