{"id":101803,"date":"2026-01-26T14:21:49","date_gmt":"2026-01-26T14:21:49","guid":{"rendered":"https:\/\/apgsolutions.com\/store\/cd-101a-printer-cable\/"},"modified":"2026-01-26T14:21:49","modified_gmt":"2026-01-26T14:21:49","slug":"cd-101a-printer-cable","status":"publish","type":"product","link":"https:\/\/apgsolutions.com\/de\/store\/cd-101a-printer-cable\/","title":{"rendered":"CD-101A"},"content":{"rendered":"<p>Dies ist ein 5 Fu\u00df langes apg-Kabel, das mit bestimmten Epson- oder Star-Druckern verwendet werden kann. Dieses Kabel ersetzt die Kabel CD-005A und CD-014A. Weitere Einzelheiten finden Sie in unserem <a href=\"https:\/\/apgsolutions.com\/wp-content\/uploads\/M-43-031-Connectivity-Guide-Rev-AP.pdf\" target=\"_blank\" rel=\"noopener noreferrer\">Leitfaden f\u00fcr Konnektivit\u00e4t<\/a>.  <\/p>\n<ul>\n<li>SCHNITTSTELLE: Die APG CD-101A ist ein sicherer und zuverl\u00e4ssiger Weg, um Ihre APG Kassenschublade mit Ihrem Bondrucker zu verbinden.<\/li>\n<li>KABELBESCHREIBUNG: Das Schnittstellenkabel hat an einem Ende einen 8-poligen RJ45-Stecker f\u00fcr den Anschluss an die Kassenschublade und eine 6-polige RJ12-Buchse f\u00fcr den Anschluss an den Bondrucker oder das Terminal. Schlie\u00dfen Sie es an eine apg mit einer MultiPRO 320 oder 520 Schnittstelle an. <\/li>\n<li>HOCHWERTIGES MATERIAL: Das Schnittstellenkabel verwendet einen Kupferleiter f\u00fcr bessere Konnektivit\u00e4t, Leistung und Zuverl\u00e4ssigkeit.<\/li>\n<li>PRODUKT-DETAILS: Das Schnittstellenkabel hat eine L\u00e4nge von 5 Fu\u00df und ist sowohl mit Epson- als auch mit Star-Druckern kompatibel. Es dient als effizienter Ersatz f\u00fcr die Kabel CD-005A und CD-014A <\/li>\n<li>ANSCHLUSS: Erfahren Sie mehr dar\u00fcber, <a href=\"https:\/\/apgsolutions.com\/de\/connecting-cash-drawer-printer\/\">wie Sie eine Kassenschublade an einen Drucker anschlie\u00dfen k\u00f6nnen.<\/a><\/li>\n<\/ul>\n","protected":false},"excerpt":{"rendered":"<p>Dies ist ein 5 Fu\u00df langes apg-Kabel, das mit bestimmten Epson- oder Star-Druckern verwendet werden kann. Dieses Kabel ersetzt die Kabel CD-005A und CD-014A. Weitere Informationen finden Sie in unserem <a href=\"https:\/\/apgsolutions.com\/wp-content\/uploads\/M-43-031-Connectivity-Guide-Rev-AP.pdf\" target=\"_blank\" rel=\"noopener noreferrer\">Connectivity Guide<\/a>.  <\/p>\n<ul>\n<li>SCHNITTSTELLE: Die APG CD-101A ist ein sicherer und zuverl\u00e4ssiger Weg, um Ihre APG Kassenschublade mit Ihrem Bondrucker zu verbinden.<\/li>\n<li>KABELBESCHREIBUNG: Das Schnittstellenkabel hat an einem Ende einen 8-poligen RJ45-Stecker f\u00fcr den Anschluss an die Kassenschublade und eine 6-polige RJ12-Buchse f\u00fcr den Anschluss an den Bondrucker oder das Terminal. Schlie\u00dfen Sie es an eine apg mit einer MultiPRO 320 oder 520 Schnittstelle an. <\/li>\n<li>HOCHWERTIGES MATERIAL: Das Schnittstellenkabel verwendet einen Kupferleiter f\u00fcr bessere Konnektivit\u00e4t, Leistung und Zuverl\u00e4ssigkeit.<\/li>\n<li>PRODUKT-DETAILS: Das Schnittstellenkabel hat eine L\u00e4nge von 5 Fu\u00df und ist sowohl mit Epson- als auch mit Star-Druckern kompatibel. Es dient als effizienter Ersatz f\u00fcr die Kabel CD-005A und CD-014A <\/li>\n<li>ANSCHLUSS: Erfahren Sie mehr dar\u00fcber, <a href=\"https:\/\/apgsolutions.com\/de\/connecting-cash-drawer-printer\/\">wie Sie eine Kassenschublade an einen Drucker anschlie\u00dfen k\u00f6nnen.<\/a><\/li>\n<\/ul>\n","protected":false},"featured_media":88605,"template":"","meta":{"_acf_changed":false,"content-type":""},"product_brand":[],"product_cat":[741,824,764,825,742],"product_tag":[],"class_list":{"0":"post-101803","1":"product","2":"type-product","3":"status-publish","4":"has-post-thumbnail","6":"product_cat-alle-produkte","7":"product_cat-arlo-zubehor","8":"product_cat-schnittstellen-kabel","10":"product_cat-teile-zubehoer","12":"first","13":"instock","14":"taxable","15":"shipping-taxable","16":"purchasable","17":"product-type-simple"},"yoast_head":"<!-- This site is optimized with the Yoast SEO Premium plugin v23.5 (Yoast SEO v27.2) - https:\/\/yoast.com\/product\/yoast-seo-premium-wordpress\/ -->\n<title>CD-101A - NA Online Teile-Zubeh\u00f6r Shop | apg | Cash Management Solutions<\/title>\n<meta name=\"description\" content=\"5 Fu\u00df APG Kassenschubladenkabel zur Verwendung mit bestimmten Epson- oder Star-Druckern. Dieses Kabel ersetzt die Kabel CD-005A &amp; CD-014A. SKU: CD-101A.\" \/>\n<meta name=\"robots\" content=\"index, follow, max-snippet:-1, max-image-preview:large, max-video-preview:-1\" \/>\n<link rel=\"canonical\" href=\"https:\/\/apgsolutions.com\/de\/store\/cd-101a-printer-cable\/\" \/>\n<meta property=\"og:locale\" content=\"de_DE\" \/>\n<meta property=\"og:type\" content=\"article\" \/>\n<meta property=\"og:title\" content=\"CD-101A - NA Online Teile-Zubeh\u00f6r Shop | apg | Cash Management Solutions\" \/>\n<meta property=\"og:description\" content=\"5 Fu\u00df APG Kassenschubladenkabel zur Verwendung mit bestimmten Epson- oder Star-Druckern. Dieses Kabel ersetzt die Kabel CD-005A &amp; CD-014A. SKU: CD-101A.\" \/>\n<meta property=\"og:url\" content=\"https:\/\/apgsolutions.com\/de\/store\/cd-101a-printer-cable\/\" \/>\n<meta property=\"og:site_name\" content=\"apg\u00ae Solutions\" \/>\n<meta property=\"article:publisher\" content=\"https:\/\/www.facebook.com\/apgglobalsolutions\" \/>\n<meta property=\"og:image\" content=\"https:\/\/apgsolutions.com\/wp-content\/uploads\/2014\/10\/cd-101a.jpg\" \/>\n\t<meta property=\"og:image:width\" content=\"350\" \/>\n\t<meta property=\"og:image:height\" content=\"350\" \/>\n\t<meta property=\"og:image:type\" content=\"image\/jpeg\" \/>\n<meta name=\"twitter:card\" content=\"summary_large_image\" \/>\n<meta name=\"twitter:site\" content=\"@apg_solutions\" \/>\n<meta name=\"twitter:label1\" content=\"Gesch\u00e4tzte Lesezeit\" \/>\n\t<meta name=\"twitter:data1\" content=\"1\u00a0Minute\" \/>\n<script type=\"application\/ld+json\" class=\"yoast-schema-graph\">{\"@context\":\"https:\/\/schema.org\",\"@graph\":[{\"@type\":\"WebPage\",\"@id\":\"https:\/\/apgsolutions.com\/de\/store\/cd-101a-printer-cable\/\",\"url\":\"https:\/\/apgsolutions.com\/de\/store\/cd-101a-printer-cable\/\",\"name\":\"CD-101A - NA Online Teile-Zubeh\u00f6r Shop | apg | Cash Management Solutions\",\"isPartOf\":{\"@id\":\"https:\/\/apgsolutions.com\/de\/#website\"},\"primaryImageOfPage\":{\"@id\":\"https:\/\/apgsolutions.com\/de\/store\/cd-101a-printer-cable\/#primaryimage\"},\"image\":{\"@id\":\"https:\/\/apgsolutions.com\/de\/store\/cd-101a-printer-cable\/#primaryimage\"},\"thumbnailUrl\":\"https:\/\/apgsolutions.com\/wp-content\/uploads\/2014\/10\/cd-101a.jpg\",\"datePublished\":\"2026-01-26T14:21:49+00:00\",\"description\":\"5 Fu\u00df APG Kassenschubladenkabel zur Verwendung mit bestimmten Epson- oder Star-Druckern. Dieses Kabel ersetzt die Kabel CD-005A & CD-014A. SKU: CD-101A.\",\"breadcrumb\":{\"@id\":\"https:\/\/apgsolutions.com\/de\/store\/cd-101a-printer-cable\/#breadcrumb\"},\"inLanguage\":\"de\",\"potentialAction\":[{\"@type\":\"ReadAction\",\"target\":[\"https:\/\/apgsolutions.com\/de\/store\/cd-101a-printer-cable\/\"]}]},{\"@type\":\"ImageObject\",\"inLanguage\":\"de\",\"@id\":\"https:\/\/apgsolutions.com\/de\/store\/cd-101a-printer-cable\/#primaryimage\",\"url\":\"https:\/\/apgsolutions.com\/wp-content\/uploads\/2014\/10\/cd-101a.jpg\",\"contentUrl\":\"https:\/\/apgsolutions.com\/wp-content\/uploads\/2014\/10\/cd-101a.jpg\",\"width\":350,\"height\":350,\"caption\":\"cd-101a\"},{\"@type\":\"BreadcrumbList\",\"@id\":\"https:\/\/apgsolutions.com\/de\/store\/cd-101a-printer-cable\/#breadcrumb\",\"itemListElement\":[{\"@type\":\"ListItem\",\"position\":1,\"name\":\"U.S. Online Parts Store\",\"item\":\"https:\/\/apgsolutions.com\/store\/\"},{\"@type\":\"ListItem\",\"position\":2,\"name\":\"CD-101A\"}]},{\"@type\":\"WebSite\",\"@id\":\"https:\/\/apgsolutions.com\/de\/#website\",\"url\":\"https:\/\/apgsolutions.com\/de\/\",\"name\":\"APG Solutions, LLC\",\"description\":\"Trust at every point.\",\"publisher\":{\"@id\":\"https:\/\/apgsolutions.com\/de\/#organization\"},\"potentialAction\":[{\"@type\":\"SearchAction\",\"target\":{\"@type\":\"EntryPoint\",\"urlTemplate\":\"https:\/\/apgsolutions.com\/de\/?s={search_term_string}\"},\"query-input\":{\"@type\":\"PropertyValueSpecification\",\"valueRequired\":true,\"valueName\":\"search_term_string\"}}],\"inLanguage\":\"de\"},{\"@type\":\"Organization\",\"@id\":\"https:\/\/apgsolutions.com\/de\/#organization\",\"name\":\"APG Solution, LLC\",\"url\":\"https:\/\/apgsolutions.com\/de\/\",\"logo\":{\"@type\":\"ImageObject\",\"inLanguage\":\"de\",\"@id\":\"https:\/\/apgsolutions.com\/de\/#\/schema\/logo\/image\/\",\"url\":\"https:\/\/apgsolutions.com\/wp-content\/uploads\/2023\/12\/logomark-color.svg\",\"contentUrl\":\"https:\/\/apgsolutions.com\/wp-content\/uploads\/2023\/12\/logomark-color.svg\",\"width\":141,\"height\":138,\"caption\":\"APG Solution, LLC\"},\"image\":{\"@id\":\"https:\/\/apgsolutions.com\/de\/#\/schema\/logo\/image\/\"},\"sameAs\":[\"https:\/\/www.facebook.com\/apgglobalsolutions\",\"https:\/\/x.com\/apg_solutions\",\"https:\/\/www.youtube.com\/c\/CashManagementGlobalSolutionsbyapg\",\"https:\/\/www.linkedin.com\/company\/apgglobalsolutions\/\",\"https:\/\/www.instagram.com\/apgglobalsolutions\/\",\"https:\/\/www.pinterest.com\/apgcashdrawer\/\"]}]}<\/script>\n<!-- \/ Yoast SEO Premium plugin. -->","yoast_head_json":{"title":"CD-101A - NA Online Teile-Zubeh\u00f6r Shop | apg | Cash Management Solutions","description":"5 Fu\u00df APG Kassenschubladenkabel zur Verwendung mit bestimmten Epson- oder Star-Druckern. Dieses Kabel ersetzt die Kabel CD-005A & CD-014A. SKU: CD-101A.","robots":{"index":"index","follow":"follow","max-snippet":"max-snippet:-1","max-image-preview":"max-image-preview:large","max-video-preview":"max-video-preview:-1"},"canonical":"https:\/\/apgsolutions.com\/de\/store\/cd-101a-printer-cable\/","og_locale":"de_DE","og_type":"article","og_title":"CD-101A - NA Online Teile-Zubeh\u00f6r Shop | apg | Cash Management Solutions","og_description":"5 Fu\u00df APG Kassenschubladenkabel zur Verwendung mit bestimmten Epson- oder Star-Druckern. Dieses Kabel ersetzt die Kabel CD-005A & CD-014A. SKU: CD-101A.","og_url":"https:\/\/apgsolutions.com\/de\/store\/cd-101a-printer-cable\/","og_site_name":"apg\u00ae Solutions","article_publisher":"https:\/\/www.facebook.com\/apgglobalsolutions","og_image":[{"width":350,"height":350,"url":"https:\/\/apgsolutions.com\/wp-content\/uploads\/2014\/10\/cd-101a.jpg","type":"image\/jpeg"}],"twitter_card":"summary_large_image","twitter_site":"@apg_solutions","twitter_misc":{"Gesch\u00e4tzte Lesezeit":"1\u00a0Minute"},"schema":{"@context":"https:\/\/schema.org","@graph":[{"@type":"WebPage","@id":"https:\/\/apgsolutions.com\/de\/store\/cd-101a-printer-cable\/","url":"https:\/\/apgsolutions.com\/de\/store\/cd-101a-printer-cable\/","name":"CD-101A - NA Online Teile-Zubeh\u00f6r Shop | apg | Cash Management Solutions","isPartOf":{"@id":"https:\/\/apgsolutions.com\/de\/#website"},"primaryImageOfPage":{"@id":"https:\/\/apgsolutions.com\/de\/store\/cd-101a-printer-cable\/#primaryimage"},"image":{"@id":"https:\/\/apgsolutions.com\/de\/store\/cd-101a-printer-cable\/#primaryimage"},"thumbnailUrl":"https:\/\/apgsolutions.com\/wp-content\/uploads\/2014\/10\/cd-101a.jpg","datePublished":"2026-01-26T14:21:49+00:00","description":"5 Fu\u00df APG Kassenschubladenkabel zur Verwendung mit bestimmten Epson- oder Star-Druckern. Dieses Kabel ersetzt die Kabel CD-005A & CD-014A. SKU: CD-101A.","breadcrumb":{"@id":"https:\/\/apgsolutions.com\/de\/store\/cd-101a-printer-cable\/#breadcrumb"},"inLanguage":"de","potentialAction":[{"@type":"ReadAction","target":["https:\/\/apgsolutions.com\/de\/store\/cd-101a-printer-cable\/"]}]},{"@type":"ImageObject","inLanguage":"de","@id":"https:\/\/apgsolutions.com\/de\/store\/cd-101a-printer-cable\/#primaryimage","url":"https:\/\/apgsolutions.com\/wp-content\/uploads\/2014\/10\/cd-101a.jpg","contentUrl":"https:\/\/apgsolutions.com\/wp-content\/uploads\/2014\/10\/cd-101a.jpg","width":350,"height":350,"caption":"cd-101a"},{"@type":"BreadcrumbList","@id":"https:\/\/apgsolutions.com\/de\/store\/cd-101a-printer-cable\/#breadcrumb","itemListElement":[{"@type":"ListItem","position":1,"name":"U.S. Online Parts Store","item":"https:\/\/apgsolutions.com\/store\/"},{"@type":"ListItem","position":2,"name":"CD-101A"}]},{"@type":"WebSite","@id":"https:\/\/apgsolutions.com\/de\/#website","url":"https:\/\/apgsolutions.com\/de\/","name":"APG Solutions, LLC","description":"Trust at every point.","publisher":{"@id":"https:\/\/apgsolutions.com\/de\/#organization"},"potentialAction":[{"@type":"SearchAction","target":{"@type":"EntryPoint","urlTemplate":"https:\/\/apgsolutions.com\/de\/?s={search_term_string}"},"query-input":{"@type":"PropertyValueSpecification","valueRequired":true,"valueName":"search_term_string"}}],"inLanguage":"de"},{"@type":"Organization","@id":"https:\/\/apgsolutions.com\/de\/#organization","name":"APG Solution, LLC","url":"https:\/\/apgsolutions.com\/de\/","logo":{"@type":"ImageObject","inLanguage":"de","@id":"https:\/\/apgsolutions.com\/de\/#\/schema\/logo\/image\/","url":"https:\/\/apgsolutions.com\/wp-content\/uploads\/2023\/12\/logomark-color.svg","contentUrl":"https:\/\/apgsolutions.com\/wp-content\/uploads\/2023\/12\/logomark-color.svg","width":141,"height":138,"caption":"APG Solution, LLC"},"image":{"@id":"https:\/\/apgsolutions.com\/de\/#\/schema\/logo\/image\/"},"sameAs":["https:\/\/www.facebook.com\/apgglobalsolutions","https:\/\/x.com\/apg_solutions","https:\/\/www.youtube.com\/c\/CashManagementGlobalSolutionsbyapg","https:\/\/www.linkedin.com\/company\/apgglobalsolutions\/","https:\/\/www.instagram.com\/apgglobalsolutions\/","https:\/\/www.pinterest.com\/apgcashdrawer\/"]}]}},"acf":[],"_links":{"self":[{"href":"https:\/\/apgsolutions.com\/de\/wp-json\/wp\/v2\/product\/101803","targetHints":{"allow":["GET"]}}],"collection":[{"href":"https:\/\/apgsolutions.com\/de\/wp-json\/wp\/v2\/product"}],"about":[{"href":"https:\/\/apgsolutions.com\/de\/wp-json\/wp\/v2\/types\/product"}],"wp:featuredmedia":[{"embeddable":true,"href":"https:\/\/apgsolutions.com\/de\/wp-json\/wp\/v2\/media\/88605"}],"wp:attachment":[{"href":"https:\/\/apgsolutions.com\/de\/wp-json\/wp\/v2\/media?parent=101803"}],"wp:term":[{"taxonomy":"product_brand","embeddable":true,"href":"https:\/\/apgsolutions.com\/de\/wp-json\/wp\/v2\/product_brand?post=101803"},{"taxonomy":"product_cat","embeddable":true,"href":"https:\/\/apgsolutions.com\/de\/wp-json\/wp\/v2\/product_cat?post=101803"},{"taxonomy":"product_tag","embeddable":true,"href":"https:\/\/apgsolutions.com\/de\/wp-json\/wp\/v2\/product_tag?post=101803"}],"curies":[{"name":"wp","href":"https:\/\/api.w.org\/{rel}","templated":true}]}}