{"id":101814,"date":"2026-01-26T14:24:52","date_gmt":"2026-01-26T14:24:52","guid":{"rendered":"https:\/\/apgsolutions.com\/store\/vpk-15b-4a-bx\/"},"modified":"2026-01-26T14:24:52","modified_gmt":"2026-01-26T14:24:52","slug":"vpk-15b-4a-bx","status":"publish","type":"product","link":"https:\/\/apgsolutions.com\/de\/store\/vpk-15b-4a-bx\/","title":{"rendered":"VPK-15B-4A-BX"},"content":{"rendered":"<p>Verstellbare Banknotenbreiten, herausnehmbares M\u00fcnzfach, 4 Banknoten x 8 M\u00fcnzen, Euro-f\u00e4hig, passend f\u00fcr Kassenschubladen der Gr\u00f6\u00dfen Vasario 1416 und Serie 4000 1317. Die Kasse misst 12,7 x 11,7 x 2,2 Zoll \/ 321 x 297 x 56 mm. W\u00e4hrungen, die in diese Kasse passen: Taiwan New Dollar, ungarischer Forint, lettischer Lats, litauischer Litas, australischer Dollar, thail\u00e4ndischer Baht, t\u00fcrkische Lira, Schweizer Franken, jamaikanischer Dollar, neuseel\u00e4ndischer Dollar, kenianischer Schilling, bahrainischer Dinar, bolivianische Bolivianos, chilenischer Peso, chinesischer Renminbi, costaricanischer Colon, d\u00e4nische Krone, israelischer neuer Schekel, kanadischer Dollar, jordanischer Dinar, russischer Rubel  <\/p>\n","protected":false},"excerpt":{"rendered":"<p>Einstellbare Banknotenbreiten, herausnehmbares M\u00fcnzfach, Euro-f\u00e4hig, passend f\u00fcr Vasario 1416 Kassenschubladen<\/p>\n","protected":false},"featured_media":68609,"template":"","meta":{"_acf_changed":false,"content-type":""},"product_brand":[],"product_cat":[741,744,751,777,745,743,742,773],"product_tag":[],"class_list":{"0":"post-101814","1":"product","2":"type-product","3":"status-publish","4":"has-post-thumbnail","6":"product_cat-alle-produkte","7":"product_cat-heavy-duty-zubehoer","8":"product_cat-kassen-einsaetze","11":"product_cat-serie-4000","12":"product_cat-teile-zubehoer","13":"product_cat-zubehoer-fuer-die-standardausfuehrung","15":"first","16":"instock","17":"taxable","18":"shipping-taxable","19":"purchasable","20":"product-type-simple"},"yoast_head":"<!-- This site is optimized with the Yoast SEO Premium plugin v23.5 (Yoast SEO v27.2) - https:\/\/yoast.com\/product\/yoast-seo-premium-wordpress\/ -->\n<title>VPK-15B-4A-BX - NA Online Teile Zubeh\u00f6r Shop | apg | Cash Management Solutions<\/title>\n<meta name=\"description\" content=\"Vasario 1416 Till. SKU: VPK-15B-4A-BX. Klicken Sie hier, um den Online Shop f\u00fcr Ersatzteile und Zubeh\u00f6r von APG Cash Drawer zu durchsuchen und dieses Zubeh\u00f6r noch heute zu kaufen.\" \/>\n<meta name=\"robots\" content=\"index, follow, max-snippet:-1, max-image-preview:large, max-video-preview:-1\" \/>\n<link rel=\"canonical\" href=\"https:\/\/apgsolutions.com\/de\/store\/vpk-15b-4a-bx\/\" \/>\n<meta property=\"og:locale\" content=\"de_DE\" \/>\n<meta property=\"og:type\" content=\"article\" \/>\n<meta property=\"og:title\" content=\"VPK-15B-4A-BX - NA Online Teile Zubeh\u00f6r Shop | apg | Cash Management Solutions\" \/>\n<meta property=\"og:description\" content=\"Vasario 1416 Till. SKU: VPK-15B-4A-BX. Klicken Sie hier, um den Online Shop f\u00fcr Ersatzteile und Zubeh\u00f6r von APG Cash Drawer zu durchsuchen und dieses Zubeh\u00f6r noch heute zu kaufen.\" \/>\n<meta property=\"og:url\" content=\"https:\/\/apgsolutions.com\/de\/store\/vpk-15b-4a-bx\/\" \/>\n<meta property=\"og:site_name\" content=\"apg\u00ae Solutions\" \/>\n<meta property=\"article:publisher\" content=\"https:\/\/www.facebook.com\/apgglobalsolutions\" \/>\n<meta property=\"og:image\" content=\"https:\/\/apgsolutions.com\/wp-content\/uploads\/2023\/07\/VPK-15B-4A-BX.jpg\" \/>\n\t<meta property=\"og:image:width\" content=\"295\" \/>\n\t<meta property=\"og:image:height\" content=\"295\" \/>\n\t<meta property=\"og:image:type\" content=\"image\/jpeg\" \/>\n<meta name=\"twitter:card\" content=\"summary_large_image\" \/>\n<meta name=\"twitter:site\" content=\"@apg_solutions\" \/>\n<script type=\"application\/ld+json\" class=\"yoast-schema-graph\">{\"@context\":\"https:\/\/schema.org\",\"@graph\":[{\"@type\":\"WebPage\",\"@id\":\"https:\/\/apgsolutions.com\/de\/store\/vpk-15b-4a-bx\/\",\"url\":\"https:\/\/apgsolutions.com\/de\/store\/vpk-15b-4a-bx\/\",\"name\":\"VPK-15B-4A-BX - NA Online Teile Zubeh\u00f6r Shop | apg | Cash Management Solutions\",\"isPartOf\":{\"@id\":\"https:\/\/apgsolutions.com\/de\/#website\"},\"primaryImageOfPage\":{\"@id\":\"https:\/\/apgsolutions.com\/de\/store\/vpk-15b-4a-bx\/#primaryimage\"},\"image\":{\"@id\":\"https:\/\/apgsolutions.com\/de\/store\/vpk-15b-4a-bx\/#primaryimage\"},\"thumbnailUrl\":\"https:\/\/apgsolutions.com\/wp-content\/uploads\/2023\/07\/VPK-15B-4A-BX.jpg\",\"datePublished\":\"2026-01-26T14:24:52+00:00\",\"description\":\"Vasario 1416 Till. SKU: VPK-15B-4A-BX. Klicken Sie hier, um den Online Shop f\u00fcr Ersatzteile und Zubeh\u00f6r von APG Cash Drawer zu durchsuchen und dieses Zubeh\u00f6r noch heute zu kaufen.\",\"breadcrumb\":{\"@id\":\"https:\/\/apgsolutions.com\/de\/store\/vpk-15b-4a-bx\/#breadcrumb\"},\"inLanguage\":\"de\",\"potentialAction\":[{\"@type\":\"ReadAction\",\"target\":[\"https:\/\/apgsolutions.com\/de\/store\/vpk-15b-4a-bx\/\"]}]},{\"@type\":\"ImageObject\",\"inLanguage\":\"de\",\"@id\":\"https:\/\/apgsolutions.com\/de\/store\/vpk-15b-4a-bx\/#primaryimage\",\"url\":\"https:\/\/apgsolutions.com\/wp-content\/uploads\/2023\/07\/VPK-15B-4A-BX.jpg\",\"contentUrl\":\"https:\/\/apgsolutions.com\/wp-content\/uploads\/2023\/07\/VPK-15B-4A-BX.jpg\",\"width\":295,\"height\":295,\"caption\":\"VPK-15B-4A-BX\"},{\"@type\":\"BreadcrumbList\",\"@id\":\"https:\/\/apgsolutions.com\/de\/store\/vpk-15b-4a-bx\/#breadcrumb\",\"itemListElement\":[{\"@type\":\"ListItem\",\"position\":1,\"name\":\"U.S. Online Parts Store\",\"item\":\"https:\/\/apgsolutions.com\/store\/\"},{\"@type\":\"ListItem\",\"position\":2,\"name\":\"VPK-15B-4A-BX\"}]},{\"@type\":\"WebSite\",\"@id\":\"https:\/\/apgsolutions.com\/de\/#website\",\"url\":\"https:\/\/apgsolutions.com\/de\/\",\"name\":\"APG Solutions, LLC\",\"description\":\"Trust at every point.\",\"publisher\":{\"@id\":\"https:\/\/apgsolutions.com\/de\/#organization\"},\"potentialAction\":[{\"@type\":\"SearchAction\",\"target\":{\"@type\":\"EntryPoint\",\"urlTemplate\":\"https:\/\/apgsolutions.com\/de\/?s={search_term_string}\"},\"query-input\":{\"@type\":\"PropertyValueSpecification\",\"valueRequired\":true,\"valueName\":\"search_term_string\"}}],\"inLanguage\":\"de\"},{\"@type\":\"Organization\",\"@id\":\"https:\/\/apgsolutions.com\/de\/#organization\",\"name\":\"APG Solution, LLC\",\"url\":\"https:\/\/apgsolutions.com\/de\/\",\"logo\":{\"@type\":\"ImageObject\",\"inLanguage\":\"de\",\"@id\":\"https:\/\/apgsolutions.com\/de\/#\/schema\/logo\/image\/\",\"url\":\"https:\/\/apgsolutions.com\/wp-content\/uploads\/2023\/12\/logomark-color.svg\",\"contentUrl\":\"https:\/\/apgsolutions.com\/wp-content\/uploads\/2023\/12\/logomark-color.svg\",\"width\":141,\"height\":138,\"caption\":\"APG Solution, LLC\"},\"image\":{\"@id\":\"https:\/\/apgsolutions.com\/de\/#\/schema\/logo\/image\/\"},\"sameAs\":[\"https:\/\/www.facebook.com\/apgglobalsolutions\",\"https:\/\/x.com\/apg_solutions\",\"https:\/\/www.youtube.com\/c\/CashManagementGlobalSolutionsbyapg\",\"https:\/\/www.linkedin.com\/company\/apgglobalsolutions\/\",\"https:\/\/www.instagram.com\/apgglobalsolutions\/\",\"https:\/\/www.pinterest.com\/apgcashdrawer\/\"]}]}<\/script>\n<!-- \/ Yoast SEO Premium plugin. -->","yoast_head_json":{"title":"VPK-15B-4A-BX - NA Online Teile Zubeh\u00f6r Shop | apg | Cash Management Solutions","description":"Vasario 1416 Till. SKU: VPK-15B-4A-BX. Klicken Sie hier, um den Online Shop f\u00fcr Ersatzteile und Zubeh\u00f6r von APG Cash Drawer zu durchsuchen und dieses Zubeh\u00f6r noch heute zu kaufen.","robots":{"index":"index","follow":"follow","max-snippet":"max-snippet:-1","max-image-preview":"max-image-preview:large","max-video-preview":"max-video-preview:-1"},"canonical":"https:\/\/apgsolutions.com\/de\/store\/vpk-15b-4a-bx\/","og_locale":"de_DE","og_type":"article","og_title":"VPK-15B-4A-BX - NA Online Teile Zubeh\u00f6r Shop | apg | Cash Management Solutions","og_description":"Vasario 1416 Till. SKU: VPK-15B-4A-BX. Klicken Sie hier, um den Online Shop f\u00fcr Ersatzteile und Zubeh\u00f6r von APG Cash Drawer zu durchsuchen und dieses Zubeh\u00f6r noch heute zu kaufen.","og_url":"https:\/\/apgsolutions.com\/de\/store\/vpk-15b-4a-bx\/","og_site_name":"apg\u00ae Solutions","article_publisher":"https:\/\/www.facebook.com\/apgglobalsolutions","og_image":[{"width":295,"height":295,"url":"https:\/\/apgsolutions.com\/wp-content\/uploads\/2023\/07\/VPK-15B-4A-BX.jpg","type":"image\/jpeg"}],"twitter_card":"summary_large_image","twitter_site":"@apg_solutions","schema":{"@context":"https:\/\/schema.org","@graph":[{"@type":"WebPage","@id":"https:\/\/apgsolutions.com\/de\/store\/vpk-15b-4a-bx\/","url":"https:\/\/apgsolutions.com\/de\/store\/vpk-15b-4a-bx\/","name":"VPK-15B-4A-BX - NA Online Teile Zubeh\u00f6r Shop | apg | Cash Management Solutions","isPartOf":{"@id":"https:\/\/apgsolutions.com\/de\/#website"},"primaryImageOfPage":{"@id":"https:\/\/apgsolutions.com\/de\/store\/vpk-15b-4a-bx\/#primaryimage"},"image":{"@id":"https:\/\/apgsolutions.com\/de\/store\/vpk-15b-4a-bx\/#primaryimage"},"thumbnailUrl":"https:\/\/apgsolutions.com\/wp-content\/uploads\/2023\/07\/VPK-15B-4A-BX.jpg","datePublished":"2026-01-26T14:24:52+00:00","description":"Vasario 1416 Till. SKU: VPK-15B-4A-BX. Klicken Sie hier, um den Online Shop f\u00fcr Ersatzteile und Zubeh\u00f6r von APG Cash Drawer zu durchsuchen und dieses Zubeh\u00f6r noch heute zu kaufen.","breadcrumb":{"@id":"https:\/\/apgsolutions.com\/de\/store\/vpk-15b-4a-bx\/#breadcrumb"},"inLanguage":"de","potentialAction":[{"@type":"ReadAction","target":["https:\/\/apgsolutions.com\/de\/store\/vpk-15b-4a-bx\/"]}]},{"@type":"ImageObject","inLanguage":"de","@id":"https:\/\/apgsolutions.com\/de\/store\/vpk-15b-4a-bx\/#primaryimage","url":"https:\/\/apgsolutions.com\/wp-content\/uploads\/2023\/07\/VPK-15B-4A-BX.jpg","contentUrl":"https:\/\/apgsolutions.com\/wp-content\/uploads\/2023\/07\/VPK-15B-4A-BX.jpg","width":295,"height":295,"caption":"VPK-15B-4A-BX"},{"@type":"BreadcrumbList","@id":"https:\/\/apgsolutions.com\/de\/store\/vpk-15b-4a-bx\/#breadcrumb","itemListElement":[{"@type":"ListItem","position":1,"name":"U.S. Online Parts Store","item":"https:\/\/apgsolutions.com\/store\/"},{"@type":"ListItem","position":2,"name":"VPK-15B-4A-BX"}]},{"@type":"WebSite","@id":"https:\/\/apgsolutions.com\/de\/#website","url":"https:\/\/apgsolutions.com\/de\/","name":"APG Solutions, LLC","description":"Trust at every point.","publisher":{"@id":"https:\/\/apgsolutions.com\/de\/#organization"},"potentialAction":[{"@type":"SearchAction","target":{"@type":"EntryPoint","urlTemplate":"https:\/\/apgsolutions.com\/de\/?s={search_term_string}"},"query-input":{"@type":"PropertyValueSpecification","valueRequired":true,"valueName":"search_term_string"}}],"inLanguage":"de"},{"@type":"Organization","@id":"https:\/\/apgsolutions.com\/de\/#organization","name":"APG Solution, LLC","url":"https:\/\/apgsolutions.com\/de\/","logo":{"@type":"ImageObject","inLanguage":"de","@id":"https:\/\/apgsolutions.com\/de\/#\/schema\/logo\/image\/","url":"https:\/\/apgsolutions.com\/wp-content\/uploads\/2023\/12\/logomark-color.svg","contentUrl":"https:\/\/apgsolutions.com\/wp-content\/uploads\/2023\/12\/logomark-color.svg","width":141,"height":138,"caption":"APG Solution, LLC"},"image":{"@id":"https:\/\/apgsolutions.com\/de\/#\/schema\/logo\/image\/"},"sameAs":["https:\/\/www.facebook.com\/apgglobalsolutions","https:\/\/x.com\/apg_solutions","https:\/\/www.youtube.com\/c\/CashManagementGlobalSolutionsbyapg","https:\/\/www.linkedin.com\/company\/apgglobalsolutions\/","https:\/\/www.instagram.com\/apgglobalsolutions\/","https:\/\/www.pinterest.com\/apgcashdrawer\/"]}]}},"acf":[],"_links":{"self":[{"href":"https:\/\/apgsolutions.com\/de\/wp-json\/wp\/v2\/product\/101814","targetHints":{"allow":["GET"]}}],"collection":[{"href":"https:\/\/apgsolutions.com\/de\/wp-json\/wp\/v2\/product"}],"about":[{"href":"https:\/\/apgsolutions.com\/de\/wp-json\/wp\/v2\/types\/product"}],"wp:featuredmedia":[{"embeddable":true,"href":"https:\/\/apgsolutions.com\/de\/wp-json\/wp\/v2\/media\/68609"}],"wp:attachment":[{"href":"https:\/\/apgsolutions.com\/de\/wp-json\/wp\/v2\/media?parent=101814"}],"wp:term":[{"taxonomy":"product_brand","embeddable":true,"href":"https:\/\/apgsolutions.com\/de\/wp-json\/wp\/v2\/product_brand?post=101814"},{"taxonomy":"product_cat","embeddable":true,"href":"https:\/\/apgsolutions.com\/de\/wp-json\/wp\/v2\/product_cat?post=101814"},{"taxonomy":"product_tag","embeddable":true,"href":"https:\/\/apgsolutions.com\/de\/wp-json\/wp\/v2\/product_tag?post=101814"}],"curies":[{"name":"wp","href":"https:\/\/api.w.org\/{rel}","templated":true}]}}