{"id":101839,"date":"2026-01-26T14:28:17","date_gmt":"2026-01-26T14:28:17","guid":{"rendered":"https:\/\/apgsolutions.com\/store\/pk-411r10sa\/"},"modified":"2026-01-26T14:28:17","modified_gmt":"2026-01-26T14:28:17","slug":"pk-411r10sa","status":"publish","type":"product","link":"https:\/\/apgsolutions.com\/de\/store\/pk-411r10sa\/","title":{"rendered":"PK-411R10SA"},"content":{"rendered":"<p>Solenoid-Baugruppe; 12v, 10 Ohm Solenoid, O-Ring &amp; Plunger<\/p>\n","protected":false},"excerpt":{"rendered":"<p>Magnetspule; 12v, 10 Ohm Magnetspule, O-Ring&#8230;<\/p>\n","protected":false},"featured_media":68553,"template":"","meta":{"_acf_changed":false,"content-type":""},"product_brand":[],"product_cat":[741,787,750,742],"product_tag":[],"class_list":{"0":"post-101839","1":"product","2":"type-product","3":"status-publish","4":"has-post-thumbnail","6":"product_cat-alle-produkte","7":"product_cat-andere-teile","8":"product_cat-serie-100","9":"product_cat-teile-zubehoer","11":"first","12":"instock","13":"taxable","14":"shipping-taxable","15":"purchasable","16":"product-type-simple"},"yoast_head":"<!-- This site is optimized with the Yoast SEO Premium plugin v23.5 (Yoast SEO v27.2) - https:\/\/yoast.com\/product\/yoast-seo-premium-wordpress\/ -->\n<title>PK-411R10SA - NA Online Teile Zubeh\u00f6r Shop | apg | Cash Management Solutions<\/title>\n<meta name=\"description\" content=\"12V-Magnetventil-Baugruppe. SKU: PK-411R10SA. Klicken Sie hier, um den Online Shop f\u00fcr Ersatzteile und Zubeh\u00f6r von APG Cash Drawer zu durchsuchen und dieses Zubeh\u00f6r noch heute zu kaufen.\" \/>\n<meta name=\"robots\" content=\"index, follow, max-snippet:-1, max-image-preview:large, max-video-preview:-1\" \/>\n<link rel=\"canonical\" href=\"https:\/\/apgsolutions.com\/de\/store\/pk-411r10sa\/\" \/>\n<meta property=\"og:locale\" content=\"de_DE\" \/>\n<meta property=\"og:type\" content=\"article\" \/>\n<meta property=\"og:title\" content=\"PK-411R10SA - NA Online Teile Zubeh\u00f6r Shop | apg | Cash Management Solutions\" \/>\n<meta property=\"og:description\" content=\"12V-Magnetventil-Baugruppe. SKU: PK-411R10SA. Klicken Sie hier, um den Online Shop f\u00fcr Ersatzteile und Zubeh\u00f6r von APG Cash Drawer zu durchsuchen und dieses Zubeh\u00f6r noch heute zu kaufen.\" \/>\n<meta property=\"og:url\" content=\"https:\/\/apgsolutions.com\/de\/store\/pk-411r10sa\/\" \/>\n<meta property=\"og:site_name\" content=\"apg\u00ae Solutions\" \/>\n<meta property=\"article:publisher\" content=\"https:\/\/www.facebook.com\/apgglobalsolutions\" \/>\n<meta property=\"og:image\" content=\"https:\/\/apgsolutions.com\/wp-content\/uploads\/2023\/07\/Solenoid-PK-411R10SA.jpg\" \/>\n\t<meta property=\"og:image:width\" content=\"295\" \/>\n\t<meta property=\"og:image:height\" content=\"295\" \/>\n\t<meta property=\"og:image:type\" content=\"image\/jpeg\" \/>\n<meta name=\"twitter:card\" content=\"summary_large_image\" \/>\n<meta name=\"twitter:site\" content=\"@apg_solutions\" \/>\n<script type=\"application\/ld+json\" class=\"yoast-schema-graph\">{\"@context\":\"https:\/\/schema.org\",\"@graph\":[{\"@type\":\"WebPage\",\"@id\":\"https:\/\/apgsolutions.com\/de\/store\/pk-411r10sa\/\",\"url\":\"https:\/\/apgsolutions.com\/de\/store\/pk-411r10sa\/\",\"name\":\"PK-411R10SA - NA Online Teile Zubeh\u00f6r Shop | apg | Cash Management Solutions\",\"isPartOf\":{\"@id\":\"https:\/\/apgsolutions.com\/de\/#website\"},\"primaryImageOfPage\":{\"@id\":\"https:\/\/apgsolutions.com\/de\/store\/pk-411r10sa\/#primaryimage\"},\"image\":{\"@id\":\"https:\/\/apgsolutions.com\/de\/store\/pk-411r10sa\/#primaryimage\"},\"thumbnailUrl\":\"https:\/\/apgsolutions.com\/wp-content\/uploads\/2023\/07\/Solenoid-PK-411R10SA.jpg\",\"datePublished\":\"2026-01-26T14:28:17+00:00\",\"description\":\"12V-Magnetventil-Baugruppe. SKU: PK-411R10SA. Klicken Sie hier, um den Online Shop f\u00fcr Ersatzteile und Zubeh\u00f6r von APG Cash Drawer zu durchsuchen und dieses Zubeh\u00f6r noch heute zu kaufen.\",\"breadcrumb\":{\"@id\":\"https:\/\/apgsolutions.com\/de\/store\/pk-411r10sa\/#breadcrumb\"},\"inLanguage\":\"de\",\"potentialAction\":[{\"@type\":\"ReadAction\",\"target\":[\"https:\/\/apgsolutions.com\/de\/store\/pk-411r10sa\/\"]}]},{\"@type\":\"ImageObject\",\"inLanguage\":\"de\",\"@id\":\"https:\/\/apgsolutions.com\/de\/store\/pk-411r10sa\/#primaryimage\",\"url\":\"https:\/\/apgsolutions.com\/wp-content\/uploads\/2023\/07\/Solenoid-PK-411R10SA.jpg\",\"contentUrl\":\"https:\/\/apgsolutions.com\/wp-content\/uploads\/2023\/07\/Solenoid-PK-411R10SA.jpg\",\"width\":295,\"height\":295,\"caption\":\"Hubmagnet-PK-411R10SA\"},{\"@type\":\"BreadcrumbList\",\"@id\":\"https:\/\/apgsolutions.com\/de\/store\/pk-411r10sa\/#breadcrumb\",\"itemListElement\":[{\"@type\":\"ListItem\",\"position\":1,\"name\":\"U.S. Online Parts Store\",\"item\":\"https:\/\/apgsolutions.com\/store\/\"},{\"@type\":\"ListItem\",\"position\":2,\"name\":\"PK-411R10SA\"}]},{\"@type\":\"WebSite\",\"@id\":\"https:\/\/apgsolutions.com\/de\/#website\",\"url\":\"https:\/\/apgsolutions.com\/de\/\",\"name\":\"APG Solutions, LLC\",\"description\":\"Trust at every point.\",\"publisher\":{\"@id\":\"https:\/\/apgsolutions.com\/de\/#organization\"},\"potentialAction\":[{\"@type\":\"SearchAction\",\"target\":{\"@type\":\"EntryPoint\",\"urlTemplate\":\"https:\/\/apgsolutions.com\/de\/?s={search_term_string}\"},\"query-input\":{\"@type\":\"PropertyValueSpecification\",\"valueRequired\":true,\"valueName\":\"search_term_string\"}}],\"inLanguage\":\"de\"},{\"@type\":\"Organization\",\"@id\":\"https:\/\/apgsolutions.com\/de\/#organization\",\"name\":\"APG Solution, LLC\",\"url\":\"https:\/\/apgsolutions.com\/de\/\",\"logo\":{\"@type\":\"ImageObject\",\"inLanguage\":\"de\",\"@id\":\"https:\/\/apgsolutions.com\/de\/#\/schema\/logo\/image\/\",\"url\":\"https:\/\/apgsolutions.com\/wp-content\/uploads\/2023\/12\/logomark-color.svg\",\"contentUrl\":\"https:\/\/apgsolutions.com\/wp-content\/uploads\/2023\/12\/logomark-color.svg\",\"width\":141,\"height\":138,\"caption\":\"APG Solution, LLC\"},\"image\":{\"@id\":\"https:\/\/apgsolutions.com\/de\/#\/schema\/logo\/image\/\"},\"sameAs\":[\"https:\/\/www.facebook.com\/apgglobalsolutions\",\"https:\/\/x.com\/apg_solutions\",\"https:\/\/www.youtube.com\/c\/CashManagementGlobalSolutionsbyapg\",\"https:\/\/www.linkedin.com\/company\/apgglobalsolutions\/\",\"https:\/\/www.instagram.com\/apgglobalsolutions\/\",\"https:\/\/www.pinterest.com\/apgcashdrawer\/\"]}]}<\/script>\n<!-- \/ Yoast SEO Premium plugin. -->","yoast_head_json":{"title":"PK-411R10SA - NA Online Teile Zubeh\u00f6r Shop | apg | Cash Management Solutions","description":"12V-Magnetventil-Baugruppe. SKU: PK-411R10SA. Klicken Sie hier, um den Online Shop f\u00fcr Ersatzteile und Zubeh\u00f6r von APG Cash Drawer zu durchsuchen und dieses Zubeh\u00f6r noch heute zu kaufen.","robots":{"index":"index","follow":"follow","max-snippet":"max-snippet:-1","max-image-preview":"max-image-preview:large","max-video-preview":"max-video-preview:-1"},"canonical":"https:\/\/apgsolutions.com\/de\/store\/pk-411r10sa\/","og_locale":"de_DE","og_type":"article","og_title":"PK-411R10SA - NA Online Teile Zubeh\u00f6r Shop | apg | Cash Management Solutions","og_description":"12V-Magnetventil-Baugruppe. SKU: PK-411R10SA. Klicken Sie hier, um den Online Shop f\u00fcr Ersatzteile und Zubeh\u00f6r von APG Cash Drawer zu durchsuchen und dieses Zubeh\u00f6r noch heute zu kaufen.","og_url":"https:\/\/apgsolutions.com\/de\/store\/pk-411r10sa\/","og_site_name":"apg\u00ae Solutions","article_publisher":"https:\/\/www.facebook.com\/apgglobalsolutions","og_image":[{"width":295,"height":295,"url":"https:\/\/apgsolutions.com\/wp-content\/uploads\/2023\/07\/Solenoid-PK-411R10SA.jpg","type":"image\/jpeg"}],"twitter_card":"summary_large_image","twitter_site":"@apg_solutions","schema":{"@context":"https:\/\/schema.org","@graph":[{"@type":"WebPage","@id":"https:\/\/apgsolutions.com\/de\/store\/pk-411r10sa\/","url":"https:\/\/apgsolutions.com\/de\/store\/pk-411r10sa\/","name":"PK-411R10SA - NA Online Teile Zubeh\u00f6r Shop | apg | Cash Management Solutions","isPartOf":{"@id":"https:\/\/apgsolutions.com\/de\/#website"},"primaryImageOfPage":{"@id":"https:\/\/apgsolutions.com\/de\/store\/pk-411r10sa\/#primaryimage"},"image":{"@id":"https:\/\/apgsolutions.com\/de\/store\/pk-411r10sa\/#primaryimage"},"thumbnailUrl":"https:\/\/apgsolutions.com\/wp-content\/uploads\/2023\/07\/Solenoid-PK-411R10SA.jpg","datePublished":"2026-01-26T14:28:17+00:00","description":"12V-Magnetventil-Baugruppe. SKU: PK-411R10SA. Klicken Sie hier, um den Online Shop f\u00fcr Ersatzteile und Zubeh\u00f6r von APG Cash Drawer zu durchsuchen und dieses Zubeh\u00f6r noch heute zu kaufen.","breadcrumb":{"@id":"https:\/\/apgsolutions.com\/de\/store\/pk-411r10sa\/#breadcrumb"},"inLanguage":"de","potentialAction":[{"@type":"ReadAction","target":["https:\/\/apgsolutions.com\/de\/store\/pk-411r10sa\/"]}]},{"@type":"ImageObject","inLanguage":"de","@id":"https:\/\/apgsolutions.com\/de\/store\/pk-411r10sa\/#primaryimage","url":"https:\/\/apgsolutions.com\/wp-content\/uploads\/2023\/07\/Solenoid-PK-411R10SA.jpg","contentUrl":"https:\/\/apgsolutions.com\/wp-content\/uploads\/2023\/07\/Solenoid-PK-411R10SA.jpg","width":295,"height":295,"caption":"Hubmagnet-PK-411R10SA"},{"@type":"BreadcrumbList","@id":"https:\/\/apgsolutions.com\/de\/store\/pk-411r10sa\/#breadcrumb","itemListElement":[{"@type":"ListItem","position":1,"name":"U.S. Online Parts Store","item":"https:\/\/apgsolutions.com\/store\/"},{"@type":"ListItem","position":2,"name":"PK-411R10SA"}]},{"@type":"WebSite","@id":"https:\/\/apgsolutions.com\/de\/#website","url":"https:\/\/apgsolutions.com\/de\/","name":"APG Solutions, LLC","description":"Trust at every point.","publisher":{"@id":"https:\/\/apgsolutions.com\/de\/#organization"},"potentialAction":[{"@type":"SearchAction","target":{"@type":"EntryPoint","urlTemplate":"https:\/\/apgsolutions.com\/de\/?s={search_term_string}"},"query-input":{"@type":"PropertyValueSpecification","valueRequired":true,"valueName":"search_term_string"}}],"inLanguage":"de"},{"@type":"Organization","@id":"https:\/\/apgsolutions.com\/de\/#organization","name":"APG Solution, LLC","url":"https:\/\/apgsolutions.com\/de\/","logo":{"@type":"ImageObject","inLanguage":"de","@id":"https:\/\/apgsolutions.com\/de\/#\/schema\/logo\/image\/","url":"https:\/\/apgsolutions.com\/wp-content\/uploads\/2023\/12\/logomark-color.svg","contentUrl":"https:\/\/apgsolutions.com\/wp-content\/uploads\/2023\/12\/logomark-color.svg","width":141,"height":138,"caption":"APG Solution, LLC"},"image":{"@id":"https:\/\/apgsolutions.com\/de\/#\/schema\/logo\/image\/"},"sameAs":["https:\/\/www.facebook.com\/apgglobalsolutions","https:\/\/x.com\/apg_solutions","https:\/\/www.youtube.com\/c\/CashManagementGlobalSolutionsbyapg","https:\/\/www.linkedin.com\/company\/apgglobalsolutions\/","https:\/\/www.instagram.com\/apgglobalsolutions\/","https:\/\/www.pinterest.com\/apgcashdrawer\/"]}]}},"acf":[],"_links":{"self":[{"href":"https:\/\/apgsolutions.com\/de\/wp-json\/wp\/v2\/product\/101839","targetHints":{"allow":["GET"]}}],"collection":[{"href":"https:\/\/apgsolutions.com\/de\/wp-json\/wp\/v2\/product"}],"about":[{"href":"https:\/\/apgsolutions.com\/de\/wp-json\/wp\/v2\/types\/product"}],"wp:featuredmedia":[{"embeddable":true,"href":"https:\/\/apgsolutions.com\/de\/wp-json\/wp\/v2\/media\/68553"}],"wp:attachment":[{"href":"https:\/\/apgsolutions.com\/de\/wp-json\/wp\/v2\/media?parent=101839"}],"wp:term":[{"taxonomy":"product_brand","embeddable":true,"href":"https:\/\/apgsolutions.com\/de\/wp-json\/wp\/v2\/product_brand?post=101839"},{"taxonomy":"product_cat","embeddable":true,"href":"https:\/\/apgsolutions.com\/de\/wp-json\/wp\/v2\/product_cat?post=101839"},{"taxonomy":"product_tag","embeddable":true,"href":"https:\/\/apgsolutions.com\/de\/wp-json\/wp\/v2\/product_tag?post=101839"}],"curies":[{"name":"wp","href":"https:\/\/api.w.org\/{rel}","templated":true}]}}