{"id":99668,"date":"2026-01-23T10:56:17","date_gmt":"2026-01-23T10:56:17","guid":{"rendered":"https:\/\/apgsolutions.com\/store\/vpk-15b-3-bx\/"},"modified":"2026-01-23T10:56:17","modified_gmt":"2026-01-23T10:56:17","slug":"vpk-15b-3-bx","status":"publish","type":"product","link":"https:\/\/apgsolutions.com\/de\/store\/vpk-15b-3-bx\/","title":{"rendered":"VPK-15B-3-BX"},"content":{"rendered":"<p>Fester Geldschein- und M\u00fcnzbereich, Niederhalter f\u00fcr Geldscheine aus Draht, 5 Geldscheine x 5 M\u00fcnzen, passend f\u00fcr Vasario-Kassenschubladen der Gr\u00f6\u00dfe 1915. Die Kasse misst 16,0 x 11,0 x 2,2 Zoll \/ 407 x 278 x 55 mm. W\u00e4hrungen, die in diese Kasse passen: US Dollar, UAE Dirham, Saudi Riyal, Qatari Riyal, Norwegische Krone, Malaysischer Ringgit, Kuwaiti Dinar, Isl\u00e4ndische Krone, Estnische Krone, Bahama Dollar, Argentinischer Peso  <\/p>\n","protected":false},"excerpt":{"rendered":"<p>Feste Kasseneinheit 5\u00d75 Geldscheinhalter aus Draht &#8211; passend f\u00fcr Vasario Kassenschubladen der Gr\u00f6\u00dfe 1915.<\/p>\n<ul>\n<li>Schubladeneinsatz: Schwarzer ABS-Kunststoffeinsatz f\u00fcr die separat erh\u00e4ltlichen APG Vasario 1915 Kassenschubladen. Geeignet f\u00fcr Kassensysteme und zur vor\u00fcbergehenden Aufbewahrung von Geld. Verf\u00fcgt \u00fcber f\u00fcnf Geldscheinf\u00e4cher und f\u00fcnf M\u00fcnzf\u00e4cher zur Organisation von Bargeld.  <\/li>\n<li>DESIGN: Die Kasse besteht aus ABS-Kunststoff (Acrylnitril-Butadien-Styrol) und ist daher sehr stabil und widerstandsf\u00e4hig gegen St\u00f6\u00dfe und Abrieb. Sie ist mit federbelasteten Geldscheinhaltern aus Draht ausgestattet, die die Geldscheine sicher an ihrem Platz halten, und l\u00e4sst sich zum Einlegen oder Herausnehmen von Geldscheinen aufklappen. <\/li>\n<li>SCHNELLER UND EINFACHER WECHSEL: Mit der Standard-Duty ABS-Kunststoffkasse k\u00f6nnen Sie schnell und einfach die verbrauchte Kasse austauschen oder abz\u00e4hlen, ohne die Transaktionszeiten zu verlangsamen.<\/li>\n<li>GELD NACH BEZEICHNUNG: In den f\u00fcnf F\u00e4chern ist das Geld nach Nennwert geordnet. Zu den kompatiblen W\u00e4hrungen geh\u00f6ren ARS, MYR und USD. <\/li>\n<li>ABMESSUNGEN: Die Kasse misst 16,0&#8243; x 11,0&#8243; x 2,2&#8243;. Kompatibel mit Kassenschubladen: Vasario 1915 <\/li>\n<\/ul>\n","protected":false},"featured_media":4505,"template":"","meta":{"_acf_changed":false,"content-type":""},"product_brand":[],"product_cat":[741,777,742,773],"product_tag":[],"class_list":{"0":"post-99668","1":"product","2":"type-product","3":"status-publish","4":"has-post-thumbnail","6":"product_cat-alle-produkte","7":"product_cat-kassen-einsaetze","8":"product_cat-teile-zubehoer","9":"product_cat-zubehoer-fuer-die-standardausfuehrung","11":"first","12":"instock","13":"taxable","14":"shipping-taxable","15":"purchasable","16":"product-type-simple"},"yoast_head":"<!-- This site is optimized with the Yoast SEO Premium plugin v23.5 (Yoast SEO v27.2) - https:\/\/yoast.com\/product\/yoast-seo-premium-wordpress\/ -->\n<title>VPK-15B-3-BX | apg\u00ae Online Teile Zubeh\u00f6r Shop<\/title>\n<meta name=\"description\" content=\"Vasario 1915 Till. SKU: VPK-15B-3-BX. Klicken Sie hier, um den Online Shop f\u00fcr Ersatzteile und Zubeh\u00f6r von APG Cash Drawer zu durchsuchen und dieses Zubeh\u00f6r noch heute zu kaufen.\" \/>\n<meta name=\"robots\" content=\"index, follow, max-snippet:-1, max-image-preview:large, max-video-preview:-1\" \/>\n<link rel=\"canonical\" href=\"https:\/\/apgsolutions.com\/de\/store\/vpk-15b-3-bx\/\" \/>\n<meta property=\"og:locale\" content=\"de_DE\" \/>\n<meta property=\"og:type\" content=\"article\" \/>\n<meta property=\"og:title\" content=\"VPK-15B-3-BX | apg\u00ae Online Teile Zubeh\u00f6r Shop\" \/>\n<meta property=\"og:description\" content=\"Vasario 1915 Till. SKU: VPK-15B-3-BX. Klicken Sie hier, um den Online Shop f\u00fcr Ersatzteile und Zubeh\u00f6r von APG Cash Drawer zu durchsuchen und dieses Zubeh\u00f6r noch heute zu kaufen.\" \/>\n<meta property=\"og:url\" content=\"https:\/\/apgsolutions.com\/de\/store\/vpk-15b-3-bx\/\" \/>\n<meta property=\"og:site_name\" content=\"apg\u00ae Solutions\" \/>\n<meta property=\"article:publisher\" content=\"https:\/\/www.facebook.com\/apgglobalsolutions\" \/>\n<meta property=\"og:image\" content=\"https:\/\/apgsolutions.com\/wp-content\/uploads\/2023\/05\/VPK-15B-3-BX.jpg\" \/>\n\t<meta property=\"og:image:width\" content=\"295\" \/>\n\t<meta property=\"og:image:height\" content=\"295\" \/>\n\t<meta property=\"og:image:type\" content=\"image\/jpeg\" \/>\n<meta name=\"twitter:card\" content=\"summary_large_image\" \/>\n<meta name=\"twitter:site\" content=\"@apg_solutions\" \/>\n<script type=\"application\/ld+json\" class=\"yoast-schema-graph\">{\"@context\":\"https:\/\/schema.org\",\"@graph\":[{\"@type\":\"WebPage\",\"@id\":\"https:\/\/apgsolutions.com\/de\/store\/vpk-15b-3-bx\/\",\"url\":\"https:\/\/apgsolutions.com\/de\/store\/vpk-15b-3-bx\/\",\"name\":\"VPK-15B-3-BX | apg\u00ae Online Teile Zubeh\u00f6r Shop\",\"isPartOf\":{\"@id\":\"https:\/\/apgsolutions.com\/de\/#website\"},\"primaryImageOfPage\":{\"@id\":\"https:\/\/apgsolutions.com\/de\/store\/vpk-15b-3-bx\/#primaryimage\"},\"image\":{\"@id\":\"https:\/\/apgsolutions.com\/de\/store\/vpk-15b-3-bx\/#primaryimage\"},\"thumbnailUrl\":\"https:\/\/apgsolutions.com\/wp-content\/uploads\/2023\/05\/VPK-15B-3-BX.jpg\",\"datePublished\":\"2026-01-23T10:56:17+00:00\",\"description\":\"Vasario 1915 Till. SKU: VPK-15B-3-BX. Klicken Sie hier, um den Online Shop f\u00fcr Ersatzteile und Zubeh\u00f6r von APG Cash Drawer zu durchsuchen und dieses Zubeh\u00f6r noch heute zu kaufen.\",\"breadcrumb\":{\"@id\":\"https:\/\/apgsolutions.com\/de\/store\/vpk-15b-3-bx\/#breadcrumb\"},\"inLanguage\":\"de\",\"potentialAction\":[{\"@type\":\"ReadAction\",\"target\":[\"https:\/\/apgsolutions.com\/de\/store\/vpk-15b-3-bx\/\"]}]},{\"@type\":\"ImageObject\",\"inLanguage\":\"de\",\"@id\":\"https:\/\/apgsolutions.com\/de\/store\/vpk-15b-3-bx\/#primaryimage\",\"url\":\"https:\/\/apgsolutions.com\/wp-content\/uploads\/2023\/05\/VPK-15B-3-BX.jpg\",\"contentUrl\":\"https:\/\/apgsolutions.com\/wp-content\/uploads\/2023\/05\/VPK-15B-3-BX.jpg\",\"width\":295,\"height\":295,\"caption\":\"VPK-15B-3-BX\"},{\"@type\":\"BreadcrumbList\",\"@id\":\"https:\/\/apgsolutions.com\/de\/store\/vpk-15b-3-bx\/#breadcrumb\",\"itemListElement\":[{\"@type\":\"ListItem\",\"position\":1,\"name\":\"U.S. Online Parts Store\",\"item\":\"https:\/\/apgsolutions.com\/store\/\"},{\"@type\":\"ListItem\",\"position\":2,\"name\":\"VPK-15B-3-BX\"}]},{\"@type\":\"WebSite\",\"@id\":\"https:\/\/apgsolutions.com\/de\/#website\",\"url\":\"https:\/\/apgsolutions.com\/de\/\",\"name\":\"APG Solutions, LLC\",\"description\":\"Trust at every point.\",\"publisher\":{\"@id\":\"https:\/\/apgsolutions.com\/de\/#organization\"},\"potentialAction\":[{\"@type\":\"SearchAction\",\"target\":{\"@type\":\"EntryPoint\",\"urlTemplate\":\"https:\/\/apgsolutions.com\/de\/?s={search_term_string}\"},\"query-input\":{\"@type\":\"PropertyValueSpecification\",\"valueRequired\":true,\"valueName\":\"search_term_string\"}}],\"inLanguage\":\"de\"},{\"@type\":\"Organization\",\"@id\":\"https:\/\/apgsolutions.com\/de\/#organization\",\"name\":\"APG Solution, LLC\",\"url\":\"https:\/\/apgsolutions.com\/de\/\",\"logo\":{\"@type\":\"ImageObject\",\"inLanguage\":\"de\",\"@id\":\"https:\/\/apgsolutions.com\/de\/#\/schema\/logo\/image\/\",\"url\":\"https:\/\/apgsolutions.com\/wp-content\/uploads\/2023\/12\/logomark-color.svg\",\"contentUrl\":\"https:\/\/apgsolutions.com\/wp-content\/uploads\/2023\/12\/logomark-color.svg\",\"width\":141,\"height\":138,\"caption\":\"APG Solution, LLC\"},\"image\":{\"@id\":\"https:\/\/apgsolutions.com\/de\/#\/schema\/logo\/image\/\"},\"sameAs\":[\"https:\/\/www.facebook.com\/apgglobalsolutions\",\"https:\/\/x.com\/apg_solutions\",\"https:\/\/www.youtube.com\/c\/CashManagementGlobalSolutionsbyapg\",\"https:\/\/www.linkedin.com\/company\/apgglobalsolutions\/\",\"https:\/\/www.instagram.com\/apgglobalsolutions\/\",\"https:\/\/www.pinterest.com\/apgcashdrawer\/\"]}]}<\/script>\n<!-- \/ Yoast SEO Premium plugin. -->","yoast_head_json":{"title":"VPK-15B-3-BX | apg\u00ae Online Teile Zubeh\u00f6r Shop","description":"Vasario 1915 Till. SKU: VPK-15B-3-BX. Klicken Sie hier, um den Online Shop f\u00fcr Ersatzteile und Zubeh\u00f6r von APG Cash Drawer zu durchsuchen und dieses Zubeh\u00f6r noch heute zu kaufen.","robots":{"index":"index","follow":"follow","max-snippet":"max-snippet:-1","max-image-preview":"max-image-preview:large","max-video-preview":"max-video-preview:-1"},"canonical":"https:\/\/apgsolutions.com\/de\/store\/vpk-15b-3-bx\/","og_locale":"de_DE","og_type":"article","og_title":"VPK-15B-3-BX | apg\u00ae Online Teile Zubeh\u00f6r Shop","og_description":"Vasario 1915 Till. SKU: VPK-15B-3-BX. Klicken Sie hier, um den Online Shop f\u00fcr Ersatzteile und Zubeh\u00f6r von APG Cash Drawer zu durchsuchen und dieses Zubeh\u00f6r noch heute zu kaufen.","og_url":"https:\/\/apgsolutions.com\/de\/store\/vpk-15b-3-bx\/","og_site_name":"apg\u00ae Solutions","article_publisher":"https:\/\/www.facebook.com\/apgglobalsolutions","og_image":[{"width":295,"height":295,"url":"https:\/\/apgsolutions.com\/wp-content\/uploads\/2023\/05\/VPK-15B-3-BX.jpg","type":"image\/jpeg"}],"twitter_card":"summary_large_image","twitter_site":"@apg_solutions","schema":{"@context":"https:\/\/schema.org","@graph":[{"@type":"WebPage","@id":"https:\/\/apgsolutions.com\/de\/store\/vpk-15b-3-bx\/","url":"https:\/\/apgsolutions.com\/de\/store\/vpk-15b-3-bx\/","name":"VPK-15B-3-BX | apg\u00ae Online Teile Zubeh\u00f6r Shop","isPartOf":{"@id":"https:\/\/apgsolutions.com\/de\/#website"},"primaryImageOfPage":{"@id":"https:\/\/apgsolutions.com\/de\/store\/vpk-15b-3-bx\/#primaryimage"},"image":{"@id":"https:\/\/apgsolutions.com\/de\/store\/vpk-15b-3-bx\/#primaryimage"},"thumbnailUrl":"https:\/\/apgsolutions.com\/wp-content\/uploads\/2023\/05\/VPK-15B-3-BX.jpg","datePublished":"2026-01-23T10:56:17+00:00","description":"Vasario 1915 Till. SKU: VPK-15B-3-BX. Klicken Sie hier, um den Online Shop f\u00fcr Ersatzteile und Zubeh\u00f6r von APG Cash Drawer zu durchsuchen und dieses Zubeh\u00f6r noch heute zu kaufen.","breadcrumb":{"@id":"https:\/\/apgsolutions.com\/de\/store\/vpk-15b-3-bx\/#breadcrumb"},"inLanguage":"de","potentialAction":[{"@type":"ReadAction","target":["https:\/\/apgsolutions.com\/de\/store\/vpk-15b-3-bx\/"]}]},{"@type":"ImageObject","inLanguage":"de","@id":"https:\/\/apgsolutions.com\/de\/store\/vpk-15b-3-bx\/#primaryimage","url":"https:\/\/apgsolutions.com\/wp-content\/uploads\/2023\/05\/VPK-15B-3-BX.jpg","contentUrl":"https:\/\/apgsolutions.com\/wp-content\/uploads\/2023\/05\/VPK-15B-3-BX.jpg","width":295,"height":295,"caption":"VPK-15B-3-BX"},{"@type":"BreadcrumbList","@id":"https:\/\/apgsolutions.com\/de\/store\/vpk-15b-3-bx\/#breadcrumb","itemListElement":[{"@type":"ListItem","position":1,"name":"U.S. Online Parts Store","item":"https:\/\/apgsolutions.com\/store\/"},{"@type":"ListItem","position":2,"name":"VPK-15B-3-BX"}]},{"@type":"WebSite","@id":"https:\/\/apgsolutions.com\/de\/#website","url":"https:\/\/apgsolutions.com\/de\/","name":"APG Solutions, LLC","description":"Trust at every point.","publisher":{"@id":"https:\/\/apgsolutions.com\/de\/#organization"},"potentialAction":[{"@type":"SearchAction","target":{"@type":"EntryPoint","urlTemplate":"https:\/\/apgsolutions.com\/de\/?s={search_term_string}"},"query-input":{"@type":"PropertyValueSpecification","valueRequired":true,"valueName":"search_term_string"}}],"inLanguage":"de"},{"@type":"Organization","@id":"https:\/\/apgsolutions.com\/de\/#organization","name":"APG Solution, LLC","url":"https:\/\/apgsolutions.com\/de\/","logo":{"@type":"ImageObject","inLanguage":"de","@id":"https:\/\/apgsolutions.com\/de\/#\/schema\/logo\/image\/","url":"https:\/\/apgsolutions.com\/wp-content\/uploads\/2023\/12\/logomark-color.svg","contentUrl":"https:\/\/apgsolutions.com\/wp-content\/uploads\/2023\/12\/logomark-color.svg","width":141,"height":138,"caption":"APG Solution, LLC"},"image":{"@id":"https:\/\/apgsolutions.com\/de\/#\/schema\/logo\/image\/"},"sameAs":["https:\/\/www.facebook.com\/apgglobalsolutions","https:\/\/x.com\/apg_solutions","https:\/\/www.youtube.com\/c\/CashManagementGlobalSolutionsbyapg","https:\/\/www.linkedin.com\/company\/apgglobalsolutions\/","https:\/\/www.instagram.com\/apgglobalsolutions\/","https:\/\/www.pinterest.com\/apgcashdrawer\/"]}]}},"acf":[],"_links":{"self":[{"href":"https:\/\/apgsolutions.com\/de\/wp-json\/wp\/v2\/product\/99668","targetHints":{"allow":["GET"]}}],"collection":[{"href":"https:\/\/apgsolutions.com\/de\/wp-json\/wp\/v2\/product"}],"about":[{"href":"https:\/\/apgsolutions.com\/de\/wp-json\/wp\/v2\/types\/product"}],"wp:featuredmedia":[{"embeddable":true,"href":"https:\/\/apgsolutions.com\/de\/wp-json\/wp\/v2\/media\/4505"}],"wp:attachment":[{"href":"https:\/\/apgsolutions.com\/de\/wp-json\/wp\/v2\/media?parent=99668"}],"wp:term":[{"taxonomy":"product_brand","embeddable":true,"href":"https:\/\/apgsolutions.com\/de\/wp-json\/wp\/v2\/product_brand?post=99668"},{"taxonomy":"product_cat","embeddable":true,"href":"https:\/\/apgsolutions.com\/de\/wp-json\/wp\/v2\/product_cat?post=99668"},{"taxonomy":"product_tag","embeddable":true,"href":"https:\/\/apgsolutions.com\/de\/wp-json\/wp\/v2\/product_tag?post=99668"}],"curies":[{"name":"wp","href":"https:\/\/api.w.org\/{rel}","templated":true}]}}