{"id":112116,"date":"2026-05-07T18:16:23","date_gmt":"2026-05-07T18:16:23","guid":{"rendered":"https:\/\/apgsolutions.com\/test-drivers-table\/"},"modified":"2026-05-07T18:36:02","modified_gmt":"2026-05-07T18:36:02","slug":"test-drivers-table","status":"publish","type":"page","link":"https:\/\/apgsolutions.com\/es\/test-drivers-table\/","title":{"rendered":"tabla de controladores de prueba"},"content":{"rendered":"\t\t<div data-elementor-type=\"wp-page\" data-elementor-id=\"112116\" class=\"elementor elementor-112116 elementor-112033\" data-elementor-post-type=\"page\">\n\t\t\t\t\t\t<section class=\"elementor-section elementor-top-section elementor-element elementor-element-2d4823c4 elementor-section-boxed elementor-section-height-default elementor-section-height-default exad-glass-effect-no exad-sticky-section-no\" data-id=\"2d4823c4\" data-element_type=\"section\" data-e-type=\"section\">\n\t\t\t\t\t\t<div class=\"elementor-container elementor-column-gap-wider\">\n\t\t\t\t\t<div class=\"elementor-column elementor-col-100 elementor-top-column elementor-element elementor-element-3640a1ce exad-glass-effect-no exad-sticky-section-no\" data-id=\"3640a1ce\" data-element_type=\"column\" data-e-type=\"column\">\n\t\t\t<div class=\"elementor-widget-wrap elementor-element-populated\">\n\t\t\t\t\t\t<div class=\"elementor-element elementor-element-79531611 elementor-widget__width-auto exad-sticky-section-no exad-glass-effect-no elementor-widget elementor-widget-text-editor\" data-id=\"79531611\" data-element_type=\"widget\" data-e-type=\"widget\" data-widget_type=\"text-editor.default\">\n\t\t\t\t<div class=\"elementor-widget-container\">\n\t\t\t\t\t\t\t\t\t<div class=\"wp-block-group is-style-stripes\">\n<p><\/p>\n<figure class=\"wp-block-table is-style-stripes\">\n<table>\n<thead>\n<tr>\n<th>Caracter\u00edsticas<\/th>\n<th style=\"text-align: center;\">NetPRO\u00ae 470<\/th>\n<th style=\"text-align: center;\">NetPRO\u00ae 480A<\/th>\n<th style=\"text-align: center;\">NetPRO\u00ae 490A<\/th>\n<th style=\"text-align: center;\">ShareTill<\/th>\n<\/tr>\n<\/thead>\n<tbody>\n<tr>\n<td>Eventos TCP del caj\u00f3n (Abre y Cierra)<\/td>\n<td style=\"text-align: center;\">\u2713<\/td>\n<td style=\"text-align: center;\">\u2713<\/td>\n<td style=\"text-align: center;\">\u2713<\/td>\n<td style=\"text-align: center;\">\u2713<\/td>\n<\/tr>\n<tr>\n<td>Anuncio UPD (Transmisi\u00f3n de caj\u00f3n)<\/td>\n<td style=\"text-align: center;\">\u2713<\/td>\n<td style=\"text-align: center;\">\u2713<\/td>\n<td style=\"text-align: center;\">\u2713<\/td>\n<td style=\"text-align: center;\">\u2713<\/td>\n<\/tr>\n<tr>\n<td>Soporte de c\u00f3digo de barras para la verificaci\u00f3n de proximidad del cajero<\/td>\n<td style=\"text-align: center;\">\u2713<\/td>\n<td style=\"text-align: center;\">\u2713<\/td>\n<td style=\"text-align: center;\">\u2713<\/td>\n<td style=\"text-align: center;\">\u2713<\/td>\n<\/tr>\n<tr>\n<td>Lista IP de confianza (Lista blanca de direcciones IP)<\/td>\n<td style=\"text-align: center;\"> <\/td>\n<td style=\"text-align: center;\">\u2713<\/td>\n<td style=\"text-align: center;\">\u2713<\/td>\n<td style=\"text-align: center;\">\u2713<\/td>\n<\/tr>\n<tr>\n<td>Registro de transacciones y configuraciones<\/td>\n<td style=\"text-align: center;\"> <\/td>\n<td style=\"text-align: center;\">\u2713<\/td>\n<td style=\"text-align: center;\">\u2713<\/td>\n<td style=\"text-align: center;\">\u2713<\/td>\n<\/tr>\n<tr>\n<td>Alteraci\u00f3n Audible (Al Abrir el Caj\u00f3n o Duraci\u00f3n de la Apertura del Caj\u00f3n)<\/td>\n<td style=\"text-align: center;\"> <\/td>\n<td style=\"text-align: center;\">\u2713<\/td>\n<td style=\"text-align: center;\">\u2713<\/td>\n<td style=\"text-align: center;\">\u2713<\/td>\n<\/tr>\n<tr>\n<td>Reloj de a bordo (para mensajes de registro)<\/td>\n<td style=\"text-align: center;\"> <\/td>\n<td style=\"text-align: center;\">\u2713<\/td>\n<td style=\"text-align: center;\">\u2713<\/td>\n<td style=\"text-align: center;\">\u2713<\/td>\n<\/tr>\n<tr>\n<td>Bater\u00eda de reserva para reloj<\/td>\n<td style=\"text-align: center;\"> <\/td>\n<td style=\"text-align: center;\">\u2713<\/td>\n<td style=\"text-align: center;\">\u2713<\/td>\n<td style=\"text-align: center;\">\u2713<\/td>\n<\/tr>\n<tr>\n<td>Fuente de alimentaci\u00f3n externa<\/td>\n<td style=\"text-align: center;\"> <\/td>\n<td style=\"text-align: center;\">\u2713<\/td>\n<td style=\"text-align: center;\"> <\/td>\n<td style=\"text-align: center;\">\u2713<\/td>\n<\/tr>\n<tr>\n<td>Alimentaci\u00f3n a trav\u00e9s de Ethernet<\/td>\n<td style=\"text-align: center;\"> <\/td>\n<td style=\"text-align: center;\"> <\/td>\n<td style=\"text-align: center;\">\u2713<\/td>\n<td style=\"text-align: center;\">\u2713<\/td>\n<\/tr>\n<tr>\n<td>Alimentaci\u00f3n USB<\/td>\n<td style=\"text-align: center;\"> <\/td>\n<td style=\"text-align: center;\"> <\/td>\n<td style=\"text-align: center;\"> <\/td>\n<td style=\"text-align: center;\">\u2713<\/td>\n<\/tr>\n<tr>\n<td>Registro en caj\u00f3n de eventos TCP y UDP (mensajer\u00eda de registro)<\/td>\n<td style=\"text-align: center;\"> <\/td>\n<td style=\"text-align: center;\">\u2713<\/td>\n<td style=\"text-align: center;\">\u2713<\/td>\n<td style=\"text-align: center;\">\u2713<\/td>\n<\/tr>\n<tr>\n<td>Ethernet inal\u00e1mbrica<\/td>\n<td style=\"text-align: center;\"> <\/td>\n<td style=\"text-align: center;\"> <\/td>\n<td style=\"text-align: center;\"> <\/td>\n<td style=\"text-align: center;\">\u2713<\/td>\n<\/tr>\n<tr>\n<td>Seguridad de la capa de transporte (TLS)<\/td>\n<td style=\"text-align: center;\"> <\/td>\n<td style=\"text-align: center;\"> <\/td>\n<td style=\"text-align: center;\"> <\/td>\n<td style=\"text-align: center;\">\u2713<\/td>\n<\/tr>\n<tr>\n<td>Bluetooth de baja energ\u00eda (BLE) para el aprovisionamiento Wi-Fi<\/td>\n<td style=\"text-align: center;\"> <\/td>\n<td style=\"text-align: center;\"> <\/td>\n<td style=\"text-align: center;\"> <\/td>\n<td style=\"text-align: center;\">\u2713<\/td>\n<\/tr>\n<tr>\n<td>Bluetooth de baja energ\u00eda (BLE) para el control de cajones<\/td>\n<td style=\"text-align: center;\"> <\/td>\n<td style=\"text-align: center;\"> <\/td>\n<td style=\"text-align: center;\"> <\/td>\n<td style=\"text-align: center;\">\u2713<\/td>\n<\/tr>\n<tr>\n<td>Soporte para Web Sockets<\/td>\n<td style=\"text-align: center;\"> <\/td>\n<td style=\"text-align: center;\"> <\/td>\n<td style=\"text-align: center;\"> <\/td>\n<td style=\"text-align: center;\">\u2713<\/td>\n<\/tr>\n<tr>\n<td>Servidor Web Integrado (Configuraci\u00f3n y Control del Caj\u00f3n)<\/td>\n<td style=\"text-align: center;\"> <\/td>\n<td style=\"text-align: center;\"> <\/td>\n<td style=\"text-align: center;\"> <\/td>\n<td style=\"text-align: center;\">\u2713<\/td>\n<\/tr>\n<tr>\n<td>Actualizaciones de firmware por aire (OTA)<\/td>\n<td style=\"text-align: center;\"> <\/td>\n<td style=\"text-align: center;\"> <\/td>\n<td style=\"text-align: center;\"> <\/td>\n<td style=\"text-align: center;\">\u2713<\/td>\n<\/tr>\n<\/tbody>\n<\/table>\n<\/figure>\n<p><\/p>\n<\/div>\n<p><\/p>\n<p><\/p>\t\t\t\t\t\t\t\t<\/div>\n\t\t\t\t<\/div>\n\t\t\t\t\t<\/div>\n\t\t<\/div>\n\t\t\t\t\t<\/div>\n\t\t<\/section>\n\t\t\t\t<\/div>\n\t\t","protected":false},"excerpt":{"rendered":"<p>Caracter\u00edsticas NetPRO\u00ae 470 NetPRO\u00ae 480A NetPRO\u00ae 490A ShareTill Eventos TCP del caj\u00f3n (Abre y Cierra) \u2713 \u2713 \u2713 \u2713 Anuncio UPD (Transmisi\u00f3n de caj\u00f3n) \u2713 \u2713 \u2713 \u2713 Soporte de c\u00f3digo de barras para la verificaci\u00f3n de proximidad del cajero \u2713 \u2713 \u2713 \u2713 Lista IP de confianza (Lista blanca de direcciones IP) \u2713 \u2713 [&hellip;]<\/p>\n","protected":false},"author":2920,"featured_media":0,"parent":0,"menu_order":0,"comment_status":"closed","ping_status":"closed","template":"","meta":{"_acf_changed":false,"content-type":"","footnotes":""},"class_list":["post-112116","page","type-page","status-publish"],"yoast_head":"<!-- This site is optimized with the Yoast SEO Premium plugin v23.5 (Yoast SEO v27.2) - https:\/\/yoast.com\/product\/yoast-seo-premium-wordpress\/ -->\n<title>tabla de controladores de prueba<\/title>\n<meta name=\"robots\" content=\"index, follow, max-snippet:-1, max-image-preview:large, max-video-preview:-1\" \/>\n<link rel=\"canonical\" href=\"https:\/\/apgsolutions.com\/es\/test-drivers-table\/\" \/>\n<meta property=\"og:locale\" content=\"es_ES\" \/>\n<meta property=\"og:type\" content=\"article\" \/>\n<meta property=\"og:title\" content=\"tabla de controladores de prueba\" \/>\n<meta property=\"og:description\" content=\"Caracter\u00edsticas NetPRO\u00ae 470 NetPRO\u00ae 480A NetPRO\u00ae 490A ShareTill Eventos TCP del caj\u00f3n (Abre y Cierra) \u2713 \u2713 \u2713 \u2713 Anuncio UPD (Transmisi\u00f3n de caj\u00f3n) \u2713 \u2713 \u2713 \u2713 Soporte de c\u00f3digo de barras para la verificaci\u00f3n de proximidad del cajero \u2713 \u2713 \u2713 \u2713 Lista IP de confianza (Lista blanca de direcciones IP) \u2713 \u2713 [&hellip;]\" \/>\n<meta property=\"og:url\" content=\"https:\/\/apgsolutions.com\/es\/test-drivers-table\/\" \/>\n<meta property=\"og:site_name\" content=\"apg\u00ae Solutions\" \/>\n<meta property=\"article:publisher\" content=\"https:\/\/www.facebook.com\/apgglobalsolutions\" \/>\n<meta property=\"article:modified_time\" content=\"2026-05-07T18:36:02+00:00\" \/>\n<meta name=\"twitter:card\" content=\"summary_large_image\" \/>\n<meta name=\"twitter:site\" content=\"@apg_solutions\" \/>\n<meta name=\"twitter:label1\" content=\"Tiempo de lectura\" \/>\n\t<meta name=\"twitter:data1\" content=\"1 minuto\" \/>\n<script type=\"application\/ld+json\" class=\"yoast-schema-graph\">{\"@context\":\"https:\/\/schema.org\",\"@graph\":[{\"@type\":\"WebPage\",\"@id\":\"https:\/\/apgsolutions.com\/es\/test-drivers-table\/\",\"url\":\"https:\/\/apgsolutions.com\/es\/test-drivers-table\/\",\"name\":\"tabla de controladores de prueba\",\"isPartOf\":{\"@id\":\"https:\/\/apgsolutions.com\/es\/#website\"},\"datePublished\":\"2026-05-07T18:16:23+00:00\",\"dateModified\":\"2026-05-07T18:36:02+00:00\",\"inLanguage\":\"es\",\"potentialAction\":[{\"@type\":\"ReadAction\",\"target\":[\"https:\/\/apgsolutions.com\/es\/test-drivers-table\/\"]}]},{\"@type\":\"WebSite\",\"@id\":\"https:\/\/apgsolutions.com\/es\/#website\",\"url\":\"https:\/\/apgsolutions.com\/es\/\",\"name\":\"APG Solutions, LLC\",\"description\":\"Trust at every point.\",\"publisher\":{\"@id\":\"https:\/\/apgsolutions.com\/es\/#organization\"},\"potentialAction\":[{\"@type\":\"SearchAction\",\"target\":{\"@type\":\"EntryPoint\",\"urlTemplate\":\"https:\/\/apgsolutions.com\/es\/?s={search_term_string}\"},\"query-input\":{\"@type\":\"PropertyValueSpecification\",\"valueRequired\":true,\"valueName\":\"search_term_string\"}}],\"inLanguage\":\"es\"},{\"@type\":\"Organization\",\"@id\":\"https:\/\/apgsolutions.com\/es\/#organization\",\"name\":\"APG Solution, LLC\",\"url\":\"https:\/\/apgsolutions.com\/es\/\",\"logo\":{\"@type\":\"ImageObject\",\"inLanguage\":\"es\",\"@id\":\"https:\/\/apgsolutions.com\/es\/#\/schema\/logo\/image\/\",\"url\":\"https:\/\/apgsolutions.com\/wp-content\/uploads\/2023\/12\/logomark-color.svg\",\"contentUrl\":\"https:\/\/apgsolutions.com\/wp-content\/uploads\/2023\/12\/logomark-color.svg\",\"width\":141,\"height\":138,\"caption\":\"APG Solution, LLC\"},\"image\":{\"@id\":\"https:\/\/apgsolutions.com\/es\/#\/schema\/logo\/image\/\"},\"sameAs\":[\"https:\/\/www.facebook.com\/apgglobalsolutions\",\"https:\/\/x.com\/apg_solutions\",\"https:\/\/www.youtube.com\/c\/CashManagementGlobalSolutionsbyapg\",\"https:\/\/www.linkedin.com\/company\/apgglobalsolutions\/\",\"https:\/\/www.instagram.com\/apgglobalsolutions\/\",\"https:\/\/www.pinterest.com\/apgcashdrawer\/\"]}]}<\/script>\n<!-- \/ Yoast SEO Premium plugin. -->","yoast_head_json":{"title":"tabla de controladores de prueba","robots":{"index":"index","follow":"follow","max-snippet":"max-snippet:-1","max-image-preview":"max-image-preview:large","max-video-preview":"max-video-preview:-1"},"canonical":"https:\/\/apgsolutions.com\/es\/test-drivers-table\/","og_locale":"es_ES","og_type":"article","og_title":"tabla de controladores de prueba","og_description":"Caracter\u00edsticas NetPRO\u00ae 470 NetPRO\u00ae 480A NetPRO\u00ae 490A ShareTill Eventos TCP del caj\u00f3n (Abre y Cierra) \u2713 \u2713 \u2713 \u2713 Anuncio UPD (Transmisi\u00f3n de caj\u00f3n) \u2713 \u2713 \u2713 \u2713 Soporte de c\u00f3digo de barras para la verificaci\u00f3n de proximidad del cajero \u2713 \u2713 \u2713 \u2713 Lista IP de confianza (Lista blanca de direcciones IP) \u2713 \u2713 [&hellip;]","og_url":"https:\/\/apgsolutions.com\/es\/test-drivers-table\/","og_site_name":"apg\u00ae Solutions","article_publisher":"https:\/\/www.facebook.com\/apgglobalsolutions","article_modified_time":"2026-05-07T18:36:02+00:00","twitter_card":"summary_large_image","twitter_site":"@apg_solutions","twitter_misc":{"Tiempo de lectura":"1 minuto"},"schema":{"@context":"https:\/\/schema.org","@graph":[{"@type":"WebPage","@id":"https:\/\/apgsolutions.com\/es\/test-drivers-table\/","url":"https:\/\/apgsolutions.com\/es\/test-drivers-table\/","name":"tabla de controladores de prueba","isPartOf":{"@id":"https:\/\/apgsolutions.com\/es\/#website"},"datePublished":"2026-05-07T18:16:23+00:00","dateModified":"2026-05-07T18:36:02+00:00","inLanguage":"es","potentialAction":[{"@type":"ReadAction","target":["https:\/\/apgsolutions.com\/es\/test-drivers-table\/"]}]},{"@type":"WebSite","@id":"https:\/\/apgsolutions.com\/es\/#website","url":"https:\/\/apgsolutions.com\/es\/","name":"APG Solutions, LLC","description":"Trust at every point.","publisher":{"@id":"https:\/\/apgsolutions.com\/es\/#organization"},"potentialAction":[{"@type":"SearchAction","target":{"@type":"EntryPoint","urlTemplate":"https:\/\/apgsolutions.com\/es\/?s={search_term_string}"},"query-input":{"@type":"PropertyValueSpecification","valueRequired":true,"valueName":"search_term_string"}}],"inLanguage":"es"},{"@type":"Organization","@id":"https:\/\/apgsolutions.com\/es\/#organization","name":"APG Solution, LLC","url":"https:\/\/apgsolutions.com\/es\/","logo":{"@type":"ImageObject","inLanguage":"es","@id":"https:\/\/apgsolutions.com\/es\/#\/schema\/logo\/image\/","url":"https:\/\/apgsolutions.com\/wp-content\/uploads\/2023\/12\/logomark-color.svg","contentUrl":"https:\/\/apgsolutions.com\/wp-content\/uploads\/2023\/12\/logomark-color.svg","width":141,"height":138,"caption":"APG Solution, LLC"},"image":{"@id":"https:\/\/apgsolutions.com\/es\/#\/schema\/logo\/image\/"},"sameAs":["https:\/\/www.facebook.com\/apgglobalsolutions","https:\/\/x.com\/apg_solutions","https:\/\/www.youtube.com\/c\/CashManagementGlobalSolutionsbyapg","https:\/\/www.linkedin.com\/company\/apgglobalsolutions\/","https:\/\/www.instagram.com\/apgglobalsolutions\/","https:\/\/www.pinterest.com\/apgcashdrawer\/"]}]}},"acf":[],"_links":{"self":[{"href":"https:\/\/apgsolutions.com\/es\/wp-json\/wp\/v2\/pages\/112116","targetHints":{"allow":["GET"]}}],"collection":[{"href":"https:\/\/apgsolutions.com\/es\/wp-json\/wp\/v2\/pages"}],"about":[{"href":"https:\/\/apgsolutions.com\/es\/wp-json\/wp\/v2\/types\/page"}],"author":[{"embeddable":true,"href":"https:\/\/apgsolutions.com\/es\/wp-json\/wp\/v2\/users\/2920"}],"replies":[{"embeddable":true,"href":"https:\/\/apgsolutions.com\/es\/wp-json\/wp\/v2\/comments?post=112116"}],"version-history":[{"count":4,"href":"https:\/\/apgsolutions.com\/es\/wp-json\/wp\/v2\/pages\/112116\/revisions"}],"predecessor-version":[{"id":112162,"href":"https:\/\/apgsolutions.com\/es\/wp-json\/wp\/v2\/pages\/112116\/revisions\/112162"}],"wp:attachment":[{"href":"https:\/\/apgsolutions.com\/es\/wp-json\/wp\/v2\/media?parent=112116"}],"curies":[{"name":"wp","href":"https:\/\/api.w.org\/{rel}","templated":true}]}}