{"id":64675,"date":"2023-06-16T16:08:05","date_gmt":"2023-06-16T16:08:05","guid":{"rendered":"https:\/\/apgsolutions.com\/empresa\/"},"modified":"2025-11-25T08:37:44","modified_gmt":"2025-11-25T08:37:44","slug":"empresa","status":"publish","type":"page","link":"https:\/\/apgsolutions.com\/es\/empresa\/","title":{"rendered":"Empresa"},"content":{"rendered":"\n<h1 class=\"wp-block-heading\" id=\"h-apg-cash-drawer\">APG CASH DRAWER<\/h1>\n\n\n\n<h2 class=\"wp-block-heading\" id=\"h-nuestra-empresa\">Nuestra empresa<\/h2>\n\n\n\n<p>APG Cash Drawer es un fabricante global de soluciones de gesti\u00f3n de efectivo al servicio de una gran variedad de clientes y sectores. Gracias a nuestra iniciativa de mejora continua, en APG hemos logrado forjarnos la reputaci\u00f3n de ser los mejores proveedores de soluciones de gesti\u00f3n de efectivo del sector de ventas al por menor, tiendas de alimentaci\u00f3n, tiendas de 24 horas, hosteler\u00ed\u00ada y servicios r\u00e1pidos de todo el mundo. Nuestras soluciones de aplicaci\u00f3n general, personalizada o a medida y las soluciones inteligentes de cajones de efectivo <em><strong>SMART<\/strong><\/em>till hacen que nuestra marca se diferencie de la competencia, ya que ofrecemos tecnolog\u00ed\u00adas innovadoras que mejoran la eficiencia y la seguridad de los puntos de venta a nivel mundial.<\/p>\n\n\n\n<p><a href=\"https:\/\/apgsolutions.com\/es\/acerca-de-apg-cash-drawer\/\"><br>Acerca de nosotros<br><\/a><br><img decoding=\"async\" title=\"company\" src=\"https:\/\/apgsolutions.com\/wp-content\/uploads\/2023\/07\/company-photo.jpg\" alt=\"company\"><\/p>\n\n\n\n<h2 class=\"wp-block-heading\" id=\"h-nuestro-equipo\">Nuestro equipo<\/h2>\n\n\n\n<p>\u00bfCu\u00e1l considera que son su ambiente y cultura de trabajo ideales? En APG somos como una familia multicultural formada por personas dedicadas que demuestran una pasi\u00f3n y talento sin igual a la hora de cumplir, e incluso superar, continuamente las expectativas de nuestros clientes.<br><a href=\"https:\/\/apgsolutions.com\/es\/careers\/\"><br>\u00ed\u0161nase a nuestro equipo <\/a><\/p>\n\n\n\n<h2 class=\"wp-block-heading\" id=\"h-compromiso-con-la-excelencia\">Compromiso con la excelencia<\/h2>\n\n\n\n<p>En APG, nos comprometemos con el desarrollo de productos haciendo uso de los m\u00e1s altos est\u00e1ndares y procesos, con el fin de satisfacer sus necesidades y expectativas actuales y futuras. El ciclo de vida de nuestros productos se prueba continuamente para garantizar que satisfagan todos y cada uno de los requisitos de las empresas m\u00e1s exigentes. Obtenga m\u00e1s informaci\u00f3n sobre nuestro laboratorio de pruebas, la pol\u00ed\u00adtica medioambiental de nuestra cadena de suministro y nuestra Certificaci\u00f3n ISO.<\/p>\n\n\n\n<p>Es un honor para nosotros recibir el reconocimiento de m\u00faltiples asociaciones y organizaciones industriales:<\/p>\n\n\n\n<h3 class=\"wp-block-heading\" id=\"h-the-retail-cio-outlook\">The Retail CIO Outlook<\/h3>\n\n\n\n<p>APG Cash Drawer fue elegido como uno de los 10 principales proveedores de Soluciones de Puntos de venta de 2017 en la revista The Retail CIO Outlook<\/p>\n\n\n\n<h3 class=\"wp-block-heading\" id=\"h-rspa-vendor-awards-of-excellence\">RSPA Vendor Awards of Excellence<\/h3>\n\n\n\n<p>Proveedor destacado de fabricantes de hardware. Premio de plata: 2014, 2013, 2012, 2011, 2010, 2009, 2007 Premio de bronce: 2017, 2015<\/p>\n\n\n\n<h3 class=\"wp-block-heading\" id=\"h-business-solutions-best-channel-vendor\">Business Solutions Best Channel Vendor<\/h3>\n\n\n\n<p>Mejor Proveedor de Canal para Soluciones Comerciales: 2017, 2015, 2013, 2012, 2010, 2009<\/p>\n\n\n\n<h3 class=\"wp-block-heading\" id=\"h-the-queen-s-awards-for-enterprise\">The Queen\u2019s Awards for Enterprise<\/h3>\n\n\n\n<p>Premio Queen&#8217;s Awards for Enterprise a la Innovaci\u00f3n 2016<\/p>\n\n\n\n<h3 class=\"wp-block-heading\" id=\"h-women-in-business-awards\">Women in Business Awards<\/h3>\n\n\n\n<p>Premio a las Mujeres Empresarias de Sussex 2015<\/p>\n\n\n\n<h3 class=\"wp-block-heading\" id=\"h-retail-knowledge-retail-fraud-awards\">Retail Knowledge Retail Fraud Awards<\/h3>\n\n\n\n<p>Premio 2015 al Producto M\u00e1s Innovador para tiendas: muy recomendable<\/p>\n\n\n\n<h3 class=\"wp-block-heading\" id=\"h-business-solutions-best-channel-product\">Business Solutions Best Channel Product<\/h3>\n\n\n\n<p>Mejor Producto de Canal para Soluciones Comerciales: 2011, 2010, 2009<\/p>\n\n\n\n<h3 class=\"wp-block-heading\" id=\"h-rspa-member-and-certified-vendor\">RSPA Member and Certified Vendor<\/h3>\n\n\n\n<p>Miembro de la Asociaci\u00f3n de Proveedores de Soluciones Comerciales y proveedor certificado desde 2011<br><a href=\"https:\/\/apgsolutions.com\/es\/compromiso-con-la-excelencia\/\"><br>M\u00e1s informaci\u00f3n<br><\/a><\/p>\n\n\n\n<p><\/p>\n","protected":false},"excerpt":{"rendered":"<p>APG CASH DRAWER Nuestra empresa APG Cash Drawer es un fabricante global de soluciones de gesti\u00f3n de efectivo al servicio de una gran variedad de clientes y sectores. Gracias a nuestra iniciativa de mejora continua, en APG hemos logrado forjarnos la reputaci\u00f3n de ser los mejores proveedores de soluciones de gesti\u00f3n de efectivo del sector [&hellip;]<\/p>\n","protected":false},"author":4,"featured_media":0,"parent":0,"menu_order":0,"comment_status":"closed","ping_status":"closed","template":"","meta":{"_acf_changed":false,"content-type":"","footnotes":""},"class_list":["post-64675","page","type-page","status-publish"],"yoast_head":"<!-- This site is optimized with the Yoast SEO Premium plugin v23.5 (Yoast SEO v27.2) - https:\/\/yoast.com\/product\/yoast-seo-premium-wordpress\/ -->\n<title>Empresa<\/title>\n<meta name=\"robots\" content=\"index, follow, max-snippet:-1, max-image-preview:large, max-video-preview:-1\" \/>\n<link rel=\"canonical\" href=\"https:\/\/apgsolutions.com\/es\/empresa\/\" \/>\n<meta property=\"og:locale\" content=\"es_ES\" \/>\n<meta property=\"og:type\" content=\"article\" \/>\n<meta property=\"og:title\" content=\"Empresa\" \/>\n<meta property=\"og:description\" content=\"APG CASH DRAWER Nuestra empresa APG Cash Drawer es un fabricante global de soluciones de gesti\u00f3n de efectivo al servicio de una gran variedad de clientes y sectores. Gracias a nuestra iniciativa de mejora continua, en APG hemos logrado forjarnos la reputaci\u00f3n de ser los mejores proveedores de soluciones de gesti\u00f3n de efectivo del sector [&hellip;]\" \/>\n<meta property=\"og:url\" content=\"https:\/\/apgsolutions.com\/es\/empresa\/\" \/>\n<meta property=\"og:site_name\" content=\"apg\u00ae Solutions\" \/>\n<meta property=\"article:publisher\" content=\"https:\/\/www.facebook.com\/apgglobalsolutions\" \/>\n<meta property=\"article:modified_time\" content=\"2025-11-25T08:37:44+00:00\" \/>\n<meta property=\"og:image\" content=\"https:\/\/apgsolutions.com\/wp-content\/uploads\/2023\/07\/company-photo.jpg\" \/>\n<meta name=\"twitter:card\" content=\"summary_large_image\" \/>\n<meta name=\"twitter:site\" content=\"@apg_solutions\" \/>\n<meta name=\"twitter:label1\" content=\"Tiempo de lectura\" \/>\n\t<meta name=\"twitter:data1\" content=\"3 minutos\" \/>\n<script type=\"application\/ld+json\" class=\"yoast-schema-graph\">{\"@context\":\"https:\/\/schema.org\",\"@graph\":[{\"@type\":\"WebPage\",\"@id\":\"https:\/\/apgsolutions.com\/es\/empresa\/\",\"url\":\"https:\/\/apgsolutions.com\/es\/empresa\/\",\"name\":\"Empresa\",\"isPartOf\":{\"@id\":\"https:\/\/apgsolutions.com\/es\/#website\"},\"primaryImageOfPage\":{\"@id\":\"https:\/\/apgsolutions.com\/es\/empresa\/#primaryimage\"},\"image\":{\"@id\":\"https:\/\/apgsolutions.com\/es\/empresa\/#primaryimage\"},\"thumbnailUrl\":\"https:\/\/apgsolutions.com\/wp-content\/uploads\/2023\/07\/company-photo.jpg\",\"datePublished\":\"2023-06-16T16:08:05+00:00\",\"dateModified\":\"2025-11-25T08:37:44+00:00\",\"inLanguage\":\"es\",\"potentialAction\":[{\"@type\":\"ReadAction\",\"target\":[\"https:\/\/apgsolutions.com\/es\/empresa\/\"]}]},{\"@type\":\"ImageObject\",\"inLanguage\":\"es\",\"@id\":\"https:\/\/apgsolutions.com\/es\/empresa\/#primaryimage\",\"url\":\"https:\/\/apgsolutions.com\/wp-content\/uploads\/2023\/07\/company-photo.jpg\",\"contentUrl\":\"https:\/\/apgsolutions.com\/wp-content\/uploads\/2023\/07\/company-photo.jpg\"},{\"@type\":\"WebSite\",\"@id\":\"https:\/\/apgsolutions.com\/es\/#website\",\"url\":\"https:\/\/apgsolutions.com\/es\/\",\"name\":\"APG Solutions, LLC\",\"description\":\"Trust at every point.\",\"publisher\":{\"@id\":\"https:\/\/apgsolutions.com\/es\/#organization\"},\"potentialAction\":[{\"@type\":\"SearchAction\",\"target\":{\"@type\":\"EntryPoint\",\"urlTemplate\":\"https:\/\/apgsolutions.com\/es\/?s={search_term_string}\"},\"query-input\":{\"@type\":\"PropertyValueSpecification\",\"valueRequired\":true,\"valueName\":\"search_term_string\"}}],\"inLanguage\":\"es\"},{\"@type\":\"Organization\",\"@id\":\"https:\/\/apgsolutions.com\/es\/#organization\",\"name\":\"APG Solution, LLC\",\"url\":\"https:\/\/apgsolutions.com\/es\/\",\"logo\":{\"@type\":\"ImageObject\",\"inLanguage\":\"es\",\"@id\":\"https:\/\/apgsolutions.com\/es\/#\/schema\/logo\/image\/\",\"url\":\"https:\/\/apgsolutions.com\/wp-content\/uploads\/2023\/12\/logomark-color.svg\",\"contentUrl\":\"https:\/\/apgsolutions.com\/wp-content\/uploads\/2023\/12\/logomark-color.svg\",\"width\":141,\"height\":138,\"caption\":\"APG Solution, LLC\"},\"image\":{\"@id\":\"https:\/\/apgsolutions.com\/es\/#\/schema\/logo\/image\/\"},\"sameAs\":[\"https:\/\/www.facebook.com\/apgglobalsolutions\",\"https:\/\/x.com\/apg_solutions\",\"https:\/\/www.youtube.com\/c\/CashManagementGlobalSolutionsbyapg\",\"https:\/\/www.linkedin.com\/company\/apgglobalsolutions\/\",\"https:\/\/www.instagram.com\/apgglobalsolutions\/\",\"https:\/\/www.pinterest.com\/apgcashdrawer\/\"]}]}<\/script>\n<!-- \/ Yoast SEO Premium plugin. -->","yoast_head_json":{"title":"Empresa","robots":{"index":"index","follow":"follow","max-snippet":"max-snippet:-1","max-image-preview":"max-image-preview:large","max-video-preview":"max-video-preview:-1"},"canonical":"https:\/\/apgsolutions.com\/es\/empresa\/","og_locale":"es_ES","og_type":"article","og_title":"Empresa","og_description":"APG CASH DRAWER Nuestra empresa APG Cash Drawer es un fabricante global de soluciones de gesti\u00f3n de efectivo al servicio de una gran variedad de clientes y sectores. Gracias a nuestra iniciativa de mejora continua, en APG hemos logrado forjarnos la reputaci\u00f3n de ser los mejores proveedores de soluciones de gesti\u00f3n de efectivo del sector [&hellip;]","og_url":"https:\/\/apgsolutions.com\/es\/empresa\/","og_site_name":"apg\u00ae Solutions","article_publisher":"https:\/\/www.facebook.com\/apgglobalsolutions","article_modified_time":"2025-11-25T08:37:44+00:00","og_image":[{"url":"https:\/\/apgsolutions.com\/wp-content\/uploads\/2023\/07\/company-photo.jpg","type":"","width":"","height":""}],"twitter_card":"summary_large_image","twitter_site":"@apg_solutions","twitter_misc":{"Tiempo de lectura":"3 minutos"},"schema":{"@context":"https:\/\/schema.org","@graph":[{"@type":"WebPage","@id":"https:\/\/apgsolutions.com\/es\/empresa\/","url":"https:\/\/apgsolutions.com\/es\/empresa\/","name":"Empresa","isPartOf":{"@id":"https:\/\/apgsolutions.com\/es\/#website"},"primaryImageOfPage":{"@id":"https:\/\/apgsolutions.com\/es\/empresa\/#primaryimage"},"image":{"@id":"https:\/\/apgsolutions.com\/es\/empresa\/#primaryimage"},"thumbnailUrl":"https:\/\/apgsolutions.com\/wp-content\/uploads\/2023\/07\/company-photo.jpg","datePublished":"2023-06-16T16:08:05+00:00","dateModified":"2025-11-25T08:37:44+00:00","inLanguage":"es","potentialAction":[{"@type":"ReadAction","target":["https:\/\/apgsolutions.com\/es\/empresa\/"]}]},{"@type":"ImageObject","inLanguage":"es","@id":"https:\/\/apgsolutions.com\/es\/empresa\/#primaryimage","url":"https:\/\/apgsolutions.com\/wp-content\/uploads\/2023\/07\/company-photo.jpg","contentUrl":"https:\/\/apgsolutions.com\/wp-content\/uploads\/2023\/07\/company-photo.jpg"},{"@type":"WebSite","@id":"https:\/\/apgsolutions.com\/es\/#website","url":"https:\/\/apgsolutions.com\/es\/","name":"APG Solutions, LLC","description":"Trust at every point.","publisher":{"@id":"https:\/\/apgsolutions.com\/es\/#organization"},"potentialAction":[{"@type":"SearchAction","target":{"@type":"EntryPoint","urlTemplate":"https:\/\/apgsolutions.com\/es\/?s={search_term_string}"},"query-input":{"@type":"PropertyValueSpecification","valueRequired":true,"valueName":"search_term_string"}}],"inLanguage":"es"},{"@type":"Organization","@id":"https:\/\/apgsolutions.com\/es\/#organization","name":"APG Solution, LLC","url":"https:\/\/apgsolutions.com\/es\/","logo":{"@type":"ImageObject","inLanguage":"es","@id":"https:\/\/apgsolutions.com\/es\/#\/schema\/logo\/image\/","url":"https:\/\/apgsolutions.com\/wp-content\/uploads\/2023\/12\/logomark-color.svg","contentUrl":"https:\/\/apgsolutions.com\/wp-content\/uploads\/2023\/12\/logomark-color.svg","width":141,"height":138,"caption":"APG Solution, LLC"},"image":{"@id":"https:\/\/apgsolutions.com\/es\/#\/schema\/logo\/image\/"},"sameAs":["https:\/\/www.facebook.com\/apgglobalsolutions","https:\/\/x.com\/apg_solutions","https:\/\/www.youtube.com\/c\/CashManagementGlobalSolutionsbyapg","https:\/\/www.linkedin.com\/company\/apgglobalsolutions\/","https:\/\/www.instagram.com\/apgglobalsolutions\/","https:\/\/www.pinterest.com\/apgcashdrawer\/"]}]}},"acf":[],"_links":{"self":[{"href":"https:\/\/apgsolutions.com\/es\/wp-json\/wp\/v2\/pages\/64675","targetHints":{"allow":["GET"]}}],"collection":[{"href":"https:\/\/apgsolutions.com\/es\/wp-json\/wp\/v2\/pages"}],"about":[{"href":"https:\/\/apgsolutions.com\/es\/wp-json\/wp\/v2\/types\/page"}],"author":[{"embeddable":true,"href":"https:\/\/apgsolutions.com\/es\/wp-json\/wp\/v2\/users\/4"}],"replies":[{"embeddable":true,"href":"https:\/\/apgsolutions.com\/es\/wp-json\/wp\/v2\/comments?post=64675"}],"version-history":[{"count":2,"href":"https:\/\/apgsolutions.com\/es\/wp-json\/wp\/v2\/pages\/64675\/revisions"}],"predecessor-version":[{"id":97422,"href":"https:\/\/apgsolutions.com\/es\/wp-json\/wp\/v2\/pages\/64675\/revisions\/97422"}],"wp:attachment":[{"href":"https:\/\/apgsolutions.com\/es\/wp-json\/wp\/v2\/media?parent=64675"}],"curies":[{"name":"wp","href":"https:\/\/api.w.org\/{rel}","templated":true}]}}