{"id":64678,"date":"2023-06-16T16:23:35","date_gmt":"2023-06-16T16:23:35","guid":{"rendered":"https:\/\/apgsolutions.com\/soporte\/faq\/"},"modified":"2025-11-25T07:47:06","modified_gmt":"2025-11-25T07:47:06","slug":"faq","status":"publish","type":"page","link":"https:\/\/apgsolutions.com\/es\/soporte\/faq\/","title":{"rendered":"Preguntas m\u00e1s Frecuentes"},"content":{"rendered":"<div class=\"section_page-header \">\n    <img decoding=\"async\" class=\"header-image\" src=\"https:\/\/apgsolutions.com\/wp-content\/uploads\/2023\/04\/FAQ_1_Optimized_size-scaled.jpg\" alt=\"FAQ_1_Optimized_size\" title=\"FAQ_1_Optimized_size\">\n            <div class=\"header-content\">\n            <h1>Preguntas m\u00e1s Frecuentes<\/h1>\n        <\/div>\n    <\/div>\n\n\n<h2 class=\"wp-block-heading has-text-align-center\" id=\"h-consulte-nuestras-preguntas-mas-frecuentes\">Consulte nuestras preguntas m\u00e1s frecuentes<\/h2>\n\n\n\n<p>Haga clic en las categor\u00edas a continuaci\u00f3n para obtener m\u00e1s informaci\u00f3n relacionada con los cajones de efectivo, la soluci\u00f3n SMARTtill, as\u00ed como con los controladores, elementos el\u00e9ctricos y mec\u00e1nicos, compras en l\u00ednea, reparaciones e interfaces. Aqu\u00ed encontrar\u00e1s las preguntas m\u00e1s frecuentes relacionadas con <a href=\"https:\/\/apgsolutions.com\/es\/productos\/\">los cajones portamonedas<\/a>, la <a href=\"https:\/\/apgsolutions.com\/es\/productos\/smarttill-solution-suite\/\">Soluci\u00f3n smarttill\u00ae<\/a>, <a href=\"https:\/\/apgsolutions.com\/es\/soporte\/faq\/interfaz-drivers\/\">interfaces a controladores<\/a>, electricidad, mec\u00e1nica, <a href=\"https:\/\/apgsolutions.com\/es\/soporte\/faq\/store\/\">compras en l\u00ednea<\/a> y <a href=\"https:\/\/apgsolutions.com\/es\/soporte\/faq\/reparaciones\/\">reparaciones<\/a>. Si necesitas m\u00e1s ayuda de soporte t\u00e9cnico, rellena el formulario de contacto de nuestra <a href=\"https:\/\/apgsolutions.com\/es\/soporte\/\">p\u00e1gina de Soporte<\/a>.<\/p>\n\n\n\n<h2 class=\"wp-block-heading has-text-align-center\" id=\"h-necesitas-ayuda-para-determinar-que-cajon-portamonedas-tienes-no-hay-problema\">\u00bfNecesitas ayuda para determinar qu\u00e9 caj\u00f3n portamonedas tienes? No hay problema.<\/h2>\n\n\n\n<p class=\"has-text-align-center\"><strong>Mira el v\u00eddeo siguiente para encontrar tu n\u00famero de pieza.<\/strong><\/p>\n\n\n\n<figure class=\"wp-block-embed aligncenter is-type-video is-provider-youtube wp-block-embed-youtube wp-embed-aspect-16-9 wp-has-aspect-ratio\"><div class=\"wp-block-embed__wrapper\">\n<iframe title=\"How to Find Your Cash Register Part ID or Part Number - apg Global Solutions\" width=\"500\" height=\"281\" src=\"https:\/\/www.youtube.com\/embed\/tDuEuduMgwo?feature=oembed\" frameborder=\"0\" allow=\"accelerometer; autoplay; clipboard-write; encrypted-media; gyroscope; picture-in-picture; web-share\" referrerpolicy=\"strict-origin-when-cross-origin\" allowfullscreen><\/iframe>\n<\/div><\/figure>\n\n\n\n<p><\/p>\n\n\n\n<div class=\"wp-block-columns is-layout-flex wp-container-core-columns-is-layout-9d6595d7 wp-block-columns-is-layout-flex\">\n<div class=\"wp-block-column tile has-link is-layout-flow wp-block-column-is-layout-flow\" style=\"flex-basis:20%\"><div class=\"wp-block-image\">\n<figure class=\"aligncenter size-full is-resized\"><img decoding=\"async\" width=\"100\" height=\"100\" src=\"https:\/\/apgsolutions.com\/wp-content\/uploads\/2023\/06\/USB-Interface-Icon_white-1.png\" alt=\"USB-Interface-Icon_white-1\" class=\"wp-image-65801\" style=\"width:60px;height:60px\" srcset=\"https:\/\/apgsolutions.com\/wp-content\/uploads\/2023\/06\/USB-Interface-Icon_white-1.png 100w, https:\/\/apgsolutions.com\/wp-content\/uploads\/2023\/06\/USB-Interface-Icon_white-1-80x80.png 80w, https:\/\/apgsolutions.com\/wp-content\/uploads\/2023\/06\/USB-Interface-Icon_white-1-95x95.png 95w\" sizes=\"(max-width: 100px) 100vw, 100px\" \/><\/figure>\n<\/div>\n\n\n<h3 class=\"wp-block-heading has-text-align-center\" id=\"h-cables\" style=\"font-size:1.125rem\">Cables<\/h3>\n\n\n\n<p class=\"has-text-align-center\">Revisa nuestras preguntas frecuentes relacionadas con las ofertas de cajones portamonedas con impresora de apg\u00ae.<\/p>\n\n\n\n<p class=\"has-text-align-center cover-link\"><a href=\"https:\/\/apgsolutions.com\/es\/soporte\/faq\/cables\/\">Link<\/a><\/p>\n<\/div>\n\n\n\n<div class=\"wp-block-column tile has-link is-layout-flow wp-block-column-is-layout-flow\" style=\"flex-basis:20%\"><div class=\"wp-block-image\">\n<figure class=\"aligncenter size-full\"><img decoding=\"async\" width=\"63\" height=\"60\" src=\"https:\/\/apgsolutions.com\/wp-content\/uploads\/2023\/06\/Archive_white.png\" alt=\"Archive_white\" class=\"wp-image-65817\" srcset=\"https:\/\/apgsolutions.com\/wp-content\/uploads\/2023\/06\/Archive_white.png 63w, https:\/\/apgsolutions.com\/wp-content\/uploads\/2023\/06\/Archive_white-61x58.png 61w\" sizes=\"(max-width: 63px) 100vw, 63px\" \/><\/figure>\n<\/div>\n\n\n<h3 class=\"wp-block-heading has-text-align-center\" id=\"h-interfaz-controladores\" style=\"font-size:1.125rem\">Interfaz + Controladores<\/h3>\n\n\n\n<p class=\"has-text-align-center\">Haz clic aqu\u00ed para ver las preguntas relacionadas con las interfaces y los controladores<\/p>\n\n\n\n<p class=\"has-text-align-center cover-link\"><a href=\"https:\/\/apgsolutions.com\/es\/soporte\/faq\/interfaz-drivers\/\">Link<\/a><\/p>\n<\/div>\n\n\n\n<div class=\"wp-block-column tile has-link is-layout-flow wp-block-column-is-layout-flow\" style=\"flex-basis:20%\"><div class=\"wp-block-image\">\n<figure class=\"aligncenter size-full is-resized\"><img decoding=\"async\" width=\"68\" height=\"67\" src=\"https:\/\/apgsolutions.com\/wp-content\/uploads\/2023\/06\/KeysandLocks.png\" alt=\"KeysandLocks\" class=\"wp-image-65822\" style=\"width:61px;height:60px\"\/><\/figure>\n<\/div>\n\n\n<h3 class=\"wp-block-heading has-text-align-center\" id=\"h-llaves-y-cerraduras\" style=\"font-size:1.125rem\">Llaves y cerraduras<\/h3>\n\n\n\n<p class=\"has-text-align-center\">Haz clic aqu\u00ed para ver las preguntas relacionadas con las llaves y cerraduras de cajones portamonedas<\/p>\n\n\n\n<p class=\"has-text-align-center cover-link\"><a href=\"https:\/\/apgsolutions.com\/es\/soporte\/faq\/llaves-y-cerraduras\/\">Link<\/a><\/p>\n<\/div>\n\n\n\n<div class=\"wp-block-column tile has-link is-layout-flow wp-block-column-is-layout-flow\" style=\"flex-basis:20%\"><div class=\"wp-block-image\">\n<figure class=\"aligncenter size-full is-resized\"><img loading=\"lazy\" decoding=\"async\" width=\"65\" height=\"65\" src=\"https:\/\/apgsolutions.com\/wp-content\/uploads\/2023\/06\/Operations_White.png\" alt=\"Operations_White\" class=\"wp-image-65827\" style=\"width:60px;height:60px\"\/><\/figure>\n<\/div>\n\n\n<h3 class=\"wp-block-heading has-text-align-center\" id=\"h-funcionamiento-mantenimiento\" style=\"font-size:1.125rem\">Funcionamiento + Mantenimiento<\/h3>\n\n\n\n<p class=\"has-text-align-center\">Haz clic aqu\u00ed para ver las preguntas m\u00e1s frecuentes relacionadas con el mantenimiento del caj\u00f3n portamonedas y los recursos operativos<\/p>\n\n\n\n<p class=\"has-text-align-center cover-link\"><a href=\"https:\/\/apgsolutions.com\/es\/soporte\/faq\/elementos-mecanicos\/\">Link<\/a><\/p>\n<\/div>\n\n\n\n<div class=\"wp-block-column tile has-link is-layout-flow wp-block-column-is-layout-flow\" style=\"flex-basis:20%\"><div class=\"wp-block-image\">\n<figure class=\"aligncenter size-full is-resized\"><img loading=\"lazy\" decoding=\"async\" width=\"65\" height=\"61\" src=\"https:\/\/apgsolutions.com\/wp-content\/uploads\/2023\/06\/repair-tools_white.png\" alt=\"repair-tools_white\" class=\"wp-image-65832\" style=\"width:64px;height:60px\" srcset=\"https:\/\/apgsolutions.com\/wp-content\/uploads\/2023\/06\/repair-tools_white.png 65w, https:\/\/apgsolutions.com\/wp-content\/uploads\/2023\/06\/repair-tools_white-61x58.png 61w\" sizes=\"(max-width: 65px) 100vw, 65px\" \/><\/figure>\n<\/div>\n\n\n<h3 class=\"wp-block-heading has-text-align-center\" id=\"h-garantia-reparaciones\" style=\"font-size:1.125rem\">Garant\u00eda + Reparaciones<\/h3>\n\n\n\n<p class=\"has-text-align-center\">Haz clic aqu\u00ed para ver las preguntas relacionadas con las reparaciones<\/p>\n\n\n\n<p class=\"has-text-align-center cover-link\"><a href=\"https:\/\/apgsolutions.com\/es\/soporte\/faq\/reparaciones\/\">Link<\/a><\/p>\n<\/div>\n<\/div>\n\n\n\n<p><\/p>\n\n\n\n<p><\/p>\n","protected":false},"excerpt":{"rendered":"<p>Consulte nuestras preguntas m\u00e1s frecuentes Haga clic en las categor\u00edas a continuaci\u00f3n para obtener m\u00e1s informaci\u00f3n relacionada con los cajones de efectivo, la soluci\u00f3n SMARTtill, as\u00ed como con los controladores, elementos el\u00e9ctricos y mec\u00e1nicos, compras en l\u00ednea, reparaciones e interfaces. Aqu\u00ed encontrar\u00e1s las preguntas m\u00e1s frecuentes relacionadas con los cajones portamonedas, la Soluci\u00f3n smarttill\u00ae, interfaces [&hellip;]<\/p>\n","protected":false},"author":4,"featured_media":0,"parent":64677,"menu_order":0,"comment_status":"closed","ping_status":"closed","template":"","meta":{"_acf_changed":false,"content-type":"","footnotes":""},"class_list":["post-64678","page","type-page","status-publish"],"yoast_head":"<!-- This site is optimized with the Yoast SEO Premium plugin v23.5 (Yoast SEO v27.2) - https:\/\/yoast.com\/product\/yoast-seo-premium-wordpress\/ -->\n<title>Preguntas m\u00e1s frecuentes (FAQ) | Soluciones apg<\/title>\n<meta name=\"description\" content=\"Consulta nuestras preguntas frecuentes relacionadas con cajones portamonedas, controladores, electricidad, mec\u00e1nica, compras online, reparaciones e interfaces.\" \/>\n<meta name=\"robots\" content=\"index, follow, max-snippet:-1, max-image-preview:large, max-video-preview:-1\" \/>\n<link rel=\"canonical\" href=\"https:\/\/apgsolutions.com\/es\/soporte\/faq\/\" \/>\n<meta property=\"og:locale\" content=\"es_ES\" \/>\n<meta property=\"og:type\" content=\"article\" \/>\n<meta property=\"og:title\" content=\"Preguntas m\u00e1s frecuentes (FAQ) | Soluciones apg\" \/>\n<meta property=\"og:description\" content=\"Consulta nuestras preguntas frecuentes relacionadas con cajones portamonedas, controladores, electricidad, mec\u00e1nica, compras online, reparaciones e interfaces.\" \/>\n<meta property=\"og:url\" content=\"https:\/\/apgsolutions.com\/es\/soporte\/faq\/\" \/>\n<meta property=\"og:site_name\" content=\"apg\u00ae Solutions\" \/>\n<meta property=\"article:publisher\" content=\"https:\/\/www.facebook.com\/apgglobalsolutions\" \/>\n<meta property=\"article:modified_time\" content=\"2025-11-25T07:47:06+00:00\" \/>\n<meta property=\"og:image\" content=\"https:\/\/apgsolutions.com\/wp-content\/uploads\/2023\/06\/USB-Interface-Icon_white-1.png\" \/>\n<meta name=\"twitter:card\" content=\"summary_large_image\" \/>\n<meta name=\"twitter:site\" content=\"@apg_solutions\" \/>\n<meta name=\"twitter:label1\" content=\"Tiempo de lectura\" \/>\n\t<meta name=\"twitter:data1\" content=\"2 minutos\" \/>\n<script type=\"application\/ld+json\" class=\"yoast-schema-graph\">{\"@context\":\"https:\/\/schema.org\",\"@graph\":[{\"@type\":\"WebPage\",\"@id\":\"https:\/\/apgsolutions.com\/es\/soporte\/faq\/\",\"url\":\"https:\/\/apgsolutions.com\/es\/soporte\/faq\/\",\"name\":\"Preguntas m\u00e1s frecuentes (FAQ) | Soluciones apg\",\"isPartOf\":{\"@id\":\"https:\/\/apgsolutions.com\/es\/#website\"},\"primaryImageOfPage\":{\"@id\":\"https:\/\/apgsolutions.com\/es\/soporte\/faq\/#primaryimage\"},\"image\":{\"@id\":\"https:\/\/apgsolutions.com\/es\/soporte\/faq\/#primaryimage\"},\"thumbnailUrl\":\"https:\/\/apgsolutions.com\/wp-content\/uploads\/2023\/06\/USB-Interface-Icon_white-1.png\",\"datePublished\":\"2023-06-16T16:23:35+00:00\",\"dateModified\":\"2025-11-25T07:47:06+00:00\",\"description\":\"Consulta nuestras preguntas frecuentes relacionadas con cajones portamonedas, controladores, electricidad, mec\u00e1nica, compras online, reparaciones e interfaces.\",\"breadcrumb\":{\"@id\":\"https:\/\/apgsolutions.com\/es\/soporte\/faq\/#breadcrumb\"},\"inLanguage\":\"es\",\"potentialAction\":[{\"@type\":\"ReadAction\",\"target\":[\"https:\/\/apgsolutions.com\/es\/soporte\/faq\/\"]}]},{\"@type\":\"ImageObject\",\"inLanguage\":\"es\",\"@id\":\"https:\/\/apgsolutions.com\/es\/soporte\/faq\/#primaryimage\",\"url\":\"https:\/\/apgsolutions.com\/wp-content\/uploads\/2023\/06\/USB-Interface-Icon_white-1.png\",\"contentUrl\":\"https:\/\/apgsolutions.com\/wp-content\/uploads\/2023\/06\/USB-Interface-Icon_white-1.png\"},{\"@type\":\"BreadcrumbList\",\"@id\":\"https:\/\/apgsolutions.com\/es\/soporte\/faq\/#breadcrumb\",\"itemListElement\":[{\"@type\":\"ListItem\",\"position\":1,\"name\":\"Soporte\",\"item\":\"https:\/\/apgsolutions.com\/es\/soporte\/\"},{\"@type\":\"ListItem\",\"position\":2,\"name\":\"Preguntas m\u00e1s Frecuentes\"}]},{\"@type\":\"WebSite\",\"@id\":\"https:\/\/apgsolutions.com\/es\/#website\",\"url\":\"https:\/\/apgsolutions.com\/es\/\",\"name\":\"APG Solutions, LLC\",\"description\":\"Trust at every point.\",\"publisher\":{\"@id\":\"https:\/\/apgsolutions.com\/es\/#organization\"},\"potentialAction\":[{\"@type\":\"SearchAction\",\"target\":{\"@type\":\"EntryPoint\",\"urlTemplate\":\"https:\/\/apgsolutions.com\/es\/?s={search_term_string}\"},\"query-input\":{\"@type\":\"PropertyValueSpecification\",\"valueRequired\":true,\"valueName\":\"search_term_string\"}}],\"inLanguage\":\"es\"},{\"@type\":\"Organization\",\"@id\":\"https:\/\/apgsolutions.com\/es\/#organization\",\"name\":\"APG Solution, LLC\",\"url\":\"https:\/\/apgsolutions.com\/es\/\",\"logo\":{\"@type\":\"ImageObject\",\"inLanguage\":\"es\",\"@id\":\"https:\/\/apgsolutions.com\/es\/#\/schema\/logo\/image\/\",\"url\":\"https:\/\/apgsolutions.com\/wp-content\/uploads\/2023\/12\/logomark-color.svg\",\"contentUrl\":\"https:\/\/apgsolutions.com\/wp-content\/uploads\/2023\/12\/logomark-color.svg\",\"width\":141,\"height\":138,\"caption\":\"APG Solution, LLC\"},\"image\":{\"@id\":\"https:\/\/apgsolutions.com\/es\/#\/schema\/logo\/image\/\"},\"sameAs\":[\"https:\/\/www.facebook.com\/apgglobalsolutions\",\"https:\/\/x.com\/apg_solutions\",\"https:\/\/www.youtube.com\/c\/CashManagementGlobalSolutionsbyapg\",\"https:\/\/www.linkedin.com\/company\/apgglobalsolutions\/\",\"https:\/\/www.instagram.com\/apgglobalsolutions\/\",\"https:\/\/www.pinterest.com\/apgcashdrawer\/\"]}]}<\/script>\n<!-- \/ Yoast SEO Premium plugin. -->","yoast_head_json":{"title":"Preguntas m\u00e1s frecuentes (FAQ) | Soluciones apg","description":"Consulta nuestras preguntas frecuentes relacionadas con cajones portamonedas, controladores, electricidad, mec\u00e1nica, compras online, reparaciones e interfaces.","robots":{"index":"index","follow":"follow","max-snippet":"max-snippet:-1","max-image-preview":"max-image-preview:large","max-video-preview":"max-video-preview:-1"},"canonical":"https:\/\/apgsolutions.com\/es\/soporte\/faq\/","og_locale":"es_ES","og_type":"article","og_title":"Preguntas m\u00e1s frecuentes (FAQ) | Soluciones apg","og_description":"Consulta nuestras preguntas frecuentes relacionadas con cajones portamonedas, controladores, electricidad, mec\u00e1nica, compras online, reparaciones e interfaces.","og_url":"https:\/\/apgsolutions.com\/es\/soporte\/faq\/","og_site_name":"apg\u00ae Solutions","article_publisher":"https:\/\/www.facebook.com\/apgglobalsolutions","article_modified_time":"2025-11-25T07:47:06+00:00","og_image":[{"url":"https:\/\/apgsolutions.com\/wp-content\/uploads\/2023\/06\/USB-Interface-Icon_white-1.png","type":"","width":"","height":""}],"twitter_card":"summary_large_image","twitter_site":"@apg_solutions","twitter_misc":{"Tiempo de lectura":"2 minutos"},"schema":{"@context":"https:\/\/schema.org","@graph":[{"@type":"WebPage","@id":"https:\/\/apgsolutions.com\/es\/soporte\/faq\/","url":"https:\/\/apgsolutions.com\/es\/soporte\/faq\/","name":"Preguntas m\u00e1s frecuentes (FAQ) | Soluciones apg","isPartOf":{"@id":"https:\/\/apgsolutions.com\/es\/#website"},"primaryImageOfPage":{"@id":"https:\/\/apgsolutions.com\/es\/soporte\/faq\/#primaryimage"},"image":{"@id":"https:\/\/apgsolutions.com\/es\/soporte\/faq\/#primaryimage"},"thumbnailUrl":"https:\/\/apgsolutions.com\/wp-content\/uploads\/2023\/06\/USB-Interface-Icon_white-1.png","datePublished":"2023-06-16T16:23:35+00:00","dateModified":"2025-11-25T07:47:06+00:00","description":"Consulta nuestras preguntas frecuentes relacionadas con cajones portamonedas, controladores, electricidad, mec\u00e1nica, compras online, reparaciones e interfaces.","breadcrumb":{"@id":"https:\/\/apgsolutions.com\/es\/soporte\/faq\/#breadcrumb"},"inLanguage":"es","potentialAction":[{"@type":"ReadAction","target":["https:\/\/apgsolutions.com\/es\/soporte\/faq\/"]}]},{"@type":"ImageObject","inLanguage":"es","@id":"https:\/\/apgsolutions.com\/es\/soporte\/faq\/#primaryimage","url":"https:\/\/apgsolutions.com\/wp-content\/uploads\/2023\/06\/USB-Interface-Icon_white-1.png","contentUrl":"https:\/\/apgsolutions.com\/wp-content\/uploads\/2023\/06\/USB-Interface-Icon_white-1.png"},{"@type":"BreadcrumbList","@id":"https:\/\/apgsolutions.com\/es\/soporte\/faq\/#breadcrumb","itemListElement":[{"@type":"ListItem","position":1,"name":"Soporte","item":"https:\/\/apgsolutions.com\/es\/soporte\/"},{"@type":"ListItem","position":2,"name":"Preguntas m\u00e1s Frecuentes"}]},{"@type":"WebSite","@id":"https:\/\/apgsolutions.com\/es\/#website","url":"https:\/\/apgsolutions.com\/es\/","name":"APG Solutions, LLC","description":"Trust at every point.","publisher":{"@id":"https:\/\/apgsolutions.com\/es\/#organization"},"potentialAction":[{"@type":"SearchAction","target":{"@type":"EntryPoint","urlTemplate":"https:\/\/apgsolutions.com\/es\/?s={search_term_string}"},"query-input":{"@type":"PropertyValueSpecification","valueRequired":true,"valueName":"search_term_string"}}],"inLanguage":"es"},{"@type":"Organization","@id":"https:\/\/apgsolutions.com\/es\/#organization","name":"APG Solution, LLC","url":"https:\/\/apgsolutions.com\/es\/","logo":{"@type":"ImageObject","inLanguage":"es","@id":"https:\/\/apgsolutions.com\/es\/#\/schema\/logo\/image\/","url":"https:\/\/apgsolutions.com\/wp-content\/uploads\/2023\/12\/logomark-color.svg","contentUrl":"https:\/\/apgsolutions.com\/wp-content\/uploads\/2023\/12\/logomark-color.svg","width":141,"height":138,"caption":"APG Solution, LLC"},"image":{"@id":"https:\/\/apgsolutions.com\/es\/#\/schema\/logo\/image\/"},"sameAs":["https:\/\/www.facebook.com\/apgglobalsolutions","https:\/\/x.com\/apg_solutions","https:\/\/www.youtube.com\/c\/CashManagementGlobalSolutionsbyapg","https:\/\/www.linkedin.com\/company\/apgglobalsolutions\/","https:\/\/www.instagram.com\/apgglobalsolutions\/","https:\/\/www.pinterest.com\/apgcashdrawer\/"]}]}},"acf":[],"_links":{"self":[{"href":"https:\/\/apgsolutions.com\/es\/wp-json\/wp\/v2\/pages\/64678","targetHints":{"allow":["GET"]}}],"collection":[{"href":"https:\/\/apgsolutions.com\/es\/wp-json\/wp\/v2\/pages"}],"about":[{"href":"https:\/\/apgsolutions.com\/es\/wp-json\/wp\/v2\/types\/page"}],"author":[{"embeddable":true,"href":"https:\/\/apgsolutions.com\/es\/wp-json\/wp\/v2\/users\/4"}],"replies":[{"embeddable":true,"href":"https:\/\/apgsolutions.com\/es\/wp-json\/wp\/v2\/comments?post=64678"}],"version-history":[{"count":7,"href":"https:\/\/apgsolutions.com\/es\/wp-json\/wp\/v2\/pages\/64678\/revisions"}],"predecessor-version":[{"id":97415,"href":"https:\/\/apgsolutions.com\/es\/wp-json\/wp\/v2\/pages\/64678\/revisions\/97415"}],"up":[{"embeddable":true,"href":"https:\/\/apgsolutions.com\/es\/wp-json\/wp\/v2\/pages\/64677"}],"wp:attachment":[{"href":"https:\/\/apgsolutions.com\/es\/wp-json\/wp\/v2\/media?parent=64678"}],"curies":[{"name":"wp","href":"https:\/\/api.w.org\/{rel}","templated":true}]}}